{"id":65920,"date":"2024-08-30T13:41:19","date_gmt":"2024-08-30T11:41:19","guid":{"rendered":"https:\/\/teiaeducation.ch\/product\/steckfigur-hund-grimms\/"},"modified":"2025-12-11T17:35:38","modified_gmt":"2025-12-11T16:35:38","slug":"steckfigur-hund-grimms","status":"publish","type":"product","link":"https:\/\/teiaeducation.ch\/de\/produkt\/steckfigur-hund-grimms\/","title":{"rendered":"Steckfigur Hund \u2013 Grimm\u2019s"},"content":{"rendered":"<p>Diese skurrile h\u00f6lzerne Steckfigur Hund von Grimm&#8217;s aus unserer <a href=\"https:\/\/teiaeducation.ch\/feiern\/\">Feste-Kollektion<\/a> ist eine sch\u00f6ne handgefertigte Waldorf-Geburtstagsring-Dekoration!<\/p>\n<p>Die m\u00e4rchenhaften Dekofiguren von Grimm eignen sich hervorragend zum Verzieren der <a href=\"https:\/\/teiaeducation.ch\/produkt-kategorie\/feiern\/geburtstage\/\">Geburtstags<\/a>ringe im Waldorf-Stil. W\u00e4hlen Sie die Lieblingstiere, &#8211;<a href=\"https:\/\/teiaeducation.ch\/de\/produkt-kategorie\/kinder-spielzeug\/\">spielzeuge<\/a> oder -interessen Ihres Kindes aus dem bezaubernden Figurenangebot aus. Schaffen Sie eine wirklich pers\u00f6nliche Dekoration und markieren Sie besondere Anl\u00e4sse mit dieser wunderbaren Tradition. Die Grimm&#8217;s Dekofiguren sind auch eine tolle Erg\u00e4nzung f\u00fcr eine saisonale Ausstellung oder einen <a href=\"https:\/\/teiaeducation.ch\/de\/produkt-kategorie\/feier-festlichkeiten\/natur-saisonale-tische-de\/\">Naturtisch<\/a>.<\/p>\n<p>Das Steckfigur Hund von Grimm&#8217;s ist aus Lindenholz handgefertigt und mit ungiftiger Beize auf Wasserbasis handbemalt. Sie ist 7 cm gro\u00df.<\/p>\n<p>Achtung! Das Steckfigur Hund von Grimm&#8217;s ist ein Dekorationsartikel und nicht zum Spielen geeignet.<\/p>\n<p>Inhalt:<\/p>\n<p>1 Dekofigur aus Holz<\/p>\n<h2>\u00dcber Grimm&#8217;s<\/h2>\n<p>Ideal zum Spielen zu Hause, im Kindergarten, in der <a href=\"https:\/\/teiaeducation.ch\/waldorf-steiner-schulen-lieferungen\/\">Waldorf- oder Steiner-Schule<\/a>. Die sch\u00f6nen <a href=\"https:\/\/teiaeducation.ch\/produkt-kategorie\/marken\/grimms\/\">Grimm&#8217;s Naturholzspielzeuge<\/a> werden nach der <a href=\"https:\/\/teiaeducation.ch\/produktkategorie\/erziehungsmethode\/waldorf-steiner-spielzeug-bastelmaterialen\/\">Waldorf-Philosophie<\/a> hergestellt, die daf\u00fcr bekannt ist, dass sie Kinder dazu ermutigt, das kreative Spiel selbstst\u00e4ndig, ohne Einschr\u00e4nkungen und in einem gem\u00fctlichen Tempo zu entdecken. Die Grimm&#8217;s Holzspielzeuge werden von Hand mit ungiftigen Farben auf Wasserbasis gef\u00e4rbt und nicht lackiert, damit die urspr\u00fcnglichen Eigenschaften des Holzes und die Maserung erhalten bleiben. Die Oberfl\u00e4che der FSC-zertifizierten europ\u00e4ischen Holz ist leicht rau, wodurch sie vollst\u00e4ndig stapelbar und weniger rutschig sind.<\/p>\n<p>Grimm&#8217;s <a href=\"https:\/\/teiaeducation.ch\/de\/produkt-kategorie\/kinder-spielzeug\/handgefertigtes-holzspielzeug\/\">handgefertigtes Holzspielzeug<\/a> wird in den Grimm&#8217;s Werken in Deutschland sowie in mehreren Werkst\u00e4tten in ganz Europa aus verschiedenen Holzarten wie Erle, Linde, Buche und Ahorn hergestellt. Alle H\u00f6lzer, die f\u00fcr die Herstellung der Grimm&#8217;s-Spielzeuge verwendet werden, stammen aus nachhaltig bewirtschafteten europ\u00e4ischen W\u00e4ldern.<\/p>\n<p>Bitte beachten Sie, dass Grimm&#8217;s Spielzeuge immer Unikate sind, die einzigartige, von der Natur geschaffene Zeichen tragen. Die Maserung des Holzes weist wechselnde Strukturen und Farben auf, die von seiner nat\u00fcrlichen Herkunft zeugen. Die einzigartigen Variationen, Markierungen, \u00c4ste, Muster, schwarzen Streifen oder dunklen Flecken, die im Holz eines Grimm&#8217;s Spielzeugs sichtbar sein k\u00f6nnen, sind ein Beweis f\u00fcr Qualit\u00e4t, keine M\u00e4ngel.<\/p>\n","protected":false},"excerpt":{"rendered":"<p>Artikelnummer: gri03880<\/p>\n<p>Das Stekfigur Grimm&#8217;s Hund ist eine handgefertigte, handbemalte Holzdekoration f\u00fcr einen Geburtstagsring im Waldorfstil, sowie f\u00fcr Feste und Ausstellungen!<\/p>\n","protected":false},"featured_media":62445,"comment_status":"open","ping_status":"closed","template":"","meta":[],"product_brand":[],"product_cat":[21444,21445,21446,21479,24873,21465,22347,21640,21443,22349,21563,22351,21564,21483],"product_tag":[28867,28860,25344,25352,25350,25266,25347,25349,25345,25348,21720,28865,21719,21715,25267,21721,21712,25351,28866,28861,25354,25353],"class_list":{"0":"post-65920","1":"product","2":"type-product","3":"status-publish","4":"has-post-thumbnail","6":"product_cat-1-3-jahre-kleinkind","7":"product_cat-3-6-jahre-vorschule","8":"product_cat-6-12-jahre-grundschule","9":"product_cat-lernmaterialien-spielzeug-montessori-waldorf-steiner-froebel","10":"product_cat-familie-feste-rituale","11":"product_cat-feier-festlichkeiten","12":"product_cat-geburtstage","13":"product_cat-grimms-holzspielzeug","14":"product_cat-nach-alter","15":"product_cat-natur-saisonale-tische-de","16":"product_cat-neuheiten","17":"product_cat-rituale-adventszeit","18":"product_cat-unsere-marken","19":"product_cat-waldorf-steiner-paedagogik","20":"product_tag-bienen-dekoration-grimms","21":"product_tag-feier-ringe-feier-ringe","22":"product_tag-geburtstagsdekorationen-aus-holz","23":"product_tag-geburtstagskerzenhalter-aus-holz","24":"product_tag-geburtstagsring","25":"product_tag-grimms-de","26":"product_tag-grimms-dekorative-figuren","27":"product_tag-grimms-geburtstagsring","28":"product_tag-grimms-geburtstagsringe","29":"product_tag-grimms-holzerne-geburtstagsdekorationen","30":"product_tag-grimms-schweiz-de","31":"product_tag-grimms-steckfigur-starfish","32":"product_tag-grimms-suisse-de","33":"product_tag-grimms-switzerland-de","34":"product_tag-grimms-feiern","35":"product_tag-grimms-holzspielzeugladen","36":"product_tag-hergestellt-in-deutschland","37":"product_tag-kerzenhalter-dekorationen","38":"product_tag-steckfigur-biene-grimms","39":"product_tag-steckfigur-seestern","40":"product_tag-waldorf-feier-ring","41":"product_tag-waldorf-geburtstagsring","43":"first","44":"instock","45":"taxable","46":"shipping-taxable","47":"purchasable","48":"product-type-simple"},"yoast_head":"<!-- This site is optimized with the Yoast SEO plugin v27.1.1 - https:\/\/yoast.com\/product\/yoast-seo-wordpress\/ -->\n<title>Steckfigur Hund \u2013 Grimm\u2019s - Teia Education &amp; Play<\/title>\n<meta name=\"description\" content=\"Das Steckfigur Hund von Grimm&#039;s ist eine handgefertigte, handbemalte Holzdekoration f\u00fcr einen Geburtstagsring im Waldorf-Stil, sowie f\u00fcr Feste und Ausstellungen.\" \/>\n<meta name=\"robots\" content=\"index, follow, max-snippet:-1, max-image-preview:large, max-video-preview:-1\" \/>\n<link rel=\"canonical\" href=\"https:\/\/teiaeducation.ch\/de\/produkt\/steckfigur-hund-grimms\/\" \/>\n<meta property=\"og:locale\" content=\"de_DE\" \/>\n<meta property=\"og:type\" content=\"article\" \/>\n<meta property=\"og:title\" content=\"Steckfigur Hund \u2013 Grimm\u2019s - Teia Education &amp; Play\" \/>\n<meta property=\"og:description\" content=\"Das Steckfigur Hund von Grimm&#039;s ist eine handgefertigte, handbemalte Holzdekoration f\u00fcr einen Geburtstagsring im Waldorf-Stil, sowie f\u00fcr Feste und Ausstellungen.\" \/>\n<meta property=\"og:url\" content=\"https:\/\/teiaeducation.ch\/de\/produkt\/steckfigur-hund-grimms\/\" \/>\n<meta property=\"og:site_name\" content=\"Sustainable Educational Products &amp; Ecological Toys\u00a0\" \/>\n<meta property=\"article:publisher\" content=\"https:\/\/www.facebook.com\/teiaeducation\/\" \/>\n<meta property=\"article:modified_time\" content=\"2025-12-11T16:35:38+00:00\" \/>\n<meta property=\"og:image\" content=\"https:\/\/teiaeducation.ch\/wp-content\/uploads\/2024\/08\/Dog-decorative-figure-Grimms.jpg\" \/>\n\t<meta property=\"og:image:width\" content=\"1280\" \/>\n\t<meta property=\"og:image:height\" content=\"1280\" \/>\n\t<meta property=\"og:image:type\" content=\"image\/jpeg\" \/>\n<script type=\"application\/ld+json\" class=\"yoast-schema-graph\">{\"@context\":\"https:\/\/schema.org\",\"@graph\":[{\"@type\":\"WebPage\",\"@id\":\"https:\/\/teiaeducation.ch\/de\/produkt\/steckfigur-hund-grimms\/\",\"url\":\"https:\/\/teiaeducation.ch\/de\/produkt\/steckfigur-hund-grimms\/\",\"name\":\"Steckfigur Hund \u2013 Grimm\u2019s - Teia Education & Play\",\"isPartOf\":{\"@id\":\"https:\/\/teiaeducation.ch\/de\/#website\"},\"primaryImageOfPage\":{\"@id\":\"https:\/\/teiaeducation.ch\/de\/produkt\/steckfigur-hund-grimms\/#primaryimage\"},\"image\":{\"@id\":\"https:\/\/teiaeducation.ch\/de\/produkt\/steckfigur-hund-grimms\/#primaryimage\"},\"thumbnailUrl\":\"https:\/\/teiaeducation.ch\/wp-content\/uploads\/2024\/08\/Dog-decorative-figure-Grimms.jpg\",\"datePublished\":\"2024-08-30T11:41:19+00:00\",\"dateModified\":\"2025-12-11T16:35:38+00:00\",\"description\":\"Das Steckfigur Hund von Grimm's ist eine handgefertigte, handbemalte Holzdekoration f\u00fcr einen Geburtstagsring im Waldorf-Stil, sowie f\u00fcr Feste und Ausstellungen.\",\"breadcrumb\":{\"@id\":\"https:\/\/teiaeducation.ch\/de\/produkt\/steckfigur-hund-grimms\/#breadcrumb\"},\"inLanguage\":\"de-CH\",\"potentialAction\":[{\"@type\":\"ReadAction\",\"target\":[\"https:\/\/teiaeducation.ch\/de\/produkt\/steckfigur-hund-grimms\/\"]}]},{\"@type\":\"ImageObject\",\"inLanguage\":\"de-CH\",\"@id\":\"https:\/\/teiaeducation.ch\/de\/produkt\/steckfigur-hund-grimms\/#primaryimage\",\"url\":\"https:\/\/teiaeducation.ch\/wp-content\/uploads\/2024\/08\/Dog-decorative-figure-Grimms.jpg\",\"contentUrl\":\"https:\/\/teiaeducation.ch\/wp-content\/uploads\/2024\/08\/Dog-decorative-figure-Grimms.jpg\",\"width\":1280,\"height\":1280,\"caption\":\"Hund Steckfigur Grimm's Waldorf Dekoration Geburtstagsring\"},{\"@type\":\"BreadcrumbList\",\"@id\":\"https:\/\/teiaeducation.ch\/de\/produkt\/steckfigur-hund-grimms\/#breadcrumb\",\"itemListElement\":[{\"@type\":\"ListItem\",\"position\":1,\"name\":\"Home\",\"item\":\"https:\/\/teiaeducation.ch\/de\/\"},{\"@type\":\"ListItem\",\"position\":2,\"name\":\"Laden\",\"item\":\"https:\/\/teiaeducation.ch\/de\/shop\/\"},{\"@type\":\"ListItem\",\"position\":3,\"name\":\"Unsere Marken\",\"item\":\"https:\/\/teiaeducation.ch\/de\/produkt-kategorie\/unsere-marken\/\"},{\"@type\":\"ListItem\",\"position\":4,\"name\":\"Grimm's\",\"item\":\"https:\/\/teiaeducation.ch\/de\/produkt-kategorie\/unsere-marken\/grimms-holzspielzeug\/\"},{\"@type\":\"ListItem\",\"position\":5,\"name\":\"Steckfigur Hund \u2013 Grimm\u2019s\"}]},{\"@type\":\"WebSite\",\"@id\":\"https:\/\/teiaeducation.ch\/de\/#website\",\"url\":\"https:\/\/teiaeducation.ch\/de\/\",\"name\":\"Sustainable Educational Products &amp; Ecological Toys\u00a0\",\"description\":\"Specialised Swiss shop selling sustainable educational toys and games, AMI certified Montessori materials, handmade ecological wooden Waldorf toys and arts &amp; crafts supplies, school supplies, children&#039;s furniture and Montessori reference and parenting books.\",\"publisher\":{\"@id\":\"https:\/\/teiaeducation.ch\/de\/#organization\"},\"alternateName\":\"Teia Education & Play\",\"potentialAction\":[{\"@type\":\"SearchAction\",\"target\":{\"@type\":\"EntryPoint\",\"urlTemplate\":\"https:\/\/teiaeducation.ch\/de\/?s={search_term_string}\"},\"query-input\":{\"@type\":\"PropertyValueSpecification\",\"valueRequired\":true,\"valueName\":\"search_term_string\"}}],\"inLanguage\":\"de-CH\"},{\"@type\":\"Organization\",\"@id\":\"https:\/\/teiaeducation.ch\/de\/#organization\",\"name\":\"Teia Education & Play\",\"url\":\"https:\/\/teiaeducation.ch\/de\/\",\"logo\":{\"@type\":\"ImageObject\",\"inLanguage\":\"de-CH\",\"@id\":\"https:\/\/teiaeducation.ch\/de\/#\/schema\/logo\/image\/\",\"url\":\"https:\/\/teiaeducation.ch\/wp-content\/uploads\/2020\/11\/Teia-Education-Switzerland-e1620156442216.jpg\",\"contentUrl\":\"https:\/\/teiaeducation.ch\/wp-content\/uploads\/2020\/11\/Teia-Education-Switzerland-e1620156442216.jpg\",\"width\":166,\"height\":145,\"caption\":\"Teia Education & Play\"},\"image\":{\"@id\":\"https:\/\/teiaeducation.ch\/de\/#\/schema\/logo\/image\/\"},\"sameAs\":[\"https:\/\/www.facebook.com\/teiaeducation\/\",\"https:\/\/x.com\/EducationTeia\",\"https:\/\/www.instagram.com\/teia.education\/\",\"https:\/\/www.linkedin.com\/company\/35501660\",\"https:\/\/www.pinterest.ch\/TeiaEducation\/\"]}]}<\/script>\n<!-- \/ Yoast SEO plugin. -->","yoast_head_json":{"title":"Steckfigur Hund \u2013 Grimm\u2019s - Teia Education & Play","description":"Das Steckfigur Hund von Grimm's ist eine handgefertigte, handbemalte Holzdekoration f\u00fcr einen Geburtstagsring im Waldorf-Stil, sowie f\u00fcr Feste und Ausstellungen.","robots":{"index":"index","follow":"follow","max-snippet":"max-snippet:-1","max-image-preview":"max-image-preview:large","max-video-preview":"max-video-preview:-1"},"canonical":"https:\/\/teiaeducation.ch\/de\/produkt\/steckfigur-hund-grimms\/","og_locale":"de_DE","og_type":"article","og_title":"Steckfigur Hund \u2013 Grimm\u2019s - Teia Education & Play","og_description":"Das Steckfigur Hund von Grimm's ist eine handgefertigte, handbemalte Holzdekoration f\u00fcr einen Geburtstagsring im Waldorf-Stil, sowie f\u00fcr Feste und Ausstellungen.","og_url":"https:\/\/teiaeducation.ch\/de\/produkt\/steckfigur-hund-grimms\/","og_site_name":"Sustainable Educational Products &amp; Ecological Toys\u00a0","article_publisher":"https:\/\/www.facebook.com\/teiaeducation\/","article_modified_time":"2025-12-11T16:35:38+00:00","og_image":[{"width":1280,"height":1280,"url":"https:\/\/teiaeducation.ch\/wp-content\/uploads\/2024\/08\/Dog-decorative-figure-Grimms.jpg","type":"image\/jpeg"}],"schema":{"@context":"https:\/\/schema.org","@graph":[{"@type":"WebPage","@id":"https:\/\/teiaeducation.ch\/de\/produkt\/steckfigur-hund-grimms\/","url":"https:\/\/teiaeducation.ch\/de\/produkt\/steckfigur-hund-grimms\/","name":"Steckfigur Hund \u2013 Grimm\u2019s - Teia Education & Play","isPartOf":{"@id":"https:\/\/teiaeducation.ch\/de\/#website"},"primaryImageOfPage":{"@id":"https:\/\/teiaeducation.ch\/de\/produkt\/steckfigur-hund-grimms\/#primaryimage"},"image":{"@id":"https:\/\/teiaeducation.ch\/de\/produkt\/steckfigur-hund-grimms\/#primaryimage"},"thumbnailUrl":"https:\/\/teiaeducation.ch\/wp-content\/uploads\/2024\/08\/Dog-decorative-figure-Grimms.jpg","datePublished":"2024-08-30T11:41:19+00:00","dateModified":"2025-12-11T16:35:38+00:00","description":"Das Steckfigur Hund von Grimm's ist eine handgefertigte, handbemalte Holzdekoration f\u00fcr einen Geburtstagsring im Waldorf-Stil, sowie f\u00fcr Feste und Ausstellungen.","breadcrumb":{"@id":"https:\/\/teiaeducation.ch\/de\/produkt\/steckfigur-hund-grimms\/#breadcrumb"},"inLanguage":"de-CH","potentialAction":[{"@type":"ReadAction","target":["https:\/\/teiaeducation.ch\/de\/produkt\/steckfigur-hund-grimms\/"]}]},{"@type":"ImageObject","inLanguage":"de-CH","@id":"https:\/\/teiaeducation.ch\/de\/produkt\/steckfigur-hund-grimms\/#primaryimage","url":"https:\/\/teiaeducation.ch\/wp-content\/uploads\/2024\/08\/Dog-decorative-figure-Grimms.jpg","contentUrl":"https:\/\/teiaeducation.ch\/wp-content\/uploads\/2024\/08\/Dog-decorative-figure-Grimms.jpg","width":1280,"height":1280,"caption":"Hund Steckfigur Grimm's Waldorf Dekoration Geburtstagsring"},{"@type":"BreadcrumbList","@id":"https:\/\/teiaeducation.ch\/de\/produkt\/steckfigur-hund-grimms\/#breadcrumb","itemListElement":[{"@type":"ListItem","position":1,"name":"Home","item":"https:\/\/teiaeducation.ch\/de\/"},{"@type":"ListItem","position":2,"name":"Laden","item":"https:\/\/teiaeducation.ch\/de\/shop\/"},{"@type":"ListItem","position":3,"name":"Unsere Marken","item":"https:\/\/teiaeducation.ch\/de\/produkt-kategorie\/unsere-marken\/"},{"@type":"ListItem","position":4,"name":"Grimm's","item":"https:\/\/teiaeducation.ch\/de\/produkt-kategorie\/unsere-marken\/grimms-holzspielzeug\/"},{"@type":"ListItem","position":5,"name":"Steckfigur Hund \u2013 Grimm\u2019s"}]},{"@type":"WebSite","@id":"https:\/\/teiaeducation.ch\/de\/#website","url":"https:\/\/teiaeducation.ch\/de\/","name":"Sustainable Educational Products &amp; Ecological Toys\u00a0","description":"Specialised Swiss shop selling sustainable educational toys and games, AMI certified Montessori materials, handmade ecological wooden Waldorf toys and arts &amp; crafts supplies, school supplies, children&#039;s furniture and Montessori reference and parenting books.","publisher":{"@id":"https:\/\/teiaeducation.ch\/de\/#organization"},"alternateName":"Teia Education & Play","potentialAction":[{"@type":"SearchAction","target":{"@type":"EntryPoint","urlTemplate":"https:\/\/teiaeducation.ch\/de\/?s={search_term_string}"},"query-input":{"@type":"PropertyValueSpecification","valueRequired":true,"valueName":"search_term_string"}}],"inLanguage":"de-CH"},{"@type":"Organization","@id":"https:\/\/teiaeducation.ch\/de\/#organization","name":"Teia Education & Play","url":"https:\/\/teiaeducation.ch\/de\/","logo":{"@type":"ImageObject","inLanguage":"de-CH","@id":"https:\/\/teiaeducation.ch\/de\/#\/schema\/logo\/image\/","url":"https:\/\/teiaeducation.ch\/wp-content\/uploads\/2020\/11\/Teia-Education-Switzerland-e1620156442216.jpg","contentUrl":"https:\/\/teiaeducation.ch\/wp-content\/uploads\/2020\/11\/Teia-Education-Switzerland-e1620156442216.jpg","width":166,"height":145,"caption":"Teia Education & Play"},"image":{"@id":"https:\/\/teiaeducation.ch\/de\/#\/schema\/logo\/image\/"},"sameAs":["https:\/\/www.facebook.com\/teiaeducation\/","https:\/\/x.com\/EducationTeia","https:\/\/www.instagram.com\/teia.education\/","https:\/\/www.linkedin.com\/company\/35501660","https:\/\/www.pinterest.ch\/TeiaEducation\/"]}]}},"_links":{"self":[{"href":"https:\/\/teiaeducation.ch\/de\/wp-json\/wp\/v2\/product\/65920","targetHints":{"allow":["GET"]}}],"collection":[{"href":"https:\/\/teiaeducation.ch\/de\/wp-json\/wp\/v2\/product"}],"about":[{"href":"https:\/\/teiaeducation.ch\/de\/wp-json\/wp\/v2\/types\/product"}],"replies":[{"embeddable":true,"href":"https:\/\/teiaeducation.ch\/de\/wp-json\/wp\/v2\/comments?post=65920"}],"wp:featuredmedia":[{"embeddable":true,"href":"https:\/\/teiaeducation.ch\/de\/wp-json\/wp\/v2\/media\/62445"}],"wp:attachment":[{"href":"https:\/\/teiaeducation.ch\/de\/wp-json\/wp\/v2\/media?parent=65920"}],"wp:term":[{"taxonomy":"product_brand","embeddable":true,"href":"https:\/\/teiaeducation.ch\/de\/wp-json\/wp\/v2\/product_brand?post=65920"},{"taxonomy":"product_cat","embeddable":true,"href":"https:\/\/teiaeducation.ch\/de\/wp-json\/wp\/v2\/product_cat?post=65920"},{"taxonomy":"product_tag","embeddable":true,"href":"https:\/\/teiaeducation.ch\/de\/wp-json\/wp\/v2\/product_tag?post=65920"}],"curies":[{"name":"wp","href":"https:\/\/api.w.org\/{rel}","templated":true}]}}