{"id":65961,"date":"2023-04-11T11:00:22","date_gmt":"2023-04-11T09:00:22","guid":{"rendered":"https:\/\/teiaeducation.ch\/product\/steckfigur-gelber-schmetterling-grimms\/"},"modified":"2025-10-29T14:45:25","modified_gmt":"2025-10-29T13:45:25","slug":"steckfigur-gelber-schmetterling-grimms","status":"publish","type":"product","link":"https:\/\/teiaeducation.ch\/de\/produkt\/steckfigur-gelber-schmetterling-grimms\/","title":{"rendered":"Steckfigur gelber Schmetterling \u2013 Grimm\u2019s"},"content":{"rendered":"<p>Diese skurrile, gelbe Schmetterlings-Dekofigur aus Holz von Grimm&#8217;s aus unserer <a href=\"https:\/\/teiaeducation.ch\/feiern\/\">Feste-Kollektion<\/a> ist eine h\u00fcbsche, handgefertigte Waldorf-Geburtstagsring-Dekoration!<\/p>\n<p>Die m\u00e4rchenhaften Dekofiguren von Grimm eignen sich hervorragend zum Verzieren der Geburtstagsringe im <a href=\"https:\/\/teiaeducation.ch\/de\/produkt-kategorie\/kinder-spielzeug\/waldorfspielzeug\/\">Waldorf<\/a>-Stil. W\u00e4hlen Sie die Lieblingstiere, -spielzeuge oder -interessen Ihres Kindes aus der bezaubernden Auswahl an Figuren aus, um eine wirklich pers\u00f6nliche Dekoration zu schaffen und besondere Anl\u00e4sse mit dieser wunderbaren Tradition zu markieren. Die Grimm&#8217;s Dekofiguren sind auch eine tolle Erg\u00e4nzung f\u00fcr eine <a href=\"https:\/\/teiaeducation.ch\/de\/produkt-kategorie\/saisonale-kollektionen\/\">saisonale<\/a> Ausstellung oder einen <a href=\"https:\/\/teiaeducation.ch\/de\/produkt-kategorie\/feier-festlichkeiten\/natur-saisonale-tische-de\/\">Naturtisch<\/a>.<\/p>\n<p>Die Grimms gelber Schmetterling Dekofigur ist aus Lindenholz handgefertigt und mit ungiftiger Beize auf Wasserbasis handbemalt. Er misst 7,5 x 5,5 x 1,8 cm. <\/p>\n<p>Achtung! Die Grimms gelbe Schmetterlings-Dekofigur ist ein Dekorationsartikel und nicht zum Spielen geeignet.<\/p>\n<p>Inhalt:<\/p>\n<p>1 Dekofigur aus Holz<\/p>\n<h2>\u00dcber Grimm&#8217;s<\/h2>\n<p>Ideal zum Spielen zu Hause, im Kindergarten, in der <a href=\"https:\/\/teiaeducation.ch\/waldorf-steiner-schulen-lieferungen\/\">Waldorf- oder Steiner-Schule<\/a>. Die sch\u00f6nen <a href=\"https:\/\/teiaeducation.ch\/produkt-kategorie\/marken\/grimms\/\">Grimm&#8217;s Naturholzspielzeuge<\/a> werden nach der <a href=\"https:\/\/teiaeducation.ch\/produktkategorie\/erziehungsmethode\/waldorf-steiner-spielzeug-bastelmaterialen\/\">Waldorf-Philosophie<\/a> hergestellt, die daf\u00fcr bekannt ist, dass sie Kinder dazu ermutigt, das kreative Spiel selbstst\u00e4ndig, ohne Einschr\u00e4nkungen und in einem gem\u00fctlichen Tempo zu entdecken. Die Grimm&#8217;s Holzspielzeuge werden von Hand mit ungiftigen Farben auf Wasserbasis gef\u00e4rbt und nicht lackiert, damit die urspr\u00fcnglichen Eigenschaften des Holzes und die Maserung erhalten bleiben. Die Oberfl\u00e4che der FSC-zertifizierten europ\u00e4ischen Holz ist leicht rau, wodurch sie vollst\u00e4ndig stapelbar und weniger rutschig sind.<\/p>\n<p>Grimm&#8217;s <a href=\"https:\/\/teiaeducation.ch\/de\/produkt-kategorie\/kinder-spielzeug\/handgefertigtes-holzspielzeug\/\">handgefertigtes Holzspielzeug<\/a> wird in den Grimm&#8217;s Werken in Deutschland sowie in mehreren Werkst\u00e4tten in ganz Europa aus verschiedenen Holzarten wie Erle, Linde, Buche und Ahorn hergestellt. Alle H\u00f6lzer, die f\u00fcr die Herstellung der Grimm&#8217;s-Spielzeuge verwendet werden, stammen aus nachhaltig bewirtschafteten europ\u00e4ischen W\u00e4ldern.<\/p>\n<p>Bitte beachten Sie, dass Grimm&#8217;s Spielzeuge immer Unikate sind, die einzigartige, von der Natur geschaffene Zeichen tragen. Die Maserung des Holzes weist wechselnde Strukturen und Farben auf, die von seiner nat\u00fcrlichen Herkunft zeugen. Die einzigartigen Variationen, Markierungen, \u00c4ste, Muster, schwarzen Streifen oder dunklen Flecken, die im Holz eines Grimm&#8217;s Spielzeugs sichtbar sein k\u00f6nnen, sind ein Beweis f\u00fcr Qualit\u00e4t, keine M\u00e4ngel.<\/p>\n","protected":false},"excerpt":{"rendered":"<p>Artikelnummer: gri03313<\/p>\n<p>Die Grimms gelber Schmetterling Dekofigur ist eine handgefertigte Holzdekoration im Waldorf-Stil f\u00fcr Geburtstagskr\u00e4nzchen, Feiern oder Aufsteller!<\/p>\n","protected":false},"featured_media":53238,"comment_status":"open","ping_status":"closed","template":"","meta":[],"product_brand":[],"product_cat":[21479,24873,21465,21670,22347,21640,21443,22349,21563,22351,21564,21483,22919],"product_tag":[25346,25344,25352,25350,25347,25349,25345,25348,30104,30105,21720,21719,21715,21721,21712,25351,30106,25354,25353],"class_list":{"0":"post-65961","1":"product","2":"type-product","3":"status-publish","4":"has-post-thumbnail","6":"product_cat-lernmaterialien-spielzeug-montessori-waldorf-steiner-froebel","7":"product_cat-familie-feste-rituale","8":"product_cat-feier-festlichkeiten","9":"product_cat-fruehjahrskollektion","10":"product_cat-geburtstage","11":"product_cat-grimms-holzspielzeug","12":"product_cat-nach-alter","13":"product_cat-natur-saisonale-tische-de","14":"product_cat-neuheiten","15":"product_cat-rituale-adventszeit","16":"product_cat-unsere-marken","17":"product_cat-waldorf-steiner-paedagogik","18":"product_cat-waldorfspielzeug","19":"product_tag-festringe","20":"product_tag-geburtstagsdekorationen-aus-holz","21":"product_tag-geburtstagskerzenhalter-aus-holz","22":"product_tag-geburtstagsring","23":"product_tag-grimms-dekorative-figuren","24":"product_tag-grimms-geburtstagsring","25":"product_tag-grimms-geburtstagsringe","26":"product_tag-grimms-holzerne-geburtstagsdekorationen","27":"product_tag-grimms-schmetterling-dekofigur","28":"product_tag-grimms-schmetterlingsdekoration","29":"product_tag-grimms-schweiz-de","30":"product_tag-grimms-suisse-de","31":"product_tag-grimms-switzerland-de","32":"product_tag-grimms-holzspielzeugladen","33":"product_tag-hergestellt-in-deutschland","34":"product_tag-kerzenhalter-dekorationen","35":"product_tag-steckfigur-gelber-schmetterling-grimms","36":"product_tag-waldorf-feier-ring","37":"product_tag-waldorf-geburtstagsring","39":"first","40":"outofstock","41":"taxable","42":"shipping-taxable","43":"purchasable","44":"product-type-simple"},"yoast_head":"<!-- This site is optimized with the Yoast SEO plugin v27.1.1 - https:\/\/yoast.com\/product\/yoast-seo-wordpress\/ -->\n<title>B\u00e4lle dr\u00fccken \u2013 Nienhuis Montessori<\/title>\n<meta name=\"description\" content=\"Die Grimm&#039;s gelber Schmetterling Dekofigur ist eine handgefertigte Holzdekoration im Waldorf-Stil f\u00fcr Geburtstagskr\u00e4nze, Feiern oder Displays.\" \/>\n<meta name=\"robots\" content=\"index, follow, max-snippet:-1, max-image-preview:large, max-video-preview:-1\" \/>\n<link rel=\"canonical\" href=\"https:\/\/teiaeducation.ch\/de\/produkt\/steckfigur-gelber-schmetterling-grimms\/\" \/>\n<meta property=\"og:locale\" content=\"de_DE\" \/>\n<meta property=\"og:type\" content=\"article\" \/>\n<meta property=\"og:title\" content=\"B\u00e4lle dr\u00fccken \u2013 Nienhuis Montessori\" \/>\n<meta property=\"og:description\" content=\"Die Grimm&#039;s gelber Schmetterling Dekofigur ist eine handgefertigte Holzdekoration im Waldorf-Stil f\u00fcr Geburtstagskr\u00e4nze, Feiern oder Displays.\" \/>\n<meta property=\"og:url\" content=\"https:\/\/teiaeducation.ch\/de\/produkt\/steckfigur-gelber-schmetterling-grimms\/\" \/>\n<meta property=\"og:site_name\" content=\"Sustainable Educational Products &amp; Ecological Toys\u00a0\" \/>\n<meta property=\"article:publisher\" content=\"https:\/\/www.facebook.com\/teiaeducation\/\" \/>\n<meta property=\"article:modified_time\" content=\"2025-10-29T13:45:25+00:00\" \/>\n<meta property=\"og:image\" content=\"https:\/\/teiaeducation.ch\/wp-content\/uploads\/2020\/12\/Waldorf-birthday-ring-decoration-yellow-butterfly-decorative-figure-Grimms.jpg\" \/>\n\t<meta property=\"og:image:width\" content=\"1280\" \/>\n\t<meta property=\"og:image:height\" content=\"1280\" \/>\n\t<meta property=\"og:image:type\" content=\"image\/jpeg\" \/>\n<script type=\"application\/ld+json\" class=\"yoast-schema-graph\">{\"@context\":\"https:\/\/schema.org\",\"@graph\":[{\"@type\":\"WebPage\",\"@id\":\"https:\/\/teiaeducation.ch\/de\/produkt\/steckfigur-gelber-schmetterling-grimms\/\",\"url\":\"https:\/\/teiaeducation.ch\/de\/produkt\/steckfigur-gelber-schmetterling-grimms\/\",\"name\":\"B\u00e4lle dr\u00fccken \u2013 Nienhuis Montessori\",\"isPartOf\":{\"@id\":\"https:\/\/teiaeducation.ch\/de\/#website\"},\"primaryImageOfPage\":{\"@id\":\"https:\/\/teiaeducation.ch\/de\/produkt\/steckfigur-gelber-schmetterling-grimms\/#primaryimage\"},\"image\":{\"@id\":\"https:\/\/teiaeducation.ch\/de\/produkt\/steckfigur-gelber-schmetterling-grimms\/#primaryimage\"},\"thumbnailUrl\":\"https:\/\/teiaeducation.ch\/wp-content\/uploads\/2020\/12\/Waldorf-birthday-ring-decoration-yellow-butterfly-decorative-figure-Grimms.jpg\",\"datePublished\":\"2023-04-11T09:00:22+00:00\",\"dateModified\":\"2025-10-29T13:45:25+00:00\",\"description\":\"Die Grimm's gelber Schmetterling Dekofigur ist eine handgefertigte Holzdekoration im Waldorf-Stil f\u00fcr Geburtstagskr\u00e4nze, Feiern oder Displays.\",\"breadcrumb\":{\"@id\":\"https:\/\/teiaeducation.ch\/de\/produkt\/steckfigur-gelber-schmetterling-grimms\/#breadcrumb\"},\"inLanguage\":\"de-CH\",\"potentialAction\":[{\"@type\":\"ReadAction\",\"target\":[\"https:\/\/teiaeducation.ch\/de\/produkt\/steckfigur-gelber-schmetterling-grimms\/\"]}]},{\"@type\":\"ImageObject\",\"inLanguage\":\"de-CH\",\"@id\":\"https:\/\/teiaeducation.ch\/de\/produkt\/steckfigur-gelber-schmetterling-grimms\/#primaryimage\",\"url\":\"https:\/\/teiaeducation.ch\/wp-content\/uploads\/2020\/12\/Waldorf-birthday-ring-decoration-yellow-butterfly-decorative-figure-Grimms.jpg\",\"contentUrl\":\"https:\/\/teiaeducation.ch\/wp-content\/uploads\/2020\/12\/Waldorf-birthday-ring-decoration-yellow-butterfly-decorative-figure-Grimms.jpg\",\"width\":1280,\"height\":1280,\"caption\":\"Waldorf Geburtstag Ring Dekoration gelb Schmetterling dekorative Figur Grimm's\"},{\"@type\":\"BreadcrumbList\",\"@id\":\"https:\/\/teiaeducation.ch\/de\/produkt\/steckfigur-gelber-schmetterling-grimms\/#breadcrumb\",\"itemListElement\":[{\"@type\":\"ListItem\",\"position\":1,\"name\":\"Home\",\"item\":\"https:\/\/teiaeducation.ch\/de\/\"},{\"@type\":\"ListItem\",\"position\":2,\"name\":\"Laden\",\"item\":\"https:\/\/teiaeducation.ch\/de\/shop\/\"},{\"@type\":\"ListItem\",\"position\":3,\"name\":\"Steckfigur gelber Schmetterling \u2013 Grimm\u2019s\"}]},{\"@type\":\"WebSite\",\"@id\":\"https:\/\/teiaeducation.ch\/de\/#website\",\"url\":\"https:\/\/teiaeducation.ch\/de\/\",\"name\":\"Sustainable Educational Products &amp; Ecological Toys\u00a0\",\"description\":\"Specialised Swiss shop selling sustainable educational toys and games, AMI certified Montessori materials, handmade ecological wooden Waldorf toys and arts &amp; crafts supplies, school supplies, children&#039;s furniture and Montessori reference and parenting books.\",\"publisher\":{\"@id\":\"https:\/\/teiaeducation.ch\/de\/#organization\"},\"alternateName\":\"Teia Education & Play\",\"potentialAction\":[{\"@type\":\"SearchAction\",\"target\":{\"@type\":\"EntryPoint\",\"urlTemplate\":\"https:\/\/teiaeducation.ch\/de\/?s={search_term_string}\"},\"query-input\":{\"@type\":\"PropertyValueSpecification\",\"valueRequired\":true,\"valueName\":\"search_term_string\"}}],\"inLanguage\":\"de-CH\"},{\"@type\":\"Organization\",\"@id\":\"https:\/\/teiaeducation.ch\/de\/#organization\",\"name\":\"Teia Education & Play\",\"url\":\"https:\/\/teiaeducation.ch\/de\/\",\"logo\":{\"@type\":\"ImageObject\",\"inLanguage\":\"de-CH\",\"@id\":\"https:\/\/teiaeducation.ch\/de\/#\/schema\/logo\/image\/\",\"url\":\"https:\/\/teiaeducation.ch\/wp-content\/uploads\/2020\/11\/Teia-Education-Switzerland-e1620156442216.jpg\",\"contentUrl\":\"https:\/\/teiaeducation.ch\/wp-content\/uploads\/2020\/11\/Teia-Education-Switzerland-e1620156442216.jpg\",\"width\":166,\"height\":145,\"caption\":\"Teia Education & Play\"},\"image\":{\"@id\":\"https:\/\/teiaeducation.ch\/de\/#\/schema\/logo\/image\/\"},\"sameAs\":[\"https:\/\/www.facebook.com\/teiaeducation\/\",\"https:\/\/x.com\/EducationTeia\",\"https:\/\/www.instagram.com\/teia.education\/\",\"https:\/\/www.linkedin.com\/company\/35501660\",\"https:\/\/www.pinterest.ch\/TeiaEducation\/\"]}]}<\/script>\n<!-- \/ Yoast SEO plugin. -->","yoast_head_json":{"title":"B\u00e4lle dr\u00fccken \u2013 Nienhuis Montessori","description":"Die Grimm's gelber Schmetterling Dekofigur ist eine handgefertigte Holzdekoration im Waldorf-Stil f\u00fcr Geburtstagskr\u00e4nze, Feiern oder Displays.","robots":{"index":"index","follow":"follow","max-snippet":"max-snippet:-1","max-image-preview":"max-image-preview:large","max-video-preview":"max-video-preview:-1"},"canonical":"https:\/\/teiaeducation.ch\/de\/produkt\/steckfigur-gelber-schmetterling-grimms\/","og_locale":"de_DE","og_type":"article","og_title":"B\u00e4lle dr\u00fccken \u2013 Nienhuis Montessori","og_description":"Die Grimm's gelber Schmetterling Dekofigur ist eine handgefertigte Holzdekoration im Waldorf-Stil f\u00fcr Geburtstagskr\u00e4nze, Feiern oder Displays.","og_url":"https:\/\/teiaeducation.ch\/de\/produkt\/steckfigur-gelber-schmetterling-grimms\/","og_site_name":"Sustainable Educational Products &amp; Ecological Toys\u00a0","article_publisher":"https:\/\/www.facebook.com\/teiaeducation\/","article_modified_time":"2025-10-29T13:45:25+00:00","og_image":[{"width":1280,"height":1280,"url":"https:\/\/teiaeducation.ch\/wp-content\/uploads\/2020\/12\/Waldorf-birthday-ring-decoration-yellow-butterfly-decorative-figure-Grimms.jpg","type":"image\/jpeg"}],"schema":{"@context":"https:\/\/schema.org","@graph":[{"@type":"WebPage","@id":"https:\/\/teiaeducation.ch\/de\/produkt\/steckfigur-gelber-schmetterling-grimms\/","url":"https:\/\/teiaeducation.ch\/de\/produkt\/steckfigur-gelber-schmetterling-grimms\/","name":"B\u00e4lle dr\u00fccken \u2013 Nienhuis Montessori","isPartOf":{"@id":"https:\/\/teiaeducation.ch\/de\/#website"},"primaryImageOfPage":{"@id":"https:\/\/teiaeducation.ch\/de\/produkt\/steckfigur-gelber-schmetterling-grimms\/#primaryimage"},"image":{"@id":"https:\/\/teiaeducation.ch\/de\/produkt\/steckfigur-gelber-schmetterling-grimms\/#primaryimage"},"thumbnailUrl":"https:\/\/teiaeducation.ch\/wp-content\/uploads\/2020\/12\/Waldorf-birthday-ring-decoration-yellow-butterfly-decorative-figure-Grimms.jpg","datePublished":"2023-04-11T09:00:22+00:00","dateModified":"2025-10-29T13:45:25+00:00","description":"Die Grimm's gelber Schmetterling Dekofigur ist eine handgefertigte Holzdekoration im Waldorf-Stil f\u00fcr Geburtstagskr\u00e4nze, Feiern oder Displays.","breadcrumb":{"@id":"https:\/\/teiaeducation.ch\/de\/produkt\/steckfigur-gelber-schmetterling-grimms\/#breadcrumb"},"inLanguage":"de-CH","potentialAction":[{"@type":"ReadAction","target":["https:\/\/teiaeducation.ch\/de\/produkt\/steckfigur-gelber-schmetterling-grimms\/"]}]},{"@type":"ImageObject","inLanguage":"de-CH","@id":"https:\/\/teiaeducation.ch\/de\/produkt\/steckfigur-gelber-schmetterling-grimms\/#primaryimage","url":"https:\/\/teiaeducation.ch\/wp-content\/uploads\/2020\/12\/Waldorf-birthday-ring-decoration-yellow-butterfly-decorative-figure-Grimms.jpg","contentUrl":"https:\/\/teiaeducation.ch\/wp-content\/uploads\/2020\/12\/Waldorf-birthday-ring-decoration-yellow-butterfly-decorative-figure-Grimms.jpg","width":1280,"height":1280,"caption":"Waldorf Geburtstag Ring Dekoration gelb Schmetterling dekorative Figur Grimm's"},{"@type":"BreadcrumbList","@id":"https:\/\/teiaeducation.ch\/de\/produkt\/steckfigur-gelber-schmetterling-grimms\/#breadcrumb","itemListElement":[{"@type":"ListItem","position":1,"name":"Home","item":"https:\/\/teiaeducation.ch\/de\/"},{"@type":"ListItem","position":2,"name":"Laden","item":"https:\/\/teiaeducation.ch\/de\/shop\/"},{"@type":"ListItem","position":3,"name":"Steckfigur gelber Schmetterling \u2013 Grimm\u2019s"}]},{"@type":"WebSite","@id":"https:\/\/teiaeducation.ch\/de\/#website","url":"https:\/\/teiaeducation.ch\/de\/","name":"Sustainable Educational Products &amp; Ecological Toys\u00a0","description":"Specialised Swiss shop selling sustainable educational toys and games, AMI certified Montessori materials, handmade ecological wooden Waldorf toys and arts &amp; crafts supplies, school supplies, children&#039;s furniture and Montessori reference and parenting books.","publisher":{"@id":"https:\/\/teiaeducation.ch\/de\/#organization"},"alternateName":"Teia Education & Play","potentialAction":[{"@type":"SearchAction","target":{"@type":"EntryPoint","urlTemplate":"https:\/\/teiaeducation.ch\/de\/?s={search_term_string}"},"query-input":{"@type":"PropertyValueSpecification","valueRequired":true,"valueName":"search_term_string"}}],"inLanguage":"de-CH"},{"@type":"Organization","@id":"https:\/\/teiaeducation.ch\/de\/#organization","name":"Teia Education & Play","url":"https:\/\/teiaeducation.ch\/de\/","logo":{"@type":"ImageObject","inLanguage":"de-CH","@id":"https:\/\/teiaeducation.ch\/de\/#\/schema\/logo\/image\/","url":"https:\/\/teiaeducation.ch\/wp-content\/uploads\/2020\/11\/Teia-Education-Switzerland-e1620156442216.jpg","contentUrl":"https:\/\/teiaeducation.ch\/wp-content\/uploads\/2020\/11\/Teia-Education-Switzerland-e1620156442216.jpg","width":166,"height":145,"caption":"Teia Education & Play"},"image":{"@id":"https:\/\/teiaeducation.ch\/de\/#\/schema\/logo\/image\/"},"sameAs":["https:\/\/www.facebook.com\/teiaeducation\/","https:\/\/x.com\/EducationTeia","https:\/\/www.instagram.com\/teia.education\/","https:\/\/www.linkedin.com\/company\/35501660","https:\/\/www.pinterest.ch\/TeiaEducation\/"]}]}},"_links":{"self":[{"href":"https:\/\/teiaeducation.ch\/de\/wp-json\/wp\/v2\/product\/65961","targetHints":{"allow":["GET"]}}],"collection":[{"href":"https:\/\/teiaeducation.ch\/de\/wp-json\/wp\/v2\/product"}],"about":[{"href":"https:\/\/teiaeducation.ch\/de\/wp-json\/wp\/v2\/types\/product"}],"replies":[{"embeddable":true,"href":"https:\/\/teiaeducation.ch\/de\/wp-json\/wp\/v2\/comments?post=65961"}],"wp:featuredmedia":[{"embeddable":true,"href":"https:\/\/teiaeducation.ch\/de\/wp-json\/wp\/v2\/media\/53238"}],"wp:attachment":[{"href":"https:\/\/teiaeducation.ch\/de\/wp-json\/wp\/v2\/media?parent=65961"}],"wp:term":[{"taxonomy":"product_brand","embeddable":true,"href":"https:\/\/teiaeducation.ch\/de\/wp-json\/wp\/v2\/product_brand?post=65961"},{"taxonomy":"product_cat","embeddable":true,"href":"https:\/\/teiaeducation.ch\/de\/wp-json\/wp\/v2\/product_cat?post=65961"},{"taxonomy":"product_tag","embeddable":true,"href":"https:\/\/teiaeducation.ch\/de\/wp-json\/wp\/v2\/product_tag?post=65961"}],"curies":[{"name":"wp","href":"https:\/\/api.w.org\/{rel}","templated":true}]}}