{"id":66021,"date":"2024-10-01T16:26:33","date_gmt":"2024-10-01T14:26:33","guid":{"rendered":"https:\/\/teiaeducation.ch\/product\/vanity-star-spielzeug-beauty-kit-le-toy-van\/"},"modified":"2025-08-19T12:29:14","modified_gmt":"2025-08-19T10:29:14","slug":"vanity-star-spielzeug-beauty-kit-le-toy-van","status":"publish","type":"product","link":"https:\/\/teiaeducation.ch\/de\/produkt\/vanity-star-spielzeug-beauty-kit-le-toy-van\/","title":{"rendered":"Vanity Star Spielzeug Beauty Kit &#8211; Le Toy Van"},"content":{"rendered":"<p>Dieses h\u00fcbsche Rollenspiel Spielzeug Schminkset \u201eVanity Star Beauty Kit\u201c von Le Toy Van enth\u00e4lt eine Kosmetiktasche aus nat\u00fcrlicher Baumwolle sowie eine Vielzahl von robusten Make-up Accessoires aus Holz. Werde zum Star deiner eigenen Show! Angehende Kosmetikerinnen werden diese Kosmetiktasche mit ihren zahlreichen Accessoires lieben, mit denen sie atemberaubende Looks kreieren k\u00f6nnen.<\/p>\n<p>Die Stofftasche in Kindergr\u00f6\u00dfe enth\u00e4lt alles, was ein Mini-Visagist f\u00fcr seine Arbeit ben\u00f6tigt. Dazu geh\u00f6ren eine Vintage-Parf\u00fcmflasche mit Spr\u00fchkopf, ein Handspiegel, ein F\u00f6hn, ein Kamm, ein Make-up-Set in Muschelform, eine Lotion, Nagellack, Lippenstift und eine Puderquaste.<\/p>\n<p>Tragbarer Spielspa\u00df, perfekt f\u00fcr fantasievolle Rollenspiel-Abenteuer. Alle Teile dieses Sets sind aus nachhaltigem Kautschukholz gefertigt.<\/p>\n<p>Das Set ist ein tolles Spielzeug f\u00fcr ein 3-j\u00e4hriges Kind, das perfekte <a href=\"https:\/\/teiaeducation.ch\/produkt-kategorie\/feiern\/geburtstage\/\">Geburtstags<\/a> Geschenk oder einfach eine gute Unterhaltung f\u00fcr Kinder unterwegs.<\/p>\n<p>Jedes Holz Make-up-Teil wurde in leuchtenden Farben bemalt und wundersch\u00f6n aus massivem Kautschukholz gefertigt, wobei alle Kanten glatt sind, um eine sichere und weiche Haptik zu gew\u00e4hrleisten. Das Le Toy Van Vanity Star Beauty Kit f\u00f6rdert die Entwicklung Ihres Kindes, und das durchdachte Design mit altersgerechten Herausforderungen f\u00f6rdert die soziale Interaktion und das Lernen durch fantasievolles Spielen.<\/p>\n<p>Das Le Toy Van Vanity Star Spielzeug Beauty Kit ist f\u00fcr Kinder ab 3 Jahren geeignet.<\/p>\n<p>Inhalt:<\/p>\n<p>9 Make-up Teile aus Holz<br \/>\n1 Kosmetiktasche aus nat\u00fcrlicher Baumwolle<\/p>\n<h2>\u00dcber Le Toy Van<\/h2>\n<p><a href=\"https:\/\/teiaeducation.ch\/de\/produkt-kategorie\/unsere-marken\/le-toy-van-de\/\">Le Toy Van<\/a> ist ein englisches Spielzeugunternehmen, das 1995 gegr\u00fcndet wurde und sich auf hochwertiges traditionelles <a href=\"https:\/\/teiaeducation.ch\/de\/produkt-kategorie\/kinder-spielzeug\/handgefertigtes-holzspielzeug\/\">Holzspielzeug<\/a> spezialisiert hat, das einen neuen, zeitgem\u00e4\u00dfen Stil erhalten hat.<\/p>\n<p>Alle Spielzeuge von Le Toy Van werden unter ethischen Kriterien und nach strenger Qualit\u00e4ts-, Sicherheits- und Nachhaltigkeitsstandards ethisch einwandfrei hergestellt, wobei nat\u00fcrliche Materialien wie nachwachsendes, glattes Kautschukholz verwendet werden. Es wurde nach den h\u00f6chsten Sicherheitsstandards getestet und entspricht den EN-71- und ASTM-Sicherheitsnormen.<\/p>\n<p>Diese innovativen und wundersch\u00f6n gestalteten Spielzeuge f\u00f6rdern das fr\u00fche <a href=\"https:\/\/teiaeducation.ch\/de\/produkt-kategorie\/lernthemen\/\">Lernen<\/a> durch <a href=\"https:\/\/teiaeducation.ch\/de\/produkt-kategorie\/kinder-spielzeug\/phantasievoll-rollenspiel\/\">fantasievolles Rollenspiel<\/a> und bieten zahlreiche M\u00f6glichkeiten zur <a href=\"https:\/\/teiaeducation.ch\/de\/produkt-kategorie\/lernthemen\/alphabetisierung-sprache\/\">sprachlichen<\/a> und sozialen Entwicklung sowie zur F\u00f6rderung der <a href=\"https:\/\/teiaeducation.ch\/de\/produkt-kategorie\/lernthemen\/sensorische-motorische-fertigkeiten\/motorische-fertigkeiten\/\">Feinmotorik<\/a>. Sie sind langlebig und sorgen f\u00fcr generations\u00fcbergreifenden Spielspa\u00df!<\/p>\n","protected":false},"excerpt":{"rendered":"<p>Artikelnummer: ltvtv293<\/p>\n<p>Das Rollenspiel Spielzeug Schminkset \u201eVanity Star Beauty Kit\u201c von Le Toy Van enth\u00e4lt eine Kosmetiktasche aus nat\u00fcrlicher Baumwolle sowie Holz Make-up-Teilen!<\/p>\n","protected":false},"featured_media":63602,"comment_status":"open","ping_status":"closed","template":"","meta":[],"product_brand":[],"product_cat":[21445,21446,21487,21484,23075,21585,21443,21563,21687,21678,21564],"product_tag":[30138,30136,30135,30137,30139,30140,30134],"class_list":{"0":"post-66021","1":"product","2":"type-product","3":"status-publish","4":"has-post-thumbnail","6":"product_cat-3-6-jahre-vorschule","7":"product_cat-6-12-jahre-grundschule","8":"product_cat-geschenk-guide-3-6-jahre-vorschule","9":"product_cat-geschenk-guides","10":"product_cat-handgefertigtes-holzspielzeug","11":"product_cat-le-toy-van-de","12":"product_cat-nach-alter","13":"product_cat-neuheiten","14":"product_cat-phantasievoll-rollenspiel","15":"product_cat-kinder-spielzeug","16":"product_cat-unsere-marken","17":"product_tag-kosmetikset-spielzeug","18":"product_tag-rollenspiel-kosmetik","19":"product_tag-rollenspiel-schminke","20":"product_tag-rollenspiel-schminkset","21":"product_tag-spielzeug-schminkset","22":"product_tag-spielzeugkosmetik","23":"product_tag-vanity-star-spielzeug-beauty-kit-le-toy-van","25":"first","26":"outofstock","27":"taxable","28":"shipping-taxable","29":"purchasable","30":"product-type-simple"},"yoast_head":"<!-- This site is optimized with the Yoast SEO plugin v27.1.1 - https:\/\/yoast.com\/product\/yoast-seo-wordpress\/ -->\n<title>Vanity Star Spielzeug Beauty Kit - Le Toy Van<\/title>\n<meta name=\"description\" content=\"Das Rollenspiel Spielzeug Schminkset \u201eVanity Star Beauty Kit\u201c von Le Toy Van enth\u00e4lt eine Kosmetiktasche aus nat\u00fcrlicher Baumwolle sowie Holz Make-up-Teilen\" \/>\n<meta name=\"robots\" content=\"index, follow, max-snippet:-1, max-image-preview:large, max-video-preview:-1\" \/>\n<link rel=\"canonical\" href=\"https:\/\/teiaeducation.ch\/de\/produkt\/vanity-star-spielzeug-beauty-kit-le-toy-van\/\" \/>\n<meta property=\"og:locale\" content=\"de_DE\" \/>\n<meta property=\"og:type\" content=\"article\" \/>\n<meta property=\"og:title\" content=\"Vanity Star Spielzeug Beauty Kit - Le Toy Van\" \/>\n<meta property=\"og:description\" content=\"Das Rollenspiel Spielzeug Schminkset \u201eVanity Star Beauty Kit\u201c von Le Toy Van enth\u00e4lt eine Kosmetiktasche aus nat\u00fcrlicher Baumwolle sowie Holz Make-up-Teilen\" \/>\n<meta property=\"og:url\" content=\"https:\/\/teiaeducation.ch\/de\/produkt\/vanity-star-spielzeug-beauty-kit-le-toy-van\/\" \/>\n<meta property=\"og:site_name\" content=\"Sustainable Educational Products &amp; Ecological Toys\u00a0\" \/>\n<meta property=\"article:publisher\" content=\"https:\/\/www.facebook.com\/teiaeducation\/\" \/>\n<meta property=\"article:modified_time\" content=\"2025-08-19T10:29:14+00:00\" \/>\n<meta property=\"og:image\" content=\"https:\/\/teiaeducation.ch\/wp-content\/uploads\/2024\/10\/Vanity-star-toy-beauty-kit-pretend-play-Le-Toy-Van-4.jpg\" \/>\n\t<meta property=\"og:image:width\" content=\"800\" \/>\n\t<meta property=\"og:image:height\" content=\"800\" \/>\n\t<meta property=\"og:image:type\" content=\"image\/jpeg\" \/>\n<script type=\"application\/ld+json\" class=\"yoast-schema-graph\">{\"@context\":\"https:\/\/schema.org\",\"@graph\":[{\"@type\":\"WebPage\",\"@id\":\"https:\/\/teiaeducation.ch\/de\/produkt\/vanity-star-spielzeug-beauty-kit-le-toy-van\/\",\"url\":\"https:\/\/teiaeducation.ch\/de\/produkt\/vanity-star-spielzeug-beauty-kit-le-toy-van\/\",\"name\":\"Vanity Star Spielzeug Beauty Kit - Le Toy Van\",\"isPartOf\":{\"@id\":\"https:\/\/teiaeducation.ch\/de\/#website\"},\"primaryImageOfPage\":{\"@id\":\"https:\/\/teiaeducation.ch\/de\/produkt\/vanity-star-spielzeug-beauty-kit-le-toy-van\/#primaryimage\"},\"image\":{\"@id\":\"https:\/\/teiaeducation.ch\/de\/produkt\/vanity-star-spielzeug-beauty-kit-le-toy-van\/#primaryimage\"},\"thumbnailUrl\":\"https:\/\/teiaeducation.ch\/wp-content\/uploads\/2024\/10\/Vanity-star-toy-beauty-kit-pretend-play-Le-Toy-Van-4.jpg\",\"datePublished\":\"2024-10-01T14:26:33+00:00\",\"dateModified\":\"2025-08-19T10:29:14+00:00\",\"description\":\"Das Rollenspiel Spielzeug Schminkset \u201eVanity Star Beauty Kit\u201c von Le Toy Van enth\u00e4lt eine Kosmetiktasche aus nat\u00fcrlicher Baumwolle sowie Holz Make-up-Teilen\",\"breadcrumb\":{\"@id\":\"https:\/\/teiaeducation.ch\/de\/produkt\/vanity-star-spielzeug-beauty-kit-le-toy-van\/#breadcrumb\"},\"inLanguage\":\"de-CH\",\"potentialAction\":[{\"@type\":\"ReadAction\",\"target\":[\"https:\/\/teiaeducation.ch\/de\/produkt\/vanity-star-spielzeug-beauty-kit-le-toy-van\/\"]}]},{\"@type\":\"ImageObject\",\"inLanguage\":\"de-CH\",\"@id\":\"https:\/\/teiaeducation.ch\/de\/produkt\/vanity-star-spielzeug-beauty-kit-le-toy-van\/#primaryimage\",\"url\":\"https:\/\/teiaeducation.ch\/wp-content\/uploads\/2024\/10\/Vanity-star-toy-beauty-kit-pretend-play-Le-Toy-Van-4.jpg\",\"contentUrl\":\"https:\/\/teiaeducation.ch\/wp-content\/uploads\/2024\/10\/Vanity-star-toy-beauty-kit-pretend-play-Le-Toy-Van-4.jpg\",\"width\":800,\"height\":800,\"caption\":\"Vanity Star Spielzeug-Schminkset zum Rollenspiel von Le Toy Van\"},{\"@type\":\"BreadcrumbList\",\"@id\":\"https:\/\/teiaeducation.ch\/de\/produkt\/vanity-star-spielzeug-beauty-kit-le-toy-van\/#breadcrumb\",\"itemListElement\":[{\"@type\":\"ListItem\",\"position\":1,\"name\":\"Home\",\"item\":\"https:\/\/teiaeducation.ch\/de\/\"},{\"@type\":\"ListItem\",\"position\":2,\"name\":\"Laden\",\"item\":\"https:\/\/teiaeducation.ch\/de\/shop\/\"},{\"@type\":\"ListItem\",\"position\":3,\"name\":\"Unsere Marken\",\"item\":\"https:\/\/teiaeducation.ch\/de\/produkt-kategorie\/unsere-marken\/\"},{\"@type\":\"ListItem\",\"position\":4,\"name\":\"Le Toy Van\",\"item\":\"https:\/\/teiaeducation.ch\/de\/produkt-kategorie\/unsere-marken\/le-toy-van-de\/\"},{\"@type\":\"ListItem\",\"position\":5,\"name\":\"Vanity Star Spielzeug Beauty Kit &#8211; Le Toy Van\"}]},{\"@type\":\"WebSite\",\"@id\":\"https:\/\/teiaeducation.ch\/de\/#website\",\"url\":\"https:\/\/teiaeducation.ch\/de\/\",\"name\":\"Sustainable Educational Products &amp; Ecological Toys\u00a0\",\"description\":\"Specialised Swiss shop selling sustainable educational toys and games, AMI certified Montessori materials, handmade ecological wooden Waldorf toys and arts &amp; crafts supplies, school supplies, children&#039;s furniture and Montessori reference and parenting books.\",\"publisher\":{\"@id\":\"https:\/\/teiaeducation.ch\/de\/#organization\"},\"alternateName\":\"Teia Education & Play\",\"potentialAction\":[{\"@type\":\"SearchAction\",\"target\":{\"@type\":\"EntryPoint\",\"urlTemplate\":\"https:\/\/teiaeducation.ch\/de\/?s={search_term_string}\"},\"query-input\":{\"@type\":\"PropertyValueSpecification\",\"valueRequired\":true,\"valueName\":\"search_term_string\"}}],\"inLanguage\":\"de-CH\"},{\"@type\":\"Organization\",\"@id\":\"https:\/\/teiaeducation.ch\/de\/#organization\",\"name\":\"Teia Education & Play\",\"url\":\"https:\/\/teiaeducation.ch\/de\/\",\"logo\":{\"@type\":\"ImageObject\",\"inLanguage\":\"de-CH\",\"@id\":\"https:\/\/teiaeducation.ch\/de\/#\/schema\/logo\/image\/\",\"url\":\"https:\/\/teiaeducation.ch\/wp-content\/uploads\/2020\/11\/Teia-Education-Switzerland-e1620156442216.jpg\",\"contentUrl\":\"https:\/\/teiaeducation.ch\/wp-content\/uploads\/2020\/11\/Teia-Education-Switzerland-e1620156442216.jpg\",\"width\":166,\"height\":145,\"caption\":\"Teia Education & Play\"},\"image\":{\"@id\":\"https:\/\/teiaeducation.ch\/de\/#\/schema\/logo\/image\/\"},\"sameAs\":[\"https:\/\/www.facebook.com\/teiaeducation\/\",\"https:\/\/x.com\/EducationTeia\",\"https:\/\/www.instagram.com\/teia.education\/\",\"https:\/\/www.linkedin.com\/company\/35501660\",\"https:\/\/www.pinterest.ch\/TeiaEducation\/\"]}]}<\/script>\n<!-- \/ Yoast SEO plugin. -->","yoast_head_json":{"title":"Vanity Star Spielzeug Beauty Kit - Le Toy Van","description":"Das Rollenspiel Spielzeug Schminkset \u201eVanity Star Beauty Kit\u201c von Le Toy Van enth\u00e4lt eine Kosmetiktasche aus nat\u00fcrlicher Baumwolle sowie Holz Make-up-Teilen","robots":{"index":"index","follow":"follow","max-snippet":"max-snippet:-1","max-image-preview":"max-image-preview:large","max-video-preview":"max-video-preview:-1"},"canonical":"https:\/\/teiaeducation.ch\/de\/produkt\/vanity-star-spielzeug-beauty-kit-le-toy-van\/","og_locale":"de_DE","og_type":"article","og_title":"Vanity Star Spielzeug Beauty Kit - Le Toy Van","og_description":"Das Rollenspiel Spielzeug Schminkset \u201eVanity Star Beauty Kit\u201c von Le Toy Van enth\u00e4lt eine Kosmetiktasche aus nat\u00fcrlicher Baumwolle sowie Holz Make-up-Teilen","og_url":"https:\/\/teiaeducation.ch\/de\/produkt\/vanity-star-spielzeug-beauty-kit-le-toy-van\/","og_site_name":"Sustainable Educational Products &amp; Ecological Toys\u00a0","article_publisher":"https:\/\/www.facebook.com\/teiaeducation\/","article_modified_time":"2025-08-19T10:29:14+00:00","og_image":[{"width":800,"height":800,"url":"https:\/\/teiaeducation.ch\/wp-content\/uploads\/2024\/10\/Vanity-star-toy-beauty-kit-pretend-play-Le-Toy-Van-4.jpg","type":"image\/jpeg"}],"schema":{"@context":"https:\/\/schema.org","@graph":[{"@type":"WebPage","@id":"https:\/\/teiaeducation.ch\/de\/produkt\/vanity-star-spielzeug-beauty-kit-le-toy-van\/","url":"https:\/\/teiaeducation.ch\/de\/produkt\/vanity-star-spielzeug-beauty-kit-le-toy-van\/","name":"Vanity Star Spielzeug Beauty Kit - Le Toy Van","isPartOf":{"@id":"https:\/\/teiaeducation.ch\/de\/#website"},"primaryImageOfPage":{"@id":"https:\/\/teiaeducation.ch\/de\/produkt\/vanity-star-spielzeug-beauty-kit-le-toy-van\/#primaryimage"},"image":{"@id":"https:\/\/teiaeducation.ch\/de\/produkt\/vanity-star-spielzeug-beauty-kit-le-toy-van\/#primaryimage"},"thumbnailUrl":"https:\/\/teiaeducation.ch\/wp-content\/uploads\/2024\/10\/Vanity-star-toy-beauty-kit-pretend-play-Le-Toy-Van-4.jpg","datePublished":"2024-10-01T14:26:33+00:00","dateModified":"2025-08-19T10:29:14+00:00","description":"Das Rollenspiel Spielzeug Schminkset \u201eVanity Star Beauty Kit\u201c von Le Toy Van enth\u00e4lt eine Kosmetiktasche aus nat\u00fcrlicher Baumwolle sowie Holz Make-up-Teilen","breadcrumb":{"@id":"https:\/\/teiaeducation.ch\/de\/produkt\/vanity-star-spielzeug-beauty-kit-le-toy-van\/#breadcrumb"},"inLanguage":"de-CH","potentialAction":[{"@type":"ReadAction","target":["https:\/\/teiaeducation.ch\/de\/produkt\/vanity-star-spielzeug-beauty-kit-le-toy-van\/"]}]},{"@type":"ImageObject","inLanguage":"de-CH","@id":"https:\/\/teiaeducation.ch\/de\/produkt\/vanity-star-spielzeug-beauty-kit-le-toy-van\/#primaryimage","url":"https:\/\/teiaeducation.ch\/wp-content\/uploads\/2024\/10\/Vanity-star-toy-beauty-kit-pretend-play-Le-Toy-Van-4.jpg","contentUrl":"https:\/\/teiaeducation.ch\/wp-content\/uploads\/2024\/10\/Vanity-star-toy-beauty-kit-pretend-play-Le-Toy-Van-4.jpg","width":800,"height":800,"caption":"Vanity Star Spielzeug-Schminkset zum Rollenspiel von Le Toy Van"},{"@type":"BreadcrumbList","@id":"https:\/\/teiaeducation.ch\/de\/produkt\/vanity-star-spielzeug-beauty-kit-le-toy-van\/#breadcrumb","itemListElement":[{"@type":"ListItem","position":1,"name":"Home","item":"https:\/\/teiaeducation.ch\/de\/"},{"@type":"ListItem","position":2,"name":"Laden","item":"https:\/\/teiaeducation.ch\/de\/shop\/"},{"@type":"ListItem","position":3,"name":"Unsere Marken","item":"https:\/\/teiaeducation.ch\/de\/produkt-kategorie\/unsere-marken\/"},{"@type":"ListItem","position":4,"name":"Le Toy Van","item":"https:\/\/teiaeducation.ch\/de\/produkt-kategorie\/unsere-marken\/le-toy-van-de\/"},{"@type":"ListItem","position":5,"name":"Vanity Star Spielzeug Beauty Kit &#8211; Le Toy Van"}]},{"@type":"WebSite","@id":"https:\/\/teiaeducation.ch\/de\/#website","url":"https:\/\/teiaeducation.ch\/de\/","name":"Sustainable Educational Products &amp; Ecological Toys\u00a0","description":"Specialised Swiss shop selling sustainable educational toys and games, AMI certified Montessori materials, handmade ecological wooden Waldorf toys and arts &amp; crafts supplies, school supplies, children&#039;s furniture and Montessori reference and parenting books.","publisher":{"@id":"https:\/\/teiaeducation.ch\/de\/#organization"},"alternateName":"Teia Education & Play","potentialAction":[{"@type":"SearchAction","target":{"@type":"EntryPoint","urlTemplate":"https:\/\/teiaeducation.ch\/de\/?s={search_term_string}"},"query-input":{"@type":"PropertyValueSpecification","valueRequired":true,"valueName":"search_term_string"}}],"inLanguage":"de-CH"},{"@type":"Organization","@id":"https:\/\/teiaeducation.ch\/de\/#organization","name":"Teia Education & Play","url":"https:\/\/teiaeducation.ch\/de\/","logo":{"@type":"ImageObject","inLanguage":"de-CH","@id":"https:\/\/teiaeducation.ch\/de\/#\/schema\/logo\/image\/","url":"https:\/\/teiaeducation.ch\/wp-content\/uploads\/2020\/11\/Teia-Education-Switzerland-e1620156442216.jpg","contentUrl":"https:\/\/teiaeducation.ch\/wp-content\/uploads\/2020\/11\/Teia-Education-Switzerland-e1620156442216.jpg","width":166,"height":145,"caption":"Teia Education & Play"},"image":{"@id":"https:\/\/teiaeducation.ch\/de\/#\/schema\/logo\/image\/"},"sameAs":["https:\/\/www.facebook.com\/teiaeducation\/","https:\/\/x.com\/EducationTeia","https:\/\/www.instagram.com\/teia.education\/","https:\/\/www.linkedin.com\/company\/35501660","https:\/\/www.pinterest.ch\/TeiaEducation\/"]}]}},"_links":{"self":[{"href":"https:\/\/teiaeducation.ch\/de\/wp-json\/wp\/v2\/product\/66021","targetHints":{"allow":["GET"]}}],"collection":[{"href":"https:\/\/teiaeducation.ch\/de\/wp-json\/wp\/v2\/product"}],"about":[{"href":"https:\/\/teiaeducation.ch\/de\/wp-json\/wp\/v2\/types\/product"}],"replies":[{"embeddable":true,"href":"https:\/\/teiaeducation.ch\/de\/wp-json\/wp\/v2\/comments?post=66021"}],"wp:featuredmedia":[{"embeddable":true,"href":"https:\/\/teiaeducation.ch\/de\/wp-json\/wp\/v2\/media\/63602"}],"wp:attachment":[{"href":"https:\/\/teiaeducation.ch\/de\/wp-json\/wp\/v2\/media?parent=66021"}],"wp:term":[{"taxonomy":"product_brand","embeddable":true,"href":"https:\/\/teiaeducation.ch\/de\/wp-json\/wp\/v2\/product_brand?post=66021"},{"taxonomy":"product_cat","embeddable":true,"href":"https:\/\/teiaeducation.ch\/de\/wp-json\/wp\/v2\/product_cat?post=66021"},{"taxonomy":"product_tag","embeddable":true,"href":"https:\/\/teiaeducation.ch\/de\/wp-json\/wp\/v2\/product_tag?post=66021"}],"curies":[{"name":"wp","href":"https:\/\/api.w.org\/{rel}","templated":true}]}}