{"id":66022,"date":"2024-10-01T16:08:03","date_gmt":"2024-10-01T14:08:03","guid":{"rendered":"https:\/\/teiaeducation.ch\/product\/alphabet-set-aus-holz-le-toy-van\/"},"modified":"2025-08-19T12:29:27","modified_gmt":"2025-08-19T10:29:27","slug":"alphabet-set-aus-holz-le-toy-van","status":"publish","type":"product","link":"https:\/\/teiaeducation.ch\/de\/produkt\/alphabet-set-aus-holz-le-toy-van\/","title":{"rendered":"Alphabet Set aus Holz &#8211; Le Toy Van"},"content":{"rendered":"<p>Das 60-teilige Spielzeug Alphabet Set aus Holz von Le Toy Van ist in sanften Regenbogenfarben mit kindersicheren, wasserbasierten Farben bemalt und f\u00f6rdert das fr\u00fche Lernen auf traditionelle und unterhaltsame Weise. Mit diesem sch\u00f6nen Buchstabenset f\u00fcr kleine Wortakrobaten buchstabieren Sie sich zum Erfolg!<\/p>\n<p>Dieses Set enth\u00e4lt 60 Buchstaben aus nachhaltigem, FSC\u00ae-zertifiziertem Holz und eine Aufbewahrungstasche mit Baumwollgriffen, in der die Buchstaben nach dem Spielen sicher verstaut werden k\u00f6nnen.<\/p>\n<p>Ermutigen Sie Kinder, das <a href=\"https:\/\/teiaeducation.ch\/de\/produkt-kategorie\/lernthemen\/alphabetisierung-sprache\/buchstaben-das-alphabet\/\">Alphabet<\/a> zu lernen und einfache W\u00f6rter zu bilden \u2013 mit diesem entz\u00fcckenden, plastikfreien Spielzeug, das sich perfekt f\u00fcr Kinder im Vorschulalter und dar\u00fcber hinaus eignet.<\/p>\n<p>Diese klobigen Buchstaben, die auf ethische Weise aus nachhaltigem, wiederverwertetem Kautschukholz hergestellt wurden, sind mit wasserbasierten Farben bemalt, um Abplatzungen zu verhindern. Alle Kanten sind gegl\u00e4ttet, damit sie sich sicher und weich anf\u00fchlen und somit f\u00fcr Ihr Kind sicher und umweltfreundlich sind.<\/p>\n<p>Das Spielzeug Alphabet Set aus Holz von Le Toy Van ist f\u00fcr Kinder ab 18 Monaten sicher getestet.<\/p>\n<p>Inhalt:<\/p>\n<p>60 Buchstaben aus Holz<br \/>\n1 Baumwollbeutel zur Aufbewahrung<\/p>\n<h2>\u00dcber Le Toy Van<\/h2>\n<p><a href=\"https:\/\/teiaeducation.ch\/de\/produkt-kategorie\/unsere-marken\/le-toy-van-de\/\">Le Toy Van<\/a> ist ein englisches Spielzeugunternehmen, das 1995 gegr\u00fcndet wurde und sich auf hochwertiges traditionelles <a href=\"https:\/\/teiaeducation.ch\/de\/produkt-kategorie\/kinder-spielzeug\/handgefertigtes-holzspielzeug\/\">Holzspielzeug<\/a> spezialisiert hat, das einen neuen, zeitgem\u00e4\u00dfen Stil erhalten hat.<\/p>\n<p>Alle Spielzeuge von Le Toy Van werden unter ethischen Kriterien und nach strenger Qualit\u00e4ts-, Sicherheits- und Nachhaltigkeitsstandards ethisch einwandfrei hergestellt, wobei nat\u00fcrliche Materialien wie nachwachsendes, glattes Kautschukholz verwendet werden. Es wurde nach den h\u00f6chsten Sicherheitsstandards getestet und entspricht den EN-71- und ASTM-Sicherheitsnormen.<\/p>\n<p>Diese innovativen und wundersch\u00f6n gestalteten Spielzeuge f\u00f6rdern das fr\u00fche <a href=\"https:\/\/teiaeducation.ch\/de\/produkt-kategorie\/lernthemen\/\">Lernen<\/a> durch <a href=\"https:\/\/teiaeducation.ch\/de\/produkt-kategorie\/kinder-spielzeug\/phantasievoll-rollenspiel\/\">fantasievolles Rollenspiel<\/a> und bieten zahlreiche M\u00f6glichkeiten zur <a href=\"https:\/\/teiaeducation.ch\/de\/produkt-kategorie\/lernthemen\/alphabetisierung-sprache\/\">sprachlichen<\/a> und sozialen Entwicklung sowie zur F\u00f6rderung der <a href=\"https:\/\/teiaeducation.ch\/de\/produkt-kategorie\/lernthemen\/sensorische-motorische-fertigkeiten\/motorische-fertigkeiten\/\">Feinmotorik<\/a>. Sie sind langlebig und sorgen f\u00fcr generations\u00fcbergreifenden Spielspa\u00df!<\/p>\n","protected":false},"excerpt":{"rendered":"<p>Artikelnummer: ltvpl143<\/p>\n<p>Das 60-teilige Alphabet in Regenbogenfarben von Le Toy Van wird aus nachhaltigem, FSC\u00ae-zertifiziertem Holz hergestellt und f\u00f6rdert das fr\u00fche Lernen!<\/p>\n","protected":false},"featured_media":63592,"comment_status":"open","ping_status":"closed","template":"","meta":[],"product_brand":[],"product_cat":[21444,21445,21491,21484,23075,21585,22182,21443,21563,21678,21564],"product_tag":[28205,30141,30144,30142,30143],"class_list":{"0":"post-66022","1":"product","2":"type-product","3":"status-publish","4":"has-post-thumbnail","6":"product_cat-1-3-jahre-kleinkind","7":"product_cat-3-6-jahre-vorschule","8":"product_cat-geschenk-guide-lerngeschenke","9":"product_cat-geschenk-guides","10":"product_cat-handgefertigtes-holzspielzeug","11":"product_cat-le-toy-van-de","12":"product_cat-montessori-spielzeug","13":"product_cat-nach-alter","14":"product_cat-neuheiten","15":"product_cat-kinder-spielzeug","16":"product_cat-unsere-marken","17":"product_tag-buchstaben-aus-holz","18":"product_tag-holz-alphabet-set-le-toy-van","19":"product_tag-le-toy-van-holzalphabet","20":"product_tag-le-toy-van-holzbuchstaben","21":"product_tag-spielzeug-holzbuchstaben","23":"first","24":"outofstock","25":"taxable","26":"shipping-taxable","27":"purchasable","28":"product-type-simple"},"yoast_head":"<!-- This site is optimized with the Yoast SEO plugin v27.1.1 - https:\/\/yoast.com\/product\/yoast-seo-wordpress\/ -->\n<title>Spielzeug Alphabet Set aus Holz - Le Toy Van<\/title>\n<meta name=\"description\" content=\"Das 60-teilige Alphabet Set in Regenbogenfarben von Le Toy Van wird aus nachhaltigem, FSC\u00ae-zertifiziertem Holz hergestellt und f\u00f6rdert das fr\u00fche Lernen.\" \/>\n<meta name=\"robots\" content=\"index, follow, max-snippet:-1, max-image-preview:large, max-video-preview:-1\" \/>\n<link rel=\"canonical\" href=\"https:\/\/teiaeducation.ch\/de\/produkt\/alphabet-set-aus-holz-le-toy-van\/\" \/>\n<meta property=\"og:locale\" content=\"de_DE\" \/>\n<meta property=\"og:type\" content=\"article\" \/>\n<meta property=\"og:title\" content=\"Spielzeug Alphabet Set aus Holz - Le Toy Van\" \/>\n<meta property=\"og:description\" content=\"Das 60-teilige Alphabet Set in Regenbogenfarben von Le Toy Van wird aus nachhaltigem, FSC\u00ae-zertifiziertem Holz hergestellt und f\u00f6rdert das fr\u00fche Lernen.\" \/>\n<meta property=\"og:url\" content=\"https:\/\/teiaeducation.ch\/de\/produkt\/alphabet-set-aus-holz-le-toy-van\/\" \/>\n<meta property=\"og:site_name\" content=\"Sustainable Educational Products &amp; Ecological Toys\u00a0\" \/>\n<meta property=\"article:publisher\" content=\"https:\/\/www.facebook.com\/teiaeducation\/\" \/>\n<meta property=\"article:modified_time\" content=\"2025-08-19T10:29:27+00:00\" \/>\n<meta property=\"og:image\" content=\"https:\/\/teiaeducation.ch\/wp-content\/uploads\/2024\/10\/Wooden-alphabet-letters-set-Le-Toy-Van-.jpg\" \/>\n\t<meta property=\"og:image:width\" content=\"2000\" \/>\n\t<meta property=\"og:image:height\" content=\"2000\" \/>\n\t<meta property=\"og:image:type\" content=\"image\/jpeg\" \/>\n<script type=\"application\/ld+json\" class=\"yoast-schema-graph\">{\"@context\":\"https:\/\/schema.org\",\"@graph\":[{\"@type\":\"WebPage\",\"@id\":\"https:\/\/teiaeducation.ch\/de\/produkt\/alphabet-set-aus-holz-le-toy-van\/\",\"url\":\"https:\/\/teiaeducation.ch\/de\/produkt\/alphabet-set-aus-holz-le-toy-van\/\",\"name\":\"Spielzeug Alphabet Set aus Holz - Le Toy Van\",\"isPartOf\":{\"@id\":\"https:\/\/teiaeducation.ch\/de\/#website\"},\"primaryImageOfPage\":{\"@id\":\"https:\/\/teiaeducation.ch\/de\/produkt\/alphabet-set-aus-holz-le-toy-van\/#primaryimage\"},\"image\":{\"@id\":\"https:\/\/teiaeducation.ch\/de\/produkt\/alphabet-set-aus-holz-le-toy-van\/#primaryimage\"},\"thumbnailUrl\":\"https:\/\/teiaeducation.ch\/wp-content\/uploads\/2024\/10\/Wooden-alphabet-letters-set-Le-Toy-Van-.jpg\",\"datePublished\":\"2024-10-01T14:08:03+00:00\",\"dateModified\":\"2025-08-19T10:29:27+00:00\",\"description\":\"Das 60-teilige Alphabet Set in Regenbogenfarben von Le Toy Van wird aus nachhaltigem, FSC\u00ae-zertifiziertem Holz hergestellt und f\u00f6rdert das fr\u00fche Lernen.\",\"breadcrumb\":{\"@id\":\"https:\/\/teiaeducation.ch\/de\/produkt\/alphabet-set-aus-holz-le-toy-van\/#breadcrumb\"},\"inLanguage\":\"de-CH\",\"potentialAction\":[{\"@type\":\"ReadAction\",\"target\":[\"https:\/\/teiaeducation.ch\/de\/produkt\/alphabet-set-aus-holz-le-toy-van\/\"]}]},{\"@type\":\"ImageObject\",\"inLanguage\":\"de-CH\",\"@id\":\"https:\/\/teiaeducation.ch\/de\/produkt\/alphabet-set-aus-holz-le-toy-van\/#primaryimage\",\"url\":\"https:\/\/teiaeducation.ch\/wp-content\/uploads\/2024\/10\/Wooden-alphabet-letters-set-Le-Toy-Van-.jpg\",\"contentUrl\":\"https:\/\/teiaeducation.ch\/wp-content\/uploads\/2024\/10\/Wooden-alphabet-letters-set-Le-Toy-Van-.jpg\",\"width\":2000,\"height\":2000,\"caption\":\"Holz-Alphabet-Buchstaben-Set Le Toy Van\"},{\"@type\":\"BreadcrumbList\",\"@id\":\"https:\/\/teiaeducation.ch\/de\/produkt\/alphabet-set-aus-holz-le-toy-van\/#breadcrumb\",\"itemListElement\":[{\"@type\":\"ListItem\",\"position\":1,\"name\":\"Home\",\"item\":\"https:\/\/teiaeducation.ch\/de\/\"},{\"@type\":\"ListItem\",\"position\":2,\"name\":\"Laden\",\"item\":\"https:\/\/teiaeducation.ch\/de\/shop\/\"},{\"@type\":\"ListItem\",\"position\":3,\"name\":\"Unsere Marken\",\"item\":\"https:\/\/teiaeducation.ch\/de\/produkt-kategorie\/unsere-marken\/\"},{\"@type\":\"ListItem\",\"position\":4,\"name\":\"Le Toy Van\",\"item\":\"https:\/\/teiaeducation.ch\/de\/produkt-kategorie\/unsere-marken\/le-toy-van-de\/\"},{\"@type\":\"ListItem\",\"position\":5,\"name\":\"Alphabet Set aus Holz &#8211; Le Toy Van\"}]},{\"@type\":\"WebSite\",\"@id\":\"https:\/\/teiaeducation.ch\/de\/#website\",\"url\":\"https:\/\/teiaeducation.ch\/de\/\",\"name\":\"Sustainable Educational Products &amp; Ecological Toys\u00a0\",\"description\":\"Specialised Swiss shop selling sustainable educational toys and games, AMI certified Montessori materials, handmade ecological wooden Waldorf toys and arts &amp; crafts supplies, school supplies, children&#039;s furniture and Montessori reference and parenting books.\",\"publisher\":{\"@id\":\"https:\/\/teiaeducation.ch\/de\/#organization\"},\"alternateName\":\"Teia Education & Play\",\"potentialAction\":[{\"@type\":\"SearchAction\",\"target\":{\"@type\":\"EntryPoint\",\"urlTemplate\":\"https:\/\/teiaeducation.ch\/de\/?s={search_term_string}\"},\"query-input\":{\"@type\":\"PropertyValueSpecification\",\"valueRequired\":true,\"valueName\":\"search_term_string\"}}],\"inLanguage\":\"de-CH\"},{\"@type\":\"Organization\",\"@id\":\"https:\/\/teiaeducation.ch\/de\/#organization\",\"name\":\"Teia Education & Play\",\"url\":\"https:\/\/teiaeducation.ch\/de\/\",\"logo\":{\"@type\":\"ImageObject\",\"inLanguage\":\"de-CH\",\"@id\":\"https:\/\/teiaeducation.ch\/de\/#\/schema\/logo\/image\/\",\"url\":\"https:\/\/teiaeducation.ch\/wp-content\/uploads\/2020\/11\/Teia-Education-Switzerland-e1620156442216.jpg\",\"contentUrl\":\"https:\/\/teiaeducation.ch\/wp-content\/uploads\/2020\/11\/Teia-Education-Switzerland-e1620156442216.jpg\",\"width\":166,\"height\":145,\"caption\":\"Teia Education & Play\"},\"image\":{\"@id\":\"https:\/\/teiaeducation.ch\/de\/#\/schema\/logo\/image\/\"},\"sameAs\":[\"https:\/\/www.facebook.com\/teiaeducation\/\",\"https:\/\/x.com\/EducationTeia\",\"https:\/\/www.instagram.com\/teia.education\/\",\"https:\/\/www.linkedin.com\/company\/35501660\",\"https:\/\/www.pinterest.ch\/TeiaEducation\/\"]}]}<\/script>\n<!-- \/ Yoast SEO plugin. -->","yoast_head_json":{"title":"Spielzeug Alphabet Set aus Holz - Le Toy Van","description":"Das 60-teilige Alphabet Set in Regenbogenfarben von Le Toy Van wird aus nachhaltigem, FSC\u00ae-zertifiziertem Holz hergestellt und f\u00f6rdert das fr\u00fche Lernen.","robots":{"index":"index","follow":"follow","max-snippet":"max-snippet:-1","max-image-preview":"max-image-preview:large","max-video-preview":"max-video-preview:-1"},"canonical":"https:\/\/teiaeducation.ch\/de\/produkt\/alphabet-set-aus-holz-le-toy-van\/","og_locale":"de_DE","og_type":"article","og_title":"Spielzeug Alphabet Set aus Holz - Le Toy Van","og_description":"Das 60-teilige Alphabet Set in Regenbogenfarben von Le Toy Van wird aus nachhaltigem, FSC\u00ae-zertifiziertem Holz hergestellt und f\u00f6rdert das fr\u00fche Lernen.","og_url":"https:\/\/teiaeducation.ch\/de\/produkt\/alphabet-set-aus-holz-le-toy-van\/","og_site_name":"Sustainable Educational Products &amp; Ecological Toys\u00a0","article_publisher":"https:\/\/www.facebook.com\/teiaeducation\/","article_modified_time":"2025-08-19T10:29:27+00:00","og_image":[{"width":2000,"height":2000,"url":"https:\/\/teiaeducation.ch\/wp-content\/uploads\/2024\/10\/Wooden-alphabet-letters-set-Le-Toy-Van-.jpg","type":"image\/jpeg"}],"schema":{"@context":"https:\/\/schema.org","@graph":[{"@type":"WebPage","@id":"https:\/\/teiaeducation.ch\/de\/produkt\/alphabet-set-aus-holz-le-toy-van\/","url":"https:\/\/teiaeducation.ch\/de\/produkt\/alphabet-set-aus-holz-le-toy-van\/","name":"Spielzeug Alphabet Set aus Holz - Le Toy Van","isPartOf":{"@id":"https:\/\/teiaeducation.ch\/de\/#website"},"primaryImageOfPage":{"@id":"https:\/\/teiaeducation.ch\/de\/produkt\/alphabet-set-aus-holz-le-toy-van\/#primaryimage"},"image":{"@id":"https:\/\/teiaeducation.ch\/de\/produkt\/alphabet-set-aus-holz-le-toy-van\/#primaryimage"},"thumbnailUrl":"https:\/\/teiaeducation.ch\/wp-content\/uploads\/2024\/10\/Wooden-alphabet-letters-set-Le-Toy-Van-.jpg","datePublished":"2024-10-01T14:08:03+00:00","dateModified":"2025-08-19T10:29:27+00:00","description":"Das 60-teilige Alphabet Set in Regenbogenfarben von Le Toy Van wird aus nachhaltigem, FSC\u00ae-zertifiziertem Holz hergestellt und f\u00f6rdert das fr\u00fche Lernen.","breadcrumb":{"@id":"https:\/\/teiaeducation.ch\/de\/produkt\/alphabet-set-aus-holz-le-toy-van\/#breadcrumb"},"inLanguage":"de-CH","potentialAction":[{"@type":"ReadAction","target":["https:\/\/teiaeducation.ch\/de\/produkt\/alphabet-set-aus-holz-le-toy-van\/"]}]},{"@type":"ImageObject","inLanguage":"de-CH","@id":"https:\/\/teiaeducation.ch\/de\/produkt\/alphabet-set-aus-holz-le-toy-van\/#primaryimage","url":"https:\/\/teiaeducation.ch\/wp-content\/uploads\/2024\/10\/Wooden-alphabet-letters-set-Le-Toy-Van-.jpg","contentUrl":"https:\/\/teiaeducation.ch\/wp-content\/uploads\/2024\/10\/Wooden-alphabet-letters-set-Le-Toy-Van-.jpg","width":2000,"height":2000,"caption":"Holz-Alphabet-Buchstaben-Set Le Toy Van"},{"@type":"BreadcrumbList","@id":"https:\/\/teiaeducation.ch\/de\/produkt\/alphabet-set-aus-holz-le-toy-van\/#breadcrumb","itemListElement":[{"@type":"ListItem","position":1,"name":"Home","item":"https:\/\/teiaeducation.ch\/de\/"},{"@type":"ListItem","position":2,"name":"Laden","item":"https:\/\/teiaeducation.ch\/de\/shop\/"},{"@type":"ListItem","position":3,"name":"Unsere Marken","item":"https:\/\/teiaeducation.ch\/de\/produkt-kategorie\/unsere-marken\/"},{"@type":"ListItem","position":4,"name":"Le Toy Van","item":"https:\/\/teiaeducation.ch\/de\/produkt-kategorie\/unsere-marken\/le-toy-van-de\/"},{"@type":"ListItem","position":5,"name":"Alphabet Set aus Holz &#8211; Le Toy Van"}]},{"@type":"WebSite","@id":"https:\/\/teiaeducation.ch\/de\/#website","url":"https:\/\/teiaeducation.ch\/de\/","name":"Sustainable Educational Products &amp; Ecological Toys\u00a0","description":"Specialised Swiss shop selling sustainable educational toys and games, AMI certified Montessori materials, handmade ecological wooden Waldorf toys and arts &amp; crafts supplies, school supplies, children&#039;s furniture and Montessori reference and parenting books.","publisher":{"@id":"https:\/\/teiaeducation.ch\/de\/#organization"},"alternateName":"Teia Education & Play","potentialAction":[{"@type":"SearchAction","target":{"@type":"EntryPoint","urlTemplate":"https:\/\/teiaeducation.ch\/de\/?s={search_term_string}"},"query-input":{"@type":"PropertyValueSpecification","valueRequired":true,"valueName":"search_term_string"}}],"inLanguage":"de-CH"},{"@type":"Organization","@id":"https:\/\/teiaeducation.ch\/de\/#organization","name":"Teia Education & Play","url":"https:\/\/teiaeducation.ch\/de\/","logo":{"@type":"ImageObject","inLanguage":"de-CH","@id":"https:\/\/teiaeducation.ch\/de\/#\/schema\/logo\/image\/","url":"https:\/\/teiaeducation.ch\/wp-content\/uploads\/2020\/11\/Teia-Education-Switzerland-e1620156442216.jpg","contentUrl":"https:\/\/teiaeducation.ch\/wp-content\/uploads\/2020\/11\/Teia-Education-Switzerland-e1620156442216.jpg","width":166,"height":145,"caption":"Teia Education & Play"},"image":{"@id":"https:\/\/teiaeducation.ch\/de\/#\/schema\/logo\/image\/"},"sameAs":["https:\/\/www.facebook.com\/teiaeducation\/","https:\/\/x.com\/EducationTeia","https:\/\/www.instagram.com\/teia.education\/","https:\/\/www.linkedin.com\/company\/35501660","https:\/\/www.pinterest.ch\/TeiaEducation\/"]}]}},"_links":{"self":[{"href":"https:\/\/teiaeducation.ch\/de\/wp-json\/wp\/v2\/product\/66022","targetHints":{"allow":["GET"]}}],"collection":[{"href":"https:\/\/teiaeducation.ch\/de\/wp-json\/wp\/v2\/product"}],"about":[{"href":"https:\/\/teiaeducation.ch\/de\/wp-json\/wp\/v2\/types\/product"}],"replies":[{"embeddable":true,"href":"https:\/\/teiaeducation.ch\/de\/wp-json\/wp\/v2\/comments?post=66022"}],"wp:featuredmedia":[{"embeddable":true,"href":"https:\/\/teiaeducation.ch\/de\/wp-json\/wp\/v2\/media\/63592"}],"wp:attachment":[{"href":"https:\/\/teiaeducation.ch\/de\/wp-json\/wp\/v2\/media?parent=66022"}],"wp:term":[{"taxonomy":"product_brand","embeddable":true,"href":"https:\/\/teiaeducation.ch\/de\/wp-json\/wp\/v2\/product_brand?post=66022"},{"taxonomy":"product_cat","embeddable":true,"href":"https:\/\/teiaeducation.ch\/de\/wp-json\/wp\/v2\/product_cat?post=66022"},{"taxonomy":"product_tag","embeddable":true,"href":"https:\/\/teiaeducation.ch\/de\/wp-json\/wp\/v2\/product_tag?post=66022"}],"curies":[{"name":"wp","href":"https:\/\/api.w.org\/{rel}","templated":true}]}}