{"id":66025,"date":"2023-03-10T13:00:49","date_gmt":"2023-03-10T12:00:49","guid":{"rendered":"https:\/\/teiaeducation.ch\/product\/sonnige-bauernhoftiere-aus-holz-le-toy-van\/"},"modified":"2025-12-11T15:23:16","modified_gmt":"2025-12-11T14:23:16","slug":"sonnige-bauernhoftiere-aus-holz-le-toy-van","status":"publish","type":"product","link":"https:\/\/teiaeducation.ch\/de\/produkt\/sonnige-bauernhoftiere-aus-holz-le-toy-van\/","title":{"rendered":"Sonnige Bauernhoftiere aus Holz &#8211; Le Toy Van"},"content":{"rendered":"<p>Das Set \u201eLe Toy Van Sonnige Bauernhof<a href=\"https:\/\/teiaeducation.ch\/de\/produkt-kategorie\/kinder-spielzeug\/tiere-bauernhoefe\/\">tiere<\/a> aus Holz enth\u00e4lt 9 bemalte Holztiere im Ma\u00dfstab. Die Tiere eignen sich hervorragend f\u00fcr Rollenspiele und f\u00f6rdern die <a href=\"https:\/\/teiaeducation.ch\/de\/produkt-kategorie\/malen-basteln\/\">kreative<\/a> Fantasie, die soziale Entwicklung und die <a href=\"https:\/\/teiaeducation.ch\/de\/produkt-kategorie\/lernthemen\/alphabetisierung-sprache\/\">Sprache<\/a>ntwicklung!<\/p>\n<p>Die aus strapazierf\u00e4higem, nachhaltigem Kautschukholz gefertigten, angenehm anzufassenden, sonnigen Bauernhoftiere sind sicheres Spielzeug mit abgeschliffenen Kanten. Sie werden von Hand fertiggestellt und mit ungiftigen, umweltfreundlichen Farben bemalt. Das gr\u00f6\u00dfte Tier des Sets ist die Kuh und misst 12 x 3 x 8,5 cm.<\/p>\n<p>Das Le Toy Van Sonnige Bauernhoftiere aus Holz Set ist f\u00fcr Kinder ab 3 Jahren geeignet.<\/p>\n<p>Inhalt:<\/p>\n<p>9 Holztiere vom Bauernhof<\/p>\n<h2>Uber Le Toy Van<\/h2>\n<p><a href=\"https:\/\/teiaeducation.ch\/de\/produkt-kategorie\/unsere-marken\/le-toy-van-de\/\">Le Toy Van<\/a> ist ein englisches Spielzeugunternehmen, das 1995 gegr\u00fcndet wurde und sich auf hochwertiges traditionelles <a href=\"https:\/\/teiaeducation.ch\/de\/produkt-kategorie\/kinder-spielzeug\/handgefertigtes-holzspielzeug\/\">Holzspielzeug<\/a> spezialisiert hat, das einen neuen, zeitgem\u00e4\u00dfen Stil erhalten hat.<\/p>\n<p>Alle Spielzeuge von Le Toy Van werden unter Einhaltung strenger Qualit\u00e4ts-, Sicherheits- und Nachhaltigkeitsstandards ethisch einwandfrei hergestellt, wobei nat\u00fcrliche Materialien wie nachwachsendes, glattes Kautschukholz verwendet werden. Es wurde nach den h\u00f6chsten Sicherheitsstandards getestet und entspricht den EN-71- und ASTM-Sicherheitsnormen.<\/p>\n<p>Diese innovativen und wundersch\u00f6n gestalteten Spielzeuge f\u00f6rdern das fr\u00fche Lernen durch <a href=\"https:\/\/teiaeducation.ch\/de\/produkt-kategorie\/kinder-spielzeug\/phantasievoll-rollenspiel\/\">fantasievolles Rollenspiel<\/a> und bieten zahlreiche M\u00f6glichkeiten zur <a href=\"https:\/\/teiaeducation.ch\/de\/produkt-kategorie\/lernthemen\/alphabetisierung-sprache\/\">sprachlichen<\/a> und sozialen Entwicklung sowie zur F\u00f6rderung der <a href=\"https:\/\/teiaeducation.ch\/de\/produkt-kategorie\/lernthemen\/sensorische-motorische-fertigkeiten\/motorische-fertigkeiten\/\">Feinmotorik<\/a>. Sie sind langlebig und sorgen f\u00fcr generations\u00fcbergreifenden Spielspa\u00df!<\/p>\n","protected":false},"excerpt":{"rendered":"<p>Artikelnummer: ltvtv890<\/p>\n<p>Das Set Sonnige Bauernhoftiere aus Holz von Le Toy Van besteht aus strapazierf\u00e4higem, nachhaltigem Kautschukholz und enth\u00e4lt 9 bemalte Holztiere im Ma\u00dfstab!<\/p>\n","protected":false},"featured_media":66026,"comment_status":"open","ping_status":"closed","template":"","meta":[],"product_brand":[],"product_cat":[21445,21446,21585,21443,21563,21494,21678,21497,21680,21564],"product_tag":[30145,22674,30157],"class_list":{"0":"post-66025","1":"product","2":"type-product","3":"status-publish","4":"has-post-thumbnail","6":"product_cat-3-6-jahre-vorschule","7":"product_cat-6-12-jahre-grundschule","8":"product_cat-le-toy-van-de","9":"product_cat-nach-alter","10":"product_cat-neuheiten","11":"product_cat-schulbedarf-fuer-zuhause","12":"product_cat-kinder-spielzeug","13":"product_cat-spielen-und-lernen-fuer-babys-kleinkinder","14":"product_cat-tiere-bauernhoefe","15":"product_cat-unsere-marken","16":"product_tag-holzspielzeug-bauernhoftiere","17":"product_tag-le-toy-van-de","18":"product_tag-sonnige-bauernhoftiere-aus-holz-le-toy-van","20":"first","21":"outofstock","22":"taxable","23":"shipping-taxable","24":"purchasable","25":"product-type-simple"},"yoast_head":"<!-- This site is optimized with the Yoast SEO plugin v27.1.1 - https:\/\/yoast.com\/product\/yoast-seo-wordpress\/ -->\n<title>Sonnige Bauernhoftiere aus Holz - Le Toy Van - Teia Education &amp; Play<\/title>\n<meta name=\"description\" content=\"Das Set Sonnige Bauernhoftiere aus Holz von Le Toy Van besteht aus strapazierf\u00e4higem, nachhaltigem Kautschukholz und enth\u00e4lt 9 bemalte Holztiere im Ma\u00dfstab!\" \/>\n<meta name=\"robots\" content=\"index, follow, max-snippet:-1, max-image-preview:large, max-video-preview:-1\" \/>\n<link rel=\"canonical\" href=\"https:\/\/teiaeducation.ch\/de\/produkt\/sonnige-bauernhoftiere-aus-holz-le-toy-van\/\" \/>\n<meta property=\"og:locale\" content=\"de_DE\" \/>\n<meta property=\"og:type\" content=\"article\" \/>\n<meta property=\"og:title\" content=\"Sonnige Bauernhoftiere aus Holz - Le Toy Van - Teia Education &amp; Play\" \/>\n<meta property=\"og:description\" content=\"Das Set Sonnige Bauernhoftiere aus Holz von Le Toy Van besteht aus strapazierf\u00e4higem, nachhaltigem Kautschukholz und enth\u00e4lt 9 bemalte Holztiere im Ma\u00dfstab!\" \/>\n<meta property=\"og:url\" content=\"https:\/\/teiaeducation.ch\/de\/produkt\/sonnige-bauernhoftiere-aus-holz-le-toy-van\/\" \/>\n<meta property=\"og:site_name\" content=\"Sustainable Educational Products &amp; Ecological Toys\u00a0\" \/>\n<meta property=\"article:publisher\" content=\"https:\/\/www.facebook.com\/teiaeducation\/\" \/>\n<meta property=\"article:modified_time\" content=\"2025-12-11T14:23:16+00:00\" \/>\n<meta property=\"og:image\" content=\"https:\/\/teiaeducation.ch\/wp-content\/uploads\/2020\/04\/Sunny-Farm-Animals-Le-Toy-Van.jpg\" \/>\n\t<meta property=\"og:image:width\" content=\"900\" \/>\n\t<meta property=\"og:image:height\" content=\"900\" \/>\n\t<meta property=\"og:image:type\" content=\"image\/jpeg\" \/>\n<script type=\"application\/ld+json\" class=\"yoast-schema-graph\">{\"@context\":\"https:\/\/schema.org\",\"@graph\":[{\"@type\":\"WebPage\",\"@id\":\"https:\/\/teiaeducation.ch\/de\/produkt\/sonnige-bauernhoftiere-aus-holz-le-toy-van\/\",\"url\":\"https:\/\/teiaeducation.ch\/de\/produkt\/sonnige-bauernhoftiere-aus-holz-le-toy-van\/\",\"name\":\"Sonnige Bauernhoftiere aus Holz - Le Toy Van - Teia Education & Play\",\"isPartOf\":{\"@id\":\"https:\/\/teiaeducation.ch\/de\/#website\"},\"primaryImageOfPage\":{\"@id\":\"https:\/\/teiaeducation.ch\/de\/produkt\/sonnige-bauernhoftiere-aus-holz-le-toy-van\/#primaryimage\"},\"image\":{\"@id\":\"https:\/\/teiaeducation.ch\/de\/produkt\/sonnige-bauernhoftiere-aus-holz-le-toy-van\/#primaryimage\"},\"thumbnailUrl\":\"https:\/\/teiaeducation.ch\/wp-content\/uploads\/2020\/04\/Sunny-Farm-Animals-Le-Toy-Van.jpg\",\"datePublished\":\"2023-03-10T12:00:49+00:00\",\"dateModified\":\"2025-12-11T14:23:16+00:00\",\"description\":\"Das Set Sonnige Bauernhoftiere aus Holz von Le Toy Van besteht aus strapazierf\u00e4higem, nachhaltigem Kautschukholz und enth\u00e4lt 9 bemalte Holztiere im Ma\u00dfstab!\",\"breadcrumb\":{\"@id\":\"https:\/\/teiaeducation.ch\/de\/produkt\/sonnige-bauernhoftiere-aus-holz-le-toy-van\/#breadcrumb\"},\"inLanguage\":\"de-CH\",\"potentialAction\":[{\"@type\":\"ReadAction\",\"target\":[\"https:\/\/teiaeducation.ch\/de\/produkt\/sonnige-bauernhoftiere-aus-holz-le-toy-van\/\"]}]},{\"@type\":\"ImageObject\",\"inLanguage\":\"de-CH\",\"@id\":\"https:\/\/teiaeducation.ch\/de\/produkt\/sonnige-bauernhoftiere-aus-holz-le-toy-van\/#primaryimage\",\"url\":\"https:\/\/teiaeducation.ch\/wp-content\/uploads\/2020\/04\/Sunny-Farm-Animals-Le-Toy-Van.jpg\",\"contentUrl\":\"https:\/\/teiaeducation.ch\/wp-content\/uploads\/2020\/04\/Sunny-Farm-Animals-Le-Toy-Van.jpg\",\"width\":900,\"height\":900,\"caption\":\"Sonnige Bauernhoftiere aus Holz - Le Toy Van\"},{\"@type\":\"BreadcrumbList\",\"@id\":\"https:\/\/teiaeducation.ch\/de\/produkt\/sonnige-bauernhoftiere-aus-holz-le-toy-van\/#breadcrumb\",\"itemListElement\":[{\"@type\":\"ListItem\",\"position\":1,\"name\":\"Home\",\"item\":\"https:\/\/teiaeducation.ch\/de\/\"},{\"@type\":\"ListItem\",\"position\":2,\"name\":\"Laden\",\"item\":\"https:\/\/teiaeducation.ch\/de\/shop\/\"},{\"@type\":\"ListItem\",\"position\":3,\"name\":\"Nach Alter\",\"item\":\"https:\/\/teiaeducation.ch\/de\/produkt-kategorie\/nach-alter\/\"},{\"@type\":\"ListItem\",\"position\":4,\"name\":\"3-6 Jahre Vorschule\",\"item\":\"https:\/\/teiaeducation.ch\/de\/produkt-kategorie\/nach-alter\/3-6-jahre-vorschule\/\"},{\"@type\":\"ListItem\",\"position\":5,\"name\":\"Sonnige Bauernhoftiere aus Holz &#8211; Le Toy Van\"}]},{\"@type\":\"WebSite\",\"@id\":\"https:\/\/teiaeducation.ch\/de\/#website\",\"url\":\"https:\/\/teiaeducation.ch\/de\/\",\"name\":\"Sustainable Educational Products &amp; Ecological Toys\u00a0\",\"description\":\"Specialised Swiss shop selling sustainable educational toys and games, AMI certified Montessori materials, handmade ecological wooden Waldorf toys and arts &amp; crafts supplies, school supplies, children&#039;s furniture and Montessori reference and parenting books.\",\"publisher\":{\"@id\":\"https:\/\/teiaeducation.ch\/de\/#organization\"},\"alternateName\":\"Teia Education & Play\",\"potentialAction\":[{\"@type\":\"SearchAction\",\"target\":{\"@type\":\"EntryPoint\",\"urlTemplate\":\"https:\/\/teiaeducation.ch\/de\/?s={search_term_string}\"},\"query-input\":{\"@type\":\"PropertyValueSpecification\",\"valueRequired\":true,\"valueName\":\"search_term_string\"}}],\"inLanguage\":\"de-CH\"},{\"@type\":\"Organization\",\"@id\":\"https:\/\/teiaeducation.ch\/de\/#organization\",\"name\":\"Teia Education & Play\",\"url\":\"https:\/\/teiaeducation.ch\/de\/\",\"logo\":{\"@type\":\"ImageObject\",\"inLanguage\":\"de-CH\",\"@id\":\"https:\/\/teiaeducation.ch\/de\/#\/schema\/logo\/image\/\",\"url\":\"https:\/\/teiaeducation.ch\/wp-content\/uploads\/2020\/11\/Teia-Education-Switzerland-e1620156442216.jpg\",\"contentUrl\":\"https:\/\/teiaeducation.ch\/wp-content\/uploads\/2020\/11\/Teia-Education-Switzerland-e1620156442216.jpg\",\"width\":166,\"height\":145,\"caption\":\"Teia Education & Play\"},\"image\":{\"@id\":\"https:\/\/teiaeducation.ch\/de\/#\/schema\/logo\/image\/\"},\"sameAs\":[\"https:\/\/www.facebook.com\/teiaeducation\/\",\"https:\/\/x.com\/EducationTeia\",\"https:\/\/www.instagram.com\/teia.education\/\",\"https:\/\/www.linkedin.com\/company\/35501660\",\"https:\/\/www.pinterest.ch\/TeiaEducation\/\"]}]}<\/script>\n<!-- \/ Yoast SEO plugin. -->","yoast_head_json":{"title":"Sonnige Bauernhoftiere aus Holz - Le Toy Van - Teia Education & Play","description":"Das Set Sonnige Bauernhoftiere aus Holz von Le Toy Van besteht aus strapazierf\u00e4higem, nachhaltigem Kautschukholz und enth\u00e4lt 9 bemalte Holztiere im Ma\u00dfstab!","robots":{"index":"index","follow":"follow","max-snippet":"max-snippet:-1","max-image-preview":"max-image-preview:large","max-video-preview":"max-video-preview:-1"},"canonical":"https:\/\/teiaeducation.ch\/de\/produkt\/sonnige-bauernhoftiere-aus-holz-le-toy-van\/","og_locale":"de_DE","og_type":"article","og_title":"Sonnige Bauernhoftiere aus Holz - Le Toy Van - Teia Education & Play","og_description":"Das Set Sonnige Bauernhoftiere aus Holz von Le Toy Van besteht aus strapazierf\u00e4higem, nachhaltigem Kautschukholz und enth\u00e4lt 9 bemalte Holztiere im Ma\u00dfstab!","og_url":"https:\/\/teiaeducation.ch\/de\/produkt\/sonnige-bauernhoftiere-aus-holz-le-toy-van\/","og_site_name":"Sustainable Educational Products &amp; Ecological Toys\u00a0","article_publisher":"https:\/\/www.facebook.com\/teiaeducation\/","article_modified_time":"2025-12-11T14:23:16+00:00","og_image":[{"width":900,"height":900,"url":"https:\/\/teiaeducation.ch\/wp-content\/uploads\/2020\/04\/Sunny-Farm-Animals-Le-Toy-Van.jpg","type":"image\/jpeg"}],"schema":{"@context":"https:\/\/schema.org","@graph":[{"@type":"WebPage","@id":"https:\/\/teiaeducation.ch\/de\/produkt\/sonnige-bauernhoftiere-aus-holz-le-toy-van\/","url":"https:\/\/teiaeducation.ch\/de\/produkt\/sonnige-bauernhoftiere-aus-holz-le-toy-van\/","name":"Sonnige Bauernhoftiere aus Holz - Le Toy Van - Teia Education & Play","isPartOf":{"@id":"https:\/\/teiaeducation.ch\/de\/#website"},"primaryImageOfPage":{"@id":"https:\/\/teiaeducation.ch\/de\/produkt\/sonnige-bauernhoftiere-aus-holz-le-toy-van\/#primaryimage"},"image":{"@id":"https:\/\/teiaeducation.ch\/de\/produkt\/sonnige-bauernhoftiere-aus-holz-le-toy-van\/#primaryimage"},"thumbnailUrl":"https:\/\/teiaeducation.ch\/wp-content\/uploads\/2020\/04\/Sunny-Farm-Animals-Le-Toy-Van.jpg","datePublished":"2023-03-10T12:00:49+00:00","dateModified":"2025-12-11T14:23:16+00:00","description":"Das Set Sonnige Bauernhoftiere aus Holz von Le Toy Van besteht aus strapazierf\u00e4higem, nachhaltigem Kautschukholz und enth\u00e4lt 9 bemalte Holztiere im Ma\u00dfstab!","breadcrumb":{"@id":"https:\/\/teiaeducation.ch\/de\/produkt\/sonnige-bauernhoftiere-aus-holz-le-toy-van\/#breadcrumb"},"inLanguage":"de-CH","potentialAction":[{"@type":"ReadAction","target":["https:\/\/teiaeducation.ch\/de\/produkt\/sonnige-bauernhoftiere-aus-holz-le-toy-van\/"]}]},{"@type":"ImageObject","inLanguage":"de-CH","@id":"https:\/\/teiaeducation.ch\/de\/produkt\/sonnige-bauernhoftiere-aus-holz-le-toy-van\/#primaryimage","url":"https:\/\/teiaeducation.ch\/wp-content\/uploads\/2020\/04\/Sunny-Farm-Animals-Le-Toy-Van.jpg","contentUrl":"https:\/\/teiaeducation.ch\/wp-content\/uploads\/2020\/04\/Sunny-Farm-Animals-Le-Toy-Van.jpg","width":900,"height":900,"caption":"Sonnige Bauernhoftiere aus Holz - Le Toy Van"},{"@type":"BreadcrumbList","@id":"https:\/\/teiaeducation.ch\/de\/produkt\/sonnige-bauernhoftiere-aus-holz-le-toy-van\/#breadcrumb","itemListElement":[{"@type":"ListItem","position":1,"name":"Home","item":"https:\/\/teiaeducation.ch\/de\/"},{"@type":"ListItem","position":2,"name":"Laden","item":"https:\/\/teiaeducation.ch\/de\/shop\/"},{"@type":"ListItem","position":3,"name":"Nach Alter","item":"https:\/\/teiaeducation.ch\/de\/produkt-kategorie\/nach-alter\/"},{"@type":"ListItem","position":4,"name":"3-6 Jahre Vorschule","item":"https:\/\/teiaeducation.ch\/de\/produkt-kategorie\/nach-alter\/3-6-jahre-vorschule\/"},{"@type":"ListItem","position":5,"name":"Sonnige Bauernhoftiere aus Holz &#8211; Le Toy Van"}]},{"@type":"WebSite","@id":"https:\/\/teiaeducation.ch\/de\/#website","url":"https:\/\/teiaeducation.ch\/de\/","name":"Sustainable Educational Products &amp; Ecological Toys\u00a0","description":"Specialised Swiss shop selling sustainable educational toys and games, AMI certified Montessori materials, handmade ecological wooden Waldorf toys and arts &amp; crafts supplies, school supplies, children&#039;s furniture and Montessori reference and parenting books.","publisher":{"@id":"https:\/\/teiaeducation.ch\/de\/#organization"},"alternateName":"Teia Education & Play","potentialAction":[{"@type":"SearchAction","target":{"@type":"EntryPoint","urlTemplate":"https:\/\/teiaeducation.ch\/de\/?s={search_term_string}"},"query-input":{"@type":"PropertyValueSpecification","valueRequired":true,"valueName":"search_term_string"}}],"inLanguage":"de-CH"},{"@type":"Organization","@id":"https:\/\/teiaeducation.ch\/de\/#organization","name":"Teia Education & Play","url":"https:\/\/teiaeducation.ch\/de\/","logo":{"@type":"ImageObject","inLanguage":"de-CH","@id":"https:\/\/teiaeducation.ch\/de\/#\/schema\/logo\/image\/","url":"https:\/\/teiaeducation.ch\/wp-content\/uploads\/2020\/11\/Teia-Education-Switzerland-e1620156442216.jpg","contentUrl":"https:\/\/teiaeducation.ch\/wp-content\/uploads\/2020\/11\/Teia-Education-Switzerland-e1620156442216.jpg","width":166,"height":145,"caption":"Teia Education & Play"},"image":{"@id":"https:\/\/teiaeducation.ch\/de\/#\/schema\/logo\/image\/"},"sameAs":["https:\/\/www.facebook.com\/teiaeducation\/","https:\/\/x.com\/EducationTeia","https:\/\/www.instagram.com\/teia.education\/","https:\/\/www.linkedin.com\/company\/35501660","https:\/\/www.pinterest.ch\/TeiaEducation\/"]}]}},"_links":{"self":[{"href":"https:\/\/teiaeducation.ch\/de\/wp-json\/wp\/v2\/product\/66025","targetHints":{"allow":["GET"]}}],"collection":[{"href":"https:\/\/teiaeducation.ch\/de\/wp-json\/wp\/v2\/product"}],"about":[{"href":"https:\/\/teiaeducation.ch\/de\/wp-json\/wp\/v2\/types\/product"}],"replies":[{"embeddable":true,"href":"https:\/\/teiaeducation.ch\/de\/wp-json\/wp\/v2\/comments?post=66025"}],"wp:featuredmedia":[{"embeddable":true,"href":"https:\/\/teiaeducation.ch\/de\/wp-json\/wp\/v2\/media\/66026"}],"wp:attachment":[{"href":"https:\/\/teiaeducation.ch\/de\/wp-json\/wp\/v2\/media?parent=66025"}],"wp:term":[{"taxonomy":"product_brand","embeddable":true,"href":"https:\/\/teiaeducation.ch\/de\/wp-json\/wp\/v2\/product_brand?post=66025"},{"taxonomy":"product_cat","embeddable":true,"href":"https:\/\/teiaeducation.ch\/de\/wp-json\/wp\/v2\/product_cat?post=66025"},{"taxonomy":"product_tag","embeddable":true,"href":"https:\/\/teiaeducation.ch\/de\/wp-json\/wp\/v2\/product_tag?post=66025"}],"curies":[{"name":"wp","href":"https:\/\/api.w.org\/{rel}","templated":true}]}}