{"id":66052,"date":"2021-11-01T11:35:16","date_gmt":"2021-11-01T10:35:16","guid":{"rendered":"https:\/\/teiaeducation.ch\/product\/holzautos-im-retro-stil-le-toy-van\/"},"modified":"2025-12-11T15:24:56","modified_gmt":"2025-12-11T14:24:56","slug":"holzautos-im-retro-stil-le-toy-van","status":"publish","type":"product","link":"https:\/\/teiaeducation.ch\/de\/produkt\/holzautos-im-retro-stil-le-toy-van\/","title":{"rendered":"Holzautos im Retro Stil &#8211; Le Toy Van"},"content":{"rendered":"<p>Das Le Toy Van Set mit kleinen Retro-Autos ist ein s\u00fc\u00dfes, vintage-inspiriertes <a href=\"https:\/\/teiaeducation.ch\/de\/produkt-kategorie\/kinder-spielzeug\/spielzeugautos-fahrzeuge\/\">Spielzeugauto<\/a>set aus Holz, das sich perfekt f\u00fcr kleine Autoliebhaber und nostalgisches Spielen eignet!<\/p>\n<p>Mit sanften Pastellfarben und einem wundersch\u00f6nen Retro-Stil bietet dieses lustige Holzspielzeug-Autoset 2 Autos im Vintage-Stil und einen Retro-Wohnwagen. Inspirieren Sie stundenlanges Spielen mit Fahrzeugen und f\u00f6rdern Sie die Fantasie Ihres Kindes mit traditionellem Spielzeug. Welche Abenteuer und kleinen Welten werden sie sich ausdenken?<\/p>\n<p>Das kleine Retro-Autoset von Le Toy Van wird unter ethischen Gesichtspunkten aus nachhaltigem und strapazierf\u00e4higem Kautschukholz hergestellt, wobei alle Kanten gegl\u00e4ttet sind, um eine sichere und weiche Haptik zu gew\u00e4hrleisten. Es ist wundersch\u00f6n in leuchtenden Pastellt\u00f6nen mit wasserbasierter, ungiftiger Farbe bemalt. Mit einer Gr\u00f6\u00dfe von 6,3 x 3 x 3,9 cm haben diese h\u00fcbschen Spielzeugautos die perfekte Gr\u00f6\u00dfe f\u00fcr kleine H\u00e4nde, Spielmatten und Holzspielzeuggaragen.<br \/>\n\u00dcbersetzt mit DeepL.com (kostenlose Version)<\/p>\n<p>Das Set mit kleinen Retro-Autos f\u00f6rdert die Entwicklung Ihres Kindes durch durchdachtes Design und altersgerechte Herausforderungen, die die Feinmotorik und Geschicklichkeit verbessern. Au\u00dferdem f\u00f6rdert es kreatives Geschichtenerz\u00e4hlen und Lernen durch fantasievolles Spielen.<\/p>\n<p>Das Le Toy Van Set mit kleinen Retro-Autos ist f\u00fcr Kinder ab 3 Jahren geeignet.<\/p>\n<p>Inhalt:<\/p>\n<p>3 Spielzeugfahrzeuge aus Holz<\/p>\n<h2>Uber Le Toy Van<\/h2>\n<p><a href=\"https:\/\/teiaeducation.ch\/de\/produkt-kategorie\/unsere-marken\/le-toy-van-de\/\">Le Toy Van<\/a> ist ein englisches Spielzeugunternehmen, das 1995 gegr\u00fcndet wurde und sich auf hochwertiges traditionelles <a href=\"https:\/\/teiaeducation.ch\/de\/produkt-kategorie\/kinder-spielzeug\/handgefertigtes-holzspielzeug\/\">Holzspielzeug<\/a> spezialisiert hat, das einen neuen, zeitgem\u00e4\u00dfen Stil erhalten hat.<\/p>\n<p>Alle Spielzeuge von Le Toy Van werden unter Einhaltung strenger Qualit\u00e4ts-, Sicherheits- und Nachhaltigkeitsstandards ethisch einwandfrei hergestellt, wobei nat\u00fcrliche Materialien wie nachwachsendes, glattes Kautschukholz verwendet werden. Es wurde nach den h\u00f6chsten Sicherheitsstandards getestet und entspricht den EN-71- und ASTM-Sicherheitsnormen.<\/p>\n<p>Diese innovativen und wundersch\u00f6n gestalteten Spielzeuge f\u00f6rdern das fr\u00fche Lernen durch <a href=\"https:\/\/teiaeducation.ch\/de\/produkt-kategorie\/kinder-spielzeug\/phantasievoll-rollenspiel\/\">fantasievolles Rollenspiel<\/a> und bieten zahlreiche M\u00f6glichkeiten zur <a href=\"https:\/\/teiaeducation.ch\/de\/produkt-kategorie\/lernthemen\/alphabetisierung-sprache\/\">sprachlichen<\/a> und sozialen Entwicklung sowie zur F\u00f6rderung der <a href=\"https:\/\/teiaeducation.ch\/de\/produkt-kategorie\/lernthemen\/sensorische-motorische-fertigkeiten\/motorische-fertigkeiten\/\">Feinmotorik<\/a>. Sie sind langlebig und sorgen f\u00fcr generations\u00fcbergreifenden Spielspa\u00df!<\/p>\n","protected":false},"excerpt":{"rendered":"<p>Artikelnummer: <span data-sheets-value=\"{\" data-sheets-userformat=\"{\">ltvtv463<\/span><\/p>\n<p>Das kleine Retro-Autoset von Le Toy Van ist ein Vintage-inspiriertes Spielzeugset aus Holz mit Autos und Wohnmobilen, das sich perfekt f\u00fcr nostalgisches Fahrzeugspiel eignet!<\/p>\n","protected":false},"featured_media":40330,"comment_status":"open","ping_status":"closed","template":"","meta":[],"product_brand":[],"product_cat":[21445,21487,21484,21585,21443,21563,21678,21702,21564],"product_tag":[30160,30161,30162,30163,30159,22675,21743,30158,28019],"class_list":{"0":"post-66052","1":"product","2":"type-product","3":"status-publish","4":"has-post-thumbnail","6":"product_cat-3-6-jahre-vorschule","7":"product_cat-geschenk-guide-3-6-jahre-vorschule","8":"product_cat-geschenk-guides","9":"product_cat-le-toy-van-de","10":"product_cat-nach-alter","11":"product_cat-neuheiten","12":"product_cat-kinder-spielzeug","13":"product_cat-spielzeugautos-fahrzeuge","14":"product_cat-unsere-marken","15":"product_tag-holzspielzeug-wohnmobil","16":"product_tag-holzspielzeug-wohnmobil-de","17":"product_tag-kleine-spielzeugautos-aus-holz","18":"product_tag-le-toy-van-autos","19":"product_tag-le-toy-van-retro-autos","20":"product_tag-le-toy-van-schweiz","21":"product_tag-nachhaltiges-holzspielzeug","22":"product_tag-retro-holzautos","23":"product_tag-spielzeugautos-aus-holz","25":"first","26":"instock","27":"taxable","28":"shipping-taxable","29":"purchasable","30":"product-type-simple"},"yoast_head":"<!-- This site is optimized with the Yoast SEO plugin v27.3 - https:\/\/yoast.com\/product\/yoast-seo-wordpress\/ -->\n<title>Holzautos im Retro Stil - Le Toy Van<\/title>\n<meta name=\"description\" content=\"Das kleine Retro-Autoset von Le Toy Van ist ein Vintage-inspiriertes Spielzeugset aus Holz mit Autos und Wohnmobilen, das sich perfekt f\u00fcr nostalgisches Fahrzeugspiel eignet. Ab 3 Jahren.\" \/>\n<meta name=\"robots\" content=\"index, follow, max-snippet:-1, max-image-preview:large, max-video-preview:-1\" \/>\n<link rel=\"canonical\" href=\"https:\/\/teiaeducation.ch\/de\/produkt\/holzautos-im-retro-stil-le-toy-van\/\" \/>\n<meta property=\"og:locale\" content=\"de_DE\" \/>\n<meta property=\"og:type\" content=\"article\" \/>\n<meta property=\"og:title\" content=\"Holzautos im Retro Stil - Le Toy Van\" \/>\n<meta property=\"og:description\" content=\"Das kleine Retro-Autoset von Le Toy Van ist ein Vintage-inspiriertes Spielzeugset aus Holz mit Autos und Wohnmobilen, das sich perfekt f\u00fcr nostalgisches Fahrzeugspiel eignet. Ab 3 Jahren.\" \/>\n<meta property=\"og:url\" content=\"https:\/\/teiaeducation.ch\/de\/produkt\/holzautos-im-retro-stil-le-toy-van\/\" \/>\n<meta property=\"og:site_name\" content=\"Sustainable Educational Products &amp; Ecological Toys\u00a0\" \/>\n<meta property=\"article:publisher\" content=\"https:\/\/www.facebook.com\/teiaeducation\/\" \/>\n<meta property=\"article:modified_time\" content=\"2025-12-11T14:24:56+00:00\" \/>\n<meta property=\"og:image\" content=\"https:\/\/teiaeducation.ch\/wp-content\/uploads\/2021\/10\/Wooden-small-retro-cars-set-Le-Toy-Van.jpg\" \/>\n\t<meta property=\"og:image:width\" content=\"900\" \/>\n\t<meta property=\"og:image:height\" content=\"900\" \/>\n\t<meta property=\"og:image:type\" content=\"image\/jpeg\" \/>\n<script type=\"application\/ld+json\" class=\"yoast-schema-graph\">{\"@context\":\"https:\\\/\\\/schema.org\",\"@graph\":[{\"@type\":\"WebPage\",\"@id\":\"https:\\\/\\\/teiaeducation.ch\\\/de\\\/produkt\\\/holzautos-im-retro-stil-le-toy-van\\\/\",\"url\":\"https:\\\/\\\/teiaeducation.ch\\\/de\\\/produkt\\\/holzautos-im-retro-stil-le-toy-van\\\/\",\"name\":\"Holzautos im Retro Stil - Le Toy Van\",\"isPartOf\":{\"@id\":\"https:\\\/\\\/teiaeducation.ch\\\/de\\\/#website\"},\"primaryImageOfPage\":{\"@id\":\"https:\\\/\\\/teiaeducation.ch\\\/de\\\/produkt\\\/holzautos-im-retro-stil-le-toy-van\\\/#primaryimage\"},\"image\":{\"@id\":\"https:\\\/\\\/teiaeducation.ch\\\/de\\\/produkt\\\/holzautos-im-retro-stil-le-toy-van\\\/#primaryimage\"},\"thumbnailUrl\":\"https:\\\/\\\/teiaeducation.ch\\\/wp-content\\\/uploads\\\/2021\\\/10\\\/Wooden-small-retro-cars-set-Le-Toy-Van.jpg\",\"datePublished\":\"2021-11-01T10:35:16+00:00\",\"dateModified\":\"2025-12-11T14:24:56+00:00\",\"description\":\"Das kleine Retro-Autoset von Le Toy Van ist ein Vintage-inspiriertes Spielzeugset aus Holz mit Autos und Wohnmobilen, das sich perfekt f\u00fcr nostalgisches Fahrzeugspiel eignet. Ab 3 Jahren.\",\"breadcrumb\":{\"@id\":\"https:\\\/\\\/teiaeducation.ch\\\/de\\\/produkt\\\/holzautos-im-retro-stil-le-toy-van\\\/#breadcrumb\"},\"inLanguage\":\"de-CH\",\"potentialAction\":[{\"@type\":\"ReadAction\",\"target\":[\"https:\\\/\\\/teiaeducation.ch\\\/de\\\/produkt\\\/holzautos-im-retro-stil-le-toy-van\\\/\"]}]},{\"@type\":\"ImageObject\",\"inLanguage\":\"de-CH\",\"@id\":\"https:\\\/\\\/teiaeducation.ch\\\/de\\\/produkt\\\/holzautos-im-retro-stil-le-toy-van\\\/#primaryimage\",\"url\":\"https:\\\/\\\/teiaeducation.ch\\\/wp-content\\\/uploads\\\/2021\\\/10\\\/Wooden-small-retro-cars-set-Le-Toy-Van.jpg\",\"contentUrl\":\"https:\\\/\\\/teiaeducation.ch\\\/wp-content\\\/uploads\\\/2021\\\/10\\\/Wooden-small-retro-cars-set-Le-Toy-Van.jpg\",\"width\":900,\"height\":900,\"caption\":\"Holzautos im Retro Stil - Le Toy Van\"},{\"@type\":\"BreadcrumbList\",\"@id\":\"https:\\\/\\\/teiaeducation.ch\\\/de\\\/produkt\\\/holzautos-im-retro-stil-le-toy-van\\\/#breadcrumb\",\"itemListElement\":[{\"@type\":\"ListItem\",\"position\":1,\"name\":\"Home\",\"item\":\"https:\\\/\\\/teiaeducation.ch\\\/de\\\/\"},{\"@type\":\"ListItem\",\"position\":2,\"name\":\"Laden\",\"item\":\"https:\\\/\\\/teiaeducation.ch\\\/de\\\/shop\\\/\"},{\"@type\":\"ListItem\",\"position\":3,\"name\":\"Unsere Marken\",\"item\":\"https:\\\/\\\/teiaeducation.ch\\\/de\\\/produkt-kategorie\\\/unsere-marken\\\/\"},{\"@type\":\"ListItem\",\"position\":4,\"name\":\"Le Toy Van\",\"item\":\"https:\\\/\\\/teiaeducation.ch\\\/de\\\/produkt-kategorie\\\/unsere-marken\\\/le-toy-van-de\\\/\"},{\"@type\":\"ListItem\",\"position\":5,\"name\":\"Holzautos im Retro Stil &#8211; Le Toy Van\"}]},{\"@type\":\"WebSite\",\"@id\":\"https:\\\/\\\/teiaeducation.ch\\\/de\\\/#website\",\"url\":\"https:\\\/\\\/teiaeducation.ch\\\/de\\\/\",\"name\":\"Sustainable Educational Products &amp; Ecological Toys\u00a0\",\"description\":\"Specialised Swiss shop selling sustainable educational toys and games, AMI certified Montessori materials, handmade ecological wooden Waldorf toys and arts &amp; crafts supplies, school supplies, children&#039;s furniture and Montessori reference and parenting books.\",\"publisher\":{\"@id\":\"https:\\\/\\\/teiaeducation.ch\\\/de\\\/#organization\"},\"alternateName\":\"Teia Education & Play\",\"potentialAction\":[{\"@type\":\"SearchAction\",\"target\":{\"@type\":\"EntryPoint\",\"urlTemplate\":\"https:\\\/\\\/teiaeducation.ch\\\/de\\\/?s={search_term_string}\"},\"query-input\":{\"@type\":\"PropertyValueSpecification\",\"valueRequired\":true,\"valueName\":\"search_term_string\"}}],\"inLanguage\":\"de-CH\"},{\"@type\":\"Organization\",\"@id\":\"https:\\\/\\\/teiaeducation.ch\\\/de\\\/#organization\",\"name\":\"Teia Education & Play\",\"url\":\"https:\\\/\\\/teiaeducation.ch\\\/de\\\/\",\"logo\":{\"@type\":\"ImageObject\",\"inLanguage\":\"de-CH\",\"@id\":\"https:\\\/\\\/teiaeducation.ch\\\/de\\\/#\\\/schema\\\/logo\\\/image\\\/\",\"url\":\"https:\\\/\\\/teiaeducation.ch\\\/wp-content\\\/uploads\\\/2020\\\/11\\\/Teia-Education-Switzerland-e1620156442216.jpg\",\"contentUrl\":\"https:\\\/\\\/teiaeducation.ch\\\/wp-content\\\/uploads\\\/2020\\\/11\\\/Teia-Education-Switzerland-e1620156442216.jpg\",\"width\":166,\"height\":145,\"caption\":\"Teia Education & Play\"},\"image\":{\"@id\":\"https:\\\/\\\/teiaeducation.ch\\\/de\\\/#\\\/schema\\\/logo\\\/image\\\/\"},\"sameAs\":[\"https:\\\/\\\/www.facebook.com\\\/teiaeducation\\\/\",\"https:\\\/\\\/x.com\\\/EducationTeia\",\"https:\\\/\\\/www.instagram.com\\\/teia.education\\\/\",\"https:\\\/\\\/www.linkedin.com\\\/company\\\/35501660\",\"https:\\\/\\\/www.pinterest.ch\\\/TeiaEducation\\\/\"]}]}<\/script>\n<!-- \/ Yoast SEO plugin. -->","yoast_head_json":{"title":"Holzautos im Retro Stil - Le Toy Van","description":"Das kleine Retro-Autoset von Le Toy Van ist ein Vintage-inspiriertes Spielzeugset aus Holz mit Autos und Wohnmobilen, das sich perfekt f\u00fcr nostalgisches Fahrzeugspiel eignet. Ab 3 Jahren.","robots":{"index":"index","follow":"follow","max-snippet":"max-snippet:-1","max-image-preview":"max-image-preview:large","max-video-preview":"max-video-preview:-1"},"canonical":"https:\/\/teiaeducation.ch\/de\/produkt\/holzautos-im-retro-stil-le-toy-van\/","og_locale":"de_DE","og_type":"article","og_title":"Holzautos im Retro Stil - Le Toy Van","og_description":"Das kleine Retro-Autoset von Le Toy Van ist ein Vintage-inspiriertes Spielzeugset aus Holz mit Autos und Wohnmobilen, das sich perfekt f\u00fcr nostalgisches Fahrzeugspiel eignet. Ab 3 Jahren.","og_url":"https:\/\/teiaeducation.ch\/de\/produkt\/holzautos-im-retro-stil-le-toy-van\/","og_site_name":"Sustainable Educational Products &amp; Ecological Toys\u00a0","article_publisher":"https:\/\/www.facebook.com\/teiaeducation\/","article_modified_time":"2025-12-11T14:24:56+00:00","og_image":[{"width":900,"height":900,"url":"https:\/\/teiaeducation.ch\/wp-content\/uploads\/2021\/10\/Wooden-small-retro-cars-set-Le-Toy-Van.jpg","type":"image\/jpeg"}],"schema":{"@context":"https:\/\/schema.org","@graph":[{"@type":"WebPage","@id":"https:\/\/teiaeducation.ch\/de\/produkt\/holzautos-im-retro-stil-le-toy-van\/","url":"https:\/\/teiaeducation.ch\/de\/produkt\/holzautos-im-retro-stil-le-toy-van\/","name":"Holzautos im Retro Stil - Le Toy Van","isPartOf":{"@id":"https:\/\/teiaeducation.ch\/de\/#website"},"primaryImageOfPage":{"@id":"https:\/\/teiaeducation.ch\/de\/produkt\/holzautos-im-retro-stil-le-toy-van\/#primaryimage"},"image":{"@id":"https:\/\/teiaeducation.ch\/de\/produkt\/holzautos-im-retro-stil-le-toy-van\/#primaryimage"},"thumbnailUrl":"https:\/\/teiaeducation.ch\/wp-content\/uploads\/2021\/10\/Wooden-small-retro-cars-set-Le-Toy-Van.jpg","datePublished":"2021-11-01T10:35:16+00:00","dateModified":"2025-12-11T14:24:56+00:00","description":"Das kleine Retro-Autoset von Le Toy Van ist ein Vintage-inspiriertes Spielzeugset aus Holz mit Autos und Wohnmobilen, das sich perfekt f\u00fcr nostalgisches Fahrzeugspiel eignet. Ab 3 Jahren.","breadcrumb":{"@id":"https:\/\/teiaeducation.ch\/de\/produkt\/holzautos-im-retro-stil-le-toy-van\/#breadcrumb"},"inLanguage":"de-CH","potentialAction":[{"@type":"ReadAction","target":["https:\/\/teiaeducation.ch\/de\/produkt\/holzautos-im-retro-stil-le-toy-van\/"]}]},{"@type":"ImageObject","inLanguage":"de-CH","@id":"https:\/\/teiaeducation.ch\/de\/produkt\/holzautos-im-retro-stil-le-toy-van\/#primaryimage","url":"https:\/\/teiaeducation.ch\/wp-content\/uploads\/2021\/10\/Wooden-small-retro-cars-set-Le-Toy-Van.jpg","contentUrl":"https:\/\/teiaeducation.ch\/wp-content\/uploads\/2021\/10\/Wooden-small-retro-cars-set-Le-Toy-Van.jpg","width":900,"height":900,"caption":"Holzautos im Retro Stil - Le Toy Van"},{"@type":"BreadcrumbList","@id":"https:\/\/teiaeducation.ch\/de\/produkt\/holzautos-im-retro-stil-le-toy-van\/#breadcrumb","itemListElement":[{"@type":"ListItem","position":1,"name":"Home","item":"https:\/\/teiaeducation.ch\/de\/"},{"@type":"ListItem","position":2,"name":"Laden","item":"https:\/\/teiaeducation.ch\/de\/shop\/"},{"@type":"ListItem","position":3,"name":"Unsere Marken","item":"https:\/\/teiaeducation.ch\/de\/produkt-kategorie\/unsere-marken\/"},{"@type":"ListItem","position":4,"name":"Le Toy Van","item":"https:\/\/teiaeducation.ch\/de\/produkt-kategorie\/unsere-marken\/le-toy-van-de\/"},{"@type":"ListItem","position":5,"name":"Holzautos im Retro Stil &#8211; Le Toy Van"}]},{"@type":"WebSite","@id":"https:\/\/teiaeducation.ch\/de\/#website","url":"https:\/\/teiaeducation.ch\/de\/","name":"Sustainable Educational Products &amp; Ecological Toys\u00a0","description":"Specialised Swiss shop selling sustainable educational toys and games, AMI certified Montessori materials, handmade ecological wooden Waldorf toys and arts &amp; crafts supplies, school supplies, children&#039;s furniture and Montessori reference and parenting books.","publisher":{"@id":"https:\/\/teiaeducation.ch\/de\/#organization"},"alternateName":"Teia Education & Play","potentialAction":[{"@type":"SearchAction","target":{"@type":"EntryPoint","urlTemplate":"https:\/\/teiaeducation.ch\/de\/?s={search_term_string}"},"query-input":{"@type":"PropertyValueSpecification","valueRequired":true,"valueName":"search_term_string"}}],"inLanguage":"de-CH"},{"@type":"Organization","@id":"https:\/\/teiaeducation.ch\/de\/#organization","name":"Teia Education & Play","url":"https:\/\/teiaeducation.ch\/de\/","logo":{"@type":"ImageObject","inLanguage":"de-CH","@id":"https:\/\/teiaeducation.ch\/de\/#\/schema\/logo\/image\/","url":"https:\/\/teiaeducation.ch\/wp-content\/uploads\/2020\/11\/Teia-Education-Switzerland-e1620156442216.jpg","contentUrl":"https:\/\/teiaeducation.ch\/wp-content\/uploads\/2020\/11\/Teia-Education-Switzerland-e1620156442216.jpg","width":166,"height":145,"caption":"Teia Education & Play"},"image":{"@id":"https:\/\/teiaeducation.ch\/de\/#\/schema\/logo\/image\/"},"sameAs":["https:\/\/www.facebook.com\/teiaeducation\/","https:\/\/x.com\/EducationTeia","https:\/\/www.instagram.com\/teia.education\/","https:\/\/www.linkedin.com\/company\/35501660","https:\/\/www.pinterest.ch\/TeiaEducation\/"]}]}},"_links":{"self":[{"href":"https:\/\/teiaeducation.ch\/de\/wp-json\/wp\/v2\/product\/66052","targetHints":{"allow":["GET"]}}],"collection":[{"href":"https:\/\/teiaeducation.ch\/de\/wp-json\/wp\/v2\/product"}],"about":[{"href":"https:\/\/teiaeducation.ch\/de\/wp-json\/wp\/v2\/types\/product"}],"replies":[{"embeddable":true,"href":"https:\/\/teiaeducation.ch\/de\/wp-json\/wp\/v2\/comments?post=66052"}],"wp:featuredmedia":[{"embeddable":true,"href":"https:\/\/teiaeducation.ch\/de\/wp-json\/wp\/v2\/media\/40330"}],"wp:attachment":[{"href":"https:\/\/teiaeducation.ch\/de\/wp-json\/wp\/v2\/media?parent=66052"}],"wp:term":[{"taxonomy":"product_brand","embeddable":true,"href":"https:\/\/teiaeducation.ch\/de\/wp-json\/wp\/v2\/product_brand?post=66052"},{"taxonomy":"product_cat","embeddable":true,"href":"https:\/\/teiaeducation.ch\/de\/wp-json\/wp\/v2\/product_cat?post=66052"},{"taxonomy":"product_tag","embeddable":true,"href":"https:\/\/teiaeducation.ch\/de\/wp-json\/wp\/v2\/product_tag?post=66052"}],"curies":[{"name":"wp","href":"https:\/\/api.w.org\/{rel}","templated":true}]}}