{"id":66054,"date":"2021-03-25T15:12:31","date_gmt":"2021-03-25T14:12:31","guid":{"rendered":"https:\/\/teiaeducation.ch\/product\/steckspiel-gemuese-le-toy-van\/"},"modified":"2025-12-11T15:24:34","modified_gmt":"2025-12-11T14:24:34","slug":"steckspiel-gemuese-le-toy-van","status":"publish","type":"product","link":"https:\/\/teiaeducation.ch\/de\/produkt\/steckspiel-gemuese-le-toy-van\/","title":{"rendered":"Steckspiel Gem\u00fcse &#8211; Le Toy Van"},"content":{"rendered":"<p>Das Le Toy Van Stapelspielzeug \u201eGem\u00fcse\u201c aus der Petilou-Kollektion ist ein entz\u00fcckend originelles Stapelspielzeug aus Holz mit drei fr\u00f6hlichen Gem\u00fcsesorten in ihren nat\u00fcrlichen Holzt\u00f6pfen!<\/p>\n<p>Kombinieren Sie die Teile, um eine Karotte, eine Rote Beete und einen Rettich zu gestalten. Das Set enth\u00e4lt sechs abnehmbare, austauschbare<a href=\"https:\/\/teiaeducation.ch\/de\/produkt-kategorie\/kinder-spielzeug\/stapelspielzeug\/\"> Stapelteile<\/a>, mit denen Sie eine Karotte, eine Rote Beete und einen Rettich gestalten oder die Teile beliebig kombinieren k\u00f6nnen.<\/p>\n<p>Das farbenfrohe Design regt die Fantasie an und f\u00f6rdert das fr\u00fche Lernen durch Spielen, da es die Hand-Augen-Koordination, die manuelle Geschicklichkeit und das Selbstvertrauen entwickelt.<\/p>\n<p>Das Stapelspielzeug mit Gem\u00fcsemotiven wurde 2019 mit der Goldmedaille des Junior Design Awards ausgezeichnet.<\/p>\n<p><img loading=\"lazy\" decoding=\"async\" src=\"https:\/\/cdn.shopify.com\/s\/files\/1\/0069\/2299\/3728\/files\/Awards_Junior_Design_Awards_2016_large.jpg?v=1548090194\" alt=\"\" width=\"100\" height=\"100\" \/><\/p>\n<p>Hergestellt aus strapazierf\u00e4higem, nachhaltigem Kautschukholz, ist das Stapelspielzeug \u201eGem\u00fcse\u201c ein sicheres Spielzeug mit abgeschliffenen Kanten und ist mit ungiftigen Farben bemalt.<\/p>\n<p>Das Le Toy Van Stapelspielzeug \u201eGem\u00fcse\u201c ist f\u00fcr Kinder ab 12 Monaten geeignet.<\/p>\n<p>Inhalt:<\/p>\n<p>3 abnehmbare Gem\u00fcsest\u00fccke aus Holz<br \/>\n3 T\u00f6pfe aus Holz<\/p>\n<h2>Uber Le Toy Van<\/h2>\n<p><a href=\"https:\/\/teiaeducation.ch\/de\/produkt-kategorie\/unsere-marken\/le-toy-van-de\/\">Le Toy Van<\/a> ist ein englisches Spielzeugunternehmen, das 1995 gegr\u00fcndet wurde und sich auf hochwertiges traditionelles <a href=\"https:\/\/teiaeducation.ch\/de\/produkt-kategorie\/kinder-spielzeug\/handgefertigtes-holzspielzeug\/\">Holzspielzeug<\/a> spezialisiert hat, das einen neuen, zeitgem\u00e4\u00dfen Stil erhalten hat.<\/p>\n<p>Alle Spielzeuge von Le Toy Van werden unter Einhaltung strenger Qualit\u00e4ts-, Sicherheits- und Nachhaltigkeitsstandards ethisch einwandfrei hergestellt, wobei nat\u00fcrliche Materialien wie nachwachsendes, glattes Kautschukholz verwendet werden. Es wurde nach den h\u00f6chsten Sicherheitsstandards getestet und entspricht den EN-71- und ASTM-Sicherheitsnormen.<\/p>\n<p>Diese innovativen und wundersch\u00f6n gestalteten Spielzeuge f\u00f6rdern das fr\u00fche Lernen durch <a href=\"https:\/\/teiaeducation.ch\/de\/produkt-kategorie\/kinder-spielzeug\/phantasievoll-rollenspiel\/\">fantasievolles Rollenspiel<\/a> und bieten zahlreiche M\u00f6glichkeiten zur <a href=\"https:\/\/teiaeducation.ch\/de\/produkt-kategorie\/lernthemen\/alphabetisierung-sprache\/\">sprachlichen<\/a> und sozialen Entwicklung sowie zur F\u00f6rderung der <a href=\"https:\/\/teiaeducation.ch\/de\/produkt-kategorie\/lernthemen\/sensorische-motorische-fertigkeiten\/motorische-fertigkeiten\/\">Feinmotorik<\/a>. Sie sind langlebig und sorgen f\u00fcr generations\u00fcbergreifenden Spielspa\u00df!<\/p>\n","protected":false},"excerpt":{"rendered":"<p>Artikelnummer: ltvpl121<\/p>\n<p>Das Le Toy Van Stapelgem\u00fcse aus der Petilou-Kollektion ist ein entz\u00fcckend skurriles Set aus drei fr\u00f6hlichen Holzgem\u00fcsesorten in ihren nat\u00fcrlichen Holzt\u00f6pfen!<\/p>\n","protected":false},"featured_media":66055,"comment_status":"open","ping_status":"closed","template":"","meta":[],"product_brand":[],"product_cat":[21444,21445,21512,21670,21486,21484,22422,21510,21585,21509,21443,21563,22362,21494,23636,21678,21497,21699,21564],"product_tag":[22674,21743,30170,30169],"class_list":{"0":"post-66054","1":"product","2":"type-product","3":"status-publish","4":"has-post-thumbnail","6":"product_cat-1-3-jahre-kleinkind","7":"product_cat-3-6-jahre-vorschule","8":"product_cat-botanik","9":"product_cat-fruehjahrskollektion","10":"product_cat-geschenk-guide-1-3-jahre-kleinkind","11":"product_cat-geschenk-guides","12":"product_cat-geschenke-fuer-das-osterkoerbchen","13":"product_cat-kultur-wissenschaft","14":"product_cat-le-toy-van-de","15":"product_cat-lernthemen","16":"product_cat-nach-alter","17":"product_cat-neuheiten","18":"product_cat-saisonale-kollektionen","19":"product_cat-schulbedarf-fuer-zuhause","20":"product_cat-sommer-kollektion","21":"product_cat-kinder-spielzeug","22":"product_cat-spielen-und-lernen-fuer-babys-kleinkinder","23":"product_cat-stapelspielzeug","24":"product_cat-unsere-marken","25":"product_tag-le-toy-van-de","26":"product_tag-nachhaltiges-holzspielzeug","27":"product_tag-stapelbarer-garten-von-le-toy-van","28":"product_tag-stapelspielzeug-aus-holz-de","30":"first","31":"instock","32":"taxable","33":"shipping-taxable","34":"purchasable","35":"product-type-simple"},"yoast_head":"<!-- This site is optimized with the Yoast SEO plugin v27.1.1 - https:\/\/yoast.com\/product\/yoast-seo-wordpress\/ -->\n<title>Holzautos im Retro Stil - Le Toy Van<\/title>\n<meta name=\"description\" content=\"Das Le Toy Van Stapelgem\u00fcse aus der Petilou-Kollektion ist ein entz\u00fcckend skurriles Set aus drei fr\u00f6hlichen Holzgem\u00fcsesorten in ihren nat\u00fcrlichen Holzt\u00f6pfen!\" \/>\n<meta name=\"robots\" content=\"index, follow, max-snippet:-1, max-image-preview:large, max-video-preview:-1\" \/>\n<link rel=\"canonical\" href=\"https:\/\/teiaeducation.ch\/de\/produkt\/steckspiel-gemuese-le-toy-van\/\" \/>\n<meta property=\"og:locale\" content=\"de_DE\" \/>\n<meta property=\"og:type\" content=\"article\" \/>\n<meta property=\"og:title\" content=\"Holzautos im Retro Stil - Le Toy Van\" \/>\n<meta property=\"og:description\" content=\"Das Le Toy Van Stapelgem\u00fcse aus der Petilou-Kollektion ist ein entz\u00fcckend skurriles Set aus drei fr\u00f6hlichen Holzgem\u00fcsesorten in ihren nat\u00fcrlichen Holzt\u00f6pfen!\" \/>\n<meta property=\"og:url\" content=\"https:\/\/teiaeducation.ch\/de\/produkt\/steckspiel-gemuese-le-toy-van\/\" \/>\n<meta property=\"og:site_name\" content=\"Sustainable Educational Products &amp; Ecological Toys\u00a0\" \/>\n<meta property=\"article:publisher\" content=\"https:\/\/www.facebook.com\/teiaeducation\/\" \/>\n<meta property=\"article:modified_time\" content=\"2025-12-11T14:24:34+00:00\" \/>\n<meta property=\"og:image\" content=\"https:\/\/teiaeducation.ch\/wp-content\/uploads\/2021\/03\/Stacking-veggies-Wooden-veggies-themed-stacking-toy-Le-Toy-Van-Petilou.jpg\" \/>\n\t<meta property=\"og:image:width\" content=\"900\" \/>\n\t<meta property=\"og:image:height\" content=\"900\" \/>\n\t<meta property=\"og:image:type\" content=\"image\/jpeg\" \/>\n<script type=\"application\/ld+json\" class=\"yoast-schema-graph\">{\"@context\":\"https:\/\/schema.org\",\"@graph\":[{\"@type\":\"WebPage\",\"@id\":\"https:\/\/teiaeducation.ch\/de\/produkt\/steckspiel-gemuese-le-toy-van\/\",\"url\":\"https:\/\/teiaeducation.ch\/de\/produkt\/steckspiel-gemuese-le-toy-van\/\",\"name\":\"Holzautos im Retro Stil - Le Toy Van\",\"isPartOf\":{\"@id\":\"https:\/\/teiaeducation.ch\/de\/#website\"},\"primaryImageOfPage\":{\"@id\":\"https:\/\/teiaeducation.ch\/de\/produkt\/steckspiel-gemuese-le-toy-van\/#primaryimage\"},\"image\":{\"@id\":\"https:\/\/teiaeducation.ch\/de\/produkt\/steckspiel-gemuese-le-toy-van\/#primaryimage\"},\"thumbnailUrl\":\"https:\/\/teiaeducation.ch\/wp-content\/uploads\/2021\/03\/Stacking-veggies-Wooden-veggies-themed-stacking-toy-Le-Toy-Van-Petilou.jpg\",\"datePublished\":\"2021-03-25T14:12:31+00:00\",\"dateModified\":\"2025-12-11T14:24:34+00:00\",\"description\":\"Das Le Toy Van Stapelgem\u00fcse aus der Petilou-Kollektion ist ein entz\u00fcckend skurriles Set aus drei fr\u00f6hlichen Holzgem\u00fcsesorten in ihren nat\u00fcrlichen Holzt\u00f6pfen!\",\"breadcrumb\":{\"@id\":\"https:\/\/teiaeducation.ch\/de\/produkt\/steckspiel-gemuese-le-toy-van\/#breadcrumb\"},\"inLanguage\":\"de-CH\",\"potentialAction\":[{\"@type\":\"ReadAction\",\"target\":[\"https:\/\/teiaeducation.ch\/de\/produkt\/steckspiel-gemuese-le-toy-van\/\"]}]},{\"@type\":\"ImageObject\",\"inLanguage\":\"de-CH\",\"@id\":\"https:\/\/teiaeducation.ch\/de\/produkt\/steckspiel-gemuese-le-toy-van\/#primaryimage\",\"url\":\"https:\/\/teiaeducation.ch\/wp-content\/uploads\/2021\/03\/Stacking-veggies-Wooden-veggies-themed-stacking-toy-Le-Toy-Van-Petilou.jpg\",\"contentUrl\":\"https:\/\/teiaeducation.ch\/wp-content\/uploads\/2021\/03\/Stacking-veggies-Wooden-veggies-themed-stacking-toy-Le-Toy-Van-Petilou.jpg\",\"width\":900,\"height\":900,\"caption\":\"Gem\u00fcse stapeln \/ Holzspielzeug zum Stapeln mit Gem\u00fcsemotiven \u2013 Le Toy Van Petilou\"},{\"@type\":\"BreadcrumbList\",\"@id\":\"https:\/\/teiaeducation.ch\/de\/produkt\/steckspiel-gemuese-le-toy-van\/#breadcrumb\",\"itemListElement\":[{\"@type\":\"ListItem\",\"position\":1,\"name\":\"Home\",\"item\":\"https:\/\/teiaeducation.ch\/de\/\"},{\"@type\":\"ListItem\",\"position\":2,\"name\":\"Laden\",\"item\":\"https:\/\/teiaeducation.ch\/de\/shop\/\"},{\"@type\":\"ListItem\",\"position\":3,\"name\":\"Unsere Marken\",\"item\":\"https:\/\/teiaeducation.ch\/de\/produkt-kategorie\/unsere-marken\/\"},{\"@type\":\"ListItem\",\"position\":4,\"name\":\"Le Toy Van\",\"item\":\"https:\/\/teiaeducation.ch\/de\/produkt-kategorie\/unsere-marken\/le-toy-van-de\/\"},{\"@type\":\"ListItem\",\"position\":5,\"name\":\"Steckspiel Gem\u00fcse &#8211; Le Toy Van\"}]},{\"@type\":\"WebSite\",\"@id\":\"https:\/\/teiaeducation.ch\/de\/#website\",\"url\":\"https:\/\/teiaeducation.ch\/de\/\",\"name\":\"Sustainable Educational Products &amp; Ecological Toys\u00a0\",\"description\":\"Specialised Swiss shop selling sustainable educational toys and games, AMI certified Montessori materials, handmade ecological wooden Waldorf toys and arts &amp; crafts supplies, school supplies, children&#039;s furniture and Montessori reference and parenting books.\",\"publisher\":{\"@id\":\"https:\/\/teiaeducation.ch\/de\/#organization\"},\"alternateName\":\"Teia Education & Play\",\"potentialAction\":[{\"@type\":\"SearchAction\",\"target\":{\"@type\":\"EntryPoint\",\"urlTemplate\":\"https:\/\/teiaeducation.ch\/de\/?s={search_term_string}\"},\"query-input\":{\"@type\":\"PropertyValueSpecification\",\"valueRequired\":true,\"valueName\":\"search_term_string\"}}],\"inLanguage\":\"de-CH\"},{\"@type\":\"Organization\",\"@id\":\"https:\/\/teiaeducation.ch\/de\/#organization\",\"name\":\"Teia Education & Play\",\"url\":\"https:\/\/teiaeducation.ch\/de\/\",\"logo\":{\"@type\":\"ImageObject\",\"inLanguage\":\"de-CH\",\"@id\":\"https:\/\/teiaeducation.ch\/de\/#\/schema\/logo\/image\/\",\"url\":\"https:\/\/teiaeducation.ch\/wp-content\/uploads\/2020\/11\/Teia-Education-Switzerland-e1620156442216.jpg\",\"contentUrl\":\"https:\/\/teiaeducation.ch\/wp-content\/uploads\/2020\/11\/Teia-Education-Switzerland-e1620156442216.jpg\",\"width\":166,\"height\":145,\"caption\":\"Teia Education & Play\"},\"image\":{\"@id\":\"https:\/\/teiaeducation.ch\/de\/#\/schema\/logo\/image\/\"},\"sameAs\":[\"https:\/\/www.facebook.com\/teiaeducation\/\",\"https:\/\/x.com\/EducationTeia\",\"https:\/\/www.instagram.com\/teia.education\/\",\"https:\/\/www.linkedin.com\/company\/35501660\",\"https:\/\/www.pinterest.ch\/TeiaEducation\/\"]}]}<\/script>\n<!-- \/ Yoast SEO plugin. -->","yoast_head_json":{"title":"Holzautos im Retro Stil - Le Toy Van","description":"Das Le Toy Van Stapelgem\u00fcse aus der Petilou-Kollektion ist ein entz\u00fcckend skurriles Set aus drei fr\u00f6hlichen Holzgem\u00fcsesorten in ihren nat\u00fcrlichen Holzt\u00f6pfen!","robots":{"index":"index","follow":"follow","max-snippet":"max-snippet:-1","max-image-preview":"max-image-preview:large","max-video-preview":"max-video-preview:-1"},"canonical":"https:\/\/teiaeducation.ch\/de\/produkt\/steckspiel-gemuese-le-toy-van\/","og_locale":"de_DE","og_type":"article","og_title":"Holzautos im Retro Stil - Le Toy Van","og_description":"Das Le Toy Van Stapelgem\u00fcse aus der Petilou-Kollektion ist ein entz\u00fcckend skurriles Set aus drei fr\u00f6hlichen Holzgem\u00fcsesorten in ihren nat\u00fcrlichen Holzt\u00f6pfen!","og_url":"https:\/\/teiaeducation.ch\/de\/produkt\/steckspiel-gemuese-le-toy-van\/","og_site_name":"Sustainable Educational Products &amp; Ecological Toys\u00a0","article_publisher":"https:\/\/www.facebook.com\/teiaeducation\/","article_modified_time":"2025-12-11T14:24:34+00:00","og_image":[{"width":900,"height":900,"url":"https:\/\/teiaeducation.ch\/wp-content\/uploads\/2021\/03\/Stacking-veggies-Wooden-veggies-themed-stacking-toy-Le-Toy-Van-Petilou.jpg","type":"image\/jpeg"}],"schema":{"@context":"https:\/\/schema.org","@graph":[{"@type":"WebPage","@id":"https:\/\/teiaeducation.ch\/de\/produkt\/steckspiel-gemuese-le-toy-van\/","url":"https:\/\/teiaeducation.ch\/de\/produkt\/steckspiel-gemuese-le-toy-van\/","name":"Holzautos im Retro Stil - Le Toy Van","isPartOf":{"@id":"https:\/\/teiaeducation.ch\/de\/#website"},"primaryImageOfPage":{"@id":"https:\/\/teiaeducation.ch\/de\/produkt\/steckspiel-gemuese-le-toy-van\/#primaryimage"},"image":{"@id":"https:\/\/teiaeducation.ch\/de\/produkt\/steckspiel-gemuese-le-toy-van\/#primaryimage"},"thumbnailUrl":"https:\/\/teiaeducation.ch\/wp-content\/uploads\/2021\/03\/Stacking-veggies-Wooden-veggies-themed-stacking-toy-Le-Toy-Van-Petilou.jpg","datePublished":"2021-03-25T14:12:31+00:00","dateModified":"2025-12-11T14:24:34+00:00","description":"Das Le Toy Van Stapelgem\u00fcse aus der Petilou-Kollektion ist ein entz\u00fcckend skurriles Set aus drei fr\u00f6hlichen Holzgem\u00fcsesorten in ihren nat\u00fcrlichen Holzt\u00f6pfen!","breadcrumb":{"@id":"https:\/\/teiaeducation.ch\/de\/produkt\/steckspiel-gemuese-le-toy-van\/#breadcrumb"},"inLanguage":"de-CH","potentialAction":[{"@type":"ReadAction","target":["https:\/\/teiaeducation.ch\/de\/produkt\/steckspiel-gemuese-le-toy-van\/"]}]},{"@type":"ImageObject","inLanguage":"de-CH","@id":"https:\/\/teiaeducation.ch\/de\/produkt\/steckspiel-gemuese-le-toy-van\/#primaryimage","url":"https:\/\/teiaeducation.ch\/wp-content\/uploads\/2021\/03\/Stacking-veggies-Wooden-veggies-themed-stacking-toy-Le-Toy-Van-Petilou.jpg","contentUrl":"https:\/\/teiaeducation.ch\/wp-content\/uploads\/2021\/03\/Stacking-veggies-Wooden-veggies-themed-stacking-toy-Le-Toy-Van-Petilou.jpg","width":900,"height":900,"caption":"Gem\u00fcse stapeln \/ Holzspielzeug zum Stapeln mit Gem\u00fcsemotiven \u2013 Le Toy Van Petilou"},{"@type":"BreadcrumbList","@id":"https:\/\/teiaeducation.ch\/de\/produkt\/steckspiel-gemuese-le-toy-van\/#breadcrumb","itemListElement":[{"@type":"ListItem","position":1,"name":"Home","item":"https:\/\/teiaeducation.ch\/de\/"},{"@type":"ListItem","position":2,"name":"Laden","item":"https:\/\/teiaeducation.ch\/de\/shop\/"},{"@type":"ListItem","position":3,"name":"Unsere Marken","item":"https:\/\/teiaeducation.ch\/de\/produkt-kategorie\/unsere-marken\/"},{"@type":"ListItem","position":4,"name":"Le Toy Van","item":"https:\/\/teiaeducation.ch\/de\/produkt-kategorie\/unsere-marken\/le-toy-van-de\/"},{"@type":"ListItem","position":5,"name":"Steckspiel Gem\u00fcse &#8211; Le Toy Van"}]},{"@type":"WebSite","@id":"https:\/\/teiaeducation.ch\/de\/#website","url":"https:\/\/teiaeducation.ch\/de\/","name":"Sustainable Educational Products &amp; Ecological Toys\u00a0","description":"Specialised Swiss shop selling sustainable educational toys and games, AMI certified Montessori materials, handmade ecological wooden Waldorf toys and arts &amp; crafts supplies, school supplies, children&#039;s furniture and Montessori reference and parenting books.","publisher":{"@id":"https:\/\/teiaeducation.ch\/de\/#organization"},"alternateName":"Teia Education & Play","potentialAction":[{"@type":"SearchAction","target":{"@type":"EntryPoint","urlTemplate":"https:\/\/teiaeducation.ch\/de\/?s={search_term_string}"},"query-input":{"@type":"PropertyValueSpecification","valueRequired":true,"valueName":"search_term_string"}}],"inLanguage":"de-CH"},{"@type":"Organization","@id":"https:\/\/teiaeducation.ch\/de\/#organization","name":"Teia Education & Play","url":"https:\/\/teiaeducation.ch\/de\/","logo":{"@type":"ImageObject","inLanguage":"de-CH","@id":"https:\/\/teiaeducation.ch\/de\/#\/schema\/logo\/image\/","url":"https:\/\/teiaeducation.ch\/wp-content\/uploads\/2020\/11\/Teia-Education-Switzerland-e1620156442216.jpg","contentUrl":"https:\/\/teiaeducation.ch\/wp-content\/uploads\/2020\/11\/Teia-Education-Switzerland-e1620156442216.jpg","width":166,"height":145,"caption":"Teia Education & Play"},"image":{"@id":"https:\/\/teiaeducation.ch\/de\/#\/schema\/logo\/image\/"},"sameAs":["https:\/\/www.facebook.com\/teiaeducation\/","https:\/\/x.com\/EducationTeia","https:\/\/www.instagram.com\/teia.education\/","https:\/\/www.linkedin.com\/company\/35501660","https:\/\/www.pinterest.ch\/TeiaEducation\/"]}]}},"_links":{"self":[{"href":"https:\/\/teiaeducation.ch\/de\/wp-json\/wp\/v2\/product\/66054","targetHints":{"allow":["GET"]}}],"collection":[{"href":"https:\/\/teiaeducation.ch\/de\/wp-json\/wp\/v2\/product"}],"about":[{"href":"https:\/\/teiaeducation.ch\/de\/wp-json\/wp\/v2\/types\/product"}],"replies":[{"embeddable":true,"href":"https:\/\/teiaeducation.ch\/de\/wp-json\/wp\/v2\/comments?post=66054"}],"wp:featuredmedia":[{"embeddable":true,"href":"https:\/\/teiaeducation.ch\/de\/wp-json\/wp\/v2\/media\/66055"}],"wp:attachment":[{"href":"https:\/\/teiaeducation.ch\/de\/wp-json\/wp\/v2\/media?parent=66054"}],"wp:term":[{"taxonomy":"product_brand","embeddable":true,"href":"https:\/\/teiaeducation.ch\/de\/wp-json\/wp\/v2\/product_brand?post=66054"},{"taxonomy":"product_cat","embeddable":true,"href":"https:\/\/teiaeducation.ch\/de\/wp-json\/wp\/v2\/product_cat?post=66054"},{"taxonomy":"product_tag","embeddable":true,"href":"https:\/\/teiaeducation.ch\/de\/wp-json\/wp\/v2\/product_tag?post=66054"}],"curies":[{"name":"wp","href":"https:\/\/api.w.org\/{rel}","templated":true}]}}