{"id":66068,"date":"2020-12-11T11:48:15","date_gmt":"2020-12-11T10:48:15","guid":{"rendered":"https:\/\/teiaeducation.ch\/product\/spielzeug-party-kamera-aus-holz-le-toy-van\/"},"modified":"2025-12-11T15:23:38","modified_gmt":"2025-12-11T14:23:38","slug":"spielzeug-party-kamera-aus-holz-le-toy-van","status":"publish","type":"product","link":"https:\/\/teiaeducation.ch\/de\/produkt\/spielzeug-party-kamera-aus-holz-le-toy-van\/","title":{"rendered":"Spielzeug Party Kamera aus Holz &#8211; Le Toy Van"},"content":{"rendered":"<p>Die lustige Party-Kamera aus der Le Toy Van Petilou-Kollektion wird nachhaltig aus Massivholz handgefertigt. Dieses wundersch\u00f6ne, multisensorische Spielzeug regt Kinder zu kreativem und fantasievollem Rollenspiel an und weckt ihre Neugier auf die Welt um sie herum!<\/p>\n<p>Die Party-Kamera aus Holz misst 10,6 x 8,5 x 4,6 cm und verf\u00fcgt \u00fcber ein drehbares Kameraobjektiv mit einem beweglichen Kaleidoskop, das eine wunderbare M\u00f6glichkeit bietet, die Welt zu betrachten, und lustige Formen und Farben erzeugt, die f\u00fcr zus\u00e4tzliche Entdeckungsfreude sorgen. Au\u00dferdem gibt es einen Druckknopf, mit dem man so tun kann, als w\u00fcrde man viele Fotos machen. Das Spielen mit beiden Funktionen f\u00f6rdert die Entwicklung der Koordinationsf\u00e4higkeiten. Ein praktischer Trageriemen sorgt f\u00fcr Spa\u00df unterwegs.<\/p>\n<p>Die Kamera ist aus nachhaltigem Kautschukholz ethisch hergestellt, alle Kanten sind f\u00fcr eine sichere und weiche Haptik gegl\u00e4ttet und sie ist mit wasserbasierter, ungiftiger Farbe in leuchtenden Farben bemalt. Die Le Toy Van Party-Kamera f\u00f6rdert die Entwicklung Ihres Kindes und das durchdachte Design mit altersgerechten Herausforderungen f\u00f6rdert die soziale Interaktion und das Lernen durch fantasievolles Spielen.<\/p>\n<p>Die Le Toy Van Party-Kamera ist f\u00fcr Kinder ab 18 Monaten geeignet.<\/p>\n<p>Inhalt:<\/p>\n<p>1 Holzspielzeugkamera<\/p>\n<h2>Uber Le Toy Van<\/h2>\n<p><a href=\"https:\/\/teiaeducation.ch\/de\/produkt-kategorie\/unsere-marken\/le-toy-van-de\/\">Le Toy Van<\/a> ist ein englisches Spielzeugunternehmen, das 1995 gegr\u00fcndet wurde und sich auf hochwertiges traditionelles <a href=\"https:\/\/teiaeducation.ch\/de\/produkt-kategorie\/kinder-spielzeug\/handgefertigtes-holzspielzeug\/\">Holzspielzeug<\/a> spezialisiert hat, das einen neuen, zeitgem\u00e4\u00dfen Stil erhalten hat.<\/p>\n<p>Alle Spielzeuge von Le Toy Van werden unter Einhaltung strenger Qualit\u00e4ts-, Sicherheits- und Nachhaltigkeitsstandards ethisch einwandfrei hergestellt, wobei nat\u00fcrliche Materialien wie nachwachsendes, glattes Kautschukholz verwendet werden. Es wurde nach den h\u00f6chsten Sicherheitsstandards getestet und entspricht den EN-71- und ASTM-Sicherheitsnormen.<\/p>\n<p>Diese innovativen und wundersch\u00f6n gestalteten Spielzeuge f\u00f6rdern das fr\u00fche Lernen durch <a href=\"https:\/\/teiaeducation.ch\/de\/produkt-kategorie\/kinder-spielzeug\/phantasievoll-rollenspiel\/\">fantasievolles Rollenspiel<\/a> und bieten zahlreiche M\u00f6glichkeiten zur <a href=\"https:\/\/teiaeducation.ch\/de\/produkt-kategorie\/lernthemen\/alphabetisierung-sprache\/\">sprachlichen<\/a> und sozialen Entwicklung sowie zur F\u00f6rderung der <a href=\"https:\/\/teiaeducation.ch\/de\/produkt-kategorie\/lernthemen\/sensorische-motorische-fertigkeiten\/motorische-fertigkeiten\/\">Feinmotorik<\/a>. Sie sind langlebig und sorgen f\u00fcr generations\u00fcbergreifenden Spielspa\u00df!<\/p>\n","protected":false},"excerpt":{"rendered":"<p>Artiukelnummer: ltvpl115<\/p>\n<p>Die lustige Party-Kamera aus Holz aus der Le Toy Van Petilou-Kollektion wird bei Kindern jede Menge kreatives und fantasievolles Rollenspiel anregen und ihre Neugier auf die Welt um sie herum wecken!<\/p>\n","protected":false},"featured_media":66072,"comment_status":"open","ping_status":"closed","template":"","meta":[],"product_brand":[],"product_cat":[21444,21445,21486,21585,21509,21559,21443,21563,21687,21557,21562,21695,21678,21564],"product_tag":[28522,30171,22677,30173,30172,22675,30174,21743,22678],"class_list":{"0":"post-66068","1":"product","2":"type-product","3":"status-publish","4":"has-post-thumbnail","6":"product_cat-1-3-jahre-kleinkind","7":"product_cat-3-6-jahre-vorschule","8":"product_cat-geschenk-guide-1-3-jahre-kleinkind","9":"product_cat-le-toy-van-de","10":"product_cat-lernthemen","11":"product_cat-motorische-fertigkeiten","12":"product_cat-nach-alter","13":"product_cat-neuheiten","14":"product_cat-phantasievoll-rollenspiel","15":"product_cat-sensorische-motorische-fertigkeiten","16":"product_cat-sinne","17":"product_cat-sinnliches-spiel","18":"product_cat-kinder-spielzeug","19":"product_cat-unsere-marken","20":"product_tag-holzspielzeug-zum-vortauschen","21":"product_tag-holzspielzeugkamera","22":"product_tag-kaleidoskop-spielzeug","23":"product_tag-le-toy-van-kamera","24":"product_tag-le-toy-van-party-kamera","25":"product_tag-le-toy-van-schweiz","26":"product_tag-multisensorische-spielzeuge","27":"product_tag-nachhaltiges-holzspielzeug","28":"product_tag-rollenspielzeug-aus-holz","30":"first","31":"outofstock","32":"taxable","33":"shipping-taxable","34":"purchasable","35":"product-type-simple"},"yoast_head":"<!-- This site is optimized with the Yoast SEO plugin v27.1.1 - https:\/\/yoast.com\/product\/yoast-seo-wordpress\/ -->\n<title>Spielzeug Party Kamera aus Holz - Le Toy Van<\/title>\n<meta name=\"description\" content=\"Die Party-Kamera von Le Van Toy aus der Petilou-Kollektion ist ein multisensorisches, nachhaltiges Holzspielzeug, das Kreativit\u00e4t und fantasievolles Spielen f\u00f6rdert.\" \/>\n<meta name=\"robots\" content=\"index, follow, max-snippet:-1, max-image-preview:large, max-video-preview:-1\" \/>\n<link rel=\"canonical\" href=\"https:\/\/teiaeducation.ch\/de\/produkt\/spielzeug-party-kamera-aus-holz-le-toy-van\/\" \/>\n<meta property=\"og:locale\" content=\"de_DE\" \/>\n<meta property=\"og:type\" content=\"article\" \/>\n<meta property=\"og:title\" content=\"Spielzeug Party Kamera aus Holz - Le Toy Van\" \/>\n<meta property=\"og:description\" content=\"Die Party-Kamera von Le Van Toy aus der Petilou-Kollektion ist ein multisensorisches, nachhaltiges Holzspielzeug, das Kreativit\u00e4t und fantasievolles Spielen f\u00f6rdert.\" \/>\n<meta property=\"og:url\" content=\"https:\/\/teiaeducation.ch\/de\/produkt\/spielzeug-party-kamera-aus-holz-le-toy-van\/\" \/>\n<meta property=\"og:site_name\" content=\"Sustainable Educational Products &amp; Ecological Toys\u00a0\" \/>\n<meta property=\"article:publisher\" content=\"https:\/\/www.facebook.com\/teiaeducation\/\" \/>\n<meta property=\"article:modified_time\" content=\"2025-12-11T14:23:38+00:00\" \/>\n<meta property=\"og:image\" content=\"https:\/\/teiaeducation.ch\/wp-content\/uploads\/2020\/12\/Wooden-toy-party-camera-\u2013-Le-Toy-Van-Petilou.png\" \/>\n\t<meta property=\"og:image:width\" content=\"1000\" \/>\n\t<meta property=\"og:image:height\" content=\"1000\" \/>\n\t<meta property=\"og:image:type\" content=\"image\/png\" \/>\n<script type=\"application\/ld+json\" class=\"yoast-schema-graph\">{\"@context\":\"https:\/\/schema.org\",\"@graph\":[{\"@type\":\"WebPage\",\"@id\":\"https:\/\/teiaeducation.ch\/de\/produkt\/spielzeug-party-kamera-aus-holz-le-toy-van\/\",\"url\":\"https:\/\/teiaeducation.ch\/de\/produkt\/spielzeug-party-kamera-aus-holz-le-toy-van\/\",\"name\":\"Spielzeug Party Kamera aus Holz - Le Toy Van\",\"isPartOf\":{\"@id\":\"https:\/\/teiaeducation.ch\/de\/#website\"},\"primaryImageOfPage\":{\"@id\":\"https:\/\/teiaeducation.ch\/de\/produkt\/spielzeug-party-kamera-aus-holz-le-toy-van\/#primaryimage\"},\"image\":{\"@id\":\"https:\/\/teiaeducation.ch\/de\/produkt\/spielzeug-party-kamera-aus-holz-le-toy-van\/#primaryimage\"},\"thumbnailUrl\":\"https:\/\/teiaeducation.ch\/wp-content\/uploads\/2020\/12\/Wooden-toy-party-camera-\u2013-Le-Toy-Van-Petilou.png\",\"datePublished\":\"2020-12-11T10:48:15+00:00\",\"dateModified\":\"2025-12-11T14:23:38+00:00\",\"description\":\"Die Party-Kamera von Le Van Toy aus der Petilou-Kollektion ist ein multisensorisches, nachhaltiges Holzspielzeug, das Kreativit\u00e4t und fantasievolles Spielen f\u00f6rdert.\",\"breadcrumb\":{\"@id\":\"https:\/\/teiaeducation.ch\/de\/produkt\/spielzeug-party-kamera-aus-holz-le-toy-van\/#breadcrumb\"},\"inLanguage\":\"de-CH\",\"potentialAction\":[{\"@type\":\"ReadAction\",\"target\":[\"https:\/\/teiaeducation.ch\/de\/produkt\/spielzeug-party-kamera-aus-holz-le-toy-van\/\"]}]},{\"@type\":\"ImageObject\",\"inLanguage\":\"de-CH\",\"@id\":\"https:\/\/teiaeducation.ch\/de\/produkt\/spielzeug-party-kamera-aus-holz-le-toy-van\/#primaryimage\",\"url\":\"https:\/\/teiaeducation.ch\/wp-content\/uploads\/2020\/12\/Wooden-toy-party-camera-\u2013-Le-Toy-Van-Petilou.png\",\"contentUrl\":\"https:\/\/teiaeducation.ch\/wp-content\/uploads\/2020\/12\/Wooden-toy-party-camera-\u2013-Le-Toy-Van-Petilou.png\",\"width\":1000,\"height\":1000,\"caption\":\"Holzspielzeug-Party-Kamera \u2013 Le Toy Van Petilou\"},{\"@type\":\"BreadcrumbList\",\"@id\":\"https:\/\/teiaeducation.ch\/de\/produkt\/spielzeug-party-kamera-aus-holz-le-toy-van\/#breadcrumb\",\"itemListElement\":[{\"@type\":\"ListItem\",\"position\":1,\"name\":\"Home\",\"item\":\"https:\/\/teiaeducation.ch\/de\/\"},{\"@type\":\"ListItem\",\"position\":2,\"name\":\"Laden\",\"item\":\"https:\/\/teiaeducation.ch\/de\/shop\/\"},{\"@type\":\"ListItem\",\"position\":3,\"name\":\"Unsere Marken\",\"item\":\"https:\/\/teiaeducation.ch\/de\/produkt-kategorie\/unsere-marken\/\"},{\"@type\":\"ListItem\",\"position\":4,\"name\":\"Le Toy Van\",\"item\":\"https:\/\/teiaeducation.ch\/de\/produkt-kategorie\/unsere-marken\/le-toy-van-de\/\"},{\"@type\":\"ListItem\",\"position\":5,\"name\":\"Spielzeug Party Kamera aus Holz &#8211; Le Toy Van\"}]},{\"@type\":\"WebSite\",\"@id\":\"https:\/\/teiaeducation.ch\/de\/#website\",\"url\":\"https:\/\/teiaeducation.ch\/de\/\",\"name\":\"Sustainable Educational Products &amp; Ecological Toys\u00a0\",\"description\":\"Specialised Swiss shop selling sustainable educational toys and games, AMI certified Montessori materials, handmade ecological wooden Waldorf toys and arts &amp; crafts supplies, school supplies, children&#039;s furniture and Montessori reference and parenting books.\",\"publisher\":{\"@id\":\"https:\/\/teiaeducation.ch\/de\/#organization\"},\"alternateName\":\"Teia Education & Play\",\"potentialAction\":[{\"@type\":\"SearchAction\",\"target\":{\"@type\":\"EntryPoint\",\"urlTemplate\":\"https:\/\/teiaeducation.ch\/de\/?s={search_term_string}\"},\"query-input\":{\"@type\":\"PropertyValueSpecification\",\"valueRequired\":true,\"valueName\":\"search_term_string\"}}],\"inLanguage\":\"de-CH\"},{\"@type\":\"Organization\",\"@id\":\"https:\/\/teiaeducation.ch\/de\/#organization\",\"name\":\"Teia Education & Play\",\"url\":\"https:\/\/teiaeducation.ch\/de\/\",\"logo\":{\"@type\":\"ImageObject\",\"inLanguage\":\"de-CH\",\"@id\":\"https:\/\/teiaeducation.ch\/de\/#\/schema\/logo\/image\/\",\"url\":\"https:\/\/teiaeducation.ch\/wp-content\/uploads\/2020\/11\/Teia-Education-Switzerland-e1620156442216.jpg\",\"contentUrl\":\"https:\/\/teiaeducation.ch\/wp-content\/uploads\/2020\/11\/Teia-Education-Switzerland-e1620156442216.jpg\",\"width\":166,\"height\":145,\"caption\":\"Teia Education & Play\"},\"image\":{\"@id\":\"https:\/\/teiaeducation.ch\/de\/#\/schema\/logo\/image\/\"},\"sameAs\":[\"https:\/\/www.facebook.com\/teiaeducation\/\",\"https:\/\/x.com\/EducationTeia\",\"https:\/\/www.instagram.com\/teia.education\/\",\"https:\/\/www.linkedin.com\/company\/35501660\",\"https:\/\/www.pinterest.ch\/TeiaEducation\/\"]}]}<\/script>\n<!-- \/ Yoast SEO plugin. -->","yoast_head_json":{"title":"Spielzeug Party Kamera aus Holz - Le Toy Van","description":"Die Party-Kamera von Le Van Toy aus der Petilou-Kollektion ist ein multisensorisches, nachhaltiges Holzspielzeug, das Kreativit\u00e4t und fantasievolles Spielen f\u00f6rdert.","robots":{"index":"index","follow":"follow","max-snippet":"max-snippet:-1","max-image-preview":"max-image-preview:large","max-video-preview":"max-video-preview:-1"},"canonical":"https:\/\/teiaeducation.ch\/de\/produkt\/spielzeug-party-kamera-aus-holz-le-toy-van\/","og_locale":"de_DE","og_type":"article","og_title":"Spielzeug Party Kamera aus Holz - Le Toy Van","og_description":"Die Party-Kamera von Le Van Toy aus der Petilou-Kollektion ist ein multisensorisches, nachhaltiges Holzspielzeug, das Kreativit\u00e4t und fantasievolles Spielen f\u00f6rdert.","og_url":"https:\/\/teiaeducation.ch\/de\/produkt\/spielzeug-party-kamera-aus-holz-le-toy-van\/","og_site_name":"Sustainable Educational Products &amp; Ecological Toys\u00a0","article_publisher":"https:\/\/www.facebook.com\/teiaeducation\/","article_modified_time":"2025-12-11T14:23:38+00:00","og_image":[{"width":1000,"height":1000,"url":"https:\/\/teiaeducation.ch\/wp-content\/uploads\/2020\/12\/Wooden-toy-party-camera-\u2013-Le-Toy-Van-Petilou.png","type":"image\/png"}],"schema":{"@context":"https:\/\/schema.org","@graph":[{"@type":"WebPage","@id":"https:\/\/teiaeducation.ch\/de\/produkt\/spielzeug-party-kamera-aus-holz-le-toy-van\/","url":"https:\/\/teiaeducation.ch\/de\/produkt\/spielzeug-party-kamera-aus-holz-le-toy-van\/","name":"Spielzeug Party Kamera aus Holz - Le Toy Van","isPartOf":{"@id":"https:\/\/teiaeducation.ch\/de\/#website"},"primaryImageOfPage":{"@id":"https:\/\/teiaeducation.ch\/de\/produkt\/spielzeug-party-kamera-aus-holz-le-toy-van\/#primaryimage"},"image":{"@id":"https:\/\/teiaeducation.ch\/de\/produkt\/spielzeug-party-kamera-aus-holz-le-toy-van\/#primaryimage"},"thumbnailUrl":"https:\/\/teiaeducation.ch\/wp-content\/uploads\/2020\/12\/Wooden-toy-party-camera-\u2013-Le-Toy-Van-Petilou.png","datePublished":"2020-12-11T10:48:15+00:00","dateModified":"2025-12-11T14:23:38+00:00","description":"Die Party-Kamera von Le Van Toy aus der Petilou-Kollektion ist ein multisensorisches, nachhaltiges Holzspielzeug, das Kreativit\u00e4t und fantasievolles Spielen f\u00f6rdert.","breadcrumb":{"@id":"https:\/\/teiaeducation.ch\/de\/produkt\/spielzeug-party-kamera-aus-holz-le-toy-van\/#breadcrumb"},"inLanguage":"de-CH","potentialAction":[{"@type":"ReadAction","target":["https:\/\/teiaeducation.ch\/de\/produkt\/spielzeug-party-kamera-aus-holz-le-toy-van\/"]}]},{"@type":"ImageObject","inLanguage":"de-CH","@id":"https:\/\/teiaeducation.ch\/de\/produkt\/spielzeug-party-kamera-aus-holz-le-toy-van\/#primaryimage","url":"https:\/\/teiaeducation.ch\/wp-content\/uploads\/2020\/12\/Wooden-toy-party-camera-\u2013-Le-Toy-Van-Petilou.png","contentUrl":"https:\/\/teiaeducation.ch\/wp-content\/uploads\/2020\/12\/Wooden-toy-party-camera-\u2013-Le-Toy-Van-Petilou.png","width":1000,"height":1000,"caption":"Holzspielzeug-Party-Kamera \u2013 Le Toy Van Petilou"},{"@type":"BreadcrumbList","@id":"https:\/\/teiaeducation.ch\/de\/produkt\/spielzeug-party-kamera-aus-holz-le-toy-van\/#breadcrumb","itemListElement":[{"@type":"ListItem","position":1,"name":"Home","item":"https:\/\/teiaeducation.ch\/de\/"},{"@type":"ListItem","position":2,"name":"Laden","item":"https:\/\/teiaeducation.ch\/de\/shop\/"},{"@type":"ListItem","position":3,"name":"Unsere Marken","item":"https:\/\/teiaeducation.ch\/de\/produkt-kategorie\/unsere-marken\/"},{"@type":"ListItem","position":4,"name":"Le Toy Van","item":"https:\/\/teiaeducation.ch\/de\/produkt-kategorie\/unsere-marken\/le-toy-van-de\/"},{"@type":"ListItem","position":5,"name":"Spielzeug Party Kamera aus Holz &#8211; Le Toy Van"}]},{"@type":"WebSite","@id":"https:\/\/teiaeducation.ch\/de\/#website","url":"https:\/\/teiaeducation.ch\/de\/","name":"Sustainable Educational Products &amp; Ecological Toys\u00a0","description":"Specialised Swiss shop selling sustainable educational toys and games, AMI certified Montessori materials, handmade ecological wooden Waldorf toys and arts &amp; crafts supplies, school supplies, children&#039;s furniture and Montessori reference and parenting books.","publisher":{"@id":"https:\/\/teiaeducation.ch\/de\/#organization"},"alternateName":"Teia Education & Play","potentialAction":[{"@type":"SearchAction","target":{"@type":"EntryPoint","urlTemplate":"https:\/\/teiaeducation.ch\/de\/?s={search_term_string}"},"query-input":{"@type":"PropertyValueSpecification","valueRequired":true,"valueName":"search_term_string"}}],"inLanguage":"de-CH"},{"@type":"Organization","@id":"https:\/\/teiaeducation.ch\/de\/#organization","name":"Teia Education & Play","url":"https:\/\/teiaeducation.ch\/de\/","logo":{"@type":"ImageObject","inLanguage":"de-CH","@id":"https:\/\/teiaeducation.ch\/de\/#\/schema\/logo\/image\/","url":"https:\/\/teiaeducation.ch\/wp-content\/uploads\/2020\/11\/Teia-Education-Switzerland-e1620156442216.jpg","contentUrl":"https:\/\/teiaeducation.ch\/wp-content\/uploads\/2020\/11\/Teia-Education-Switzerland-e1620156442216.jpg","width":166,"height":145,"caption":"Teia Education & Play"},"image":{"@id":"https:\/\/teiaeducation.ch\/de\/#\/schema\/logo\/image\/"},"sameAs":["https:\/\/www.facebook.com\/teiaeducation\/","https:\/\/x.com\/EducationTeia","https:\/\/www.instagram.com\/teia.education\/","https:\/\/www.linkedin.com\/company\/35501660","https:\/\/www.pinterest.ch\/TeiaEducation\/"]}]}},"_links":{"self":[{"href":"https:\/\/teiaeducation.ch\/de\/wp-json\/wp\/v2\/product\/66068","targetHints":{"allow":["GET"]}}],"collection":[{"href":"https:\/\/teiaeducation.ch\/de\/wp-json\/wp\/v2\/product"}],"about":[{"href":"https:\/\/teiaeducation.ch\/de\/wp-json\/wp\/v2\/types\/product"}],"replies":[{"embeddable":true,"href":"https:\/\/teiaeducation.ch\/de\/wp-json\/wp\/v2\/comments?post=66068"}],"wp:featuredmedia":[{"embeddable":true,"href":"https:\/\/teiaeducation.ch\/de\/wp-json\/wp\/v2\/media\/66072"}],"wp:attachment":[{"href":"https:\/\/teiaeducation.ch\/de\/wp-json\/wp\/v2\/media?parent=66068"}],"wp:term":[{"taxonomy":"product_brand","embeddable":true,"href":"https:\/\/teiaeducation.ch\/de\/wp-json\/wp\/v2\/product_brand?post=66068"},{"taxonomy":"product_cat","embeddable":true,"href":"https:\/\/teiaeducation.ch\/de\/wp-json\/wp\/v2\/product_cat?post=66068"},{"taxonomy":"product_tag","embeddable":true,"href":"https:\/\/teiaeducation.ch\/de\/wp-json\/wp\/v2\/product_tag?post=66068"}],"curies":[{"name":"wp","href":"https:\/\/api.w.org\/{rel}","templated":true}]}}