{"id":66277,"date":"2020-12-11T11:28:23","date_gmt":"2020-12-11T10:28:23","guid":{"rendered":"https:\/\/teiaeducation.ch\/product\/regenbogen-wolkenpop-le-toy-van\/"},"modified":"2025-12-11T15:30:24","modified_gmt":"2025-12-11T14:30:24","slug":"regenbogen-wolkenpop-le-toy-van","status":"publish","type":"product","link":"https:\/\/teiaeducation.ch\/de\/produkt\/regenbogen-wolkenpop-le-toy-van\/","title":{"rendered":"Regenbogen Wolkenpop &#8211; Le Toy Van"},"content":{"rendered":"<p>Regenbogen Wolkenpop \/ Nachhaltiges sensorisches Spielzeug aus massivem Holz \u2013 Le Toy Van<\/p>\n<p>Der Regenbogen Wolkenpop von Le Toy Van ist ein sehr niedliches und verspieltes, nachhaltiges <a href=\"https:\/\/teiaeducation.ch\/de\/produkt-kategorie\/kinder-spielzeug\/sinnliches-spiel\/\">Sensorik<\/a> Spielzeug aus massivem Holz f\u00fcr Kleinkinder. Die federbelastete Wolke enth\u00e4lt 5 bunte Regenbogenst\u00e4be, die beim Dr\u00fccken herausspringen.<\/p>\n<p>Dieses lustige Spielzeug f\u00f6rdert das fr\u00fche Lernen durch Spielen, da es die Hand-Augen-Koordination, die manuelle Geschicklichkeit und das Selbstvertrauen f\u00f6rdert, indem die St\u00e4be platziert, gedr\u00fcckt und aufgefangen werden, wenn sie herausspringen!<\/p>\n<p>Das Regenbogen Wolkenpop Spielzeug ist aus strapazierf\u00e4higem, nachhaltigem Kautschukholz gefertigt, hat sichere, abgerundete Kanten und ist mit ungiftigen Farben bemalt. Es misst 19 x 14,5 x 3 cm.<\/p>\n<p>Le Toy Van ist ein englisches Spielzeugunternehmen, das 1995 gegr\u00fcndet wurde und sich auf hochwertiges traditionelles Holzspielzeug spezialisiert hat, das einen neuen, zeitgem\u00e4\u00dfen Stil erhalten hat. Alle Spielzeuge werden unter ethischen Kriterien und nach strengen Qualit\u00e4ts-, Sicherheits- und Nachhaltigkeitsstandards aus nat\u00fcrlichen Materialien wie nachwachsendem Gummibaumholz hergestellt. Es wurde nach den h\u00f6chsten Sicherheitsstandards getestet und entspricht den EN-71- und ASTM-Sicherheitsnormen.<\/p>\n<p>Diese innovativen und wundersch\u00f6n gestalteten Spielzeuge f\u00f6rdern das fr\u00fchzeitige Lernen durch fantasievolle Rollenspiele und bieten viele M\u00f6glichkeiten f\u00fcr die sprachliche und soziale Entwicklung sowie f\u00fcr die Feinmotorik. Sie sind langlebig und werden noch \u00fcber Generationen hinweg Freude bereiten.<\/p>\n<p>Das Le Toy Van Regenbogen Wolkenpop Spielzeug ist f\u00fcr Kinder ab 18 Monaten geeignet.<\/p>\n<p>Inhalt:<\/p>\n<p>1 Holzspielzeug in Form einer Wolke mit 5 Holzst\u00e4ben.<\/p>\n","protected":false},"excerpt":{"rendered":"<p>Artikelnummer: ltvpl133<\/p>\n<p>Der Regenbogen Wolkenpop von Le Toy Van ist ein sehr niedliches und verspieltes nachhaltiges Spielzeug aus massivem Holz mit einer federbelasteten Wolke, die 5 bunte Regenbogenst\u00e4be enth\u00e4lt, die beim Dr\u00fccken herausspringen!<\/p>\n<p>&nbsp;<\/p>\n","protected":false},"featured_media":66280,"comment_status":"open","ping_status":"closed","template":"","meta":[],"product_brand":[],"product_cat":[21444,21670,21486,21464,21585,21509,21559,21443,21563,22362,21692,21557,21695,23636,21678,21564],"product_tag":[22674,30226,30223,22675,25663,30224,30225,25516],"class_list":{"0":"post-66277","1":"product","2":"type-product","3":"status-publish","4":"has-post-thumbnail","6":"product_cat-1-3-jahre-kleinkind","7":"product_cat-fruehjahrskollektion","8":"product_cat-geschenk-guide-1-3-jahre-kleinkind","9":"product_cat-herbstkollektion","10":"product_cat-le-toy-van-de","11":"product_cat-lernthemen","12":"product_cat-motorische-fertigkeiten","13":"product_cat-nach-alter","14":"product_cat-neuheiten","15":"product_cat-saisonale-kollektionen","16":"product_cat-schiebespielzeug","17":"product_cat-sensorische-motorische-fertigkeiten","18":"product_cat-sinnliches-spiel","19":"product_cat-sommer-kollektion","20":"product_cat-kinder-spielzeug","21":"product_cat-unsere-marken","22":"product_tag-le-toy-van-de","23":"product_tag-le-toy-van-holzspielzeug-fur-die-sensorische-entwicklung","24":"product_tag-le-toy-van-regenbogen-wolkenpop","25":"product_tag-le-toy-van-schweiz","26":"product_tag-nachhaltiges-spielzeug-fur-kleinkinder","27":"product_tag-pop-up-spielzeug-aus-holz","28":"product_tag-regenbogenwolke-spielzeug","29":"product_tag-spielzeug-fuer-kleinkinder-aus-holz","31":"first","32":"outofstock","33":"taxable","34":"shipping-taxable","35":"purchasable","36":"product-type-simple"},"yoast_head":"<!-- This site is optimized with the Yoast SEO plugin v27.1.1 - https:\/\/yoast.com\/product\/yoast-seo-wordpress\/ -->\n<title>Regenbogen Wolkenpop - Le Toy Van<\/title>\n<meta name=\"description\" content=\"Der Regenbogen Wolkenpop von Le Toy Van ist ein nachhaltiges Sensorikspielzeug aus massivem Holz mit einer federbelasteten Wolke, aus der 5 Regenbogenst\u00e4be herausspringen.\" \/>\n<meta name=\"robots\" content=\"index, follow, max-snippet:-1, max-image-preview:large, max-video-preview:-1\" \/>\n<link rel=\"canonical\" href=\"https:\/\/teiaeducation.ch\/de\/produkt\/regenbogen-wolkenpop-le-toy-van\/\" \/>\n<meta property=\"og:locale\" content=\"de_DE\" \/>\n<meta property=\"og:type\" content=\"article\" \/>\n<meta property=\"og:title\" content=\"Regenbogen Wolkenpop - Le Toy Van\" \/>\n<meta property=\"og:description\" content=\"Der Regenbogen Wolkenpop von Le Toy Van ist ein nachhaltiges Sensorikspielzeug aus massivem Holz mit einer federbelasteten Wolke, aus der 5 Regenbogenst\u00e4be herausspringen.\" \/>\n<meta property=\"og:url\" content=\"https:\/\/teiaeducation.ch\/de\/produkt\/regenbogen-wolkenpop-le-toy-van\/\" \/>\n<meta property=\"og:site_name\" content=\"Sustainable Educational Products &amp; Ecological Toys\u00a0\" \/>\n<meta property=\"article:publisher\" content=\"https:\/\/www.facebook.com\/teiaeducation\/\" \/>\n<meta property=\"article:modified_time\" content=\"2025-12-11T14:30:24+00:00\" \/>\n<meta property=\"og:image\" content=\"https:\/\/teiaeducation.ch\/wp-content\/uploads\/2020\/12\/Rainbow-cloud-pop-\u2013-Le-Toy-Van.jpg\" \/>\n\t<meta property=\"og:image:width\" content=\"900\" \/>\n\t<meta property=\"og:image:height\" content=\"900\" \/>\n\t<meta property=\"og:image:type\" content=\"image\/jpeg\" \/>\n<script type=\"application\/ld+json\" class=\"yoast-schema-graph\">{\"@context\":\"https:\/\/schema.org\",\"@graph\":[{\"@type\":\"WebPage\",\"@id\":\"https:\/\/teiaeducation.ch\/de\/produkt\/regenbogen-wolkenpop-le-toy-van\/\",\"url\":\"https:\/\/teiaeducation.ch\/de\/produkt\/regenbogen-wolkenpop-le-toy-van\/\",\"name\":\"Regenbogen Wolkenpop - Le Toy Van\",\"isPartOf\":{\"@id\":\"https:\/\/teiaeducation.ch\/de\/#website\"},\"primaryImageOfPage\":{\"@id\":\"https:\/\/teiaeducation.ch\/de\/produkt\/regenbogen-wolkenpop-le-toy-van\/#primaryimage\"},\"image\":{\"@id\":\"https:\/\/teiaeducation.ch\/de\/produkt\/regenbogen-wolkenpop-le-toy-van\/#primaryimage\"},\"thumbnailUrl\":\"https:\/\/teiaeducation.ch\/wp-content\/uploads\/2020\/12\/Rainbow-cloud-pop-\u2013-Le-Toy-Van.jpg\",\"datePublished\":\"2020-12-11T10:28:23+00:00\",\"dateModified\":\"2025-12-11T14:30:24+00:00\",\"description\":\"Der Regenbogen Wolkenpop von Le Toy Van ist ein nachhaltiges Sensorikspielzeug aus massivem Holz mit einer federbelasteten Wolke, aus der 5 Regenbogenst\u00e4be herausspringen.\",\"breadcrumb\":{\"@id\":\"https:\/\/teiaeducation.ch\/de\/produkt\/regenbogen-wolkenpop-le-toy-van\/#breadcrumb\"},\"inLanguage\":\"de-CH\",\"potentialAction\":[{\"@type\":\"ReadAction\",\"target\":[\"https:\/\/teiaeducation.ch\/de\/produkt\/regenbogen-wolkenpop-le-toy-van\/\"]}]},{\"@type\":\"ImageObject\",\"inLanguage\":\"de-CH\",\"@id\":\"https:\/\/teiaeducation.ch\/de\/produkt\/regenbogen-wolkenpop-le-toy-van\/#primaryimage\",\"url\":\"https:\/\/teiaeducation.ch\/wp-content\/uploads\/2020\/12\/Rainbow-cloud-pop-\u2013-Le-Toy-Van.jpg\",\"contentUrl\":\"https:\/\/teiaeducation.ch\/wp-content\/uploads\/2020\/12\/Rainbow-cloud-pop-\u2013-Le-Toy-Van.jpg\",\"width\":900,\"height\":900,\"caption\":\"Nachhaltiges Spielzeug aus Massivholz Regenbogen Wolkenpop \u2013 Le Toy Van\"},{\"@type\":\"BreadcrumbList\",\"@id\":\"https:\/\/teiaeducation.ch\/de\/produkt\/regenbogen-wolkenpop-le-toy-van\/#breadcrumb\",\"itemListElement\":[{\"@type\":\"ListItem\",\"position\":1,\"name\":\"Home\",\"item\":\"https:\/\/teiaeducation.ch\/de\/\"},{\"@type\":\"ListItem\",\"position\":2,\"name\":\"Laden\",\"item\":\"https:\/\/teiaeducation.ch\/de\/shop\/\"},{\"@type\":\"ListItem\",\"position\":3,\"name\":\"Unsere Marken\",\"item\":\"https:\/\/teiaeducation.ch\/de\/produkt-kategorie\/unsere-marken\/\"},{\"@type\":\"ListItem\",\"position\":4,\"name\":\"Le Toy Van\",\"item\":\"https:\/\/teiaeducation.ch\/de\/produkt-kategorie\/unsere-marken\/le-toy-van-de\/\"},{\"@type\":\"ListItem\",\"position\":5,\"name\":\"Regenbogen Wolkenpop &#8211; Le Toy Van\"}]},{\"@type\":\"WebSite\",\"@id\":\"https:\/\/teiaeducation.ch\/de\/#website\",\"url\":\"https:\/\/teiaeducation.ch\/de\/\",\"name\":\"Sustainable Educational Products &amp; Ecological Toys\u00a0\",\"description\":\"Specialised Swiss shop selling sustainable educational toys and games, AMI certified Montessori materials, handmade ecological wooden Waldorf toys and arts &amp; crafts supplies, school supplies, children&#039;s furniture and Montessori reference and parenting books.\",\"publisher\":{\"@id\":\"https:\/\/teiaeducation.ch\/de\/#organization\"},\"alternateName\":\"Teia Education & Play\",\"potentialAction\":[{\"@type\":\"SearchAction\",\"target\":{\"@type\":\"EntryPoint\",\"urlTemplate\":\"https:\/\/teiaeducation.ch\/de\/?s={search_term_string}\"},\"query-input\":{\"@type\":\"PropertyValueSpecification\",\"valueRequired\":true,\"valueName\":\"search_term_string\"}}],\"inLanguage\":\"de-CH\"},{\"@type\":\"Organization\",\"@id\":\"https:\/\/teiaeducation.ch\/de\/#organization\",\"name\":\"Teia Education & Play\",\"url\":\"https:\/\/teiaeducation.ch\/de\/\",\"logo\":{\"@type\":\"ImageObject\",\"inLanguage\":\"de-CH\",\"@id\":\"https:\/\/teiaeducation.ch\/de\/#\/schema\/logo\/image\/\",\"url\":\"https:\/\/teiaeducation.ch\/wp-content\/uploads\/2020\/11\/Teia-Education-Switzerland-e1620156442216.jpg\",\"contentUrl\":\"https:\/\/teiaeducation.ch\/wp-content\/uploads\/2020\/11\/Teia-Education-Switzerland-e1620156442216.jpg\",\"width\":166,\"height\":145,\"caption\":\"Teia Education & Play\"},\"image\":{\"@id\":\"https:\/\/teiaeducation.ch\/de\/#\/schema\/logo\/image\/\"},\"sameAs\":[\"https:\/\/www.facebook.com\/teiaeducation\/\",\"https:\/\/x.com\/EducationTeia\",\"https:\/\/www.instagram.com\/teia.education\/\",\"https:\/\/www.linkedin.com\/company\/35501660\",\"https:\/\/www.pinterest.ch\/TeiaEducation\/\"]}]}<\/script>\n<!-- \/ Yoast SEO plugin. -->","yoast_head_json":{"title":"Regenbogen Wolkenpop - Le Toy Van","description":"Der Regenbogen Wolkenpop von Le Toy Van ist ein nachhaltiges Sensorikspielzeug aus massivem Holz mit einer federbelasteten Wolke, aus der 5 Regenbogenst\u00e4be herausspringen.","robots":{"index":"index","follow":"follow","max-snippet":"max-snippet:-1","max-image-preview":"max-image-preview:large","max-video-preview":"max-video-preview:-1"},"canonical":"https:\/\/teiaeducation.ch\/de\/produkt\/regenbogen-wolkenpop-le-toy-van\/","og_locale":"de_DE","og_type":"article","og_title":"Regenbogen Wolkenpop - Le Toy Van","og_description":"Der Regenbogen Wolkenpop von Le Toy Van ist ein nachhaltiges Sensorikspielzeug aus massivem Holz mit einer federbelasteten Wolke, aus der 5 Regenbogenst\u00e4be herausspringen.","og_url":"https:\/\/teiaeducation.ch\/de\/produkt\/regenbogen-wolkenpop-le-toy-van\/","og_site_name":"Sustainable Educational Products &amp; Ecological Toys\u00a0","article_publisher":"https:\/\/www.facebook.com\/teiaeducation\/","article_modified_time":"2025-12-11T14:30:24+00:00","og_image":[{"width":900,"height":900,"url":"https:\/\/teiaeducation.ch\/wp-content\/uploads\/2020\/12\/Rainbow-cloud-pop-\u2013-Le-Toy-Van.jpg","type":"image\/jpeg"}],"schema":{"@context":"https:\/\/schema.org","@graph":[{"@type":"WebPage","@id":"https:\/\/teiaeducation.ch\/de\/produkt\/regenbogen-wolkenpop-le-toy-van\/","url":"https:\/\/teiaeducation.ch\/de\/produkt\/regenbogen-wolkenpop-le-toy-van\/","name":"Regenbogen Wolkenpop - Le Toy Van","isPartOf":{"@id":"https:\/\/teiaeducation.ch\/de\/#website"},"primaryImageOfPage":{"@id":"https:\/\/teiaeducation.ch\/de\/produkt\/regenbogen-wolkenpop-le-toy-van\/#primaryimage"},"image":{"@id":"https:\/\/teiaeducation.ch\/de\/produkt\/regenbogen-wolkenpop-le-toy-van\/#primaryimage"},"thumbnailUrl":"https:\/\/teiaeducation.ch\/wp-content\/uploads\/2020\/12\/Rainbow-cloud-pop-\u2013-Le-Toy-Van.jpg","datePublished":"2020-12-11T10:28:23+00:00","dateModified":"2025-12-11T14:30:24+00:00","description":"Der Regenbogen Wolkenpop von Le Toy Van ist ein nachhaltiges Sensorikspielzeug aus massivem Holz mit einer federbelasteten Wolke, aus der 5 Regenbogenst\u00e4be herausspringen.","breadcrumb":{"@id":"https:\/\/teiaeducation.ch\/de\/produkt\/regenbogen-wolkenpop-le-toy-van\/#breadcrumb"},"inLanguage":"de-CH","potentialAction":[{"@type":"ReadAction","target":["https:\/\/teiaeducation.ch\/de\/produkt\/regenbogen-wolkenpop-le-toy-van\/"]}]},{"@type":"ImageObject","inLanguage":"de-CH","@id":"https:\/\/teiaeducation.ch\/de\/produkt\/regenbogen-wolkenpop-le-toy-van\/#primaryimage","url":"https:\/\/teiaeducation.ch\/wp-content\/uploads\/2020\/12\/Rainbow-cloud-pop-\u2013-Le-Toy-Van.jpg","contentUrl":"https:\/\/teiaeducation.ch\/wp-content\/uploads\/2020\/12\/Rainbow-cloud-pop-\u2013-Le-Toy-Van.jpg","width":900,"height":900,"caption":"Nachhaltiges Spielzeug aus Massivholz Regenbogen Wolkenpop \u2013 Le Toy Van"},{"@type":"BreadcrumbList","@id":"https:\/\/teiaeducation.ch\/de\/produkt\/regenbogen-wolkenpop-le-toy-van\/#breadcrumb","itemListElement":[{"@type":"ListItem","position":1,"name":"Home","item":"https:\/\/teiaeducation.ch\/de\/"},{"@type":"ListItem","position":2,"name":"Laden","item":"https:\/\/teiaeducation.ch\/de\/shop\/"},{"@type":"ListItem","position":3,"name":"Unsere Marken","item":"https:\/\/teiaeducation.ch\/de\/produkt-kategorie\/unsere-marken\/"},{"@type":"ListItem","position":4,"name":"Le Toy Van","item":"https:\/\/teiaeducation.ch\/de\/produkt-kategorie\/unsere-marken\/le-toy-van-de\/"},{"@type":"ListItem","position":5,"name":"Regenbogen Wolkenpop &#8211; Le Toy Van"}]},{"@type":"WebSite","@id":"https:\/\/teiaeducation.ch\/de\/#website","url":"https:\/\/teiaeducation.ch\/de\/","name":"Sustainable Educational Products &amp; Ecological Toys\u00a0","description":"Specialised Swiss shop selling sustainable educational toys and games, AMI certified Montessori materials, handmade ecological wooden Waldorf toys and arts &amp; crafts supplies, school supplies, children&#039;s furniture and Montessori reference and parenting books.","publisher":{"@id":"https:\/\/teiaeducation.ch\/de\/#organization"},"alternateName":"Teia Education & Play","potentialAction":[{"@type":"SearchAction","target":{"@type":"EntryPoint","urlTemplate":"https:\/\/teiaeducation.ch\/de\/?s={search_term_string}"},"query-input":{"@type":"PropertyValueSpecification","valueRequired":true,"valueName":"search_term_string"}}],"inLanguage":"de-CH"},{"@type":"Organization","@id":"https:\/\/teiaeducation.ch\/de\/#organization","name":"Teia Education & Play","url":"https:\/\/teiaeducation.ch\/de\/","logo":{"@type":"ImageObject","inLanguage":"de-CH","@id":"https:\/\/teiaeducation.ch\/de\/#\/schema\/logo\/image\/","url":"https:\/\/teiaeducation.ch\/wp-content\/uploads\/2020\/11\/Teia-Education-Switzerland-e1620156442216.jpg","contentUrl":"https:\/\/teiaeducation.ch\/wp-content\/uploads\/2020\/11\/Teia-Education-Switzerland-e1620156442216.jpg","width":166,"height":145,"caption":"Teia Education & Play"},"image":{"@id":"https:\/\/teiaeducation.ch\/de\/#\/schema\/logo\/image\/"},"sameAs":["https:\/\/www.facebook.com\/teiaeducation\/","https:\/\/x.com\/EducationTeia","https:\/\/www.instagram.com\/teia.education\/","https:\/\/www.linkedin.com\/company\/35501660","https:\/\/www.pinterest.ch\/TeiaEducation\/"]}]}},"_links":{"self":[{"href":"https:\/\/teiaeducation.ch\/de\/wp-json\/wp\/v2\/product\/66277","targetHints":{"allow":["GET"]}}],"collection":[{"href":"https:\/\/teiaeducation.ch\/de\/wp-json\/wp\/v2\/product"}],"about":[{"href":"https:\/\/teiaeducation.ch\/de\/wp-json\/wp\/v2\/types\/product"}],"replies":[{"embeddable":true,"href":"https:\/\/teiaeducation.ch\/de\/wp-json\/wp\/v2\/comments?post=66277"}],"wp:featuredmedia":[{"embeddable":true,"href":"https:\/\/teiaeducation.ch\/de\/wp-json\/wp\/v2\/media\/66280"}],"wp:attachment":[{"href":"https:\/\/teiaeducation.ch\/de\/wp-json\/wp\/v2\/media?parent=66277"}],"wp:term":[{"taxonomy":"product_brand","embeddable":true,"href":"https:\/\/teiaeducation.ch\/de\/wp-json\/wp\/v2\/product_brand?post=66277"},{"taxonomy":"product_cat","embeddable":true,"href":"https:\/\/teiaeducation.ch\/de\/wp-json\/wp\/v2\/product_cat?post=66277"},{"taxonomy":"product_tag","embeddable":true,"href":"https:\/\/teiaeducation.ch\/de\/wp-json\/wp\/v2\/product_tag?post=66277"}],"curies":[{"name":"wp","href":"https:\/\/api.w.org\/{rel}","templated":true}]}}