{"id":66323,"date":"2020-12-11T11:21:20","date_gmt":"2020-12-11T10:21:20","guid":{"rendered":"https:\/\/teiaeducation.ch\/product\/royal-express-holzeisenbahn-set-le-toy-van\/"},"modified":"2025-12-11T15:28:35","modified_gmt":"2025-12-11T14:28:35","slug":"royal-express-holzeisenbahn-set-le-toy-van","status":"publish","type":"product","link":"https:\/\/teiaeducation.ch\/de\/produkt\/royal-express-holzeisenbahn-set-le-toy-van\/","title":{"rendered":"Royal express Holzeisenbahn Set &#8211; Le Toy Van"},"content":{"rendered":"<p>Der Le Toy Van Royal Express ist ein spannendes und wundersch\u00f6n gearbeitetes nachhaltiges Holz<a href=\"https:\/\/teiaeducation.ch\/de\/produkt-kategorie\/kinder-spielzeug\/boote-zuege\/\">eisenbahn<\/a>set, das wirklich endlosen Spielspa\u00df mit Fahrzeugen und einer kleinen Welt bietet!<\/p>\n<p>Dieses fantastische Set enth\u00e4lt 180 Teile, darunter 2 Z\u00fcge (Personen- und G\u00fcterzug), eine riesige ver\u00e4nderbare Gleisanlage, ein Riesenrad, 2 Br\u00fccken, ein Auto, einen Lkw, Boote, einen Bahnhof, einen Kran und eine wunderbare Auswahl an Geb\u00e4uden, Gesch\u00e4ften, H\u00e4usern und 3D-Au\u00dfenelementen!<\/p>\n<p>Das Set ist mit detailreichen Kunstwerken und besonderen Goldakzenten verziert, die mit sicheren, ungiftigen Farben aufgetragen wurden. Es ist wundersch\u00f6n aus massivem, nachhaltigem Kautschukholz gefertigt und verf\u00fcgt \u00fcber glatte Kanten, die kindersicher sind und sich weich anf\u00fchlen.<\/p>\n<p>Dieses besondere und umfangreiche Set erm\u00f6glicht es Kindern, sich ganz ins Spiel zu vertiefen und ihre eigenen Geschichten, Szenarien und kleinen Spielwelten zu erschaffen.<\/p>\n<p>Das Royal express Holzeisenbahn Set von Le Toy Van ist f\u00fcr Kinder ab 3 Jahren geeignet.<\/p>\n<p>Inhalt:<\/p>\n<p>180 Holzteile<\/p>\n<h2>Uber Le Toy Van<\/h2>\n<p><a href=\"https:\/\/teiaeducation.ch\/de\/produkt-kategorie\/unsere-marken\/le-toy-van-de\/\">Le Toy Van<\/a> ist ein englisches Spielzeugunternehmen, das 1995 gegr\u00fcndet wurde und sich auf hochwertiges traditionelles <a href=\"https:\/\/teiaeducation.ch\/de\/produkt-kategorie\/kinder-spielzeug\/handgefertigtes-holzspielzeug\/\">Holzspielzeug<\/a> spezialisiert hat, das einen neuen, zeitgem\u00e4\u00dfen Stil erhalten hat.<\/p>\n<p>Alle Spielzeuge von Le Toy Van werden unter Einhaltung strenger Qualit\u00e4ts-, Sicherheits- und Nachhaltigkeitsstandards ethisch einwandfrei hergestellt, wobei nat\u00fcrliche Materialien wie nachwachsendes, glattes Kautschukholz verwendet werden. Es wurde nach den h\u00f6chsten Sicherheitsstandards getestet und entspricht den EN-71- und ASTM-Sicherheitsnormen.<\/p>\n<p>Diese innovativen und wundersch\u00f6n gestalteten Spielzeuge f\u00f6rdern das fr\u00fche Lernen durch <a href=\"https:\/\/teiaeducation.ch\/de\/produkt-kategorie\/kinder-spielzeug\/phantasievoll-rollenspiel\/\">fantasievolles Rollenspiel<\/a> und bieten zahlreiche M\u00f6glichkeiten zur <a href=\"https:\/\/teiaeducation.ch\/de\/produkt-kategorie\/lernthemen\/alphabetisierung-sprache\/\">sprachlichen<\/a> und sozialen Entwicklung sowie zur F\u00f6rderung der <a href=\"https:\/\/teiaeducation.ch\/de\/produkt-kategorie\/lernthemen\/sensorische-motorische-fertigkeiten\/motorische-fertigkeiten\/\">Feinmotorik<\/a>. Sie sind langlebig und sorgen f\u00fcr generations\u00fcbergreifenden Spielspa\u00df!<\/p>\n","protected":false},"excerpt":{"rendered":"<p>Artikelnummer: ltvtv700<\/p>\n<p>Das Le Toy Van Royal express Holzeisenbahn Set ist ein gro\u00dfes, nachhaltiges und wundersch\u00f6n gearbeitetes 180-teiliges Holzeisenbahnset, das endlosen Spielspa\u00df mit Fahrzeugen und einer kleinen Welt bietet!<\/p>\n","protected":false},"featured_media":66335,"comment_status":"open","ping_status":"closed","template":"","meta":[],"product_brand":[],"product_cat":[21445,21446,21671,21683,21690,21487,21488,21585,21443,21563,21687,21678,21702,21564],"product_tag":[30238,30237,30236,30234,30232,30233,22675,30235,30239],"class_list":{"0":"post-66323","1":"product","2":"type-product","3":"status-publish","4":"has-post-thumbnail","6":"product_cat-3-6-jahre-vorschule","7":"product_cat-6-12-jahre-grundschule","8":"product_cat-angebot","9":"product_cat-boote-zuege","10":"product_cat-spiele-mit-offenem-ende","11":"product_cat-geschenk-guide-3-6-jahre-vorschule","12":"product_cat-geschenk-guide-6-12-jahre-grundschule","13":"product_cat-le-toy-van-de","14":"product_cat-nach-alter","15":"product_cat-neuheiten","16":"product_cat-phantasievoll-rollenspiel","17":"product_cat-kinder-spielzeug","18":"product_cat-spielzeugautos-fahrzeuge","19":"product_cat-unsere-marken","20":"product_tag-eisenbahnset-mit-haeusern","21":"product_tag-eisenbahnset-mit-kran","22":"product_tag-eisenbahnset-mit-riesenrad","23":"product_tag-grosses-holzeisenbahnset","24":"product_tag-le-toy-van-eisenbahnset","25":"product_tag-le-toy-van-royal-express-de","26":"product_tag-le-toy-van-schweiz","27":"product_tag-nachhaltiges-holzeisenbahnset","28":"product_tag-royal-express-holzeisenbahn-set","30":"first","31":"instock","32":"sale","33":"taxable","34":"shipping-taxable","35":"purchasable","36":"product-type-simple"},"yoast_head":"<!-- This site is optimized with the Yoast SEO plugin v27.3 - https:\/\/yoast.com\/product\/yoast-seo-wordpress\/ -->\n<title>Royal express Holzeisenbahn Set - Le Toy Van<\/title>\n<meta name=\"description\" content=\"Das Le Toy Van Royal express Eisenbahnset ist ein gro\u00dfes, nachhaltiges, handgefertigtes 180-teiliges Holzset, das endlosen Spielspa\u00df mit Fahrzeugen und einer kleinen Welt bietet.\" \/>\n<meta name=\"robots\" content=\"index, follow, max-snippet:-1, max-image-preview:large, max-video-preview:-1\" \/>\n<link rel=\"canonical\" href=\"https:\/\/teiaeducation.ch\/de\/produkt\/royal-express-holzeisenbahn-set-le-toy-van\/\" \/>\n<meta property=\"og:locale\" content=\"de_DE\" \/>\n<meta property=\"og:type\" content=\"article\" \/>\n<meta property=\"og:title\" content=\"Royal express Holzeisenbahn Set - Le Toy Van\" \/>\n<meta property=\"og:description\" content=\"Das Le Toy Van Royal express Eisenbahnset ist ein gro\u00dfes, nachhaltiges, handgefertigtes 180-teiliges Holzset, das endlosen Spielspa\u00df mit Fahrzeugen und einer kleinen Welt bietet.\" \/>\n<meta property=\"og:url\" content=\"https:\/\/teiaeducation.ch\/de\/produkt\/royal-express-holzeisenbahn-set-le-toy-van\/\" \/>\n<meta property=\"og:site_name\" content=\"Sustainable Educational Products &amp; Ecological Toys\u00a0\" \/>\n<meta property=\"article:publisher\" content=\"https:\/\/www.facebook.com\/teiaeducation\/\" \/>\n<meta property=\"article:modified_time\" content=\"2025-12-11T14:28:35+00:00\" \/>\n<meta property=\"og:image\" content=\"https:\/\/teiaeducation.ch\/wp-content\/uploads\/2020\/12\/Royal-Express-sustainable-wooden-train-set-\u2013-Le-Toy-Van.jpg\" \/>\n\t<meta property=\"og:image:width\" content=\"800\" \/>\n\t<meta property=\"og:image:height\" content=\"800\" \/>\n\t<meta property=\"og:image:type\" content=\"image\/jpeg\" \/>\n<script type=\"application\/ld+json\" class=\"yoast-schema-graph\">{\"@context\":\"https:\\\/\\\/schema.org\",\"@graph\":[{\"@type\":\"WebPage\",\"@id\":\"https:\\\/\\\/teiaeducation.ch\\\/de\\\/produkt\\\/royal-express-holzeisenbahn-set-le-toy-van\\\/\",\"url\":\"https:\\\/\\\/teiaeducation.ch\\\/de\\\/produkt\\\/royal-express-holzeisenbahn-set-le-toy-van\\\/\",\"name\":\"Royal express Holzeisenbahn Set - Le Toy Van\",\"isPartOf\":{\"@id\":\"https:\\\/\\\/teiaeducation.ch\\\/de\\\/#website\"},\"primaryImageOfPage\":{\"@id\":\"https:\\\/\\\/teiaeducation.ch\\\/de\\\/produkt\\\/royal-express-holzeisenbahn-set-le-toy-van\\\/#primaryimage\"},\"image\":{\"@id\":\"https:\\\/\\\/teiaeducation.ch\\\/de\\\/produkt\\\/royal-express-holzeisenbahn-set-le-toy-van\\\/#primaryimage\"},\"thumbnailUrl\":\"https:\\\/\\\/teiaeducation.ch\\\/wp-content\\\/uploads\\\/2020\\\/12\\\/Royal-Express-sustainable-wooden-train-set-\u2013-Le-Toy-Van.jpg\",\"datePublished\":\"2020-12-11T10:21:20+00:00\",\"dateModified\":\"2025-12-11T14:28:35+00:00\",\"description\":\"Das Le Toy Van Royal express Eisenbahnset ist ein gro\u00dfes, nachhaltiges, handgefertigtes 180-teiliges Holzset, das endlosen Spielspa\u00df mit Fahrzeugen und einer kleinen Welt bietet.\",\"breadcrumb\":{\"@id\":\"https:\\\/\\\/teiaeducation.ch\\\/de\\\/produkt\\\/royal-express-holzeisenbahn-set-le-toy-van\\\/#breadcrumb\"},\"inLanguage\":\"de-CH\",\"potentialAction\":[{\"@type\":\"ReadAction\",\"target\":[\"https:\\\/\\\/teiaeducation.ch\\\/de\\\/produkt\\\/royal-express-holzeisenbahn-set-le-toy-van\\\/\"]}]},{\"@type\":\"ImageObject\",\"inLanguage\":\"de-CH\",\"@id\":\"https:\\\/\\\/teiaeducation.ch\\\/de\\\/produkt\\\/royal-express-holzeisenbahn-set-le-toy-van\\\/#primaryimage\",\"url\":\"https:\\\/\\\/teiaeducation.ch\\\/wp-content\\\/uploads\\\/2020\\\/12\\\/Royal-Express-sustainable-wooden-train-set-\u2013-Le-Toy-Van.jpg\",\"contentUrl\":\"https:\\\/\\\/teiaeducation.ch\\\/wp-content\\\/uploads\\\/2020\\\/12\\\/Royal-Express-sustainable-wooden-train-set-\u2013-Le-Toy-Van.jpg\",\"width\":800,\"height\":800,\"caption\":\"Royal express nachhaltiges Holzeisenbahnset \u2013 Le Toy Van\"},{\"@type\":\"BreadcrumbList\",\"@id\":\"https:\\\/\\\/teiaeducation.ch\\\/de\\\/produkt\\\/royal-express-holzeisenbahn-set-le-toy-van\\\/#breadcrumb\",\"itemListElement\":[{\"@type\":\"ListItem\",\"position\":1,\"name\":\"Home\",\"item\":\"https:\\\/\\\/teiaeducation.ch\\\/de\\\/\"},{\"@type\":\"ListItem\",\"position\":2,\"name\":\"Laden\",\"item\":\"https:\\\/\\\/teiaeducation.ch\\\/de\\\/shop\\\/\"},{\"@type\":\"ListItem\",\"position\":3,\"name\":\"Unsere Marken\",\"item\":\"https:\\\/\\\/teiaeducation.ch\\\/de\\\/produkt-kategorie\\\/unsere-marken\\\/\"},{\"@type\":\"ListItem\",\"position\":4,\"name\":\"Le Toy Van\",\"item\":\"https:\\\/\\\/teiaeducation.ch\\\/de\\\/produkt-kategorie\\\/unsere-marken\\\/le-toy-van-de\\\/\"},{\"@type\":\"ListItem\",\"position\":5,\"name\":\"Royal express Holzeisenbahn Set &#8211; Le Toy Van\"}]},{\"@type\":\"WebSite\",\"@id\":\"https:\\\/\\\/teiaeducation.ch\\\/de\\\/#website\",\"url\":\"https:\\\/\\\/teiaeducation.ch\\\/de\\\/\",\"name\":\"Sustainable Educational Products &amp; Ecological Toys\u00a0\",\"description\":\"Specialised Swiss shop selling sustainable educational toys and games, AMI certified Montessori materials, handmade ecological wooden Waldorf toys and arts &amp; crafts supplies, school supplies, children&#039;s furniture and Montessori reference and parenting books.\",\"publisher\":{\"@id\":\"https:\\\/\\\/teiaeducation.ch\\\/de\\\/#organization\"},\"alternateName\":\"Teia Education & Play\",\"potentialAction\":[{\"@type\":\"SearchAction\",\"target\":{\"@type\":\"EntryPoint\",\"urlTemplate\":\"https:\\\/\\\/teiaeducation.ch\\\/de\\\/?s={search_term_string}\"},\"query-input\":{\"@type\":\"PropertyValueSpecification\",\"valueRequired\":true,\"valueName\":\"search_term_string\"}}],\"inLanguage\":\"de-CH\"},{\"@type\":\"Organization\",\"@id\":\"https:\\\/\\\/teiaeducation.ch\\\/de\\\/#organization\",\"name\":\"Teia Education & Play\",\"url\":\"https:\\\/\\\/teiaeducation.ch\\\/de\\\/\",\"logo\":{\"@type\":\"ImageObject\",\"inLanguage\":\"de-CH\",\"@id\":\"https:\\\/\\\/teiaeducation.ch\\\/de\\\/#\\\/schema\\\/logo\\\/image\\\/\",\"url\":\"https:\\\/\\\/teiaeducation.ch\\\/wp-content\\\/uploads\\\/2020\\\/11\\\/Teia-Education-Switzerland-e1620156442216.jpg\",\"contentUrl\":\"https:\\\/\\\/teiaeducation.ch\\\/wp-content\\\/uploads\\\/2020\\\/11\\\/Teia-Education-Switzerland-e1620156442216.jpg\",\"width\":166,\"height\":145,\"caption\":\"Teia Education & Play\"},\"image\":{\"@id\":\"https:\\\/\\\/teiaeducation.ch\\\/de\\\/#\\\/schema\\\/logo\\\/image\\\/\"},\"sameAs\":[\"https:\\\/\\\/www.facebook.com\\\/teiaeducation\\\/\",\"https:\\\/\\\/x.com\\\/EducationTeia\",\"https:\\\/\\\/www.instagram.com\\\/teia.education\\\/\",\"https:\\\/\\\/www.linkedin.com\\\/company\\\/35501660\",\"https:\\\/\\\/www.pinterest.ch\\\/TeiaEducation\\\/\"]}]}<\/script>\n<!-- \/ Yoast SEO plugin. -->","yoast_head_json":{"title":"Royal express Holzeisenbahn Set - Le Toy Van","description":"Das Le Toy Van Royal express Eisenbahnset ist ein gro\u00dfes, nachhaltiges, handgefertigtes 180-teiliges Holzset, das endlosen Spielspa\u00df mit Fahrzeugen und einer kleinen Welt bietet.","robots":{"index":"index","follow":"follow","max-snippet":"max-snippet:-1","max-image-preview":"max-image-preview:large","max-video-preview":"max-video-preview:-1"},"canonical":"https:\/\/teiaeducation.ch\/de\/produkt\/royal-express-holzeisenbahn-set-le-toy-van\/","og_locale":"de_DE","og_type":"article","og_title":"Royal express Holzeisenbahn Set - Le Toy Van","og_description":"Das Le Toy Van Royal express Eisenbahnset ist ein gro\u00dfes, nachhaltiges, handgefertigtes 180-teiliges Holzset, das endlosen Spielspa\u00df mit Fahrzeugen und einer kleinen Welt bietet.","og_url":"https:\/\/teiaeducation.ch\/de\/produkt\/royal-express-holzeisenbahn-set-le-toy-van\/","og_site_name":"Sustainable Educational Products &amp; Ecological Toys\u00a0","article_publisher":"https:\/\/www.facebook.com\/teiaeducation\/","article_modified_time":"2025-12-11T14:28:35+00:00","og_image":[{"width":800,"height":800,"url":"https:\/\/teiaeducation.ch\/wp-content\/uploads\/2020\/12\/Royal-Express-sustainable-wooden-train-set-\u2013-Le-Toy-Van.jpg","type":"image\/jpeg"}],"schema":{"@context":"https:\/\/schema.org","@graph":[{"@type":"WebPage","@id":"https:\/\/teiaeducation.ch\/de\/produkt\/royal-express-holzeisenbahn-set-le-toy-van\/","url":"https:\/\/teiaeducation.ch\/de\/produkt\/royal-express-holzeisenbahn-set-le-toy-van\/","name":"Royal express Holzeisenbahn Set - Le Toy Van","isPartOf":{"@id":"https:\/\/teiaeducation.ch\/de\/#website"},"primaryImageOfPage":{"@id":"https:\/\/teiaeducation.ch\/de\/produkt\/royal-express-holzeisenbahn-set-le-toy-van\/#primaryimage"},"image":{"@id":"https:\/\/teiaeducation.ch\/de\/produkt\/royal-express-holzeisenbahn-set-le-toy-van\/#primaryimage"},"thumbnailUrl":"https:\/\/teiaeducation.ch\/wp-content\/uploads\/2020\/12\/Royal-Express-sustainable-wooden-train-set-\u2013-Le-Toy-Van.jpg","datePublished":"2020-12-11T10:21:20+00:00","dateModified":"2025-12-11T14:28:35+00:00","description":"Das Le Toy Van Royal express Eisenbahnset ist ein gro\u00dfes, nachhaltiges, handgefertigtes 180-teiliges Holzset, das endlosen Spielspa\u00df mit Fahrzeugen und einer kleinen Welt bietet.","breadcrumb":{"@id":"https:\/\/teiaeducation.ch\/de\/produkt\/royal-express-holzeisenbahn-set-le-toy-van\/#breadcrumb"},"inLanguage":"de-CH","potentialAction":[{"@type":"ReadAction","target":["https:\/\/teiaeducation.ch\/de\/produkt\/royal-express-holzeisenbahn-set-le-toy-van\/"]}]},{"@type":"ImageObject","inLanguage":"de-CH","@id":"https:\/\/teiaeducation.ch\/de\/produkt\/royal-express-holzeisenbahn-set-le-toy-van\/#primaryimage","url":"https:\/\/teiaeducation.ch\/wp-content\/uploads\/2020\/12\/Royal-Express-sustainable-wooden-train-set-\u2013-Le-Toy-Van.jpg","contentUrl":"https:\/\/teiaeducation.ch\/wp-content\/uploads\/2020\/12\/Royal-Express-sustainable-wooden-train-set-\u2013-Le-Toy-Van.jpg","width":800,"height":800,"caption":"Royal express nachhaltiges Holzeisenbahnset \u2013 Le Toy Van"},{"@type":"BreadcrumbList","@id":"https:\/\/teiaeducation.ch\/de\/produkt\/royal-express-holzeisenbahn-set-le-toy-van\/#breadcrumb","itemListElement":[{"@type":"ListItem","position":1,"name":"Home","item":"https:\/\/teiaeducation.ch\/de\/"},{"@type":"ListItem","position":2,"name":"Laden","item":"https:\/\/teiaeducation.ch\/de\/shop\/"},{"@type":"ListItem","position":3,"name":"Unsere Marken","item":"https:\/\/teiaeducation.ch\/de\/produkt-kategorie\/unsere-marken\/"},{"@type":"ListItem","position":4,"name":"Le Toy Van","item":"https:\/\/teiaeducation.ch\/de\/produkt-kategorie\/unsere-marken\/le-toy-van-de\/"},{"@type":"ListItem","position":5,"name":"Royal express Holzeisenbahn Set &#8211; Le Toy Van"}]},{"@type":"WebSite","@id":"https:\/\/teiaeducation.ch\/de\/#website","url":"https:\/\/teiaeducation.ch\/de\/","name":"Sustainable Educational Products &amp; Ecological Toys\u00a0","description":"Specialised Swiss shop selling sustainable educational toys and games, AMI certified Montessori materials, handmade ecological wooden Waldorf toys and arts &amp; crafts supplies, school supplies, children&#039;s furniture and Montessori reference and parenting books.","publisher":{"@id":"https:\/\/teiaeducation.ch\/de\/#organization"},"alternateName":"Teia Education & Play","potentialAction":[{"@type":"SearchAction","target":{"@type":"EntryPoint","urlTemplate":"https:\/\/teiaeducation.ch\/de\/?s={search_term_string}"},"query-input":{"@type":"PropertyValueSpecification","valueRequired":true,"valueName":"search_term_string"}}],"inLanguage":"de-CH"},{"@type":"Organization","@id":"https:\/\/teiaeducation.ch\/de\/#organization","name":"Teia Education & Play","url":"https:\/\/teiaeducation.ch\/de\/","logo":{"@type":"ImageObject","inLanguage":"de-CH","@id":"https:\/\/teiaeducation.ch\/de\/#\/schema\/logo\/image\/","url":"https:\/\/teiaeducation.ch\/wp-content\/uploads\/2020\/11\/Teia-Education-Switzerland-e1620156442216.jpg","contentUrl":"https:\/\/teiaeducation.ch\/wp-content\/uploads\/2020\/11\/Teia-Education-Switzerland-e1620156442216.jpg","width":166,"height":145,"caption":"Teia Education & Play"},"image":{"@id":"https:\/\/teiaeducation.ch\/de\/#\/schema\/logo\/image\/"},"sameAs":["https:\/\/www.facebook.com\/teiaeducation\/","https:\/\/x.com\/EducationTeia","https:\/\/www.instagram.com\/teia.education\/","https:\/\/www.linkedin.com\/company\/35501660","https:\/\/www.pinterest.ch\/TeiaEducation\/"]}]}},"_links":{"self":[{"href":"https:\/\/teiaeducation.ch\/de\/wp-json\/wp\/v2\/product\/66323","targetHints":{"allow":["GET"]}}],"collection":[{"href":"https:\/\/teiaeducation.ch\/de\/wp-json\/wp\/v2\/product"}],"about":[{"href":"https:\/\/teiaeducation.ch\/de\/wp-json\/wp\/v2\/types\/product"}],"replies":[{"embeddable":true,"href":"https:\/\/teiaeducation.ch\/de\/wp-json\/wp\/v2\/comments?post=66323"}],"wp:featuredmedia":[{"embeddable":true,"href":"https:\/\/teiaeducation.ch\/de\/wp-json\/wp\/v2\/media\/66335"}],"wp:attachment":[{"href":"https:\/\/teiaeducation.ch\/de\/wp-json\/wp\/v2\/media?parent=66323"}],"wp:term":[{"taxonomy":"product_brand","embeddable":true,"href":"https:\/\/teiaeducation.ch\/de\/wp-json\/wp\/v2\/product_brand?post=66323"},{"taxonomy":"product_cat","embeddable":true,"href":"https:\/\/teiaeducation.ch\/de\/wp-json\/wp\/v2\/product_cat?post=66323"},{"taxonomy":"product_tag","embeddable":true,"href":"https:\/\/teiaeducation.ch\/de\/wp-json\/wp\/v2\/product_tag?post=66323"}],"curies":[{"name":"wp","href":"https:\/\/api.w.org\/{rel}","templated":true}]}}