{"id":66349,"date":"2020-10-25T16:33:24","date_gmt":"2020-10-25T15:33:24","guid":{"rendered":"https:\/\/teiaeducation.ch\/product\/wolken-aktivitaetswabe-le-toy-van\/"},"modified":"2025-12-11T15:28:55","modified_gmt":"2025-12-11T14:28:55","slug":"wolken-aktivitaetswabe-le-toy-van","status":"publish","type":"product","link":"https:\/\/teiaeducation.ch\/de\/produkt\/wolken-aktivitaetswabe-le-toy-van\/","title":{"rendered":"Wolken Aktivit\u00e4tswabe &#8211; Le Toy Van"},"content":{"rendered":"<p>Diese wundersch\u00f6ne, sechseckige Aktivit\u00e4tskachel \u201eDeco-Play\u201c aus der Le Toy Van Petilou-Kollektion ist ein nachhaltiges, multisensorisches Holzspielzeug, das verschiedene <a href=\"https:\/\/teiaeducation.ch\/de\/produkt-kategorie\/kinder-spielzeug\/sinnliches-spiel\/\">Sinne<\/a> anregt, Neugier weckt und F\u00e4higkeiten f\u00f6rdert.<\/p>\n<p>Das farbenfrohe Design f\u00f6rdert die <a href=\"https:\/\/teiaeducation.ch\/de\/produkt-kategorie\/lernthemen\/sensorische-motorische-fertigkeiten\/farbe-lernen\/\">Farbe<\/a>rkennung und regt die Fantasie an. Es wird auf ethische Weise aus nachhaltigem, wiederverwertetem Kautschukholz hergestellt. Mit wasserbasierten Farben bemalt, um Abbl\u00e4ttern zu verhindern, und mit glatten Kanten f\u00fcr einen sicheren und weichen Griff, sodass es f\u00fcr Ihr Kind sicher und umweltfreundlich ist.<\/p>\n<p>Die Wolken Aktivit\u00e4tswabe kann an der Wand befestigt, auf einem Tisch oder sogar auf dem Boden gespielt werden.<\/p>\n<p>Lass es regnen! Drehe den Wolken-Regenmacher, um eine Vielzahl bunter, herabfallender Regentropfen zu sehen und zu h\u00f6ren \u2013 f\u00fcr ein ultimatives Sinneserlebnis. Die Wolken-Aktivit\u00e4tsfliese ist ein fantastisches Geschenk f\u00fcr Kleinkinder und wurde f\u00fcr Kinder ab 1 Jahr auf Sicherheit gepr\u00fcft.<\/p>\n<p>Die Le Toy Van Wolken Aktivit\u00e4tswabe ist f\u00fcr Kinder ab 18 Monaten geeignet.<\/p>\n<p>Inhalt:<\/p>\n<p>1 Holz-Aktivit\u00e4tswabe (2 x 3,1\/4,1 x 17,6 cm)<\/p>\n<h2>Uber Le Toy Van<\/h2>\n<p><a href=\"https:\/\/teiaeducation.ch\/de\/produkt-kategorie\/unsere-marken\/le-toy-van-de\/\">Le Toy Van<\/a> ist ein englisches Spielzeugunternehmen, das 1995 gegr\u00fcndet wurde und sich auf hochwertiges traditionelles <a href=\"https:\/\/teiaeducation.ch\/de\/produkt-kategorie\/kinder-spielzeug\/handgefertigtes-holzspielzeug\/\">Holzspielzeug<\/a> spezialisiert hat, das einen neuen, zeitgem\u00e4\u00dfen Stil erhalten hat.<\/p>\n<p>Alle Spielzeuge von Le Toy Van werden unter Einhaltung strenger Qualit\u00e4ts-, Sicherheits- und Nachhaltigkeitsstandards ethisch einwandfrei hergestellt, wobei nat\u00fcrliche Materialien wie nachwachsendes, glattes Kautschukholz verwendet werden. Es wurde nach den h\u00f6chsten Sicherheitsstandards getestet und entspricht den EN-71- und ASTM-Sicherheitsnormen.<\/p>\n<p>Diese innovativen und wundersch\u00f6n gestalteten Spielzeuge f\u00f6rdern das fr\u00fche Lernen durch <a href=\"https:\/\/teiaeducation.ch\/de\/produkt-kategorie\/kinder-spielzeug\/phantasievoll-rollenspiel\/\">fantasievolles Rollenspiel<\/a> und bieten zahlreiche M\u00f6glichkeiten zur <a href=\"https:\/\/teiaeducation.ch\/de\/produkt-kategorie\/lernthemen\/alphabetisierung-sprache\/\">sprachlichen<\/a> und sozialen Entwicklung sowie zur F\u00f6rderung der <a href=\"https:\/\/teiaeducation.ch\/de\/produkt-kategorie\/lernthemen\/sensorische-motorische-fertigkeiten\/motorische-fertigkeiten\/\">Feinmotorik<\/a>. Sie sind langlebig und sorgen f\u00fcr generations\u00fcbergreifenden Spielspa\u00df!<\/p>\n","protected":false},"excerpt":{"rendered":"<p>Artikelnummer: ltvpl130<\/p>\n<p>Dieses h\u00fcbsche Wolken-Aktivit\u00e4ts Spielzeug von Le Toy Van ist ein nachhaltiges, multisensorisches Holzspielzeug f\u00fcr Kinder, das fantasievolles Rollenspiel f\u00f6rdert!<\/p>\n","protected":false},"featured_media":66352,"comment_status":"open","ping_status":"closed","template":"","meta":[],"product_brand":[],"product_cat":[21444,21671,21486,21585,21443,21563,21695,21678,21564],"product_tag":[30150,30149,22674,30240,30245,30241,30146,30148,30147,30244],"class_list":{"0":"post-66349","1":"product","2":"type-product","3":"status-publish","4":"has-post-thumbnail","6":"product_cat-1-3-jahre-kleinkind","7":"product_cat-angebot","8":"product_cat-geschenk-guide-1-3-jahre-kleinkind","9":"product_cat-le-toy-van-de","10":"product_cat-nach-alter","11":"product_cat-neuheiten","12":"product_cat-sinnliches-spiel","13":"product_cat-kinder-spielzeug","14":"product_cat-unsere-marken","15":"product_tag-die-besten-holzspielzeuge-fur-babys","16":"product_tag-holzspielzeug-fur-kinder","17":"product_tag-le-toy-van-de","18":"product_tag-le-toy-van-petilou-collection-spielzeug","19":"product_tag-nachhaltiges-holzspielzeug-de","20":"product_tag-nachhaltiges-spielzeug-aus-holz-de","21":"product_tag-nachhaltiges-spielzeug-aus-holz","22":"product_tag-rubberwood-toys-de","23":"product_tag-spielzeug-fur-babys","24":"product_tag-wolken-aktivitatswabe-le-toy-van","26":"first","27":"instock","28":"sale","29":"taxable","30":"shipping-taxable","31":"purchasable","32":"product-type-simple"},"yoast_head":"<!-- This site is optimized with the Yoast SEO plugin v27.3 - https:\/\/yoast.com\/product\/yoast-seo-wordpress\/ -->\n<title>Wolken Aktivit\u00e4tswabe - Le Toy Van<\/title>\n<meta name=\"description\" content=\"Diese h\u00fcbsche Wolken Aktivit\u00e4tswabe von Le Toy Van ist ein nachhaltiges, multisensorisches Holzspielzeug, das fantasievolles Rollenspiel f\u00f6rdert.\" \/>\n<meta name=\"robots\" content=\"index, follow, max-snippet:-1, max-image-preview:large, max-video-preview:-1\" \/>\n<link rel=\"canonical\" href=\"https:\/\/teiaeducation.ch\/de\/produkt\/wolken-aktivitaetswabe-le-toy-van\/\" \/>\n<meta property=\"og:locale\" content=\"de_DE\" \/>\n<meta property=\"og:type\" content=\"article\" \/>\n<meta property=\"og:title\" content=\"Wolken Aktivit\u00e4tswabe - Le Toy Van\" \/>\n<meta property=\"og:description\" content=\"Diese h\u00fcbsche Wolken Aktivit\u00e4tswabe von Le Toy Van ist ein nachhaltiges, multisensorisches Holzspielzeug, das fantasievolles Rollenspiel f\u00f6rdert.\" \/>\n<meta property=\"og:url\" content=\"https:\/\/teiaeducation.ch\/de\/produkt\/wolken-aktivitaetswabe-le-toy-van\/\" \/>\n<meta property=\"og:site_name\" content=\"Sustainable Educational Products &amp; Ecological Toys\u00a0\" \/>\n<meta property=\"article:publisher\" content=\"https:\/\/www.facebook.com\/teiaeducation\/\" \/>\n<meta property=\"article:modified_time\" content=\"2025-12-11T14:28:55+00:00\" \/>\n<meta property=\"og:image\" content=\"https:\/\/teiaeducation.ch\/wp-content\/uploads\/2020\/10\/Cloud-Activity-Tile-Sustainable-wooden-toy-Le-Toy-Van.jpg\" \/>\n\t<meta property=\"og:image:width\" content=\"900\" \/>\n\t<meta property=\"og:image:height\" content=\"900\" \/>\n\t<meta property=\"og:image:type\" content=\"image\/jpeg\" \/>\n<script type=\"application\/ld+json\" class=\"yoast-schema-graph\">{\"@context\":\"https:\\\/\\\/schema.org\",\"@graph\":[{\"@type\":\"WebPage\",\"@id\":\"https:\\\/\\\/teiaeducation.ch\\\/de\\\/produkt\\\/wolken-aktivitaetswabe-le-toy-van\\\/\",\"url\":\"https:\\\/\\\/teiaeducation.ch\\\/de\\\/produkt\\\/wolken-aktivitaetswabe-le-toy-van\\\/\",\"name\":\"Wolken Aktivit\u00e4tswabe - Le Toy Van\",\"isPartOf\":{\"@id\":\"https:\\\/\\\/teiaeducation.ch\\\/de\\\/#website\"},\"primaryImageOfPage\":{\"@id\":\"https:\\\/\\\/teiaeducation.ch\\\/de\\\/produkt\\\/wolken-aktivitaetswabe-le-toy-van\\\/#primaryimage\"},\"image\":{\"@id\":\"https:\\\/\\\/teiaeducation.ch\\\/de\\\/produkt\\\/wolken-aktivitaetswabe-le-toy-van\\\/#primaryimage\"},\"thumbnailUrl\":\"https:\\\/\\\/teiaeducation.ch\\\/wp-content\\\/uploads\\\/2020\\\/10\\\/Cloud-Activity-Tile-Sustainable-wooden-toy-Le-Toy-Van.jpg\",\"datePublished\":\"2020-10-25T15:33:24+00:00\",\"dateModified\":\"2025-12-11T14:28:55+00:00\",\"description\":\"Diese h\u00fcbsche Wolken Aktivit\u00e4tswabe von Le Toy Van ist ein nachhaltiges, multisensorisches Holzspielzeug, das fantasievolles Rollenspiel f\u00f6rdert.\",\"breadcrumb\":{\"@id\":\"https:\\\/\\\/teiaeducation.ch\\\/de\\\/produkt\\\/wolken-aktivitaetswabe-le-toy-van\\\/#breadcrumb\"},\"inLanguage\":\"de-CH\",\"potentialAction\":[{\"@type\":\"ReadAction\",\"target\":[\"https:\\\/\\\/teiaeducation.ch\\\/de\\\/produkt\\\/wolken-aktivitaetswabe-le-toy-van\\\/\"]}]},{\"@type\":\"ImageObject\",\"inLanguage\":\"de-CH\",\"@id\":\"https:\\\/\\\/teiaeducation.ch\\\/de\\\/produkt\\\/wolken-aktivitaetswabe-le-toy-van\\\/#primaryimage\",\"url\":\"https:\\\/\\\/teiaeducation.ch\\\/wp-content\\\/uploads\\\/2020\\\/10\\\/Cloud-Activity-Tile-Sustainable-wooden-toy-Le-Toy-Van.jpg\",\"contentUrl\":\"https:\\\/\\\/teiaeducation.ch\\\/wp-content\\\/uploads\\\/2020\\\/10\\\/Cloud-Activity-Tile-Sustainable-wooden-toy-Le-Toy-Van.jpg\",\"width\":900,\"height\":900,\"caption\":\"Wolken Aktivit\u00e4tswabe : Nachhaltiges Holzspielzeug - Le Toy Van\"},{\"@type\":\"BreadcrumbList\",\"@id\":\"https:\\\/\\\/teiaeducation.ch\\\/de\\\/produkt\\\/wolken-aktivitaetswabe-le-toy-van\\\/#breadcrumb\",\"itemListElement\":[{\"@type\":\"ListItem\",\"position\":1,\"name\":\"Home\",\"item\":\"https:\\\/\\\/teiaeducation.ch\\\/de\\\/\"},{\"@type\":\"ListItem\",\"position\":2,\"name\":\"Laden\",\"item\":\"https:\\\/\\\/teiaeducation.ch\\\/de\\\/shop\\\/\"},{\"@type\":\"ListItem\",\"position\":3,\"name\":\"Unsere Marken\",\"item\":\"https:\\\/\\\/teiaeducation.ch\\\/de\\\/produkt-kategorie\\\/unsere-marken\\\/\"},{\"@type\":\"ListItem\",\"position\":4,\"name\":\"Le Toy Van\",\"item\":\"https:\\\/\\\/teiaeducation.ch\\\/de\\\/produkt-kategorie\\\/unsere-marken\\\/le-toy-van-de\\\/\"},{\"@type\":\"ListItem\",\"position\":5,\"name\":\"Wolken Aktivit\u00e4tswabe &#8211; Le Toy Van\"}]},{\"@type\":\"WebSite\",\"@id\":\"https:\\\/\\\/teiaeducation.ch\\\/de\\\/#website\",\"url\":\"https:\\\/\\\/teiaeducation.ch\\\/de\\\/\",\"name\":\"Sustainable Educational Products &amp; Ecological Toys\u00a0\",\"description\":\"Specialised Swiss shop selling sustainable educational toys and games, AMI certified Montessori materials, handmade ecological wooden Waldorf toys and arts &amp; crafts supplies, school supplies, children&#039;s furniture and Montessori reference and parenting books.\",\"publisher\":{\"@id\":\"https:\\\/\\\/teiaeducation.ch\\\/de\\\/#organization\"},\"alternateName\":\"Teia Education & Play\",\"potentialAction\":[{\"@type\":\"SearchAction\",\"target\":{\"@type\":\"EntryPoint\",\"urlTemplate\":\"https:\\\/\\\/teiaeducation.ch\\\/de\\\/?s={search_term_string}\"},\"query-input\":{\"@type\":\"PropertyValueSpecification\",\"valueRequired\":true,\"valueName\":\"search_term_string\"}}],\"inLanguage\":\"de-CH\"},{\"@type\":\"Organization\",\"@id\":\"https:\\\/\\\/teiaeducation.ch\\\/de\\\/#organization\",\"name\":\"Teia Education & Play\",\"url\":\"https:\\\/\\\/teiaeducation.ch\\\/de\\\/\",\"logo\":{\"@type\":\"ImageObject\",\"inLanguage\":\"de-CH\",\"@id\":\"https:\\\/\\\/teiaeducation.ch\\\/de\\\/#\\\/schema\\\/logo\\\/image\\\/\",\"url\":\"https:\\\/\\\/teiaeducation.ch\\\/wp-content\\\/uploads\\\/2020\\\/11\\\/Teia-Education-Switzerland-e1620156442216.jpg\",\"contentUrl\":\"https:\\\/\\\/teiaeducation.ch\\\/wp-content\\\/uploads\\\/2020\\\/11\\\/Teia-Education-Switzerland-e1620156442216.jpg\",\"width\":166,\"height\":145,\"caption\":\"Teia Education & Play\"},\"image\":{\"@id\":\"https:\\\/\\\/teiaeducation.ch\\\/de\\\/#\\\/schema\\\/logo\\\/image\\\/\"},\"sameAs\":[\"https:\\\/\\\/www.facebook.com\\\/teiaeducation\\\/\",\"https:\\\/\\\/x.com\\\/EducationTeia\",\"https:\\\/\\\/www.instagram.com\\\/teia.education\\\/\",\"https:\\\/\\\/www.linkedin.com\\\/company\\\/35501660\",\"https:\\\/\\\/www.pinterest.ch\\\/TeiaEducation\\\/\"]}]}<\/script>\n<!-- \/ Yoast SEO plugin. -->","yoast_head_json":{"title":"Wolken Aktivit\u00e4tswabe - Le Toy Van","description":"Diese h\u00fcbsche Wolken Aktivit\u00e4tswabe von Le Toy Van ist ein nachhaltiges, multisensorisches Holzspielzeug, das fantasievolles Rollenspiel f\u00f6rdert.","robots":{"index":"index","follow":"follow","max-snippet":"max-snippet:-1","max-image-preview":"max-image-preview:large","max-video-preview":"max-video-preview:-1"},"canonical":"https:\/\/teiaeducation.ch\/de\/produkt\/wolken-aktivitaetswabe-le-toy-van\/","og_locale":"de_DE","og_type":"article","og_title":"Wolken Aktivit\u00e4tswabe - Le Toy Van","og_description":"Diese h\u00fcbsche Wolken Aktivit\u00e4tswabe von Le Toy Van ist ein nachhaltiges, multisensorisches Holzspielzeug, das fantasievolles Rollenspiel f\u00f6rdert.","og_url":"https:\/\/teiaeducation.ch\/de\/produkt\/wolken-aktivitaetswabe-le-toy-van\/","og_site_name":"Sustainable Educational Products &amp; Ecological Toys\u00a0","article_publisher":"https:\/\/www.facebook.com\/teiaeducation\/","article_modified_time":"2025-12-11T14:28:55+00:00","og_image":[{"width":900,"height":900,"url":"https:\/\/teiaeducation.ch\/wp-content\/uploads\/2020\/10\/Cloud-Activity-Tile-Sustainable-wooden-toy-Le-Toy-Van.jpg","type":"image\/jpeg"}],"schema":{"@context":"https:\/\/schema.org","@graph":[{"@type":"WebPage","@id":"https:\/\/teiaeducation.ch\/de\/produkt\/wolken-aktivitaetswabe-le-toy-van\/","url":"https:\/\/teiaeducation.ch\/de\/produkt\/wolken-aktivitaetswabe-le-toy-van\/","name":"Wolken Aktivit\u00e4tswabe - Le Toy Van","isPartOf":{"@id":"https:\/\/teiaeducation.ch\/de\/#website"},"primaryImageOfPage":{"@id":"https:\/\/teiaeducation.ch\/de\/produkt\/wolken-aktivitaetswabe-le-toy-van\/#primaryimage"},"image":{"@id":"https:\/\/teiaeducation.ch\/de\/produkt\/wolken-aktivitaetswabe-le-toy-van\/#primaryimage"},"thumbnailUrl":"https:\/\/teiaeducation.ch\/wp-content\/uploads\/2020\/10\/Cloud-Activity-Tile-Sustainable-wooden-toy-Le-Toy-Van.jpg","datePublished":"2020-10-25T15:33:24+00:00","dateModified":"2025-12-11T14:28:55+00:00","description":"Diese h\u00fcbsche Wolken Aktivit\u00e4tswabe von Le Toy Van ist ein nachhaltiges, multisensorisches Holzspielzeug, das fantasievolles Rollenspiel f\u00f6rdert.","breadcrumb":{"@id":"https:\/\/teiaeducation.ch\/de\/produkt\/wolken-aktivitaetswabe-le-toy-van\/#breadcrumb"},"inLanguage":"de-CH","potentialAction":[{"@type":"ReadAction","target":["https:\/\/teiaeducation.ch\/de\/produkt\/wolken-aktivitaetswabe-le-toy-van\/"]}]},{"@type":"ImageObject","inLanguage":"de-CH","@id":"https:\/\/teiaeducation.ch\/de\/produkt\/wolken-aktivitaetswabe-le-toy-van\/#primaryimage","url":"https:\/\/teiaeducation.ch\/wp-content\/uploads\/2020\/10\/Cloud-Activity-Tile-Sustainable-wooden-toy-Le-Toy-Van.jpg","contentUrl":"https:\/\/teiaeducation.ch\/wp-content\/uploads\/2020\/10\/Cloud-Activity-Tile-Sustainable-wooden-toy-Le-Toy-Van.jpg","width":900,"height":900,"caption":"Wolken Aktivit\u00e4tswabe : Nachhaltiges Holzspielzeug - Le Toy Van"},{"@type":"BreadcrumbList","@id":"https:\/\/teiaeducation.ch\/de\/produkt\/wolken-aktivitaetswabe-le-toy-van\/#breadcrumb","itemListElement":[{"@type":"ListItem","position":1,"name":"Home","item":"https:\/\/teiaeducation.ch\/de\/"},{"@type":"ListItem","position":2,"name":"Laden","item":"https:\/\/teiaeducation.ch\/de\/shop\/"},{"@type":"ListItem","position":3,"name":"Unsere Marken","item":"https:\/\/teiaeducation.ch\/de\/produkt-kategorie\/unsere-marken\/"},{"@type":"ListItem","position":4,"name":"Le Toy Van","item":"https:\/\/teiaeducation.ch\/de\/produkt-kategorie\/unsere-marken\/le-toy-van-de\/"},{"@type":"ListItem","position":5,"name":"Wolken Aktivit\u00e4tswabe &#8211; Le Toy Van"}]},{"@type":"WebSite","@id":"https:\/\/teiaeducation.ch\/de\/#website","url":"https:\/\/teiaeducation.ch\/de\/","name":"Sustainable Educational Products &amp; Ecological Toys\u00a0","description":"Specialised Swiss shop selling sustainable educational toys and games, AMI certified Montessori materials, handmade ecological wooden Waldorf toys and arts &amp; crafts supplies, school supplies, children&#039;s furniture and Montessori reference and parenting books.","publisher":{"@id":"https:\/\/teiaeducation.ch\/de\/#organization"},"alternateName":"Teia Education & Play","potentialAction":[{"@type":"SearchAction","target":{"@type":"EntryPoint","urlTemplate":"https:\/\/teiaeducation.ch\/de\/?s={search_term_string}"},"query-input":{"@type":"PropertyValueSpecification","valueRequired":true,"valueName":"search_term_string"}}],"inLanguage":"de-CH"},{"@type":"Organization","@id":"https:\/\/teiaeducation.ch\/de\/#organization","name":"Teia Education & Play","url":"https:\/\/teiaeducation.ch\/de\/","logo":{"@type":"ImageObject","inLanguage":"de-CH","@id":"https:\/\/teiaeducation.ch\/de\/#\/schema\/logo\/image\/","url":"https:\/\/teiaeducation.ch\/wp-content\/uploads\/2020\/11\/Teia-Education-Switzerland-e1620156442216.jpg","contentUrl":"https:\/\/teiaeducation.ch\/wp-content\/uploads\/2020\/11\/Teia-Education-Switzerland-e1620156442216.jpg","width":166,"height":145,"caption":"Teia Education & Play"},"image":{"@id":"https:\/\/teiaeducation.ch\/de\/#\/schema\/logo\/image\/"},"sameAs":["https:\/\/www.facebook.com\/teiaeducation\/","https:\/\/x.com\/EducationTeia","https:\/\/www.instagram.com\/teia.education\/","https:\/\/www.linkedin.com\/company\/35501660","https:\/\/www.pinterest.ch\/TeiaEducation\/"]}]}},"_links":{"self":[{"href":"https:\/\/teiaeducation.ch\/de\/wp-json\/wp\/v2\/product\/66349","targetHints":{"allow":["GET"]}}],"collection":[{"href":"https:\/\/teiaeducation.ch\/de\/wp-json\/wp\/v2\/product"}],"about":[{"href":"https:\/\/teiaeducation.ch\/de\/wp-json\/wp\/v2\/types\/product"}],"replies":[{"embeddable":true,"href":"https:\/\/teiaeducation.ch\/de\/wp-json\/wp\/v2\/comments?post=66349"}],"wp:featuredmedia":[{"embeddable":true,"href":"https:\/\/teiaeducation.ch\/de\/wp-json\/wp\/v2\/media\/66352"}],"wp:attachment":[{"href":"https:\/\/teiaeducation.ch\/de\/wp-json\/wp\/v2\/media?parent=66349"}],"wp:term":[{"taxonomy":"product_brand","embeddable":true,"href":"https:\/\/teiaeducation.ch\/de\/wp-json\/wp\/v2\/product_brand?post=66349"},{"taxonomy":"product_cat","embeddable":true,"href":"https:\/\/teiaeducation.ch\/de\/wp-json\/wp\/v2\/product_cat?post=66349"},{"taxonomy":"product_tag","embeddable":true,"href":"https:\/\/teiaeducation.ch\/de\/wp-json\/wp\/v2\/product_tag?post=66349"}],"curies":[{"name":"wp","href":"https:\/\/api.w.org\/{rel}","templated":true}]}}