{"id":71008,"date":"2020-10-25T15:27:57","date_gmt":"2020-10-25T14:27:57","guid":{"rendered":"https:\/\/teiaeducation.ch\/product\/stapelspiel-waldtiere-aus-holz-le-toy-van\/"},"modified":"2025-12-11T15:30:06","modified_gmt":"2025-12-11T14:30:06","slug":"stapelspiel-waldtiere-aus-holz-le-toy-van","status":"publish","type":"product","link":"https:\/\/teiaeducation.ch\/de\/produkt\/stapelspiel-waldtiere-aus-holz-le-toy-van\/","title":{"rendered":"Stapelspiel Waldtiere aus Holz &#8211; Le Toy Van"},"content":{"rendered":"<p>Dieses clevere Set aus 9 handgefertigten, nachhaltigen Holzstapeltieren zum Thema Wald von Le Toy Van ist das perfekte Spielzeug, um die verschiedenen <a href=\"https:\/\/teiaeducation.ch\/de\/produkt-kategorie\/kinder-spielzeug\/tiere-bauernhoefe\/\">Tiere<\/a> des Waldes kennenzulernen und zu entdecken! Komplett mit einer Baumwolltasche zum einfachen Aufbewahren und Transportieren f\u00f6rdert dieses <a href=\"https:\/\/teiaeducation.ch\/de\/produkt-kategorie\/kinder-spielzeug\/stapelspielzeug\/\">stapelbare<\/a> Spiel die Entwicklung der Geschicklichkeit und des Selbstvertrauens in einer spielerischen Umgebung. Das Set enth\u00e4lt 9 Holztiere.<\/p>\n<p>Diese fr\u00f6hlichen und freundlichen Tiere wurden auf ethische Weise aus nachhaltigem, wiederverwertetem Kautschukholz hergestellt und regen die Fantasie an und f\u00f6rdern die <a href=\"https:\/\/teiaeducation.ch\/de\/produkt-kategorie\/lernthemen\/sensorische-motorische-fertigkeiten\/farbe-lernen\/\">Farbe<\/a>rkennung. Jedes Waldtier wurde mit Farben auf Wasserbasis bemalt, um Abbl\u00e4ttern zu verhindern, und alle Kanten wurden gegl\u00e4ttet, damit sie sich sicher und weich anf\u00fchlen und somit sicher f\u00fcr Ihr Kind und umweltfreundlich sind.<\/p>\n<p>Stapeln Sie die Waldtiere so hoch wie m\u00f6glich, bevor sie umfallen, oder kombinieren Sie sie mit anderen Spielzeugen f\u00fcr mehr<a href=\"https:\/\/teiaeducation.ch\/de\/produkt-kategorie\/kinder-spielzeug\/spiele-mit-offenem-ende\/\"> freies Spiel<\/a>. Das Waldtier-Stapelset ist ein fantastisches Geschenk f\u00fcr Kleinkinder und wurde f\u00fcr Kinder ab 1 Jahr auf Sicherheit gepr\u00fcft.<\/p>\n<p>Das Le Toy Waldtiere Stapelspielzeug-Set ist f\u00fcr Kinder ab 18 Monaten geeignet.<\/p>\n<p>Inhalt:<\/p>\n<p>9 Waldtiere aus Holz<br \/>\n1 Baumwollbeutel zur Aufbewahrung<\/p>\n<h2>Uber Le Toy Van<\/h2>\n<p><a href=\"https:\/\/teiaeducation.ch\/de\/produkt-kategorie\/unsere-marken\/le-toy-van-de\/\">Le Toy Van<\/a> ist ein englisches Spielzeugunternehmen, das 1995 gegr\u00fcndet wurde und sich auf hochwertiges traditionelles <a href=\"https:\/\/teiaeducation.ch\/de\/produkt-kategorie\/kinder-spielzeug\/handgefertigtes-holzspielzeug\/\">Holzspielzeug<\/a> spezialisiert hat, das einen neuen, zeitgem\u00e4\u00dfen Stil erhalten hat.<\/p>\n<p>Alle Spielzeuge von Le Toy Van werden unter Einhaltung strenger Qualit\u00e4ts-, Sicherheits- und Nachhaltigkeitsstandards ethisch einwandfrei hergestellt, wobei nat\u00fcrliche Materialien wie nachwachsendes, glattes Kautschukholz verwendet werden. Es wurde nach den h\u00f6chsten Sicherheitsstandards getestet und entspricht den EN-71- und ASTM-Sicherheitsnormen.<\/p>\n<p>Diese innovativen und wundersch\u00f6n gestalteten Spielzeuge f\u00f6rdern das fr\u00fche Lernen durch <a href=\"https:\/\/teiaeducation.ch\/de\/produkt-kategorie\/kinder-spielzeug\/phantasievoll-rollenspiel\/\">fantasievolles Rollenspiel<\/a> und bieten zahlreiche M\u00f6glichkeiten zur <a href=\"https:\/\/teiaeducation.ch\/de\/produkt-kategorie\/lernthemen\/alphabetisierung-sprache\/\">sprachlichen<\/a> und sozialen Entwicklung sowie zur F\u00f6rderung der <a href=\"https:\/\/teiaeducation.ch\/de\/produkt-kategorie\/lernthemen\/sensorische-motorische-fertigkeiten\/motorische-fertigkeiten\/\">Feinmotorik<\/a>. Sie sind langlebig und sorgen f\u00fcr generations\u00fcbergreifenden Spielspa\u00df!<\/p>\n","protected":false},"excerpt":{"rendered":"<p>Artikelnummer: ltvpl087<\/p>\n<p>Dieses clevere Set aus 9 nachhaltigen Holzstapeltieren aus dem Wald ist das perfekte handgefertigte nachhaltige Holzspielzeug, um die verschiedenen Tiere des Waldes kennenzulernen und zu entdecken!<\/p>\n","protected":false},"featured_media":71012,"comment_status":"open","ping_status":"closed","template":"","meta":[],"product_brand":[],"product_cat":[21444,21445,22033,21486,21484,22422,21464,21585,21443,21563,22362,21678,21699,21680,21564],"product_tag":[30150,30149,30171,22674,30242,30240,30146,30241,30148,30147,32144],"class_list":{"0":"post-71008","1":"product","2":"type-product","3":"status-publish","4":"has-post-thumbnail","6":"product_cat-1-3-jahre-kleinkind","7":"product_cat-3-6-jahre-vorschule","8":"product_cat-adventskalender-geschenke-strumpffueller","9":"product_cat-geschenk-guide-1-3-jahre-kleinkind","10":"product_cat-geschenk-guides","11":"product_cat-geschenke-fuer-das-osterkoerbchen","12":"product_cat-herbstkollektion","13":"product_cat-le-toy-van-de","14":"product_cat-nach-alter","15":"product_cat-neuheiten","16":"product_cat-saisonale-kollektionen","17":"product_cat-kinder-spielzeug","18":"product_cat-stapelspielzeug","19":"product_cat-tiere-bauernhoefe","20":"product_cat-unsere-marken","21":"product_tag-die-besten-holzspielzeuge-fur-babys","22":"product_tag-holzspielzeug-fur-kinder","23":"product_tag-holzspielzeugkamera","24":"product_tag-le-toy-van-de","25":"product_tag-le-toy-van-honeybake-collection-spielzeug","26":"product_tag-le-toy-van-petilou-collection-spielzeug","27":"product_tag-nachhaltiges-spielzeug-aus-holz","28":"product_tag-nachhaltiges-spielzeug-aus-holz-de","29":"product_tag-rubberwood-toys-de","30":"product_tag-spielzeug-fur-babys","31":"product_tag-stapelspiel-waldtiere-aus-holz-le-toy-van","33":"first","34":"outofstock","35":"taxable","36":"shipping-taxable","37":"purchasable","38":"product-type-simple"},"yoast_head":"<!-- This site is optimized with the Yoast SEO plugin v27.1.1 - https:\/\/yoast.com\/product\/yoast-seo-wordpress\/ -->\n<title>Stapelspiel Afrika Tiere aus Holz - Le Toy Van<\/title>\n<meta name=\"description\" content=\"Dieses h\u00fcbsche Set aus Holzstapeltieren von Le Toy Van ist ein handgefertigtes, nachhaltiges Holzspielzeug, das zum fantasievollen Spielen anregt.\" \/>\n<meta name=\"robots\" content=\"index, follow, max-snippet:-1, max-image-preview:large, max-video-preview:-1\" \/>\n<link rel=\"canonical\" href=\"https:\/\/teiaeducation.ch\/de\/produkt\/stapelspiel-waldtiere-aus-holz-le-toy-van\/\" \/>\n<meta property=\"og:locale\" content=\"de_DE\" \/>\n<meta property=\"og:type\" content=\"article\" \/>\n<meta property=\"og:title\" content=\"Stapelspiel Afrika Tiere aus Holz - Le Toy Van\" \/>\n<meta property=\"og:description\" content=\"Dieses h\u00fcbsche Set aus Holzstapeltieren von Le Toy Van ist ein handgefertigtes, nachhaltiges Holzspielzeug, das zum fantasievollen Spielen anregt.\" \/>\n<meta property=\"og:url\" content=\"https:\/\/teiaeducation.ch\/de\/produkt\/stapelspiel-waldtiere-aus-holz-le-toy-van\/\" \/>\n<meta property=\"og:site_name\" content=\"Sustainable Educational Products &amp; Ecological Toys\u00a0\" \/>\n<meta property=\"article:publisher\" content=\"https:\/\/www.facebook.com\/teiaeducation\/\" \/>\n<meta property=\"article:modified_time\" content=\"2025-12-11T14:30:06+00:00\" \/>\n<meta property=\"og:image\" content=\"https:\/\/teiaeducation.ch\/wp-content\/uploads\/2020\/10\/Wooden-Forest-Stacker-Animals-Sustainable-wooden-toy-Le-Toy-Van.jpg\" \/>\n\t<meta property=\"og:image:width\" content=\"900\" \/>\n\t<meta property=\"og:image:height\" content=\"900\" \/>\n\t<meta property=\"og:image:type\" content=\"image\/jpeg\" \/>\n<script type=\"application\/ld+json\" class=\"yoast-schema-graph\">{\"@context\":\"https:\/\/schema.org\",\"@graph\":[{\"@type\":\"WebPage\",\"@id\":\"https:\/\/teiaeducation.ch\/de\/produkt\/stapelspiel-waldtiere-aus-holz-le-toy-van\/\",\"url\":\"https:\/\/teiaeducation.ch\/de\/produkt\/stapelspiel-waldtiere-aus-holz-le-toy-van\/\",\"name\":\"Stapelspiel Afrika Tiere aus Holz - Le Toy Van\",\"isPartOf\":{\"@id\":\"https:\/\/teiaeducation.ch\/de\/#website\"},\"primaryImageOfPage\":{\"@id\":\"https:\/\/teiaeducation.ch\/de\/produkt\/stapelspiel-waldtiere-aus-holz-le-toy-van\/#primaryimage\"},\"image\":{\"@id\":\"https:\/\/teiaeducation.ch\/de\/produkt\/stapelspiel-waldtiere-aus-holz-le-toy-van\/#primaryimage\"},\"thumbnailUrl\":\"https:\/\/teiaeducation.ch\/wp-content\/uploads\/2020\/10\/Wooden-Forest-Stacker-Animals-Sustainable-wooden-toy-Le-Toy-Van.jpg\",\"datePublished\":\"2020-10-25T14:27:57+00:00\",\"dateModified\":\"2025-12-11T14:30:06+00:00\",\"description\":\"Dieses h\u00fcbsche Set aus Holzstapeltieren von Le Toy Van ist ein handgefertigtes, nachhaltiges Holzspielzeug, das zum fantasievollen Spielen anregt.\",\"breadcrumb\":{\"@id\":\"https:\/\/teiaeducation.ch\/de\/produkt\/stapelspiel-waldtiere-aus-holz-le-toy-van\/#breadcrumb\"},\"inLanguage\":\"de-CH\",\"potentialAction\":[{\"@type\":\"ReadAction\",\"target\":[\"https:\/\/teiaeducation.ch\/de\/produkt\/stapelspiel-waldtiere-aus-holz-le-toy-van\/\"]}]},{\"@type\":\"ImageObject\",\"inLanguage\":\"de-CH\",\"@id\":\"https:\/\/teiaeducation.ch\/de\/produkt\/stapelspiel-waldtiere-aus-holz-le-toy-van\/#primaryimage\",\"url\":\"https:\/\/teiaeducation.ch\/wp-content\/uploads\/2020\/10\/Wooden-Forest-Stacker-Animals-Sustainable-wooden-toy-Le-Toy-Van.jpg\",\"contentUrl\":\"https:\/\/teiaeducation.ch\/wp-content\/uploads\/2020\/10\/Wooden-Forest-Stacker-Animals-Sustainable-wooden-toy-Le-Toy-Van.jpg\",\"width\":900,\"height\":900,\"caption\":\"Waldtiere aus Holz zum Stapeln: Nachhaltiges Holzspielzeug - Le Toy Van\"},{\"@type\":\"BreadcrumbList\",\"@id\":\"https:\/\/teiaeducation.ch\/de\/produkt\/stapelspiel-waldtiere-aus-holz-le-toy-van\/#breadcrumb\",\"itemListElement\":[{\"@type\":\"ListItem\",\"position\":1,\"name\":\"Home\",\"item\":\"https:\/\/teiaeducation.ch\/de\/\"},{\"@type\":\"ListItem\",\"position\":2,\"name\":\"Laden\",\"item\":\"https:\/\/teiaeducation.ch\/de\/shop\/\"},{\"@type\":\"ListItem\",\"position\":3,\"name\":\"Unsere Marken\",\"item\":\"https:\/\/teiaeducation.ch\/de\/produkt-kategorie\/unsere-marken\/\"},{\"@type\":\"ListItem\",\"position\":4,\"name\":\"Le Toy Van\",\"item\":\"https:\/\/teiaeducation.ch\/de\/produkt-kategorie\/unsere-marken\/le-toy-van-de\/\"},{\"@type\":\"ListItem\",\"position\":5,\"name\":\"Stapelspiel Waldtiere aus Holz &#8211; Le Toy Van\"}]},{\"@type\":\"WebSite\",\"@id\":\"https:\/\/teiaeducation.ch\/de\/#website\",\"url\":\"https:\/\/teiaeducation.ch\/de\/\",\"name\":\"Sustainable Educational Products &amp; Ecological Toys\u00a0\",\"description\":\"Specialised Swiss shop selling sustainable educational toys and games, AMI certified Montessori materials, handmade ecological wooden Waldorf toys and arts &amp; crafts supplies, school supplies, children&#039;s furniture and Montessori reference and parenting books.\",\"publisher\":{\"@id\":\"https:\/\/teiaeducation.ch\/de\/#organization\"},\"alternateName\":\"Teia Education & Play\",\"potentialAction\":[{\"@type\":\"SearchAction\",\"target\":{\"@type\":\"EntryPoint\",\"urlTemplate\":\"https:\/\/teiaeducation.ch\/de\/?s={search_term_string}\"},\"query-input\":{\"@type\":\"PropertyValueSpecification\",\"valueRequired\":true,\"valueName\":\"search_term_string\"}}],\"inLanguage\":\"de-CH\"},{\"@type\":\"Organization\",\"@id\":\"https:\/\/teiaeducation.ch\/de\/#organization\",\"name\":\"Teia Education & Play\",\"url\":\"https:\/\/teiaeducation.ch\/de\/\",\"logo\":{\"@type\":\"ImageObject\",\"inLanguage\":\"de-CH\",\"@id\":\"https:\/\/teiaeducation.ch\/de\/#\/schema\/logo\/image\/\",\"url\":\"https:\/\/teiaeducation.ch\/wp-content\/uploads\/2020\/11\/Teia-Education-Switzerland-e1620156442216.jpg\",\"contentUrl\":\"https:\/\/teiaeducation.ch\/wp-content\/uploads\/2020\/11\/Teia-Education-Switzerland-e1620156442216.jpg\",\"width\":166,\"height\":145,\"caption\":\"Teia Education & Play\"},\"image\":{\"@id\":\"https:\/\/teiaeducation.ch\/de\/#\/schema\/logo\/image\/\"},\"sameAs\":[\"https:\/\/www.facebook.com\/teiaeducation\/\",\"https:\/\/x.com\/EducationTeia\",\"https:\/\/www.instagram.com\/teia.education\/\",\"https:\/\/www.linkedin.com\/company\/35501660\",\"https:\/\/www.pinterest.ch\/TeiaEducation\/\"]}]}<\/script>\n<!-- \/ Yoast SEO plugin. -->","yoast_head_json":{"title":"Stapelspiel Afrika Tiere aus Holz - Le Toy Van","description":"Dieses h\u00fcbsche Set aus Holzstapeltieren von Le Toy Van ist ein handgefertigtes, nachhaltiges Holzspielzeug, das zum fantasievollen Spielen anregt.","robots":{"index":"index","follow":"follow","max-snippet":"max-snippet:-1","max-image-preview":"max-image-preview:large","max-video-preview":"max-video-preview:-1"},"canonical":"https:\/\/teiaeducation.ch\/de\/produkt\/stapelspiel-waldtiere-aus-holz-le-toy-van\/","og_locale":"de_DE","og_type":"article","og_title":"Stapelspiel Afrika Tiere aus Holz - Le Toy Van","og_description":"Dieses h\u00fcbsche Set aus Holzstapeltieren von Le Toy Van ist ein handgefertigtes, nachhaltiges Holzspielzeug, das zum fantasievollen Spielen anregt.","og_url":"https:\/\/teiaeducation.ch\/de\/produkt\/stapelspiel-waldtiere-aus-holz-le-toy-van\/","og_site_name":"Sustainable Educational Products &amp; Ecological Toys\u00a0","article_publisher":"https:\/\/www.facebook.com\/teiaeducation\/","article_modified_time":"2025-12-11T14:30:06+00:00","og_image":[{"width":900,"height":900,"url":"https:\/\/teiaeducation.ch\/wp-content\/uploads\/2020\/10\/Wooden-Forest-Stacker-Animals-Sustainable-wooden-toy-Le-Toy-Van.jpg","type":"image\/jpeg"}],"schema":{"@context":"https:\/\/schema.org","@graph":[{"@type":"WebPage","@id":"https:\/\/teiaeducation.ch\/de\/produkt\/stapelspiel-waldtiere-aus-holz-le-toy-van\/","url":"https:\/\/teiaeducation.ch\/de\/produkt\/stapelspiel-waldtiere-aus-holz-le-toy-van\/","name":"Stapelspiel Afrika Tiere aus Holz - Le Toy Van","isPartOf":{"@id":"https:\/\/teiaeducation.ch\/de\/#website"},"primaryImageOfPage":{"@id":"https:\/\/teiaeducation.ch\/de\/produkt\/stapelspiel-waldtiere-aus-holz-le-toy-van\/#primaryimage"},"image":{"@id":"https:\/\/teiaeducation.ch\/de\/produkt\/stapelspiel-waldtiere-aus-holz-le-toy-van\/#primaryimage"},"thumbnailUrl":"https:\/\/teiaeducation.ch\/wp-content\/uploads\/2020\/10\/Wooden-Forest-Stacker-Animals-Sustainable-wooden-toy-Le-Toy-Van.jpg","datePublished":"2020-10-25T14:27:57+00:00","dateModified":"2025-12-11T14:30:06+00:00","description":"Dieses h\u00fcbsche Set aus Holzstapeltieren von Le Toy Van ist ein handgefertigtes, nachhaltiges Holzspielzeug, das zum fantasievollen Spielen anregt.","breadcrumb":{"@id":"https:\/\/teiaeducation.ch\/de\/produkt\/stapelspiel-waldtiere-aus-holz-le-toy-van\/#breadcrumb"},"inLanguage":"de-CH","potentialAction":[{"@type":"ReadAction","target":["https:\/\/teiaeducation.ch\/de\/produkt\/stapelspiel-waldtiere-aus-holz-le-toy-van\/"]}]},{"@type":"ImageObject","inLanguage":"de-CH","@id":"https:\/\/teiaeducation.ch\/de\/produkt\/stapelspiel-waldtiere-aus-holz-le-toy-van\/#primaryimage","url":"https:\/\/teiaeducation.ch\/wp-content\/uploads\/2020\/10\/Wooden-Forest-Stacker-Animals-Sustainable-wooden-toy-Le-Toy-Van.jpg","contentUrl":"https:\/\/teiaeducation.ch\/wp-content\/uploads\/2020\/10\/Wooden-Forest-Stacker-Animals-Sustainable-wooden-toy-Le-Toy-Van.jpg","width":900,"height":900,"caption":"Waldtiere aus Holz zum Stapeln: Nachhaltiges Holzspielzeug - Le Toy Van"},{"@type":"BreadcrumbList","@id":"https:\/\/teiaeducation.ch\/de\/produkt\/stapelspiel-waldtiere-aus-holz-le-toy-van\/#breadcrumb","itemListElement":[{"@type":"ListItem","position":1,"name":"Home","item":"https:\/\/teiaeducation.ch\/de\/"},{"@type":"ListItem","position":2,"name":"Laden","item":"https:\/\/teiaeducation.ch\/de\/shop\/"},{"@type":"ListItem","position":3,"name":"Unsere Marken","item":"https:\/\/teiaeducation.ch\/de\/produkt-kategorie\/unsere-marken\/"},{"@type":"ListItem","position":4,"name":"Le Toy Van","item":"https:\/\/teiaeducation.ch\/de\/produkt-kategorie\/unsere-marken\/le-toy-van-de\/"},{"@type":"ListItem","position":5,"name":"Stapelspiel Waldtiere aus Holz &#8211; Le Toy Van"}]},{"@type":"WebSite","@id":"https:\/\/teiaeducation.ch\/de\/#website","url":"https:\/\/teiaeducation.ch\/de\/","name":"Sustainable Educational Products &amp; Ecological Toys\u00a0","description":"Specialised Swiss shop selling sustainable educational toys and games, AMI certified Montessori materials, handmade ecological wooden Waldorf toys and arts &amp; crafts supplies, school supplies, children&#039;s furniture and Montessori reference and parenting books.","publisher":{"@id":"https:\/\/teiaeducation.ch\/de\/#organization"},"alternateName":"Teia Education & Play","potentialAction":[{"@type":"SearchAction","target":{"@type":"EntryPoint","urlTemplate":"https:\/\/teiaeducation.ch\/de\/?s={search_term_string}"},"query-input":{"@type":"PropertyValueSpecification","valueRequired":true,"valueName":"search_term_string"}}],"inLanguage":"de-CH"},{"@type":"Organization","@id":"https:\/\/teiaeducation.ch\/de\/#organization","name":"Teia Education & Play","url":"https:\/\/teiaeducation.ch\/de\/","logo":{"@type":"ImageObject","inLanguage":"de-CH","@id":"https:\/\/teiaeducation.ch\/de\/#\/schema\/logo\/image\/","url":"https:\/\/teiaeducation.ch\/wp-content\/uploads\/2020\/11\/Teia-Education-Switzerland-e1620156442216.jpg","contentUrl":"https:\/\/teiaeducation.ch\/wp-content\/uploads\/2020\/11\/Teia-Education-Switzerland-e1620156442216.jpg","width":166,"height":145,"caption":"Teia Education & Play"},"image":{"@id":"https:\/\/teiaeducation.ch\/de\/#\/schema\/logo\/image\/"},"sameAs":["https:\/\/www.facebook.com\/teiaeducation\/","https:\/\/x.com\/EducationTeia","https:\/\/www.instagram.com\/teia.education\/","https:\/\/www.linkedin.com\/company\/35501660","https:\/\/www.pinterest.ch\/TeiaEducation\/"]}]}},"_links":{"self":[{"href":"https:\/\/teiaeducation.ch\/de\/wp-json\/wp\/v2\/product\/71008","targetHints":{"allow":["GET"]}}],"collection":[{"href":"https:\/\/teiaeducation.ch\/de\/wp-json\/wp\/v2\/product"}],"about":[{"href":"https:\/\/teiaeducation.ch\/de\/wp-json\/wp\/v2\/types\/product"}],"replies":[{"embeddable":true,"href":"https:\/\/teiaeducation.ch\/de\/wp-json\/wp\/v2\/comments?post=71008"}],"wp:featuredmedia":[{"embeddable":true,"href":"https:\/\/teiaeducation.ch\/de\/wp-json\/wp\/v2\/media\/71012"}],"wp:attachment":[{"href":"https:\/\/teiaeducation.ch\/de\/wp-json\/wp\/v2\/media?parent=71008"}],"wp:term":[{"taxonomy":"product_brand","embeddable":true,"href":"https:\/\/teiaeducation.ch\/de\/wp-json\/wp\/v2\/product_brand?post=71008"},{"taxonomy":"product_cat","embeddable":true,"href":"https:\/\/teiaeducation.ch\/de\/wp-json\/wp\/v2\/product_cat?post=71008"},{"taxonomy":"product_tag","embeddable":true,"href":"https:\/\/teiaeducation.ch\/de\/wp-json\/wp\/v2\/product_tag?post=71008"}],"curies":[{"name":"wp","href":"https:\/\/api.w.org\/{rel}","templated":true}]}}