{"id":71017,"date":"2020-10-25T14:57:01","date_gmt":"2020-10-25T13:57:01","guid":{"rendered":"https:\/\/teiaeducation.ch\/product\/spielzeug-hollywood-filmkamera-aus-holz-le-toy-van\/"},"modified":"2025-12-11T15:28:16","modified_gmt":"2025-12-11T14:28:16","slug":"spielzeug-hollywood-filmkamera-aus-holz-le-toy-van","status":"publish","type":"product","link":"https:\/\/teiaeducation.ch\/de\/produkt\/spielzeug-hollywood-filmkamera-aus-holz-le-toy-van\/","title":{"rendered":"Spielzeug Hollywood Filmkamera aus Holz &#8211; Le Toy Van"},"content":{"rendered":"<p>Diese h\u00fcbsche Hollywood-Filmkamera aus der Le Toy Van Honeybake-Kollektion ist ein Spielzeug in Vintage-Stil aus Holz. Die Kamera wird zum Lieblingsspielzeug Ihres Kindes werden und f\u00fcr endlose fantasievolle Rollenspiele sorgen. Sie garantiert stundenlangen Spa\u00df beim Erfinden, Teilen und Filmen von Geschichten und Filmen mit Freunden oder Geschwistern!<\/p>\n<p>Die h\u00f6lzerne Filmkamera misst 15 x 14 x 18 cm und verf\u00fcgt \u00fcber ein drehbares Zahnrad an der Seite, das die Koordinationsf\u00e4higkeiten f\u00f6rdert, sowie eine Kaleidoskoplinse, die lustige Formen und Farben erzeugt und so f\u00fcr zus\u00e4tzliche Entdeckungsfreude sorgt.<\/p>\n<p>Die Kamera hat ein einzigartiges Design mit detaillierten Verzierungen und Goldverzierungen. Sie wird auf ethische Weise aus nachhaltigem Kautschukholz hergestellt, wobei alle Kanten gegl\u00e4ttet sind, um eine sichere und weiche Haptik zu gew\u00e4hrleisten. Sie ist in leuchtenden Farben mit ungiftiger Farbe auf Wasserbasis lackiert.<\/p>\n<p>Die Le Toy Van Hollywood-Filmkamera f\u00f6rdert die Entwicklung Ihres Kindes, und das durchdachte Design mit altersgerechten Herausforderungen f\u00f6rdert die soziale Interaktion und das Lernen durch fantasievolles Spielen.<\/p>\n<p>Die Hollywood-Filmkamera aus Holz von Le Toy Van zum Rollenspiel ist f\u00fcr Kinder ab 3 Jahren geeignet.<\/p>\n<p>Inhalt:<\/p>\n<p>1 Spielzeugfilmkamera aus Holz<\/p>\n<h2>Uber Le Toy Van<\/h2>\n<p><a href=\"https:\/\/teiaeducation.ch\/de\/produkt-kategorie\/unsere-marken\/le-toy-van-de\/\">Le Toy Van<\/a> ist ein englisches Spielzeugunternehmen, das 1995 gegr\u00fcndet wurde und sich auf hochwertiges traditionelles <a href=\"https:\/\/teiaeducation.ch\/de\/produkt-kategorie\/kinder-spielzeug\/handgefertigtes-holzspielzeug\/\">Holzspielzeug<\/a> spezialisiert hat, das einen neuen, zeitgem\u00e4\u00dfen Stil erhalten hat.<\/p>\n<p>Alle Spielzeuge von Le Toy Van werden unter Einhaltung strenger Qualit\u00e4ts-, Sicherheits- und Nachhaltigkeitsstandards ethisch einwandfrei hergestellt, wobei nat\u00fcrliche Materialien wie nachwachsendes, glattes Kautschukholz verwendet werden. Es wurde nach den h\u00f6chsten Sicherheitsstandards getestet und entspricht den EN-71- und ASTM-Sicherheitsnormen.<\/p>\n<p>Diese innovativen und wundersch\u00f6n gestalteten Spielzeuge f\u00f6rdern das fr\u00fche Lernen durch <a href=\"https:\/\/teiaeducation.ch\/de\/produkt-kategorie\/kinder-spielzeug\/phantasievoll-rollenspiel\/\">fantasievolles Rollenspiel<\/a> und bieten zahlreiche M\u00f6glichkeiten zur <a href=\"https:\/\/teiaeducation.ch\/de\/produkt-kategorie\/lernthemen\/alphabetisierung-sprache\/\">sprachlichen<\/a> und sozialen Entwicklung sowie zur F\u00f6rderung der <a href=\"https:\/\/teiaeducation.ch\/de\/produkt-kategorie\/lernthemen\/sensorische-motorische-fertigkeiten\/motorische-fertigkeiten\/\">Feinmotorik<\/a>. Sie sind langlebig und sorgen f\u00fcr generations\u00fcbergreifenden Spielspa\u00df!<\/p>\n","protected":false},"excerpt":{"rendered":"<p>Artikelnummer: ltvtv334<\/p>\n<p>Diese h\u00fcbsche Holzkamera im Vintage-Stil von Le Toy Van garantiert endloses fantasievolles Rollenspiel und stundenlangen Spa\u00df beim Erfinden, Teilen und Drehen von Geschichten und Filmen mit Freunden oder Geschwistern!<\/p>\n","protected":false},"featured_media":71021,"comment_status":"open","ping_status":"closed","template":"","meta":[],"product_brand":[],"product_cat":[21445,21487,21585,21443,21563,21687,21678,21564],"product_tag":[30150,30149,30171,22674,30242,30240,30241,30146,30148,30147,32145],"class_list":{"0":"post-71017","1":"product","2":"type-product","3":"status-publish","4":"has-post-thumbnail","6":"product_cat-3-6-jahre-vorschule","7":"product_cat-geschenk-guide-3-6-jahre-vorschule","8":"product_cat-le-toy-van-de","9":"product_cat-nach-alter","10":"product_cat-neuheiten","11":"product_cat-phantasievoll-rollenspiel","12":"product_cat-kinder-spielzeug","13":"product_cat-unsere-marken","14":"product_tag-die-besten-holzspielzeuge-fur-babys","15":"product_tag-holzspielzeug-fur-kinder","16":"product_tag-holzspielzeugkamera","17":"product_tag-le-toy-van-de","18":"product_tag-le-toy-van-honeybake-collection-spielzeug","19":"product_tag-le-toy-van-petilou-collection-spielzeug","20":"product_tag-nachhaltiges-spielzeug-aus-holz-de","21":"product_tag-nachhaltiges-spielzeug-aus-holz","22":"product_tag-rubberwood-toys-de","23":"product_tag-spielzeug-fur-babys","24":"product_tag-spielzeug-hollywood-filmkamera-le-toy-van","26":"first","27":"outofstock","28":"taxable","29":"shipping-taxable","30":"purchasable","31":"product-type-simple"},"yoast_head":"<!-- This site is optimized with the Yoast SEO plugin v27.1.1 - https:\/\/yoast.com\/product\/yoast-seo-wordpress\/ -->\n<title>Spielzeug Hollywood Filmkamera aus Holz - Le Toy Van<\/title>\n<meta name=\"description\" content=\"Diese h\u00fcbsche Vintage-Hollywood-Filmkamera von Le Toy Van ist ein nachhaltiges Holzspielzeug, das fantasievolles Rollenspiel und Rollenspiel f\u00f6rdert.\" \/>\n<meta name=\"robots\" content=\"index, follow, max-snippet:-1, max-image-preview:large, max-video-preview:-1\" \/>\n<link rel=\"canonical\" href=\"https:\/\/teiaeducation.ch\/de\/produkt\/spielzeug-hollywood-filmkamera-aus-holz-le-toy-van\/\" \/>\n<meta property=\"og:locale\" content=\"de_DE\" \/>\n<meta property=\"og:type\" content=\"article\" \/>\n<meta property=\"og:title\" content=\"Spielzeug Hollywood Filmkamera aus Holz - Le Toy Van\" \/>\n<meta property=\"og:description\" content=\"Diese h\u00fcbsche Vintage-Hollywood-Filmkamera von Le Toy Van ist ein nachhaltiges Holzspielzeug, das fantasievolles Rollenspiel und Rollenspiel f\u00f6rdert.\" \/>\n<meta property=\"og:url\" content=\"https:\/\/teiaeducation.ch\/de\/produkt\/spielzeug-hollywood-filmkamera-aus-holz-le-toy-van\/\" \/>\n<meta property=\"og:site_name\" content=\"Sustainable Educational Products &amp; Ecological Toys\u00a0\" \/>\n<meta property=\"article:publisher\" content=\"https:\/\/www.facebook.com\/teiaeducation\/\" \/>\n<meta property=\"article:modified_time\" content=\"2025-12-11T14:28:16+00:00\" \/>\n<meta property=\"og:image\" content=\"https:\/\/teiaeducation.ch\/wp-content\/uploads\/2020\/10\/Hollywood-Film-Camera-Sustainable-wooden-toy-Le-Toy-Van.jpg\" \/>\n\t<meta property=\"og:image:width\" content=\"900\" \/>\n\t<meta property=\"og:image:height\" content=\"900\" \/>\n\t<meta property=\"og:image:type\" content=\"image\/jpeg\" \/>\n<script type=\"application\/ld+json\" class=\"yoast-schema-graph\">{\"@context\":\"https:\/\/schema.org\",\"@graph\":[{\"@type\":\"WebPage\",\"@id\":\"https:\/\/teiaeducation.ch\/de\/produkt\/spielzeug-hollywood-filmkamera-aus-holz-le-toy-van\/\",\"url\":\"https:\/\/teiaeducation.ch\/de\/produkt\/spielzeug-hollywood-filmkamera-aus-holz-le-toy-van\/\",\"name\":\"Spielzeug Hollywood Filmkamera aus Holz - Le Toy Van\",\"isPartOf\":{\"@id\":\"https:\/\/teiaeducation.ch\/de\/#website\"},\"primaryImageOfPage\":{\"@id\":\"https:\/\/teiaeducation.ch\/de\/produkt\/spielzeug-hollywood-filmkamera-aus-holz-le-toy-van\/#primaryimage\"},\"image\":{\"@id\":\"https:\/\/teiaeducation.ch\/de\/produkt\/spielzeug-hollywood-filmkamera-aus-holz-le-toy-van\/#primaryimage\"},\"thumbnailUrl\":\"https:\/\/teiaeducation.ch\/wp-content\/uploads\/2020\/10\/Hollywood-Film-Camera-Sustainable-wooden-toy-Le-Toy-Van.jpg\",\"datePublished\":\"2020-10-25T13:57:01+00:00\",\"dateModified\":\"2025-12-11T14:28:16+00:00\",\"description\":\"Diese h\u00fcbsche Vintage-Hollywood-Filmkamera von Le Toy Van ist ein nachhaltiges Holzspielzeug, das fantasievolles Rollenspiel und Rollenspiel f\u00f6rdert.\",\"breadcrumb\":{\"@id\":\"https:\/\/teiaeducation.ch\/de\/produkt\/spielzeug-hollywood-filmkamera-aus-holz-le-toy-van\/#breadcrumb\"},\"inLanguage\":\"de-CH\",\"potentialAction\":[{\"@type\":\"ReadAction\",\"target\":[\"https:\/\/teiaeducation.ch\/de\/produkt\/spielzeug-hollywood-filmkamera-aus-holz-le-toy-van\/\"]}]},{\"@type\":\"ImageObject\",\"inLanguage\":\"de-CH\",\"@id\":\"https:\/\/teiaeducation.ch\/de\/produkt\/spielzeug-hollywood-filmkamera-aus-holz-le-toy-van\/#primaryimage\",\"url\":\"https:\/\/teiaeducation.ch\/wp-content\/uploads\/2020\/10\/Hollywood-Film-Camera-Sustainable-wooden-toy-Le-Toy-Van.jpg\",\"contentUrl\":\"https:\/\/teiaeducation.ch\/wp-content\/uploads\/2020\/10\/Hollywood-Film-Camera-Sustainable-wooden-toy-Le-Toy-Van.jpg\",\"width\":900,\"height\":900,\"caption\":\"Rollenspiel Hollywood-Filmkamera Le Toy Van\"},{\"@type\":\"BreadcrumbList\",\"@id\":\"https:\/\/teiaeducation.ch\/de\/produkt\/spielzeug-hollywood-filmkamera-aus-holz-le-toy-van\/#breadcrumb\",\"itemListElement\":[{\"@type\":\"ListItem\",\"position\":1,\"name\":\"Home\",\"item\":\"https:\/\/teiaeducation.ch\/de\/\"},{\"@type\":\"ListItem\",\"position\":2,\"name\":\"Laden\",\"item\":\"https:\/\/teiaeducation.ch\/de\/shop\/\"},{\"@type\":\"ListItem\",\"position\":3,\"name\":\"Unsere Marken\",\"item\":\"https:\/\/teiaeducation.ch\/de\/produkt-kategorie\/unsere-marken\/\"},{\"@type\":\"ListItem\",\"position\":4,\"name\":\"Le Toy Van\",\"item\":\"https:\/\/teiaeducation.ch\/de\/produkt-kategorie\/unsere-marken\/le-toy-van-de\/\"},{\"@type\":\"ListItem\",\"position\":5,\"name\":\"Spielzeug Hollywood Filmkamera aus Holz &#8211; Le Toy Van\"}]},{\"@type\":\"WebSite\",\"@id\":\"https:\/\/teiaeducation.ch\/de\/#website\",\"url\":\"https:\/\/teiaeducation.ch\/de\/\",\"name\":\"Sustainable Educational Products &amp; Ecological Toys\u00a0\",\"description\":\"Specialised Swiss shop selling sustainable educational toys and games, AMI certified Montessori materials, handmade ecological wooden Waldorf toys and arts &amp; crafts supplies, school supplies, children&#039;s furniture and Montessori reference and parenting books.\",\"publisher\":{\"@id\":\"https:\/\/teiaeducation.ch\/de\/#organization\"},\"alternateName\":\"Teia Education & Play\",\"potentialAction\":[{\"@type\":\"SearchAction\",\"target\":{\"@type\":\"EntryPoint\",\"urlTemplate\":\"https:\/\/teiaeducation.ch\/de\/?s={search_term_string}\"},\"query-input\":{\"@type\":\"PropertyValueSpecification\",\"valueRequired\":true,\"valueName\":\"search_term_string\"}}],\"inLanguage\":\"de-CH\"},{\"@type\":\"Organization\",\"@id\":\"https:\/\/teiaeducation.ch\/de\/#organization\",\"name\":\"Teia Education & Play\",\"url\":\"https:\/\/teiaeducation.ch\/de\/\",\"logo\":{\"@type\":\"ImageObject\",\"inLanguage\":\"de-CH\",\"@id\":\"https:\/\/teiaeducation.ch\/de\/#\/schema\/logo\/image\/\",\"url\":\"https:\/\/teiaeducation.ch\/wp-content\/uploads\/2020\/11\/Teia-Education-Switzerland-e1620156442216.jpg\",\"contentUrl\":\"https:\/\/teiaeducation.ch\/wp-content\/uploads\/2020\/11\/Teia-Education-Switzerland-e1620156442216.jpg\",\"width\":166,\"height\":145,\"caption\":\"Teia Education & Play\"},\"image\":{\"@id\":\"https:\/\/teiaeducation.ch\/de\/#\/schema\/logo\/image\/\"},\"sameAs\":[\"https:\/\/www.facebook.com\/teiaeducation\/\",\"https:\/\/x.com\/EducationTeia\",\"https:\/\/www.instagram.com\/teia.education\/\",\"https:\/\/www.linkedin.com\/company\/35501660\",\"https:\/\/www.pinterest.ch\/TeiaEducation\/\"]}]}<\/script>\n<!-- \/ Yoast SEO plugin. -->","yoast_head_json":{"title":"Spielzeug Hollywood Filmkamera aus Holz - Le Toy Van","description":"Diese h\u00fcbsche Vintage-Hollywood-Filmkamera von Le Toy Van ist ein nachhaltiges Holzspielzeug, das fantasievolles Rollenspiel und Rollenspiel f\u00f6rdert.","robots":{"index":"index","follow":"follow","max-snippet":"max-snippet:-1","max-image-preview":"max-image-preview:large","max-video-preview":"max-video-preview:-1"},"canonical":"https:\/\/teiaeducation.ch\/de\/produkt\/spielzeug-hollywood-filmkamera-aus-holz-le-toy-van\/","og_locale":"de_DE","og_type":"article","og_title":"Spielzeug Hollywood Filmkamera aus Holz - Le Toy Van","og_description":"Diese h\u00fcbsche Vintage-Hollywood-Filmkamera von Le Toy Van ist ein nachhaltiges Holzspielzeug, das fantasievolles Rollenspiel und Rollenspiel f\u00f6rdert.","og_url":"https:\/\/teiaeducation.ch\/de\/produkt\/spielzeug-hollywood-filmkamera-aus-holz-le-toy-van\/","og_site_name":"Sustainable Educational Products &amp; Ecological Toys\u00a0","article_publisher":"https:\/\/www.facebook.com\/teiaeducation\/","article_modified_time":"2025-12-11T14:28:16+00:00","og_image":[{"width":900,"height":900,"url":"https:\/\/teiaeducation.ch\/wp-content\/uploads\/2020\/10\/Hollywood-Film-Camera-Sustainable-wooden-toy-Le-Toy-Van.jpg","type":"image\/jpeg"}],"schema":{"@context":"https:\/\/schema.org","@graph":[{"@type":"WebPage","@id":"https:\/\/teiaeducation.ch\/de\/produkt\/spielzeug-hollywood-filmkamera-aus-holz-le-toy-van\/","url":"https:\/\/teiaeducation.ch\/de\/produkt\/spielzeug-hollywood-filmkamera-aus-holz-le-toy-van\/","name":"Spielzeug Hollywood Filmkamera aus Holz - Le Toy Van","isPartOf":{"@id":"https:\/\/teiaeducation.ch\/de\/#website"},"primaryImageOfPage":{"@id":"https:\/\/teiaeducation.ch\/de\/produkt\/spielzeug-hollywood-filmkamera-aus-holz-le-toy-van\/#primaryimage"},"image":{"@id":"https:\/\/teiaeducation.ch\/de\/produkt\/spielzeug-hollywood-filmkamera-aus-holz-le-toy-van\/#primaryimage"},"thumbnailUrl":"https:\/\/teiaeducation.ch\/wp-content\/uploads\/2020\/10\/Hollywood-Film-Camera-Sustainable-wooden-toy-Le-Toy-Van.jpg","datePublished":"2020-10-25T13:57:01+00:00","dateModified":"2025-12-11T14:28:16+00:00","description":"Diese h\u00fcbsche Vintage-Hollywood-Filmkamera von Le Toy Van ist ein nachhaltiges Holzspielzeug, das fantasievolles Rollenspiel und Rollenspiel f\u00f6rdert.","breadcrumb":{"@id":"https:\/\/teiaeducation.ch\/de\/produkt\/spielzeug-hollywood-filmkamera-aus-holz-le-toy-van\/#breadcrumb"},"inLanguage":"de-CH","potentialAction":[{"@type":"ReadAction","target":["https:\/\/teiaeducation.ch\/de\/produkt\/spielzeug-hollywood-filmkamera-aus-holz-le-toy-van\/"]}]},{"@type":"ImageObject","inLanguage":"de-CH","@id":"https:\/\/teiaeducation.ch\/de\/produkt\/spielzeug-hollywood-filmkamera-aus-holz-le-toy-van\/#primaryimage","url":"https:\/\/teiaeducation.ch\/wp-content\/uploads\/2020\/10\/Hollywood-Film-Camera-Sustainable-wooden-toy-Le-Toy-Van.jpg","contentUrl":"https:\/\/teiaeducation.ch\/wp-content\/uploads\/2020\/10\/Hollywood-Film-Camera-Sustainable-wooden-toy-Le-Toy-Van.jpg","width":900,"height":900,"caption":"Rollenspiel Hollywood-Filmkamera Le Toy Van"},{"@type":"BreadcrumbList","@id":"https:\/\/teiaeducation.ch\/de\/produkt\/spielzeug-hollywood-filmkamera-aus-holz-le-toy-van\/#breadcrumb","itemListElement":[{"@type":"ListItem","position":1,"name":"Home","item":"https:\/\/teiaeducation.ch\/de\/"},{"@type":"ListItem","position":2,"name":"Laden","item":"https:\/\/teiaeducation.ch\/de\/shop\/"},{"@type":"ListItem","position":3,"name":"Unsere Marken","item":"https:\/\/teiaeducation.ch\/de\/produkt-kategorie\/unsere-marken\/"},{"@type":"ListItem","position":4,"name":"Le Toy Van","item":"https:\/\/teiaeducation.ch\/de\/produkt-kategorie\/unsere-marken\/le-toy-van-de\/"},{"@type":"ListItem","position":5,"name":"Spielzeug Hollywood Filmkamera aus Holz &#8211; Le Toy Van"}]},{"@type":"WebSite","@id":"https:\/\/teiaeducation.ch\/de\/#website","url":"https:\/\/teiaeducation.ch\/de\/","name":"Sustainable Educational Products &amp; Ecological Toys\u00a0","description":"Specialised Swiss shop selling sustainable educational toys and games, AMI certified Montessori materials, handmade ecological wooden Waldorf toys and arts &amp; crafts supplies, school supplies, children&#039;s furniture and Montessori reference and parenting books.","publisher":{"@id":"https:\/\/teiaeducation.ch\/de\/#organization"},"alternateName":"Teia Education & Play","potentialAction":[{"@type":"SearchAction","target":{"@type":"EntryPoint","urlTemplate":"https:\/\/teiaeducation.ch\/de\/?s={search_term_string}"},"query-input":{"@type":"PropertyValueSpecification","valueRequired":true,"valueName":"search_term_string"}}],"inLanguage":"de-CH"},{"@type":"Organization","@id":"https:\/\/teiaeducation.ch\/de\/#organization","name":"Teia Education & Play","url":"https:\/\/teiaeducation.ch\/de\/","logo":{"@type":"ImageObject","inLanguage":"de-CH","@id":"https:\/\/teiaeducation.ch\/de\/#\/schema\/logo\/image\/","url":"https:\/\/teiaeducation.ch\/wp-content\/uploads\/2020\/11\/Teia-Education-Switzerland-e1620156442216.jpg","contentUrl":"https:\/\/teiaeducation.ch\/wp-content\/uploads\/2020\/11\/Teia-Education-Switzerland-e1620156442216.jpg","width":166,"height":145,"caption":"Teia Education & Play"},"image":{"@id":"https:\/\/teiaeducation.ch\/de\/#\/schema\/logo\/image\/"},"sameAs":["https:\/\/www.facebook.com\/teiaeducation\/","https:\/\/x.com\/EducationTeia","https:\/\/www.instagram.com\/teia.education\/","https:\/\/www.linkedin.com\/company\/35501660","https:\/\/www.pinterest.ch\/TeiaEducation\/"]}]}},"_links":{"self":[{"href":"https:\/\/teiaeducation.ch\/de\/wp-json\/wp\/v2\/product\/71017","targetHints":{"allow":["GET"]}}],"collection":[{"href":"https:\/\/teiaeducation.ch\/de\/wp-json\/wp\/v2\/product"}],"about":[{"href":"https:\/\/teiaeducation.ch\/de\/wp-json\/wp\/v2\/types\/product"}],"replies":[{"embeddable":true,"href":"https:\/\/teiaeducation.ch\/de\/wp-json\/wp\/v2\/comments?post=71017"}],"wp:featuredmedia":[{"embeddable":true,"href":"https:\/\/teiaeducation.ch\/de\/wp-json\/wp\/v2\/media\/71021"}],"wp:attachment":[{"href":"https:\/\/teiaeducation.ch\/de\/wp-json\/wp\/v2\/media?parent=71017"}],"wp:term":[{"taxonomy":"product_brand","embeddable":true,"href":"https:\/\/teiaeducation.ch\/de\/wp-json\/wp\/v2\/product_brand?post=71017"},{"taxonomy":"product_cat","embeddable":true,"href":"https:\/\/teiaeducation.ch\/de\/wp-json\/wp\/v2\/product_cat?post=71017"},{"taxonomy":"product_tag","embeddable":true,"href":"https:\/\/teiaeducation.ch\/de\/wp-json\/wp\/v2\/product_tag?post=71017"}],"curies":[{"name":"wp","href":"https:\/\/api.w.org\/{rel}","templated":true}]}}