{"id":71028,"date":"2020-10-25T13:40:29","date_gmt":"2020-10-25T12:40:29","guid":{"rendered":"https:\/\/teiaeducation.ch\/product\/spielzeug-arztkoffer-le-toy-van\/"},"modified":"2025-12-11T15:33:28","modified_gmt":"2025-12-11T14:33:28","slug":"spielzeug-arztkoffer-le-toy-van","status":"publish","type":"product","link":"https:\/\/teiaeducation.ch\/de\/produkt\/spielzeug-arztkoffer-le-toy-van\/","title":{"rendered":"Spielzeug Arztkoffer &#8211; Le Toy Van"},"content":{"rendered":"<p>Dieses h\u00fcbsche Arztkoffer-Set aus der Le Toy Van Honeybake-Kollektion enth\u00e4lt medizinische Instrumente und Flaschen aus Holz. Die Stofftasche im Vintage-Stil in Kindergr\u00f6\u00dfe enth\u00e4lt alles, was ein angehender Arzt braucht, darunter ein Spielzeug-Stethoskop, ein Thermometer, eine Spritze, ein Blutdruckmessger\u00e4t, ein Ohrenspiegel, ein Reflexhammer, eine Schere und zwei Medikamentenflaschen. Alle Teile dieses fantasievollen Rollenspielsets sind aus nachhaltigem Kautschukholz gefertigt.<\/p>\n<p>Das offene Arzt-Spielset regt zu lustigen und kreativen <a href=\"https:\/\/teiaeducation.ch\/de\/produkt-kategorie\/lernthemen\/alphabetisierung-sprache\/geschichtenerzaehlen\/\">Geschichten<\/a> an und f\u00f6rdert soziale Kompetenzen, von der Sprache bis hin zum Abwarten, bis man an der Reihe ist. Durch sein geschlechtsneutrales Design ist es ein tolles Spielzeug f\u00fcr 3-J\u00e4hrige, das perfekte <a href=\"https:\/\/teiaeducation.ch\/produkt-kategorie\/feiern\/geburtstage\/\">Geburtstag<\/a>sgeschenk oder einfach eine gute Unterhaltung f\u00fcr unterwegs.<\/p>\n<p>Das Arztkoffer-Set von Le Toy Van wurde mit dem Dr. Toys Award 2016, dem SlowToy Award 2014 und dem Junior Design Award 2014 ausgezeichnet und 2016 von den Experten von Fundamentally Children empfohlen.<\/p>\n<p>Jedes medizinische Instrument und jede Flasche aus Holz wurde in leuchtenden Farben bemalt und wundersch\u00f6n aus massivem Kautschukholz gefertigt, wobei alle Kanten glatt sind, um eine sichere und weiche Haptik zu gew\u00e4hrleisten. Das Arztkoffer-Set von Le Toy Van f\u00f6rdert die Entwicklung Ihres Kindes, und das durchdachte Design mit altersgerechten Herausforderungen f\u00f6rdert die soziale Interaktion und das Lernen durch fantasievolles Spielen.<\/p>\n<p>Das Arztkoffer-Set von Le Toy Van ist f\u00fcr Kinder ab 3 Jahren geeignet.<\/p>\n<p>Inhalt:<\/p>\n<p>9 Holzst\u00fccke<br \/>\n1 Arztkoffer im Vintage-Stil aus Stoff<\/p>\n<h2>Uber Le Toy Van<\/h2>\n<p><a href=\"https:\/\/teiaeducation.ch\/de\/produkt-kategorie\/unsere-marken\/le-toy-van-de\/\">Le Toy Van<\/a> ist ein englisches Spielzeugunternehmen, das 1995 gegr\u00fcndet wurde und sich auf hochwertiges traditionelles <a href=\"https:\/\/teiaeducation.ch\/de\/produkt-kategorie\/kinder-spielzeug\/handgefertigtes-holzspielzeug\/\">Holzspielzeug<\/a> spezialisiert hat, das einen neuen, zeitgem\u00e4\u00dfen Stil erhalten hat.<\/p>\n<p>Alle Spielzeuge von Le Toy Van werden unter Einhaltung strenger Qualit\u00e4ts-, Sicherheits- und Nachhaltigkeitsstandards ethisch einwandfrei hergestellt, wobei nat\u00fcrliche Materialien wie nachwachsendes, glattes Kautschukholz verwendet werden. Es wurde nach den h\u00f6chsten Sicherheitsstandards getestet und entspricht den EN-71- und ASTM-Sicherheitsnormen.<\/p>\n<p>Diese innovativen und wundersch\u00f6n gestalteten Spielzeuge f\u00f6rdern das fr\u00fche Lernen durch <a href=\"https:\/\/teiaeducation.ch\/de\/produkt-kategorie\/kinder-spielzeug\/phantasievoll-rollenspiel\/\">fantasievolles Rollenspiel<\/a> und bieten zahlreiche M\u00f6glichkeiten zur <a href=\"https:\/\/teiaeducation.ch\/de\/produkt-kategorie\/lernthemen\/alphabetisierung-sprache\/\">sprachlichen<\/a> und sozialen Entwicklung sowie zur F\u00f6rderung der <a href=\"https:\/\/teiaeducation.ch\/de\/produkt-kategorie\/lernthemen\/sensorische-motorische-fertigkeiten\/motorische-fertigkeiten\/\">Feinmotorik<\/a>. Sie sind langlebig und sorgen f\u00fcr generations\u00fcbergreifenden Spielspa\u00df!<\/p>\n","protected":false},"excerpt":{"rendered":"<p>Artikelnummer: ltvtv292<\/p>\n<p>Dieses h\u00fcbsche Arztkoffer-Set aus der Le Toy Van Honeybake-Kollektion enth\u00e4lt medizinische Instrumente und Flaschen aus nachhaltigem Kautschukholz sowie eine Stofftasche im Vintage-Stil in Kindergr\u00f6\u00dfe!<\/p>\n","protected":false},"featured_media":71033,"comment_status":"open","ping_status":"closed","template":"","meta":[],"product_brand":[],"product_cat":[21445,21487,21510,21585,21509,21443,21563,21687,21678,21556,21564],"product_tag":[30150,30149,22674,30242,30240,30146,30241,30148,32146,30147],"class_list":{"0":"post-71028","1":"product","2":"type-product","3":"status-publish","4":"has-post-thumbnail","6":"product_cat-3-6-jahre-vorschule","7":"product_cat-geschenk-guide-3-6-jahre-vorschule","8":"product_cat-kultur-wissenschaft","9":"product_cat-le-toy-van-de","10":"product_cat-lernthemen","11":"product_cat-nach-alter","12":"product_cat-neuheiten","13":"product_cat-phantasievoll-rollenspiel","14":"product_cat-kinder-spielzeug","15":"product_cat-uebungen-des-praktischen-lebens","16":"product_cat-unsere-marken","17":"product_tag-die-besten-holzspielzeuge-fur-babys","18":"product_tag-holzspielzeug-fur-kinder","19":"product_tag-le-toy-van-de","20":"product_tag-le-toy-van-honeybake-collection-spielzeug","21":"product_tag-le-toy-van-petilou-collection-spielzeug","22":"product_tag-nachhaltiges-spielzeug-aus-holz","23":"product_tag-nachhaltiges-spielzeug-aus-holz-de","24":"product_tag-rubberwood-toys-de","25":"product_tag-spielzeug-arztkoffer-le-toy-van","26":"product_tag-spielzeug-fur-babys","28":"first","29":"instock","30":"taxable","31":"shipping-taxable","32":"purchasable","33":"product-type-simple"},"yoast_head":"<!-- This site is optimized with the Yoast SEO plugin v27.1.1 - https:\/\/yoast.com\/product\/yoast-seo-wordpress\/ -->\n<title>Spielzeug Hollywood Filmkamera aus Holz - Le Toy Van<\/title>\n<meta name=\"description\" content=\"Dieses h\u00fcbsche Arztkoffer-Set von Le Toy Van ist ein nachhaltiges Rollenspielzeug aus Holz f\u00fcr Kinder, das zu fantasievollen Rollenspielen anregt.\" \/>\n<meta name=\"robots\" content=\"index, follow, max-snippet:-1, max-image-preview:large, max-video-preview:-1\" \/>\n<link rel=\"canonical\" href=\"https:\/\/teiaeducation.ch\/de\/produkt\/spielzeug-arztkoffer-le-toy-van\/\" \/>\n<meta property=\"og:locale\" content=\"de_DE\" \/>\n<meta property=\"og:type\" content=\"article\" \/>\n<meta property=\"og:title\" content=\"Spielzeug Hollywood Filmkamera aus Holz - Le Toy Van\" \/>\n<meta property=\"og:description\" content=\"Dieses h\u00fcbsche Arztkoffer-Set von Le Toy Van ist ein nachhaltiges Rollenspielzeug aus Holz f\u00fcr Kinder, das zu fantasievollen Rollenspielen anregt.\" \/>\n<meta property=\"og:url\" content=\"https:\/\/teiaeducation.ch\/de\/produkt\/spielzeug-arztkoffer-le-toy-van\/\" \/>\n<meta property=\"og:site_name\" content=\"Sustainable Educational Products &amp; Ecological Toys\u00a0\" \/>\n<meta property=\"article:publisher\" content=\"https:\/\/www.facebook.com\/teiaeducation\/\" \/>\n<meta property=\"article:modified_time\" content=\"2025-12-11T14:33:28+00:00\" \/>\n<meta property=\"og:image\" content=\"https:\/\/teiaeducation.ch\/wp-content\/uploads\/2020\/10\/Doctors-Medical-Kit-Sustainable-wooden-toy-Le-Toy-Van.jpg\" \/>\n\t<meta property=\"og:image:width\" content=\"900\" \/>\n\t<meta property=\"og:image:height\" content=\"900\" \/>\n\t<meta property=\"og:image:type\" content=\"image\/jpeg\" \/>\n<script type=\"application\/ld+json\" class=\"yoast-schema-graph\">{\"@context\":\"https:\/\/schema.org\",\"@graph\":[{\"@type\":\"WebPage\",\"@id\":\"https:\/\/teiaeducation.ch\/de\/produkt\/spielzeug-arztkoffer-le-toy-van\/\",\"url\":\"https:\/\/teiaeducation.ch\/de\/produkt\/spielzeug-arztkoffer-le-toy-van\/\",\"name\":\"Spielzeug Hollywood Filmkamera aus Holz - Le Toy Van\",\"isPartOf\":{\"@id\":\"https:\/\/teiaeducation.ch\/de\/#website\"},\"primaryImageOfPage\":{\"@id\":\"https:\/\/teiaeducation.ch\/de\/produkt\/spielzeug-arztkoffer-le-toy-van\/#primaryimage\"},\"image\":{\"@id\":\"https:\/\/teiaeducation.ch\/de\/produkt\/spielzeug-arztkoffer-le-toy-van\/#primaryimage\"},\"thumbnailUrl\":\"https:\/\/teiaeducation.ch\/wp-content\/uploads\/2020\/10\/Doctors-Medical-Kit-Sustainable-wooden-toy-Le-Toy-Van.jpg\",\"datePublished\":\"2020-10-25T12:40:29+00:00\",\"dateModified\":\"2025-12-11T14:33:28+00:00\",\"description\":\"Dieses h\u00fcbsche Arztkoffer-Set von Le Toy Van ist ein nachhaltiges Rollenspielzeug aus Holz f\u00fcr Kinder, das zu fantasievollen Rollenspielen anregt.\",\"breadcrumb\":{\"@id\":\"https:\/\/teiaeducation.ch\/de\/produkt\/spielzeug-arztkoffer-le-toy-van\/#breadcrumb\"},\"inLanguage\":\"de-CH\",\"potentialAction\":[{\"@type\":\"ReadAction\",\"target\":[\"https:\/\/teiaeducation.ch\/de\/produkt\/spielzeug-arztkoffer-le-toy-van\/\"]}]},{\"@type\":\"ImageObject\",\"inLanguage\":\"de-CH\",\"@id\":\"https:\/\/teiaeducation.ch\/de\/produkt\/spielzeug-arztkoffer-le-toy-van\/#primaryimage\",\"url\":\"https:\/\/teiaeducation.ch\/wp-content\/uploads\/2020\/10\/Doctors-Medical-Kit-Sustainable-wooden-toy-Le-Toy-Van.jpg\",\"contentUrl\":\"https:\/\/teiaeducation.ch\/wp-content\/uploads\/2020\/10\/Doctors-Medical-Kit-Sustainable-wooden-toy-Le-Toy-Van.jpg\",\"width\":900,\"height\":900,\"caption\":\"Le Toy Van Nachhaltiges Holzspielzeug Arztkoffer\"},{\"@type\":\"BreadcrumbList\",\"@id\":\"https:\/\/teiaeducation.ch\/de\/produkt\/spielzeug-arztkoffer-le-toy-van\/#breadcrumb\",\"itemListElement\":[{\"@type\":\"ListItem\",\"position\":1,\"name\":\"Home\",\"item\":\"https:\/\/teiaeducation.ch\/de\/\"},{\"@type\":\"ListItem\",\"position\":2,\"name\":\"Laden\",\"item\":\"https:\/\/teiaeducation.ch\/de\/shop\/\"},{\"@type\":\"ListItem\",\"position\":3,\"name\":\"Unsere Marken\",\"item\":\"https:\/\/teiaeducation.ch\/de\/produkt-kategorie\/unsere-marken\/\"},{\"@type\":\"ListItem\",\"position\":4,\"name\":\"Le Toy Van\",\"item\":\"https:\/\/teiaeducation.ch\/de\/produkt-kategorie\/unsere-marken\/le-toy-van-de\/\"},{\"@type\":\"ListItem\",\"position\":5,\"name\":\"Spielzeug Arztkoffer &#8211; Le Toy Van\"}]},{\"@type\":\"WebSite\",\"@id\":\"https:\/\/teiaeducation.ch\/de\/#website\",\"url\":\"https:\/\/teiaeducation.ch\/de\/\",\"name\":\"Sustainable Educational Products &amp; Ecological Toys\u00a0\",\"description\":\"Specialised Swiss shop selling sustainable educational toys and games, AMI certified Montessori materials, handmade ecological wooden Waldorf toys and arts &amp; crafts supplies, school supplies, children&#039;s furniture and Montessori reference and parenting books.\",\"publisher\":{\"@id\":\"https:\/\/teiaeducation.ch\/de\/#organization\"},\"alternateName\":\"Teia Education & Play\",\"potentialAction\":[{\"@type\":\"SearchAction\",\"target\":{\"@type\":\"EntryPoint\",\"urlTemplate\":\"https:\/\/teiaeducation.ch\/de\/?s={search_term_string}\"},\"query-input\":{\"@type\":\"PropertyValueSpecification\",\"valueRequired\":true,\"valueName\":\"search_term_string\"}}],\"inLanguage\":\"de-CH\"},{\"@type\":\"Organization\",\"@id\":\"https:\/\/teiaeducation.ch\/de\/#organization\",\"name\":\"Teia Education & Play\",\"url\":\"https:\/\/teiaeducation.ch\/de\/\",\"logo\":{\"@type\":\"ImageObject\",\"inLanguage\":\"de-CH\",\"@id\":\"https:\/\/teiaeducation.ch\/de\/#\/schema\/logo\/image\/\",\"url\":\"https:\/\/teiaeducation.ch\/wp-content\/uploads\/2020\/11\/Teia-Education-Switzerland-e1620156442216.jpg\",\"contentUrl\":\"https:\/\/teiaeducation.ch\/wp-content\/uploads\/2020\/11\/Teia-Education-Switzerland-e1620156442216.jpg\",\"width\":166,\"height\":145,\"caption\":\"Teia Education & Play\"},\"image\":{\"@id\":\"https:\/\/teiaeducation.ch\/de\/#\/schema\/logo\/image\/\"},\"sameAs\":[\"https:\/\/www.facebook.com\/teiaeducation\/\",\"https:\/\/x.com\/EducationTeia\",\"https:\/\/www.instagram.com\/teia.education\/\",\"https:\/\/www.linkedin.com\/company\/35501660\",\"https:\/\/www.pinterest.ch\/TeiaEducation\/\"]}]}<\/script>\n<!-- \/ Yoast SEO plugin. -->","yoast_head_json":{"title":"Spielzeug Hollywood Filmkamera aus Holz - Le Toy Van","description":"Dieses h\u00fcbsche Arztkoffer-Set von Le Toy Van ist ein nachhaltiges Rollenspielzeug aus Holz f\u00fcr Kinder, das zu fantasievollen Rollenspielen anregt.","robots":{"index":"index","follow":"follow","max-snippet":"max-snippet:-1","max-image-preview":"max-image-preview:large","max-video-preview":"max-video-preview:-1"},"canonical":"https:\/\/teiaeducation.ch\/de\/produkt\/spielzeug-arztkoffer-le-toy-van\/","og_locale":"de_DE","og_type":"article","og_title":"Spielzeug Hollywood Filmkamera aus Holz - Le Toy Van","og_description":"Dieses h\u00fcbsche Arztkoffer-Set von Le Toy Van ist ein nachhaltiges Rollenspielzeug aus Holz f\u00fcr Kinder, das zu fantasievollen Rollenspielen anregt.","og_url":"https:\/\/teiaeducation.ch\/de\/produkt\/spielzeug-arztkoffer-le-toy-van\/","og_site_name":"Sustainable Educational Products &amp; Ecological Toys\u00a0","article_publisher":"https:\/\/www.facebook.com\/teiaeducation\/","article_modified_time":"2025-12-11T14:33:28+00:00","og_image":[{"width":900,"height":900,"url":"https:\/\/teiaeducation.ch\/wp-content\/uploads\/2020\/10\/Doctors-Medical-Kit-Sustainable-wooden-toy-Le-Toy-Van.jpg","type":"image\/jpeg"}],"schema":{"@context":"https:\/\/schema.org","@graph":[{"@type":"WebPage","@id":"https:\/\/teiaeducation.ch\/de\/produkt\/spielzeug-arztkoffer-le-toy-van\/","url":"https:\/\/teiaeducation.ch\/de\/produkt\/spielzeug-arztkoffer-le-toy-van\/","name":"Spielzeug Hollywood Filmkamera aus Holz - Le Toy Van","isPartOf":{"@id":"https:\/\/teiaeducation.ch\/de\/#website"},"primaryImageOfPage":{"@id":"https:\/\/teiaeducation.ch\/de\/produkt\/spielzeug-arztkoffer-le-toy-van\/#primaryimage"},"image":{"@id":"https:\/\/teiaeducation.ch\/de\/produkt\/spielzeug-arztkoffer-le-toy-van\/#primaryimage"},"thumbnailUrl":"https:\/\/teiaeducation.ch\/wp-content\/uploads\/2020\/10\/Doctors-Medical-Kit-Sustainable-wooden-toy-Le-Toy-Van.jpg","datePublished":"2020-10-25T12:40:29+00:00","dateModified":"2025-12-11T14:33:28+00:00","description":"Dieses h\u00fcbsche Arztkoffer-Set von Le Toy Van ist ein nachhaltiges Rollenspielzeug aus Holz f\u00fcr Kinder, das zu fantasievollen Rollenspielen anregt.","breadcrumb":{"@id":"https:\/\/teiaeducation.ch\/de\/produkt\/spielzeug-arztkoffer-le-toy-van\/#breadcrumb"},"inLanguage":"de-CH","potentialAction":[{"@type":"ReadAction","target":["https:\/\/teiaeducation.ch\/de\/produkt\/spielzeug-arztkoffer-le-toy-van\/"]}]},{"@type":"ImageObject","inLanguage":"de-CH","@id":"https:\/\/teiaeducation.ch\/de\/produkt\/spielzeug-arztkoffer-le-toy-van\/#primaryimage","url":"https:\/\/teiaeducation.ch\/wp-content\/uploads\/2020\/10\/Doctors-Medical-Kit-Sustainable-wooden-toy-Le-Toy-Van.jpg","contentUrl":"https:\/\/teiaeducation.ch\/wp-content\/uploads\/2020\/10\/Doctors-Medical-Kit-Sustainable-wooden-toy-Le-Toy-Van.jpg","width":900,"height":900,"caption":"Le Toy Van Nachhaltiges Holzspielzeug Arztkoffer"},{"@type":"BreadcrumbList","@id":"https:\/\/teiaeducation.ch\/de\/produkt\/spielzeug-arztkoffer-le-toy-van\/#breadcrumb","itemListElement":[{"@type":"ListItem","position":1,"name":"Home","item":"https:\/\/teiaeducation.ch\/de\/"},{"@type":"ListItem","position":2,"name":"Laden","item":"https:\/\/teiaeducation.ch\/de\/shop\/"},{"@type":"ListItem","position":3,"name":"Unsere Marken","item":"https:\/\/teiaeducation.ch\/de\/produkt-kategorie\/unsere-marken\/"},{"@type":"ListItem","position":4,"name":"Le Toy Van","item":"https:\/\/teiaeducation.ch\/de\/produkt-kategorie\/unsere-marken\/le-toy-van-de\/"},{"@type":"ListItem","position":5,"name":"Spielzeug Arztkoffer &#8211; Le Toy Van"}]},{"@type":"WebSite","@id":"https:\/\/teiaeducation.ch\/de\/#website","url":"https:\/\/teiaeducation.ch\/de\/","name":"Sustainable Educational Products &amp; Ecological Toys\u00a0","description":"Specialised Swiss shop selling sustainable educational toys and games, AMI certified Montessori materials, handmade ecological wooden Waldorf toys and arts &amp; crafts supplies, school supplies, children&#039;s furniture and Montessori reference and parenting books.","publisher":{"@id":"https:\/\/teiaeducation.ch\/de\/#organization"},"alternateName":"Teia Education & Play","potentialAction":[{"@type":"SearchAction","target":{"@type":"EntryPoint","urlTemplate":"https:\/\/teiaeducation.ch\/de\/?s={search_term_string}"},"query-input":{"@type":"PropertyValueSpecification","valueRequired":true,"valueName":"search_term_string"}}],"inLanguage":"de-CH"},{"@type":"Organization","@id":"https:\/\/teiaeducation.ch\/de\/#organization","name":"Teia Education & Play","url":"https:\/\/teiaeducation.ch\/de\/","logo":{"@type":"ImageObject","inLanguage":"de-CH","@id":"https:\/\/teiaeducation.ch\/de\/#\/schema\/logo\/image\/","url":"https:\/\/teiaeducation.ch\/wp-content\/uploads\/2020\/11\/Teia-Education-Switzerland-e1620156442216.jpg","contentUrl":"https:\/\/teiaeducation.ch\/wp-content\/uploads\/2020\/11\/Teia-Education-Switzerland-e1620156442216.jpg","width":166,"height":145,"caption":"Teia Education & Play"},"image":{"@id":"https:\/\/teiaeducation.ch\/de\/#\/schema\/logo\/image\/"},"sameAs":["https:\/\/www.facebook.com\/teiaeducation\/","https:\/\/x.com\/EducationTeia","https:\/\/www.instagram.com\/teia.education\/","https:\/\/www.linkedin.com\/company\/35501660","https:\/\/www.pinterest.ch\/TeiaEducation\/"]}]}},"_links":{"self":[{"href":"https:\/\/teiaeducation.ch\/de\/wp-json\/wp\/v2\/product\/71028","targetHints":{"allow":["GET"]}}],"collection":[{"href":"https:\/\/teiaeducation.ch\/de\/wp-json\/wp\/v2\/product"}],"about":[{"href":"https:\/\/teiaeducation.ch\/de\/wp-json\/wp\/v2\/types\/product"}],"replies":[{"embeddable":true,"href":"https:\/\/teiaeducation.ch\/de\/wp-json\/wp\/v2\/comments?post=71028"}],"wp:featuredmedia":[{"embeddable":true,"href":"https:\/\/teiaeducation.ch\/de\/wp-json\/wp\/v2\/media\/71033"}],"wp:attachment":[{"href":"https:\/\/teiaeducation.ch\/de\/wp-json\/wp\/v2\/media?parent=71028"}],"wp:term":[{"taxonomy":"product_brand","embeddable":true,"href":"https:\/\/teiaeducation.ch\/de\/wp-json\/wp\/v2\/product_brand?post=71028"},{"taxonomy":"product_cat","embeddable":true,"href":"https:\/\/teiaeducation.ch\/de\/wp-json\/wp\/v2\/product_cat?post=71028"},{"taxonomy":"product_tag","embeddable":true,"href":"https:\/\/teiaeducation.ch\/de\/wp-json\/wp\/v2\/product_tag?post=71028"}],"curies":[{"name":"wp","href":"https:\/\/api.w.org\/{rel}","templated":true}]}}