{"id":71058,"date":"2020-05-22T12:41:24","date_gmt":"2020-05-22T10:41:24","guid":{"rendered":"https:\/\/teiaeducation.ch\/product\/noahs-arche-form-sortierer-le-toy-van\/"},"modified":"2025-12-11T15:35:18","modified_gmt":"2025-12-11T14:35:18","slug":"noahs-arche-form-sortierer-le-toy-van","status":"publish","type":"product","link":"https:\/\/teiaeducation.ch\/de\/produkt\/noahs-arche-form-sortierer-le-toy-van\/","title":{"rendered":"Noahs Arche Form Sortierer &#8211; Le Toy Van"},"content":{"rendered":"<p>Der Le Toy Noahs Arche Form Sortierer aus der Arks-Kollektion ist ein thematisches, nachhaltiges Entwicklungsspielzeug aus Holz f\u00fcr <a href=\"https:\/\/teiaeducation.ch\/de\/produkt-kategorie\/nach-alter\/0-12-monate-baby\/\">Babys<\/a>, komplett mit 7 Paaren <a href=\"https:\/\/teiaeducation.ch\/de\/produkt-kategorie\/kinder-spielzeug\/tiere-bauernhoefe\/\">Holztiere<\/a>, Noah und seiner Frau. Sein farbenfrohes Design f\u00f6rdert die Farberkennung und regt die Fantasie an. Die Vielfalt der Formen entwickelt durch <a href=\"https:\/\/teiaeducation.ch\/de\/produkt-kategorie\/lernthemen\/alphabetisierung-sprache\/lesen-lernen\/\">Formenerkennung<\/a> und Zuordnung Vorlesef\u00e4higkeiten und verfeinert gleichzeitig die manuelle Geschicklichkeit und die Hand-Augen-Koordination.<\/p>\n<p>Noah und seine Frau k\u00f6nnen ebenfalls auf dem Oberdeck sortiert werden. Die Arche verf\u00fcgt \u00fcber eine Leiter und eine Schiebet\u00fcr, die den Zugang zum Rumpf erm\u00f6glicht, sowie einen Tragegriff.<\/p>\n<p>Dieser <a href=\"https:\/\/teiaeducation.ch\/de\/produkt-kategorie\/lernthemen\/mathematik-rechnen\/formen\/\">Formen<\/a>sortierer aus strapazierf\u00e4higem, nachhaltigem Kautschukholz ist ein sicheres Spielzeug mit abgeschliffenen Kanten und ist mit ungiftigen Farben bemalt.<\/p>\n<p>Die Le Toy Van Arks-Kollektion ist durchweg wundersch\u00f6n detailliert und wurde entwickelt, um die Tierwelt zum Leben zu erwecken. Die Kollektion ist f\u00fcr Kinder im Alter von 12 Monaten bis 3+ Jahren geeignet und f\u00f6rdert verschiedene F\u00e4higkeiten wie Rollenspiel, Geschicklichkeit und kognitive F\u00e4higkeiten. Diese Kollektion umfasst drei wesentliche Spielelemente: <a href=\"https:\/\/teiaeducation.ch\/de\/produkt-kategorie\/kinder-spielzeug\/sortieren\/\">Sortieren<\/a> nach Formen, Balancieren von Tieren und fantasievolles Spielen.<\/p>\n<p>Der Le Toy Van Sortierer in Form einer Arche Noah ist f\u00fcr Kinder ab 12 Monaten geeignet.<\/p>\n<p>Inhalt:<\/p>\n<p>1 Sortierer in Form aus Holz (19 x 15 x 24cm)<\/p>\n<h2>Uber Le Toy Van<\/h2>\n<p><a href=\"https:\/\/teiaeducation.ch\/de\/produkt-kategorie\/unsere-marken\/le-toy-van-de\/\">Le Toy Van<\/a> ist ein englisches Spielzeugunternehmen, das 1995 gegr\u00fcndet wurde und sich auf hochwertiges traditionelles <a href=\"https:\/\/teiaeducation.ch\/de\/produkt-kategorie\/kinder-spielzeug\/handgefertigtes-holzspielzeug\/\">Holzspielzeug<\/a> spezialisiert hat, das einen neuen, zeitgem\u00e4\u00dfen Stil erhalten hat.<\/p>\n<p>Alle Spielzeuge von Le Toy Van werden unter Einhaltung strenger Qualit\u00e4ts-, Sicherheits- und Nachhaltigkeitsstandards ethisch einwandfrei hergestellt, wobei nat\u00fcrliche Materialien wie nachwachsendes, glattes Kautschukholz verwendet werden. Es wurde nach den h\u00f6chsten Sicherheitsstandards getestet und entspricht den EN-71- und ASTM-Sicherheitsnormen.<\/p>\n<p>Diese innovativen und wundersch\u00f6n gestalteten Spielzeuge f\u00f6rdern das fr\u00fche Lernen durch <a href=\"https:\/\/teiaeducation.ch\/de\/produkt-kategorie\/kinder-spielzeug\/phantasievoll-rollenspiel\/\">fantasievolles Rollenspiel<\/a> und bieten zahlreiche M\u00f6glichkeiten zur <a href=\"https:\/\/teiaeducation.ch\/de\/produkt-kategorie\/lernthemen\/alphabetisierung-sprache\/\">sprachlichen<\/a> und sozialen Entwicklung sowie zur F\u00f6rderung der <a href=\"https:\/\/teiaeducation.ch\/de\/produkt-kategorie\/lernthemen\/sensorische-motorische-fertigkeiten\/motorische-fertigkeiten\/\">Feinmotorik<\/a>. Sie sind langlebig und sorgen f\u00fcr generations\u00fcbergreifenden Spielspa\u00df!<\/p>\n","protected":false},"excerpt":{"rendered":"<p>Artikelnummer: ltvtv212<\/p>\n<p>Der Le Toy Van Noahs Arche Form Sortierer aus der Arks-Kollektion ist ein thematisches, nachhaltiges Holzspielzeug zur F\u00f6rderung der Entwicklung von Babys, komplett mit 7 Paaren Holztiere, Noah und seiner Frau!<\/p>\n","protected":false},"featured_media":71064,"comment_status":"open","ping_status":"closed","template":"","meta":[],"product_brand":[],"product_cat":[21444,21683,21585,21443,21563,21687,21494,21697,21678,21497,21680,21564],"product_tag":[22675,32151,32150,32152],"class_list":{"0":"post-71058","1":"product","2":"type-product","3":"status-publish","4":"has-post-thumbnail","6":"product_cat-1-3-jahre-kleinkind","7":"product_cat-boote-zuege","8":"product_cat-le-toy-van-de","9":"product_cat-nach-alter","10":"product_cat-neuheiten","11":"product_cat-phantasievoll-rollenspiel","12":"product_cat-schulbedarf-fuer-zuhause","13":"product_cat-sortieren","14":"product_cat-kinder-spielzeug","15":"product_cat-spielen-und-lernen-fuer-babys-kleinkinder","16":"product_cat-tiere-bauernhoefe","17":"product_cat-unsere-marken","18":"product_tag-le-toy-van-schweiz","19":"product_tag-le-toy-van-schweiz-de","20":"product_tag-le-toy-van-spielzeug-schweiz","21":"product_tag-noahs-arche-form-sortierer-le-toy-van","23":"first","24":"outofstock","25":"taxable","26":"shipping-taxable","27":"purchasable","28":"product-type-simple"},"yoast_head":"<!-- This site is optimized with the Yoast SEO plugin v27.1.1 - https:\/\/yoast.com\/product\/yoast-seo-wordpress\/ -->\n<title>Noahs Arche Form Sortierer - Le Toy Van - Teia Education &amp; Play<\/title>\n<meta name=\"description\" content=\"Der Le Toy Van Noahs Arche Form Sortierer ist ein nachhaltiges Holzspielzeug zur F\u00f6rderung der kindlichen Entwicklung, komplett mit 7 Paaren Holztiere, Noah und seiner Frau.\" \/>\n<meta name=\"robots\" content=\"index, follow, max-snippet:-1, max-image-preview:large, max-video-preview:-1\" \/>\n<link rel=\"canonical\" href=\"https:\/\/teiaeducation.ch\/de\/produkt\/noahs-arche-form-sortierer-le-toy-van\/\" \/>\n<meta property=\"og:locale\" content=\"de_DE\" \/>\n<meta property=\"og:type\" content=\"article\" \/>\n<meta property=\"og:title\" content=\"Noahs Arche Form Sortierer - Le Toy Van - Teia Education &amp; Play\" \/>\n<meta property=\"og:description\" content=\"Der Le Toy Van Noahs Arche Form Sortierer ist ein nachhaltiges Holzspielzeug zur F\u00f6rderung der kindlichen Entwicklung, komplett mit 7 Paaren Holztiere, Noah und seiner Frau.\" \/>\n<meta property=\"og:url\" content=\"https:\/\/teiaeducation.ch\/de\/produkt\/noahs-arche-form-sortierer-le-toy-van\/\" \/>\n<meta property=\"og:site_name\" content=\"Sustainable Educational Products &amp; Ecological Toys\u00a0\" \/>\n<meta property=\"article:publisher\" content=\"https:\/\/www.facebook.com\/teiaeducation\/\" \/>\n<meta property=\"article:modified_time\" content=\"2025-12-11T14:35:18+00:00\" \/>\n<meta property=\"og:image\" content=\"https:\/\/teiaeducation.ch\/wp-content\/uploads\/2020\/05\/Noahs-Ark-Shape-Shorter-Le-Toy-Van.jpg\" \/>\n\t<meta property=\"og:image:width\" content=\"900\" \/>\n\t<meta property=\"og:image:height\" content=\"900\" \/>\n\t<meta property=\"og:image:type\" content=\"image\/jpeg\" \/>\n<script type=\"application\/ld+json\" class=\"yoast-schema-graph\">{\"@context\":\"https:\/\/schema.org\",\"@graph\":[{\"@type\":\"WebPage\",\"@id\":\"https:\/\/teiaeducation.ch\/de\/produkt\/noahs-arche-form-sortierer-le-toy-van\/\",\"url\":\"https:\/\/teiaeducation.ch\/de\/produkt\/noahs-arche-form-sortierer-le-toy-van\/\",\"name\":\"Noahs Arche Form Sortierer - Le Toy Van - Teia Education & Play\",\"isPartOf\":{\"@id\":\"https:\/\/teiaeducation.ch\/de\/#website\"},\"primaryImageOfPage\":{\"@id\":\"https:\/\/teiaeducation.ch\/de\/produkt\/noahs-arche-form-sortierer-le-toy-van\/#primaryimage\"},\"image\":{\"@id\":\"https:\/\/teiaeducation.ch\/de\/produkt\/noahs-arche-form-sortierer-le-toy-van\/#primaryimage\"},\"thumbnailUrl\":\"https:\/\/teiaeducation.ch\/wp-content\/uploads\/2020\/05\/Noahs-Ark-Shape-Shorter-Le-Toy-Van.jpg\",\"datePublished\":\"2020-05-22T10:41:24+00:00\",\"dateModified\":\"2025-12-11T14:35:18+00:00\",\"description\":\"Der Le Toy Van Noahs Arche Form Sortierer ist ein nachhaltiges Holzspielzeug zur F\u00f6rderung der kindlichen Entwicklung, komplett mit 7 Paaren Holztiere, Noah und seiner Frau.\",\"breadcrumb\":{\"@id\":\"https:\/\/teiaeducation.ch\/de\/produkt\/noahs-arche-form-sortierer-le-toy-van\/#breadcrumb\"},\"inLanguage\":\"de-CH\",\"potentialAction\":[{\"@type\":\"ReadAction\",\"target\":[\"https:\/\/teiaeducation.ch\/de\/produkt\/noahs-arche-form-sortierer-le-toy-van\/\"]}]},{\"@type\":\"ImageObject\",\"inLanguage\":\"de-CH\",\"@id\":\"https:\/\/teiaeducation.ch\/de\/produkt\/noahs-arche-form-sortierer-le-toy-van\/#primaryimage\",\"url\":\"https:\/\/teiaeducation.ch\/wp-content\/uploads\/2020\/05\/Noahs-Ark-Shape-Shorter-Le-Toy-Van.jpg\",\"contentUrl\":\"https:\/\/teiaeducation.ch\/wp-content\/uploads\/2020\/05\/Noahs-Ark-Shape-Shorter-Le-Toy-Van.jpg\",\"width\":900,\"height\":900,\"caption\":\"Nachhaltiges Holzspielzeug zur F\u00f6rderung der kindlichen Entwicklung mit Noahs Arche Form Sortierer - Le Toy Van\"},{\"@type\":\"BreadcrumbList\",\"@id\":\"https:\/\/teiaeducation.ch\/de\/produkt\/noahs-arche-form-sortierer-le-toy-van\/#breadcrumb\",\"itemListElement\":[{\"@type\":\"ListItem\",\"position\":1,\"name\":\"Home\",\"item\":\"https:\/\/teiaeducation.ch\/de\/\"},{\"@type\":\"ListItem\",\"position\":2,\"name\":\"Laden\",\"item\":\"https:\/\/teiaeducation.ch\/de\/shop\/\"},{\"@type\":\"ListItem\",\"position\":3,\"name\":\"Unsere Marken\",\"item\":\"https:\/\/teiaeducation.ch\/de\/produkt-kategorie\/unsere-marken\/\"},{\"@type\":\"ListItem\",\"position\":4,\"name\":\"Le Toy Van\",\"item\":\"https:\/\/teiaeducation.ch\/de\/produkt-kategorie\/unsere-marken\/le-toy-van-de\/\"},{\"@type\":\"ListItem\",\"position\":5,\"name\":\"Noahs Arche Form Sortierer &#8211; Le Toy Van\"}]},{\"@type\":\"WebSite\",\"@id\":\"https:\/\/teiaeducation.ch\/de\/#website\",\"url\":\"https:\/\/teiaeducation.ch\/de\/\",\"name\":\"Sustainable Educational Products &amp; Ecological Toys\u00a0\",\"description\":\"Specialised Swiss shop selling sustainable educational toys and games, AMI certified Montessori materials, handmade ecological wooden Waldorf toys and arts &amp; crafts supplies, school supplies, children&#039;s furniture and Montessori reference and parenting books.\",\"publisher\":{\"@id\":\"https:\/\/teiaeducation.ch\/de\/#organization\"},\"alternateName\":\"Teia Education & Play\",\"potentialAction\":[{\"@type\":\"SearchAction\",\"target\":{\"@type\":\"EntryPoint\",\"urlTemplate\":\"https:\/\/teiaeducation.ch\/de\/?s={search_term_string}\"},\"query-input\":{\"@type\":\"PropertyValueSpecification\",\"valueRequired\":true,\"valueName\":\"search_term_string\"}}],\"inLanguage\":\"de-CH\"},{\"@type\":\"Organization\",\"@id\":\"https:\/\/teiaeducation.ch\/de\/#organization\",\"name\":\"Teia Education & Play\",\"url\":\"https:\/\/teiaeducation.ch\/de\/\",\"logo\":{\"@type\":\"ImageObject\",\"inLanguage\":\"de-CH\",\"@id\":\"https:\/\/teiaeducation.ch\/de\/#\/schema\/logo\/image\/\",\"url\":\"https:\/\/teiaeducation.ch\/wp-content\/uploads\/2020\/11\/Teia-Education-Switzerland-e1620156442216.jpg\",\"contentUrl\":\"https:\/\/teiaeducation.ch\/wp-content\/uploads\/2020\/11\/Teia-Education-Switzerland-e1620156442216.jpg\",\"width\":166,\"height\":145,\"caption\":\"Teia Education & Play\"},\"image\":{\"@id\":\"https:\/\/teiaeducation.ch\/de\/#\/schema\/logo\/image\/\"},\"sameAs\":[\"https:\/\/www.facebook.com\/teiaeducation\/\",\"https:\/\/x.com\/EducationTeia\",\"https:\/\/www.instagram.com\/teia.education\/\",\"https:\/\/www.linkedin.com\/company\/35501660\",\"https:\/\/www.pinterest.ch\/TeiaEducation\/\"]}]}<\/script>\n<!-- \/ Yoast SEO plugin. -->","yoast_head_json":{"title":"Noahs Arche Form Sortierer - Le Toy Van - Teia Education & Play","description":"Der Le Toy Van Noahs Arche Form Sortierer ist ein nachhaltiges Holzspielzeug zur F\u00f6rderung der kindlichen Entwicklung, komplett mit 7 Paaren Holztiere, Noah und seiner Frau.","robots":{"index":"index","follow":"follow","max-snippet":"max-snippet:-1","max-image-preview":"max-image-preview:large","max-video-preview":"max-video-preview:-1"},"canonical":"https:\/\/teiaeducation.ch\/de\/produkt\/noahs-arche-form-sortierer-le-toy-van\/","og_locale":"de_DE","og_type":"article","og_title":"Noahs Arche Form Sortierer - Le Toy Van - Teia Education & Play","og_description":"Der Le Toy Van Noahs Arche Form Sortierer ist ein nachhaltiges Holzspielzeug zur F\u00f6rderung der kindlichen Entwicklung, komplett mit 7 Paaren Holztiere, Noah und seiner Frau.","og_url":"https:\/\/teiaeducation.ch\/de\/produkt\/noahs-arche-form-sortierer-le-toy-van\/","og_site_name":"Sustainable Educational Products &amp; Ecological Toys\u00a0","article_publisher":"https:\/\/www.facebook.com\/teiaeducation\/","article_modified_time":"2025-12-11T14:35:18+00:00","og_image":[{"width":900,"height":900,"url":"https:\/\/teiaeducation.ch\/wp-content\/uploads\/2020\/05\/Noahs-Ark-Shape-Shorter-Le-Toy-Van.jpg","type":"image\/jpeg"}],"schema":{"@context":"https:\/\/schema.org","@graph":[{"@type":"WebPage","@id":"https:\/\/teiaeducation.ch\/de\/produkt\/noahs-arche-form-sortierer-le-toy-van\/","url":"https:\/\/teiaeducation.ch\/de\/produkt\/noahs-arche-form-sortierer-le-toy-van\/","name":"Noahs Arche Form Sortierer - Le Toy Van - Teia Education & Play","isPartOf":{"@id":"https:\/\/teiaeducation.ch\/de\/#website"},"primaryImageOfPage":{"@id":"https:\/\/teiaeducation.ch\/de\/produkt\/noahs-arche-form-sortierer-le-toy-van\/#primaryimage"},"image":{"@id":"https:\/\/teiaeducation.ch\/de\/produkt\/noahs-arche-form-sortierer-le-toy-van\/#primaryimage"},"thumbnailUrl":"https:\/\/teiaeducation.ch\/wp-content\/uploads\/2020\/05\/Noahs-Ark-Shape-Shorter-Le-Toy-Van.jpg","datePublished":"2020-05-22T10:41:24+00:00","dateModified":"2025-12-11T14:35:18+00:00","description":"Der Le Toy Van Noahs Arche Form Sortierer ist ein nachhaltiges Holzspielzeug zur F\u00f6rderung der kindlichen Entwicklung, komplett mit 7 Paaren Holztiere, Noah und seiner Frau.","breadcrumb":{"@id":"https:\/\/teiaeducation.ch\/de\/produkt\/noahs-arche-form-sortierer-le-toy-van\/#breadcrumb"},"inLanguage":"de-CH","potentialAction":[{"@type":"ReadAction","target":["https:\/\/teiaeducation.ch\/de\/produkt\/noahs-arche-form-sortierer-le-toy-van\/"]}]},{"@type":"ImageObject","inLanguage":"de-CH","@id":"https:\/\/teiaeducation.ch\/de\/produkt\/noahs-arche-form-sortierer-le-toy-van\/#primaryimage","url":"https:\/\/teiaeducation.ch\/wp-content\/uploads\/2020\/05\/Noahs-Ark-Shape-Shorter-Le-Toy-Van.jpg","contentUrl":"https:\/\/teiaeducation.ch\/wp-content\/uploads\/2020\/05\/Noahs-Ark-Shape-Shorter-Le-Toy-Van.jpg","width":900,"height":900,"caption":"Nachhaltiges Holzspielzeug zur F\u00f6rderung der kindlichen Entwicklung mit Noahs Arche Form Sortierer - Le Toy Van"},{"@type":"BreadcrumbList","@id":"https:\/\/teiaeducation.ch\/de\/produkt\/noahs-arche-form-sortierer-le-toy-van\/#breadcrumb","itemListElement":[{"@type":"ListItem","position":1,"name":"Home","item":"https:\/\/teiaeducation.ch\/de\/"},{"@type":"ListItem","position":2,"name":"Laden","item":"https:\/\/teiaeducation.ch\/de\/shop\/"},{"@type":"ListItem","position":3,"name":"Unsere Marken","item":"https:\/\/teiaeducation.ch\/de\/produkt-kategorie\/unsere-marken\/"},{"@type":"ListItem","position":4,"name":"Le Toy Van","item":"https:\/\/teiaeducation.ch\/de\/produkt-kategorie\/unsere-marken\/le-toy-van-de\/"},{"@type":"ListItem","position":5,"name":"Noahs Arche Form Sortierer &#8211; Le Toy Van"}]},{"@type":"WebSite","@id":"https:\/\/teiaeducation.ch\/de\/#website","url":"https:\/\/teiaeducation.ch\/de\/","name":"Sustainable Educational Products &amp; Ecological Toys\u00a0","description":"Specialised Swiss shop selling sustainable educational toys and games, AMI certified Montessori materials, handmade ecological wooden Waldorf toys and arts &amp; crafts supplies, school supplies, children&#039;s furniture and Montessori reference and parenting books.","publisher":{"@id":"https:\/\/teiaeducation.ch\/de\/#organization"},"alternateName":"Teia Education & Play","potentialAction":[{"@type":"SearchAction","target":{"@type":"EntryPoint","urlTemplate":"https:\/\/teiaeducation.ch\/de\/?s={search_term_string}"},"query-input":{"@type":"PropertyValueSpecification","valueRequired":true,"valueName":"search_term_string"}}],"inLanguage":"de-CH"},{"@type":"Organization","@id":"https:\/\/teiaeducation.ch\/de\/#organization","name":"Teia Education & Play","url":"https:\/\/teiaeducation.ch\/de\/","logo":{"@type":"ImageObject","inLanguage":"de-CH","@id":"https:\/\/teiaeducation.ch\/de\/#\/schema\/logo\/image\/","url":"https:\/\/teiaeducation.ch\/wp-content\/uploads\/2020\/11\/Teia-Education-Switzerland-e1620156442216.jpg","contentUrl":"https:\/\/teiaeducation.ch\/wp-content\/uploads\/2020\/11\/Teia-Education-Switzerland-e1620156442216.jpg","width":166,"height":145,"caption":"Teia Education & Play"},"image":{"@id":"https:\/\/teiaeducation.ch\/de\/#\/schema\/logo\/image\/"},"sameAs":["https:\/\/www.facebook.com\/teiaeducation\/","https:\/\/x.com\/EducationTeia","https:\/\/www.instagram.com\/teia.education\/","https:\/\/www.linkedin.com\/company\/35501660","https:\/\/www.pinterest.ch\/TeiaEducation\/"]}]}},"_links":{"self":[{"href":"https:\/\/teiaeducation.ch\/de\/wp-json\/wp\/v2\/product\/71058","targetHints":{"allow":["GET"]}}],"collection":[{"href":"https:\/\/teiaeducation.ch\/de\/wp-json\/wp\/v2\/product"}],"about":[{"href":"https:\/\/teiaeducation.ch\/de\/wp-json\/wp\/v2\/types\/product"}],"replies":[{"embeddable":true,"href":"https:\/\/teiaeducation.ch\/de\/wp-json\/wp\/v2\/comments?post=71058"}],"wp:featuredmedia":[{"embeddable":true,"href":"https:\/\/teiaeducation.ch\/de\/wp-json\/wp\/v2\/media\/71064"}],"wp:attachment":[{"href":"https:\/\/teiaeducation.ch\/de\/wp-json\/wp\/v2\/media?parent=71058"}],"wp:term":[{"taxonomy":"product_brand","embeddable":true,"href":"https:\/\/teiaeducation.ch\/de\/wp-json\/wp\/v2\/product_brand?post=71058"},{"taxonomy":"product_cat","embeddable":true,"href":"https:\/\/teiaeducation.ch\/de\/wp-json\/wp\/v2\/product_cat?post=71058"},{"taxonomy":"product_tag","embeddable":true,"href":"https:\/\/teiaeducation.ch\/de\/wp-json\/wp\/v2\/product_tag?post=71058"}],"curies":[{"name":"wp","href":"https:\/\/api.w.org\/{rel}","templated":true}]}}