{"id":71126,"date":"2020-04-06T19:27:31","date_gmt":"2020-04-06T17:27:31","guid":{"rendered":"https:\/\/teiaeducation.ch\/product\/kleines-vogelhaus-le-toy-van\/"},"modified":"2025-12-11T15:33:16","modified_gmt":"2025-12-11T14:33:16","slug":"kleines-vogelhaus-le-toy-van","status":"publish","type":"product","link":"https:\/\/teiaeducation.ch\/de\/produkt\/kleines-vogelhaus-le-toy-van\/","title":{"rendered":"Kleines Vogelhaus &#8211; Le Toy Van"},"content":{"rendered":"<p>Das kleine Vogelh\u00e4uschen von Le Toy Van aus der Petilou-Kollektion ist ein <a href=\"https:\/\/teiaeducation.ch\/de\/produkt-kategorie\/kinder-spielzeug\/sortieren\/\">Sortier<\/a>spielzeug aus Holz in Form eines Vogelh\u00e4uschens mit 6 Teilen in verschiedenen <a href=\"https:\/\/teiaeducation.ch\/de\/produkt-kategorie\/lernthemen\/mathematik-rechnen\/formen\/\">Formen<\/a> und <a href=\"https:\/\/teiaeducation.ch\/de\/produkt-kategorie\/lernthemen\/sensorische-motorische-fertigkeiten\/farbe-lernen\/\">Farben<\/a>.<\/p>\n<p>Das helle und farbenfrohe Design f\u00f6rdert die Farberkennung und regt die Fantasie an. Die Vielfalt der Formen entwickelt <a href=\"https:\/\/teiaeducation.ch\/de\/produkt-kategorie\/lernthemen\/alphabetisierung-sprache\/lesen-lernen\/\">Vorlese<\/a>f\u00e4higkeiten durch Formenerkennung und Zuordnung und verbessert gleichzeitig die manuelle Geschicklichkeit und die Hand-Augen-Koordination.<\/p>\n<p>Das kleine Vogelh\u00e4uschen wurde 2016 mit der Goldmedaille der Junior Design Awards ausgezeichnet.<\/p>\n<p><img loading=\"lazy\" decoding=\"async\" src=\"https:\/\/cdn.shopify.com\/s\/files\/1\/0069\/2299\/3728\/files\/Awards_Junior_Design_Awards_2016_large.jpg?v=1548090194\" alt=\"\" width=\"100\" height=\"100\" \/><\/p>\n<p>Das Little Bird House ist aus strapazierf\u00e4higem, nachhaltigem Kautschukholz gefertigt, ein sicheres Spielzeug mit abgeschliffenen Kanten und mit ungiftigen Farben bemalt.<\/p>\n<p>Das kleine Vogelh\u00e4uschen von Le Toy Van ist f\u00fcr Kinder ab 12 Monaten geeignet.<\/p>\n<p>Inhalt:<\/p>\n<p>1 Vogelhaus-Formensortierer (16 x 12 x 14.5cm)<\/p>\n<h2>Uber Le Toy Van<\/h2>\n<p><a href=\"https:\/\/teiaeducation.ch\/de\/produkt-kategorie\/unsere-marken\/le-toy-van-de\/\">Le Toy Van<\/a> ist ein englisches Spielzeugunternehmen, das 1995 gegr\u00fcndet wurde und sich auf hochwertiges traditionelles <a href=\"https:\/\/teiaeducation.ch\/de\/produkt-kategorie\/kinder-spielzeug\/handgefertigtes-holzspielzeug\/\">Holzspielzeug<\/a> spezialisiert hat, das einen neuen, zeitgem\u00e4\u00dfen Stil erhalten hat.<\/p>\n<p>Alle Spielzeuge von Le Toy Van werden unter Einhaltung strenger Qualit\u00e4ts-, Sicherheits- und Nachhaltigkeitsstandards ethisch einwandfrei hergestellt, wobei nat\u00fcrliche Materialien wie nachwachsendes, glattes Kautschukholz verwendet werden. Es wurde nach den h\u00f6chsten Sicherheitsstandards getestet und entspricht den EN-71- und ASTM-Sicherheitsnormen.<\/p>\n<p>Diese innovativen und wundersch\u00f6n gestalteten Spielzeuge f\u00f6rdern das fr\u00fche Lernen durch <a href=\"https:\/\/teiaeducation.ch\/de\/produkt-kategorie\/kinder-spielzeug\/phantasievoll-rollenspiel\/\">fantasievolles Rollenspiel<\/a> und bieten zahlreiche M\u00f6glichkeiten zur <a href=\"https:\/\/teiaeducation.ch\/de\/produkt-kategorie\/lernthemen\/alphabetisierung-sprache\/\">sprachlichen<\/a> und sozialen Entwicklung sowie zur F\u00f6rderung der <a href=\"https:\/\/teiaeducation.ch\/de\/produkt-kategorie\/lernthemen\/sensorische-motorische-fertigkeiten\/motorische-fertigkeiten\/\">Feinmotorik<\/a>. Sie sind langlebig und sorgen f\u00fcr generations\u00fcbergreifenden Spielspa\u00df!<\/p>\n","protected":false},"excerpt":{"rendered":"<p>Artikelnummer: ltvpl085<\/p>\n<p>Das kleine Vogelh\u00e4uschen von Le Toy Van aus der Petilou-Kollektion ist ein Sortierspielzeug aus Holz in Form eines Vogelh\u00e4uschens mit 6 Teilen in verschiedenen Formen und Farben!<\/p>\n","protected":false},"featured_media":71127,"comment_status":"open","ping_status":"closed","template":"","meta":[],"product_brand":[],"product_cat":[21444,21670,21486,21484,22422,21464,21585,21443,21563,22362,21494,23636,21697,21678,21497,21564],"product_tag":[32161,32163,22674,32162],"class_list":{"0":"post-71126","1":"product","2":"type-product","3":"status-publish","4":"has-post-thumbnail","6":"product_cat-1-3-jahre-kleinkind","7":"product_cat-fruehjahrskollektion","8":"product_cat-geschenk-guide-1-3-jahre-kleinkind","9":"product_cat-geschenk-guides","10":"product_cat-geschenke-fuer-das-osterkoerbchen","11":"product_cat-herbstkollektion","12":"product_cat-le-toy-van-de","13":"product_cat-nach-alter","14":"product_cat-neuheiten","15":"product_cat-saisonale-kollektionen","16":"product_cat-schulbedarf-fuer-zuhause","17":"product_cat-sommer-kollektion","18":"product_cat-sortieren","19":"product_cat-kinder-spielzeug","20":"product_cat-spielen-und-lernen-fuer-babys-kleinkinder","21":"product_cat-unsere-marken","22":"product_tag-formensortierer","23":"product_tag-holzspielzeug-fur-kleinkinder","24":"product_tag-le-toy-van-de","25":"product_tag-vogelhaus-formensortierer","27":"first","28":"instock","29":"taxable","30":"shipping-taxable","31":"purchasable","32":"product-type-simple"},"yoast_head":"<!-- This site is optimized with the Yoast SEO Premium plugin v25.8 (Yoast SEO v27.4) - https:\/\/yoast.com\/product\/yoast-seo-premium-wordpress\/ -->\n<title>Kleines Vogelhaus - Le Toy Van - Teia Education &amp; Play<\/title>\n<meta name=\"description\" content=\"Das kleines Vogelhaus von Le Toy Van aus der Petilou-Kollektion ist ein Sortierspielzeug aus Holz in Form eines Vogelh\u00e4uschens mit 6 Teilen in verschiedenen Formen und Farben.\" \/>\n<meta name=\"robots\" content=\"index, follow, max-snippet:-1, max-image-preview:large, max-video-preview:-1\" \/>\n<link rel=\"canonical\" href=\"https:\/\/teiaeducation.ch\/de\/produkt\/kleines-vogelhaus-le-toy-van\/\" \/>\n<meta property=\"og:locale\" content=\"de_DE\" \/>\n<meta property=\"og:type\" content=\"article\" \/>\n<meta property=\"og:title\" content=\"Kleines Vogelhaus - Le Toy Van\" \/>\n<meta property=\"og:description\" content=\"Das kleines Vogelhaus von Le Toy Van aus der Petilou-Kollektion ist ein Sortierspielzeug aus Holz in Form eines Vogelh\u00e4uschens mit 6 Teilen in verschiedenen Formen und Farben.\" \/>\n<meta property=\"og:url\" content=\"https:\/\/teiaeducation.ch\/de\/produkt\/kleines-vogelhaus-le-toy-van\/\" \/>\n<meta property=\"og:site_name\" content=\"Sustainable Educational Products &amp; Ecological Toys\u00a0\" \/>\n<meta property=\"article:publisher\" content=\"https:\/\/www.facebook.com\/teiaeducation\/\" \/>\n<meta property=\"article:modified_time\" content=\"2025-12-11T14:33:16+00:00\" \/>\n<meta property=\"og:image\" content=\"https:\/\/teiaeducation.ch\/wp-content\/uploads\/2020\/04\/Little-Bird-House-Le-Toy-Van.jpg\" \/>\n\t<meta property=\"og:image:width\" content=\"1000\" \/>\n\t<meta property=\"og:image:height\" content=\"1000\" \/>\n\t<meta property=\"og:image:type\" content=\"image\/jpeg\" \/>\n<script type=\"application\/ld+json\" class=\"yoast-schema-graph\">{\"@context\":\"https:\\\/\\\/schema.org\",\"@graph\":[{\"@type\":\"WebPage\",\"@id\":\"https:\\\/\\\/teiaeducation.ch\\\/de\\\/produkt\\\/kleines-vogelhaus-le-toy-van\\\/\",\"url\":\"https:\\\/\\\/teiaeducation.ch\\\/de\\\/produkt\\\/kleines-vogelhaus-le-toy-van\\\/\",\"name\":\"Kleines Vogelhaus - Le Toy Van - Teia Education & Play\",\"isPartOf\":{\"@id\":\"https:\\\/\\\/teiaeducation.ch\\\/de\\\/#website\"},\"primaryImageOfPage\":{\"@id\":\"https:\\\/\\\/teiaeducation.ch\\\/de\\\/produkt\\\/kleines-vogelhaus-le-toy-van\\\/#primaryimage\"},\"image\":{\"@id\":\"https:\\\/\\\/teiaeducation.ch\\\/de\\\/produkt\\\/kleines-vogelhaus-le-toy-van\\\/#primaryimage\"},\"thumbnailUrl\":\"https:\\\/\\\/teiaeducation.ch\\\/wp-content\\\/uploads\\\/2020\\\/04\\\/Little-Bird-House-Le-Toy-Van.jpg\",\"datePublished\":\"2020-04-06T17:27:31+00:00\",\"dateModified\":\"2025-12-11T14:33:16+00:00\",\"description\":\"Das kleines Vogelhaus von Le Toy Van aus der Petilou-Kollektion ist ein Sortierspielzeug aus Holz in Form eines Vogelh\u00e4uschens mit 6 Teilen in verschiedenen Formen und Farben.\",\"breadcrumb\":{\"@id\":\"https:\\\/\\\/teiaeducation.ch\\\/de\\\/produkt\\\/kleines-vogelhaus-le-toy-van\\\/#breadcrumb\"},\"inLanguage\":\"de-CH\",\"potentialAction\":[{\"@type\":\"ReadAction\",\"target\":[\"https:\\\/\\\/teiaeducation.ch\\\/de\\\/produkt\\\/kleines-vogelhaus-le-toy-van\\\/\"]}]},{\"@type\":\"ImageObject\",\"inLanguage\":\"de-CH\",\"@id\":\"https:\\\/\\\/teiaeducation.ch\\\/de\\\/produkt\\\/kleines-vogelhaus-le-toy-van\\\/#primaryimage\",\"url\":\"https:\\\/\\\/teiaeducation.ch\\\/wp-content\\\/uploads\\\/2020\\\/04\\\/Little-Bird-House-Le-Toy-Van.jpg\",\"contentUrl\":\"https:\\\/\\\/teiaeducation.ch\\\/wp-content\\\/uploads\\\/2020\\\/04\\\/Little-Bird-House-Le-Toy-Van.jpg\",\"width\":1000,\"height\":1000,\"caption\":\"Holzspielzeug zum Sortieren von Formen Kleines Vogelhaus \u2013 Le Toy Van\"},{\"@type\":\"BreadcrumbList\",\"@id\":\"https:\\\/\\\/teiaeducation.ch\\\/de\\\/produkt\\\/kleines-vogelhaus-le-toy-van\\\/#breadcrumb\",\"itemListElement\":[{\"@type\":\"ListItem\",\"position\":1,\"name\":\"Home\",\"item\":\"https:\\\/\\\/teiaeducation.ch\\\/de\\\/\"},{\"@type\":\"ListItem\",\"position\":2,\"name\":\"Laden\",\"item\":\"https:\\\/\\\/teiaeducation.ch\\\/de\\\/shop\\\/\"},{\"@type\":\"ListItem\",\"position\":3,\"name\":\"Unsere Marken\",\"item\":\"https:\\\/\\\/teiaeducation.ch\\\/de\\\/produkt-kategorie\\\/unsere-marken\\\/\"},{\"@type\":\"ListItem\",\"position\":4,\"name\":\"Le Toy Van\",\"item\":\"https:\\\/\\\/teiaeducation.ch\\\/de\\\/produkt-kategorie\\\/unsere-marken\\\/le-toy-van-de\\\/\"},{\"@type\":\"ListItem\",\"position\":5,\"name\":\"Kleines Vogelhaus &#8211; Le Toy Van\"}]},{\"@type\":\"WebSite\",\"@id\":\"https:\\\/\\\/teiaeducation.ch\\\/de\\\/#website\",\"url\":\"https:\\\/\\\/teiaeducation.ch\\\/de\\\/\",\"name\":\"Sustainable Educational Products &amp; Ecological Toys\u00a0\",\"description\":\"Specialised Swiss shop selling sustainable educational toys and games, AMI certified Montessori materials, handmade ecological wooden Waldorf toys and arts &amp; crafts supplies, school supplies, children&#039;s furniture and Montessori reference and parenting books.\",\"publisher\":{\"@id\":\"https:\\\/\\\/teiaeducation.ch\\\/de\\\/#organization\"},\"alternateName\":\"Teia Education & Play\",\"potentialAction\":[{\"@type\":\"SearchAction\",\"target\":{\"@type\":\"EntryPoint\",\"urlTemplate\":\"https:\\\/\\\/teiaeducation.ch\\\/de\\\/?s={search_term_string}\"},\"query-input\":{\"@type\":\"PropertyValueSpecification\",\"valueRequired\":true,\"valueName\":\"search_term_string\"}}],\"inLanguage\":\"de-CH\"},{\"@type\":\"Organization\",\"@id\":\"https:\\\/\\\/teiaeducation.ch\\\/de\\\/#organization\",\"name\":\"Teia Education & Play\",\"url\":\"https:\\\/\\\/teiaeducation.ch\\\/de\\\/\",\"logo\":{\"@type\":\"ImageObject\",\"inLanguage\":\"de-CH\",\"@id\":\"https:\\\/\\\/teiaeducation.ch\\\/de\\\/#\\\/schema\\\/logo\\\/image\\\/\",\"url\":\"https:\\\/\\\/teiaeducation.ch\\\/wp-content\\\/uploads\\\/2020\\\/11\\\/Teia-Education-Switzerland-e1620156442216.jpg\",\"contentUrl\":\"https:\\\/\\\/teiaeducation.ch\\\/wp-content\\\/uploads\\\/2020\\\/11\\\/Teia-Education-Switzerland-e1620156442216.jpg\",\"width\":166,\"height\":145,\"caption\":\"Teia Education & Play\"},\"image\":{\"@id\":\"https:\\\/\\\/teiaeducation.ch\\\/de\\\/#\\\/schema\\\/logo\\\/image\\\/\"},\"sameAs\":[\"https:\\\/\\\/www.facebook.com\\\/teiaeducation\\\/\",\"https:\\\/\\\/x.com\\\/EducationTeia\",\"https:\\\/\\\/www.instagram.com\\\/teia.education\\\/\",\"https:\\\/\\\/www.linkedin.com\\\/company\\\/35501660\",\"https:\\\/\\\/www.pinterest.ch\\\/TeiaEducation\\\/\"]}]}<\/script>\n<meta property=\"product:price:amount\" content=\"34.95\" \/>\n<meta property=\"product:price:currency\" content=\"CHF\" \/>\n<meta property=\"og:availability\" content=\"instock\" \/>\n<meta property=\"product:availability\" content=\"instock\" \/>\n<meta property=\"product:retailer_item_id\" content=\"00000000000000000000000000000000000000000000024877\" \/>\n<meta property=\"product:condition\" content=\"new\" \/>\n<!-- \/ Yoast SEO Premium plugin. -->","yoast_head_json":{"title":"Kleines Vogelhaus - Le Toy Van - Teia Education & Play","description":"Das kleines Vogelhaus von Le Toy Van aus der Petilou-Kollektion ist ein Sortierspielzeug aus Holz in Form eines Vogelh\u00e4uschens mit 6 Teilen in verschiedenen Formen und Farben.","robots":{"index":"index","follow":"follow","max-snippet":"max-snippet:-1","max-image-preview":"max-image-preview:large","max-video-preview":"max-video-preview:-1"},"canonical":"https:\/\/teiaeducation.ch\/de\/produkt\/kleines-vogelhaus-le-toy-van\/","og_locale":"de_DE","og_type":"article","og_title":"Kleines Vogelhaus - Le Toy Van","og_description":"Das kleines Vogelhaus von Le Toy Van aus der Petilou-Kollektion ist ein Sortierspielzeug aus Holz in Form eines Vogelh\u00e4uschens mit 6 Teilen in verschiedenen Formen und Farben.","og_url":"https:\/\/teiaeducation.ch\/de\/produkt\/kleines-vogelhaus-le-toy-van\/","og_site_name":"Sustainable Educational Products &amp; Ecological Toys\u00a0","article_publisher":"https:\/\/www.facebook.com\/teiaeducation\/","article_modified_time":"2025-12-11T14:33:16+00:00","og_image":[{"width":1000,"height":1000,"url":"https:\/\/teiaeducation.ch\/wp-content\/uploads\/2020\/04\/Little-Bird-House-Le-Toy-Van.jpg","type":"image\/jpeg"}],"schema":{"@context":"https:\/\/schema.org","@graph":[{"@type":"WebPage","@id":"https:\/\/teiaeducation.ch\/de\/produkt\/kleines-vogelhaus-le-toy-van\/","url":"https:\/\/teiaeducation.ch\/de\/produkt\/kleines-vogelhaus-le-toy-van\/","name":"Kleines Vogelhaus - Le Toy Van - Teia Education & Play","isPartOf":{"@id":"https:\/\/teiaeducation.ch\/de\/#website"},"primaryImageOfPage":{"@id":"https:\/\/teiaeducation.ch\/de\/produkt\/kleines-vogelhaus-le-toy-van\/#primaryimage"},"image":{"@id":"https:\/\/teiaeducation.ch\/de\/produkt\/kleines-vogelhaus-le-toy-van\/#primaryimage"},"thumbnailUrl":"https:\/\/teiaeducation.ch\/wp-content\/uploads\/2020\/04\/Little-Bird-House-Le-Toy-Van.jpg","datePublished":"2020-04-06T17:27:31+00:00","dateModified":"2025-12-11T14:33:16+00:00","description":"Das kleines Vogelhaus von Le Toy Van aus der Petilou-Kollektion ist ein Sortierspielzeug aus Holz in Form eines Vogelh\u00e4uschens mit 6 Teilen in verschiedenen Formen und Farben.","breadcrumb":{"@id":"https:\/\/teiaeducation.ch\/de\/produkt\/kleines-vogelhaus-le-toy-van\/#breadcrumb"},"inLanguage":"de-CH","potentialAction":[{"@type":"ReadAction","target":["https:\/\/teiaeducation.ch\/de\/produkt\/kleines-vogelhaus-le-toy-van\/"]}]},{"@type":"ImageObject","inLanguage":"de-CH","@id":"https:\/\/teiaeducation.ch\/de\/produkt\/kleines-vogelhaus-le-toy-van\/#primaryimage","url":"https:\/\/teiaeducation.ch\/wp-content\/uploads\/2020\/04\/Little-Bird-House-Le-Toy-Van.jpg","contentUrl":"https:\/\/teiaeducation.ch\/wp-content\/uploads\/2020\/04\/Little-Bird-House-Le-Toy-Van.jpg","width":1000,"height":1000,"caption":"Holzspielzeug zum Sortieren von Formen Kleines Vogelhaus \u2013 Le Toy Van"},{"@type":"BreadcrumbList","@id":"https:\/\/teiaeducation.ch\/de\/produkt\/kleines-vogelhaus-le-toy-van\/#breadcrumb","itemListElement":[{"@type":"ListItem","position":1,"name":"Home","item":"https:\/\/teiaeducation.ch\/de\/"},{"@type":"ListItem","position":2,"name":"Laden","item":"https:\/\/teiaeducation.ch\/de\/shop\/"},{"@type":"ListItem","position":3,"name":"Unsere Marken","item":"https:\/\/teiaeducation.ch\/de\/produkt-kategorie\/unsere-marken\/"},{"@type":"ListItem","position":4,"name":"Le Toy Van","item":"https:\/\/teiaeducation.ch\/de\/produkt-kategorie\/unsere-marken\/le-toy-van-de\/"},{"@type":"ListItem","position":5,"name":"Kleines Vogelhaus &#8211; Le Toy Van"}]},{"@type":"WebSite","@id":"https:\/\/teiaeducation.ch\/de\/#website","url":"https:\/\/teiaeducation.ch\/de\/","name":"Sustainable Educational Products &amp; Ecological Toys\u00a0","description":"Specialised Swiss shop selling sustainable educational toys and games, AMI certified Montessori materials, handmade ecological wooden Waldorf toys and arts &amp; crafts supplies, school supplies, children&#039;s furniture and Montessori reference and parenting books.","publisher":{"@id":"https:\/\/teiaeducation.ch\/de\/#organization"},"alternateName":"Teia Education & Play","potentialAction":[{"@type":"SearchAction","target":{"@type":"EntryPoint","urlTemplate":"https:\/\/teiaeducation.ch\/de\/?s={search_term_string}"},"query-input":{"@type":"PropertyValueSpecification","valueRequired":true,"valueName":"search_term_string"}}],"inLanguage":"de-CH"},{"@type":"Organization","@id":"https:\/\/teiaeducation.ch\/de\/#organization","name":"Teia Education & Play","url":"https:\/\/teiaeducation.ch\/de\/","logo":{"@type":"ImageObject","inLanguage":"de-CH","@id":"https:\/\/teiaeducation.ch\/de\/#\/schema\/logo\/image\/","url":"https:\/\/teiaeducation.ch\/wp-content\/uploads\/2020\/11\/Teia-Education-Switzerland-e1620156442216.jpg","contentUrl":"https:\/\/teiaeducation.ch\/wp-content\/uploads\/2020\/11\/Teia-Education-Switzerland-e1620156442216.jpg","width":166,"height":145,"caption":"Teia Education & Play"},"image":{"@id":"https:\/\/teiaeducation.ch\/de\/#\/schema\/logo\/image\/"},"sameAs":["https:\/\/www.facebook.com\/teiaeducation\/","https:\/\/x.com\/EducationTeia","https:\/\/www.instagram.com\/teia.education\/","https:\/\/www.linkedin.com\/company\/35501660","https:\/\/www.pinterest.ch\/TeiaEducation\/"]}]},"product_price_amount":"34.95","product_price_currency":"CHF","og_availability":"instock","product_availability":"instock","product_retailer_item_id":"00000000000000000000000000000000000000000000024877","product_condition":"new"},"_links":{"self":[{"href":"https:\/\/teiaeducation.ch\/de\/wp-json\/wp\/v2\/product\/71126","targetHints":{"allow":["GET"]}}],"collection":[{"href":"https:\/\/teiaeducation.ch\/de\/wp-json\/wp\/v2\/product"}],"about":[{"href":"https:\/\/teiaeducation.ch\/de\/wp-json\/wp\/v2\/types\/product"}],"replies":[{"embeddable":true,"href":"https:\/\/teiaeducation.ch\/de\/wp-json\/wp\/v2\/comments?post=71126"}],"wp:featuredmedia":[{"embeddable":true,"href":"https:\/\/teiaeducation.ch\/de\/wp-json\/wp\/v2\/media\/71127"}],"wp:attachment":[{"href":"https:\/\/teiaeducation.ch\/de\/wp-json\/wp\/v2\/media?parent=71126"}],"wp:term":[{"taxonomy":"product_brand","embeddable":true,"href":"https:\/\/teiaeducation.ch\/de\/wp-json\/wp\/v2\/product_brand?post=71126"},{"taxonomy":"product_cat","embeddable":true,"href":"https:\/\/teiaeducation.ch\/de\/wp-json\/wp\/v2\/product_cat?post=71126"},{"taxonomy":"product_tag","embeddable":true,"href":"https:\/\/teiaeducation.ch\/de\/wp-json\/wp\/v2\/product_tag?post=71126"}],"curies":[{"name":"wp","href":"https:\/\/api.w.org\/{rel}","templated":true}]}}