{"id":71300,"date":"2023-02-27T14:30:49","date_gmt":"2023-02-27T13:30:49","guid":{"rendered":"https:\/\/teiaeducation.ch\/product\/match-a-track-ein-zuordnungsspiel-mit-tieren-und-ihren-pfotenabdruecken-laurence-king\/"},"modified":"2025-09-27T14:40:51","modified_gmt":"2025-09-27T12:40:51","slug":"match-a-track-ein-zuordnungsspiel-mit-tieren-und-ihren-pfotenabdruecken-laurence-king","status":"publish","type":"product","link":"https:\/\/teiaeducation.ch\/de\/produkt\/match-a-track-ein-zuordnungsspiel-mit-tieren-und-ihren-pfotenabdruecken-laurence-king\/","title":{"rendered":"Match a track: Ein Zuordnungsspiel mit Tieren und ihren Pfotenabdr\u00fccken \u2013 Laurence King"},"content":{"rendered":"<p>Match a track: Ein Zuordnungsspiel mit <a href=\"https:\/\/teiaeducation.ch\/de\/produkt-kategorie\/lernthemen\/kultur-wissenschaft\/tiergeographie-zoologie\/\">Tieren<\/a> und ihren Pfotenabdr\u00fccken ist ein bezauberndes Spiel zum Thema Tiere, das f\u00fcr die ganze Familie geeignet ist! Ordnen Sie in diesem wundersch\u00f6n illustrierten Zuordnungsspiel des Aquarellmalers Marcel George <span class=\"s1\">f\u00fcr<\/span> Laurence King die Pfotenabdr\u00fccke 25 Tierarten aus aller Welt zu. <\/p>\n<p>Zeigen Sie Ihre besten F\u00e4higkeiten im Aufsp\u00fcren von Tieren in diesem brillanten Zuordnungsspiel. Die Aufgabe besteht darin, 25 Spuren ihren jeweiligen Tierbesitzern zuzuordnen. Ist gerade ein Elefant Ihren Weg gekreuzt oder war es ein Ameisenigel? K\u00f6nnen Sie einen Kojoten aufsp\u00fcren, die Spur eines Pfaus erkennen und den Pfotenabdruck eines Pandas identifizieren? Schlagen Sie Ihre Gegner, indem Sie so viele Zuordnungen wie m\u00f6glich vornehmen!<br \/>\u00dcbersetzt mit DeepL.com (kostenlose Version)    <\/p>\n<p>Dieses Spiel enth\u00e4lt eine F\u00fclle wundersch\u00f6ner Illustrationen aus der Naturkunde und umfasst eine Anleitung sowie ein Referenzheft mit weiteren Informationen zu jeder der im Zuordnungsspiel vorkommenden Tierarten.<\/p>\n<p>Kombinieren Sie das Zuordnungsspiel mit den Nienhuis Montessori-<a href=\"https:\/\/teiaeducation.ch\/de\/produkt\/tiere-aus-aller-welt-englisch-nienhuis-montessori\/\">Tieren der Welt<\/a> und der <a href=\"https:\/\/teiaeducation.ch\/produkt\/the-animal-continent-box-nienhuis-montessori\/\">Tierkontinent<\/a>-Box f\u00fcr einen abgerundeten Unterrichtsplan zum Thema Tiere!<\/p>\n<p class=\"p1\"><a href=\"https:\/\/marcelgeorgeillustration.co.uk\">Marcel George<\/a> ist ein zeitgen\u00f6ssischer freiberuflicher Aquarellillustrator und Designer und hat Arbeiten f\u00fcr Kunden wie die Financial Times, Esquire, den Wellcome Trust und Bloomberg angefertigt. Er studierte Illustration an der Universit\u00e4t Brighton und schloss sein Studium 2010 ab. Derzeit lebt er in London.  <\/p>\n<p>Das <a href=\"https:\/\/teiaeducation.ch\/de\/produkt-kategorie\/unsere-marken\/laurence-king-buecher\/\">Laurence King<\/a> Match a Track: Ein Zuordnungsspiel ist f\u00fcr Kinder ab 4 Jahren geeignet.<\/p>\n<p>Inhalt:<\/p>\n<p>1 Abgleig-Spiel mit 50 Karten in einer Box (14,5 x 10 cm)<br \/>\nAnleitung<br \/>\nReferenzheft<\/p>\n","protected":false},"excerpt":{"rendered":"<p>Artikelnummer: 20255083<\/p>\n<p>Ordnen Sie in diesem wundersch\u00f6n illustrierten Zuordnungsspiel von Marcel George die Pfotenabdr\u00fccke 25 Tierarten aus aller Welt zu!<\/p>\n","protected":false},"featured_media":71304,"comment_status":"open","ping_status":"closed","template":"","meta":[],"product_brand":[],"product_cat":[21445,21446,21500,21524,21479,21491,21682,21464,21466,21525,21510,21586,21509,21499,21443,21470,21689,21563,22362,21494,21496,21678,21511,21564],"product_tag":[32184,32185,32186,32183],"class_list":{"0":"post-71300","1":"product","2":"type-product","3":"status-publish","4":"has-post-thumbnail","6":"product_cat-3-6-jahre-vorschule","7":"product_cat-6-12-jahre-grundschule","8":"product_cat-aktivitaetssets","9":"product_cat-alphabetisierung-sprache","10":"product_cat-lernmaterialien-spielzeug-montessori-waldorf-steiner-froebel","11":"product_cat-geschenk-guide-lerngeschenke","12":"product_cat-gesellschaftsspiele-spielen","13":"product_cat-herbstkollektion","14":"product_cat-kinderbuecher","15":"product_cat-klassifizierung","16":"product_cat-kultur-wissenschaft","17":"product_cat-laurence-king-buecher","18":"product_cat-lernthemen","19":"product_cat-lernunterstuetzung","20":"product_cat-nach-alter","21":"product_cat-naturbuecher","22":"product_cat-naturspiel","23":"product_cat-neuheiten","24":"product_cat-saisonale-kollektionen","25":"product_cat-schulbedarf-fuer-zuhause","26":"product_cat-schulbedarf-fuer-zuhause-6-12-jahre","27":"product_cat-kinder-spielzeug","28":"product_cat-tiergeographie-zoologie","29":"product_cat-unsere-marken","30":"product_tag-laurence-king-schmetterlings-abgleig-spiel","31":"product_tag-marcel-george-de","32":"product_tag-marcel-george-match-a-track-de","33":"product_tag-schmetterlingsflugel-abgleig-spiel","35":"first","36":"instock","37":"taxable","38":"shipping-taxable","39":"purchasable","40":"product-type-simple"},"yoast_head":"<!-- This site is optimized with the Yoast SEO plugin v27.1.1 - https:\/\/yoast.com\/product\/yoast-seo-wordpress\/ -->\n<title>Ein Spiel zum Zuordnen von Spuren Ein Zuordnungsspiel: Tiere und ihre Pfotenabdr\u00fccke<\/title>\n<meta name=\"description\" content=\"Ordnen Sie in diesem wundersch\u00f6n illustrierten Spiel von Marcel George die Pfotenabdr\u00fccke 25 Tierarten aus aller Welt zu!\" \/>\n<meta name=\"robots\" content=\"index, follow, max-snippet:-1, max-image-preview:large, max-video-preview:-1\" \/>\n<link rel=\"canonical\" href=\"https:\/\/teiaeducation.ch\/de\/produkt\/match-a-track-ein-zuordnungsspiel-mit-tieren-und-ihren-pfotenabdruecken-laurence-king\/\" \/>\n<meta property=\"og:locale\" content=\"de_DE\" \/>\n<meta property=\"og:type\" content=\"article\" \/>\n<meta property=\"og:title\" content=\"Ein Spiel zum Zuordnen von Spuren Ein Zuordnungsspiel: Tiere und ihre Pfotenabdr\u00fccke\" \/>\n<meta property=\"og:description\" content=\"Ordnen Sie in diesem wundersch\u00f6n illustrierten Spiel von Marcel George die Pfotenabdr\u00fccke 25 Tierarten aus aller Welt zu!\" \/>\n<meta property=\"og:url\" content=\"https:\/\/teiaeducation.ch\/de\/produkt\/match-a-track-ein-zuordnungsspiel-mit-tieren-und-ihren-pfotenabdruecken-laurence-king\/\" \/>\n<meta property=\"og:site_name\" content=\"Sustainable Educational Products &amp; Ecological Toys\u00a0\" \/>\n<meta property=\"article:publisher\" content=\"https:\/\/www.facebook.com\/teiaeducation\/\" \/>\n<meta property=\"article:modified_time\" content=\"2025-09-27T12:40:51+00:00\" \/>\n<meta property=\"og:image\" content=\"https:\/\/teiaeducation.ch\/wp-content\/uploads\/2021\/05\/Match-a-track-A-Matching-Game-animals-and-their-paw-prints-1.jpg\" \/>\n\t<meta property=\"og:image:width\" content=\"1024\" \/>\n\t<meta property=\"og:image:height\" content=\"1024\" \/>\n\t<meta property=\"og:image:type\" content=\"image\/jpeg\" \/>\n<script type=\"application\/ld+json\" class=\"yoast-schema-graph\">{\"@context\":\"https:\/\/schema.org\",\"@graph\":[{\"@type\":\"WebPage\",\"@id\":\"https:\/\/teiaeducation.ch\/de\/produkt\/match-a-track-ein-zuordnungsspiel-mit-tieren-und-ihren-pfotenabdruecken-laurence-king\/\",\"url\":\"https:\/\/teiaeducation.ch\/de\/produkt\/match-a-track-ein-zuordnungsspiel-mit-tieren-und-ihren-pfotenabdruecken-laurence-king\/\",\"name\":\"Ein Spiel zum Zuordnen von Spuren Ein Zuordnungsspiel: Tiere und ihre Pfotenabdr\u00fccke\",\"isPartOf\":{\"@id\":\"https:\/\/teiaeducation.ch\/de\/#website\"},\"primaryImageOfPage\":{\"@id\":\"https:\/\/teiaeducation.ch\/de\/produkt\/match-a-track-ein-zuordnungsspiel-mit-tieren-und-ihren-pfotenabdruecken-laurence-king\/#primaryimage\"},\"image\":{\"@id\":\"https:\/\/teiaeducation.ch\/de\/produkt\/match-a-track-ein-zuordnungsspiel-mit-tieren-und-ihren-pfotenabdruecken-laurence-king\/#primaryimage\"},\"thumbnailUrl\":\"https:\/\/teiaeducation.ch\/wp-content\/uploads\/2021\/05\/Match-a-track-A-Matching-Game-animals-and-their-paw-prints-1.jpg\",\"datePublished\":\"2023-02-27T13:30:49+00:00\",\"dateModified\":\"2025-09-27T12:40:51+00:00\",\"description\":\"Ordnen Sie in diesem wundersch\u00f6n illustrierten Spiel von Marcel George die Pfotenabdr\u00fccke 25 Tierarten aus aller Welt zu!\",\"breadcrumb\":{\"@id\":\"https:\/\/teiaeducation.ch\/de\/produkt\/match-a-track-ein-zuordnungsspiel-mit-tieren-und-ihren-pfotenabdruecken-laurence-king\/#breadcrumb\"},\"inLanguage\":\"de-CH\",\"potentialAction\":[{\"@type\":\"ReadAction\",\"target\":[\"https:\/\/teiaeducation.ch\/de\/produkt\/match-a-track-ein-zuordnungsspiel-mit-tieren-und-ihren-pfotenabdruecken-laurence-king\/\"]}]},{\"@type\":\"ImageObject\",\"inLanguage\":\"de-CH\",\"@id\":\"https:\/\/teiaeducation.ch\/de\/produkt\/match-a-track-ein-zuordnungsspiel-mit-tieren-und-ihren-pfotenabdruecken-laurence-king\/#primaryimage\",\"url\":\"https:\/\/teiaeducation.ch\/wp-content\/uploads\/2021\/05\/Match-a-track-A-Matching-Game-animals-and-their-paw-prints-1.jpg\",\"contentUrl\":\"https:\/\/teiaeducation.ch\/wp-content\/uploads\/2021\/05\/Match-a-track-A-Matching-Game-animals-and-their-paw-prints-1.jpg\",\"width\":1024,\"height\":1024,\"caption\":\"Ein Spiel zum Zuordnen von Spuren Ein Zuordnungsspiel: Tiere und ihre Pfotenabdr\u00fccke\"},{\"@type\":\"BreadcrumbList\",\"@id\":\"https:\/\/teiaeducation.ch\/de\/produkt\/match-a-track-ein-zuordnungsspiel-mit-tieren-und-ihren-pfotenabdruecken-laurence-king\/#breadcrumb\",\"itemListElement\":[{\"@type\":\"ListItem\",\"position\":1,\"name\":\"Home\",\"item\":\"https:\/\/teiaeducation.ch\/de\/\"},{\"@type\":\"ListItem\",\"position\":2,\"name\":\"Laden\",\"item\":\"https:\/\/teiaeducation.ch\/de\/shop\/\"},{\"@type\":\"ListItem\",\"position\":3,\"name\":\"Match a track: Ein Zuordnungsspiel mit Tieren und ihren Pfotenabdr\u00fccken \u2013 Laurence King\"}]},{\"@type\":\"WebSite\",\"@id\":\"https:\/\/teiaeducation.ch\/de\/#website\",\"url\":\"https:\/\/teiaeducation.ch\/de\/\",\"name\":\"Sustainable Educational Products &amp; Ecological Toys\u00a0\",\"description\":\"Specialised Swiss shop selling sustainable educational toys and games, AMI certified Montessori materials, handmade ecological wooden Waldorf toys and arts &amp; crafts supplies, school supplies, children&#039;s furniture and Montessori reference and parenting books.\",\"publisher\":{\"@id\":\"https:\/\/teiaeducation.ch\/de\/#organization\"},\"alternateName\":\"Teia Education & Play\",\"potentialAction\":[{\"@type\":\"SearchAction\",\"target\":{\"@type\":\"EntryPoint\",\"urlTemplate\":\"https:\/\/teiaeducation.ch\/de\/?s={search_term_string}\"},\"query-input\":{\"@type\":\"PropertyValueSpecification\",\"valueRequired\":true,\"valueName\":\"search_term_string\"}}],\"inLanguage\":\"de-CH\"},{\"@type\":\"Organization\",\"@id\":\"https:\/\/teiaeducation.ch\/de\/#organization\",\"name\":\"Teia Education & Play\",\"url\":\"https:\/\/teiaeducation.ch\/de\/\",\"logo\":{\"@type\":\"ImageObject\",\"inLanguage\":\"de-CH\",\"@id\":\"https:\/\/teiaeducation.ch\/de\/#\/schema\/logo\/image\/\",\"url\":\"https:\/\/teiaeducation.ch\/wp-content\/uploads\/2020\/11\/Teia-Education-Switzerland-e1620156442216.jpg\",\"contentUrl\":\"https:\/\/teiaeducation.ch\/wp-content\/uploads\/2020\/11\/Teia-Education-Switzerland-e1620156442216.jpg\",\"width\":166,\"height\":145,\"caption\":\"Teia Education & Play\"},\"image\":{\"@id\":\"https:\/\/teiaeducation.ch\/de\/#\/schema\/logo\/image\/\"},\"sameAs\":[\"https:\/\/www.facebook.com\/teiaeducation\/\",\"https:\/\/x.com\/EducationTeia\",\"https:\/\/www.instagram.com\/teia.education\/\",\"https:\/\/www.linkedin.com\/company\/35501660\",\"https:\/\/www.pinterest.ch\/TeiaEducation\/\"]}]}<\/script>\n<!-- \/ Yoast SEO plugin. -->","yoast_head_json":{"title":"Ein Spiel zum Zuordnen von Spuren Ein Zuordnungsspiel: Tiere und ihre Pfotenabdr\u00fccke","description":"Ordnen Sie in diesem wundersch\u00f6n illustrierten Spiel von Marcel George die Pfotenabdr\u00fccke 25 Tierarten aus aller Welt zu!","robots":{"index":"index","follow":"follow","max-snippet":"max-snippet:-1","max-image-preview":"max-image-preview:large","max-video-preview":"max-video-preview:-1"},"canonical":"https:\/\/teiaeducation.ch\/de\/produkt\/match-a-track-ein-zuordnungsspiel-mit-tieren-und-ihren-pfotenabdruecken-laurence-king\/","og_locale":"de_DE","og_type":"article","og_title":"Ein Spiel zum Zuordnen von Spuren Ein Zuordnungsspiel: Tiere und ihre Pfotenabdr\u00fccke","og_description":"Ordnen Sie in diesem wundersch\u00f6n illustrierten Spiel von Marcel George die Pfotenabdr\u00fccke 25 Tierarten aus aller Welt zu!","og_url":"https:\/\/teiaeducation.ch\/de\/produkt\/match-a-track-ein-zuordnungsspiel-mit-tieren-und-ihren-pfotenabdruecken-laurence-king\/","og_site_name":"Sustainable Educational Products &amp; Ecological Toys\u00a0","article_publisher":"https:\/\/www.facebook.com\/teiaeducation\/","article_modified_time":"2025-09-27T12:40:51+00:00","og_image":[{"width":1024,"height":1024,"url":"https:\/\/teiaeducation.ch\/wp-content\/uploads\/2021\/05\/Match-a-track-A-Matching-Game-animals-and-their-paw-prints-1.jpg","type":"image\/jpeg"}],"schema":{"@context":"https:\/\/schema.org","@graph":[{"@type":"WebPage","@id":"https:\/\/teiaeducation.ch\/de\/produkt\/match-a-track-ein-zuordnungsspiel-mit-tieren-und-ihren-pfotenabdruecken-laurence-king\/","url":"https:\/\/teiaeducation.ch\/de\/produkt\/match-a-track-ein-zuordnungsspiel-mit-tieren-und-ihren-pfotenabdruecken-laurence-king\/","name":"Ein Spiel zum Zuordnen von Spuren Ein Zuordnungsspiel: Tiere und ihre Pfotenabdr\u00fccke","isPartOf":{"@id":"https:\/\/teiaeducation.ch\/de\/#website"},"primaryImageOfPage":{"@id":"https:\/\/teiaeducation.ch\/de\/produkt\/match-a-track-ein-zuordnungsspiel-mit-tieren-und-ihren-pfotenabdruecken-laurence-king\/#primaryimage"},"image":{"@id":"https:\/\/teiaeducation.ch\/de\/produkt\/match-a-track-ein-zuordnungsspiel-mit-tieren-und-ihren-pfotenabdruecken-laurence-king\/#primaryimage"},"thumbnailUrl":"https:\/\/teiaeducation.ch\/wp-content\/uploads\/2021\/05\/Match-a-track-A-Matching-Game-animals-and-their-paw-prints-1.jpg","datePublished":"2023-02-27T13:30:49+00:00","dateModified":"2025-09-27T12:40:51+00:00","description":"Ordnen Sie in diesem wundersch\u00f6n illustrierten Spiel von Marcel George die Pfotenabdr\u00fccke 25 Tierarten aus aller Welt zu!","breadcrumb":{"@id":"https:\/\/teiaeducation.ch\/de\/produkt\/match-a-track-ein-zuordnungsspiel-mit-tieren-und-ihren-pfotenabdruecken-laurence-king\/#breadcrumb"},"inLanguage":"de-CH","potentialAction":[{"@type":"ReadAction","target":["https:\/\/teiaeducation.ch\/de\/produkt\/match-a-track-ein-zuordnungsspiel-mit-tieren-und-ihren-pfotenabdruecken-laurence-king\/"]}]},{"@type":"ImageObject","inLanguage":"de-CH","@id":"https:\/\/teiaeducation.ch\/de\/produkt\/match-a-track-ein-zuordnungsspiel-mit-tieren-und-ihren-pfotenabdruecken-laurence-king\/#primaryimage","url":"https:\/\/teiaeducation.ch\/wp-content\/uploads\/2021\/05\/Match-a-track-A-Matching-Game-animals-and-their-paw-prints-1.jpg","contentUrl":"https:\/\/teiaeducation.ch\/wp-content\/uploads\/2021\/05\/Match-a-track-A-Matching-Game-animals-and-their-paw-prints-1.jpg","width":1024,"height":1024,"caption":"Ein Spiel zum Zuordnen von Spuren Ein Zuordnungsspiel: Tiere und ihre Pfotenabdr\u00fccke"},{"@type":"BreadcrumbList","@id":"https:\/\/teiaeducation.ch\/de\/produkt\/match-a-track-ein-zuordnungsspiel-mit-tieren-und-ihren-pfotenabdruecken-laurence-king\/#breadcrumb","itemListElement":[{"@type":"ListItem","position":1,"name":"Home","item":"https:\/\/teiaeducation.ch\/de\/"},{"@type":"ListItem","position":2,"name":"Laden","item":"https:\/\/teiaeducation.ch\/de\/shop\/"},{"@type":"ListItem","position":3,"name":"Match a track: Ein Zuordnungsspiel mit Tieren und ihren Pfotenabdr\u00fccken \u2013 Laurence King"}]},{"@type":"WebSite","@id":"https:\/\/teiaeducation.ch\/de\/#website","url":"https:\/\/teiaeducation.ch\/de\/","name":"Sustainable Educational Products &amp; Ecological Toys\u00a0","description":"Specialised Swiss shop selling sustainable educational toys and games, AMI certified Montessori materials, handmade ecological wooden Waldorf toys and arts &amp; crafts supplies, school supplies, children&#039;s furniture and Montessori reference and parenting books.","publisher":{"@id":"https:\/\/teiaeducation.ch\/de\/#organization"},"alternateName":"Teia Education & Play","potentialAction":[{"@type":"SearchAction","target":{"@type":"EntryPoint","urlTemplate":"https:\/\/teiaeducation.ch\/de\/?s={search_term_string}"},"query-input":{"@type":"PropertyValueSpecification","valueRequired":true,"valueName":"search_term_string"}}],"inLanguage":"de-CH"},{"@type":"Organization","@id":"https:\/\/teiaeducation.ch\/de\/#organization","name":"Teia Education & Play","url":"https:\/\/teiaeducation.ch\/de\/","logo":{"@type":"ImageObject","inLanguage":"de-CH","@id":"https:\/\/teiaeducation.ch\/de\/#\/schema\/logo\/image\/","url":"https:\/\/teiaeducation.ch\/wp-content\/uploads\/2020\/11\/Teia-Education-Switzerland-e1620156442216.jpg","contentUrl":"https:\/\/teiaeducation.ch\/wp-content\/uploads\/2020\/11\/Teia-Education-Switzerland-e1620156442216.jpg","width":166,"height":145,"caption":"Teia Education & Play"},"image":{"@id":"https:\/\/teiaeducation.ch\/de\/#\/schema\/logo\/image\/"},"sameAs":["https:\/\/www.facebook.com\/teiaeducation\/","https:\/\/x.com\/EducationTeia","https:\/\/www.instagram.com\/teia.education\/","https:\/\/www.linkedin.com\/company\/35501660","https:\/\/www.pinterest.ch\/TeiaEducation\/"]}]}},"_links":{"self":[{"href":"https:\/\/teiaeducation.ch\/de\/wp-json\/wp\/v2\/product\/71300","targetHints":{"allow":["GET"]}}],"collection":[{"href":"https:\/\/teiaeducation.ch\/de\/wp-json\/wp\/v2\/product"}],"about":[{"href":"https:\/\/teiaeducation.ch\/de\/wp-json\/wp\/v2\/types\/product"}],"replies":[{"embeddable":true,"href":"https:\/\/teiaeducation.ch\/de\/wp-json\/wp\/v2\/comments?post=71300"}],"wp:featuredmedia":[{"embeddable":true,"href":"https:\/\/teiaeducation.ch\/de\/wp-json\/wp\/v2\/media\/71304"}],"wp:attachment":[{"href":"https:\/\/teiaeducation.ch\/de\/wp-json\/wp\/v2\/media?parent=71300"}],"wp:term":[{"taxonomy":"product_brand","embeddable":true,"href":"https:\/\/teiaeducation.ch\/de\/wp-json\/wp\/v2\/product_brand?post=71300"},{"taxonomy":"product_cat","embeddable":true,"href":"https:\/\/teiaeducation.ch\/de\/wp-json\/wp\/v2\/product_cat?post=71300"},{"taxonomy":"product_tag","embeddable":true,"href":"https:\/\/teiaeducation.ch\/de\/wp-json\/wp\/v2\/product_tag?post=71300"}],"curies":[{"name":"wp","href":"https:\/\/api.w.org\/{rel}","templated":true}]}}