{"id":71305,"date":"2021-07-03T08:54:33","date_gmt":"2021-07-03T06:54:33","guid":{"rendered":"https:\/\/teiaeducation.ch\/product\/glocken-begleitmaterialien-set-nienhuis-montessori\/"},"modified":"2025-09-27T14:47:36","modified_gmt":"2025-09-27T12:47:36","slug":"glocken-begleitmaterialien-set-nienhuis-montessori","status":"publish","type":"product","link":"https:\/\/teiaeducation.ch\/de\/produkt\/glocken-begleitmaterialien-set-nienhuis-montessori\/","title":{"rendered":"Glocken-Begleitmaterialien-Set \u2013 Nienhuis Montessori"},"content":{"rendered":"<p>Glocken-Begleitmaterialien ist ein komplettes Set an zus\u00e4tzlichem Lernmaterial f\u00fcr die Nienhuis Montessori-Glocken, die ein wichtiges Hilfsmittel f\u00fcr das Erlernen von <a href=\"https:\/\/teiaeducation.ch\/de\/produkt-kategorie\/unsere-marken\/nienhuis-montessori-schweiz\/musik-material-nienhuis-montessori\/\">Musik<\/a> in jeder vorbereiteten Montessori-Umgebung sind, egal ob zu Hause oder in der <a href=\"https:\/\/teiaeducation.ch\/school-supplies-switzerland\/montessori-schools-switzerland\/\">Schule<\/a>!<\/p>\n<p>Dieses Set enth\u00e4lt Karten mit gedruckten Tonleitermustern, Nomenklaturkarten, Bewertungskarten, Beschreibungskarten, Kontrollstreifen und Brosch\u00fcren zur Verwendung mit dem Buch \u201e<a href=\"https:\/\/teiaeducation.ch\/produkt\/montessori-music-sensorial-exploration-and-notation-with-the-bells-jean-k-miller-ph-d\/\">Sensorische Erkundung und Notation mit Glocken<\/a>\u201c.<\/p>\n<p>Das Erlernen von Musik \u00e4hnelt dem Erlernen einer <a href=\"https:\/\/teiaeducation.ch\/de\/produkt-kategorie\/unsere-marken\/nienhuis-montessori-schweiz\/sprache-nienhuis-montessori\/\">Sprache<\/a> und ist ein unverzichtbarer Bestandteil des Montessori-Lehrplans. Musik hat ihre eigenen Kl\u00e4nge und Symbole sowie ihre eigene pr\u00e4zise Terminologie. In der Grundschulklasse erhalt das Kind zusatzlich zu den musikalischen Ausdrucksmoglichkeiten auch Unterricht in der Musikterminologie.<\/p>\n<p>Dieses Montessori Material ist f\u00fcr Kinder im Alter von 3-6 Jahren geeignet.<\/p>\n<p>Inhalt:<\/p>\n<p>Karten mit Dur-Tonleitern<br \/>\nNomenklaturkarten<br \/>\nBewertungskarten<br \/>\nBeschreibungskarten<br \/>\nKontrollstreifen<br \/>\nHefte<\/p>\n<p><em>We currently do not have this item in stock, but it is available on pre-order. We will order this item for you from our supplier. Due to importation from the European Union to Switzerland please allow 2 to maximum 3 weeks for delivery. <\/em><\/p>\n\t<div id=\"gap-628810683\" class=\"gap-element clearfix\" style=\"display:block; height:auto;\">\n\t\t\n<style>\n#gap-628810683 {\n  padding-top: 20px;\n}\n<\/style>\n\t<\/div>\n\t\n<h2>\u00dcber Nienhuis Montessori<\/h2>\n<p>Die niederl\u00e4ndische Marke <a href=\"https:\/\/teiaeducation.ch\/de\/produkt-kategorie\/unsere-marken\/nienhuis-montessori-schweiz\/\">Nienhuis Montessori<\/a> ist die weltweit f\u00fchrende <a href=\"https:\/\/teiaeducation.ch\/de\/was-ist-die-montessori-paedagogik\/\">Montessori<\/a>-Marke, die das Erbe von Maria Montessori ehrt und fortf\u00fchrt und das breiteste und innovativste Sortiment an Original-Montessori-Materialien, &#8211;<a href=\"https:\/\/teiaeducation.ch\/de\/produkt-kategorie\/klassenzimmer-essenzien\/montessori-mobel\/\">M\u00f6beln<\/a> und <a href=\"https:\/\/teiaeducation.ch\/de\/produkt-kategorie\/unsere-marken\/nienhuis-montessori-schweiz\/curriculum-erganzung-nienhuis-montessori\/\">verwandten Produkten<\/a> herstellt. Die hochwertigen Nienhuis Montessori Produkte geben den Kindern die Werkzeuge, die sie brauchen, um Unabhangig und kritisch zu denken.<\/p>\n<p>Alle Nienhuis Montessori Materialien sind vom Materialkomitee der Association Montessori Internationale (<a href=\"https:\/\/montessori-ami.org\/\">AMI<\/a>) zertifiziert und werden sorgf\u00e4ltig hergestellt, um Schwierigkeiten zu isolieren, so dass die Kinder sich konzentrieren, lernen und sich entwickeln k\u00f6nnen.<\/p>\n<p>Nienhuis Montessori ist eine der Marken des Niederlandischen Unternehmens Heutink International, das weltweit die besten pedagogischen Marken anbietet, die auf <a href=\"https:\/\/teiaeducation.ch\/de\/produkt-kategorie\/kinder-spielzeug\/\">spielerisches<\/a> Lernen ausgerichtet sind.<\/p>\n","protected":false},"excerpt":{"rendered":"<p>Artikelnummer: 568200<\/p>\n<p>Glocken-Begleitmaterialien ist ein komplettes Set an zus\u00e4tzlichem Lernmaterial f\u00fcr die Nienhuis Montessori-Glocken, die ein wichtiges Hilfsmittel f\u00fcr das Erlernen von Musik sind!<\/p>\n","protected":false},"featured_media":71306,"comment_status":"open","ping_status":"closed","template":"","meta":[],"product_brand":[],"product_cat":[21445,21500,21479,21509,21499,21481,21560,21653,21443,21572,21557,21564],"product_tag":[26088,32187,32188,23108,23107,22981,26034],"class_list":{"0":"post-71305","1":"product","2":"type-product","3":"status-publish","4":"has-post-thumbnail","6":"product_cat-3-6-jahre-vorschule","7":"product_cat-aktivitaetssets","8":"product_cat-lernmaterialien-spielzeug-montessori-waldorf-steiner-froebel","9":"product_cat-lernthemen","10":"product_cat-lernunterstuetzung","11":"product_cat-montessori-paedagogik-material-spielzeug","12":"product_cat-musik","13":"product_cat-musik-material-nienhuis-montessori","14":"product_cat-nach-alter","15":"product_cat-nienhuis-montessori-schweiz","16":"product_cat-sensorische-motorische-fertigkeiten","17":"product_cat-unsere-marken","18":"product_tag-gehorsinn","19":"product_tag-glocken-begleitmaterialien-set","20":"product_tag-glocken-begleitmaterialien-set-nienhuis-montessori","21":"product_tag-montessori-kleinkind-3-6","22":"product_tag-montessori-sinnesmaterial-de","23":"product_tag-nienhuis-montessori-de","24":"product_tag-unterstutzung-des-lehrplans","26":"first","27":"onbackorder","28":"taxable","29":"shipping-taxable","30":"purchasable","31":"product-type-simple"},"yoast_head":"<!-- This site is optimized with the Yoast SEO plugin v27.1.1 - https:\/\/yoast.com\/product\/yoast-seo-wordpress\/ -->\n<title>Glocken-Begleitmaterialien-Set \u2013 Nienhuis Montessori<\/title>\n<meta name=\"description\" content=\"Glocken-Begleitmaterialien ist ein komplettes Set an zus\u00e4tzlichem Lernmaterial f\u00fcr die Nienhuis Montessori-Glocken, die ein wichtiges Hilfsmittel f\u00fcr das Erlernen von Musik sind.\" \/>\n<meta name=\"robots\" content=\"index, follow, max-snippet:-1, max-image-preview:large, max-video-preview:-1\" \/>\n<link rel=\"canonical\" href=\"https:\/\/teiaeducation.ch\/de\/produkt\/glocken-begleitmaterialien-set-nienhuis-montessori\/\" \/>\n<meta property=\"og:locale\" content=\"de_DE\" \/>\n<meta property=\"og:type\" content=\"article\" \/>\n<meta property=\"og:title\" content=\"Glocken-Begleitmaterialien-Set \u2013 Nienhuis Montessori\" \/>\n<meta property=\"og:description\" content=\"Glocken-Begleitmaterialien ist ein komplettes Set an zus\u00e4tzlichem Lernmaterial f\u00fcr die Nienhuis Montessori-Glocken, die ein wichtiges Hilfsmittel f\u00fcr das Erlernen von Musik sind.\" \/>\n<meta property=\"og:url\" content=\"https:\/\/teiaeducation.ch\/de\/produkt\/glocken-begleitmaterialien-set-nienhuis-montessori\/\" \/>\n<meta property=\"og:site_name\" content=\"Sustainable Educational Products &amp; Ecological Toys\u00a0\" \/>\n<meta property=\"article:publisher\" content=\"https:\/\/www.facebook.com\/teiaeducation\/\" \/>\n<meta property=\"article:modified_time\" content=\"2025-09-27T12:47:36+00:00\" \/>\n<meta property=\"og:image\" content=\"https:\/\/teiaeducation.ch\/wp-content\/uploads\/2025\/08\/400_568200_main_or_1-scaled.jpg\" \/>\n\t<meta property=\"og:image:width\" content=\"2048\" \/>\n\t<meta property=\"og:image:height\" content=\"2048\" \/>\n\t<meta property=\"og:image:type\" content=\"image\/jpeg\" \/>\n<script type=\"application\/ld+json\" class=\"yoast-schema-graph\">{\"@context\":\"https:\/\/schema.org\",\"@graph\":[{\"@type\":\"WebPage\",\"@id\":\"https:\/\/teiaeducation.ch\/de\/produkt\/glocken-begleitmaterialien-set-nienhuis-montessori\/\",\"url\":\"https:\/\/teiaeducation.ch\/de\/produkt\/glocken-begleitmaterialien-set-nienhuis-montessori\/\",\"name\":\"Glocken-Begleitmaterialien-Set \u2013 Nienhuis Montessori\",\"isPartOf\":{\"@id\":\"https:\/\/teiaeducation.ch\/de\/#website\"},\"primaryImageOfPage\":{\"@id\":\"https:\/\/teiaeducation.ch\/de\/produkt\/glocken-begleitmaterialien-set-nienhuis-montessori\/#primaryimage\"},\"image\":{\"@id\":\"https:\/\/teiaeducation.ch\/de\/produkt\/glocken-begleitmaterialien-set-nienhuis-montessori\/#primaryimage\"},\"thumbnailUrl\":\"https:\/\/teiaeducation.ch\/wp-content\/uploads\/2025\/08\/400_568200_main_or_1-scaled.jpg\",\"datePublished\":\"2021-07-03T06:54:33+00:00\",\"dateModified\":\"2025-09-27T12:47:36+00:00\",\"description\":\"Glocken-Begleitmaterialien ist ein komplettes Set an zus\u00e4tzlichem Lernmaterial f\u00fcr die Nienhuis Montessori-Glocken, die ein wichtiges Hilfsmittel f\u00fcr das Erlernen von Musik sind.\",\"breadcrumb\":{\"@id\":\"https:\/\/teiaeducation.ch\/de\/produkt\/glocken-begleitmaterialien-set-nienhuis-montessori\/#breadcrumb\"},\"inLanguage\":\"de-CH\",\"potentialAction\":[{\"@type\":\"ReadAction\",\"target\":[\"https:\/\/teiaeducation.ch\/de\/produkt\/glocken-begleitmaterialien-set-nienhuis-montessori\/\"]}]},{\"@type\":\"ImageObject\",\"inLanguage\":\"de-CH\",\"@id\":\"https:\/\/teiaeducation.ch\/de\/produkt\/glocken-begleitmaterialien-set-nienhuis-montessori\/#primaryimage\",\"url\":\"https:\/\/teiaeducation.ch\/wp-content\/uploads\/2025\/08\/400_568200_main_or_1-scaled.jpg\",\"contentUrl\":\"https:\/\/teiaeducation.ch\/wp-content\/uploads\/2025\/08\/400_568200_main_or_1-scaled.jpg\",\"width\":2048,\"height\":2048},{\"@type\":\"BreadcrumbList\",\"@id\":\"https:\/\/teiaeducation.ch\/de\/produkt\/glocken-begleitmaterialien-set-nienhuis-montessori\/#breadcrumb\",\"itemListElement\":[{\"@type\":\"ListItem\",\"position\":1,\"name\":\"Home\",\"item\":\"https:\/\/teiaeducation.ch\/de\/\"},{\"@type\":\"ListItem\",\"position\":2,\"name\":\"Laden\",\"item\":\"https:\/\/teiaeducation.ch\/de\/shop\/\"},{\"@type\":\"ListItem\",\"position\":3,\"name\":\"Lernthemen\",\"item\":\"https:\/\/teiaeducation.ch\/de\/produkt-kategorie\/lernthemen\/\"},{\"@type\":\"ListItem\",\"position\":4,\"name\":\"Sensorische &amp; Motorische Fertigkeiten\",\"item\":\"https:\/\/teiaeducation.ch\/de\/produkt-kategorie\/lernthemen\/sensorische-motorische-fertigkeiten\/\"},{\"@type\":\"ListItem\",\"position\":5,\"name\":\"Musik\",\"item\":\"https:\/\/teiaeducation.ch\/de\/produkt-kategorie\/lernthemen\/sensorische-motorische-fertigkeiten\/musik\/\"},{\"@type\":\"ListItem\",\"position\":6,\"name\":\"Glocken-Begleitmaterialien-Set \u2013 Nienhuis Montessori\"}]},{\"@type\":\"WebSite\",\"@id\":\"https:\/\/teiaeducation.ch\/de\/#website\",\"url\":\"https:\/\/teiaeducation.ch\/de\/\",\"name\":\"Sustainable Educational Products &amp; Ecological Toys\u00a0\",\"description\":\"Specialised Swiss shop selling sustainable educational toys and games, AMI certified Montessori materials, handmade ecological wooden Waldorf toys and arts &amp; crafts supplies, school supplies, children&#039;s furniture and Montessori reference and parenting books.\",\"publisher\":{\"@id\":\"https:\/\/teiaeducation.ch\/de\/#organization\"},\"alternateName\":\"Teia Education & Play\",\"potentialAction\":[{\"@type\":\"SearchAction\",\"target\":{\"@type\":\"EntryPoint\",\"urlTemplate\":\"https:\/\/teiaeducation.ch\/de\/?s={search_term_string}\"},\"query-input\":{\"@type\":\"PropertyValueSpecification\",\"valueRequired\":true,\"valueName\":\"search_term_string\"}}],\"inLanguage\":\"de-CH\"},{\"@type\":\"Organization\",\"@id\":\"https:\/\/teiaeducation.ch\/de\/#organization\",\"name\":\"Teia Education & Play\",\"url\":\"https:\/\/teiaeducation.ch\/de\/\",\"logo\":{\"@type\":\"ImageObject\",\"inLanguage\":\"de-CH\",\"@id\":\"https:\/\/teiaeducation.ch\/de\/#\/schema\/logo\/image\/\",\"url\":\"https:\/\/teiaeducation.ch\/wp-content\/uploads\/2020\/11\/Teia-Education-Switzerland-e1620156442216.jpg\",\"contentUrl\":\"https:\/\/teiaeducation.ch\/wp-content\/uploads\/2020\/11\/Teia-Education-Switzerland-e1620156442216.jpg\",\"width\":166,\"height\":145,\"caption\":\"Teia Education & Play\"},\"image\":{\"@id\":\"https:\/\/teiaeducation.ch\/de\/#\/schema\/logo\/image\/\"},\"sameAs\":[\"https:\/\/www.facebook.com\/teiaeducation\/\",\"https:\/\/x.com\/EducationTeia\",\"https:\/\/www.instagram.com\/teia.education\/\",\"https:\/\/www.linkedin.com\/company\/35501660\",\"https:\/\/www.pinterest.ch\/TeiaEducation\/\"]}]}<\/script>\n<!-- \/ Yoast SEO plugin. -->","yoast_head_json":{"title":"Glocken-Begleitmaterialien-Set \u2013 Nienhuis Montessori","description":"Glocken-Begleitmaterialien ist ein komplettes Set an zus\u00e4tzlichem Lernmaterial f\u00fcr die Nienhuis Montessori-Glocken, die ein wichtiges Hilfsmittel f\u00fcr das Erlernen von Musik sind.","robots":{"index":"index","follow":"follow","max-snippet":"max-snippet:-1","max-image-preview":"max-image-preview:large","max-video-preview":"max-video-preview:-1"},"canonical":"https:\/\/teiaeducation.ch\/de\/produkt\/glocken-begleitmaterialien-set-nienhuis-montessori\/","og_locale":"de_DE","og_type":"article","og_title":"Glocken-Begleitmaterialien-Set \u2013 Nienhuis Montessori","og_description":"Glocken-Begleitmaterialien ist ein komplettes Set an zus\u00e4tzlichem Lernmaterial f\u00fcr die Nienhuis Montessori-Glocken, die ein wichtiges Hilfsmittel f\u00fcr das Erlernen von Musik sind.","og_url":"https:\/\/teiaeducation.ch\/de\/produkt\/glocken-begleitmaterialien-set-nienhuis-montessori\/","og_site_name":"Sustainable Educational Products &amp; Ecological Toys\u00a0","article_publisher":"https:\/\/www.facebook.com\/teiaeducation\/","article_modified_time":"2025-09-27T12:47:36+00:00","og_image":[{"width":2048,"height":2048,"url":"https:\/\/teiaeducation.ch\/wp-content\/uploads\/2025\/08\/400_568200_main_or_1-scaled.jpg","type":"image\/jpeg"}],"schema":{"@context":"https:\/\/schema.org","@graph":[{"@type":"WebPage","@id":"https:\/\/teiaeducation.ch\/de\/produkt\/glocken-begleitmaterialien-set-nienhuis-montessori\/","url":"https:\/\/teiaeducation.ch\/de\/produkt\/glocken-begleitmaterialien-set-nienhuis-montessori\/","name":"Glocken-Begleitmaterialien-Set \u2013 Nienhuis Montessori","isPartOf":{"@id":"https:\/\/teiaeducation.ch\/de\/#website"},"primaryImageOfPage":{"@id":"https:\/\/teiaeducation.ch\/de\/produkt\/glocken-begleitmaterialien-set-nienhuis-montessori\/#primaryimage"},"image":{"@id":"https:\/\/teiaeducation.ch\/de\/produkt\/glocken-begleitmaterialien-set-nienhuis-montessori\/#primaryimage"},"thumbnailUrl":"https:\/\/teiaeducation.ch\/wp-content\/uploads\/2025\/08\/400_568200_main_or_1-scaled.jpg","datePublished":"2021-07-03T06:54:33+00:00","dateModified":"2025-09-27T12:47:36+00:00","description":"Glocken-Begleitmaterialien ist ein komplettes Set an zus\u00e4tzlichem Lernmaterial f\u00fcr die Nienhuis Montessori-Glocken, die ein wichtiges Hilfsmittel f\u00fcr das Erlernen von Musik sind.","breadcrumb":{"@id":"https:\/\/teiaeducation.ch\/de\/produkt\/glocken-begleitmaterialien-set-nienhuis-montessori\/#breadcrumb"},"inLanguage":"de-CH","potentialAction":[{"@type":"ReadAction","target":["https:\/\/teiaeducation.ch\/de\/produkt\/glocken-begleitmaterialien-set-nienhuis-montessori\/"]}]},{"@type":"ImageObject","inLanguage":"de-CH","@id":"https:\/\/teiaeducation.ch\/de\/produkt\/glocken-begleitmaterialien-set-nienhuis-montessori\/#primaryimage","url":"https:\/\/teiaeducation.ch\/wp-content\/uploads\/2025\/08\/400_568200_main_or_1-scaled.jpg","contentUrl":"https:\/\/teiaeducation.ch\/wp-content\/uploads\/2025\/08\/400_568200_main_or_1-scaled.jpg","width":2048,"height":2048},{"@type":"BreadcrumbList","@id":"https:\/\/teiaeducation.ch\/de\/produkt\/glocken-begleitmaterialien-set-nienhuis-montessori\/#breadcrumb","itemListElement":[{"@type":"ListItem","position":1,"name":"Home","item":"https:\/\/teiaeducation.ch\/de\/"},{"@type":"ListItem","position":2,"name":"Laden","item":"https:\/\/teiaeducation.ch\/de\/shop\/"},{"@type":"ListItem","position":3,"name":"Lernthemen","item":"https:\/\/teiaeducation.ch\/de\/produkt-kategorie\/lernthemen\/"},{"@type":"ListItem","position":4,"name":"Sensorische &amp; Motorische Fertigkeiten","item":"https:\/\/teiaeducation.ch\/de\/produkt-kategorie\/lernthemen\/sensorische-motorische-fertigkeiten\/"},{"@type":"ListItem","position":5,"name":"Musik","item":"https:\/\/teiaeducation.ch\/de\/produkt-kategorie\/lernthemen\/sensorische-motorische-fertigkeiten\/musik\/"},{"@type":"ListItem","position":6,"name":"Glocken-Begleitmaterialien-Set \u2013 Nienhuis Montessori"}]},{"@type":"WebSite","@id":"https:\/\/teiaeducation.ch\/de\/#website","url":"https:\/\/teiaeducation.ch\/de\/","name":"Sustainable Educational Products &amp; Ecological Toys\u00a0","description":"Specialised Swiss shop selling sustainable educational toys and games, AMI certified Montessori materials, handmade ecological wooden Waldorf toys and arts &amp; crafts supplies, school supplies, children&#039;s furniture and Montessori reference and parenting books.","publisher":{"@id":"https:\/\/teiaeducation.ch\/de\/#organization"},"alternateName":"Teia Education & Play","potentialAction":[{"@type":"SearchAction","target":{"@type":"EntryPoint","urlTemplate":"https:\/\/teiaeducation.ch\/de\/?s={search_term_string}"},"query-input":{"@type":"PropertyValueSpecification","valueRequired":true,"valueName":"search_term_string"}}],"inLanguage":"de-CH"},{"@type":"Organization","@id":"https:\/\/teiaeducation.ch\/de\/#organization","name":"Teia Education & Play","url":"https:\/\/teiaeducation.ch\/de\/","logo":{"@type":"ImageObject","inLanguage":"de-CH","@id":"https:\/\/teiaeducation.ch\/de\/#\/schema\/logo\/image\/","url":"https:\/\/teiaeducation.ch\/wp-content\/uploads\/2020\/11\/Teia-Education-Switzerland-e1620156442216.jpg","contentUrl":"https:\/\/teiaeducation.ch\/wp-content\/uploads\/2020\/11\/Teia-Education-Switzerland-e1620156442216.jpg","width":166,"height":145,"caption":"Teia Education & Play"},"image":{"@id":"https:\/\/teiaeducation.ch\/de\/#\/schema\/logo\/image\/"},"sameAs":["https:\/\/www.facebook.com\/teiaeducation\/","https:\/\/x.com\/EducationTeia","https:\/\/www.instagram.com\/teia.education\/","https:\/\/www.linkedin.com\/company\/35501660","https:\/\/www.pinterest.ch\/TeiaEducation\/"]}]}},"_links":{"self":[{"href":"https:\/\/teiaeducation.ch\/de\/wp-json\/wp\/v2\/product\/71305","targetHints":{"allow":["GET"]}}],"collection":[{"href":"https:\/\/teiaeducation.ch\/de\/wp-json\/wp\/v2\/product"}],"about":[{"href":"https:\/\/teiaeducation.ch\/de\/wp-json\/wp\/v2\/types\/product"}],"replies":[{"embeddable":true,"href":"https:\/\/teiaeducation.ch\/de\/wp-json\/wp\/v2\/comments?post=71305"}],"wp:featuredmedia":[{"embeddable":true,"href":"https:\/\/teiaeducation.ch\/de\/wp-json\/wp\/v2\/media\/71306"}],"wp:attachment":[{"href":"https:\/\/teiaeducation.ch\/de\/wp-json\/wp\/v2\/media?parent=71305"}],"wp:term":[{"taxonomy":"product_brand","embeddable":true,"href":"https:\/\/teiaeducation.ch\/de\/wp-json\/wp\/v2\/product_brand?post=71305"},{"taxonomy":"product_cat","embeddable":true,"href":"https:\/\/teiaeducation.ch\/de\/wp-json\/wp\/v2\/product_cat?post=71305"},{"taxonomy":"product_tag","embeddable":true,"href":"https:\/\/teiaeducation.ch\/de\/wp-json\/wp\/v2\/product_tag?post=71305"}],"curies":[{"name":"wp","href":"https:\/\/api.w.org\/{rel}","templated":true}]}}