{"id":71416,"date":"2021-01-26T09:30:01","date_gmt":"2021-01-26T08:30:01","guid":{"rendered":"https:\/\/teiaeducation.ch\/product\/die-tierkontinent-kasten-nienhuis-montessori\/"},"modified":"2025-10-06T13:44:17","modified_gmt":"2025-10-06T11:44:17","slug":"die-tierkontinent-kasten-nienhuis-montessori","status":"publish","type":"product","link":"https:\/\/teiaeducation.ch\/de\/produkt\/die-tierkontinent-kasten-nienhuis-montessori\/","title":{"rendered":"Die Tierkontinent Kasten\u2013 Nienhuis Montessori"},"content":{"rendered":"<p>Das Nienhuis Montessori Tierkontinent Kastenset ist sowohl <a href=\"https:\/\/teiaeducation.ch\/de\/produkt-kategorie\/unsere-marken\/nienhuis-montessori-schweiz\/biologie-nienhuis-montessori\/\">Biologie<\/a>-als auch <a href=\"https:\/\/teiaeducation.ch\/de\/produkt-kategorie\/unsere-marken\/nienhuis-montessori-schweiz\/geographie-nienhuis-montessori\/\">Geografie<\/a>&#8211;<br \/>Material und eine erste Einf\u00fchrung in die Tierarten aus jedem der sieben Kontinente der Welt. Durch die Arbeit mit der Tier-Kontinent Kasten und die gedankliche Besch\u00e4ftigung mit den Kontinenten wird das Kind angeregt, mit der <a href=\"https:\/\/teiaeducation.ch\/de\/produkt\/puzzlekarte-erdteile-nienhuis-montessori\/\">Puzzlekarte der Weltteile<\/a> zu arbeiten.<\/p>\n<p>Dieses Set enth\u00e4lt 28 hochwertige Holzumrisse von Tieren mit realistischen Bildern; vier Tiere f\u00fcr jeden Kontinent, 7 strapazierf\u00e4hige Kontinent-Namenskarten, 7 strapazierf\u00e4hige Kontinent-Kontinent-Beschriftungskarten, 28 Beschriftungskarten mit Tiernamen, eine Kopiervorlage und eine Gebrauchsanweisung, alles verpackt in zwei ineinandersteckbaren Buchenholzboxen. Dieses Set enth\u00e4lt weder den farbigen <a href=\"https:\/\/teiaeducation.ch\/de\/produkt\/globus-erdteile-nienhuis-montessori\/\">Globus der Kontinente<\/a><br \/> noch die h\u00f6lzernen Kontinent-Puzzleteile aus dem Puzzle-Weltkarten-Set. <\/p>\n<p>Als Erg\u00e4nzung zur Tierkontinent Kasten ist das <a href=\"https:\/\/teiaeducation.ch\/de\/produkt\/tiere-aus-aller-welt-englisch-nienhuis-montessori\/\">Tiere der Welt<\/a> Set auch separat erh\u00e4ltlich.<\/p>\n<p>Die Tierkontinent Kasten ist f\u00fcr Kinder ab 4 Jahren geeignet.<\/p>\n<p>Inhalt:<\/p>\n<p>28 hochwertige Holztiere<br \/>\n7 Kunststoffkarten mit den Namen der Kontinente<br \/>\n28 Beschriftungskarten<br \/>\n1 Kopiervorlage<br \/>\n2 ineinander stapelbare Buchenholzkisten (jeweils 31 x 24,5 x 7 cm)<br \/>\nGebrauchsanweisung<br \/>\n* Dieses Set enth\u00e4lt nicht den farbigen Globus und die Kontinent-Puzzleteile.<\/p>\n<p><em>We currently do not have this item in stock, but it is available on pre-order. We will order this item for you from our supplier. Due to importation from the European Union to Switzerland please allow 2 to maximum 3 weeks for delivery. <\/em><\/p>\n\t<div id=\"gap-1561952963\" class=\"gap-element clearfix\" style=\"display:block; height:auto;\">\n\t\t\n<style>\n#gap-1561952963 {\n  padding-top: 20px;\n}\n<\/style>\n\t<\/div>\n\t\n<h2>\u00dcber Nienhuis Montessori<\/h2>\n<p>Die niederl\u00e4ndische Marke <a href=\"https:\/\/teiaeducation.ch\/de\/produkt-kategorie\/unsere-marken\/nienhuis-montessori-schweiz\/\">Nienhuis Montessori<\/a> ist die weltweit f\u00fchrende <a href=\"https:\/\/teiaeducation.ch\/de\/was-ist-die-montessori-paedagogik\/\">Montessori<\/a>-Marke, die das Erbe von Maria Montessori ehrt und fortf\u00fchrt und das breiteste und innovativste Sortiment an Original-Montessori-Materialien, &#8211;<a href=\"https:\/\/teiaeducation.ch\/de\/produkt-kategorie\/klassenzimmer-essenzien\/montessori-mobel\/\">M\u00f6beln<\/a> und <a href=\"https:\/\/teiaeducation.ch\/de\/produkt-kategorie\/unsere-marken\/nienhuis-montessori-schweiz\/curriculum-erganzung-nienhuis-montessori\/\">verwandten Produkten<\/a> herstellt. Die hochwertigen Nienhuis Montessori Produkte geben den Kindern die Werkzeuge, die sie brauchen, um Unabhangig und kritisch zu denken.<\/p>\n<p>Alle Nienhuis Montessori Materialien sind vom Materialkomitee der Association Montessori Internationale (<a href=\"https:\/\/montessori-ami.org\/\">AMI<\/a>) zertifiziert und werden sorgf\u00e4ltig hergestellt, um Schwierigkeiten zu isolieren, so dass die Kinder sich konzentrieren, lernen und sich entwickeln k\u00f6nnen.<\/p>\n<p>Nienhuis Montessori ist eine der Marken des Niederlandischen Unternehmens Heutink International, das weltweit die besten pedagogischen Marken anbietet, die auf <a href=\"https:\/\/teiaeducation.ch\/de\/produkt-kategorie\/kinder-spielzeug\/\">spielerisches<\/a> Lernen ausgerichtet sind.<\/p>\n","protected":false},"excerpt":{"rendered":"<p>Artikelnummer: 066501<\/p>\n<p>Das Nienhuis Montessori Tierkontinent Kastenset ist ein Geografie-Material und eine erste Einf\u00fchrung in die Tierarten aus jedem der 7 Kontinente der Welt.<\/p>\n","protected":false},"featured_media":52639,"comment_status":"closed","ping_status":"closed","template":"","meta":[],"product_brand":[],"product_cat":[21445,21446,21500,21524,21479,21570,21571,21515,21647,21510,21509,21499,21498,21481,21443,21572,21494,21495,21511,21523,21564,21536],"product_tag":[23473,24316,26017,23120,23469,23470,23119,32207],"class_list":{"0":"post-71416","1":"product","2":"type-product","3":"status-publish","4":"has-post-thumbnail","6":"product_cat-3-6-jahre-vorschule","7":"product_cat-6-12-jahre-grundschule","8":"product_cat-aktivitaetssets","9":"product_cat-alphabetisierung-sprache","10":"product_cat-lernmaterialien-spielzeug-montessori-waldorf-steiner-froebel","11":"product_cat-biologie-nienhuis-montessori","12":"product_cat-curriculum-erganzung-nienhuis-montessori","13":"product_cat-erde-universum","14":"product_cat-geographie-nienhuis-montessori","15":"product_cat-kultur-wissenschaft","16":"product_cat-lernthemen","17":"product_cat-lernunterstuetzung","18":"product_cat-montessori-materialien-fuer-zuhause-schulbedarf-fuer-zuhause","19":"product_cat-montessori-paedagogik-material-spielzeug","20":"product_cat-nach-alter","21":"product_cat-nienhuis-montessori-schweiz","22":"product_cat-schulbedarf-fuer-zuhause","23":"product_cat-schulbedarf-fuer-zuhause-3-6-jahre","24":"product_cat-tiergeographie-zoologie","25":"product_cat-topographie-de","26":"product_cat-unsere-marken","27":"product_cat-wortschatz","28":"product_tag-lehrmittel-schweiz","29":"product_tag-lernspielzeug-schweiz","30":"product_tag-montessori-geographie","31":"product_tag-montessori-material-schweiz","32":"product_tag-montessori-material-schweiz-de","33":"product_tag-nienhuis-montessori-schweiz-de-2","34":"product_tag-nienhuis-montessori-schweiz-de","35":"product_tag-nienhuis-montessori-tierkontinent-kasten","37":"first","38":"onbackorder","39":"taxable","40":"shipping-taxable","41":"purchasable","42":"product-type-simple"},"yoast_head":"<!-- This site is optimized with the Yoast SEO Premium plugin v25.8 (Yoast SEO v27.4) - https:\/\/yoast.com\/product\/yoast-seo-premium-wordpress\/ -->\n<title>Glocken-Begleitmaterialien-Set \u2013 Nienhuis Montessori<\/title>\n<meta name=\"description\" content=\"Das Nienhuis Montessori Tierkontinent Kastenset ist ein Geografie-Material und eine erste Einf\u00fchrung in die Tierarten aus jedem der 7 Kontinente der Welt.\" \/>\n<meta name=\"robots\" content=\"index, follow, max-snippet:-1, max-image-preview:large, max-video-preview:-1\" \/>\n<link rel=\"canonical\" href=\"https:\/\/teiaeducation.ch\/de\/produkt\/die-tierkontinent-kasten-nienhuis-montessori\/\" \/>\n<meta property=\"og:locale\" content=\"de_DE\" \/>\n<meta property=\"og:type\" content=\"article\" \/>\n<meta property=\"og:title\" content=\"Die Tierkontinent Kasten\u2013 Nienhuis Montessori\" \/>\n<meta property=\"og:description\" content=\"Das Nienhuis Montessori Tierkontinent Kastenset ist ein Geografie-Material und eine erste Einf\u00fchrung in die Tierarten aus jedem der 7 Kontinente der Welt.\" \/>\n<meta property=\"og:url\" content=\"https:\/\/teiaeducation.ch\/de\/produkt\/die-tierkontinent-kasten-nienhuis-montessori\/\" \/>\n<meta property=\"og:site_name\" content=\"Sustainable Educational Products &amp; Ecological Toys\u00a0\" \/>\n<meta property=\"article:publisher\" content=\"https:\/\/www.facebook.com\/teiaeducation\/\" \/>\n<meta property=\"article:modified_time\" content=\"2025-10-06T11:44:17+00:00\" \/>\n<meta property=\"og:image\" content=\"https:\/\/teiaeducation.ch\/wp-content\/uploads\/2021\/01\/Montessori-geography-material-The-animal-continent-box-Nienhuis-Montessori-scaled.jpg\" \/>\n\t<meta property=\"og:image:width\" content=\"2048\" \/>\n\t<meta property=\"og:image:height\" content=\"2048\" \/>\n\t<meta property=\"og:image:type\" content=\"image\/jpeg\" \/>\n<script type=\"application\/ld+json\" class=\"yoast-schema-graph\">{\"@context\":\"https:\\\/\\\/schema.org\",\"@graph\":[{\"@type\":\"WebPage\",\"@id\":\"https:\\\/\\\/teiaeducation.ch\\\/de\\\/produkt\\\/die-tierkontinent-kasten-nienhuis-montessori\\\/\",\"url\":\"https:\\\/\\\/teiaeducation.ch\\\/de\\\/produkt\\\/die-tierkontinent-kasten-nienhuis-montessori\\\/\",\"name\":\"Glocken-Begleitmaterialien-Set \u2013 Nienhuis Montessori\",\"isPartOf\":{\"@id\":\"https:\\\/\\\/teiaeducation.ch\\\/de\\\/#website\"},\"primaryImageOfPage\":{\"@id\":\"https:\\\/\\\/teiaeducation.ch\\\/de\\\/produkt\\\/die-tierkontinent-kasten-nienhuis-montessori\\\/#primaryimage\"},\"image\":{\"@id\":\"https:\\\/\\\/teiaeducation.ch\\\/de\\\/produkt\\\/die-tierkontinent-kasten-nienhuis-montessori\\\/#primaryimage\"},\"thumbnailUrl\":\"https:\\\/\\\/teiaeducation.ch\\\/wp-content\\\/uploads\\\/2021\\\/01\\\/Montessori-geography-material-The-animal-continent-box-Nienhuis-Montessori-scaled.jpg\",\"datePublished\":\"2021-01-26T08:30:01+00:00\",\"dateModified\":\"2025-10-06T11:44:17+00:00\",\"description\":\"Das Nienhuis Montessori Tierkontinent Kastenset ist ein Geografie-Material und eine erste Einf\u00fchrung in die Tierarten aus jedem der 7 Kontinente der Welt.\",\"breadcrumb\":{\"@id\":\"https:\\\/\\\/teiaeducation.ch\\\/de\\\/produkt\\\/die-tierkontinent-kasten-nienhuis-montessori\\\/#breadcrumb\"},\"inLanguage\":\"de-CH\",\"potentialAction\":[{\"@type\":\"ReadAction\",\"target\":[\"https:\\\/\\\/teiaeducation.ch\\\/de\\\/produkt\\\/die-tierkontinent-kasten-nienhuis-montessori\\\/\"]}]},{\"@type\":\"ImageObject\",\"inLanguage\":\"de-CH\",\"@id\":\"https:\\\/\\\/teiaeducation.ch\\\/de\\\/produkt\\\/die-tierkontinent-kasten-nienhuis-montessori\\\/#primaryimage\",\"url\":\"https:\\\/\\\/teiaeducation.ch\\\/wp-content\\\/uploads\\\/2021\\\/01\\\/Montessori-geography-material-The-animal-continent-box-Nienhuis-Montessori-scaled.jpg\",\"contentUrl\":\"https:\\\/\\\/teiaeducation.ch\\\/wp-content\\\/uploads\\\/2021\\\/01\\\/Montessori-geography-material-The-animal-continent-box-Nienhuis-Montessori-scaled.jpg\",\"width\":2048,\"height\":2048,\"caption\":\"Montessori-Geografie-Material Die Tierkontinent Kasten Nienhuis Montessori\"},{\"@type\":\"BreadcrumbList\",\"@id\":\"https:\\\/\\\/teiaeducation.ch\\\/de\\\/produkt\\\/die-tierkontinent-kasten-nienhuis-montessori\\\/#breadcrumb\",\"itemListElement\":[{\"@type\":\"ListItem\",\"position\":1,\"name\":\"Home\",\"item\":\"https:\\\/\\\/teiaeducation.ch\\\/de\\\/\"},{\"@type\":\"ListItem\",\"position\":2,\"name\":\"Laden\",\"item\":\"https:\\\/\\\/teiaeducation.ch\\\/de\\\/shop\\\/\"},{\"@type\":\"ListItem\",\"position\":3,\"name\":\"Die Tierkontinent Kasten\u2013 Nienhuis Montessori\"}]},{\"@type\":\"WebSite\",\"@id\":\"https:\\\/\\\/teiaeducation.ch\\\/de\\\/#website\",\"url\":\"https:\\\/\\\/teiaeducation.ch\\\/de\\\/\",\"name\":\"Sustainable Educational Products &amp; Ecological Toys\u00a0\",\"description\":\"Specialised Swiss shop selling sustainable educational toys and games, AMI certified Montessori materials, handmade ecological wooden Waldorf toys and arts &amp; crafts supplies, school supplies, children&#039;s furniture and Montessori reference and parenting books.\",\"publisher\":{\"@id\":\"https:\\\/\\\/teiaeducation.ch\\\/de\\\/#organization\"},\"alternateName\":\"Teia Education & Play\",\"potentialAction\":[{\"@type\":\"SearchAction\",\"target\":{\"@type\":\"EntryPoint\",\"urlTemplate\":\"https:\\\/\\\/teiaeducation.ch\\\/de\\\/?s={search_term_string}\"},\"query-input\":{\"@type\":\"PropertyValueSpecification\",\"valueRequired\":true,\"valueName\":\"search_term_string\"}}],\"inLanguage\":\"de-CH\"},{\"@type\":\"Organization\",\"@id\":\"https:\\\/\\\/teiaeducation.ch\\\/de\\\/#organization\",\"name\":\"Teia Education & Play\",\"url\":\"https:\\\/\\\/teiaeducation.ch\\\/de\\\/\",\"logo\":{\"@type\":\"ImageObject\",\"inLanguage\":\"de-CH\",\"@id\":\"https:\\\/\\\/teiaeducation.ch\\\/de\\\/#\\\/schema\\\/logo\\\/image\\\/\",\"url\":\"https:\\\/\\\/teiaeducation.ch\\\/wp-content\\\/uploads\\\/2020\\\/11\\\/Teia-Education-Switzerland-e1620156442216.jpg\",\"contentUrl\":\"https:\\\/\\\/teiaeducation.ch\\\/wp-content\\\/uploads\\\/2020\\\/11\\\/Teia-Education-Switzerland-e1620156442216.jpg\",\"width\":166,\"height\":145,\"caption\":\"Teia Education & Play\"},\"image\":{\"@id\":\"https:\\\/\\\/teiaeducation.ch\\\/de\\\/#\\\/schema\\\/logo\\\/image\\\/\"},\"sameAs\":[\"https:\\\/\\\/www.facebook.com\\\/teiaeducation\\\/\",\"https:\\\/\\\/x.com\\\/EducationTeia\",\"https:\\\/\\\/www.instagram.com\\\/teia.education\\\/\",\"https:\\\/\\\/www.linkedin.com\\\/company\\\/35501660\",\"https:\\\/\\\/www.pinterest.ch\\\/TeiaEducation\\\/\"]}]}<\/script>\n<meta property=\"product:price:amount\" content=\"454.50\" \/>\n<meta property=\"product:price:currency\" content=\"CHF\" \/>\n<meta property=\"og:availability\" content=\"backorder\" \/>\n<meta property=\"product:availability\" content=\"available for order\" \/>\n<meta property=\"product:retailer_item_id\" content=\"00000000000000000000000000000000000000000000003651\" \/>\n<meta property=\"product:condition\" content=\"new\" \/>\n<!-- \/ Yoast SEO Premium plugin. -->","yoast_head_json":{"title":"Glocken-Begleitmaterialien-Set \u2013 Nienhuis Montessori","description":"Das Nienhuis Montessori Tierkontinent Kastenset ist ein Geografie-Material und eine erste Einf\u00fchrung in die Tierarten aus jedem der 7 Kontinente der Welt.","robots":{"index":"index","follow":"follow","max-snippet":"max-snippet:-1","max-image-preview":"max-image-preview:large","max-video-preview":"max-video-preview:-1"},"canonical":"https:\/\/teiaeducation.ch\/de\/produkt\/die-tierkontinent-kasten-nienhuis-montessori\/","og_locale":"de_DE","og_type":"article","og_title":"Die Tierkontinent Kasten\u2013 Nienhuis Montessori","og_description":"Das Nienhuis Montessori Tierkontinent Kastenset ist ein Geografie-Material und eine erste Einf\u00fchrung in die Tierarten aus jedem der 7 Kontinente der Welt.","og_url":"https:\/\/teiaeducation.ch\/de\/produkt\/die-tierkontinent-kasten-nienhuis-montessori\/","og_site_name":"Sustainable Educational Products &amp; Ecological Toys\u00a0","article_publisher":"https:\/\/www.facebook.com\/teiaeducation\/","article_modified_time":"2025-10-06T11:44:17+00:00","og_image":[{"width":2048,"height":2048,"url":"https:\/\/teiaeducation.ch\/wp-content\/uploads\/2021\/01\/Montessori-geography-material-The-animal-continent-box-Nienhuis-Montessori-scaled.jpg","type":"image\/jpeg"}],"schema":{"@context":"https:\/\/schema.org","@graph":[{"@type":"WebPage","@id":"https:\/\/teiaeducation.ch\/de\/produkt\/die-tierkontinent-kasten-nienhuis-montessori\/","url":"https:\/\/teiaeducation.ch\/de\/produkt\/die-tierkontinent-kasten-nienhuis-montessori\/","name":"Glocken-Begleitmaterialien-Set \u2013 Nienhuis Montessori","isPartOf":{"@id":"https:\/\/teiaeducation.ch\/de\/#website"},"primaryImageOfPage":{"@id":"https:\/\/teiaeducation.ch\/de\/produkt\/die-tierkontinent-kasten-nienhuis-montessori\/#primaryimage"},"image":{"@id":"https:\/\/teiaeducation.ch\/de\/produkt\/die-tierkontinent-kasten-nienhuis-montessori\/#primaryimage"},"thumbnailUrl":"https:\/\/teiaeducation.ch\/wp-content\/uploads\/2021\/01\/Montessori-geography-material-The-animal-continent-box-Nienhuis-Montessori-scaled.jpg","datePublished":"2021-01-26T08:30:01+00:00","dateModified":"2025-10-06T11:44:17+00:00","description":"Das Nienhuis Montessori Tierkontinent Kastenset ist ein Geografie-Material und eine erste Einf\u00fchrung in die Tierarten aus jedem der 7 Kontinente der Welt.","breadcrumb":{"@id":"https:\/\/teiaeducation.ch\/de\/produkt\/die-tierkontinent-kasten-nienhuis-montessori\/#breadcrumb"},"inLanguage":"de-CH","potentialAction":[{"@type":"ReadAction","target":["https:\/\/teiaeducation.ch\/de\/produkt\/die-tierkontinent-kasten-nienhuis-montessori\/"]}]},{"@type":"ImageObject","inLanguage":"de-CH","@id":"https:\/\/teiaeducation.ch\/de\/produkt\/die-tierkontinent-kasten-nienhuis-montessori\/#primaryimage","url":"https:\/\/teiaeducation.ch\/wp-content\/uploads\/2021\/01\/Montessori-geography-material-The-animal-continent-box-Nienhuis-Montessori-scaled.jpg","contentUrl":"https:\/\/teiaeducation.ch\/wp-content\/uploads\/2021\/01\/Montessori-geography-material-The-animal-continent-box-Nienhuis-Montessori-scaled.jpg","width":2048,"height":2048,"caption":"Montessori-Geografie-Material Die Tierkontinent Kasten Nienhuis Montessori"},{"@type":"BreadcrumbList","@id":"https:\/\/teiaeducation.ch\/de\/produkt\/die-tierkontinent-kasten-nienhuis-montessori\/#breadcrumb","itemListElement":[{"@type":"ListItem","position":1,"name":"Home","item":"https:\/\/teiaeducation.ch\/de\/"},{"@type":"ListItem","position":2,"name":"Laden","item":"https:\/\/teiaeducation.ch\/de\/shop\/"},{"@type":"ListItem","position":3,"name":"Die Tierkontinent Kasten\u2013 Nienhuis Montessori"}]},{"@type":"WebSite","@id":"https:\/\/teiaeducation.ch\/de\/#website","url":"https:\/\/teiaeducation.ch\/de\/","name":"Sustainable Educational Products &amp; Ecological Toys\u00a0","description":"Specialised Swiss shop selling sustainable educational toys and games, AMI certified Montessori materials, handmade ecological wooden Waldorf toys and arts &amp; crafts supplies, school supplies, children&#039;s furniture and Montessori reference and parenting books.","publisher":{"@id":"https:\/\/teiaeducation.ch\/de\/#organization"},"alternateName":"Teia Education & Play","potentialAction":[{"@type":"SearchAction","target":{"@type":"EntryPoint","urlTemplate":"https:\/\/teiaeducation.ch\/de\/?s={search_term_string}"},"query-input":{"@type":"PropertyValueSpecification","valueRequired":true,"valueName":"search_term_string"}}],"inLanguage":"de-CH"},{"@type":"Organization","@id":"https:\/\/teiaeducation.ch\/de\/#organization","name":"Teia Education & Play","url":"https:\/\/teiaeducation.ch\/de\/","logo":{"@type":"ImageObject","inLanguage":"de-CH","@id":"https:\/\/teiaeducation.ch\/de\/#\/schema\/logo\/image\/","url":"https:\/\/teiaeducation.ch\/wp-content\/uploads\/2020\/11\/Teia-Education-Switzerland-e1620156442216.jpg","contentUrl":"https:\/\/teiaeducation.ch\/wp-content\/uploads\/2020\/11\/Teia-Education-Switzerland-e1620156442216.jpg","width":166,"height":145,"caption":"Teia Education & Play"},"image":{"@id":"https:\/\/teiaeducation.ch\/de\/#\/schema\/logo\/image\/"},"sameAs":["https:\/\/www.facebook.com\/teiaeducation\/","https:\/\/x.com\/EducationTeia","https:\/\/www.instagram.com\/teia.education\/","https:\/\/www.linkedin.com\/company\/35501660","https:\/\/www.pinterest.ch\/TeiaEducation\/"]}]},"product_price_amount":"454.50","product_price_currency":"CHF","og_availability":"backorder","product_availability":"available for order","product_retailer_item_id":"00000000000000000000000000000000000000000000003651","product_condition":"new"},"_links":{"self":[{"href":"https:\/\/teiaeducation.ch\/de\/wp-json\/wp\/v2\/product\/71416","targetHints":{"allow":["GET"]}}],"collection":[{"href":"https:\/\/teiaeducation.ch\/de\/wp-json\/wp\/v2\/product"}],"about":[{"href":"https:\/\/teiaeducation.ch\/de\/wp-json\/wp\/v2\/types\/product"}],"replies":[{"embeddable":true,"href":"https:\/\/teiaeducation.ch\/de\/wp-json\/wp\/v2\/comments?post=71416"}],"wp:featuredmedia":[{"embeddable":true,"href":"https:\/\/teiaeducation.ch\/de\/wp-json\/wp\/v2\/media\/52639"}],"wp:attachment":[{"href":"https:\/\/teiaeducation.ch\/de\/wp-json\/wp\/v2\/media?parent=71416"}],"wp:term":[{"taxonomy":"product_brand","embeddable":true,"href":"https:\/\/teiaeducation.ch\/de\/wp-json\/wp\/v2\/product_brand?post=71416"},{"taxonomy":"product_cat","embeddable":true,"href":"https:\/\/teiaeducation.ch\/de\/wp-json\/wp\/v2\/product_cat?post=71416"},{"taxonomy":"product_tag","embeddable":true,"href":"https:\/\/teiaeducation.ch\/de\/wp-json\/wp\/v2\/product_tag?post=71416"}],"curies":[{"name":"wp","href":"https:\/\/api.w.org\/{rel}","templated":true}]}}