{"id":71425,"date":"2021-01-17T15:58:32","date_gmt":"2021-01-17T14:58:32","guid":{"rendered":"https:\/\/teiaeducation.ch\/product\/3d-holzsymbole-fuer-grammatik-substantiv-verb-nienhuis-montessori\/"},"modified":"2025-10-06T14:32:49","modified_gmt":"2025-10-06T12:32:49","slug":"3d-holzsymbole-fuer-grammatik-substantiv-verb-nienhuis-montessori","status":"publish","type":"product","link":"https:\/\/teiaeducation.ch\/de\/produkt\/3d-holzsymbole-fuer-grammatik-substantiv-verb-nienhuis-montessori\/","title":{"rendered":"3D-Holzsymbole f\u00fcr Grammatik: Substantiv &amp; Verb \u2013 Nienhuis Montessori"},"content":{"rendered":"<p>Das Nienhuis Montessori 3D-Holzset mit Grammatiksymbolen f\u00fcr Substantive und Verben ist <a href=\"https:\/\/teiaeducation.ch\/de\/produkt-kategorie\/unsere-marken\/nienhuis-montessori-schweiz\/sprache-nienhuis-montessori\/\">Sprachmaterial<\/a><br \/> und besteht aus zwei Grammatiksymbolen als ma\u00dfstabsgetreue dreidimensionale Modelle, die auf einem einzigen wei\u00df lackierten Holztablett pr\u00e4sentiert werden.<\/p>\n<p>Da Kinder gut auf <a href=\"https:\/\/teiaeducation.ch\/de\/produkt-kategorie\/lernthemen\/mathematik-rechnen\/formen\/\">Formen<\/a> und <a href=\"https:\/\/teiaeducation.ch\/de\/produkt-kategorie\/lernthemen\/sensorische-motorische-fertigkeiten\/farbe-lernen\/\">Farben<\/a> reagieren, wurden die Wortsymbole von Dr. Maria Montessori als ein System von farbigen Formen eingef\u00fchrt, wobei jede Form und Farbe eine Bedeutung hat.<\/p>\n<p>Das Substantiv ist ein Wort, das eine Person, einen Ort, eine Sache, eine Eigenschaft oder eine Handlung bezeichnet. Das Symbol f\u00fcr das Substantiv wird durch ein schwarzes Dreieck dargestellt. Das Dreieck hat die gleiche Form wie die Pyramide, und die Farbe Schwarz steht f\u00fcr Kohlenstoff, der als das erste von Menschen entdeckte Mineral gilt. Das Verb ist ein Wort, das eine Handlung oder ein Ereignis ausdr\u00fcckt oder einfach dem Satz Leben einhaucht. Das Symbol f\u00fcr das Verb ist ein Kreis, der die Form der Sonne darstellt, die Leben spendet, und seine rote Farbe symbolisiert Blut, das Leben bedeutet.<\/p>\n<p>Die h\u00f6lzernen Grammatiksymbole sind sensorisches Montessori-Sprachmaterial, das f\u00fcr die erste Einf\u00fchrung des Kindes in die Teile der Sprache verwendet wird. Die Arbeit mit diesem Material erm\u00f6glicht es dem Kind, die eindimensionalen <a href=\"https:\/\/teiaeducation.ch\/de\/produkt\/wortsymbole-als-satz-im-kasten-nienhuis-montessori\/\">Montessori-Grammatiksymbole<\/a> zu visualisieren, indem es sie zu greifbaren Objekten macht, und die dreidimensionalen Grammatiksymbole zu manipulieren, um ein tieferes Verst\u00e4ndnis der Grammatik auf akademischer Ebene zu erreichen.<\/p>\n<p>Dieses <a href=\"https:\/\/teiaeducation.ch\/de\/produkt-kategorie\/lernmaterialien-spielzeug-montessori-waldorf-steiner-froebel\/montessori-paedagogik-material-spielzeug\/\">Montessori-Material<\/a> ist f\u00fcr Kinder ab 6 Jahren geeignet.<\/p>\n<p>Inhalt:<\/p>\n<p>2 3D-Grammatiksymbole aus Holz: Substantiv und Verb<br \/>\n1 Holztablett<\/p>\n<h2>\u00dcber Nienhuis Montessori<\/h2>\n<p>Die niederl\u00e4ndische Marke <a href=\"https:\/\/teiaeducation.ch\/de\/produkt-kategorie\/unsere-marken\/nienhuis-montessori-schweiz\/\">Nienhuis Montessori<\/a> ist die weltweit f\u00fchrende <a href=\"https:\/\/teiaeducation.ch\/de\/was-ist-die-montessori-paedagogik\/\">Montessori<\/a>-Marke, die das Erbe von Maria Montessori ehrt und fortf\u00fchrt und das breiteste und innovativste Sortiment an Original-Montessori-Materialien, &#8211;<a href=\"https:\/\/teiaeducation.ch\/de\/produkt-kategorie\/klassenzimmer-essenzien\/montessori-mobel\/\">M\u00f6beln<\/a> und <a href=\"https:\/\/teiaeducation.ch\/de\/produkt-kategorie\/unsere-marken\/nienhuis-montessori-schweiz\/curriculum-erganzung-nienhuis-montessori\/\">verwandten Produkten<\/a> herstellt. Die hochwertigen Nienhuis Montessori Produkte geben den Kindern die Werkzeuge, die sie brauchen, um Unabhangig und kritisch zu denken.<\/p>\n<p>Alle Nienhuis Montessori Materialien sind vom Materialkomitee der Association Montessori Internationale (<a href=\"https:\/\/montessori-ami.org\/\">AMI<\/a>) zertifiziert und werden sorgf\u00e4ltig hergestellt, um Schwierigkeiten zu isolieren, so dass die Kinder sich konzentrieren, lernen und sich entwickeln k\u00f6nnen.<\/p>\n<p>Nienhuis Montessori ist eine der Marken des Niederlandischen Unternehmens Heutink International, das weltweit die besten pedagogischen Marken anbietet, die auf <a href=\"https:\/\/teiaeducation.ch\/de\/produkt-kategorie\/kinder-spielzeug\/\">spielerisches<\/a> Lernen ausgerichtet sind.<\/p>\n","protected":false},"excerpt":{"rendered":"<p>Artikelnummer: 011050<\/p>\n<p>Das Nienhuis Montessori-Sprachmaterial 3D-Holzgrammatik-Symbole Substantiv und Verb sind Grammatik-Symbole als ma\u00dfstabsgetreue dreidimensionale Modelle.<\/p>\n","protected":false},"featured_media":71426,"comment_status":"open","ping_status":"closed","template":"","meta":[],"product_brand":[],"product_cat":[21446,21524,21671,21479,21529,21509,21481,21443,21572,21531,21651,21564],"product_tag":[27022,26005,23108,22981,26006],"class_list":{"0":"post-71425","1":"product","2":"type-product","3":"status-publish","4":"has-post-thumbnail","6":"product_cat-6-12-jahre-grundschule","7":"product_cat-alphabetisierung-sprache","8":"product_cat-angebot","9":"product_cat-lernmaterialien-spielzeug-montessori-waldorf-steiner-froebel","10":"product_cat-grammatik","11":"product_cat-lernthemen","12":"product_cat-montessori-paedagogik-material-spielzeug","13":"product_cat-nach-alter","14":"product_cat-nienhuis-montessori-schweiz","15":"product_cat-schreiben-lernen","16":"product_cat-sprache-nienhuis-montessori","17":"product_cat-unsere-marken","18":"product_tag-grammatik","19":"product_tag-grundschule-6-12-jahre","20":"product_tag-montessori-kleinkind-3-6","21":"product_tag-nienhuis-montessori-de","22":"product_tag-sprache","24":"first","25":"instock","26":"sale","27":"sold-individually","28":"taxable","29":"shipping-taxable","30":"purchasable","31":"product-type-simple"},"yoast_head":"<!-- This site is optimized with the Yoast SEO Premium plugin v25.8 (Yoast SEO v27.4) - https:\/\/yoast.com\/product\/yoast-seo-premium-wordpress\/ -->\n<title>3D-Holzsymbole f\u00fcr Grammatik: Substantiv &amp; Verb \u2013 Nienhuis Montessori<\/title>\n<meta name=\"description\" content=\"Das Nienhuis Montessori-Sprachmaterial 3D-Holzgrammatik-Symbole Substantiv und Verb sind Grammatik-Symbole als ma\u00dfstabsgetreue dreidimensionale Modelle.\" \/>\n<meta name=\"robots\" content=\"index, follow, max-snippet:-1, max-image-preview:large, max-video-preview:-1\" \/>\n<link rel=\"canonical\" href=\"https:\/\/teiaeducation.ch\/de\/produkt\/3d-holzsymbole-fuer-grammatik-substantiv-verb-nienhuis-montessori\/\" \/>\n<meta property=\"og:locale\" content=\"de_DE\" \/>\n<meta property=\"og:type\" content=\"article\" \/>\n<meta property=\"og:title\" content=\"3D-Holzsymbole f\u00fcr Grammatik: Substantiv &amp; Verb \u2013 Nienhuis Montessori\" \/>\n<meta property=\"og:description\" content=\"Das Nienhuis Montessori-Sprachmaterial 3D-Holzgrammatik-Symbole Substantiv und Verb sind Grammatik-Symbole als ma\u00dfstabsgetreue dreidimensionale Modelle.\" \/>\n<meta property=\"og:url\" content=\"https:\/\/teiaeducation.ch\/de\/produkt\/3d-holzsymbole-fuer-grammatik-substantiv-verb-nienhuis-montessori\/\" \/>\n<meta property=\"og:site_name\" content=\"Sustainable Educational Products &amp; Ecological Toys\u00a0\" \/>\n<meta property=\"article:publisher\" content=\"https:\/\/www.facebook.com\/teiaeducation\/\" \/>\n<meta property=\"article:modified_time\" content=\"2025-10-06T12:32:49+00:00\" \/>\n<meta property=\"og:image\" content=\"https:\/\/teiaeducation.ch\/wp-content\/uploads\/2021\/01\/3D-wooden-grammar-symbol-noun-and-verb-Montessori-language-material-Nienhuis-Montessori.jpg\" \/>\n\t<meta property=\"og:image:width\" content=\"573\" \/>\n\t<meta property=\"og:image:height\" content=\"431\" \/>\n\t<meta property=\"og:image:type\" content=\"image\/jpeg\" \/>\n<script type=\"application\/ld+json\" class=\"yoast-schema-graph\">{\"@context\":\"https:\\\/\\\/schema.org\",\"@graph\":[{\"@type\":\"WebPage\",\"@id\":\"https:\\\/\\\/teiaeducation.ch\\\/de\\\/produkt\\\/3d-holzsymbole-fuer-grammatik-substantiv-verb-nienhuis-montessori\\\/\",\"url\":\"https:\\\/\\\/teiaeducation.ch\\\/de\\\/produkt\\\/3d-holzsymbole-fuer-grammatik-substantiv-verb-nienhuis-montessori\\\/\",\"name\":\"3D-Holzsymbole f\u00fcr Grammatik: Substantiv & Verb \u2013 Nienhuis Montessori\",\"isPartOf\":{\"@id\":\"https:\\\/\\\/teiaeducation.ch\\\/de\\\/#website\"},\"primaryImageOfPage\":{\"@id\":\"https:\\\/\\\/teiaeducation.ch\\\/de\\\/produkt\\\/3d-holzsymbole-fuer-grammatik-substantiv-verb-nienhuis-montessori\\\/#primaryimage\"},\"image\":{\"@id\":\"https:\\\/\\\/teiaeducation.ch\\\/de\\\/produkt\\\/3d-holzsymbole-fuer-grammatik-substantiv-verb-nienhuis-montessori\\\/#primaryimage\"},\"thumbnailUrl\":\"https:\\\/\\\/teiaeducation.ch\\\/wp-content\\\/uploads\\\/2021\\\/01\\\/3D-wooden-grammar-symbol-noun-and-verb-Montessori-language-material-Nienhuis-Montessori.jpg\",\"datePublished\":\"2021-01-17T14:58:32+00:00\",\"dateModified\":\"2025-10-06T12:32:49+00:00\",\"description\":\"Das Nienhuis Montessori-Sprachmaterial 3D-Holzgrammatik-Symbole Substantiv und Verb sind Grammatik-Symbole als ma\u00dfstabsgetreue dreidimensionale Modelle.\",\"breadcrumb\":{\"@id\":\"https:\\\/\\\/teiaeducation.ch\\\/de\\\/produkt\\\/3d-holzsymbole-fuer-grammatik-substantiv-verb-nienhuis-montessori\\\/#breadcrumb\"},\"inLanguage\":\"de-CH\",\"potentialAction\":[{\"@type\":\"ReadAction\",\"target\":[\"https:\\\/\\\/teiaeducation.ch\\\/de\\\/produkt\\\/3d-holzsymbole-fuer-grammatik-substantiv-verb-nienhuis-montessori\\\/\"]}]},{\"@type\":\"ImageObject\",\"inLanguage\":\"de-CH\",\"@id\":\"https:\\\/\\\/teiaeducation.ch\\\/de\\\/produkt\\\/3d-holzsymbole-fuer-grammatik-substantiv-verb-nienhuis-montessori\\\/#primaryimage\",\"url\":\"https:\\\/\\\/teiaeducation.ch\\\/wp-content\\\/uploads\\\/2021\\\/01\\\/3D-wooden-grammar-symbol-noun-and-verb-Montessori-language-material-Nienhuis-Montessori.jpg\",\"contentUrl\":\"https:\\\/\\\/teiaeducation.ch\\\/wp-content\\\/uploads\\\/2021\\\/01\\\/3D-wooden-grammar-symbol-noun-and-verb-Montessori-language-material-Nienhuis-Montessori.jpg\",\"width\":573,\"height\":431,\"caption\":\"3D-Holz-Grammatiksymbole \u2013 Substantiv und Verb: Montessori-Sprachmaterial \u2013 Nienhuis Montessori\"},{\"@type\":\"BreadcrumbList\",\"@id\":\"https:\\\/\\\/teiaeducation.ch\\\/de\\\/produkt\\\/3d-holzsymbole-fuer-grammatik-substantiv-verb-nienhuis-montessori\\\/#breadcrumb\",\"itemListElement\":[{\"@type\":\"ListItem\",\"position\":1,\"name\":\"Home\",\"item\":\"https:\\\/\\\/teiaeducation.ch\\\/de\\\/\"},{\"@type\":\"ListItem\",\"position\":2,\"name\":\"Laden\",\"item\":\"https:\\\/\\\/teiaeducation.ch\\\/de\\\/shop\\\/\"},{\"@type\":\"ListItem\",\"position\":3,\"name\":\"3D-Holzsymbole f\u00fcr Grammatik: Substantiv &amp; Verb \u2013 Nienhuis Montessori\"}]},{\"@type\":\"WebSite\",\"@id\":\"https:\\\/\\\/teiaeducation.ch\\\/de\\\/#website\",\"url\":\"https:\\\/\\\/teiaeducation.ch\\\/de\\\/\",\"name\":\"Sustainable Educational Products &amp; Ecological Toys\u00a0\",\"description\":\"Specialised Swiss shop selling sustainable educational toys and games, AMI certified Montessori materials, handmade ecological wooden Waldorf toys and arts &amp; crafts supplies, school supplies, children&#039;s furniture and Montessori reference and parenting books.\",\"publisher\":{\"@id\":\"https:\\\/\\\/teiaeducation.ch\\\/de\\\/#organization\"},\"alternateName\":\"Teia Education & Play\",\"potentialAction\":[{\"@type\":\"SearchAction\",\"target\":{\"@type\":\"EntryPoint\",\"urlTemplate\":\"https:\\\/\\\/teiaeducation.ch\\\/de\\\/?s={search_term_string}\"},\"query-input\":{\"@type\":\"PropertyValueSpecification\",\"valueRequired\":true,\"valueName\":\"search_term_string\"}}],\"inLanguage\":\"de-CH\"},{\"@type\":\"Organization\",\"@id\":\"https:\\\/\\\/teiaeducation.ch\\\/de\\\/#organization\",\"name\":\"Teia Education & Play\",\"url\":\"https:\\\/\\\/teiaeducation.ch\\\/de\\\/\",\"logo\":{\"@type\":\"ImageObject\",\"inLanguage\":\"de-CH\",\"@id\":\"https:\\\/\\\/teiaeducation.ch\\\/de\\\/#\\\/schema\\\/logo\\\/image\\\/\",\"url\":\"https:\\\/\\\/teiaeducation.ch\\\/wp-content\\\/uploads\\\/2020\\\/11\\\/Teia-Education-Switzerland-e1620156442216.jpg\",\"contentUrl\":\"https:\\\/\\\/teiaeducation.ch\\\/wp-content\\\/uploads\\\/2020\\\/11\\\/Teia-Education-Switzerland-e1620156442216.jpg\",\"width\":166,\"height\":145,\"caption\":\"Teia Education & Play\"},\"image\":{\"@id\":\"https:\\\/\\\/teiaeducation.ch\\\/de\\\/#\\\/schema\\\/logo\\\/image\\\/\"},\"sameAs\":[\"https:\\\/\\\/www.facebook.com\\\/teiaeducation\\\/\",\"https:\\\/\\\/x.com\\\/EducationTeia\",\"https:\\\/\\\/www.instagram.com\\\/teia.education\\\/\",\"https:\\\/\\\/www.linkedin.com\\\/company\\\/35501660\",\"https:\\\/\\\/www.pinterest.ch\\\/TeiaEducation\\\/\"]}]}<\/script>\n<meta property=\"product:price:amount\" content=\"41.90\" \/>\n<meta property=\"product:price:currency\" content=\"CHF\" \/>\n<meta property=\"og:availability\" content=\"instock\" \/>\n<meta property=\"product:availability\" content=\"instock\" \/>\n<meta property=\"product:retailer_item_id\" content=\"a7b8bdb531f3\" \/>\n<meta property=\"product:condition\" content=\"new\" \/>\n<!-- \/ Yoast SEO Premium plugin. -->","yoast_head_json":{"title":"3D-Holzsymbole f\u00fcr Grammatik: Substantiv & Verb \u2013 Nienhuis Montessori","description":"Das Nienhuis Montessori-Sprachmaterial 3D-Holzgrammatik-Symbole Substantiv und Verb sind Grammatik-Symbole als ma\u00dfstabsgetreue dreidimensionale Modelle.","robots":{"index":"index","follow":"follow","max-snippet":"max-snippet:-1","max-image-preview":"max-image-preview:large","max-video-preview":"max-video-preview:-1"},"canonical":"https:\/\/teiaeducation.ch\/de\/produkt\/3d-holzsymbole-fuer-grammatik-substantiv-verb-nienhuis-montessori\/","og_locale":"de_DE","og_type":"article","og_title":"3D-Holzsymbole f\u00fcr Grammatik: Substantiv &amp; Verb \u2013 Nienhuis Montessori","og_description":"Das Nienhuis Montessori-Sprachmaterial 3D-Holzgrammatik-Symbole Substantiv und Verb sind Grammatik-Symbole als ma\u00dfstabsgetreue dreidimensionale Modelle.","og_url":"https:\/\/teiaeducation.ch\/de\/produkt\/3d-holzsymbole-fuer-grammatik-substantiv-verb-nienhuis-montessori\/","og_site_name":"Sustainable Educational Products &amp; Ecological Toys\u00a0","article_publisher":"https:\/\/www.facebook.com\/teiaeducation\/","article_modified_time":"2025-10-06T12:32:49+00:00","og_image":[{"width":573,"height":431,"url":"https:\/\/teiaeducation.ch\/wp-content\/uploads\/2021\/01\/3D-wooden-grammar-symbol-noun-and-verb-Montessori-language-material-Nienhuis-Montessori.jpg","type":"image\/jpeg"}],"schema":{"@context":"https:\/\/schema.org","@graph":[{"@type":"WebPage","@id":"https:\/\/teiaeducation.ch\/de\/produkt\/3d-holzsymbole-fuer-grammatik-substantiv-verb-nienhuis-montessori\/","url":"https:\/\/teiaeducation.ch\/de\/produkt\/3d-holzsymbole-fuer-grammatik-substantiv-verb-nienhuis-montessori\/","name":"3D-Holzsymbole f\u00fcr Grammatik: Substantiv & Verb \u2013 Nienhuis Montessori","isPartOf":{"@id":"https:\/\/teiaeducation.ch\/de\/#website"},"primaryImageOfPage":{"@id":"https:\/\/teiaeducation.ch\/de\/produkt\/3d-holzsymbole-fuer-grammatik-substantiv-verb-nienhuis-montessori\/#primaryimage"},"image":{"@id":"https:\/\/teiaeducation.ch\/de\/produkt\/3d-holzsymbole-fuer-grammatik-substantiv-verb-nienhuis-montessori\/#primaryimage"},"thumbnailUrl":"https:\/\/teiaeducation.ch\/wp-content\/uploads\/2021\/01\/3D-wooden-grammar-symbol-noun-and-verb-Montessori-language-material-Nienhuis-Montessori.jpg","datePublished":"2021-01-17T14:58:32+00:00","dateModified":"2025-10-06T12:32:49+00:00","description":"Das Nienhuis Montessori-Sprachmaterial 3D-Holzgrammatik-Symbole Substantiv und Verb sind Grammatik-Symbole als ma\u00dfstabsgetreue dreidimensionale Modelle.","breadcrumb":{"@id":"https:\/\/teiaeducation.ch\/de\/produkt\/3d-holzsymbole-fuer-grammatik-substantiv-verb-nienhuis-montessori\/#breadcrumb"},"inLanguage":"de-CH","potentialAction":[{"@type":"ReadAction","target":["https:\/\/teiaeducation.ch\/de\/produkt\/3d-holzsymbole-fuer-grammatik-substantiv-verb-nienhuis-montessori\/"]}]},{"@type":"ImageObject","inLanguage":"de-CH","@id":"https:\/\/teiaeducation.ch\/de\/produkt\/3d-holzsymbole-fuer-grammatik-substantiv-verb-nienhuis-montessori\/#primaryimage","url":"https:\/\/teiaeducation.ch\/wp-content\/uploads\/2021\/01\/3D-wooden-grammar-symbol-noun-and-verb-Montessori-language-material-Nienhuis-Montessori.jpg","contentUrl":"https:\/\/teiaeducation.ch\/wp-content\/uploads\/2021\/01\/3D-wooden-grammar-symbol-noun-and-verb-Montessori-language-material-Nienhuis-Montessori.jpg","width":573,"height":431,"caption":"3D-Holz-Grammatiksymbole \u2013 Substantiv und Verb: Montessori-Sprachmaterial \u2013 Nienhuis Montessori"},{"@type":"BreadcrumbList","@id":"https:\/\/teiaeducation.ch\/de\/produkt\/3d-holzsymbole-fuer-grammatik-substantiv-verb-nienhuis-montessori\/#breadcrumb","itemListElement":[{"@type":"ListItem","position":1,"name":"Home","item":"https:\/\/teiaeducation.ch\/de\/"},{"@type":"ListItem","position":2,"name":"Laden","item":"https:\/\/teiaeducation.ch\/de\/shop\/"},{"@type":"ListItem","position":3,"name":"3D-Holzsymbole f\u00fcr Grammatik: Substantiv &amp; Verb \u2013 Nienhuis Montessori"}]},{"@type":"WebSite","@id":"https:\/\/teiaeducation.ch\/de\/#website","url":"https:\/\/teiaeducation.ch\/de\/","name":"Sustainable Educational Products &amp; Ecological Toys\u00a0","description":"Specialised Swiss shop selling sustainable educational toys and games, AMI certified Montessori materials, handmade ecological wooden Waldorf toys and arts &amp; crafts supplies, school supplies, children&#039;s furniture and Montessori reference and parenting books.","publisher":{"@id":"https:\/\/teiaeducation.ch\/de\/#organization"},"alternateName":"Teia Education & Play","potentialAction":[{"@type":"SearchAction","target":{"@type":"EntryPoint","urlTemplate":"https:\/\/teiaeducation.ch\/de\/?s={search_term_string}"},"query-input":{"@type":"PropertyValueSpecification","valueRequired":true,"valueName":"search_term_string"}}],"inLanguage":"de-CH"},{"@type":"Organization","@id":"https:\/\/teiaeducation.ch\/de\/#organization","name":"Teia Education & Play","url":"https:\/\/teiaeducation.ch\/de\/","logo":{"@type":"ImageObject","inLanguage":"de-CH","@id":"https:\/\/teiaeducation.ch\/de\/#\/schema\/logo\/image\/","url":"https:\/\/teiaeducation.ch\/wp-content\/uploads\/2020\/11\/Teia-Education-Switzerland-e1620156442216.jpg","contentUrl":"https:\/\/teiaeducation.ch\/wp-content\/uploads\/2020\/11\/Teia-Education-Switzerland-e1620156442216.jpg","width":166,"height":145,"caption":"Teia Education & Play"},"image":{"@id":"https:\/\/teiaeducation.ch\/de\/#\/schema\/logo\/image\/"},"sameAs":["https:\/\/www.facebook.com\/teiaeducation\/","https:\/\/x.com\/EducationTeia","https:\/\/www.instagram.com\/teia.education\/","https:\/\/www.linkedin.com\/company\/35501660","https:\/\/www.pinterest.ch\/TeiaEducation\/"]}]},"product_price_amount":"41.90","product_price_currency":"CHF","og_availability":"instock","product_availability":"instock","product_retailer_item_id":"a7b8bdb531f3","product_condition":"new"},"_links":{"self":[{"href":"https:\/\/teiaeducation.ch\/de\/wp-json\/wp\/v2\/product\/71425","targetHints":{"allow":["GET"]}}],"collection":[{"href":"https:\/\/teiaeducation.ch\/de\/wp-json\/wp\/v2\/product"}],"about":[{"href":"https:\/\/teiaeducation.ch\/de\/wp-json\/wp\/v2\/types\/product"}],"replies":[{"embeddable":true,"href":"https:\/\/teiaeducation.ch\/de\/wp-json\/wp\/v2\/comments?post=71425"}],"wp:featuredmedia":[{"embeddable":true,"href":"https:\/\/teiaeducation.ch\/de\/wp-json\/wp\/v2\/media\/71426"}],"wp:attachment":[{"href":"https:\/\/teiaeducation.ch\/de\/wp-json\/wp\/v2\/media?parent=71425"}],"wp:term":[{"taxonomy":"product_brand","embeddable":true,"href":"https:\/\/teiaeducation.ch\/de\/wp-json\/wp\/v2\/product_brand?post=71425"},{"taxonomy":"product_cat","embeddable":true,"href":"https:\/\/teiaeducation.ch\/de\/wp-json\/wp\/v2\/product_cat?post=71425"},{"taxonomy":"product_tag","embeddable":true,"href":"https:\/\/teiaeducation.ch\/de\/wp-json\/wp\/v2\/product_tag?post=71425"}],"curies":[{"name":"wp","href":"https:\/\/api.w.org\/{rel}","templated":true}]}}