{"id":71431,"date":"2020-01-24T11:00:15","date_gmt":"2020-01-24T10:00:15","guid":{"rendered":"https:\/\/teiaeducation.ch\/product\/der-montessori-ansatz-zur-musik-maria-montessori\/"},"modified":"2025-10-07T13:55:09","modified_gmt":"2025-10-07T11:55:09","slug":"der-montessori-ansatz-zur-musik-maria-montessori","status":"publish","type":"product","link":"https:\/\/teiaeducation.ch\/de\/produkt\/der-montessori-ansatz-zur-musik-maria-montessori\/","title":{"rendered":"Der Montessori-Ansatz zur Musik \u2013 Maria Montessori"},"content":{"rendered":"<p>Der Montessori-Ansatz zur Musik Softcover<a href=\"\/?product_cat=books-curriculum-support\"> Buch<\/a> aus der Montessori-Reihe, Band 23, herausgegeben von Montessori-Pierson Verlag, konzentriert sich auf die Tiefe und den Reichtum der musikalischen Erfahrung f\u00fcr Kinder, die das Verm\u00e4chtnis von Maria Montessori und Anna Maccheroni ist \u2013 ein Verm\u00e4chtnis, das es anzunehmen gilt, und eine Verantwortung, die es weiterzuf\u00fchren gilt..<\/p>\n<p>Montessori erkannte die Bedeutung von <a href=\"https:\/\/teiaeducation.ch\/de\/produkt-kategorie\/unsere-marken\/nienhuis-montessori-schweiz\/musik-material-nienhuis-montessori\/\">Musik<\/a> im Leben von Kindern und wollte allen Kindern in Montessori-Schulen eine gr\u00fcndliche und entwicklungsorientierte Musikausbildung bieten. In Anna Maccheroni, einer Musikerin und begabten Montessori-Lehrerin, fand sie eine Kollegin, die sowohl ein tiefes Verst\u00e4ndnis f\u00fcr die Montessori-Prinzipien als auch den notwendigen musikalischen Hintergrund mitbrachte. <\/p>\n<p>Da der Montessori-Ansatz in der Musik auf der Erkenntnis basiert, dass kleine Kinder in erster Linie durch ihre Erfahrungen und <a href=\"https:\/\/teiaeducation.ch\/de\/produkt-kategorie\/kinder-spielzeug\/sinnliches-spiel\/\">Sinne<\/a> lernen, sprechen wir gleichzeitig das Geh\u00f6r, das Auge, die Stimme, die Hand, den K\u00f6rper und die Seele des Kindes an \u2013 das Kind wird mit seinem ganzen Wesen aktiv in das gesamte Musikerlebnis einbezogen.<\/p>\n<p>Inhalt:<\/p>\n<p>1 Taschenbuch \u2013 208 Seiten<\/p>\n<h2>\u00dcber den Montessori-Pierson Verlag<\/h2>\n<p>Die Montessori-Pierson Verlag mit Sitz in Laren, Niederlande, ver\u00f6ffentlicht und vertreibt die B\u00fccher sowie die unver\u00f6ffentlichten Schriften von Dr. Maria Montessori in englischer und spanischer Sprache.<\/p>\n<p>Der Verlag bewahrt, verbreitet und f\u00f6rdert die von Maria Montessori formulierten p\u00e4dagogischen Prinzipien und Praktiken zur vollst\u00e4ndigen Entfaltung des Menschen. Er verwaltet und pflegt au\u00dferdem alle (Verlags-)Rechte und Urheberrechte an den Werken und B\u00fcchern von Maria Montessori sowie an den Archiven von Maria Montessori, die von der <a href=\"http:\/\/www.montessori-ami.org\">Association Montessori Internationale<\/a> in Amsterdam, Niederlande, verwaltet werden. <\/p>\n","protected":false},"excerpt":{"rendered":"<p>Artikelnummer: 000023<\/p>\n<p>Das Musikbuch \u201eThe Montessori Approach to Music\u201c (Der Montessori-Ansatz zur Musik) des Verlags Montessori-Pierson Verlag konzentriert sich auf die Tiefe und den Reichtum musikalischer Erfahrungen f\u00fcr Kinder.<\/p>\n","protected":false},"featured_media":71432,"comment_status":"closed","ping_status":"closed","template":"","meta":[],"product_brand":[],"product_cat":[21479,21499,21481,21505,21578,21503,21564],"product_tag":[32214,32215,32211,32213,32212],"class_list":{"0":"post-71431","1":"product","2":"type-product","3":"status-publish","4":"has-post-thumbnail","6":"product_cat-lernmaterialien-spielzeug-montessori-waldorf-steiner-froebel","7":"product_cat-lernunterstuetzung","8":"product_cat-montessori-paedagogik-material-spielzeug","9":"product_cat-montessori-buecher","10":"product_cat-montessori-pierson-publishing-company-de","11":"product_cat-referenz-buecher","12":"product_cat-unsere-marken","13":"product_tag-buch-der-montessori-ansatz-zur-musik-maria-montessori","14":"product_tag-buch-montessori-ansatz-zur-musik","15":"product_tag-dr-maria-montessori-de","16":"product_tag-montessori-buch","17":"product_tag-montessori-pierson-verlag","19":"first","20":"instock","21":"taxable","22":"shipping-taxable","23":"purchasable","24":"product-type-simple"},"yoast_head":"<!-- This site is optimized with the Yoast SEO plugin v27.3 - https:\/\/yoast.com\/product\/yoast-seo-wordpress\/ -->\n<title>Der Montessori-Ansatz zur Musik \u2013 Maria Montessori<\/title>\n<meta name=\"description\" content=\"Das Musikbuch \u201eThe Montessori Approach to Music\u201c (Der Montessori-Ansatz zur Musik) des Verlags Montessori-Pierson Verlag konzentriert sich auf die Tiefe und den Reichtum musikalischer Erfahrungen f\u00fcr Kinder.\" \/>\n<meta name=\"robots\" content=\"index, follow, max-snippet:-1, max-image-preview:large, max-video-preview:-1\" \/>\n<link rel=\"canonical\" href=\"https:\/\/teiaeducation.ch\/de\/produkt\/der-montessori-ansatz-zur-musik-maria-montessori\/\" \/>\n<meta property=\"og:locale\" content=\"de_DE\" \/>\n<meta property=\"og:type\" content=\"article\" \/>\n<meta property=\"og:title\" content=\"Der Montessori-Ansatz zur Musik \u2013 Maria Montessori\" \/>\n<meta property=\"og:description\" content=\"Das Musikbuch \u201eThe Montessori Approach to Music\u201c (Der Montessori-Ansatz zur Musik) des Verlags Montessori-Pierson Verlag konzentriert sich auf die Tiefe und den Reichtum musikalischer Erfahrungen f\u00fcr Kinder.\" \/>\n<meta property=\"og:url\" content=\"https:\/\/teiaeducation.ch\/de\/produkt\/der-montessori-ansatz-zur-musik-maria-montessori\/\" \/>\n<meta property=\"og:site_name\" content=\"Sustainable Educational Products &amp; Ecological Toys\u00a0\" \/>\n<meta property=\"article:publisher\" content=\"https:\/\/www.facebook.com\/teiaeducation\/\" \/>\n<meta property=\"article:modified_time\" content=\"2025-10-07T11:55:09+00:00\" \/>\n<meta property=\"og:image\" content=\"https:\/\/teiaeducation.ch\/wp-content\/uploads\/2021\/05\/Book-The-Montessori-Approach-to-Music-Maria-Montessori-Montessori-Pierson-Publishing-Company-scaled.jpg\" \/>\n\t<meta property=\"og:image:width\" content=\"900\" \/>\n\t<meta property=\"og:image:height\" content=\"900\" \/>\n\t<meta property=\"og:image:type\" content=\"image\/jpeg\" \/>\n<script type=\"application\/ld+json\" class=\"yoast-schema-graph\">{\"@context\":\"https:\\\/\\\/schema.org\",\"@graph\":[{\"@type\":\"WebPage\",\"@id\":\"https:\\\/\\\/teiaeducation.ch\\\/de\\\/produkt\\\/der-montessori-ansatz-zur-musik-maria-montessori\\\/\",\"url\":\"https:\\\/\\\/teiaeducation.ch\\\/de\\\/produkt\\\/der-montessori-ansatz-zur-musik-maria-montessori\\\/\",\"name\":\"Der Montessori-Ansatz zur Musik \u2013 Maria Montessori\",\"isPartOf\":{\"@id\":\"https:\\\/\\\/teiaeducation.ch\\\/de\\\/#website\"},\"primaryImageOfPage\":{\"@id\":\"https:\\\/\\\/teiaeducation.ch\\\/de\\\/produkt\\\/der-montessori-ansatz-zur-musik-maria-montessori\\\/#primaryimage\"},\"image\":{\"@id\":\"https:\\\/\\\/teiaeducation.ch\\\/de\\\/produkt\\\/der-montessori-ansatz-zur-musik-maria-montessori\\\/#primaryimage\"},\"thumbnailUrl\":\"https:\\\/\\\/teiaeducation.ch\\\/wp-content\\\/uploads\\\/2021\\\/05\\\/Book-The-Montessori-Approach-to-Music-Maria-Montessori-Montessori-Pierson-Publishing-Company-scaled.jpg\",\"datePublished\":\"2020-01-24T10:00:15+00:00\",\"dateModified\":\"2025-10-07T11:55:09+00:00\",\"description\":\"Das Musikbuch \u201eThe Montessori Approach to Music\u201c (Der Montessori-Ansatz zur Musik) des Verlags Montessori-Pierson Verlag konzentriert sich auf die Tiefe und den Reichtum musikalischer Erfahrungen f\u00fcr Kinder.\",\"breadcrumb\":{\"@id\":\"https:\\\/\\\/teiaeducation.ch\\\/de\\\/produkt\\\/der-montessori-ansatz-zur-musik-maria-montessori\\\/#breadcrumb\"},\"inLanguage\":\"de-CH\",\"potentialAction\":[{\"@type\":\"ReadAction\",\"target\":[\"https:\\\/\\\/teiaeducation.ch\\\/de\\\/produkt\\\/der-montessori-ansatz-zur-musik-maria-montessori\\\/\"]}]},{\"@type\":\"ImageObject\",\"inLanguage\":\"de-CH\",\"@id\":\"https:\\\/\\\/teiaeducation.ch\\\/de\\\/produkt\\\/der-montessori-ansatz-zur-musik-maria-montessori\\\/#primaryimage\",\"url\":\"https:\\\/\\\/teiaeducation.ch\\\/wp-content\\\/uploads\\\/2021\\\/05\\\/Book-The-Montessori-Approach-to-Music-Maria-Montessori-Montessori-Pierson-Publishing-Company-scaled.jpg\",\"contentUrl\":\"https:\\\/\\\/teiaeducation.ch\\\/wp-content\\\/uploads\\\/2021\\\/05\\\/Book-The-Montessori-Approach-to-Music-Maria-Montessori-Montessori-Pierson-Publishing-Company-scaled.jpg\",\"width\":900,\"height\":900,\"caption\":\"Buch \u201eDer Montessori-Ansatz zur Musik\u201c \u2013 Maria Montessori: Montessori-Pierson Verlag\"},{\"@type\":\"BreadcrumbList\",\"@id\":\"https:\\\/\\\/teiaeducation.ch\\\/de\\\/produkt\\\/der-montessori-ansatz-zur-musik-maria-montessori\\\/#breadcrumb\",\"itemListElement\":[{\"@type\":\"ListItem\",\"position\":1,\"name\":\"Home\",\"item\":\"https:\\\/\\\/teiaeducation.ch\\\/de\\\/\"},{\"@type\":\"ListItem\",\"position\":2,\"name\":\"Laden\",\"item\":\"https:\\\/\\\/teiaeducation.ch\\\/de\\\/shop\\\/\"},{\"@type\":\"ListItem\",\"position\":3,\"name\":\"Der Montessori-Ansatz zur Musik \u2013 Maria Montessori\"}]},{\"@type\":\"WebSite\",\"@id\":\"https:\\\/\\\/teiaeducation.ch\\\/de\\\/#website\",\"url\":\"https:\\\/\\\/teiaeducation.ch\\\/de\\\/\",\"name\":\"Sustainable Educational Products &amp; Ecological Toys\u00a0\",\"description\":\"Specialised Swiss shop selling sustainable educational toys and games, AMI certified Montessori materials, handmade ecological wooden Waldorf toys and arts &amp; crafts supplies, school supplies, children&#039;s furniture and Montessori reference and parenting books.\",\"publisher\":{\"@id\":\"https:\\\/\\\/teiaeducation.ch\\\/de\\\/#organization\"},\"alternateName\":\"Teia Education & Play\",\"potentialAction\":[{\"@type\":\"SearchAction\",\"target\":{\"@type\":\"EntryPoint\",\"urlTemplate\":\"https:\\\/\\\/teiaeducation.ch\\\/de\\\/?s={search_term_string}\"},\"query-input\":{\"@type\":\"PropertyValueSpecification\",\"valueRequired\":true,\"valueName\":\"search_term_string\"}}],\"inLanguage\":\"de-CH\"},{\"@type\":\"Organization\",\"@id\":\"https:\\\/\\\/teiaeducation.ch\\\/de\\\/#organization\",\"name\":\"Teia Education & Play\",\"url\":\"https:\\\/\\\/teiaeducation.ch\\\/de\\\/\",\"logo\":{\"@type\":\"ImageObject\",\"inLanguage\":\"de-CH\",\"@id\":\"https:\\\/\\\/teiaeducation.ch\\\/de\\\/#\\\/schema\\\/logo\\\/image\\\/\",\"url\":\"https:\\\/\\\/teiaeducation.ch\\\/wp-content\\\/uploads\\\/2020\\\/11\\\/Teia-Education-Switzerland-e1620156442216.jpg\",\"contentUrl\":\"https:\\\/\\\/teiaeducation.ch\\\/wp-content\\\/uploads\\\/2020\\\/11\\\/Teia-Education-Switzerland-e1620156442216.jpg\",\"width\":166,\"height\":145,\"caption\":\"Teia Education & Play\"},\"image\":{\"@id\":\"https:\\\/\\\/teiaeducation.ch\\\/de\\\/#\\\/schema\\\/logo\\\/image\\\/\"},\"sameAs\":[\"https:\\\/\\\/www.facebook.com\\\/teiaeducation\\\/\",\"https:\\\/\\\/x.com\\\/EducationTeia\",\"https:\\\/\\\/www.instagram.com\\\/teia.education\\\/\",\"https:\\\/\\\/www.linkedin.com\\\/company\\\/35501660\",\"https:\\\/\\\/www.pinterest.ch\\\/TeiaEducation\\\/\"]}]}<\/script>\n<!-- \/ Yoast SEO plugin. -->","yoast_head_json":{"title":"Der Montessori-Ansatz zur Musik \u2013 Maria Montessori","description":"Das Musikbuch \u201eThe Montessori Approach to Music\u201c (Der Montessori-Ansatz zur Musik) des Verlags Montessori-Pierson Verlag konzentriert sich auf die Tiefe und den Reichtum musikalischer Erfahrungen f\u00fcr Kinder.","robots":{"index":"index","follow":"follow","max-snippet":"max-snippet:-1","max-image-preview":"max-image-preview:large","max-video-preview":"max-video-preview:-1"},"canonical":"https:\/\/teiaeducation.ch\/de\/produkt\/der-montessori-ansatz-zur-musik-maria-montessori\/","og_locale":"de_DE","og_type":"article","og_title":"Der Montessori-Ansatz zur Musik \u2013 Maria Montessori","og_description":"Das Musikbuch \u201eThe Montessori Approach to Music\u201c (Der Montessori-Ansatz zur Musik) des Verlags Montessori-Pierson Verlag konzentriert sich auf die Tiefe und den Reichtum musikalischer Erfahrungen f\u00fcr Kinder.","og_url":"https:\/\/teiaeducation.ch\/de\/produkt\/der-montessori-ansatz-zur-musik-maria-montessori\/","og_site_name":"Sustainable Educational Products &amp; Ecological Toys\u00a0","article_publisher":"https:\/\/www.facebook.com\/teiaeducation\/","article_modified_time":"2025-10-07T11:55:09+00:00","og_image":[{"width":900,"height":900,"url":"https:\/\/teiaeducation.ch\/wp-content\/uploads\/2021\/05\/Book-The-Montessori-Approach-to-Music-Maria-Montessori-Montessori-Pierson-Publishing-Company-scaled.jpg","type":"image\/jpeg"}],"schema":{"@context":"https:\/\/schema.org","@graph":[{"@type":"WebPage","@id":"https:\/\/teiaeducation.ch\/de\/produkt\/der-montessori-ansatz-zur-musik-maria-montessori\/","url":"https:\/\/teiaeducation.ch\/de\/produkt\/der-montessori-ansatz-zur-musik-maria-montessori\/","name":"Der Montessori-Ansatz zur Musik \u2013 Maria Montessori","isPartOf":{"@id":"https:\/\/teiaeducation.ch\/de\/#website"},"primaryImageOfPage":{"@id":"https:\/\/teiaeducation.ch\/de\/produkt\/der-montessori-ansatz-zur-musik-maria-montessori\/#primaryimage"},"image":{"@id":"https:\/\/teiaeducation.ch\/de\/produkt\/der-montessori-ansatz-zur-musik-maria-montessori\/#primaryimage"},"thumbnailUrl":"https:\/\/teiaeducation.ch\/wp-content\/uploads\/2021\/05\/Book-The-Montessori-Approach-to-Music-Maria-Montessori-Montessori-Pierson-Publishing-Company-scaled.jpg","datePublished":"2020-01-24T10:00:15+00:00","dateModified":"2025-10-07T11:55:09+00:00","description":"Das Musikbuch \u201eThe Montessori Approach to Music\u201c (Der Montessori-Ansatz zur Musik) des Verlags Montessori-Pierson Verlag konzentriert sich auf die Tiefe und den Reichtum musikalischer Erfahrungen f\u00fcr Kinder.","breadcrumb":{"@id":"https:\/\/teiaeducation.ch\/de\/produkt\/der-montessori-ansatz-zur-musik-maria-montessori\/#breadcrumb"},"inLanguage":"de-CH","potentialAction":[{"@type":"ReadAction","target":["https:\/\/teiaeducation.ch\/de\/produkt\/der-montessori-ansatz-zur-musik-maria-montessori\/"]}]},{"@type":"ImageObject","inLanguage":"de-CH","@id":"https:\/\/teiaeducation.ch\/de\/produkt\/der-montessori-ansatz-zur-musik-maria-montessori\/#primaryimage","url":"https:\/\/teiaeducation.ch\/wp-content\/uploads\/2021\/05\/Book-The-Montessori-Approach-to-Music-Maria-Montessori-Montessori-Pierson-Publishing-Company-scaled.jpg","contentUrl":"https:\/\/teiaeducation.ch\/wp-content\/uploads\/2021\/05\/Book-The-Montessori-Approach-to-Music-Maria-Montessori-Montessori-Pierson-Publishing-Company-scaled.jpg","width":900,"height":900,"caption":"Buch \u201eDer Montessori-Ansatz zur Musik\u201c \u2013 Maria Montessori: Montessori-Pierson Verlag"},{"@type":"BreadcrumbList","@id":"https:\/\/teiaeducation.ch\/de\/produkt\/der-montessori-ansatz-zur-musik-maria-montessori\/#breadcrumb","itemListElement":[{"@type":"ListItem","position":1,"name":"Home","item":"https:\/\/teiaeducation.ch\/de\/"},{"@type":"ListItem","position":2,"name":"Laden","item":"https:\/\/teiaeducation.ch\/de\/shop\/"},{"@type":"ListItem","position":3,"name":"Der Montessori-Ansatz zur Musik \u2013 Maria Montessori"}]},{"@type":"WebSite","@id":"https:\/\/teiaeducation.ch\/de\/#website","url":"https:\/\/teiaeducation.ch\/de\/","name":"Sustainable Educational Products &amp; Ecological Toys\u00a0","description":"Specialised Swiss shop selling sustainable educational toys and games, AMI certified Montessori materials, handmade ecological wooden Waldorf toys and arts &amp; crafts supplies, school supplies, children&#039;s furniture and Montessori reference and parenting books.","publisher":{"@id":"https:\/\/teiaeducation.ch\/de\/#organization"},"alternateName":"Teia Education & Play","potentialAction":[{"@type":"SearchAction","target":{"@type":"EntryPoint","urlTemplate":"https:\/\/teiaeducation.ch\/de\/?s={search_term_string}"},"query-input":{"@type":"PropertyValueSpecification","valueRequired":true,"valueName":"search_term_string"}}],"inLanguage":"de-CH"},{"@type":"Organization","@id":"https:\/\/teiaeducation.ch\/de\/#organization","name":"Teia Education & Play","url":"https:\/\/teiaeducation.ch\/de\/","logo":{"@type":"ImageObject","inLanguage":"de-CH","@id":"https:\/\/teiaeducation.ch\/de\/#\/schema\/logo\/image\/","url":"https:\/\/teiaeducation.ch\/wp-content\/uploads\/2020\/11\/Teia-Education-Switzerland-e1620156442216.jpg","contentUrl":"https:\/\/teiaeducation.ch\/wp-content\/uploads\/2020\/11\/Teia-Education-Switzerland-e1620156442216.jpg","width":166,"height":145,"caption":"Teia Education & Play"},"image":{"@id":"https:\/\/teiaeducation.ch\/de\/#\/schema\/logo\/image\/"},"sameAs":["https:\/\/www.facebook.com\/teiaeducation\/","https:\/\/x.com\/EducationTeia","https:\/\/www.instagram.com\/teia.education\/","https:\/\/www.linkedin.com\/company\/35501660","https:\/\/www.pinterest.ch\/TeiaEducation\/"]}]}},"_links":{"self":[{"href":"https:\/\/teiaeducation.ch\/de\/wp-json\/wp\/v2\/product\/71431","targetHints":{"allow":["GET"]}}],"collection":[{"href":"https:\/\/teiaeducation.ch\/de\/wp-json\/wp\/v2\/product"}],"about":[{"href":"https:\/\/teiaeducation.ch\/de\/wp-json\/wp\/v2\/types\/product"}],"replies":[{"embeddable":true,"href":"https:\/\/teiaeducation.ch\/de\/wp-json\/wp\/v2\/comments?post=71431"}],"wp:featuredmedia":[{"embeddable":true,"href":"https:\/\/teiaeducation.ch\/de\/wp-json\/wp\/v2\/media\/71432"}],"wp:attachment":[{"href":"https:\/\/teiaeducation.ch\/de\/wp-json\/wp\/v2\/media?parent=71431"}],"wp:term":[{"taxonomy":"product_brand","embeddable":true,"href":"https:\/\/teiaeducation.ch\/de\/wp-json\/wp\/v2\/product_brand?post=71431"},{"taxonomy":"product_cat","embeddable":true,"href":"https:\/\/teiaeducation.ch\/de\/wp-json\/wp\/v2\/product_cat?post=71431"},{"taxonomy":"product_tag","embeddable":true,"href":"https:\/\/teiaeducation.ch\/de\/wp-json\/wp\/v2\/product_tag?post=71431"}],"curies":[{"name":"wp","href":"https:\/\/api.w.org\/{rel}","templated":true}]}}