{"id":71433,"date":"2019-10-29T13:25:26","date_gmt":"2019-10-29T12:25:26","guid":{"rendered":"https:\/\/teiaeducation.ch\/product\/ersatzteil-verbundenes-nylonquadrat-5-hellblau-nienhuis-montessori\/"},"modified":"2025-10-07T14:20:15","modified_gmt":"2025-10-07T12:20:15","slug":"ersatzteil-verbundenes-nylonquadrat-5-hellblau-nienhuis-montessori","status":"publish","type":"product","link":"https:\/\/teiaeducation.ch\/de\/produkt\/ersatzteil-verbundenes-nylonquadrat-5-hellblau-nienhuis-montessori\/","title":{"rendered":"Ersatzteil: verbundenes Nylonquadrat 5: hellblau \u2013 Nienhuis Montessori"},"content":{"rendered":"<p>Ein Ersatzteil, ein quadratisches St\u00fcck hellblaues Nylon mit einer Seitenl\u00e4nge von 5 cm f\u00fcr die Nienhuis Montessori <br \/><a href=\"https:\/\/teiaeducation.ch\/de\/produkt\/kurze-perlenketten-lose-perlen-kunststoff-nienhuis-montessori\/\">kurzen Perlenketten (Nylon)<\/a> und Perlenmaterial (Nylon).<\/p>\n<p>Dieses <a href=\"https:\/\/teiaeducation.ch\/de\/produkt-kategorie\/lernmaterialien-spielzeug-montessori-waldorf-steiner-froebel\/montessori-paedagogik-material-spielzeug\/\">Montessori-Material<\/a> ist f\u00fcr Kinder ab 5 Jahren geeignet.<\/p>\n<p>Inhalt:<\/p>\n<p>1 verbundenes Nylonquadrat von 5 in Hellblau<\/p>\n<h2>\u00dcber Nienhuis Montessori<\/h2>\n<p>Die niederl\u00e4ndische Marke <a href=\"https:\/\/teiaeducation.ch\/de\/produkt-kategorie\/unsere-marken\/nienhuis-montessori-schweiz\/\">Nienhuis Montessori<\/a> ist die weltweit f\u00fchrende <a href=\"https:\/\/teiaeducation.ch\/de\/was-ist-die-montessori-paedagogik\/\">Montessori<\/a>-Marke, die das Erbe von Maria Montessori ehrt und fortf\u00fchrt und das breiteste und innovativste Sortiment an Original-Montessori-Materialien, &#8211;<a href=\"https:\/\/teiaeducation.ch\/de\/produkt-kategorie\/klassenzimmer-essenzien\/montessori-mobel\/\">M\u00f6beln<\/a> und <a href=\"https:\/\/teiaeducation.ch\/de\/produkt-kategorie\/unsere-marken\/nienhuis-montessori-schweiz\/curriculum-erganzung-nienhuis-montessori\/\">verwandten Produkten<\/a> herstellt. Die hochwertigen Nienhuis Montessori Produkte geben den Kindern die Werkzeuge, die sie brauchen, um Unabhangig und kritisch zu denken.<\/p>\n<p>Alle Nienhuis Montessori Materialien sind vom Materialkomitee der Association Montessori Internationale (<a href=\"https:\/\/montessori-ami.org\/\">AMI<\/a>) zertifiziert und werden sorgf\u00e4ltig hergestellt, um Schwierigkeiten zu isolieren, so dass die Kinder sich konzentrieren, lernen und sich entwickeln k\u00f6nnen.<\/p>\n<p>Nienhuis Montessori ist eine der Marken des Niederlandischen Unternehmens Heutink International, das weltweit die besten pedagogischen Marken anbietet, die auf <a href=\"https:\/\/teiaeducation.ch\/de\/produkt-kategorie\/kinder-spielzeug\/\">spielerisches<\/a> Lernen ausgerichtet sind.<\/p>\n","protected":false},"excerpt":{"rendered":"<p>Artikelnummer: 00860035<\/p>\n<p>Ersatzteil: Nylonquadrat, 5 cm, hellblau, f\u00fcr das Nienhuis Montessori-Set mit kurzen Perlenketten (Nylon) sowie das Perlenmaterial (Nylon).<\/p>\n","protected":false},"featured_media":71434,"comment_status":"closed","ping_status":"closed","template":"","meta":[],"product_brand":[],"product_cat":[21445,21446,21508,21509,21537,21652,21481,21443,21563,21572,21539,21564,21547],"product_tag":[26773,26783,26798,26799,32216],"class_list":{"0":"post-71433","1":"product","2":"type-product","3":"status-publish","4":"has-post-thumbnail","6":"product_cat-3-6-jahre-vorschule","7":"product_cat-6-12-jahre-grundschule","8":"product_cat-ersatzteile","9":"product_cat-lernthemen","10":"product_cat-mathematik-rechnen","11":"product_cat-mathematik-nienhuis-montessori","12":"product_cat-montessori-paedagogik-material-spielzeug","13":"product_cat-nach-alter","14":"product_cat-neuheiten","15":"product_cat-nienhuis-montessori-schweiz","16":"product_cat-perlen-material","17":"product_cat-unsere-marken","18":"product_cat-ziffern","19":"product_tag-montessori-mathematik","20":"product_tag-montessori-perlenmaterial","21":"product_tag-nienhuis-montessori-kurze-perlenketten","22":"product_tag-nienhuis-montessori-kurze-perlenketten-lose-perlen-kunststoff","23":"product_tag-nienhuis-montessori-perlenketten","25":"first","26":"instock","27":"taxable","28":"shipping-taxable","29":"purchasable","30":"product-type-simple"},"yoast_head":"<!-- This site is optimized with the Yoast SEO plugin v27.1.1 - https:\/\/yoast.com\/product\/yoast-seo-wordpress\/ -->\n<title>Ersatzteil: verbundenes Nylonquadrat 5: hellblau \u2013 Nienhuis Montessori<\/title>\n<meta name=\"description\" content=\"Ersatzteil: Nylonquadrat in Hellblau, 5 cm, f\u00fcr das Nienhuis Montessori-Set mit kurzen Perlenketten (Nylon) sowie das Perlenmaterial (Nylon).\" \/>\n<meta name=\"robots\" content=\"index, follow, max-snippet:-1, max-image-preview:large, max-video-preview:-1\" \/>\n<link rel=\"canonical\" href=\"https:\/\/teiaeducation.ch\/de\/produkt\/ersatzteil-verbundenes-nylonquadrat-5-hellblau-nienhuis-montessori\/\" \/>\n<meta property=\"og:locale\" content=\"de_DE\" \/>\n<meta property=\"og:type\" content=\"article\" \/>\n<meta property=\"og:title\" content=\"Ersatzteil: verbundenes Nylonquadrat 5: hellblau \u2013 Nienhuis Montessori\" \/>\n<meta property=\"og:description\" content=\"Ersatzteil: Nylonquadrat in Hellblau, 5 cm, f\u00fcr das Nienhuis Montessori-Set mit kurzen Perlenketten (Nylon) sowie das Perlenmaterial (Nylon).\" \/>\n<meta property=\"og:url\" content=\"https:\/\/teiaeducation.ch\/de\/produkt\/ersatzteil-verbundenes-nylonquadrat-5-hellblau-nienhuis-montessori\/\" \/>\n<meta property=\"og:site_name\" content=\"Sustainable Educational Products &amp; Ecological Toys\u00a0\" \/>\n<meta property=\"article:publisher\" content=\"https:\/\/www.facebook.com\/teiaeducation\/\" \/>\n<meta property=\"article:modified_time\" content=\"2025-10-07T12:20:15+00:00\" \/>\n<meta property=\"og:image\" content=\"https:\/\/teiaeducation.ch\/wp-content\/uploads\/2019\/10\/Nienhuis-Montessori-spare-part-Connected-Nylon-Square-Of-5-Light-Blue.jpeg\" \/>\n\t<meta property=\"og:image:width\" content=\"800\" \/>\n\t<meta property=\"og:image:height\" content=\"533\" \/>\n\t<meta property=\"og:image:type\" content=\"image\/jpeg\" \/>\n<script type=\"application\/ld+json\" class=\"yoast-schema-graph\">{\"@context\":\"https:\/\/schema.org\",\"@graph\":[{\"@type\":\"WebPage\",\"@id\":\"https:\/\/teiaeducation.ch\/de\/produkt\/ersatzteil-verbundenes-nylonquadrat-5-hellblau-nienhuis-montessori\/\",\"url\":\"https:\/\/teiaeducation.ch\/de\/produkt\/ersatzteil-verbundenes-nylonquadrat-5-hellblau-nienhuis-montessori\/\",\"name\":\"Ersatzteil: verbundenes Nylonquadrat 5: hellblau \u2013 Nienhuis Montessori\",\"isPartOf\":{\"@id\":\"https:\/\/teiaeducation.ch\/de\/#website\"},\"primaryImageOfPage\":{\"@id\":\"https:\/\/teiaeducation.ch\/de\/produkt\/ersatzteil-verbundenes-nylonquadrat-5-hellblau-nienhuis-montessori\/#primaryimage\"},\"image\":{\"@id\":\"https:\/\/teiaeducation.ch\/de\/produkt\/ersatzteil-verbundenes-nylonquadrat-5-hellblau-nienhuis-montessori\/#primaryimage\"},\"thumbnailUrl\":\"https:\/\/teiaeducation.ch\/wp-content\/uploads\/2019\/10\/Nienhuis-Montessori-spare-part-Connected-Nylon-Square-Of-5-Light-Blue.jpeg\",\"datePublished\":\"2019-10-29T12:25:26+00:00\",\"dateModified\":\"2025-10-07T12:20:15+00:00\",\"description\":\"Ersatzteil: Nylonquadrat in Hellblau, 5 cm, f\u00fcr das Nienhuis Montessori-Set mit kurzen Perlenketten (Nylon) sowie das Perlenmaterial (Nylon).\",\"breadcrumb\":{\"@id\":\"https:\/\/teiaeducation.ch\/de\/produkt\/ersatzteil-verbundenes-nylonquadrat-5-hellblau-nienhuis-montessori\/#breadcrumb\"},\"inLanguage\":\"de-CH\",\"potentialAction\":[{\"@type\":\"ReadAction\",\"target\":[\"https:\/\/teiaeducation.ch\/de\/produkt\/ersatzteil-verbundenes-nylonquadrat-5-hellblau-nienhuis-montessori\/\"]}]},{\"@type\":\"ImageObject\",\"inLanguage\":\"de-CH\",\"@id\":\"https:\/\/teiaeducation.ch\/de\/produkt\/ersatzteil-verbundenes-nylonquadrat-5-hellblau-nienhuis-montessori\/#primaryimage\",\"url\":\"https:\/\/teiaeducation.ch\/wp-content\/uploads\/2019\/10\/Nienhuis-Montessori-spare-part-Connected-Nylon-Square-Of-5-Light-Blue.jpeg\",\"contentUrl\":\"https:\/\/teiaeducation.ch\/wp-content\/uploads\/2019\/10\/Nienhuis-Montessori-spare-part-Connected-Nylon-Square-Of-5-Light-Blue.jpeg\",\"width\":800,\"height\":533,\"caption\":\"Ersatzteil: verbundenes Nylonquadrat 5: hellblau \u2013 Nienhuis Montessori\"},{\"@type\":\"BreadcrumbList\",\"@id\":\"https:\/\/teiaeducation.ch\/de\/produkt\/ersatzteil-verbundenes-nylonquadrat-5-hellblau-nienhuis-montessori\/#breadcrumb\",\"itemListElement\":[{\"@type\":\"ListItem\",\"position\":1,\"name\":\"Home\",\"item\":\"https:\/\/teiaeducation.ch\/de\/\"},{\"@type\":\"ListItem\",\"position\":2,\"name\":\"Laden\",\"item\":\"https:\/\/teiaeducation.ch\/de\/shop\/\"},{\"@type\":\"ListItem\",\"position\":3,\"name\":\"Ersatzteil: verbundenes Nylonquadrat 5: hellblau \u2013 Nienhuis Montessori\"}]},{\"@type\":\"WebSite\",\"@id\":\"https:\/\/teiaeducation.ch\/de\/#website\",\"url\":\"https:\/\/teiaeducation.ch\/de\/\",\"name\":\"Sustainable Educational Products &amp; Ecological Toys\u00a0\",\"description\":\"Specialised Swiss shop selling sustainable educational toys and games, AMI certified Montessori materials, handmade ecological wooden Waldorf toys and arts &amp; crafts supplies, school supplies, children&#039;s furniture and Montessori reference and parenting books.\",\"publisher\":{\"@id\":\"https:\/\/teiaeducation.ch\/de\/#organization\"},\"alternateName\":\"Teia Education & Play\",\"potentialAction\":[{\"@type\":\"SearchAction\",\"target\":{\"@type\":\"EntryPoint\",\"urlTemplate\":\"https:\/\/teiaeducation.ch\/de\/?s={search_term_string}\"},\"query-input\":{\"@type\":\"PropertyValueSpecification\",\"valueRequired\":true,\"valueName\":\"search_term_string\"}}],\"inLanguage\":\"de-CH\"},{\"@type\":\"Organization\",\"@id\":\"https:\/\/teiaeducation.ch\/de\/#organization\",\"name\":\"Teia Education & Play\",\"url\":\"https:\/\/teiaeducation.ch\/de\/\",\"logo\":{\"@type\":\"ImageObject\",\"inLanguage\":\"de-CH\",\"@id\":\"https:\/\/teiaeducation.ch\/de\/#\/schema\/logo\/image\/\",\"url\":\"https:\/\/teiaeducation.ch\/wp-content\/uploads\/2020\/11\/Teia-Education-Switzerland-e1620156442216.jpg\",\"contentUrl\":\"https:\/\/teiaeducation.ch\/wp-content\/uploads\/2020\/11\/Teia-Education-Switzerland-e1620156442216.jpg\",\"width\":166,\"height\":145,\"caption\":\"Teia Education & Play\"},\"image\":{\"@id\":\"https:\/\/teiaeducation.ch\/de\/#\/schema\/logo\/image\/\"},\"sameAs\":[\"https:\/\/www.facebook.com\/teiaeducation\/\",\"https:\/\/x.com\/EducationTeia\",\"https:\/\/www.instagram.com\/teia.education\/\",\"https:\/\/www.linkedin.com\/company\/35501660\",\"https:\/\/www.pinterest.ch\/TeiaEducation\/\"]}]}<\/script>\n<!-- \/ Yoast SEO plugin. -->","yoast_head_json":{"title":"Ersatzteil: verbundenes Nylonquadrat 5: hellblau \u2013 Nienhuis Montessori","description":"Ersatzteil: Nylonquadrat in Hellblau, 5 cm, f\u00fcr das Nienhuis Montessori-Set mit kurzen Perlenketten (Nylon) sowie das Perlenmaterial (Nylon).","robots":{"index":"index","follow":"follow","max-snippet":"max-snippet:-1","max-image-preview":"max-image-preview:large","max-video-preview":"max-video-preview:-1"},"canonical":"https:\/\/teiaeducation.ch\/de\/produkt\/ersatzteil-verbundenes-nylonquadrat-5-hellblau-nienhuis-montessori\/","og_locale":"de_DE","og_type":"article","og_title":"Ersatzteil: verbundenes Nylonquadrat 5: hellblau \u2013 Nienhuis Montessori","og_description":"Ersatzteil: Nylonquadrat in Hellblau, 5 cm, f\u00fcr das Nienhuis Montessori-Set mit kurzen Perlenketten (Nylon) sowie das Perlenmaterial (Nylon).","og_url":"https:\/\/teiaeducation.ch\/de\/produkt\/ersatzteil-verbundenes-nylonquadrat-5-hellblau-nienhuis-montessori\/","og_site_name":"Sustainable Educational Products &amp; Ecological Toys\u00a0","article_publisher":"https:\/\/www.facebook.com\/teiaeducation\/","article_modified_time":"2025-10-07T12:20:15+00:00","og_image":[{"width":800,"height":533,"url":"https:\/\/teiaeducation.ch\/wp-content\/uploads\/2019\/10\/Nienhuis-Montessori-spare-part-Connected-Nylon-Square-Of-5-Light-Blue.jpeg","type":"image\/jpeg"}],"schema":{"@context":"https:\/\/schema.org","@graph":[{"@type":"WebPage","@id":"https:\/\/teiaeducation.ch\/de\/produkt\/ersatzteil-verbundenes-nylonquadrat-5-hellblau-nienhuis-montessori\/","url":"https:\/\/teiaeducation.ch\/de\/produkt\/ersatzteil-verbundenes-nylonquadrat-5-hellblau-nienhuis-montessori\/","name":"Ersatzteil: verbundenes Nylonquadrat 5: hellblau \u2013 Nienhuis Montessori","isPartOf":{"@id":"https:\/\/teiaeducation.ch\/de\/#website"},"primaryImageOfPage":{"@id":"https:\/\/teiaeducation.ch\/de\/produkt\/ersatzteil-verbundenes-nylonquadrat-5-hellblau-nienhuis-montessori\/#primaryimage"},"image":{"@id":"https:\/\/teiaeducation.ch\/de\/produkt\/ersatzteil-verbundenes-nylonquadrat-5-hellblau-nienhuis-montessori\/#primaryimage"},"thumbnailUrl":"https:\/\/teiaeducation.ch\/wp-content\/uploads\/2019\/10\/Nienhuis-Montessori-spare-part-Connected-Nylon-Square-Of-5-Light-Blue.jpeg","datePublished":"2019-10-29T12:25:26+00:00","dateModified":"2025-10-07T12:20:15+00:00","description":"Ersatzteil: Nylonquadrat in Hellblau, 5 cm, f\u00fcr das Nienhuis Montessori-Set mit kurzen Perlenketten (Nylon) sowie das Perlenmaterial (Nylon).","breadcrumb":{"@id":"https:\/\/teiaeducation.ch\/de\/produkt\/ersatzteil-verbundenes-nylonquadrat-5-hellblau-nienhuis-montessori\/#breadcrumb"},"inLanguage":"de-CH","potentialAction":[{"@type":"ReadAction","target":["https:\/\/teiaeducation.ch\/de\/produkt\/ersatzteil-verbundenes-nylonquadrat-5-hellblau-nienhuis-montessori\/"]}]},{"@type":"ImageObject","inLanguage":"de-CH","@id":"https:\/\/teiaeducation.ch\/de\/produkt\/ersatzteil-verbundenes-nylonquadrat-5-hellblau-nienhuis-montessori\/#primaryimage","url":"https:\/\/teiaeducation.ch\/wp-content\/uploads\/2019\/10\/Nienhuis-Montessori-spare-part-Connected-Nylon-Square-Of-5-Light-Blue.jpeg","contentUrl":"https:\/\/teiaeducation.ch\/wp-content\/uploads\/2019\/10\/Nienhuis-Montessori-spare-part-Connected-Nylon-Square-Of-5-Light-Blue.jpeg","width":800,"height":533,"caption":"Ersatzteil: verbundenes Nylonquadrat 5: hellblau \u2013 Nienhuis Montessori"},{"@type":"BreadcrumbList","@id":"https:\/\/teiaeducation.ch\/de\/produkt\/ersatzteil-verbundenes-nylonquadrat-5-hellblau-nienhuis-montessori\/#breadcrumb","itemListElement":[{"@type":"ListItem","position":1,"name":"Home","item":"https:\/\/teiaeducation.ch\/de\/"},{"@type":"ListItem","position":2,"name":"Laden","item":"https:\/\/teiaeducation.ch\/de\/shop\/"},{"@type":"ListItem","position":3,"name":"Ersatzteil: verbundenes Nylonquadrat 5: hellblau \u2013 Nienhuis Montessori"}]},{"@type":"WebSite","@id":"https:\/\/teiaeducation.ch\/de\/#website","url":"https:\/\/teiaeducation.ch\/de\/","name":"Sustainable Educational Products &amp; Ecological Toys\u00a0","description":"Specialised Swiss shop selling sustainable educational toys and games, AMI certified Montessori materials, handmade ecological wooden Waldorf toys and arts &amp; crafts supplies, school supplies, children&#039;s furniture and Montessori reference and parenting books.","publisher":{"@id":"https:\/\/teiaeducation.ch\/de\/#organization"},"alternateName":"Teia Education & Play","potentialAction":[{"@type":"SearchAction","target":{"@type":"EntryPoint","urlTemplate":"https:\/\/teiaeducation.ch\/de\/?s={search_term_string}"},"query-input":{"@type":"PropertyValueSpecification","valueRequired":true,"valueName":"search_term_string"}}],"inLanguage":"de-CH"},{"@type":"Organization","@id":"https:\/\/teiaeducation.ch\/de\/#organization","name":"Teia Education & Play","url":"https:\/\/teiaeducation.ch\/de\/","logo":{"@type":"ImageObject","inLanguage":"de-CH","@id":"https:\/\/teiaeducation.ch\/de\/#\/schema\/logo\/image\/","url":"https:\/\/teiaeducation.ch\/wp-content\/uploads\/2020\/11\/Teia-Education-Switzerland-e1620156442216.jpg","contentUrl":"https:\/\/teiaeducation.ch\/wp-content\/uploads\/2020\/11\/Teia-Education-Switzerland-e1620156442216.jpg","width":166,"height":145,"caption":"Teia Education & Play"},"image":{"@id":"https:\/\/teiaeducation.ch\/de\/#\/schema\/logo\/image\/"},"sameAs":["https:\/\/www.facebook.com\/teiaeducation\/","https:\/\/x.com\/EducationTeia","https:\/\/www.instagram.com\/teia.education\/","https:\/\/www.linkedin.com\/company\/35501660","https:\/\/www.pinterest.ch\/TeiaEducation\/"]}]}},"_links":{"self":[{"href":"https:\/\/teiaeducation.ch\/de\/wp-json\/wp\/v2\/product\/71433","targetHints":{"allow":["GET"]}}],"collection":[{"href":"https:\/\/teiaeducation.ch\/de\/wp-json\/wp\/v2\/product"}],"about":[{"href":"https:\/\/teiaeducation.ch\/de\/wp-json\/wp\/v2\/types\/product"}],"replies":[{"embeddable":true,"href":"https:\/\/teiaeducation.ch\/de\/wp-json\/wp\/v2\/comments?post=71433"}],"wp:featuredmedia":[{"embeddable":true,"href":"https:\/\/teiaeducation.ch\/de\/wp-json\/wp\/v2\/media\/71434"}],"wp:attachment":[{"href":"https:\/\/teiaeducation.ch\/de\/wp-json\/wp\/v2\/media?parent=71433"}],"wp:term":[{"taxonomy":"product_brand","embeddable":true,"href":"https:\/\/teiaeducation.ch\/de\/wp-json\/wp\/v2\/product_brand?post=71433"},{"taxonomy":"product_cat","embeddable":true,"href":"https:\/\/teiaeducation.ch\/de\/wp-json\/wp\/v2\/product_cat?post=71433"},{"taxonomy":"product_tag","embeddable":true,"href":"https:\/\/teiaeducation.ch\/de\/wp-json\/wp\/v2\/product_tag?post=71433"}],"curies":[{"name":"wp","href":"https:\/\/api.w.org\/{rel}","templated":true}]}}