{"id":71447,"date":"2018-12-01T20:47:52","date_gmt":"2018-12-01T19:47:52","guid":{"rendered":"https:\/\/teiaeducation.ch\/product\/ersatzteil-5-zylinder-von-block-nr-2-nienhuis-montessori\/"},"modified":"2025-10-08T16:12:21","modified_gmt":"2025-10-08T14:12:21","slug":"ersatzteil-5-zylinder-von-block-nr-2-nienhuis-montessori","status":"publish","type":"product","link":"https:\/\/teiaeducation.ch\/de\/produkt\/ersatzteil-5-zylinder-von-block-nr-2-nienhuis-montessori\/","title":{"rendered":"Ersatzteil: 5. Zylinder von Block Nr. 2 \u2013 Nienhuis Montessori"},"content":{"rendered":"<p>Der 5. Zylinder ist ein Ersatzteil f\u00fcr den Nienhuis Montessori <br \/>\n  <a href=\"https:\/\/teiaeducation.ch\/de\/produkt\/block-mit-zylindern-2-nienhuis-montessori\/\">Zylinderblock Nr. 2<\/a><\/p>\n<p>Die Nienhuis Montessori-Zylinderbausteine sind f\u00fcr das junge Kind ein Anreiz, zum ersten Mal mit Material aus dem <a href=\"\/?product_cat=sensorial\">sensorischen<\/a> Bereich in Kontakt zu kommen. Die Serie besteht aus insgesamt vier Zylinderbl\u00f6cken, wobei jeder Block aus massivem Buchenholz zehn Zylinder unterschiedlicher Gr\u00f6\u00dfe mit Kn\u00f6pfen enth\u00e4lt. Die Zylinderbl\u00f6cke f\u00fchren Kinder in die erste Stufe der visuellen <a href=\"https:\/\/teiaeducation.ch\/de\/produkt-kategorie\/lernthemen\/mathematik-rechnen\/groesse\/\">Gr\u00f6\u00dfenunterscheidung<\/a> ein.<\/p>\n<p>Dieses <span class=\"ILfuVd rjOVwe\"><br \/>\n  <span class=\"e24Kjd\"><br \/>\n    <a href=\"https:\/\/teiaeducation.ch\/de\/produkt-kategorie\/lernmaterialien-spielzeug-montessori-waldorf-steiner-froebel\/montessori-paedagogik-material-spielzeug\/\">Montessori<\/a><br \/>\n  <\/span><br \/>\n<\/span> Material ist f\u00fcr Kinder ab 3 Jahren geeignet.<\/p>\n<p>Inhalt:<\/p>\n<p>1 Zylinder 5 von Block Nr. 2<\/p>\n<h2>\u00dcber Nienhuis Montessori<\/h2>\n<p>Die niederl\u00e4ndische Marke <a href=\"https:\/\/teiaeducation.ch\/de\/produkt-kategorie\/unsere-marken\/nienhuis-montessori-schweiz\/\">Nienhuis Montessori<\/a> ist die weltweit f\u00fchrende <a href=\"https:\/\/teiaeducation.ch\/de\/was-ist-die-montessori-paedagogik\/\">Montessori<\/a>-Marke, die das Erbe von Maria Montessori ehrt und fortf\u00fchrt und das breiteste und innovativste Sortiment an Original-Montessori-Materialien, &#8211;<a href=\"https:\/\/teiaeducation.ch\/de\/produkt-kategorie\/klassenzimmer-essenzien\/montessori-mobel\/\">M\u00f6beln<\/a> und <a href=\"https:\/\/teiaeducation.ch\/de\/produkt-kategorie\/unsere-marken\/nienhuis-montessori-schweiz\/curriculum-erganzung-nienhuis-montessori\/\">verwandten Produkten<\/a> herstellt. Die hochwertigen Nienhuis Montessori Produkte geben den Kindern die Werkzeuge, die sie brauchen, um Unabhangig und kritisch zu denken.<\/p>\n<p>Alle Nienhuis Montessori Materialien sind vom Materialkomitee der Association Montessori Internationale (<a href=\"https:\/\/montessori-ami.org\/\">AMI<\/a>) zertifiziert und werden sorgf\u00e4ltig hergestellt, um Schwierigkeiten zu isolieren, so dass die Kinder sich konzentrieren, lernen und sich entwickeln k\u00f6nnen.<\/p>\n<p>Nienhuis Montessori ist eine der Marken des Niederlandischen Unternehmens Heutink International, das weltweit die besten pedagogischen Marken anbietet, die auf <a href=\"https:\/\/teiaeducation.ch\/de\/produkt-kategorie\/kinder-spielzeug\/\">spielerisches<\/a> Lernen ausgerichtet sind.<\/p>\n","protected":false},"excerpt":{"rendered":"<p>Atikelnummer: <span data-sheets-value=\"{\"1\":2,\"2\":\"00200005\"}\" data-sheets-userformat=\"{\"2\":6337,\"3\":{\"1\":1},\"9\":0,\"10\":2,\"14\":[null,2,0],\"15\":\"Lato\"}\">00200005<\/span><\/p>\n<p>Der 5. Zylinder ist ein Ersatzteil f\u00fcr den Nienhuis Montessori Holzzylinderblock Nr. 2 aus dem Bereich der sensorischen Materialien.<\/p>\n","protected":false},"featured_media":71451,"comment_status":"closed","ping_status":"closed","template":"","meta":[],"product_brand":[],"product_cat":[21475,21445,21508,21474,21509,21537,21481,21559,21443,21572,21557,21549,21562,21655,21564],"product_tag":[23108,23120,23107,22981,27211,27043,23119,23109,27033],"class_list":{"0":"post-71447","1":"product","2":"type-product","3":"status-publish","4":"has-post-thumbnail","6":"product_cat-3-6-jahre-klassenzimmer-pack","7":"product_cat-3-6-jahre-vorschule","8":"product_cat-ersatzteile","9":"product_cat-klassenzimmer-essenzien","10":"product_cat-lernthemen","11":"product_cat-mathematik-rechnen","12":"product_cat-montessori-paedagogik-material-spielzeug","13":"product_cat-motorische-fertigkeiten","14":"product_cat-nach-alter","15":"product_cat-nienhuis-montessori-schweiz","16":"product_cat-sensorische-motorische-fertigkeiten","17":"product_cat-serialisieren","18":"product_cat-sinne","19":"product_cat-sinnesmaterial-nienhuis-montessori","20":"product_cat-unsere-marken","21":"product_tag-montessori-kleinkind-3-6","22":"product_tag-montessori-material-schweiz","23":"product_tag-montessori-sinnesmaterial-de","24":"product_tag-nienhuis-montessori-de","25":"product_tag-nienhuis-montessori-block-mit-zylindern-2","26":"product_tag-nienhuis-montessori-ersatzteile","27":"product_tag-nienhuis-montessori-schweiz-de","28":"product_tag-rosa-turm-montessori","29":"product_tag-stucke-abkommandierte-nienhuis","31":"first","32":"instock","33":"taxable","34":"shipping-taxable","35":"purchasable","36":"product-type-simple"},"yoast_head":"<!-- This site is optimized with the Yoast SEO plugin v27.1.1 - https:\/\/yoast.com\/product\/yoast-seo-wordpress\/ -->\n<title>Ersatzteil: 5. Zylinder von Block Nr. 2 \u2013 Nienhuis Montessori<\/title>\n<meta name=\"description\" content=\"Der 5. Zylinder ist ein Ersatzteil f\u00fcr den Nienhuis Montessori Holzzylinderblock Nr. 2 aus dem Bereich der sensorischen Materialien.\" \/>\n<meta name=\"robots\" content=\"index, follow, max-snippet:-1, max-image-preview:large, max-video-preview:-1\" \/>\n<link rel=\"canonical\" href=\"https:\/\/teiaeducation.ch\/de\/produkt\/ersatzteil-5-zylinder-von-block-nr-2-nienhuis-montessori\/\" \/>\n<meta property=\"og:locale\" content=\"de_DE\" \/>\n<meta property=\"og:type\" content=\"article\" \/>\n<meta property=\"og:title\" content=\"Ersatzteil: 5. Zylinder von Block Nr. 2 \u2013 Nienhuis Montessori\" \/>\n<meta property=\"og:description\" content=\"Der 5. Zylinder ist ein Ersatzteil f\u00fcr den Nienhuis Montessori Holzzylinderblock Nr. 2 aus dem Bereich der sensorischen Materialien.\" \/>\n<meta property=\"og:url\" content=\"https:\/\/teiaeducation.ch\/de\/produkt\/ersatzteil-5-zylinder-von-block-nr-2-nienhuis-montessori\/\" \/>\n<meta property=\"og:site_name\" content=\"Sustainable Educational Products &amp; Ecological Toys\u00a0\" \/>\n<meta property=\"article:publisher\" content=\"https:\/\/www.facebook.com\/teiaeducation\/\" \/>\n<meta property=\"article:modified_time\" content=\"2025-10-08T14:12:21+00:00\" \/>\n<meta property=\"og:image\" content=\"https:\/\/teiaeducation.ch\/wp-content\/uploads\/2019\/08\/00200005.jpg\" \/>\n\t<meta property=\"og:image:width\" content=\"900\" \/>\n\t<meta property=\"og:image:height\" content=\"900\" \/>\n\t<meta property=\"og:image:type\" content=\"image\/jpeg\" \/>\n<script type=\"application\/ld+json\" class=\"yoast-schema-graph\">{\"@context\":\"https:\/\/schema.org\",\"@graph\":[{\"@type\":\"WebPage\",\"@id\":\"https:\/\/teiaeducation.ch\/de\/produkt\/ersatzteil-5-zylinder-von-block-nr-2-nienhuis-montessori\/\",\"url\":\"https:\/\/teiaeducation.ch\/de\/produkt\/ersatzteil-5-zylinder-von-block-nr-2-nienhuis-montessori\/\",\"name\":\"Ersatzteil: 5. Zylinder von Block Nr. 2 \u2013 Nienhuis Montessori\",\"isPartOf\":{\"@id\":\"https:\/\/teiaeducation.ch\/de\/#website\"},\"primaryImageOfPage\":{\"@id\":\"https:\/\/teiaeducation.ch\/de\/produkt\/ersatzteil-5-zylinder-von-block-nr-2-nienhuis-montessori\/#primaryimage\"},\"image\":{\"@id\":\"https:\/\/teiaeducation.ch\/de\/produkt\/ersatzteil-5-zylinder-von-block-nr-2-nienhuis-montessori\/#primaryimage\"},\"thumbnailUrl\":\"https:\/\/teiaeducation.ch\/wp-content\/uploads\/2019\/08\/00200005.jpg\",\"datePublished\":\"2018-12-01T19:47:52+00:00\",\"dateModified\":\"2025-10-08T14:12:21+00:00\",\"description\":\"Der 5. Zylinder ist ein Ersatzteil f\u00fcr den Nienhuis Montessori Holzzylinderblock Nr. 2 aus dem Bereich der sensorischen Materialien.\",\"breadcrumb\":{\"@id\":\"https:\/\/teiaeducation.ch\/de\/produkt\/ersatzteil-5-zylinder-von-block-nr-2-nienhuis-montessori\/#breadcrumb\"},\"inLanguage\":\"de-CH\",\"potentialAction\":[{\"@type\":\"ReadAction\",\"target\":[\"https:\/\/teiaeducation.ch\/de\/produkt\/ersatzteil-5-zylinder-von-block-nr-2-nienhuis-montessori\/\"]}]},{\"@type\":\"ImageObject\",\"inLanguage\":\"de-CH\",\"@id\":\"https:\/\/teiaeducation.ch\/de\/produkt\/ersatzteil-5-zylinder-von-block-nr-2-nienhuis-montessori\/#primaryimage\",\"url\":\"https:\/\/teiaeducation.ch\/wp-content\/uploads\/2019\/08\/00200005.jpg\",\"contentUrl\":\"https:\/\/teiaeducation.ch\/wp-content\/uploads\/2019\/08\/00200005.jpg\",\"width\":900,\"height\":900,\"caption\":\"Ersatzteil: 5. Zylinder von Block Nr. 2 \u2013 Nienhuis Montessori\"},{\"@type\":\"BreadcrumbList\",\"@id\":\"https:\/\/teiaeducation.ch\/de\/produkt\/ersatzteil-5-zylinder-von-block-nr-2-nienhuis-montessori\/#breadcrumb\",\"itemListElement\":[{\"@type\":\"ListItem\",\"position\":1,\"name\":\"Home\",\"item\":\"https:\/\/teiaeducation.ch\/de\/\"},{\"@type\":\"ListItem\",\"position\":2,\"name\":\"Laden\",\"item\":\"https:\/\/teiaeducation.ch\/de\/shop\/\"},{\"@type\":\"ListItem\",\"position\":3,\"name\":\"Ersatzteil: 5. Zylinder von Block Nr. 2 \u2013 Nienhuis Montessori\"}]},{\"@type\":\"WebSite\",\"@id\":\"https:\/\/teiaeducation.ch\/de\/#website\",\"url\":\"https:\/\/teiaeducation.ch\/de\/\",\"name\":\"Sustainable Educational Products &amp; Ecological Toys\u00a0\",\"description\":\"Specialised Swiss shop selling sustainable educational toys and games, AMI certified Montessori materials, handmade ecological wooden Waldorf toys and arts &amp; crafts supplies, school supplies, children&#039;s furniture and Montessori reference and parenting books.\",\"publisher\":{\"@id\":\"https:\/\/teiaeducation.ch\/de\/#organization\"},\"alternateName\":\"Teia Education & Play\",\"potentialAction\":[{\"@type\":\"SearchAction\",\"target\":{\"@type\":\"EntryPoint\",\"urlTemplate\":\"https:\/\/teiaeducation.ch\/de\/?s={search_term_string}\"},\"query-input\":{\"@type\":\"PropertyValueSpecification\",\"valueRequired\":true,\"valueName\":\"search_term_string\"}}],\"inLanguage\":\"de-CH\"},{\"@type\":\"Organization\",\"@id\":\"https:\/\/teiaeducation.ch\/de\/#organization\",\"name\":\"Teia Education & Play\",\"url\":\"https:\/\/teiaeducation.ch\/de\/\",\"logo\":{\"@type\":\"ImageObject\",\"inLanguage\":\"de-CH\",\"@id\":\"https:\/\/teiaeducation.ch\/de\/#\/schema\/logo\/image\/\",\"url\":\"https:\/\/teiaeducation.ch\/wp-content\/uploads\/2020\/11\/Teia-Education-Switzerland-e1620156442216.jpg\",\"contentUrl\":\"https:\/\/teiaeducation.ch\/wp-content\/uploads\/2020\/11\/Teia-Education-Switzerland-e1620156442216.jpg\",\"width\":166,\"height\":145,\"caption\":\"Teia Education & Play\"},\"image\":{\"@id\":\"https:\/\/teiaeducation.ch\/de\/#\/schema\/logo\/image\/\"},\"sameAs\":[\"https:\/\/www.facebook.com\/teiaeducation\/\",\"https:\/\/x.com\/EducationTeia\",\"https:\/\/www.instagram.com\/teia.education\/\",\"https:\/\/www.linkedin.com\/company\/35501660\",\"https:\/\/www.pinterest.ch\/TeiaEducation\/\"]}]}<\/script>\n<!-- \/ Yoast SEO plugin. -->","yoast_head_json":{"title":"Ersatzteil: 5. Zylinder von Block Nr. 2 \u2013 Nienhuis Montessori","description":"Der 5. Zylinder ist ein Ersatzteil f\u00fcr den Nienhuis Montessori Holzzylinderblock Nr. 2 aus dem Bereich der sensorischen Materialien.","robots":{"index":"index","follow":"follow","max-snippet":"max-snippet:-1","max-image-preview":"max-image-preview:large","max-video-preview":"max-video-preview:-1"},"canonical":"https:\/\/teiaeducation.ch\/de\/produkt\/ersatzteil-5-zylinder-von-block-nr-2-nienhuis-montessori\/","og_locale":"de_DE","og_type":"article","og_title":"Ersatzteil: 5. Zylinder von Block Nr. 2 \u2013 Nienhuis Montessori","og_description":"Der 5. Zylinder ist ein Ersatzteil f\u00fcr den Nienhuis Montessori Holzzylinderblock Nr. 2 aus dem Bereich der sensorischen Materialien.","og_url":"https:\/\/teiaeducation.ch\/de\/produkt\/ersatzteil-5-zylinder-von-block-nr-2-nienhuis-montessori\/","og_site_name":"Sustainable Educational Products &amp; Ecological Toys\u00a0","article_publisher":"https:\/\/www.facebook.com\/teiaeducation\/","article_modified_time":"2025-10-08T14:12:21+00:00","og_image":[{"width":900,"height":900,"url":"https:\/\/teiaeducation.ch\/wp-content\/uploads\/2019\/08\/00200005.jpg","type":"image\/jpeg"}],"schema":{"@context":"https:\/\/schema.org","@graph":[{"@type":"WebPage","@id":"https:\/\/teiaeducation.ch\/de\/produkt\/ersatzteil-5-zylinder-von-block-nr-2-nienhuis-montessori\/","url":"https:\/\/teiaeducation.ch\/de\/produkt\/ersatzteil-5-zylinder-von-block-nr-2-nienhuis-montessori\/","name":"Ersatzteil: 5. Zylinder von Block Nr. 2 \u2013 Nienhuis Montessori","isPartOf":{"@id":"https:\/\/teiaeducation.ch\/de\/#website"},"primaryImageOfPage":{"@id":"https:\/\/teiaeducation.ch\/de\/produkt\/ersatzteil-5-zylinder-von-block-nr-2-nienhuis-montessori\/#primaryimage"},"image":{"@id":"https:\/\/teiaeducation.ch\/de\/produkt\/ersatzteil-5-zylinder-von-block-nr-2-nienhuis-montessori\/#primaryimage"},"thumbnailUrl":"https:\/\/teiaeducation.ch\/wp-content\/uploads\/2019\/08\/00200005.jpg","datePublished":"2018-12-01T19:47:52+00:00","dateModified":"2025-10-08T14:12:21+00:00","description":"Der 5. Zylinder ist ein Ersatzteil f\u00fcr den Nienhuis Montessori Holzzylinderblock Nr. 2 aus dem Bereich der sensorischen Materialien.","breadcrumb":{"@id":"https:\/\/teiaeducation.ch\/de\/produkt\/ersatzteil-5-zylinder-von-block-nr-2-nienhuis-montessori\/#breadcrumb"},"inLanguage":"de-CH","potentialAction":[{"@type":"ReadAction","target":["https:\/\/teiaeducation.ch\/de\/produkt\/ersatzteil-5-zylinder-von-block-nr-2-nienhuis-montessori\/"]}]},{"@type":"ImageObject","inLanguage":"de-CH","@id":"https:\/\/teiaeducation.ch\/de\/produkt\/ersatzteil-5-zylinder-von-block-nr-2-nienhuis-montessori\/#primaryimage","url":"https:\/\/teiaeducation.ch\/wp-content\/uploads\/2019\/08\/00200005.jpg","contentUrl":"https:\/\/teiaeducation.ch\/wp-content\/uploads\/2019\/08\/00200005.jpg","width":900,"height":900,"caption":"Ersatzteil: 5. Zylinder von Block Nr. 2 \u2013 Nienhuis Montessori"},{"@type":"BreadcrumbList","@id":"https:\/\/teiaeducation.ch\/de\/produkt\/ersatzteil-5-zylinder-von-block-nr-2-nienhuis-montessori\/#breadcrumb","itemListElement":[{"@type":"ListItem","position":1,"name":"Home","item":"https:\/\/teiaeducation.ch\/de\/"},{"@type":"ListItem","position":2,"name":"Laden","item":"https:\/\/teiaeducation.ch\/de\/shop\/"},{"@type":"ListItem","position":3,"name":"Ersatzteil: 5. Zylinder von Block Nr. 2 \u2013 Nienhuis Montessori"}]},{"@type":"WebSite","@id":"https:\/\/teiaeducation.ch\/de\/#website","url":"https:\/\/teiaeducation.ch\/de\/","name":"Sustainable Educational Products &amp; Ecological Toys\u00a0","description":"Specialised Swiss shop selling sustainable educational toys and games, AMI certified Montessori materials, handmade ecological wooden Waldorf toys and arts &amp; crafts supplies, school supplies, children&#039;s furniture and Montessori reference and parenting books.","publisher":{"@id":"https:\/\/teiaeducation.ch\/de\/#organization"},"alternateName":"Teia Education & Play","potentialAction":[{"@type":"SearchAction","target":{"@type":"EntryPoint","urlTemplate":"https:\/\/teiaeducation.ch\/de\/?s={search_term_string}"},"query-input":{"@type":"PropertyValueSpecification","valueRequired":true,"valueName":"search_term_string"}}],"inLanguage":"de-CH"},{"@type":"Organization","@id":"https:\/\/teiaeducation.ch\/de\/#organization","name":"Teia Education & Play","url":"https:\/\/teiaeducation.ch\/de\/","logo":{"@type":"ImageObject","inLanguage":"de-CH","@id":"https:\/\/teiaeducation.ch\/de\/#\/schema\/logo\/image\/","url":"https:\/\/teiaeducation.ch\/wp-content\/uploads\/2020\/11\/Teia-Education-Switzerland-e1620156442216.jpg","contentUrl":"https:\/\/teiaeducation.ch\/wp-content\/uploads\/2020\/11\/Teia-Education-Switzerland-e1620156442216.jpg","width":166,"height":145,"caption":"Teia Education & Play"},"image":{"@id":"https:\/\/teiaeducation.ch\/de\/#\/schema\/logo\/image\/"},"sameAs":["https:\/\/www.facebook.com\/teiaeducation\/","https:\/\/x.com\/EducationTeia","https:\/\/www.instagram.com\/teia.education\/","https:\/\/www.linkedin.com\/company\/35501660","https:\/\/www.pinterest.ch\/TeiaEducation\/"]}]}},"_links":{"self":[{"href":"https:\/\/teiaeducation.ch\/de\/wp-json\/wp\/v2\/product\/71447","targetHints":{"allow":["GET"]}}],"collection":[{"href":"https:\/\/teiaeducation.ch\/de\/wp-json\/wp\/v2\/product"}],"about":[{"href":"https:\/\/teiaeducation.ch\/de\/wp-json\/wp\/v2\/types\/product"}],"replies":[{"embeddable":true,"href":"https:\/\/teiaeducation.ch\/de\/wp-json\/wp\/v2\/comments?post=71447"}],"wp:featuredmedia":[{"embeddable":true,"href":"https:\/\/teiaeducation.ch\/de\/wp-json\/wp\/v2\/media\/71451"}],"wp:attachment":[{"href":"https:\/\/teiaeducation.ch\/de\/wp-json\/wp\/v2\/media?parent=71447"}],"wp:term":[{"taxonomy":"product_brand","embeddable":true,"href":"https:\/\/teiaeducation.ch\/de\/wp-json\/wp\/v2\/product_brand?post=71447"},{"taxonomy":"product_cat","embeddable":true,"href":"https:\/\/teiaeducation.ch\/de\/wp-json\/wp\/v2\/product_cat?post=71447"},{"taxonomy":"product_tag","embeddable":true,"href":"https:\/\/teiaeducation.ch\/de\/wp-json\/wp\/v2\/product_tag?post=71447"}],"curies":[{"name":"wp","href":"https:\/\/api.w.org\/{rel}","templated":true}]}}