{"id":71498,"date":"2020-11-27T21:27:49","date_gmt":"2020-11-27T20:27:49","guid":{"rendered":"https:\/\/teiaeducation.ch\/product\/pastellfarbenes-baukastenset-grimms\/"},"modified":"2025-10-23T13:05:36","modified_gmt":"2025-10-23T11:05:36","slug":"pastellfarbenes-baukastenset-grimms","status":"publish","type":"product","link":"https:\/\/teiaeducation.ch\/de\/produkt\/pastellfarbenes-baukastenset-grimms\/","title":{"rendered":"Pastellfarbenes Baukastenset &#8211; Grimm&#8217;s"},"content":{"rendered":"<p>Dieses wundersch\u00f6ne Pastellfarben-Rad aus handgefertigten, nachhaltigen Holzbaukl\u00f6tzen von Grimm&#8217;s ist sowohl ein faszinierendes <a href=\"https:\/\/teiaeducation.ch\/de\/produkt-kategorie\/kinder-spielzeug\/holzpuzzles\/\">Puzzle<\/a> als auch eine wunderbare Erg\u00e4nzung f\u00fcr kleine Welten und <a href=\"https:\/\/teiaeducation.ch\/de\/produkt-kategorie\/kinder-spielzeug\/spiele-mit-offenem-ende\/\">freies Spielen<\/a>. Damit lassen sich unz\u00e4hlige eigene k\u00fcnstlerische Mandala-Muster kreieren! Es besteht aus 36 <a href=\"https:\/\/teiaeducation.ch\/de\/produkt-kategorie\/kinder-spielzeug\/baukloetze-aus-holz\/\">Holzkl\u00f6tzen<\/a> in h\u00fcbschen Pastellt\u00f6nen in einem runden Holzrahmen mit einem Durchmesser von 20 cm.  <\/p>\n<p>Das Pastellfarben-Baukastenset von Grimm&#8217;s ist aus Lindenholz gefertigt und mit ungiftigen Wasserfarben in sch\u00f6nen Pastellt\u00f6nen bemalt, sodass es auch f\u00fcr kleine Kinder unbedenklich ist. Der Holzrahmen ist mit ungiftigem \u00d6l auf Pflanzenbasis behandelt.<\/p>\n<p>Studieren Sie die beruhigenden Pastellt\u00f6ne, um das anspruchsvolle <a href=\"https:\/\/teiaeducation.ch\/de\/produkt-kategorie\/kinder-spielzeug\/holzpuzzles\/\">Puzzle<\/a> zu l\u00f6sen, oder verwenden Sie die interessanten und inspirierenden Formkl\u00f6tze, um Ihre kleine Spielwelt zu bauen, zu stapeln, zu versch\u00f6nern und zu dekorieren. Die Teile lassen sich wunderbar mit anderen Spielzeugen aus der Pastellkollektion von Grimm&#8217;s kombinieren. <\/p>\n<p>Es eignet sich hervorragend zur F\u00f6rderung der Hand-Augen-Koordination, der Geschicklichkeit und der <a href=\"https:\/\/teiaeducation.ch\/de\/produkt-kategorie\/lernthemen\/sensorische-motorische-fertigkeiten\/motorische-fertigkeiten\/\">Feinmotorik<\/a> bei Kindern sowie der Konzentration und Geduld.<\/p>\n<p>Das Pastellfarben-Baukl\u00f6tzchen-Set von Grimm&#8217;s ist f\u00fcr Kinder ab 3 Jahren geeignet.<\/p>\n<p>WARNUNG: VERSTECKUNGSGEFAHR &#8211; Kleine Teile. Nicht f\u00fcr Kinder unter 3 Jahren geeignet.<\/p>\n<p>Inhalt:<\/p>\n<p>36 Holzkl\u00f6tze<br \/>\nEin Holztablett<\/p>\n<h2>\u00dcber Grimm&#8217;s<\/h2>\n<p>Ideal zum Spielen zu Hause, im Kindergarten, in der <a href=\"https:\/\/teiaeducation.ch\/waldorf-steiner-schulen-lieferungen\/\">Waldorf- oder Steiner-Schule<\/a>. Die sch\u00f6nen <a href=\"https:\/\/teiaeducation.ch\/produkt-kategorie\/marken\/grimms\/\">Grimm&#8217;s Naturholzspielzeuge<\/a> werden nach der <a href=\"https:\/\/teiaeducation.ch\/produktkategorie\/erziehungsmethode\/waldorf-steiner-spielzeug-bastelmaterialen\/\">Waldorf-Philosophie<\/a> hergestellt, die daf\u00fcr bekannt ist, dass sie Kinder dazu ermutigt, das kreative Spiel selbstst\u00e4ndig, ohne Einschr\u00e4nkungen und in einem gem\u00fctlichen Tempo zu entdecken. Die Grimm&#8217;s Holzspielzeuge werden von Hand mit ungiftigen Farben auf Wasserbasis gef\u00e4rbt und nicht lackiert, damit die urspr\u00fcnglichen Eigenschaften des Holzes und die Maserung erhalten bleiben. Die Oberfl\u00e4che der FSC-zertifizierten europ\u00e4ischen Holz ist leicht rau, wodurch sie vollst\u00e4ndig stapelbar und weniger rutschig sind.<\/p>\n<p>Grimm&#8217;s <a href=\"https:\/\/teiaeducation.ch\/de\/produkt-kategorie\/kinder-spielzeug\/handgefertigtes-holzspielzeug\/\">handgefertigtes Holzspielzeug<\/a> wird in den Grimm&#8217;s Werken in Deutschland sowie in mehreren Werkst\u00e4tten in ganz Europa aus verschiedenen Holzarten wie Erle, Linde, Buche und Ahorn hergestellt. Alle H\u00f6lzer, die f\u00fcr die Herstellung der Grimm&#8217;s-Spielzeuge verwendet werden, stammen aus nachhaltig bewirtschafteten europ\u00e4ischen W\u00e4ldern.<\/p>\n<p>Bitte beachten Sie, dass Grimm&#8217;s Spielzeuge immer Unikate sind, die einzigartige, von der Natur geschaffene Zeichen tragen. Die Maserung des Holzes weist wechselnde Strukturen und Farben auf, die von seiner nat\u00fcrlichen Herkunft zeugen. Die einzigartigen Variationen, Markierungen, \u00c4ste, Muster, schwarzen Streifen oder dunklen Flecken, die im Holz eines Grimm&#8217;s Spielzeugs sichtbar sein k\u00f6nnen, sind ein Beweis f\u00fcr Qualit\u00e4t, keine M\u00e4ngel.<\/p>\n","protected":false},"excerpt":{"rendered":"<p>Artikelnummer: gri43365<\/p>\n<p>Das Grimm&#8217;s Pastellfarben-R\u00e4derbaukastenset ist ein handgefertigtes, nachhaltiges Mandala-Puzzle und Baukl\u00f6tzset aus Holz, das sich perfekt f\u00fcr das Spielen in kleinen Welten eignet!<\/p>\n","protected":false},"featured_media":71499,"comment_status":"open","ping_status":"closed","template":"","meta":[],"product_brand":[],"product_cat":[21445,21446,24871,21704,21479,21493,21640,23075,21706,21707,21443,21563,21678,21564,21483,22919],"product_tag":[25875,32226,32227,25335,21720,21719,21715,21716,21721,25202,25204,21712,21713,21888,29172,21714],"class_list":{"0":"post-71498","1":"product","2":"type-product","3":"status-publish","4":"has-post-thumbnail","6":"product_cat-3-6-jahre-vorschule","7":"product_cat-6-12-jahre-grundschule","8":"product_cat-bau-regenbogenwelten","9":"product_cat-baukloetze-aus-holz","10":"product_cat-lernmaterialien-spielzeug-montessori-waldorf-steiner-froebel","11":"product_cat-geschenk-guide-holzpuzzles","12":"product_cat-grimms-holzspielzeug","13":"product_cat-handgefertigtes-holzspielzeug","14":"product_cat-holz-mandalas","15":"product_cat-holzpuzzles","16":"product_cat-nach-alter","17":"product_cat-neuheiten","18":"product_cat-kinder-spielzeug","19":"product_cat-unsere-marken","20":"product_cat-waldorf-steiner-paedagogik","21":"product_cat-waldorfspielzeug","22":"product_tag-grimms-pastell-bauklotze","23":"product_tag-grimms-pastellfarbenes-baukastenset","24":"product_tag-grimms-pastellfarbenes-baukastenset-de","25":"product_tag-grimms-pastellfarbenes-spielzeug","26":"product_tag-grimms-schweiz-de","27":"product_tag-grimms-suisse-de","28":"product_tag-grimms-switzerland-de","29":"product_tag-grimms-holzbausteine-set","30":"product_tag-grimms-holzspielzeugladen","31":"product_tag-grimms-regenbogenfarbene-holzklotze","32":"product_tag-handgefertigte-holz-regenbogenfarben","33":"product_tag-hergestellt-in-deutschland","34":"product_tag-holzspielzeug-mit-offenem-ende","35":"product_tag-mandalas-aus-holz","36":"product_tag-puzzles-aus-holz-de","37":"product_tag-waldorfspielzeug-aus-holz","39":"first","40":"outofstock","41":"taxable","42":"shipping-taxable","43":"purchasable","44":"product-type-simple"},"yoast_head":"<!-- This site is optimized with the Yoast SEO plugin v27.1.1 - https:\/\/yoast.com\/product\/yoast-seo-wordpress\/ -->\n<title>Pastellfarbenes Baukastenset - Grimm&#039;s<\/title>\n<meta name=\"description\" content=\"Das Pastellfarben-Baukastenset von Grimm;s ist ein handgefertigtes, nachhaltiges Mandala-Puzzle und Baukl\u00f6tzset aus Holz f\u00fcr kleine Welten.\" \/>\n<meta name=\"robots\" content=\"index, follow, max-snippet:-1, max-image-preview:large, max-video-preview:-1\" \/>\n<link rel=\"canonical\" href=\"https:\/\/teiaeducation.ch\/de\/produkt\/pastellfarbenes-baukastenset-grimms\/\" \/>\n<meta property=\"og:locale\" content=\"de_DE\" \/>\n<meta property=\"og:type\" content=\"article\" \/>\n<meta property=\"og:title\" content=\"Pastellfarbenes Baukastenset - Grimm&#039;s\" \/>\n<meta property=\"og:description\" content=\"Das Pastellfarben-Baukastenset von Grimm;s ist ein handgefertigtes, nachhaltiges Mandala-Puzzle und Baukl\u00f6tzset aus Holz f\u00fcr kleine Welten.\" \/>\n<meta property=\"og:url\" content=\"https:\/\/teiaeducation.ch\/de\/produkt\/pastellfarbenes-baukastenset-grimms\/\" \/>\n<meta property=\"og:site_name\" content=\"Sustainable Educational Products &amp; Ecological Toys\u00a0\" \/>\n<meta property=\"article:publisher\" content=\"https:\/\/www.facebook.com\/teiaeducation\/\" \/>\n<meta property=\"article:modified_time\" content=\"2025-10-23T11:05:36+00:00\" \/>\n<meta property=\"og:image\" content=\"https:\/\/teiaeducation.ch\/wp-content\/uploads\/2020\/10\/Pastel-colour-wheel-building-set-Grimms.jpg\" \/>\n\t<meta property=\"og:image:width\" content=\"900\" \/>\n\t<meta property=\"og:image:height\" content=\"900\" \/>\n\t<meta property=\"og:image:type\" content=\"image\/jpeg\" \/>\n<script type=\"application\/ld+json\" class=\"yoast-schema-graph\">{\"@context\":\"https:\/\/schema.org\",\"@graph\":[{\"@type\":\"WebPage\",\"@id\":\"https:\/\/teiaeducation.ch\/de\/produkt\/pastellfarbenes-baukastenset-grimms\/\",\"url\":\"https:\/\/teiaeducation.ch\/de\/produkt\/pastellfarbenes-baukastenset-grimms\/\",\"name\":\"Pastellfarbenes Baukastenset - Grimm's\",\"isPartOf\":{\"@id\":\"https:\/\/teiaeducation.ch\/de\/#website\"},\"primaryImageOfPage\":{\"@id\":\"https:\/\/teiaeducation.ch\/de\/produkt\/pastellfarbenes-baukastenset-grimms\/#primaryimage\"},\"image\":{\"@id\":\"https:\/\/teiaeducation.ch\/de\/produkt\/pastellfarbenes-baukastenset-grimms\/#primaryimage\"},\"thumbnailUrl\":\"https:\/\/teiaeducation.ch\/wp-content\/uploads\/2020\/10\/Pastel-colour-wheel-building-set-Grimms.jpg\",\"datePublished\":\"2020-11-27T20:27:49+00:00\",\"dateModified\":\"2025-10-23T11:05:36+00:00\",\"description\":\"Das Pastellfarben-Baukastenset von Grimm;s ist ein handgefertigtes, nachhaltiges Mandala-Puzzle und Baukl\u00f6tzset aus Holz f\u00fcr kleine Welten.\",\"breadcrumb\":{\"@id\":\"https:\/\/teiaeducation.ch\/de\/produkt\/pastellfarbenes-baukastenset-grimms\/#breadcrumb\"},\"inLanguage\":\"de-CH\",\"potentialAction\":[{\"@type\":\"ReadAction\",\"target\":[\"https:\/\/teiaeducation.ch\/de\/produkt\/pastellfarbenes-baukastenset-grimms\/\"]}]},{\"@type\":\"ImageObject\",\"inLanguage\":\"de-CH\",\"@id\":\"https:\/\/teiaeducation.ch\/de\/produkt\/pastellfarbenes-baukastenset-grimms\/#primaryimage\",\"url\":\"https:\/\/teiaeducation.ch\/wp-content\/uploads\/2020\/10\/Pastel-colour-wheel-building-set-Grimms.jpg\",\"contentUrl\":\"https:\/\/teiaeducation.ch\/wp-content\/uploads\/2020\/10\/Pastel-colour-wheel-building-set-Grimms.jpg\",\"width\":900,\"height\":900,\"caption\":\"Handgefertigte, nachhaltige Mandala-Puzzlebl\u00f6cke aus Holz Pastellfarbenes Farbrad-Bauset \u2013 Grimm's\"},{\"@type\":\"BreadcrumbList\",\"@id\":\"https:\/\/teiaeducation.ch\/de\/produkt\/pastellfarbenes-baukastenset-grimms\/#breadcrumb\",\"itemListElement\":[{\"@type\":\"ListItem\",\"position\":1,\"name\":\"Home\",\"item\":\"https:\/\/teiaeducation.ch\/de\/\"},{\"@type\":\"ListItem\",\"position\":2,\"name\":\"Laden\",\"item\":\"https:\/\/teiaeducation.ch\/de\/shop\/\"},{\"@type\":\"ListItem\",\"position\":3,\"name\":\"Pastellfarbenes Baukastenset &#8211; Grimm&#8217;s\"}]},{\"@type\":\"WebSite\",\"@id\":\"https:\/\/teiaeducation.ch\/de\/#website\",\"url\":\"https:\/\/teiaeducation.ch\/de\/\",\"name\":\"Sustainable Educational Products &amp; Ecological Toys\u00a0\",\"description\":\"Specialised Swiss shop selling sustainable educational toys and games, AMI certified Montessori materials, handmade ecological wooden Waldorf toys and arts &amp; crafts supplies, school supplies, children&#039;s furniture and Montessori reference and parenting books.\",\"publisher\":{\"@id\":\"https:\/\/teiaeducation.ch\/de\/#organization\"},\"alternateName\":\"Teia Education & Play\",\"potentialAction\":[{\"@type\":\"SearchAction\",\"target\":{\"@type\":\"EntryPoint\",\"urlTemplate\":\"https:\/\/teiaeducation.ch\/de\/?s={search_term_string}\"},\"query-input\":{\"@type\":\"PropertyValueSpecification\",\"valueRequired\":true,\"valueName\":\"search_term_string\"}}],\"inLanguage\":\"de-CH\"},{\"@type\":\"Organization\",\"@id\":\"https:\/\/teiaeducation.ch\/de\/#organization\",\"name\":\"Teia Education & Play\",\"url\":\"https:\/\/teiaeducation.ch\/de\/\",\"logo\":{\"@type\":\"ImageObject\",\"inLanguage\":\"de-CH\",\"@id\":\"https:\/\/teiaeducation.ch\/de\/#\/schema\/logo\/image\/\",\"url\":\"https:\/\/teiaeducation.ch\/wp-content\/uploads\/2020\/11\/Teia-Education-Switzerland-e1620156442216.jpg\",\"contentUrl\":\"https:\/\/teiaeducation.ch\/wp-content\/uploads\/2020\/11\/Teia-Education-Switzerland-e1620156442216.jpg\",\"width\":166,\"height\":145,\"caption\":\"Teia Education & Play\"},\"image\":{\"@id\":\"https:\/\/teiaeducation.ch\/de\/#\/schema\/logo\/image\/\"},\"sameAs\":[\"https:\/\/www.facebook.com\/teiaeducation\/\",\"https:\/\/x.com\/EducationTeia\",\"https:\/\/www.instagram.com\/teia.education\/\",\"https:\/\/www.linkedin.com\/company\/35501660\",\"https:\/\/www.pinterest.ch\/TeiaEducation\/\"]}]}<\/script>\n<!-- \/ Yoast SEO plugin. -->","yoast_head_json":{"title":"Pastellfarbenes Baukastenset - Grimm's","description":"Das Pastellfarben-Baukastenset von Grimm;s ist ein handgefertigtes, nachhaltiges Mandala-Puzzle und Baukl\u00f6tzset aus Holz f\u00fcr kleine Welten.","robots":{"index":"index","follow":"follow","max-snippet":"max-snippet:-1","max-image-preview":"max-image-preview:large","max-video-preview":"max-video-preview:-1"},"canonical":"https:\/\/teiaeducation.ch\/de\/produkt\/pastellfarbenes-baukastenset-grimms\/","og_locale":"de_DE","og_type":"article","og_title":"Pastellfarbenes Baukastenset - Grimm's","og_description":"Das Pastellfarben-Baukastenset von Grimm;s ist ein handgefertigtes, nachhaltiges Mandala-Puzzle und Baukl\u00f6tzset aus Holz f\u00fcr kleine Welten.","og_url":"https:\/\/teiaeducation.ch\/de\/produkt\/pastellfarbenes-baukastenset-grimms\/","og_site_name":"Sustainable Educational Products &amp; Ecological Toys\u00a0","article_publisher":"https:\/\/www.facebook.com\/teiaeducation\/","article_modified_time":"2025-10-23T11:05:36+00:00","og_image":[{"width":900,"height":900,"url":"https:\/\/teiaeducation.ch\/wp-content\/uploads\/2020\/10\/Pastel-colour-wheel-building-set-Grimms.jpg","type":"image\/jpeg"}],"schema":{"@context":"https:\/\/schema.org","@graph":[{"@type":"WebPage","@id":"https:\/\/teiaeducation.ch\/de\/produkt\/pastellfarbenes-baukastenset-grimms\/","url":"https:\/\/teiaeducation.ch\/de\/produkt\/pastellfarbenes-baukastenset-grimms\/","name":"Pastellfarbenes Baukastenset - Grimm's","isPartOf":{"@id":"https:\/\/teiaeducation.ch\/de\/#website"},"primaryImageOfPage":{"@id":"https:\/\/teiaeducation.ch\/de\/produkt\/pastellfarbenes-baukastenset-grimms\/#primaryimage"},"image":{"@id":"https:\/\/teiaeducation.ch\/de\/produkt\/pastellfarbenes-baukastenset-grimms\/#primaryimage"},"thumbnailUrl":"https:\/\/teiaeducation.ch\/wp-content\/uploads\/2020\/10\/Pastel-colour-wheel-building-set-Grimms.jpg","datePublished":"2020-11-27T20:27:49+00:00","dateModified":"2025-10-23T11:05:36+00:00","description":"Das Pastellfarben-Baukastenset von Grimm;s ist ein handgefertigtes, nachhaltiges Mandala-Puzzle und Baukl\u00f6tzset aus Holz f\u00fcr kleine Welten.","breadcrumb":{"@id":"https:\/\/teiaeducation.ch\/de\/produkt\/pastellfarbenes-baukastenset-grimms\/#breadcrumb"},"inLanguage":"de-CH","potentialAction":[{"@type":"ReadAction","target":["https:\/\/teiaeducation.ch\/de\/produkt\/pastellfarbenes-baukastenset-grimms\/"]}]},{"@type":"ImageObject","inLanguage":"de-CH","@id":"https:\/\/teiaeducation.ch\/de\/produkt\/pastellfarbenes-baukastenset-grimms\/#primaryimage","url":"https:\/\/teiaeducation.ch\/wp-content\/uploads\/2020\/10\/Pastel-colour-wheel-building-set-Grimms.jpg","contentUrl":"https:\/\/teiaeducation.ch\/wp-content\/uploads\/2020\/10\/Pastel-colour-wheel-building-set-Grimms.jpg","width":900,"height":900,"caption":"Handgefertigte, nachhaltige Mandala-Puzzlebl\u00f6cke aus Holz Pastellfarbenes Farbrad-Bauset \u2013 Grimm's"},{"@type":"BreadcrumbList","@id":"https:\/\/teiaeducation.ch\/de\/produkt\/pastellfarbenes-baukastenset-grimms\/#breadcrumb","itemListElement":[{"@type":"ListItem","position":1,"name":"Home","item":"https:\/\/teiaeducation.ch\/de\/"},{"@type":"ListItem","position":2,"name":"Laden","item":"https:\/\/teiaeducation.ch\/de\/shop\/"},{"@type":"ListItem","position":3,"name":"Pastellfarbenes Baukastenset &#8211; Grimm&#8217;s"}]},{"@type":"WebSite","@id":"https:\/\/teiaeducation.ch\/de\/#website","url":"https:\/\/teiaeducation.ch\/de\/","name":"Sustainable Educational Products &amp; Ecological Toys\u00a0","description":"Specialised Swiss shop selling sustainable educational toys and games, AMI certified Montessori materials, handmade ecological wooden Waldorf toys and arts &amp; crafts supplies, school supplies, children&#039;s furniture and Montessori reference and parenting books.","publisher":{"@id":"https:\/\/teiaeducation.ch\/de\/#organization"},"alternateName":"Teia Education & Play","potentialAction":[{"@type":"SearchAction","target":{"@type":"EntryPoint","urlTemplate":"https:\/\/teiaeducation.ch\/de\/?s={search_term_string}"},"query-input":{"@type":"PropertyValueSpecification","valueRequired":true,"valueName":"search_term_string"}}],"inLanguage":"de-CH"},{"@type":"Organization","@id":"https:\/\/teiaeducation.ch\/de\/#organization","name":"Teia Education & Play","url":"https:\/\/teiaeducation.ch\/de\/","logo":{"@type":"ImageObject","inLanguage":"de-CH","@id":"https:\/\/teiaeducation.ch\/de\/#\/schema\/logo\/image\/","url":"https:\/\/teiaeducation.ch\/wp-content\/uploads\/2020\/11\/Teia-Education-Switzerland-e1620156442216.jpg","contentUrl":"https:\/\/teiaeducation.ch\/wp-content\/uploads\/2020\/11\/Teia-Education-Switzerland-e1620156442216.jpg","width":166,"height":145,"caption":"Teia Education & Play"},"image":{"@id":"https:\/\/teiaeducation.ch\/de\/#\/schema\/logo\/image\/"},"sameAs":["https:\/\/www.facebook.com\/teiaeducation\/","https:\/\/x.com\/EducationTeia","https:\/\/www.instagram.com\/teia.education\/","https:\/\/www.linkedin.com\/company\/35501660","https:\/\/www.pinterest.ch\/TeiaEducation\/"]}]}},"_links":{"self":[{"href":"https:\/\/teiaeducation.ch\/de\/wp-json\/wp\/v2\/product\/71498","targetHints":{"allow":["GET"]}}],"collection":[{"href":"https:\/\/teiaeducation.ch\/de\/wp-json\/wp\/v2\/product"}],"about":[{"href":"https:\/\/teiaeducation.ch\/de\/wp-json\/wp\/v2\/types\/product"}],"replies":[{"embeddable":true,"href":"https:\/\/teiaeducation.ch\/de\/wp-json\/wp\/v2\/comments?post=71498"}],"wp:featuredmedia":[{"embeddable":true,"href":"https:\/\/teiaeducation.ch\/de\/wp-json\/wp\/v2\/media\/71499"}],"wp:attachment":[{"href":"https:\/\/teiaeducation.ch\/de\/wp-json\/wp\/v2\/media?parent=71498"}],"wp:term":[{"taxonomy":"product_brand","embeddable":true,"href":"https:\/\/teiaeducation.ch\/de\/wp-json\/wp\/v2\/product_brand?post=71498"},{"taxonomy":"product_cat","embeddable":true,"href":"https:\/\/teiaeducation.ch\/de\/wp-json\/wp\/v2\/product_cat?post=71498"},{"taxonomy":"product_tag","embeddable":true,"href":"https:\/\/teiaeducation.ch\/de\/wp-json\/wp\/v2\/product_tag?post=71498"}],"curies":[{"name":"wp","href":"https:\/\/api.w.org\/{rel}","templated":true}]}}