{"id":71537,"date":"2022-01-27T13:02:48","date_gmt":"2022-01-27T12:02:48","guid":{"rendered":"https:\/\/teiaeducation.ch\/product\/geschichtenpuzzle-cowboys-educo\/"},"modified":"2025-11-03T16:10:25","modified_gmt":"2025-11-03T15:10:25","slug":"geschichtenpuzzle-cowboys-educo","status":"publish","type":"product","link":"https:\/\/teiaeducation.ch\/de\/produkt\/geschichtenpuzzle-cowboys-educo\/","title":{"rendered":"Geschichtenpuzzle: Cowboys \u2013 Educo"},"content":{"rendered":"<p>Dieses gro\u00dfe und wundersch\u00f6n illustrierte Puzzle zum Thema Cowboys und Indianer aus der Educo-<a href=\"https:\/\/teiaeducation.ch\/de\/produkt-kategorie\/unsere-marken\/educo-de\/puzzle-spiel\/\">Puzzlespiel<\/a>reihe misst 40 x 40 Zentimeter und besteht aus 100 stabilen Holzpuzzleteilen, die in einem Einlegebrett aus Buchenholz eingelassen sind. Dieses sch\u00f6ne Puzzle zeigt eine lebhafte Szene mit Cowboys und Indianern und regt zu lebhaften Diskussionen an, wodurch das Bewusstsein und das Verst\u00e4ndnis f\u00fcr unsere Welt gef\u00f6rdert werden. <\/p>\n<p>Die Story-Puzzles von Educo f\u00f6rdern Kreativit\u00e4t, Fantasie sowie <a href=\"https:\/\/teiaeducation.ch\/de\/produkt-kategorie\/lernthemen\/alphabetisierung-sprache\/\">Sprach<\/a>&#8211; und Lesef\u00e4higkeiten. Wie alle Puzzles aus dem Educo-Puzzlespielsortiment regt auch dieses hochwertige Lern<a href=\"https:\/\/teiaeducation.ch\/de\/produkt-kategorie\/kinder-spielzeug\/holzpuzzles\/\">puzzle aus Holz<\/a> spielerisch das kritische Denken und die Probleml\u00f6setechniken an.<\/p>\n<p>Das Story-Puzzle \u201eCowboys\u201c ist f\u00fcr Kinder ab 4 Jahren geeignet.<\/p>\n<p>Inhalt:<\/p>\n<p>1 Holz-Einlegebrett (40 x 40 cm)<br \/>\n100 Holzpuzzleteile aus 4 mm starkem Birkensperrholz.<\/p>\n<h2>\u00dcber Educo<\/h2>\n<p>Die Niederl\u00e4ndische Marke <a href=\"https:\/\/teiaeducation.ch\/de\/produkt-kategorie\/unsere-marken\/educo-de\/\">Educo<\/a> steht f\u00fcr eine bunte Welt des spielerischen <a href=\"https:\/\/teiaeducation.ch\/de\/produkt-kategorie\/lernthemen\/\">Lernens<\/a>, herausfordernde Lernspiele und Spielzeuge! Die qualitativ hochwertigen und langlebigen Educo-Produkte orientieren sich an allt\u00e4glichen Situationen und helfen Babys und Kindern, Spiele mit normalen Themen zu verbinden und den Lernprozess in eine Simulation ihrer nat\u00fcrlichen Umgebung zu verwandeln. <\/p>\n<p>Das Educo-Sortiment ist in drei Entwicklungsbereiche unterteilt: <a href=\"https:\/\/teiaeducation.ch\/de\/produkt-kategorie\/unsere-marken\/educo-de\/motorisches-spiel\/\">Motorik<\/a>, <a href=\"https:\/\/teiaeducation.ch\/de\/produkt-kategorie\/unsere-marken\/educo-de\/sprachspiel-educo\/\">Sprache<\/a> und <a href=\"https:\/\/teiaeducation.ch\/de\/produkt-kategorie\/unsere-marken\/educo-de\/mathematisches-spiel\/\">Mathematik<\/a>. Im Jahr 2023 wurde eine umfassende Reihe von <a href=\"https:\/\/teiaeducation.ch\/de\/produkt-kategorie\/unsere-marken\/educo-de\/montessori-spielzeug-0-3-jahre\/\">Montessori inspiriertem Spielzeug<\/a> f\u00fcr Kinder im Alter von 0-3 Jahren eingef\u00fchrt, um das Wachstum und die Entwicklung der kleinen Kinder bestm\u00f6glich zu f\u00f6rdern. <\/p>\n<p>Die aktiven, spielerischen Lernprodukte von Educo sind haupts\u00e4chlich aus Holz gefertigt und bestehen aus nachhaltigen Materialien wie Farben und Lacken auf Wasserbasis. Die <a href=\"https:\/\/teiaeducation.ch\/de\/produkt-kategorie\/kinder-spielzeug\/\">Spielzeuge<\/a> sind so konzipiert, dass sie \u00fcber viele Jahre hinweg robust verwendet werden k\u00f6nnen, spielerisches Lernen f\u00f6rdern und Kinder im Alter von 0-12 Jahren zu Wachstum und Erfolg inspirieren. Sie erf\u00fcllen die Anforderungen der verschiedenen europ\u00e4ischen und internationalen Sicherheitsvorschriften f\u00fcr Spielzeug und entsprechen der Richtlinie 2009\/48\/EG \u00fcber die Sicherheit von Spielzeug, einschlie\u00dflich EN81 und ASTM.<\/p>\n","protected":false},"excerpt":{"rendered":"<p>Artikelnummer: <span data-sheets-value=\"{\"1\":2,\"2\":\"E522813\"}\" data-sheets-userformat=\"{\"2\":12349,\"3\":{\"1\":0,\"3\":1},\"5\":{\"1\":[{\"1\":2,\"2\":0,\"5\":{\"1\":2,\"2\":0}},{\"1\":0,\"2\":0,\"3\":3},{\"1\":1,\"2\":0,\"4\":1}]},\"6\":{\"1\":[{\"1\":2,\"2\":0,\"5\":{\"1\":2,\"2\":0}},{\"1\":0,\"2\":0,\"3\":3},{\"1\":1,\"2\":0,\"4\":1}]},\"7\":{\"1\":[{\"1\":2,\"2\":0,\"5\":{\"1\":2,\"2\":0}},{\"1\":0,\"2\":0,\"3\":3},{\"1\":1,\"2\":0,\"4\":1}]},\"8\":{\"1\":[{\"1\":2,\"2\":0,\"5\":{\"1\":2,\"2\":0}},{\"1\":0,\"2\":0,\"3\":3},{\"1\":1,\"2\":0,\"4\":1}]},\"15\":\"Verdana\",\"16\":10}\">E522813<\/span><\/p>\n<p>Ein hochwertiges gro\u00dfes Holzpuzzle mit Cowboys der niederl\u00e4ndischen Marke Educo \u2013 mit 100 stabilen Holzpuzzleteilen.<\/p>\n","protected":false},"featured_media":43733,"comment_status":"open","ping_status":"closed","template":"","meta":[],"product_brand":[],"product_cat":[21445,21446,21524,21671,21479,21599,21493,21484,21535,21707,21517,21510,21509,21559,21443,21563,21615,21557,21678,21482,21564,21536],"product_tag":[26406,27393,32234,32235,24315,32237,32236,26410],"class_list":{"0":"post-71537","1":"product","2":"type-product","3":"status-publish","4":"has-post-thumbnail","6":"product_cat-3-6-jahre-vorschule","7":"product_cat-6-12-jahre-grundschule","8":"product_cat-alphabetisierung-sprache","9":"product_cat-angebot","10":"product_cat-lernmaterialien-spielzeug-montessori-waldorf-steiner-froebel","11":"product_cat-educo-de","12":"product_cat-geschenk-guide-holzpuzzles","13":"product_cat-geschenk-guides","14":"product_cat-geschichtenerzaehlen","15":"product_cat-holzpuzzles","16":"product_cat-humangeographie-kultur","17":"product_cat-kultur-wissenschaft","18":"product_cat-lernthemen","19":"product_cat-motorische-fertigkeiten","20":"product_cat-nach-alter","21":"product_cat-neuheiten","22":"product_cat-puzzle-spiel","23":"product_cat-sensorische-motorische-fertigkeiten","24":"product_cat-kinder-spielzeug","25":"product_cat-traditionelle-bildung","26":"product_cat-unsere-marken","27":"product_cat-wortschatz","28":"product_tag-educo-de","29":"product_tag-educo-holzpuzzle","30":"product_tag-holzpuzzle-2","31":"product_tag-holzpuzzle-fur-kinder","32":"product_tag-holzspielzeug","33":"product_tag-kinder-holzpuzzle-mittelalterliche-schloss-ritter","34":"product_tag-kinder-holzpuzzle-mittelalterschloss","35":"product_tag-padagogisches-holzspielzeug-lernspielzeug-aus-holz","37":"first","38":"instock","39":"sale","40":"taxable","41":"shipping-taxable","42":"purchasable","43":"product-type-simple"},"yoast_head":"<!-- This site is optimized with the Yoast SEO plugin v27.1.1 - https:\/\/yoast.com\/product\/yoast-seo-wordpress\/ -->\n<title>Geschichtenpuzzle: Cowboys \u2013 Educo<\/title>\n<meta name=\"description\" content=\"Ein hochwertiges gro\u00dfes Holzpuzzle mit Cowboys der niederl\u00e4ndischen Marke Educo \u2013 mit 100 stabilen Holzpuzzleteilen.\" \/>\n<meta name=\"robots\" content=\"index, follow, max-snippet:-1, max-image-preview:large, max-video-preview:-1\" \/>\n<link rel=\"canonical\" href=\"https:\/\/teiaeducation.ch\/de\/produkt\/geschichtenpuzzle-cowboys-educo\/\" \/>\n<meta property=\"og:locale\" content=\"de_DE\" \/>\n<meta property=\"og:type\" content=\"article\" \/>\n<meta property=\"og:title\" content=\"Geschichtenpuzzle: Cowboys \u2013 Educo\" \/>\n<meta property=\"og:description\" content=\"Ein hochwertiges gro\u00dfes Holzpuzzle mit Cowboys der niederl\u00e4ndischen Marke Educo \u2013 mit 100 stabilen Holzpuzzleteilen.\" \/>\n<meta property=\"og:url\" content=\"https:\/\/teiaeducation.ch\/de\/produkt\/geschichtenpuzzle-cowboys-educo\/\" \/>\n<meta property=\"og:site_name\" content=\"Sustainable Educational Products &amp; Ecological Toys\u00a0\" \/>\n<meta property=\"article:publisher\" content=\"https:\/\/www.facebook.com\/teiaeducation\/\" \/>\n<meta property=\"article:modified_time\" content=\"2025-11-03T15:10:25+00:00\" \/>\n<meta property=\"og:image\" content=\"https:\/\/teiaeducation.ch\/wp-content\/uploads\/2022\/01\/A-high-quality-large-wooden-jigsaw-story-puzzle-depicting-cowboys-from-Dutch-brand-Educo-with-100-sturdy-wooden-puzzle-pieces..jpg\" \/>\n\t<meta property=\"og:image:width\" content=\"800\" \/>\n\t<meta property=\"og:image:height\" content=\"800\" \/>\n\t<meta property=\"og:image:type\" content=\"image\/jpeg\" \/>\n<script type=\"application\/ld+json\" class=\"yoast-schema-graph\">{\"@context\":\"https:\/\/schema.org\",\"@graph\":[{\"@type\":\"WebPage\",\"@id\":\"https:\/\/teiaeducation.ch\/de\/produkt\/geschichtenpuzzle-cowboys-educo\/\",\"url\":\"https:\/\/teiaeducation.ch\/de\/produkt\/geschichtenpuzzle-cowboys-educo\/\",\"name\":\"Geschichtenpuzzle: Cowboys \u2013 Educo\",\"isPartOf\":{\"@id\":\"https:\/\/teiaeducation.ch\/de\/#website\"},\"primaryImageOfPage\":{\"@id\":\"https:\/\/teiaeducation.ch\/de\/produkt\/geschichtenpuzzle-cowboys-educo\/#primaryimage\"},\"image\":{\"@id\":\"https:\/\/teiaeducation.ch\/de\/produkt\/geschichtenpuzzle-cowboys-educo\/#primaryimage\"},\"thumbnailUrl\":\"https:\/\/teiaeducation.ch\/wp-content\/uploads\/2022\/01\/A-high-quality-large-wooden-jigsaw-story-puzzle-depicting-cowboys-from-Dutch-brand-Educo-with-100-sturdy-wooden-puzzle-pieces..jpg\",\"datePublished\":\"2022-01-27T12:02:48+00:00\",\"dateModified\":\"2025-11-03T15:10:25+00:00\",\"description\":\"Ein hochwertiges gro\u00dfes Holzpuzzle mit Cowboys der niederl\u00e4ndischen Marke Educo \u2013 mit 100 stabilen Holzpuzzleteilen.\",\"breadcrumb\":{\"@id\":\"https:\/\/teiaeducation.ch\/de\/produkt\/geschichtenpuzzle-cowboys-educo\/#breadcrumb\"},\"inLanguage\":\"de-CH\",\"potentialAction\":[{\"@type\":\"ReadAction\",\"target\":[\"https:\/\/teiaeducation.ch\/de\/produkt\/geschichtenpuzzle-cowboys-educo\/\"]}]},{\"@type\":\"ImageObject\",\"inLanguage\":\"de-CH\",\"@id\":\"https:\/\/teiaeducation.ch\/de\/produkt\/geschichtenpuzzle-cowboys-educo\/#primaryimage\",\"url\":\"https:\/\/teiaeducation.ch\/wp-content\/uploads\/2022\/01\/A-high-quality-large-wooden-jigsaw-story-puzzle-depicting-cowboys-from-Dutch-brand-Educo-with-100-sturdy-wooden-puzzle-pieces..jpg\",\"contentUrl\":\"https:\/\/teiaeducation.ch\/wp-content\/uploads\/2022\/01\/A-high-quality-large-wooden-jigsaw-story-puzzle-depicting-cowboys-from-Dutch-brand-Educo-with-100-sturdy-wooden-puzzle-pieces..jpg\",\"width\":800,\"height\":800,\"caption\":\"Story puzzle: cowboys - Educo\"},{\"@type\":\"BreadcrumbList\",\"@id\":\"https:\/\/teiaeducation.ch\/de\/produkt\/geschichtenpuzzle-cowboys-educo\/#breadcrumb\",\"itemListElement\":[{\"@type\":\"ListItem\",\"position\":1,\"name\":\"Home\",\"item\":\"https:\/\/teiaeducation.ch\/de\/\"},{\"@type\":\"ListItem\",\"position\":2,\"name\":\"Laden\",\"item\":\"https:\/\/teiaeducation.ch\/de\/shop\/\"},{\"@type\":\"ListItem\",\"position\":3,\"name\":\"Geschichtenpuzzle: Cowboys \u2013 Educo\"}]},{\"@type\":\"WebSite\",\"@id\":\"https:\/\/teiaeducation.ch\/de\/#website\",\"url\":\"https:\/\/teiaeducation.ch\/de\/\",\"name\":\"Sustainable Educational Products &amp; Ecological Toys\u00a0\",\"description\":\"Specialised Swiss shop selling sustainable educational toys and games, AMI certified Montessori materials, handmade ecological wooden Waldorf toys and arts &amp; crafts supplies, school supplies, children&#039;s furniture and Montessori reference and parenting books.\",\"publisher\":{\"@id\":\"https:\/\/teiaeducation.ch\/de\/#organization\"},\"alternateName\":\"Teia Education & Play\",\"potentialAction\":[{\"@type\":\"SearchAction\",\"target\":{\"@type\":\"EntryPoint\",\"urlTemplate\":\"https:\/\/teiaeducation.ch\/de\/?s={search_term_string}\"},\"query-input\":{\"@type\":\"PropertyValueSpecification\",\"valueRequired\":true,\"valueName\":\"search_term_string\"}}],\"inLanguage\":\"de-CH\"},{\"@type\":\"Organization\",\"@id\":\"https:\/\/teiaeducation.ch\/de\/#organization\",\"name\":\"Teia Education & Play\",\"url\":\"https:\/\/teiaeducation.ch\/de\/\",\"logo\":{\"@type\":\"ImageObject\",\"inLanguage\":\"de-CH\",\"@id\":\"https:\/\/teiaeducation.ch\/de\/#\/schema\/logo\/image\/\",\"url\":\"https:\/\/teiaeducation.ch\/wp-content\/uploads\/2020\/11\/Teia-Education-Switzerland-e1620156442216.jpg\",\"contentUrl\":\"https:\/\/teiaeducation.ch\/wp-content\/uploads\/2020\/11\/Teia-Education-Switzerland-e1620156442216.jpg\",\"width\":166,\"height\":145,\"caption\":\"Teia Education & Play\"},\"image\":{\"@id\":\"https:\/\/teiaeducation.ch\/de\/#\/schema\/logo\/image\/\"},\"sameAs\":[\"https:\/\/www.facebook.com\/teiaeducation\/\",\"https:\/\/x.com\/EducationTeia\",\"https:\/\/www.instagram.com\/teia.education\/\",\"https:\/\/www.linkedin.com\/company\/35501660\",\"https:\/\/www.pinterest.ch\/TeiaEducation\/\"]}]}<\/script>\n<!-- \/ Yoast SEO plugin. -->","yoast_head_json":{"title":"Geschichtenpuzzle: Cowboys \u2013 Educo","description":"Ein hochwertiges gro\u00dfes Holzpuzzle mit Cowboys der niederl\u00e4ndischen Marke Educo \u2013 mit 100 stabilen Holzpuzzleteilen.","robots":{"index":"index","follow":"follow","max-snippet":"max-snippet:-1","max-image-preview":"max-image-preview:large","max-video-preview":"max-video-preview:-1"},"canonical":"https:\/\/teiaeducation.ch\/de\/produkt\/geschichtenpuzzle-cowboys-educo\/","og_locale":"de_DE","og_type":"article","og_title":"Geschichtenpuzzle: Cowboys \u2013 Educo","og_description":"Ein hochwertiges gro\u00dfes Holzpuzzle mit Cowboys der niederl\u00e4ndischen Marke Educo \u2013 mit 100 stabilen Holzpuzzleteilen.","og_url":"https:\/\/teiaeducation.ch\/de\/produkt\/geschichtenpuzzle-cowboys-educo\/","og_site_name":"Sustainable Educational Products &amp; Ecological Toys\u00a0","article_publisher":"https:\/\/www.facebook.com\/teiaeducation\/","article_modified_time":"2025-11-03T15:10:25+00:00","og_image":[{"width":800,"height":800,"url":"https:\/\/teiaeducation.ch\/wp-content\/uploads\/2022\/01\/A-high-quality-large-wooden-jigsaw-story-puzzle-depicting-cowboys-from-Dutch-brand-Educo-with-100-sturdy-wooden-puzzle-pieces..jpg","type":"image\/jpeg"}],"schema":{"@context":"https:\/\/schema.org","@graph":[{"@type":"WebPage","@id":"https:\/\/teiaeducation.ch\/de\/produkt\/geschichtenpuzzle-cowboys-educo\/","url":"https:\/\/teiaeducation.ch\/de\/produkt\/geschichtenpuzzle-cowboys-educo\/","name":"Geschichtenpuzzle: Cowboys \u2013 Educo","isPartOf":{"@id":"https:\/\/teiaeducation.ch\/de\/#website"},"primaryImageOfPage":{"@id":"https:\/\/teiaeducation.ch\/de\/produkt\/geschichtenpuzzle-cowboys-educo\/#primaryimage"},"image":{"@id":"https:\/\/teiaeducation.ch\/de\/produkt\/geschichtenpuzzle-cowboys-educo\/#primaryimage"},"thumbnailUrl":"https:\/\/teiaeducation.ch\/wp-content\/uploads\/2022\/01\/A-high-quality-large-wooden-jigsaw-story-puzzle-depicting-cowboys-from-Dutch-brand-Educo-with-100-sturdy-wooden-puzzle-pieces..jpg","datePublished":"2022-01-27T12:02:48+00:00","dateModified":"2025-11-03T15:10:25+00:00","description":"Ein hochwertiges gro\u00dfes Holzpuzzle mit Cowboys der niederl\u00e4ndischen Marke Educo \u2013 mit 100 stabilen Holzpuzzleteilen.","breadcrumb":{"@id":"https:\/\/teiaeducation.ch\/de\/produkt\/geschichtenpuzzle-cowboys-educo\/#breadcrumb"},"inLanguage":"de-CH","potentialAction":[{"@type":"ReadAction","target":["https:\/\/teiaeducation.ch\/de\/produkt\/geschichtenpuzzle-cowboys-educo\/"]}]},{"@type":"ImageObject","inLanguage":"de-CH","@id":"https:\/\/teiaeducation.ch\/de\/produkt\/geschichtenpuzzle-cowboys-educo\/#primaryimage","url":"https:\/\/teiaeducation.ch\/wp-content\/uploads\/2022\/01\/A-high-quality-large-wooden-jigsaw-story-puzzle-depicting-cowboys-from-Dutch-brand-Educo-with-100-sturdy-wooden-puzzle-pieces..jpg","contentUrl":"https:\/\/teiaeducation.ch\/wp-content\/uploads\/2022\/01\/A-high-quality-large-wooden-jigsaw-story-puzzle-depicting-cowboys-from-Dutch-brand-Educo-with-100-sturdy-wooden-puzzle-pieces..jpg","width":800,"height":800,"caption":"Story puzzle: cowboys - Educo"},{"@type":"BreadcrumbList","@id":"https:\/\/teiaeducation.ch\/de\/produkt\/geschichtenpuzzle-cowboys-educo\/#breadcrumb","itemListElement":[{"@type":"ListItem","position":1,"name":"Home","item":"https:\/\/teiaeducation.ch\/de\/"},{"@type":"ListItem","position":2,"name":"Laden","item":"https:\/\/teiaeducation.ch\/de\/shop\/"},{"@type":"ListItem","position":3,"name":"Geschichtenpuzzle: Cowboys \u2013 Educo"}]},{"@type":"WebSite","@id":"https:\/\/teiaeducation.ch\/de\/#website","url":"https:\/\/teiaeducation.ch\/de\/","name":"Sustainable Educational Products &amp; Ecological Toys\u00a0","description":"Specialised Swiss shop selling sustainable educational toys and games, AMI certified Montessori materials, handmade ecological wooden Waldorf toys and arts &amp; crafts supplies, school supplies, children&#039;s furniture and Montessori reference and parenting books.","publisher":{"@id":"https:\/\/teiaeducation.ch\/de\/#organization"},"alternateName":"Teia Education & Play","potentialAction":[{"@type":"SearchAction","target":{"@type":"EntryPoint","urlTemplate":"https:\/\/teiaeducation.ch\/de\/?s={search_term_string}"},"query-input":{"@type":"PropertyValueSpecification","valueRequired":true,"valueName":"search_term_string"}}],"inLanguage":"de-CH"},{"@type":"Organization","@id":"https:\/\/teiaeducation.ch\/de\/#organization","name":"Teia Education & Play","url":"https:\/\/teiaeducation.ch\/de\/","logo":{"@type":"ImageObject","inLanguage":"de-CH","@id":"https:\/\/teiaeducation.ch\/de\/#\/schema\/logo\/image\/","url":"https:\/\/teiaeducation.ch\/wp-content\/uploads\/2020\/11\/Teia-Education-Switzerland-e1620156442216.jpg","contentUrl":"https:\/\/teiaeducation.ch\/wp-content\/uploads\/2020\/11\/Teia-Education-Switzerland-e1620156442216.jpg","width":166,"height":145,"caption":"Teia Education & Play"},"image":{"@id":"https:\/\/teiaeducation.ch\/de\/#\/schema\/logo\/image\/"},"sameAs":["https:\/\/www.facebook.com\/teiaeducation\/","https:\/\/x.com\/EducationTeia","https:\/\/www.instagram.com\/teia.education\/","https:\/\/www.linkedin.com\/company\/35501660","https:\/\/www.pinterest.ch\/TeiaEducation\/"]}]}},"_links":{"self":[{"href":"https:\/\/teiaeducation.ch\/de\/wp-json\/wp\/v2\/product\/71537","targetHints":{"allow":["GET"]}}],"collection":[{"href":"https:\/\/teiaeducation.ch\/de\/wp-json\/wp\/v2\/product"}],"about":[{"href":"https:\/\/teiaeducation.ch\/de\/wp-json\/wp\/v2\/types\/product"}],"replies":[{"embeddable":true,"href":"https:\/\/teiaeducation.ch\/de\/wp-json\/wp\/v2\/comments?post=71537"}],"wp:featuredmedia":[{"embeddable":true,"href":"https:\/\/teiaeducation.ch\/de\/wp-json\/wp\/v2\/media\/43733"}],"wp:attachment":[{"href":"https:\/\/teiaeducation.ch\/de\/wp-json\/wp\/v2\/media?parent=71537"}],"wp:term":[{"taxonomy":"product_brand","embeddable":true,"href":"https:\/\/teiaeducation.ch\/de\/wp-json\/wp\/v2\/product_brand?post=71537"},{"taxonomy":"product_cat","embeddable":true,"href":"https:\/\/teiaeducation.ch\/de\/wp-json\/wp\/v2\/product_cat?post=71537"},{"taxonomy":"product_tag","embeddable":true,"href":"https:\/\/teiaeducation.ch\/de\/wp-json\/wp\/v2\/product_tag?post=71537"}],"curies":[{"name":"wp","href":"https:\/\/api.w.org\/{rel}","templated":true}]}}