{"id":71555,"date":"2021-11-01T17:00:25","date_gmt":"2021-11-01T16:00:25","guid":{"rendered":"https:\/\/teiaeducation.ch\/product\/power-puzzle-motocross-ar-educo\/"},"modified":"2025-11-03T16:29:12","modified_gmt":"2025-11-03T15:29:12","slug":"power-puzzle-motocross-ar-educo","status":"publish","type":"product","link":"https:\/\/teiaeducation.ch\/de\/produkt\/power-puzzle-motocross-ar-educo\/","title":{"rendered":"Power-Puzzle: Motocross AR \u2013 Educo"},"content":{"rendered":"<p>Power-Puzzle: Motocross AR (24 Puzzleteile) &#8211; Educo<\/p>\n<p>Das Power Puzzle Motocross AR aus der Educo <a href=\"https:\/\/teiaeducation.ch\/de\/produkt-kategorie\/unsere-marken\/educo-de\/puzzle-spiel\/\">Puzzlespiel<\/a>reihe ist ein gro\u00dfes Puzzle, das vollst\u00e4ndig aus Holz gefertigt ist. Das Puzzle ist Teil einer Serie von Puzzles zum Thema motorisierte Fahrzeuge. <\/p>\n<p>Dieses gro\u00dfe und wundersch\u00f6n illustrierte Themenpuzzle misst 40 mal 28 Zentimeter und besteht aus 24 stabilen Holzpuzzleteilen, die in eine Buchenholzplatte eingelegt sind. Die Vielfalt dieser R\u00e4tselserie regt zu lebhaften Diskussionen an und f\u00f6rdert das Bewusstsein und Verst\u00e4ndnis f\u00fcr Sportarten, bei denen verschiedene motorisierte Fahrzeuge gegeneinander antreten.<\/p>\n<p>Wenn das Kind das Puzzle fertiggestellt hat, ist es Zeit f\u00fcr ein Rennen: Scannen Sie das Puzzle und erwecken Sie es mit der AR-App f\u00fcr Apple und Android zum Leben! Lassen Sie die Motorr\u00e4der \u00fcber den Tisch rasen und erleben Sie die Faszination der Motorradwelt. Beobachten Sie, wie das Publikum staunt. Studieren Sie die verschiedenen Motorradteile. Die AR-App enth\u00e4lt mehrere herausfordernde \u00dcbungen.    <\/p>\n<p>Die Educo-Puzzles f\u00f6rdern die Kreativit\u00e4t, die Vorstellungskraft sowie die Sprach- und Lesef\u00e4higkeiten. Wie alle Puzzles aus dem Educo-Puzzlespielsortiment regt auch dieses hochwertige Lernpuzzle aus Holz spielerisch das kritische Denken und die Probleml\u00f6setechniken an.<\/p>\n<p>Dieses Puzzle ist f\u00fcr Kinder ab 3 Jahren geeignet.<\/p>\n<p>Inhalt:<\/p>\n<p>1 Holz-Einlegebrett (40 x 28 cm)<br \/>35 Holzpuzzleteile aus 4 mm Birken-Sperrholz<\/p>\n<h2>\u00dcber Educo<\/h2>\n<p>Die Niederl\u00e4ndische Marke <a href=\"https:\/\/teiaeducation.ch\/de\/produkt-kategorie\/unsere-marken\/educo-de\/\">Educo<\/a> steht f\u00fcr eine bunte Welt des spielerischen <a href=\"https:\/\/teiaeducation.ch\/de\/produkt-kategorie\/lernthemen\/\">Lernens<\/a>, herausfordernde Lernspiele und Spielzeuge! Die qualitativ hochwertigen und langlebigen Educo-Produkte orientieren sich an allt\u00e4glichen Situationen und helfen Babys und Kindern, Spiele mit normalen Themen zu verbinden und den Lernprozess in eine Simulation ihrer nat\u00fcrlichen Umgebung zu verwandeln. <\/p>\n<p>Das Educo-Sortiment ist in drei Entwicklungsbereiche unterteilt: <a href=\"https:\/\/teiaeducation.ch\/de\/produkt-kategorie\/unsere-marken\/educo-de\/motorisches-spiel\/\">Motorik<\/a>, <a href=\"https:\/\/teiaeducation.ch\/de\/produkt-kategorie\/unsere-marken\/educo-de\/sprachspiel-educo\/\">Sprache<\/a> und <a href=\"https:\/\/teiaeducation.ch\/de\/produkt-kategorie\/unsere-marken\/educo-de\/mathematisches-spiel\/\">Mathematik<\/a>. Im Jahr 2023 wurde eine umfassende Reihe von <a href=\"https:\/\/teiaeducation.ch\/de\/produkt-kategorie\/unsere-marken\/educo-de\/montessori-spielzeug-0-3-jahre\/\">Montessori inspiriertem Spielzeug<\/a> f\u00fcr Kinder im Alter von 0-3 Jahren eingef\u00fchrt, um das Wachstum und die Entwicklung der kleinen Kinder bestm\u00f6glich zu f\u00f6rdern. <\/p>\n<p>Die aktiven, spielerischen Lernprodukte von Educo sind haupts\u00e4chlich aus Holz gefertigt und bestehen aus nachhaltigen Materialien wie Farben und Lacken auf Wasserbasis. Die <a href=\"https:\/\/teiaeducation.ch\/de\/produkt-kategorie\/kinder-spielzeug\/\">Spielzeuge<\/a> sind so konzipiert, dass sie \u00fcber viele Jahre hinweg robust verwendet werden k\u00f6nnen, spielerisches Lernen f\u00f6rdern und Kinder im Alter von 0-12 Jahren zu Wachstum und Erfolg inspirieren. Sie erf\u00fcllen die Anforderungen der verschiedenen europ\u00e4ischen und internationalen Sicherheitsvorschriften f\u00fcr Spielzeug und entsprechen der Richtlinie 2009\/48\/EG \u00fcber die Sicherheit von Spielzeug, einschlie\u00dflich EN81 und ASTM.<\/p>\n","protected":false},"excerpt":{"rendered":"<p>Aertikelnummer: E523303<\/p>\n<p>Das Power Puzzle Motocross AR aus der Educo Puzzle-Spielreihe ist ein gro\u00dfes Puzzle zum Thema Autorennen, das vollst\u00e4ndig aus Holz gefertigt ist.<\/p>\n","protected":false},"featured_media":71556,"comment_status":"closed","ping_status":"closed","template":"","meta":[],"product_brand":[],"product_cat":[21445,21446,21524,21671,21479,21599,21707,21510,21509,21443,21563,21615,21678,21482,21564],"product_tag":[32239,32240,32238,27472,27487,27488],"class_list":{"0":"post-71555","1":"product","2":"type-product","3":"status-publish","4":"has-post-thumbnail","6":"product_cat-3-6-jahre-vorschule","7":"product_cat-6-12-jahre-grundschule","8":"product_cat-alphabetisierung-sprache","9":"product_cat-angebot","10":"product_cat-lernmaterialien-spielzeug-montessori-waldorf-steiner-froebel","11":"product_cat-educo-de","12":"product_cat-holzpuzzles","13":"product_cat-kultur-wissenschaft","14":"product_cat-lernthemen","15":"product_cat-nach-alter","16":"product_cat-neuheiten","17":"product_cat-puzzle-spiel","18":"product_cat-kinder-spielzeug","19":"product_cat-traditionelle-bildung","20":"product_cat-unsere-marken","21":"product_tag-holzpuzzle-motocross","22":"product_tag-holzpuzzle-motocross-kinder","23":"product_tag-power-puzzle-motocross-educo","24":"product_tag-puzzle-spielen","25":"product_tag-puzzlespiele","26":"product_tag-spielen-und-ratsel-losen","28":"first","29":"instock","30":"sale","31":"taxable","32":"shipping-taxable","33":"purchasable","34":"product-type-simple"},"yoast_head":"<!-- This site is optimized with the Yoast SEO plugin v27.1.1 - https:\/\/yoast.com\/product\/yoast-seo-wordpress\/ -->\n<title>Power-Puzzle: Motocross AR \u2013 Educo<\/title>\n<meta name=\"description\" content=\"Das Power Puzzle Motocross AR aus der Educo Puzzle-Spielreihe ist ein gro\u00dfes Puzzle zum Thema Autorennen, das vollst\u00e4ndig aus Holz gefertigt ist.\" \/>\n<meta name=\"robots\" content=\"index, follow, max-snippet:-1, max-image-preview:large, max-video-preview:-1\" \/>\n<link rel=\"canonical\" href=\"https:\/\/teiaeducation.ch\/de\/produkt\/power-puzzle-motocross-ar-educo\/\" \/>\n<meta property=\"og:locale\" content=\"de_DE\" \/>\n<meta property=\"og:type\" content=\"article\" \/>\n<meta property=\"og:title\" content=\"Power-Puzzle: Motocross AR \u2013 Educo\" \/>\n<meta property=\"og:description\" content=\"Das Power Puzzle Motocross AR aus der Educo Puzzle-Spielreihe ist ein gro\u00dfes Puzzle zum Thema Autorennen, das vollst\u00e4ndig aus Holz gefertigt ist.\" \/>\n<meta property=\"og:url\" content=\"https:\/\/teiaeducation.ch\/de\/produkt\/power-puzzle-motocross-ar-educo\/\" \/>\n<meta property=\"og:site_name\" content=\"Sustainable Educational Products &amp; Ecological Toys\u00a0\" \/>\n<meta property=\"article:publisher\" content=\"https:\/\/www.facebook.com\/teiaeducation\/\" \/>\n<meta property=\"article:modified_time\" content=\"2025-11-03T15:29:12+00:00\" \/>\n<meta property=\"og:image\" content=\"https:\/\/teiaeducation.ch\/wp-content\/uploads\/2019\/05\/Power-puzzle-motocross-AR-Educo.jpg\" \/>\n\t<meta property=\"og:image:width\" content=\"900\" \/>\n\t<meta property=\"og:image:height\" content=\"900\" \/>\n\t<meta property=\"og:image:type\" content=\"image\/jpeg\" \/>\n<script type=\"application\/ld+json\" class=\"yoast-schema-graph\">{\"@context\":\"https:\/\/schema.org\",\"@graph\":[{\"@type\":\"WebPage\",\"@id\":\"https:\/\/teiaeducation.ch\/de\/produkt\/power-puzzle-motocross-ar-educo\/\",\"url\":\"https:\/\/teiaeducation.ch\/de\/produkt\/power-puzzle-motocross-ar-educo\/\",\"name\":\"Power-Puzzle: Motocross AR \u2013 Educo\",\"isPartOf\":{\"@id\":\"https:\/\/teiaeducation.ch\/de\/#website\"},\"primaryImageOfPage\":{\"@id\":\"https:\/\/teiaeducation.ch\/de\/produkt\/power-puzzle-motocross-ar-educo\/#primaryimage\"},\"image\":{\"@id\":\"https:\/\/teiaeducation.ch\/de\/produkt\/power-puzzle-motocross-ar-educo\/#primaryimage\"},\"thumbnailUrl\":\"https:\/\/teiaeducation.ch\/wp-content\/uploads\/2019\/05\/Power-puzzle-motocross-AR-Educo.jpg\",\"datePublished\":\"2021-11-01T16:00:25+00:00\",\"dateModified\":\"2025-11-03T15:29:12+00:00\",\"description\":\"Das Power Puzzle Motocross AR aus der Educo Puzzle-Spielreihe ist ein gro\u00dfes Puzzle zum Thema Autorennen, das vollst\u00e4ndig aus Holz gefertigt ist.\",\"breadcrumb\":{\"@id\":\"https:\/\/teiaeducation.ch\/de\/produkt\/power-puzzle-motocross-ar-educo\/#breadcrumb\"},\"inLanguage\":\"de-CH\",\"potentialAction\":[{\"@type\":\"ReadAction\",\"target\":[\"https:\/\/teiaeducation.ch\/de\/produkt\/power-puzzle-motocross-ar-educo\/\"]}]},{\"@type\":\"ImageObject\",\"inLanguage\":\"de-CH\",\"@id\":\"https:\/\/teiaeducation.ch\/de\/produkt\/power-puzzle-motocross-ar-educo\/#primaryimage\",\"url\":\"https:\/\/teiaeducation.ch\/wp-content\/uploads\/2019\/05\/Power-puzzle-motocross-AR-Educo.jpg\",\"contentUrl\":\"https:\/\/teiaeducation.ch\/wp-content\/uploads\/2019\/05\/Power-puzzle-motocross-AR-Educo.jpg\",\"width\":900,\"height\":900,\"caption\":\"Power-Puzzle: Motocross AR \u2013 Educo\"},{\"@type\":\"BreadcrumbList\",\"@id\":\"https:\/\/teiaeducation.ch\/de\/produkt\/power-puzzle-motocross-ar-educo\/#breadcrumb\",\"itemListElement\":[{\"@type\":\"ListItem\",\"position\":1,\"name\":\"Home\",\"item\":\"https:\/\/teiaeducation.ch\/de\/\"},{\"@type\":\"ListItem\",\"position\":2,\"name\":\"Laden\",\"item\":\"https:\/\/teiaeducation.ch\/de\/shop\/\"},{\"@type\":\"ListItem\",\"position\":3,\"name\":\"Power-Puzzle: Motocross AR \u2013 Educo\"}]},{\"@type\":\"WebSite\",\"@id\":\"https:\/\/teiaeducation.ch\/de\/#website\",\"url\":\"https:\/\/teiaeducation.ch\/de\/\",\"name\":\"Sustainable Educational Products &amp; Ecological Toys\u00a0\",\"description\":\"Specialised Swiss shop selling sustainable educational toys and games, AMI certified Montessori materials, handmade ecological wooden Waldorf toys and arts &amp; crafts supplies, school supplies, children&#039;s furniture and Montessori reference and parenting books.\",\"publisher\":{\"@id\":\"https:\/\/teiaeducation.ch\/de\/#organization\"},\"alternateName\":\"Teia Education & Play\",\"potentialAction\":[{\"@type\":\"SearchAction\",\"target\":{\"@type\":\"EntryPoint\",\"urlTemplate\":\"https:\/\/teiaeducation.ch\/de\/?s={search_term_string}\"},\"query-input\":{\"@type\":\"PropertyValueSpecification\",\"valueRequired\":true,\"valueName\":\"search_term_string\"}}],\"inLanguage\":\"de-CH\"},{\"@type\":\"Organization\",\"@id\":\"https:\/\/teiaeducation.ch\/de\/#organization\",\"name\":\"Teia Education & Play\",\"url\":\"https:\/\/teiaeducation.ch\/de\/\",\"logo\":{\"@type\":\"ImageObject\",\"inLanguage\":\"de-CH\",\"@id\":\"https:\/\/teiaeducation.ch\/de\/#\/schema\/logo\/image\/\",\"url\":\"https:\/\/teiaeducation.ch\/wp-content\/uploads\/2020\/11\/Teia-Education-Switzerland-e1620156442216.jpg\",\"contentUrl\":\"https:\/\/teiaeducation.ch\/wp-content\/uploads\/2020\/11\/Teia-Education-Switzerland-e1620156442216.jpg\",\"width\":166,\"height\":145,\"caption\":\"Teia Education & Play\"},\"image\":{\"@id\":\"https:\/\/teiaeducation.ch\/de\/#\/schema\/logo\/image\/\"},\"sameAs\":[\"https:\/\/www.facebook.com\/teiaeducation\/\",\"https:\/\/x.com\/EducationTeia\",\"https:\/\/www.instagram.com\/teia.education\/\",\"https:\/\/www.linkedin.com\/company\/35501660\",\"https:\/\/www.pinterest.ch\/TeiaEducation\/\"]}]}<\/script>\n<!-- \/ Yoast SEO plugin. -->","yoast_head_json":{"title":"Power-Puzzle: Motocross AR \u2013 Educo","description":"Das Power Puzzle Motocross AR aus der Educo Puzzle-Spielreihe ist ein gro\u00dfes Puzzle zum Thema Autorennen, das vollst\u00e4ndig aus Holz gefertigt ist.","robots":{"index":"index","follow":"follow","max-snippet":"max-snippet:-1","max-image-preview":"max-image-preview:large","max-video-preview":"max-video-preview:-1"},"canonical":"https:\/\/teiaeducation.ch\/de\/produkt\/power-puzzle-motocross-ar-educo\/","og_locale":"de_DE","og_type":"article","og_title":"Power-Puzzle: Motocross AR \u2013 Educo","og_description":"Das Power Puzzle Motocross AR aus der Educo Puzzle-Spielreihe ist ein gro\u00dfes Puzzle zum Thema Autorennen, das vollst\u00e4ndig aus Holz gefertigt ist.","og_url":"https:\/\/teiaeducation.ch\/de\/produkt\/power-puzzle-motocross-ar-educo\/","og_site_name":"Sustainable Educational Products &amp; Ecological Toys\u00a0","article_publisher":"https:\/\/www.facebook.com\/teiaeducation\/","article_modified_time":"2025-11-03T15:29:12+00:00","og_image":[{"width":900,"height":900,"url":"https:\/\/teiaeducation.ch\/wp-content\/uploads\/2019\/05\/Power-puzzle-motocross-AR-Educo.jpg","type":"image\/jpeg"}],"schema":{"@context":"https:\/\/schema.org","@graph":[{"@type":"WebPage","@id":"https:\/\/teiaeducation.ch\/de\/produkt\/power-puzzle-motocross-ar-educo\/","url":"https:\/\/teiaeducation.ch\/de\/produkt\/power-puzzle-motocross-ar-educo\/","name":"Power-Puzzle: Motocross AR \u2013 Educo","isPartOf":{"@id":"https:\/\/teiaeducation.ch\/de\/#website"},"primaryImageOfPage":{"@id":"https:\/\/teiaeducation.ch\/de\/produkt\/power-puzzle-motocross-ar-educo\/#primaryimage"},"image":{"@id":"https:\/\/teiaeducation.ch\/de\/produkt\/power-puzzle-motocross-ar-educo\/#primaryimage"},"thumbnailUrl":"https:\/\/teiaeducation.ch\/wp-content\/uploads\/2019\/05\/Power-puzzle-motocross-AR-Educo.jpg","datePublished":"2021-11-01T16:00:25+00:00","dateModified":"2025-11-03T15:29:12+00:00","description":"Das Power Puzzle Motocross AR aus der Educo Puzzle-Spielreihe ist ein gro\u00dfes Puzzle zum Thema Autorennen, das vollst\u00e4ndig aus Holz gefertigt ist.","breadcrumb":{"@id":"https:\/\/teiaeducation.ch\/de\/produkt\/power-puzzle-motocross-ar-educo\/#breadcrumb"},"inLanguage":"de-CH","potentialAction":[{"@type":"ReadAction","target":["https:\/\/teiaeducation.ch\/de\/produkt\/power-puzzle-motocross-ar-educo\/"]}]},{"@type":"ImageObject","inLanguage":"de-CH","@id":"https:\/\/teiaeducation.ch\/de\/produkt\/power-puzzle-motocross-ar-educo\/#primaryimage","url":"https:\/\/teiaeducation.ch\/wp-content\/uploads\/2019\/05\/Power-puzzle-motocross-AR-Educo.jpg","contentUrl":"https:\/\/teiaeducation.ch\/wp-content\/uploads\/2019\/05\/Power-puzzle-motocross-AR-Educo.jpg","width":900,"height":900,"caption":"Power-Puzzle: Motocross AR \u2013 Educo"},{"@type":"BreadcrumbList","@id":"https:\/\/teiaeducation.ch\/de\/produkt\/power-puzzle-motocross-ar-educo\/#breadcrumb","itemListElement":[{"@type":"ListItem","position":1,"name":"Home","item":"https:\/\/teiaeducation.ch\/de\/"},{"@type":"ListItem","position":2,"name":"Laden","item":"https:\/\/teiaeducation.ch\/de\/shop\/"},{"@type":"ListItem","position":3,"name":"Power-Puzzle: Motocross AR \u2013 Educo"}]},{"@type":"WebSite","@id":"https:\/\/teiaeducation.ch\/de\/#website","url":"https:\/\/teiaeducation.ch\/de\/","name":"Sustainable Educational Products &amp; Ecological Toys\u00a0","description":"Specialised Swiss shop selling sustainable educational toys and games, AMI certified Montessori materials, handmade ecological wooden Waldorf toys and arts &amp; crafts supplies, school supplies, children&#039;s furniture and Montessori reference and parenting books.","publisher":{"@id":"https:\/\/teiaeducation.ch\/de\/#organization"},"alternateName":"Teia Education & Play","potentialAction":[{"@type":"SearchAction","target":{"@type":"EntryPoint","urlTemplate":"https:\/\/teiaeducation.ch\/de\/?s={search_term_string}"},"query-input":{"@type":"PropertyValueSpecification","valueRequired":true,"valueName":"search_term_string"}}],"inLanguage":"de-CH"},{"@type":"Organization","@id":"https:\/\/teiaeducation.ch\/de\/#organization","name":"Teia Education & Play","url":"https:\/\/teiaeducation.ch\/de\/","logo":{"@type":"ImageObject","inLanguage":"de-CH","@id":"https:\/\/teiaeducation.ch\/de\/#\/schema\/logo\/image\/","url":"https:\/\/teiaeducation.ch\/wp-content\/uploads\/2020\/11\/Teia-Education-Switzerland-e1620156442216.jpg","contentUrl":"https:\/\/teiaeducation.ch\/wp-content\/uploads\/2020\/11\/Teia-Education-Switzerland-e1620156442216.jpg","width":166,"height":145,"caption":"Teia Education & Play"},"image":{"@id":"https:\/\/teiaeducation.ch\/de\/#\/schema\/logo\/image\/"},"sameAs":["https:\/\/www.facebook.com\/teiaeducation\/","https:\/\/x.com\/EducationTeia","https:\/\/www.instagram.com\/teia.education\/","https:\/\/www.linkedin.com\/company\/35501660","https:\/\/www.pinterest.ch\/TeiaEducation\/"]}]}},"_links":{"self":[{"href":"https:\/\/teiaeducation.ch\/de\/wp-json\/wp\/v2\/product\/71555","targetHints":{"allow":["GET"]}}],"collection":[{"href":"https:\/\/teiaeducation.ch\/de\/wp-json\/wp\/v2\/product"}],"about":[{"href":"https:\/\/teiaeducation.ch\/de\/wp-json\/wp\/v2\/types\/product"}],"replies":[{"embeddable":true,"href":"https:\/\/teiaeducation.ch\/de\/wp-json\/wp\/v2\/comments?post=71555"}],"wp:featuredmedia":[{"embeddable":true,"href":"https:\/\/teiaeducation.ch\/de\/wp-json\/wp\/v2\/media\/71556"}],"wp:attachment":[{"href":"https:\/\/teiaeducation.ch\/de\/wp-json\/wp\/v2\/media?parent=71555"}],"wp:term":[{"taxonomy":"product_brand","embeddable":true,"href":"https:\/\/teiaeducation.ch\/de\/wp-json\/wp\/v2\/product_brand?post=71555"},{"taxonomy":"product_cat","embeddable":true,"href":"https:\/\/teiaeducation.ch\/de\/wp-json\/wp\/v2\/product_cat?post=71555"},{"taxonomy":"product_tag","embeddable":true,"href":"https:\/\/teiaeducation.ch\/de\/wp-json\/wp\/v2\/product_tag?post=71555"}],"curies":[{"name":"wp","href":"https:\/\/api.w.org\/{rel}","templated":true}]}}