{"id":71590,"date":"2021-06-25T08:05:19","date_gmt":"2021-06-25T06:05:19","guid":{"rendered":"https:\/\/teiaeducation.ch\/product\/zwillinge-formen-educo\/"},"modified":"2025-11-03T16:57:49","modified_gmt":"2025-11-03T15:57:49","slug":"zwillinge-formen-educo","status":"publish","type":"product","link":"https:\/\/teiaeducation.ch\/de\/produkt\/zwillinge-formen-educo\/","title":{"rendered":"Zwillinge Formen &#8211; Educo"},"content":{"rendered":"<p>Erstellen Sie mit den Holzformen von Educo ein Spiel, bei dem Zwillinge oder passende Paare anhand ihrer Form gefunden werden m\u00fcssen! Kinder werden viel Spa\u00df an diesem spannenden Zuordnungsspiel haben, das ihre Wahrnehmungsf\u00e4higkeiten, ihr r\u00e4umliches Vorstellungsverm\u00f6gen, ihr logisches Denken, ihre Probleml\u00f6sungsf\u00e4higkeiten und ihre Feinmotorik f\u00f6rdert. <\/p>\n<p>F\u00fchlen und <a href=\"https:\/\/teiaeducation.ch\/de\/produkt-kategorie\/lernthemen\/alphabetisierung-sprache\/unterscheidung\/\">unterscheiden<\/a> Sie zwischen 8 verschiedenen Formen und legen Sie 2 passende Formen nebeneinander in den Holzblock. Die Holzst\u00fccke passen wie Stifte oder Kn\u00f6pfe in das Holzbrett. Diese unterhaltsame Aktivit\u00e4t macht das Erlernen von Formen und die Wahrnehmung sowohl praktisch als auch visuell. Au\u00dferdem werden fr\u00fche mathematische und sprachliche F\u00e4higkeiten entwickelt, indem gelernt wird, Formen zu identifizieren und anhand von Unterscheidungsmerkmalen passende Paare zu finden.   <\/p>\n<p>Dieses hochwertige Holz-Zuordnungsspiel im Montessori-Stil ist nachhaltig hergestellt. Es umfasst 1 Holzbrett mit L\u00f6chern und 16 Holzst\u00fccke in 8 verschiedenen Formen. Das Set wird mit einem praktischen Aufbewahrungsbeutel aus Baumwolle geliefert, in dem die Teile verstaut werden k\u00f6nnen und der auch f\u00fcr \u00dcbungen zum Erkennen von Formen mit verbundenen Augen verwendet werden kann.  <\/p>\n<p>Educo Zwillinge Formen ist f\u00fcr Kinder ab 3 Jahren geeignet.<\/p>\n<p>Inhalt:<\/p>\n<p>1 Holzbrett<br \/>\n16 Holzst\u00fccke in 8 verschiedenen Formen<br \/>\nEin Baumwollbeutel<\/p>\n<h2>\u00dcber Educo<\/h2>\n<p>Die Niederl\u00e4ndische Marke <a href=\"https:\/\/teiaeducation.ch\/de\/produkt-kategorie\/unsere-marken\/educo-de\/\">Educo<\/a> steht f\u00fcr eine bunte Welt des spielerischen <a href=\"https:\/\/teiaeducation.ch\/de\/produkt-kategorie\/lernthemen\/\">Lernens<\/a>, herausfordernde Lernspiele und Spielzeuge! Die qualitativ hochwertigen und langlebigen Educo-Produkte orientieren sich an allt\u00e4glichen Situationen und helfen Babys und Kindern, Spiele mit normalen Themen zu verbinden und den Lernprozess in eine Simulation ihrer nat\u00fcrlichen Umgebung zu verwandeln. <\/p>\n<p>Das Educo-Sortiment ist in drei Entwicklungsbereiche unterteilt: <a href=\"https:\/\/teiaeducation.ch\/de\/produkt-kategorie\/unsere-marken\/educo-de\/motorisches-spiel\/\">Motorik<\/a>, <a href=\"https:\/\/teiaeducation.ch\/de\/produkt-kategorie\/unsere-marken\/educo-de\/sprachspiel-educo\/\">Sprache<\/a> und <a href=\"https:\/\/teiaeducation.ch\/de\/produkt-kategorie\/unsere-marken\/educo-de\/mathematisches-spiel\/\">Mathematik<\/a>. Im Jahr 2023 wurde eine umfassende Reihe von <a href=\"https:\/\/teiaeducation.ch\/de\/produkt-kategorie\/unsere-marken\/educo-de\/montessori-spielzeug-0-3-jahre\/\">Montessori inspiriertem Spielzeug<\/a> f\u00fcr Kinder im Alter von 0-3 Jahren eingef\u00fchrt, um das Wachstum und die Entwicklung der kleinen Kinder bestm\u00f6glich zu f\u00f6rdern. <\/p>\n<p>Die aktiven, spielerischen Lernprodukte von Educo sind haupts\u00e4chlich aus Holz gefertigt und bestehen aus nachhaltigen Materialien wie Farben und Lacken auf Wasserbasis. Die <a href=\"https:\/\/teiaeducation.ch\/de\/produkt-kategorie\/kinder-spielzeug\/\">Spielzeuge<\/a> sind so konzipiert, dass sie \u00fcber viele Jahre hinweg robust verwendet werden k\u00f6nnen, spielerisches Lernen f\u00f6rdern und Kinder im Alter von 0-12 Jahren zu Wachstum und Erfolg inspirieren. Sie erf\u00fcllen die Anforderungen der verschiedenen europ\u00e4ischen und internationalen Sicherheitsvorschriften f\u00fcr Spielzeug und entsprechen der Richtlinie 2009\/48\/EG \u00fcber die Sicherheit von Spielzeug, einschlie\u00dflich EN81 und ASTM.<\/p>\n","protected":false},"excerpt":{"rendered":"<p>Artikelnummer: E523285<\/p>\n<p>Educo&#8217;s Zwillinge Formen ist ein Holzspiel zum Zuordnen von Paaren, das die Wahrnehmungsf\u00e4higkeiten, das r\u00e4umliche Vorstellungsverm\u00f6gen und die Feinmotorik von Kindern f\u00f6rdert!<\/p>\n","protected":false},"featured_media":71591,"comment_status":"closed","ping_status":"closed","template":"","meta":[],"product_brand":[],"product_cat":[21445,21524,21671,21602,21479,21599,21550,21544,21606,21509,21537,21605,21481,22182,21559,21609,21443,21563,21494,21495,21557,21678,21601,21482,21564,21527],"product_tag":[27536,26406,32246,32245,29036,27530,32244,32247],"class_list":{"0":"post-71590","1":"product","2":"type-product","3":"status-publish","4":"has-post-thumbnail","6":"product_cat-3-6-jahre-vorschule","7":"product_cat-alphabetisierung-sprache","8":"product_cat-angebot","9":"product_cat-benachteiligung-educo","10":"product_cat-lernmaterialien-spielzeug-montessori-waldorf-steiner-froebel","11":"product_cat-educo-de","12":"product_cat-formen","13":"product_cat-geometrie-de","14":"product_cat-geometrie-educo","15":"product_cat-lernthemen","16":"product_cat-mathematik-rechnen","17":"product_cat-mathematisches-spiel","18":"product_cat-montessori-paedagogik-material-spielzeug","19":"product_cat-montessori-spielzeug","20":"product_cat-motorische-fertigkeiten","21":"product_cat-motorisches-spiel","22":"product_cat-nach-alter","23":"product_cat-neuheiten","24":"product_cat-schulbedarf-fuer-zuhause","25":"product_cat-schulbedarf-fuer-zuhause-3-6-jahre","26":"product_cat-sensorische-motorische-fertigkeiten","27":"product_cat-kinder-spielzeug","28":"product_cat-sprachspiel-educo","29":"product_cat-traditionelle-bildung","30":"product_cat-unsere-marken","31":"product_cat-unterscheidung","32":"product_tag-diskriminierung","33":"product_tag-educo-de","34":"product_tag-educo-zwillinge-formen","35":"product_tag-holz-erinnerung-spiel","36":"product_tag-montessori-puzzles-de","37":"product_tag-sprachspiel","38":"product_tag-taktile-unterscheidung","39":"product_tag-zwillinge-formen-holz-erinnerung-spiel-educo","41":"first","42":"outofstock","43":"sale","44":"taxable","45":"shipping-taxable","46":"purchasable","47":"product-type-simple"},"yoast_head":"<!-- This site is optimized with the Yoast SEO plugin v27.1.1 - https:\/\/yoast.com\/product\/yoast-seo-wordpress\/ -->\n<title>Zwillinge Formen - Educo<\/title>\n<meta name=\"description\" content=\"Educo&#039;s Zwillinge Formen ist ein Holzspiel zum Zuordnen von Paaren, das die Wahrnehmungsf\u00e4higkeiten, das r\u00e4umliche Vorstellungsverm\u00f6gen und die Feinmotorik von Kindern f\u00f6rdert.\" \/>\n<meta name=\"robots\" content=\"index, follow, max-snippet:-1, max-image-preview:large, max-video-preview:-1\" \/>\n<link rel=\"canonical\" href=\"https:\/\/teiaeducation.ch\/de\/produkt\/zwillinge-formen-educo\/\" \/>\n<meta property=\"og:locale\" content=\"de_DE\" \/>\n<meta property=\"og:type\" content=\"article\" \/>\n<meta property=\"og:title\" content=\"Zwillinge Formen - Educo\" \/>\n<meta property=\"og:description\" content=\"Educo&#039;s Zwillinge Formen ist ein Holzspiel zum Zuordnen von Paaren, das die Wahrnehmungsf\u00e4higkeiten, das r\u00e4umliche Vorstellungsverm\u00f6gen und die Feinmotorik von Kindern f\u00f6rdert.\" \/>\n<meta property=\"og:url\" content=\"https:\/\/teiaeducation.ch\/de\/produkt\/zwillinge-formen-educo\/\" \/>\n<meta property=\"og:site_name\" content=\"Sustainable Educational Products &amp; Ecological Toys\u00a0\" \/>\n<meta property=\"article:publisher\" content=\"https:\/\/www.facebook.com\/teiaeducation\/\" \/>\n<meta property=\"article:modified_time\" content=\"2025-11-03T15:57:49+00:00\" \/>\n<meta property=\"og:image\" content=\"https:\/\/teiaeducation.ch\/wp-content\/uploads\/2019\/05\/Twins-shapes-Educo.jpg\" \/>\n\t<meta property=\"og:image:width\" content=\"900\" \/>\n\t<meta property=\"og:image:height\" content=\"900\" \/>\n\t<meta property=\"og:image:type\" content=\"image\/jpeg\" \/>\n<script type=\"application\/ld+json\" class=\"yoast-schema-graph\">{\"@context\":\"https:\/\/schema.org\",\"@graph\":[{\"@type\":\"WebPage\",\"@id\":\"https:\/\/teiaeducation.ch\/de\/produkt\/zwillinge-formen-educo\/\",\"url\":\"https:\/\/teiaeducation.ch\/de\/produkt\/zwillinge-formen-educo\/\",\"name\":\"Zwillinge Formen - Educo\",\"isPartOf\":{\"@id\":\"https:\/\/teiaeducation.ch\/de\/#website\"},\"primaryImageOfPage\":{\"@id\":\"https:\/\/teiaeducation.ch\/de\/produkt\/zwillinge-formen-educo\/#primaryimage\"},\"image\":{\"@id\":\"https:\/\/teiaeducation.ch\/de\/produkt\/zwillinge-formen-educo\/#primaryimage\"},\"thumbnailUrl\":\"https:\/\/teiaeducation.ch\/wp-content\/uploads\/2019\/05\/Twins-shapes-Educo.jpg\",\"datePublished\":\"2021-06-25T06:05:19+00:00\",\"dateModified\":\"2025-11-03T15:57:49+00:00\",\"description\":\"Educo's Zwillinge Formen ist ein Holzspiel zum Zuordnen von Paaren, das die Wahrnehmungsf\u00e4higkeiten, das r\u00e4umliche Vorstellungsverm\u00f6gen und die Feinmotorik von Kindern f\u00f6rdert.\",\"breadcrumb\":{\"@id\":\"https:\/\/teiaeducation.ch\/de\/produkt\/zwillinge-formen-educo\/#breadcrumb\"},\"inLanguage\":\"de-CH\",\"potentialAction\":[{\"@type\":\"ReadAction\",\"target\":[\"https:\/\/teiaeducation.ch\/de\/produkt\/zwillinge-formen-educo\/\"]}]},{\"@type\":\"ImageObject\",\"inLanguage\":\"de-CH\",\"@id\":\"https:\/\/teiaeducation.ch\/de\/produkt\/zwillinge-formen-educo\/#primaryimage\",\"url\":\"https:\/\/teiaeducation.ch\/wp-content\/uploads\/2019\/05\/Twins-shapes-Educo.jpg\",\"contentUrl\":\"https:\/\/teiaeducation.ch\/wp-content\/uploads\/2019\/05\/Twins-shapes-Educo.jpg\",\"width\":900,\"height\":900,\"caption\":\"Zwillinge Formen Holz-Erinnerung-Spiel Educo\"},{\"@type\":\"BreadcrumbList\",\"@id\":\"https:\/\/teiaeducation.ch\/de\/produkt\/zwillinge-formen-educo\/#breadcrumb\",\"itemListElement\":[{\"@type\":\"ListItem\",\"position\":1,\"name\":\"Home\",\"item\":\"https:\/\/teiaeducation.ch\/de\/\"},{\"@type\":\"ListItem\",\"position\":2,\"name\":\"Laden\",\"item\":\"https:\/\/teiaeducation.ch\/de\/shop\/\"},{\"@type\":\"ListItem\",\"position\":3,\"name\":\"Zwillinge Formen &#8211; Educo\"}]},{\"@type\":\"WebSite\",\"@id\":\"https:\/\/teiaeducation.ch\/de\/#website\",\"url\":\"https:\/\/teiaeducation.ch\/de\/\",\"name\":\"Sustainable Educational Products &amp; Ecological Toys\u00a0\",\"description\":\"Specialised Swiss shop selling sustainable educational toys and games, AMI certified Montessori materials, handmade ecological wooden Waldorf toys and arts &amp; crafts supplies, school supplies, children&#039;s furniture and Montessori reference and parenting books.\",\"publisher\":{\"@id\":\"https:\/\/teiaeducation.ch\/de\/#organization\"},\"alternateName\":\"Teia Education & Play\",\"potentialAction\":[{\"@type\":\"SearchAction\",\"target\":{\"@type\":\"EntryPoint\",\"urlTemplate\":\"https:\/\/teiaeducation.ch\/de\/?s={search_term_string}\"},\"query-input\":{\"@type\":\"PropertyValueSpecification\",\"valueRequired\":true,\"valueName\":\"search_term_string\"}}],\"inLanguage\":\"de-CH\"},{\"@type\":\"Organization\",\"@id\":\"https:\/\/teiaeducation.ch\/de\/#organization\",\"name\":\"Teia Education & Play\",\"url\":\"https:\/\/teiaeducation.ch\/de\/\",\"logo\":{\"@type\":\"ImageObject\",\"inLanguage\":\"de-CH\",\"@id\":\"https:\/\/teiaeducation.ch\/de\/#\/schema\/logo\/image\/\",\"url\":\"https:\/\/teiaeducation.ch\/wp-content\/uploads\/2020\/11\/Teia-Education-Switzerland-e1620156442216.jpg\",\"contentUrl\":\"https:\/\/teiaeducation.ch\/wp-content\/uploads\/2020\/11\/Teia-Education-Switzerland-e1620156442216.jpg\",\"width\":166,\"height\":145,\"caption\":\"Teia Education & Play\"},\"image\":{\"@id\":\"https:\/\/teiaeducation.ch\/de\/#\/schema\/logo\/image\/\"},\"sameAs\":[\"https:\/\/www.facebook.com\/teiaeducation\/\",\"https:\/\/x.com\/EducationTeia\",\"https:\/\/www.instagram.com\/teia.education\/\",\"https:\/\/www.linkedin.com\/company\/35501660\",\"https:\/\/www.pinterest.ch\/TeiaEducation\/\"]}]}<\/script>\n<!-- \/ Yoast SEO plugin. -->","yoast_head_json":{"title":"Zwillinge Formen - Educo","description":"Educo's Zwillinge Formen ist ein Holzspiel zum Zuordnen von Paaren, das die Wahrnehmungsf\u00e4higkeiten, das r\u00e4umliche Vorstellungsverm\u00f6gen und die Feinmotorik von Kindern f\u00f6rdert.","robots":{"index":"index","follow":"follow","max-snippet":"max-snippet:-1","max-image-preview":"max-image-preview:large","max-video-preview":"max-video-preview:-1"},"canonical":"https:\/\/teiaeducation.ch\/de\/produkt\/zwillinge-formen-educo\/","og_locale":"de_DE","og_type":"article","og_title":"Zwillinge Formen - Educo","og_description":"Educo's Zwillinge Formen ist ein Holzspiel zum Zuordnen von Paaren, das die Wahrnehmungsf\u00e4higkeiten, das r\u00e4umliche Vorstellungsverm\u00f6gen und die Feinmotorik von Kindern f\u00f6rdert.","og_url":"https:\/\/teiaeducation.ch\/de\/produkt\/zwillinge-formen-educo\/","og_site_name":"Sustainable Educational Products &amp; Ecological Toys\u00a0","article_publisher":"https:\/\/www.facebook.com\/teiaeducation\/","article_modified_time":"2025-11-03T15:57:49+00:00","og_image":[{"width":900,"height":900,"url":"https:\/\/teiaeducation.ch\/wp-content\/uploads\/2019\/05\/Twins-shapes-Educo.jpg","type":"image\/jpeg"}],"schema":{"@context":"https:\/\/schema.org","@graph":[{"@type":"WebPage","@id":"https:\/\/teiaeducation.ch\/de\/produkt\/zwillinge-formen-educo\/","url":"https:\/\/teiaeducation.ch\/de\/produkt\/zwillinge-formen-educo\/","name":"Zwillinge Formen - Educo","isPartOf":{"@id":"https:\/\/teiaeducation.ch\/de\/#website"},"primaryImageOfPage":{"@id":"https:\/\/teiaeducation.ch\/de\/produkt\/zwillinge-formen-educo\/#primaryimage"},"image":{"@id":"https:\/\/teiaeducation.ch\/de\/produkt\/zwillinge-formen-educo\/#primaryimage"},"thumbnailUrl":"https:\/\/teiaeducation.ch\/wp-content\/uploads\/2019\/05\/Twins-shapes-Educo.jpg","datePublished":"2021-06-25T06:05:19+00:00","dateModified":"2025-11-03T15:57:49+00:00","description":"Educo's Zwillinge Formen ist ein Holzspiel zum Zuordnen von Paaren, das die Wahrnehmungsf\u00e4higkeiten, das r\u00e4umliche Vorstellungsverm\u00f6gen und die Feinmotorik von Kindern f\u00f6rdert.","breadcrumb":{"@id":"https:\/\/teiaeducation.ch\/de\/produkt\/zwillinge-formen-educo\/#breadcrumb"},"inLanguage":"de-CH","potentialAction":[{"@type":"ReadAction","target":["https:\/\/teiaeducation.ch\/de\/produkt\/zwillinge-formen-educo\/"]}]},{"@type":"ImageObject","inLanguage":"de-CH","@id":"https:\/\/teiaeducation.ch\/de\/produkt\/zwillinge-formen-educo\/#primaryimage","url":"https:\/\/teiaeducation.ch\/wp-content\/uploads\/2019\/05\/Twins-shapes-Educo.jpg","contentUrl":"https:\/\/teiaeducation.ch\/wp-content\/uploads\/2019\/05\/Twins-shapes-Educo.jpg","width":900,"height":900,"caption":"Zwillinge Formen Holz-Erinnerung-Spiel Educo"},{"@type":"BreadcrumbList","@id":"https:\/\/teiaeducation.ch\/de\/produkt\/zwillinge-formen-educo\/#breadcrumb","itemListElement":[{"@type":"ListItem","position":1,"name":"Home","item":"https:\/\/teiaeducation.ch\/de\/"},{"@type":"ListItem","position":2,"name":"Laden","item":"https:\/\/teiaeducation.ch\/de\/shop\/"},{"@type":"ListItem","position":3,"name":"Zwillinge Formen &#8211; Educo"}]},{"@type":"WebSite","@id":"https:\/\/teiaeducation.ch\/de\/#website","url":"https:\/\/teiaeducation.ch\/de\/","name":"Sustainable Educational Products &amp; Ecological Toys\u00a0","description":"Specialised Swiss shop selling sustainable educational toys and games, AMI certified Montessori materials, handmade ecological wooden Waldorf toys and arts &amp; crafts supplies, school supplies, children&#039;s furniture and Montessori reference and parenting books.","publisher":{"@id":"https:\/\/teiaeducation.ch\/de\/#organization"},"alternateName":"Teia Education & Play","potentialAction":[{"@type":"SearchAction","target":{"@type":"EntryPoint","urlTemplate":"https:\/\/teiaeducation.ch\/de\/?s={search_term_string}"},"query-input":{"@type":"PropertyValueSpecification","valueRequired":true,"valueName":"search_term_string"}}],"inLanguage":"de-CH"},{"@type":"Organization","@id":"https:\/\/teiaeducation.ch\/de\/#organization","name":"Teia Education & Play","url":"https:\/\/teiaeducation.ch\/de\/","logo":{"@type":"ImageObject","inLanguage":"de-CH","@id":"https:\/\/teiaeducation.ch\/de\/#\/schema\/logo\/image\/","url":"https:\/\/teiaeducation.ch\/wp-content\/uploads\/2020\/11\/Teia-Education-Switzerland-e1620156442216.jpg","contentUrl":"https:\/\/teiaeducation.ch\/wp-content\/uploads\/2020\/11\/Teia-Education-Switzerland-e1620156442216.jpg","width":166,"height":145,"caption":"Teia Education & Play"},"image":{"@id":"https:\/\/teiaeducation.ch\/de\/#\/schema\/logo\/image\/"},"sameAs":["https:\/\/www.facebook.com\/teiaeducation\/","https:\/\/x.com\/EducationTeia","https:\/\/www.instagram.com\/teia.education\/","https:\/\/www.linkedin.com\/company\/35501660","https:\/\/www.pinterest.ch\/TeiaEducation\/"]}]}},"_links":{"self":[{"href":"https:\/\/teiaeducation.ch\/de\/wp-json\/wp\/v2\/product\/71590","targetHints":{"allow":["GET"]}}],"collection":[{"href":"https:\/\/teiaeducation.ch\/de\/wp-json\/wp\/v2\/product"}],"about":[{"href":"https:\/\/teiaeducation.ch\/de\/wp-json\/wp\/v2\/types\/product"}],"replies":[{"embeddable":true,"href":"https:\/\/teiaeducation.ch\/de\/wp-json\/wp\/v2\/comments?post=71590"}],"wp:featuredmedia":[{"embeddable":true,"href":"https:\/\/teiaeducation.ch\/de\/wp-json\/wp\/v2\/media\/71591"}],"wp:attachment":[{"href":"https:\/\/teiaeducation.ch\/de\/wp-json\/wp\/v2\/media?parent=71590"}],"wp:term":[{"taxonomy":"product_brand","embeddable":true,"href":"https:\/\/teiaeducation.ch\/de\/wp-json\/wp\/v2\/product_brand?post=71590"},{"taxonomy":"product_cat","embeddable":true,"href":"https:\/\/teiaeducation.ch\/de\/wp-json\/wp\/v2\/product_cat?post=71590"},{"taxonomy":"product_tag","embeddable":true,"href":"https:\/\/teiaeducation.ch\/de\/wp-json\/wp\/v2\/product_tag?post=71590"}],"curies":[{"name":"wp","href":"https:\/\/api.w.org\/{rel}","templated":true}]}}