{"id":71592,"date":"2020-11-29T15:10:57","date_gmt":"2020-11-29T14:10:57","guid":{"rendered":"https:\/\/teiaeducation.ch\/product\/serio-aufgabenkarten-6-educo\/"},"modified":"2025-11-03T17:09:32","modified_gmt":"2025-11-03T16:09:32","slug":"serio-aufgabenkarten-6-educo","status":"publish","type":"product","link":"https:\/\/teiaeducation.ch\/de\/produkt\/serio-aufgabenkarten-6-educo\/","title":{"rendered":"Serio: Aufgabenkarten (6) &#8211; Educo"},"content":{"rendered":"<p>Korrigieren Sie Ihre Arbeit selbst mit den sch\u00f6nen und hochwertigen p\u00e4dagogischen Serio-Spielzeugsets von Educo und diesen Aufgabenkarten!<\/p>\n<p>Die vollst\u00e4ndig aus Holz gefertigten Serio-Lernspielzeugsets f\u00fchren Kinder beim Spielen und Experimentieren mit dreidimensionalen Objekten an das Sortieren und <a href=\"https:\/\/teiaeducation.ch\/de\/produkt-kategorie\/lernthemen\/mathematik-rechnen\/serialisieren\/\">Ordnen<\/a> heran. Die bunt lackierten Holzformen m\u00fcssen nach Gr\u00f6\u00dfe sortiert und an der richtigen Stelle platziert werden. Dieses Set mit Aufgaben-Karten umfasst 6 wei\u00dfe, dicke Plastikkarten, die in leuchtenden Farben bedruckt sind, die zu den einzelnen Serio-Sets der Produktreihe passen.  <\/p>\n<p>Educo Serio ist Teil des Pyramid-Projekts: Beim Spielen und Experimentieren lernen kleine Kinder, Eigenschaften wie Gr\u00f6\u00dfe, Dicke, L\u00e4nge, H\u00f6he und Breite zu ordnen. Die Serio-Reihe umfasst insgesamt 6 verschiedene Sets zum Sortieren und Ordnen mit unterschiedlichen Schwierigkeitsgraden: Zylinder, Scheiben, Prismen von breit bis schmal, Prismen von hoch bis niedrig, St\u00e4be und Kugeln. Ein Set mit \u00dcbungskarten f\u00fcr die gesamte Serio-Reihe ist ebenfalls erh\u00e4ltlich.  <\/p>\n<p>Dieses Lehrmaterial ist f\u00fcr Kinder ab 3 Jahren geeignet.<\/p>\n<p>Inhalt:<\/p>\n<p>6 Aufgabenkarten<\/p>\n<h2>\u00dcber Educo<\/h2>\n<p>Die Niederl\u00e4ndische Marke <a href=\"https:\/\/teiaeducation.ch\/de\/produkt-kategorie\/unsere-marken\/educo-de\/\">Educo<\/a> steht f\u00fcr eine bunte Welt des spielerischen <a href=\"https:\/\/teiaeducation.ch\/de\/produkt-kategorie\/lernthemen\/\">Lernens<\/a>, herausfordernde Lernspiele und Spielzeuge! Die qualitativ hochwertigen und langlebigen Educo-Produkte orientieren sich an allt\u00e4glichen Situationen und helfen Babys und Kindern, Spiele mit normalen Themen zu verbinden und den Lernprozess in eine Simulation ihrer nat\u00fcrlichen Umgebung zu verwandeln. <\/p>\n<p>Das Educo-Sortiment ist in drei Entwicklungsbereiche unterteilt: <a href=\"https:\/\/teiaeducation.ch\/de\/produkt-kategorie\/unsere-marken\/educo-de\/motorisches-spiel\/\">Motorik<\/a>, <a href=\"https:\/\/teiaeducation.ch\/de\/produkt-kategorie\/unsere-marken\/educo-de\/sprachspiel-educo\/\">Sprache<\/a> und <a href=\"https:\/\/teiaeducation.ch\/de\/produkt-kategorie\/unsere-marken\/educo-de\/mathematisches-spiel\/\">Mathematik<\/a>. Im Jahr 2023 wurde eine umfassende Reihe von <a href=\"https:\/\/teiaeducation.ch\/de\/produkt-kategorie\/unsere-marken\/educo-de\/montessori-spielzeug-0-3-jahre\/\">Montessori inspiriertem Spielzeug<\/a> f\u00fcr Kinder im Alter von 0-3 Jahren eingef\u00fchrt, um das Wachstum und die Entwicklung der kleinen Kinder bestm\u00f6glich zu f\u00f6rdern. <\/p>\n<p>Die aktiven, spielerischen Lernprodukte von Educo sind haupts\u00e4chlich aus Holz gefertigt und bestehen aus nachhaltigen Materialien wie Farben und Lacken auf Wasserbasis. Die <a href=\"https:\/\/teiaeducation.ch\/de\/produkt-kategorie\/kinder-spielzeug\/\">Spielzeuge<\/a> sind so konzipiert, dass sie \u00fcber viele Jahre hinweg robust verwendet werden k\u00f6nnen, spielerisches Lernen f\u00f6rdern und Kinder im Alter von 0-12 Jahren zu Wachstum und Erfolg inspirieren. Sie erf\u00fcllen die Anforderungen der verschiedenen europ\u00e4ischen und internationalen Sicherheitsvorschriften f\u00fcr Spielzeug und entsprechen der Richtlinie 2009\/48\/EG \u00fcber die Sicherheit von Spielzeug, einschlie\u00dflich EN81 und ASTM.<\/p>\n","protected":false},"excerpt":{"rendered":"<p>Artikelnummer: 394010<\/p>\n<p>Korrigieren Sie Ihre Arbeit selbst mit den sch\u00f6nen p\u00e4dagogischen Serio-Spielzeugsets von Educo und diesem Set aus sechs hochwertigen Aufgabenkarten!<\/p>\n","protected":false},"featured_media":71593,"comment_status":"closed","ping_status":"closed","template":"","meta":[],"product_brand":[],"product_cat":[21445,21500,21671,21479,21599,21550,21544,21551,21509,21499,21537,21605,21607,21545,21443,21563,21494,21495,21549,21482,21564],"product_tag":[32248,26532,27511,27518],"class_list":{"0":"post-71592","1":"product","2":"type-product","3":"status-publish","4":"has-post-thumbnail","6":"product_cat-3-6-jahre-vorschule","7":"product_cat-aktivitaetssets","8":"product_cat-angebot","9":"product_cat-lernmaterialien-spielzeug-montessori-waldorf-steiner-froebel","10":"product_cat-educo-de","11":"product_cat-formen","12":"product_cat-geometrie-de","13":"product_cat-groesse","14":"product_cat-lernthemen","15":"product_cat-lernunterstuetzung","16":"product_cat-mathematik-rechnen","17":"product_cat-mathematisches-spiel","18":"product_cat-messung-educo","19":"product_cat-messung","20":"product_cat-nach-alter","21":"product_cat-neuheiten","22":"product_cat-schulbedarf-fuer-zuhause","23":"product_cat-schulbedarf-fuer-zuhause-3-6-jahre","24":"product_cat-serialisieren","25":"product_cat-traditionelle-bildung","26":"product_cat-unsere-marken","27":"product_tag-educo-serio-aufgabenkarten","28":"product_tag-geometrie-de","29":"product_tag-mathematisches-spiel","30":"product_tag-sortieren-und-serialisieren","32":"first","33":"instock","34":"sale","35":"taxable","36":"shipping-taxable","37":"purchasable","38":"product-type-simple"},"yoast_head":"<!-- This site is optimized with the Yoast SEO plugin v27.1.1 - https:\/\/yoast.com\/product\/yoast-seo-wordpress\/ -->\n<title>Serio: Aufgabenkarten (6) - Educo<\/title>\n<meta name=\"description\" content=\"Korrigieren Sie Ihre Arbeit selbst mit den sch\u00f6nen p\u00e4dagogischen Serio-Spielzeugsets von Educo und diesem Set aus sechs hochwertigen Aufgabenkarten!\" \/>\n<meta name=\"robots\" content=\"index, follow, max-snippet:-1, max-image-preview:large, max-video-preview:-1\" \/>\n<link rel=\"canonical\" href=\"https:\/\/teiaeducation.ch\/de\/produkt\/serio-aufgabenkarten-6-educo\/\" \/>\n<meta property=\"og:locale\" content=\"de_DE\" \/>\n<meta property=\"og:type\" content=\"article\" \/>\n<meta property=\"og:title\" content=\"Serio: Aufgabenkarten (6) - Educo\" \/>\n<meta property=\"og:description\" content=\"Korrigieren Sie Ihre Arbeit selbst mit den sch\u00f6nen p\u00e4dagogischen Serio-Spielzeugsets von Educo und diesem Set aus sechs hochwertigen Aufgabenkarten!\" \/>\n<meta property=\"og:url\" content=\"https:\/\/teiaeducation.ch\/de\/produkt\/serio-aufgabenkarten-6-educo\/\" \/>\n<meta property=\"og:site_name\" content=\"Sustainable Educational Products &amp; Ecological Toys\u00a0\" \/>\n<meta property=\"article:publisher\" content=\"https:\/\/www.facebook.com\/teiaeducation\/\" \/>\n<meta property=\"article:modified_time\" content=\"2025-11-03T16:09:32+00:00\" \/>\n<meta property=\"og:image\" content=\"https:\/\/teiaeducation.ch\/wp-content\/uploads\/2019\/05\/Serio-assignment-cards-6-Educo.jpg\" \/>\n\t<meta property=\"og:image:width\" content=\"900\" \/>\n\t<meta property=\"og:image:height\" content=\"900\" \/>\n\t<meta property=\"og:image:type\" content=\"image\/jpeg\" \/>\n<script type=\"application\/ld+json\" class=\"yoast-schema-graph\">{\"@context\":\"https:\/\/schema.org\",\"@graph\":[{\"@type\":\"WebPage\",\"@id\":\"https:\/\/teiaeducation.ch\/de\/produkt\/serio-aufgabenkarten-6-educo\/\",\"url\":\"https:\/\/teiaeducation.ch\/de\/produkt\/serio-aufgabenkarten-6-educo\/\",\"name\":\"Serio: Aufgabenkarten (6) - Educo\",\"isPartOf\":{\"@id\":\"https:\/\/teiaeducation.ch\/de\/#website\"},\"primaryImageOfPage\":{\"@id\":\"https:\/\/teiaeducation.ch\/de\/produkt\/serio-aufgabenkarten-6-educo\/#primaryimage\"},\"image\":{\"@id\":\"https:\/\/teiaeducation.ch\/de\/produkt\/serio-aufgabenkarten-6-educo\/#primaryimage\"},\"thumbnailUrl\":\"https:\/\/teiaeducation.ch\/wp-content\/uploads\/2019\/05\/Serio-assignment-cards-6-Educo.jpg\",\"datePublished\":\"2020-11-29T14:10:57+00:00\",\"dateModified\":\"2025-11-03T16:09:32+00:00\",\"description\":\"Korrigieren Sie Ihre Arbeit selbst mit den sch\u00f6nen p\u00e4dagogischen Serio-Spielzeugsets von Educo und diesem Set aus sechs hochwertigen Aufgabenkarten!\",\"breadcrumb\":{\"@id\":\"https:\/\/teiaeducation.ch\/de\/produkt\/serio-aufgabenkarten-6-educo\/#breadcrumb\"},\"inLanguage\":\"de-CH\",\"potentialAction\":[{\"@type\":\"ReadAction\",\"target\":[\"https:\/\/teiaeducation.ch\/de\/produkt\/serio-aufgabenkarten-6-educo\/\"]}]},{\"@type\":\"ImageObject\",\"inLanguage\":\"de-CH\",\"@id\":\"https:\/\/teiaeducation.ch\/de\/produkt\/serio-aufgabenkarten-6-educo\/#primaryimage\",\"url\":\"https:\/\/teiaeducation.ch\/wp-content\/uploads\/2019\/05\/Serio-assignment-cards-6-Educo.jpg\",\"contentUrl\":\"https:\/\/teiaeducation.ch\/wp-content\/uploads\/2019\/05\/Serio-assignment-cards-6-Educo.jpg\",\"width\":900,\"height\":900,\"caption\":\"Hochwertiges Lernspielzeug Serio-Aufgabenkarten (6) \u2013 Educo\"},{\"@type\":\"BreadcrumbList\",\"@id\":\"https:\/\/teiaeducation.ch\/de\/produkt\/serio-aufgabenkarten-6-educo\/#breadcrumb\",\"itemListElement\":[{\"@type\":\"ListItem\",\"position\":1,\"name\":\"Home\",\"item\":\"https:\/\/teiaeducation.ch\/de\/\"},{\"@type\":\"ListItem\",\"position\":2,\"name\":\"Laden\",\"item\":\"https:\/\/teiaeducation.ch\/de\/shop\/\"},{\"@type\":\"ListItem\",\"position\":3,\"name\":\"Serio: Aufgabenkarten (6) &#8211; Educo\"}]},{\"@type\":\"WebSite\",\"@id\":\"https:\/\/teiaeducation.ch\/de\/#website\",\"url\":\"https:\/\/teiaeducation.ch\/de\/\",\"name\":\"Sustainable Educational Products &amp; Ecological Toys\u00a0\",\"description\":\"Specialised Swiss shop selling sustainable educational toys and games, AMI certified Montessori materials, handmade ecological wooden Waldorf toys and arts &amp; crafts supplies, school supplies, children&#039;s furniture and Montessori reference and parenting books.\",\"publisher\":{\"@id\":\"https:\/\/teiaeducation.ch\/de\/#organization\"},\"alternateName\":\"Teia Education & Play\",\"potentialAction\":[{\"@type\":\"SearchAction\",\"target\":{\"@type\":\"EntryPoint\",\"urlTemplate\":\"https:\/\/teiaeducation.ch\/de\/?s={search_term_string}\"},\"query-input\":{\"@type\":\"PropertyValueSpecification\",\"valueRequired\":true,\"valueName\":\"search_term_string\"}}],\"inLanguage\":\"de-CH\"},{\"@type\":\"Organization\",\"@id\":\"https:\/\/teiaeducation.ch\/de\/#organization\",\"name\":\"Teia Education & Play\",\"url\":\"https:\/\/teiaeducation.ch\/de\/\",\"logo\":{\"@type\":\"ImageObject\",\"inLanguage\":\"de-CH\",\"@id\":\"https:\/\/teiaeducation.ch\/de\/#\/schema\/logo\/image\/\",\"url\":\"https:\/\/teiaeducation.ch\/wp-content\/uploads\/2020\/11\/Teia-Education-Switzerland-e1620156442216.jpg\",\"contentUrl\":\"https:\/\/teiaeducation.ch\/wp-content\/uploads\/2020\/11\/Teia-Education-Switzerland-e1620156442216.jpg\",\"width\":166,\"height\":145,\"caption\":\"Teia Education & Play\"},\"image\":{\"@id\":\"https:\/\/teiaeducation.ch\/de\/#\/schema\/logo\/image\/\"},\"sameAs\":[\"https:\/\/www.facebook.com\/teiaeducation\/\",\"https:\/\/x.com\/EducationTeia\",\"https:\/\/www.instagram.com\/teia.education\/\",\"https:\/\/www.linkedin.com\/company\/35501660\",\"https:\/\/www.pinterest.ch\/TeiaEducation\/\"]}]}<\/script>\n<!-- \/ Yoast SEO plugin. -->","yoast_head_json":{"title":"Serio: Aufgabenkarten (6) - Educo","description":"Korrigieren Sie Ihre Arbeit selbst mit den sch\u00f6nen p\u00e4dagogischen Serio-Spielzeugsets von Educo und diesem Set aus sechs hochwertigen Aufgabenkarten!","robots":{"index":"index","follow":"follow","max-snippet":"max-snippet:-1","max-image-preview":"max-image-preview:large","max-video-preview":"max-video-preview:-1"},"canonical":"https:\/\/teiaeducation.ch\/de\/produkt\/serio-aufgabenkarten-6-educo\/","og_locale":"de_DE","og_type":"article","og_title":"Serio: Aufgabenkarten (6) - Educo","og_description":"Korrigieren Sie Ihre Arbeit selbst mit den sch\u00f6nen p\u00e4dagogischen Serio-Spielzeugsets von Educo und diesem Set aus sechs hochwertigen Aufgabenkarten!","og_url":"https:\/\/teiaeducation.ch\/de\/produkt\/serio-aufgabenkarten-6-educo\/","og_site_name":"Sustainable Educational Products &amp; Ecological Toys\u00a0","article_publisher":"https:\/\/www.facebook.com\/teiaeducation\/","article_modified_time":"2025-11-03T16:09:32+00:00","og_image":[{"width":900,"height":900,"url":"https:\/\/teiaeducation.ch\/wp-content\/uploads\/2019\/05\/Serio-assignment-cards-6-Educo.jpg","type":"image\/jpeg"}],"schema":{"@context":"https:\/\/schema.org","@graph":[{"@type":"WebPage","@id":"https:\/\/teiaeducation.ch\/de\/produkt\/serio-aufgabenkarten-6-educo\/","url":"https:\/\/teiaeducation.ch\/de\/produkt\/serio-aufgabenkarten-6-educo\/","name":"Serio: Aufgabenkarten (6) - Educo","isPartOf":{"@id":"https:\/\/teiaeducation.ch\/de\/#website"},"primaryImageOfPage":{"@id":"https:\/\/teiaeducation.ch\/de\/produkt\/serio-aufgabenkarten-6-educo\/#primaryimage"},"image":{"@id":"https:\/\/teiaeducation.ch\/de\/produkt\/serio-aufgabenkarten-6-educo\/#primaryimage"},"thumbnailUrl":"https:\/\/teiaeducation.ch\/wp-content\/uploads\/2019\/05\/Serio-assignment-cards-6-Educo.jpg","datePublished":"2020-11-29T14:10:57+00:00","dateModified":"2025-11-03T16:09:32+00:00","description":"Korrigieren Sie Ihre Arbeit selbst mit den sch\u00f6nen p\u00e4dagogischen Serio-Spielzeugsets von Educo und diesem Set aus sechs hochwertigen Aufgabenkarten!","breadcrumb":{"@id":"https:\/\/teiaeducation.ch\/de\/produkt\/serio-aufgabenkarten-6-educo\/#breadcrumb"},"inLanguage":"de-CH","potentialAction":[{"@type":"ReadAction","target":["https:\/\/teiaeducation.ch\/de\/produkt\/serio-aufgabenkarten-6-educo\/"]}]},{"@type":"ImageObject","inLanguage":"de-CH","@id":"https:\/\/teiaeducation.ch\/de\/produkt\/serio-aufgabenkarten-6-educo\/#primaryimage","url":"https:\/\/teiaeducation.ch\/wp-content\/uploads\/2019\/05\/Serio-assignment-cards-6-Educo.jpg","contentUrl":"https:\/\/teiaeducation.ch\/wp-content\/uploads\/2019\/05\/Serio-assignment-cards-6-Educo.jpg","width":900,"height":900,"caption":"Hochwertiges Lernspielzeug Serio-Aufgabenkarten (6) \u2013 Educo"},{"@type":"BreadcrumbList","@id":"https:\/\/teiaeducation.ch\/de\/produkt\/serio-aufgabenkarten-6-educo\/#breadcrumb","itemListElement":[{"@type":"ListItem","position":1,"name":"Home","item":"https:\/\/teiaeducation.ch\/de\/"},{"@type":"ListItem","position":2,"name":"Laden","item":"https:\/\/teiaeducation.ch\/de\/shop\/"},{"@type":"ListItem","position":3,"name":"Serio: Aufgabenkarten (6) &#8211; Educo"}]},{"@type":"WebSite","@id":"https:\/\/teiaeducation.ch\/de\/#website","url":"https:\/\/teiaeducation.ch\/de\/","name":"Sustainable Educational Products &amp; Ecological Toys\u00a0","description":"Specialised Swiss shop selling sustainable educational toys and games, AMI certified Montessori materials, handmade ecological wooden Waldorf toys and arts &amp; crafts supplies, school supplies, children&#039;s furniture and Montessori reference and parenting books.","publisher":{"@id":"https:\/\/teiaeducation.ch\/de\/#organization"},"alternateName":"Teia Education & Play","potentialAction":[{"@type":"SearchAction","target":{"@type":"EntryPoint","urlTemplate":"https:\/\/teiaeducation.ch\/de\/?s={search_term_string}"},"query-input":{"@type":"PropertyValueSpecification","valueRequired":true,"valueName":"search_term_string"}}],"inLanguage":"de-CH"},{"@type":"Organization","@id":"https:\/\/teiaeducation.ch\/de\/#organization","name":"Teia Education & Play","url":"https:\/\/teiaeducation.ch\/de\/","logo":{"@type":"ImageObject","inLanguage":"de-CH","@id":"https:\/\/teiaeducation.ch\/de\/#\/schema\/logo\/image\/","url":"https:\/\/teiaeducation.ch\/wp-content\/uploads\/2020\/11\/Teia-Education-Switzerland-e1620156442216.jpg","contentUrl":"https:\/\/teiaeducation.ch\/wp-content\/uploads\/2020\/11\/Teia-Education-Switzerland-e1620156442216.jpg","width":166,"height":145,"caption":"Teia Education & Play"},"image":{"@id":"https:\/\/teiaeducation.ch\/de\/#\/schema\/logo\/image\/"},"sameAs":["https:\/\/www.facebook.com\/teiaeducation\/","https:\/\/x.com\/EducationTeia","https:\/\/www.instagram.com\/teia.education\/","https:\/\/www.linkedin.com\/company\/35501660","https:\/\/www.pinterest.ch\/TeiaEducation\/"]}]}},"_links":{"self":[{"href":"https:\/\/teiaeducation.ch\/de\/wp-json\/wp\/v2\/product\/71592","targetHints":{"allow":["GET"]}}],"collection":[{"href":"https:\/\/teiaeducation.ch\/de\/wp-json\/wp\/v2\/product"}],"about":[{"href":"https:\/\/teiaeducation.ch\/de\/wp-json\/wp\/v2\/types\/product"}],"replies":[{"embeddable":true,"href":"https:\/\/teiaeducation.ch\/de\/wp-json\/wp\/v2\/comments?post=71592"}],"wp:featuredmedia":[{"embeddable":true,"href":"https:\/\/teiaeducation.ch\/de\/wp-json\/wp\/v2\/media\/71593"}],"wp:attachment":[{"href":"https:\/\/teiaeducation.ch\/de\/wp-json\/wp\/v2\/media?parent=71592"}],"wp:term":[{"taxonomy":"product_brand","embeddable":true,"href":"https:\/\/teiaeducation.ch\/de\/wp-json\/wp\/v2\/product_brand?post=71592"},{"taxonomy":"product_cat","embeddable":true,"href":"https:\/\/teiaeducation.ch\/de\/wp-json\/wp\/v2\/product_cat?post=71592"},{"taxonomy":"product_tag","embeddable":true,"href":"https:\/\/teiaeducation.ch\/de\/wp-json\/wp\/v2\/product_tag?post=71592"}],"curies":[{"name":"wp","href":"https:\/\/api.w.org\/{rel}","templated":true}]}}