{"id":71628,"date":"2020-11-29T14:59:58","date_gmt":"2020-11-29T13:59:58","guid":{"rendered":"https:\/\/teiaeducation.ch\/product\/serio-prismen-von-hoch-bis-niedrig-educo\/"},"modified":"2025-11-14T15:30:10","modified_gmt":"2025-11-14T14:30:10","slug":"serio-prismen-von-hoch-bis-niedrig-educo","status":"publish","type":"product","link":"https:\/\/teiaeducation.ch\/de\/produkt\/serio-prismen-von-hoch-bis-niedrig-educo\/","title":{"rendered":"Serio: Prismen von hoch bis niedrig \u2013 Educo"},"content":{"rendered":"<p>Sortieren Sie die Prismen von hoch nach niedrig mit diesem sch\u00f6nen, hochwertigen Lernspielzeug aus Holz: Serio Prismen von Educo! Die Serio Prismen von hoch nach niedrig sind vollst\u00e4ndig aus Holz gefertigt und ein Lernspielzeug, das Kindern das Sortieren und <g id=\"gid_0\">Ordnen<\/g> n\u00e4herbringt, w\u00e4hrend sie mit dreidimensionalen Objekten spielen und experimentieren. Die 5 orangefarbenen, hell lackierten Prismen m\u00fcssen von hoch nach niedrig (oder umgekehrt) sortiert und in den richtigen rechteckigen Raum gelegt werden. Das Set enth\u00e4lt ein h\u00f6lzernes Stehbrett (29,5 x 21 x 1 cm) und 5 Holzprismen in verschiedenen H\u00f6hen.   <\/p>\n<p>Educo Serio ist Teil des Pyramid-Projekts: Beim Spielen und Experimentieren lernen kleine Kinder, Eigenschaften wie Gr\u00f6\u00dfe, Dicke, L\u00e4nge, H\u00f6he und Breite zu ordnen. Die Serio-Reihe umfasst insgesamt 6 verschiedene Sets zum Sortieren und Ordnen mit unterschiedlichen Schwierigkeitsgraden: Zylinder, Scheiben, Prismen von breit bis schmal, Prismen von hoch bis niedrig, St\u00e4be und Kugeln. Ein Set mit \u00dcbungskarten f\u00fcr die gesamte Serio-Reihe ist ebenfalls erh\u00e4ltlich.  <\/p>\n<p>Dieses Lehrmaterial ist f\u00fcr Kinder ab 3 Jahren geeignet.<\/p>\n<p>Inhalt:<\/p>\n<p>Ein Holzbrett (29,5 x 21 x 3 cm)<br \/>\n5 Holzprismen<\/p>\n<h2>\u00dcber Educo<\/h2>\n<p>Die Niederl\u00e4ndische Marke <a href=\"https:\/\/teiaeducation.ch\/de\/produkt-kategorie\/unsere-marken\/educo-de\/\">Educo<\/a> steht f\u00fcr eine bunte Welt des spielerischen <a href=\"https:\/\/teiaeducation.ch\/de\/produkt-kategorie\/lernthemen\/\">Lernens<\/a>, herausfordernde Lernspiele und Spielzeuge! Die qualitativ hochwertigen und langlebigen Educo-Produkte orientieren sich an allt\u00e4glichen Situationen und helfen Babys und Kindern, Spiele mit normalen Themen zu verbinden und den Lernprozess in eine Simulation ihrer nat\u00fcrlichen Umgebung zu verwandeln. <\/p>\n<p>Das Educo-Sortiment ist in drei Entwicklungsbereiche unterteilt: <a href=\"https:\/\/teiaeducation.ch\/de\/produkt-kategorie\/unsere-marken\/educo-de\/motorisches-spiel\/\">Motorik<\/a>, <a href=\"https:\/\/teiaeducation.ch\/de\/produkt-kategorie\/unsere-marken\/educo-de\/sprachspiel-educo\/\">Sprache<\/a> und <a href=\"https:\/\/teiaeducation.ch\/de\/produkt-kategorie\/unsere-marken\/educo-de\/mathematisches-spiel\/\">Mathematik<\/a>. Im Jahr 2023 wurde eine umfassende Reihe von <a href=\"https:\/\/teiaeducation.ch\/de\/produkt-kategorie\/unsere-marken\/educo-de\/montessori-spielzeug-0-3-jahre\/\">Montessori inspiriertem Spielzeug<\/a> f\u00fcr Kinder im Alter von 0-3 Jahren eingef\u00fchrt, um das Wachstum und die Entwicklung der kleinen Kinder bestm\u00f6glich zu f\u00f6rdern. <\/p>\n<p>Die aktiven, spielerischen Lernprodukte von Educo sind haupts\u00e4chlich aus Holz gefertigt und bestehen aus nachhaltigen Materialien wie Farben und Lacken auf Wasserbasis. Die <a href=\"https:\/\/teiaeducation.ch\/de\/produkt-kategorie\/kinder-spielzeug\/\">Spielzeuge<\/a> sind so konzipiert, dass sie \u00fcber viele Jahre hinweg robust verwendet werden k\u00f6nnen, spielerisches Lernen f\u00f6rdern und Kinder im Alter von 0-12 Jahren zu Wachstum und Erfolg inspirieren. Sie erf\u00fcllen die Anforderungen der verschiedenen europ\u00e4ischen und internationalen Sicherheitsvorschriften f\u00fcr Spielzeug und entsprechen der Richtlinie 2009\/48\/EG \u00fcber die Sicherheit von Spielzeug, einschlie\u00dflich EN81 und ASTM.<\/p>\n","protected":false},"excerpt":{"rendered":"<p>Artikelnummer: 394004<\/p>\n<p>Educo Serio Prismen von hoch bis niedrig ist ein hochwertiges Lernspielzeug aus Holz, das das Sortieren und Ordnen von dreidimensionalen Objekten vermittelt.<\/p>\n","protected":false},"featured_media":71629,"comment_status":"closed","ping_status":"closed","template":"","meta":[],"product_brand":[],"product_cat":[21445,21671,21479,21599,21550,21544,21491,21551,21509,21537,21605,21607,21545,21481,22182,21443,21563,21494,21495,21549,21678,21482,21564],"product_tag":[32251,26532,27511,27518],"class_list":{"0":"post-71628","1":"product","2":"type-product","3":"status-publish","4":"has-post-thumbnail","6":"product_cat-3-6-jahre-vorschule","7":"product_cat-angebot","8":"product_cat-lernmaterialien-spielzeug-montessori-waldorf-steiner-froebel","9":"product_cat-educo-de","10":"product_cat-formen","11":"product_cat-geometrie-de","12":"product_cat-geschenk-guide-lerngeschenke","13":"product_cat-groesse","14":"product_cat-lernthemen","15":"product_cat-mathematik-rechnen","16":"product_cat-mathematisches-spiel","17":"product_cat-messung-educo","18":"product_cat-messung","19":"product_cat-montessori-paedagogik-material-spielzeug","20":"product_cat-montessori-spielzeug","21":"product_cat-nach-alter","22":"product_cat-neuheiten","23":"product_cat-schulbedarf-fuer-zuhause","24":"product_cat-schulbedarf-fuer-zuhause-3-6-jahre","25":"product_cat-serialisieren","26":"product_cat-kinder-spielzeug","27":"product_cat-traditionelle-bildung","28":"product_cat-unsere-marken","29":"product_tag-educo-serio-prismen-von-hoch-bis-niedrig","30":"product_tag-geometrie-de","31":"product_tag-mathematisches-spiel","32":"product_tag-sortieren-und-serialisieren","34":"first","35":"instock","36":"sale","37":"taxable","38":"shipping-taxable","39":"purchasable","40":"product-type-simple"},"yoast_head":"<!-- This site is optimized with the Yoast SEO plugin v27.1.1 - https:\/\/yoast.com\/product\/yoast-seo-wordpress\/ -->\n<title>Serio - Prismen hoch\/niedrig - Educo - Teia Education &amp; Play<\/title>\n<meta name=\"description\" content=\"Educo Serio Prismen von hoch bis niedrig ist ein hochwertiges Lernspielzeug aus Holz, das das Sortieren und Ordnen von dreidimensionalen Objekten vermittelt.\" \/>\n<meta name=\"robots\" content=\"index, follow, max-snippet:-1, max-image-preview:large, max-video-preview:-1\" \/>\n<link rel=\"canonical\" href=\"https:\/\/teiaeducation.ch\/de\/produkt\/serio-prismen-von-hoch-bis-niedrig-educo\/\" \/>\n<meta property=\"og:locale\" content=\"de_DE\" \/>\n<meta property=\"og:type\" content=\"article\" \/>\n<meta property=\"og:title\" content=\"Serio - Prismen hoch\/niedrig - Educo - Teia Education &amp; Play\" \/>\n<meta property=\"og:description\" content=\"Educo Serio Prismen von hoch bis niedrig ist ein hochwertiges Lernspielzeug aus Holz, das das Sortieren und Ordnen von dreidimensionalen Objekten vermittelt.\" \/>\n<meta property=\"og:url\" content=\"https:\/\/teiaeducation.ch\/de\/produkt\/serio-prismen-von-hoch-bis-niedrig-educo\/\" \/>\n<meta property=\"og:site_name\" content=\"Sustainable Educational Products &amp; Ecological Toys\u00a0\" \/>\n<meta property=\"article:publisher\" content=\"https:\/\/www.facebook.com\/teiaeducation\/\" \/>\n<meta property=\"article:modified_time\" content=\"2025-11-14T14:30:10+00:00\" \/>\n<meta property=\"og:image\" content=\"https:\/\/teiaeducation.ch\/wp-content\/uploads\/2019\/05\/Serio-prisms-highlow-Educo.jpg\" \/>\n\t<meta property=\"og:image:width\" content=\"900\" \/>\n\t<meta property=\"og:image:height\" content=\"900\" \/>\n\t<meta property=\"og:image:type\" content=\"image\/jpeg\" \/>\n<script type=\"application\/ld+json\" class=\"yoast-schema-graph\">{\"@context\":\"https:\/\/schema.org\",\"@graph\":[{\"@type\":\"WebPage\",\"@id\":\"https:\/\/teiaeducation.ch\/de\/produkt\/serio-prismen-von-hoch-bis-niedrig-educo\/\",\"url\":\"https:\/\/teiaeducation.ch\/de\/produkt\/serio-prismen-von-hoch-bis-niedrig-educo\/\",\"name\":\"Serio - Prismen hoch\/niedrig - Educo - Teia Education & Play\",\"isPartOf\":{\"@id\":\"https:\/\/teiaeducation.ch\/de\/#website\"},\"primaryImageOfPage\":{\"@id\":\"https:\/\/teiaeducation.ch\/de\/produkt\/serio-prismen-von-hoch-bis-niedrig-educo\/#primaryimage\"},\"image\":{\"@id\":\"https:\/\/teiaeducation.ch\/de\/produkt\/serio-prismen-von-hoch-bis-niedrig-educo\/#primaryimage\"},\"thumbnailUrl\":\"https:\/\/teiaeducation.ch\/wp-content\/uploads\/2019\/05\/Serio-prisms-highlow-Educo.jpg\",\"datePublished\":\"2020-11-29T13:59:58+00:00\",\"dateModified\":\"2025-11-14T14:30:10+00:00\",\"description\":\"Educo Serio Prismen von hoch bis niedrig ist ein hochwertiges Lernspielzeug aus Holz, das das Sortieren und Ordnen von dreidimensionalen Objekten vermittelt.\",\"breadcrumb\":{\"@id\":\"https:\/\/teiaeducation.ch\/de\/produkt\/serio-prismen-von-hoch-bis-niedrig-educo\/#breadcrumb\"},\"inLanguage\":\"de-CH\",\"potentialAction\":[{\"@type\":\"ReadAction\",\"target\":[\"https:\/\/teiaeducation.ch\/de\/produkt\/serio-prismen-von-hoch-bis-niedrig-educo\/\"]}]},{\"@type\":\"ImageObject\",\"inLanguage\":\"de-CH\",\"@id\":\"https:\/\/teiaeducation.ch\/de\/produkt\/serio-prismen-von-hoch-bis-niedrig-educo\/#primaryimage\",\"url\":\"https:\/\/teiaeducation.ch\/wp-content\/uploads\/2019\/05\/Serio-prisms-highlow-Educo.jpg\",\"contentUrl\":\"https:\/\/teiaeducation.ch\/wp-content\/uploads\/2019\/05\/Serio-prisms-highlow-Educo.jpg\",\"width\":900,\"height\":900,\"caption\":\"Hochwertiges p\u00e4dagogisches Holzspielzeug Serio Prismen von hoch bis niedrig \u2013 Educo.\"},{\"@type\":\"BreadcrumbList\",\"@id\":\"https:\/\/teiaeducation.ch\/de\/produkt\/serio-prismen-von-hoch-bis-niedrig-educo\/#breadcrumb\",\"itemListElement\":[{\"@type\":\"ListItem\",\"position\":1,\"name\":\"Home\",\"item\":\"https:\/\/teiaeducation.ch\/de\/\"},{\"@type\":\"ListItem\",\"position\":2,\"name\":\"Laden\",\"item\":\"https:\/\/teiaeducation.ch\/de\/shop\/\"},{\"@type\":\"ListItem\",\"position\":3,\"name\":\"Serio: Prismen von hoch bis niedrig \u2013 Educo\"}]},{\"@type\":\"WebSite\",\"@id\":\"https:\/\/teiaeducation.ch\/de\/#website\",\"url\":\"https:\/\/teiaeducation.ch\/de\/\",\"name\":\"Sustainable Educational Products &amp; Ecological Toys\u00a0\",\"description\":\"Specialised Swiss shop selling sustainable educational toys and games, AMI certified Montessori materials, handmade ecological wooden Waldorf toys and arts &amp; crafts supplies, school supplies, children&#039;s furniture and Montessori reference and parenting books.\",\"publisher\":{\"@id\":\"https:\/\/teiaeducation.ch\/de\/#organization\"},\"alternateName\":\"Teia Education & Play\",\"potentialAction\":[{\"@type\":\"SearchAction\",\"target\":{\"@type\":\"EntryPoint\",\"urlTemplate\":\"https:\/\/teiaeducation.ch\/de\/?s={search_term_string}\"},\"query-input\":{\"@type\":\"PropertyValueSpecification\",\"valueRequired\":true,\"valueName\":\"search_term_string\"}}],\"inLanguage\":\"de-CH\"},{\"@type\":\"Organization\",\"@id\":\"https:\/\/teiaeducation.ch\/de\/#organization\",\"name\":\"Teia Education & Play\",\"url\":\"https:\/\/teiaeducation.ch\/de\/\",\"logo\":{\"@type\":\"ImageObject\",\"inLanguage\":\"de-CH\",\"@id\":\"https:\/\/teiaeducation.ch\/de\/#\/schema\/logo\/image\/\",\"url\":\"https:\/\/teiaeducation.ch\/wp-content\/uploads\/2020\/11\/Teia-Education-Switzerland-e1620156442216.jpg\",\"contentUrl\":\"https:\/\/teiaeducation.ch\/wp-content\/uploads\/2020\/11\/Teia-Education-Switzerland-e1620156442216.jpg\",\"width\":166,\"height\":145,\"caption\":\"Teia Education & Play\"},\"image\":{\"@id\":\"https:\/\/teiaeducation.ch\/de\/#\/schema\/logo\/image\/\"},\"sameAs\":[\"https:\/\/www.facebook.com\/teiaeducation\/\",\"https:\/\/x.com\/EducationTeia\",\"https:\/\/www.instagram.com\/teia.education\/\",\"https:\/\/www.linkedin.com\/company\/35501660\",\"https:\/\/www.pinterest.ch\/TeiaEducation\/\"]}]}<\/script>\n<!-- \/ Yoast SEO plugin. -->","yoast_head_json":{"title":"Serio - Prismen hoch\/niedrig - Educo - Teia Education & Play","description":"Educo Serio Prismen von hoch bis niedrig ist ein hochwertiges Lernspielzeug aus Holz, das das Sortieren und Ordnen von dreidimensionalen Objekten vermittelt.","robots":{"index":"index","follow":"follow","max-snippet":"max-snippet:-1","max-image-preview":"max-image-preview:large","max-video-preview":"max-video-preview:-1"},"canonical":"https:\/\/teiaeducation.ch\/de\/produkt\/serio-prismen-von-hoch-bis-niedrig-educo\/","og_locale":"de_DE","og_type":"article","og_title":"Serio - Prismen hoch\/niedrig - Educo - Teia Education & Play","og_description":"Educo Serio Prismen von hoch bis niedrig ist ein hochwertiges Lernspielzeug aus Holz, das das Sortieren und Ordnen von dreidimensionalen Objekten vermittelt.","og_url":"https:\/\/teiaeducation.ch\/de\/produkt\/serio-prismen-von-hoch-bis-niedrig-educo\/","og_site_name":"Sustainable Educational Products &amp; Ecological Toys\u00a0","article_publisher":"https:\/\/www.facebook.com\/teiaeducation\/","article_modified_time":"2025-11-14T14:30:10+00:00","og_image":[{"width":900,"height":900,"url":"https:\/\/teiaeducation.ch\/wp-content\/uploads\/2019\/05\/Serio-prisms-highlow-Educo.jpg","type":"image\/jpeg"}],"schema":{"@context":"https:\/\/schema.org","@graph":[{"@type":"WebPage","@id":"https:\/\/teiaeducation.ch\/de\/produkt\/serio-prismen-von-hoch-bis-niedrig-educo\/","url":"https:\/\/teiaeducation.ch\/de\/produkt\/serio-prismen-von-hoch-bis-niedrig-educo\/","name":"Serio - Prismen hoch\/niedrig - Educo - Teia Education & Play","isPartOf":{"@id":"https:\/\/teiaeducation.ch\/de\/#website"},"primaryImageOfPage":{"@id":"https:\/\/teiaeducation.ch\/de\/produkt\/serio-prismen-von-hoch-bis-niedrig-educo\/#primaryimage"},"image":{"@id":"https:\/\/teiaeducation.ch\/de\/produkt\/serio-prismen-von-hoch-bis-niedrig-educo\/#primaryimage"},"thumbnailUrl":"https:\/\/teiaeducation.ch\/wp-content\/uploads\/2019\/05\/Serio-prisms-highlow-Educo.jpg","datePublished":"2020-11-29T13:59:58+00:00","dateModified":"2025-11-14T14:30:10+00:00","description":"Educo Serio Prismen von hoch bis niedrig ist ein hochwertiges Lernspielzeug aus Holz, das das Sortieren und Ordnen von dreidimensionalen Objekten vermittelt.","breadcrumb":{"@id":"https:\/\/teiaeducation.ch\/de\/produkt\/serio-prismen-von-hoch-bis-niedrig-educo\/#breadcrumb"},"inLanguage":"de-CH","potentialAction":[{"@type":"ReadAction","target":["https:\/\/teiaeducation.ch\/de\/produkt\/serio-prismen-von-hoch-bis-niedrig-educo\/"]}]},{"@type":"ImageObject","inLanguage":"de-CH","@id":"https:\/\/teiaeducation.ch\/de\/produkt\/serio-prismen-von-hoch-bis-niedrig-educo\/#primaryimage","url":"https:\/\/teiaeducation.ch\/wp-content\/uploads\/2019\/05\/Serio-prisms-highlow-Educo.jpg","contentUrl":"https:\/\/teiaeducation.ch\/wp-content\/uploads\/2019\/05\/Serio-prisms-highlow-Educo.jpg","width":900,"height":900,"caption":"Hochwertiges p\u00e4dagogisches Holzspielzeug Serio Prismen von hoch bis niedrig \u2013 Educo."},{"@type":"BreadcrumbList","@id":"https:\/\/teiaeducation.ch\/de\/produkt\/serio-prismen-von-hoch-bis-niedrig-educo\/#breadcrumb","itemListElement":[{"@type":"ListItem","position":1,"name":"Home","item":"https:\/\/teiaeducation.ch\/de\/"},{"@type":"ListItem","position":2,"name":"Laden","item":"https:\/\/teiaeducation.ch\/de\/shop\/"},{"@type":"ListItem","position":3,"name":"Serio: Prismen von hoch bis niedrig \u2013 Educo"}]},{"@type":"WebSite","@id":"https:\/\/teiaeducation.ch\/de\/#website","url":"https:\/\/teiaeducation.ch\/de\/","name":"Sustainable Educational Products &amp; Ecological Toys\u00a0","description":"Specialised Swiss shop selling sustainable educational toys and games, AMI certified Montessori materials, handmade ecological wooden Waldorf toys and arts &amp; crafts supplies, school supplies, children&#039;s furniture and Montessori reference and parenting books.","publisher":{"@id":"https:\/\/teiaeducation.ch\/de\/#organization"},"alternateName":"Teia Education & Play","potentialAction":[{"@type":"SearchAction","target":{"@type":"EntryPoint","urlTemplate":"https:\/\/teiaeducation.ch\/de\/?s={search_term_string}"},"query-input":{"@type":"PropertyValueSpecification","valueRequired":true,"valueName":"search_term_string"}}],"inLanguage":"de-CH"},{"@type":"Organization","@id":"https:\/\/teiaeducation.ch\/de\/#organization","name":"Teia Education & Play","url":"https:\/\/teiaeducation.ch\/de\/","logo":{"@type":"ImageObject","inLanguage":"de-CH","@id":"https:\/\/teiaeducation.ch\/de\/#\/schema\/logo\/image\/","url":"https:\/\/teiaeducation.ch\/wp-content\/uploads\/2020\/11\/Teia-Education-Switzerland-e1620156442216.jpg","contentUrl":"https:\/\/teiaeducation.ch\/wp-content\/uploads\/2020\/11\/Teia-Education-Switzerland-e1620156442216.jpg","width":166,"height":145,"caption":"Teia Education & Play"},"image":{"@id":"https:\/\/teiaeducation.ch\/de\/#\/schema\/logo\/image\/"},"sameAs":["https:\/\/www.facebook.com\/teiaeducation\/","https:\/\/x.com\/EducationTeia","https:\/\/www.instagram.com\/teia.education\/","https:\/\/www.linkedin.com\/company\/35501660","https:\/\/www.pinterest.ch\/TeiaEducation\/"]}]}},"_links":{"self":[{"href":"https:\/\/teiaeducation.ch\/de\/wp-json\/wp\/v2\/product\/71628","targetHints":{"allow":["GET"]}}],"collection":[{"href":"https:\/\/teiaeducation.ch\/de\/wp-json\/wp\/v2\/product"}],"about":[{"href":"https:\/\/teiaeducation.ch\/de\/wp-json\/wp\/v2\/types\/product"}],"replies":[{"embeddable":true,"href":"https:\/\/teiaeducation.ch\/de\/wp-json\/wp\/v2\/comments?post=71628"}],"wp:featuredmedia":[{"embeddable":true,"href":"https:\/\/teiaeducation.ch\/de\/wp-json\/wp\/v2\/media\/71629"}],"wp:attachment":[{"href":"https:\/\/teiaeducation.ch\/de\/wp-json\/wp\/v2\/media?parent=71628"}],"wp:term":[{"taxonomy":"product_brand","embeddable":true,"href":"https:\/\/teiaeducation.ch\/de\/wp-json\/wp\/v2\/product_brand?post=71628"},{"taxonomy":"product_cat","embeddable":true,"href":"https:\/\/teiaeducation.ch\/de\/wp-json\/wp\/v2\/product_cat?post=71628"},{"taxonomy":"product_tag","embeddable":true,"href":"https:\/\/teiaeducation.ch\/de\/wp-json\/wp\/v2\/product_tag?post=71628"}],"curies":[{"name":"wp","href":"https:\/\/api.w.org\/{rel}","templated":true}]}}