{"id":71646,"date":"2020-11-29T14:57:19","date_gmt":"2020-11-29T13:57:19","guid":{"rendered":"https:\/\/teiaeducation.ch\/product\/serio-scheiben-educo\/"},"modified":"2025-11-14T15:48:46","modified_gmt":"2025-11-14T14:48:46","slug":"serio-scheiben-educo","status":"publish","type":"product","link":"https:\/\/teiaeducation.ch\/de\/produkt\/serio-scheiben-educo\/","title":{"rendered":"Serio: Scheiben &#8211; Educo"},"content":{"rendered":"<p>Sortieren Sie die Scheiben von klein nach gro\u00df mit diesem sch\u00f6nen, hochwertigen Lernspielzeug aus Holz, den Serio-Scheiben von Educo! Die Serio-Scheiben bestehen vollst\u00e4ndig aus Holz und sind ein Lernspielzeug, das Kindern das Sortieren und <a href=\"https:\/\/teiaeducation.ch\/de\/produkt-kategorie\/lernthemen\/mathematik-rechnen\/serialisieren\/\">Ordnen<\/a> n\u00e4herbringt, w\u00e4hrend sie mit dreidimensionalen Objekten spielen und experimentieren. Die 5 gelb lackierten Scheiben m\u00fcssen von gro\u00df nach klein (oder umgekehrt) sortiert und in die richtige kreisf\u00f6rmige Aussparung gelegt werden. Das Set enth\u00e4lt eine Holz-Einlegeplatte (29,5 x 21 x 1 cm) und 5 Holzscheiben in verschiedenen Gr\u00f6\u00dfen.   <\/p>\n<p>Educo Serio ist Teil des Pyramid-Projekts: Beim Spielen und Experimentieren lernen kleine Kinder, Eigenschaften wie Gr\u00f6\u00dfe, Dicke, L\u00e4nge, H\u00f6he und Breite zu ordnen. Die Serio-Reihe umfasst insgesamt 6 verschiedene Sets zum Sortieren und Ordnen mit unterschiedlichen Schwierigkeitsgraden: Zylinder, Scheiben, Prismen von breit bis schmal, Prismen von hoch bis niedrig, St\u00e4be und Kugeln. Ein Set mit \u00dcbungskarten f\u00fcr die gesamte Serio-Reihe ist ebenfalls erh\u00e4ltlich.  <\/p>\n<p>Dieses Lehrmaterial ist f\u00fcr Kinder ab 3 Jahren geeignet.<\/p>\n<p>Inhalt:<\/p>\n<p>Ein Holz-Einlegebrett (29,5 x 21 x 1 cm)<br \/>\n5 Holzscheiben<\/p>\n<h2>\u00dcber Educo<\/h2>\n<p>Die Niederl\u00e4ndische Marke <a href=\"https:\/\/teiaeducation.ch\/de\/produkt-kategorie\/unsere-marken\/educo-de\/\">Educo<\/a> steht f\u00fcr eine bunte Welt des spielerischen <a href=\"https:\/\/teiaeducation.ch\/de\/produkt-kategorie\/lernthemen\/\">Lernens<\/a>, herausfordernde Lernspiele und Spielzeuge! Die qualitativ hochwertigen und langlebigen Educo-Produkte orientieren sich an allt\u00e4glichen Situationen und helfen Babys und Kindern, Spiele mit normalen Themen zu verbinden und den Lernprozess in eine Simulation ihrer nat\u00fcrlichen Umgebung zu verwandeln. <\/p>\n<p>Das Educo-Sortiment ist in drei Entwicklungsbereiche unterteilt: <a href=\"https:\/\/teiaeducation.ch\/de\/produkt-kategorie\/unsere-marken\/educo-de\/motorisches-spiel\/\">Motorik<\/a>, <a href=\"https:\/\/teiaeducation.ch\/de\/produkt-kategorie\/unsere-marken\/educo-de\/sprachspiel-educo\/\">Sprache<\/a> und <a href=\"https:\/\/teiaeducation.ch\/de\/produkt-kategorie\/unsere-marken\/educo-de\/mathematisches-spiel\/\">Mathematik<\/a>. Im Jahr 2023 wurde eine umfassende Reihe von <a href=\"https:\/\/teiaeducation.ch\/de\/produkt-kategorie\/unsere-marken\/educo-de\/montessori-spielzeug-0-3-jahre\/\">Montessori inspiriertem Spielzeug<\/a> f\u00fcr Kinder im Alter von 0-3 Jahren eingef\u00fchrt, um das Wachstum und die Entwicklung der kleinen Kinder bestm\u00f6glich zu f\u00f6rdern. <\/p>\n<p>Die aktiven, spielerischen Lernprodukte von Educo sind haupts\u00e4chlich aus Holz gefertigt und bestehen aus nachhaltigen Materialien wie Farben und Lacken auf Wasserbasis. Die <a href=\"https:\/\/teiaeducation.ch\/de\/produkt-kategorie\/kinder-spielzeug\/\">Spielzeuge<\/a> sind so konzipiert, dass sie \u00fcber viele Jahre hinweg robust verwendet werden k\u00f6nnen, spielerisches Lernen f\u00f6rdern und Kinder im Alter von 0-12 Jahren zu Wachstum und Erfolg inspirieren. Sie erf\u00fcllen die Anforderungen der verschiedenen europ\u00e4ischen und internationalen Sicherheitsvorschriften f\u00fcr Spielzeug und entsprechen der Richtlinie 2009\/48\/EG \u00fcber die Sicherheit von Spielzeug, einschlie\u00dflich EN81 und ASTM.<\/p>\n","protected":false},"excerpt":{"rendered":"<p>Artikelnummer: 394002<\/p>\n<p>Educo Serio Discs ist ein hochwertiges Lernspielzeug aus Holz, das Kindern das Sortieren und Ordnen dreidimensionaler Objekte n\u00e4herbringt.<\/p>\n","protected":false},"featured_media":71647,"comment_status":"closed","ping_status":"closed","template":"","meta":[],"product_brand":[],"product_cat":[21445,21671,21479,21599,21550,21544,21491,21551,21509,21537,21605,21607,21545,21443,21563,21494,21495,21549,21482,21564],"product_tag":[32253,26532,27511,27518],"class_list":{"0":"post-71646","1":"product","2":"type-product","3":"status-publish","4":"has-post-thumbnail","6":"product_cat-3-6-jahre-vorschule","7":"product_cat-angebot","8":"product_cat-lernmaterialien-spielzeug-montessori-waldorf-steiner-froebel","9":"product_cat-educo-de","10":"product_cat-formen","11":"product_cat-geometrie-de","12":"product_cat-geschenk-guide-lerngeschenke","13":"product_cat-groesse","14":"product_cat-lernthemen","15":"product_cat-mathematik-rechnen","16":"product_cat-mathematisches-spiel","17":"product_cat-messung-educo","18":"product_cat-messung","19":"product_cat-nach-alter","20":"product_cat-neuheiten","21":"product_cat-schulbedarf-fuer-zuhause","22":"product_cat-schulbedarf-fuer-zuhause-3-6-jahre","23":"product_cat-serialisieren","24":"product_cat-traditionelle-bildung","25":"product_cat-unsere-marken","26":"product_tag-educo-serio-scheiben","27":"product_tag-geometrie-de","28":"product_tag-mathematisches-spiel","29":"product_tag-sortieren-und-serialisieren","31":"first","32":"instock","33":"sale","34":"taxable","35":"shipping-taxable","36":"purchasable","37":"product-type-simple"},"yoast_head":"<!-- This site is optimized with the Yoast SEO Premium plugin v25.8 (Yoast SEO v27.4) - https:\/\/yoast.com\/product\/yoast-seo-premium-wordpress\/ -->\n<title>Serio: Scheiben - Educo - Teia Education and Play<\/title>\n<meta name=\"description\" content=\"Educo Serio Discs ist ein hochwertiges Lernspielzeug aus Holz, das Kindern das Sortieren und Ordnen von dreidimensionalen Objekten n\u00e4herbringt.\" \/>\n<meta name=\"robots\" content=\"index, follow, max-snippet:-1, max-image-preview:large, max-video-preview:-1\" \/>\n<link rel=\"canonical\" href=\"https:\/\/teiaeducation.ch\/de\/produkt\/serio-scheiben-educo\/\" \/>\n<meta property=\"og:locale\" content=\"de_DE\" \/>\n<meta property=\"og:type\" content=\"article\" \/>\n<meta property=\"og:title\" content=\"Serio: Scheiben - Educo\" \/>\n<meta property=\"og:description\" content=\"Educo Serio Discs ist ein hochwertiges Lernspielzeug aus Holz, das Kindern das Sortieren und Ordnen von dreidimensionalen Objekten n\u00e4herbringt.\" \/>\n<meta property=\"og:url\" content=\"https:\/\/teiaeducation.ch\/de\/produkt\/serio-scheiben-educo\/\" \/>\n<meta property=\"og:site_name\" content=\"Sustainable Educational Products &amp; Ecological Toys\u00a0\" \/>\n<meta property=\"article:publisher\" content=\"https:\/\/www.facebook.com\/teiaeducation\/\" \/>\n<meta property=\"article:modified_time\" content=\"2025-11-14T14:48:46+00:00\" \/>\n<meta property=\"og:image\" content=\"https:\/\/teiaeducation.ch\/wp-content\/uploads\/2019\/05\/Serio-discs-Educo.jpg\" \/>\n\t<meta property=\"og:image:width\" content=\"900\" \/>\n\t<meta property=\"og:image:height\" content=\"900\" \/>\n\t<meta property=\"og:image:type\" content=\"image\/jpeg\" \/>\n<script type=\"application\/ld+json\" class=\"yoast-schema-graph\">{\"@context\":\"https:\\\/\\\/schema.org\",\"@graph\":[{\"@type\":\"WebPage\",\"@id\":\"https:\\\/\\\/teiaeducation.ch\\\/de\\\/produkt\\\/serio-scheiben-educo\\\/\",\"url\":\"https:\\\/\\\/teiaeducation.ch\\\/de\\\/produkt\\\/serio-scheiben-educo\\\/\",\"name\":\"Serio: Scheiben - Educo - Teia Education and Play\",\"isPartOf\":{\"@id\":\"https:\\\/\\\/teiaeducation.ch\\\/de\\\/#website\"},\"primaryImageOfPage\":{\"@id\":\"https:\\\/\\\/teiaeducation.ch\\\/de\\\/produkt\\\/serio-scheiben-educo\\\/#primaryimage\"},\"image\":{\"@id\":\"https:\\\/\\\/teiaeducation.ch\\\/de\\\/produkt\\\/serio-scheiben-educo\\\/#primaryimage\"},\"thumbnailUrl\":\"https:\\\/\\\/teiaeducation.ch\\\/wp-content\\\/uploads\\\/2019\\\/05\\\/Serio-discs-Educo.jpg\",\"datePublished\":\"2020-11-29T13:57:19+00:00\",\"dateModified\":\"2025-11-14T14:48:46+00:00\",\"description\":\"Educo Serio Discs ist ein hochwertiges Lernspielzeug aus Holz, das Kindern das Sortieren und Ordnen von dreidimensionalen Objekten n\u00e4herbringt.\",\"breadcrumb\":{\"@id\":\"https:\\\/\\\/teiaeducation.ch\\\/de\\\/produkt\\\/serio-scheiben-educo\\\/#breadcrumb\"},\"inLanguage\":\"de-CH\",\"potentialAction\":[{\"@type\":\"ReadAction\",\"target\":[\"https:\\\/\\\/teiaeducation.ch\\\/de\\\/produkt\\\/serio-scheiben-educo\\\/\"]}]},{\"@type\":\"ImageObject\",\"inLanguage\":\"de-CH\",\"@id\":\"https:\\\/\\\/teiaeducation.ch\\\/de\\\/produkt\\\/serio-scheiben-educo\\\/#primaryimage\",\"url\":\"https:\\\/\\\/teiaeducation.ch\\\/wp-content\\\/uploads\\\/2019\\\/05\\\/Serio-discs-Educo.jpg\",\"contentUrl\":\"https:\\\/\\\/teiaeducation.ch\\\/wp-content\\\/uploads\\\/2019\\\/05\\\/Serio-discs-Educo.jpg\",\"width\":900,\"height\":900,\"caption\":\"Hochwertiges p\u00e4dagogisches Holzspielzeug Serio-Scheiben \u2013 Educo\"},{\"@type\":\"BreadcrumbList\",\"@id\":\"https:\\\/\\\/teiaeducation.ch\\\/de\\\/produkt\\\/serio-scheiben-educo\\\/#breadcrumb\",\"itemListElement\":[{\"@type\":\"ListItem\",\"position\":1,\"name\":\"Home\",\"item\":\"https:\\\/\\\/teiaeducation.ch\\\/de\\\/\"},{\"@type\":\"ListItem\",\"position\":2,\"name\":\"Laden\",\"item\":\"https:\\\/\\\/teiaeducation.ch\\\/de\\\/shop\\\/\"},{\"@type\":\"ListItem\",\"position\":3,\"name\":\"Serio: Scheiben &#8211; Educo\"}]},{\"@type\":\"WebSite\",\"@id\":\"https:\\\/\\\/teiaeducation.ch\\\/de\\\/#website\",\"url\":\"https:\\\/\\\/teiaeducation.ch\\\/de\\\/\",\"name\":\"Sustainable Educational Products &amp; Ecological Toys\u00a0\",\"description\":\"Specialised Swiss shop selling sustainable educational toys and games, AMI certified Montessori materials, handmade ecological wooden Waldorf toys and arts &amp; crafts supplies, school supplies, children&#039;s furniture and Montessori reference and parenting books.\",\"publisher\":{\"@id\":\"https:\\\/\\\/teiaeducation.ch\\\/de\\\/#organization\"},\"alternateName\":\"Teia Education & Play\",\"potentialAction\":[{\"@type\":\"SearchAction\",\"target\":{\"@type\":\"EntryPoint\",\"urlTemplate\":\"https:\\\/\\\/teiaeducation.ch\\\/de\\\/?s={search_term_string}\"},\"query-input\":{\"@type\":\"PropertyValueSpecification\",\"valueRequired\":true,\"valueName\":\"search_term_string\"}}],\"inLanguage\":\"de-CH\"},{\"@type\":\"Organization\",\"@id\":\"https:\\\/\\\/teiaeducation.ch\\\/de\\\/#organization\",\"name\":\"Teia Education & Play\",\"url\":\"https:\\\/\\\/teiaeducation.ch\\\/de\\\/\",\"logo\":{\"@type\":\"ImageObject\",\"inLanguage\":\"de-CH\",\"@id\":\"https:\\\/\\\/teiaeducation.ch\\\/de\\\/#\\\/schema\\\/logo\\\/image\\\/\",\"url\":\"https:\\\/\\\/teiaeducation.ch\\\/wp-content\\\/uploads\\\/2020\\\/11\\\/Teia-Education-Switzerland-e1620156442216.jpg\",\"contentUrl\":\"https:\\\/\\\/teiaeducation.ch\\\/wp-content\\\/uploads\\\/2020\\\/11\\\/Teia-Education-Switzerland-e1620156442216.jpg\",\"width\":166,\"height\":145,\"caption\":\"Teia Education & Play\"},\"image\":{\"@id\":\"https:\\\/\\\/teiaeducation.ch\\\/de\\\/#\\\/schema\\\/logo\\\/image\\\/\"},\"sameAs\":[\"https:\\\/\\\/www.facebook.com\\\/teiaeducation\\\/\",\"https:\\\/\\\/x.com\\\/EducationTeia\",\"https:\\\/\\\/www.instagram.com\\\/teia.education\\\/\",\"https:\\\/\\\/www.linkedin.com\\\/company\\\/35501660\",\"https:\\\/\\\/www.pinterest.ch\\\/TeiaEducation\\\/\"]}]}<\/script>\n<meta property=\"product:price:amount\" content=\"29.00\" \/>\n<meta property=\"product:price:currency\" content=\"CHF\" \/>\n<meta property=\"og:availability\" content=\"instock\" \/>\n<meta property=\"product:availability\" content=\"instock\" \/>\n<meta property=\"product:retailer_item_id\" content=\"94ed2d6cc8d2\" \/>\n<meta property=\"product:condition\" content=\"new\" \/>\n<!-- \/ Yoast SEO Premium plugin. -->","yoast_head_json":{"title":"Serio: Scheiben - Educo - Teia Education and Play","description":"Educo Serio Discs ist ein hochwertiges Lernspielzeug aus Holz, das Kindern das Sortieren und Ordnen von dreidimensionalen Objekten n\u00e4herbringt.","robots":{"index":"index","follow":"follow","max-snippet":"max-snippet:-1","max-image-preview":"max-image-preview:large","max-video-preview":"max-video-preview:-1"},"canonical":"https:\/\/teiaeducation.ch\/de\/produkt\/serio-scheiben-educo\/","og_locale":"de_DE","og_type":"article","og_title":"Serio: Scheiben - Educo","og_description":"Educo Serio Discs ist ein hochwertiges Lernspielzeug aus Holz, das Kindern das Sortieren und Ordnen von dreidimensionalen Objekten n\u00e4herbringt.","og_url":"https:\/\/teiaeducation.ch\/de\/produkt\/serio-scheiben-educo\/","og_site_name":"Sustainable Educational Products &amp; Ecological Toys\u00a0","article_publisher":"https:\/\/www.facebook.com\/teiaeducation\/","article_modified_time":"2025-11-14T14:48:46+00:00","og_image":[{"width":900,"height":900,"url":"https:\/\/teiaeducation.ch\/wp-content\/uploads\/2019\/05\/Serio-discs-Educo.jpg","type":"image\/jpeg"}],"schema":{"@context":"https:\/\/schema.org","@graph":[{"@type":"WebPage","@id":"https:\/\/teiaeducation.ch\/de\/produkt\/serio-scheiben-educo\/","url":"https:\/\/teiaeducation.ch\/de\/produkt\/serio-scheiben-educo\/","name":"Serio: Scheiben - Educo - Teia Education and Play","isPartOf":{"@id":"https:\/\/teiaeducation.ch\/de\/#website"},"primaryImageOfPage":{"@id":"https:\/\/teiaeducation.ch\/de\/produkt\/serio-scheiben-educo\/#primaryimage"},"image":{"@id":"https:\/\/teiaeducation.ch\/de\/produkt\/serio-scheiben-educo\/#primaryimage"},"thumbnailUrl":"https:\/\/teiaeducation.ch\/wp-content\/uploads\/2019\/05\/Serio-discs-Educo.jpg","datePublished":"2020-11-29T13:57:19+00:00","dateModified":"2025-11-14T14:48:46+00:00","description":"Educo Serio Discs ist ein hochwertiges Lernspielzeug aus Holz, das Kindern das Sortieren und Ordnen von dreidimensionalen Objekten n\u00e4herbringt.","breadcrumb":{"@id":"https:\/\/teiaeducation.ch\/de\/produkt\/serio-scheiben-educo\/#breadcrumb"},"inLanguage":"de-CH","potentialAction":[{"@type":"ReadAction","target":["https:\/\/teiaeducation.ch\/de\/produkt\/serio-scheiben-educo\/"]}]},{"@type":"ImageObject","inLanguage":"de-CH","@id":"https:\/\/teiaeducation.ch\/de\/produkt\/serio-scheiben-educo\/#primaryimage","url":"https:\/\/teiaeducation.ch\/wp-content\/uploads\/2019\/05\/Serio-discs-Educo.jpg","contentUrl":"https:\/\/teiaeducation.ch\/wp-content\/uploads\/2019\/05\/Serio-discs-Educo.jpg","width":900,"height":900,"caption":"Hochwertiges p\u00e4dagogisches Holzspielzeug Serio-Scheiben \u2013 Educo"},{"@type":"BreadcrumbList","@id":"https:\/\/teiaeducation.ch\/de\/produkt\/serio-scheiben-educo\/#breadcrumb","itemListElement":[{"@type":"ListItem","position":1,"name":"Home","item":"https:\/\/teiaeducation.ch\/de\/"},{"@type":"ListItem","position":2,"name":"Laden","item":"https:\/\/teiaeducation.ch\/de\/shop\/"},{"@type":"ListItem","position":3,"name":"Serio: Scheiben &#8211; Educo"}]},{"@type":"WebSite","@id":"https:\/\/teiaeducation.ch\/de\/#website","url":"https:\/\/teiaeducation.ch\/de\/","name":"Sustainable Educational Products &amp; Ecological Toys\u00a0","description":"Specialised Swiss shop selling sustainable educational toys and games, AMI certified Montessori materials, handmade ecological wooden Waldorf toys and arts &amp; crafts supplies, school supplies, children&#039;s furniture and Montessori reference and parenting books.","publisher":{"@id":"https:\/\/teiaeducation.ch\/de\/#organization"},"alternateName":"Teia Education & Play","potentialAction":[{"@type":"SearchAction","target":{"@type":"EntryPoint","urlTemplate":"https:\/\/teiaeducation.ch\/de\/?s={search_term_string}"},"query-input":{"@type":"PropertyValueSpecification","valueRequired":true,"valueName":"search_term_string"}}],"inLanguage":"de-CH"},{"@type":"Organization","@id":"https:\/\/teiaeducation.ch\/de\/#organization","name":"Teia Education & Play","url":"https:\/\/teiaeducation.ch\/de\/","logo":{"@type":"ImageObject","inLanguage":"de-CH","@id":"https:\/\/teiaeducation.ch\/de\/#\/schema\/logo\/image\/","url":"https:\/\/teiaeducation.ch\/wp-content\/uploads\/2020\/11\/Teia-Education-Switzerland-e1620156442216.jpg","contentUrl":"https:\/\/teiaeducation.ch\/wp-content\/uploads\/2020\/11\/Teia-Education-Switzerland-e1620156442216.jpg","width":166,"height":145,"caption":"Teia Education & Play"},"image":{"@id":"https:\/\/teiaeducation.ch\/de\/#\/schema\/logo\/image\/"},"sameAs":["https:\/\/www.facebook.com\/teiaeducation\/","https:\/\/x.com\/EducationTeia","https:\/\/www.instagram.com\/teia.education\/","https:\/\/www.linkedin.com\/company\/35501660","https:\/\/www.pinterest.ch\/TeiaEducation\/"]}]},"product_price_amount":"29.00","product_price_currency":"CHF","og_availability":"instock","product_availability":"instock","product_retailer_item_id":"94ed2d6cc8d2","product_condition":"new"},"_links":{"self":[{"href":"https:\/\/teiaeducation.ch\/de\/wp-json\/wp\/v2\/product\/71646","targetHints":{"allow":["GET"]}}],"collection":[{"href":"https:\/\/teiaeducation.ch\/de\/wp-json\/wp\/v2\/product"}],"about":[{"href":"https:\/\/teiaeducation.ch\/de\/wp-json\/wp\/v2\/types\/product"}],"replies":[{"embeddable":true,"href":"https:\/\/teiaeducation.ch\/de\/wp-json\/wp\/v2\/comments?post=71646"}],"wp:featuredmedia":[{"embeddable":true,"href":"https:\/\/teiaeducation.ch\/de\/wp-json\/wp\/v2\/media\/71647"}],"wp:attachment":[{"href":"https:\/\/teiaeducation.ch\/de\/wp-json\/wp\/v2\/media?parent=71646"}],"wp:term":[{"taxonomy":"product_brand","embeddable":true,"href":"https:\/\/teiaeducation.ch\/de\/wp-json\/wp\/v2\/product_brand?post=71646"},{"taxonomy":"product_cat","embeddable":true,"href":"https:\/\/teiaeducation.ch\/de\/wp-json\/wp\/v2\/product_cat?post=71646"},{"taxonomy":"product_tag","embeddable":true,"href":"https:\/\/teiaeducation.ch\/de\/wp-json\/wp\/v2\/product_tag?post=71646"}],"curies":[{"name":"wp","href":"https:\/\/api.w.org\/{rel}","templated":true}]}}