{"id":71686,"date":"2020-03-29T14:00:08","date_gmt":"2020-03-29T12:00:08","guid":{"rendered":"https:\/\/teiaeducation.ch\/product\/mathematikraetsel-addition-und-subtraktion-1-educo\/"},"modified":"2025-11-18T14:27:38","modified_gmt":"2025-11-18T13:27:38","slug":"mathematikraetsel-addition-und-subtraktion-1-educo","status":"publish","type":"product","link":"https:\/\/teiaeducation.ch\/de\/produkt\/mathematikraetsel-addition-und-subtraktion-1-educo\/","title":{"rendered":"Mathematikr\u00e4tsel: Addition und Subtraktion 1 \u2013 Educo"},"content":{"rendered":"<p>Das Mathematikr\u00e4tsel: Addition und Subtraktion 1 aus der Educo-<a href=\"https:\/\/teiaeducation.ch\/de\/produkt-kategorie\/unsere-marken\/educo-de\/puzzle-spiel\/\">Puzzlespiel<\/a>reihe ist ein gro\u00dfes Puzzle, das vollst\u00e4ndig aus Holz gefertigt ist. Das Puzzle ist Teil einer Reihe von Puzzles zum Thema Mathematik und erm\u00f6glicht es dem Kind, Addition und Subtraktion bis 20 auf spielerische Weise zu \u00fcben. <\/p>\n<p>Dieses gro\u00dfe und wundersch\u00f6n illustrierte Themen-Puzzle ist 40 x 28 cm gro\u00df und besteht aus 35 stabilen Holzpuzzleteilen, die in eine Einlegeplatte aus Buchenholz eingelassen sind. Jedes Holzpuzzleteil hat auf der R\u00fcckseite eine Summe, die einer Zahl auf der Einlegeplatte entspricht. Eine Kontrollkarte ist ebenfalls enthalten.  <\/p>\n<p>Die Educo Mathematikr\u00e4tsel f\u00f6rdern mathematische F\u00e4higkeiten sowie Kreativit\u00e4t, Vorstellungskraft, Sprach- und Lesef\u00e4higkeiten. Wie alle Puzzles aus dem Educo-Puzzlespielsortiment regt auch dieses hochwertige Lernpuzzle aus Holz spielerisch das kritische Denken und die Probleml\u00f6setechniken an.<\/p>\n<p>Dieses Puzzle ist f\u00fcr Kinder ab 4 Jahren geeignet.<\/p>\n<p>Inhalt:<\/p>\n<p>1 Holz-Einlegebrett (40 x 28 cm)35 Holzpuzzleteile aus 4 mm Birken-Sperrholz<\/p>\n<h2>\u00dcber Educo<\/h2>\n<p>Die Niederl\u00e4ndische Marke <a href=\"https:\/\/teiaeducation.ch\/de\/produkt-kategorie\/unsere-marken\/educo-de\/\">Educo<\/a> steht f\u00fcr eine bunte Welt des spielerischen <a href=\"https:\/\/teiaeducation.ch\/de\/produkt-kategorie\/lernthemen\/\">Lernens<\/a>, herausfordernde Lernspiele und Spielzeuge! Die qualitativ hochwertigen und langlebigen Educo-Produkte orientieren sich an allt\u00e4glichen Situationen und helfen Babys und Kindern, Spiele mit normalen Themen zu verbinden und den Lernprozess in eine Simulation ihrer nat\u00fcrlichen Umgebung zu verwandeln. <\/p>\n<p>Das Educo-Sortiment ist in drei Entwicklungsbereiche unterteilt: <a href=\"https:\/\/teiaeducation.ch\/de\/produkt-kategorie\/unsere-marken\/educo-de\/motorisches-spiel\/\">Motorik<\/a>, <a href=\"https:\/\/teiaeducation.ch\/de\/produkt-kategorie\/unsere-marken\/educo-de\/sprachspiel-educo\/\">Sprache<\/a> und <a href=\"https:\/\/teiaeducation.ch\/de\/produkt-kategorie\/unsere-marken\/educo-de\/mathematisches-spiel\/\">Mathematik<\/a>. Im Jahr 2023 wurde eine umfassende Reihe von <a href=\"https:\/\/teiaeducation.ch\/de\/produkt-kategorie\/unsere-marken\/educo-de\/montessori-spielzeug-0-3-jahre\/\">Montessori inspiriertem Spielzeug<\/a> f\u00fcr Kinder im Alter von 0-3 Jahren eingef\u00fchrt, um das Wachstum und die Entwicklung der kleinen Kinder bestm\u00f6glich zu f\u00f6rdern. <\/p>\n<p>Die aktiven, spielerischen Lernprodukte von Educo sind haupts\u00e4chlich aus Holz gefertigt und bestehen aus nachhaltigen Materialien wie Farben und Lacken auf Wasserbasis. Die <a href=\"https:\/\/teiaeducation.ch\/de\/produkt-kategorie\/kinder-spielzeug\/\">Spielzeuge<\/a> sind so konzipiert, dass sie \u00fcber viele Jahre hinweg robust verwendet werden k\u00f6nnen, spielerisches Lernen f\u00f6rdern und Kinder im Alter von 0-12 Jahren zu Wachstum und Erfolg inspirieren. Sie erf\u00fcllen die Anforderungen der verschiedenen europ\u00e4ischen und internationalen Sicherheitsvorschriften f\u00fcr Spielzeug und entsprechen der Richtlinie 2009\/48\/EG \u00fcber die Sicherheit von Spielzeug, einschlie\u00dflich EN81 und ASTM.<\/p>\n","protected":false},"excerpt":{"rendered":"<p>Artikelnummer: E523362<\/p>\n<p>Das Educo Mathematikr\u00e4tsel: Addition und Subtraktion 1 ist ein gro\u00dfes Puzzle, mit dem Kinder das Addieren und Subtrahieren bis 20 \u00fcben k\u00f6nnen.<\/p>\n","protected":false},"featured_media":71687,"comment_status":"open","ping_status":"closed","template":"","meta":[],"product_brand":[],"product_cat":[21445,21446,21524,21479,21599,21538,21535,21509,21537,21605,21443,21563,21615,21494,21495,21496,21553,21482,21564,21536,21540,21608],"product_tag":[32261,32260,26406,25729,32234,24315,32259,26410,27472,32258,27488],"class_list":{"0":"post-71686","1":"product","2":"type-product","3":"status-publish","4":"has-post-thumbnail","6":"product_cat-3-6-jahre-vorschule","7":"product_cat-6-12-jahre-grundschule","8":"product_cat-alphabetisierung-sprache","9":"product_cat-lernmaterialien-spielzeug-montessori-waldorf-steiner-froebel","10":"product_cat-educo-de","11":"product_cat-ergaenzung","12":"product_cat-geschichtenerzaehlen","13":"product_cat-lernthemen","14":"product_cat-mathematik-rechnen","15":"product_cat-mathematisches-spiel","16":"product_cat-nach-alter","17":"product_cat-neuheiten","18":"product_cat-puzzle-spiel","19":"product_cat-schulbedarf-fuer-zuhause","20":"product_cat-schulbedarf-fuer-zuhause-3-6-jahre","21":"product_cat-schulbedarf-fuer-zuhause-6-12-jahre","22":"product_cat-subtraktion","23":"product_cat-traditionelle-bildung","24":"product_cat-unsere-marken","25":"product_cat-wortschatz","26":"product_cat-zaehlen","27":"product_cat-zahlenverstaendnis","28":"product_tag-additions-und-subtraktionsratsel","29":"product_tag-bis-20-zahlen","30":"product_tag-educo-de","31":"product_tag-holzpuzzle","32":"product_tag-holzpuzzle-2","33":"product_tag-holzspielzeug","34":"product_tag-mathe-ratsel","35":"product_tag-padagogisches-holzspielzeug-lernspielzeug-aus-holz","36":"product_tag-puzzle-spielen","37":"product_tag-puzzle-mathematik","38":"product_tag-spielen-und-ratsel-losen","40":"first","41":"instock","42":"taxable","43":"shipping-taxable","44":"purchasable","45":"product-type-simple"},"yoast_head":"<!-- This site is optimized with the Yoast SEO Premium plugin v25.8 (Yoast SEO v27.4) - https:\/\/yoast.com\/product\/yoast-seo-premium-wordpress\/ -->\n<title>Mathematikr\u00e4tsel: Addition und Subtraktion 2 \u2013 Educo<\/title>\n<meta name=\"description\" content=\"Das Educo Mathematikr\u00e4tsel: Addition und Subtraktion 1 ist ein gro\u00dfes Puzzle, mit dem Kinder das Addieren und Subtrahieren bis 20 \u00fcben k\u00f6nnen.\" \/>\n<meta name=\"robots\" content=\"index, follow, max-snippet:-1, max-image-preview:large, max-video-preview:-1\" \/>\n<link rel=\"canonical\" href=\"https:\/\/teiaeducation.ch\/de\/produkt\/mathematikraetsel-addition-und-subtraktion-1-educo\/\" \/>\n<meta property=\"og:locale\" content=\"de_DE\" \/>\n<meta property=\"og:type\" content=\"article\" \/>\n<meta property=\"og:title\" content=\"Mathematikr\u00e4tsel: Addition und Subtraktion 1 \u2013 Educo\" \/>\n<meta property=\"og:description\" content=\"Das Educo Mathematikr\u00e4tsel: Addition und Subtraktion 1 ist ein gro\u00dfes Puzzle, mit dem Kinder das Addieren und Subtrahieren bis 20 \u00fcben k\u00f6nnen.\" \/>\n<meta property=\"og:url\" content=\"https:\/\/teiaeducation.ch\/de\/produkt\/mathematikraetsel-addition-und-subtraktion-1-educo\/\" \/>\n<meta property=\"og:site_name\" content=\"Sustainable Educational Products &amp; Ecological Toys\u00a0\" \/>\n<meta property=\"article:publisher\" content=\"https:\/\/www.facebook.com\/teiaeducation\/\" \/>\n<meta property=\"article:modified_time\" content=\"2025-11-18T13:27:38+00:00\" \/>\n<meta property=\"og:image\" content=\"https:\/\/teiaeducation.ch\/wp-content\/uploads\/2020\/03\/Math-puzzle-addition-and-subtraction-1-Educo-scaled-scaled.jpg\" \/>\n\t<meta property=\"og:image:width\" content=\"2048\" \/>\n\t<meta property=\"og:image:height\" content=\"1320\" \/>\n\t<meta property=\"og:image:type\" content=\"image\/jpeg\" \/>\n<script type=\"application\/ld+json\" class=\"yoast-schema-graph\">{\"@context\":\"https:\\\/\\\/schema.org\",\"@graph\":[{\"@type\":\"WebPage\",\"@id\":\"https:\\\/\\\/teiaeducation.ch\\\/de\\\/produkt\\\/mathematikraetsel-addition-und-subtraktion-1-educo\\\/\",\"url\":\"https:\\\/\\\/teiaeducation.ch\\\/de\\\/produkt\\\/mathematikraetsel-addition-und-subtraktion-1-educo\\\/\",\"name\":\"Mathematikr\u00e4tsel: Addition und Subtraktion 2 \u2013 Educo\",\"isPartOf\":{\"@id\":\"https:\\\/\\\/teiaeducation.ch\\\/de\\\/#website\"},\"primaryImageOfPage\":{\"@id\":\"https:\\\/\\\/teiaeducation.ch\\\/de\\\/produkt\\\/mathematikraetsel-addition-und-subtraktion-1-educo\\\/#primaryimage\"},\"image\":{\"@id\":\"https:\\\/\\\/teiaeducation.ch\\\/de\\\/produkt\\\/mathematikraetsel-addition-und-subtraktion-1-educo\\\/#primaryimage\"},\"thumbnailUrl\":\"https:\\\/\\\/teiaeducation.ch\\\/wp-content\\\/uploads\\\/2020\\\/03\\\/Math-puzzle-addition-and-subtraction-1-Educo-scaled-scaled.jpg\",\"datePublished\":\"2020-03-29T12:00:08+00:00\",\"dateModified\":\"2025-11-18T13:27:38+00:00\",\"description\":\"Das Educo Mathematikr\u00e4tsel: Addition und Subtraktion 1 ist ein gro\u00dfes Puzzle, mit dem Kinder das Addieren und Subtrahieren bis 20 \u00fcben k\u00f6nnen.\",\"breadcrumb\":{\"@id\":\"https:\\\/\\\/teiaeducation.ch\\\/de\\\/produkt\\\/mathematikraetsel-addition-und-subtraktion-1-educo\\\/#breadcrumb\"},\"inLanguage\":\"de-CH\",\"potentialAction\":[{\"@type\":\"ReadAction\",\"target\":[\"https:\\\/\\\/teiaeducation.ch\\\/de\\\/produkt\\\/mathematikraetsel-addition-und-subtraktion-1-educo\\\/\"]}]},{\"@type\":\"ImageObject\",\"inLanguage\":\"de-CH\",\"@id\":\"https:\\\/\\\/teiaeducation.ch\\\/de\\\/produkt\\\/mathematikraetsel-addition-und-subtraktion-1-educo\\\/#primaryimage\",\"url\":\"https:\\\/\\\/teiaeducation.ch\\\/wp-content\\\/uploads\\\/2020\\\/03\\\/Math-puzzle-addition-and-subtraction-1-Educo-scaled-scaled.jpg\",\"contentUrl\":\"https:\\\/\\\/teiaeducation.ch\\\/wp-content\\\/uploads\\\/2020\\\/03\\\/Math-puzzle-addition-and-subtraction-1-Educo-scaled-scaled.jpg\",\"width\":2048,\"height\":1320,\"caption\":\"Mathematikr\u00e4tsel: Addition und Subtraktion 1 \u2013 Educo\"},{\"@type\":\"BreadcrumbList\",\"@id\":\"https:\\\/\\\/teiaeducation.ch\\\/de\\\/produkt\\\/mathematikraetsel-addition-und-subtraktion-1-educo\\\/#breadcrumb\",\"itemListElement\":[{\"@type\":\"ListItem\",\"position\":1,\"name\":\"Home\",\"item\":\"https:\\\/\\\/teiaeducation.ch\\\/de\\\/\"},{\"@type\":\"ListItem\",\"position\":2,\"name\":\"Laden\",\"item\":\"https:\\\/\\\/teiaeducation.ch\\\/de\\\/shop\\\/\"},{\"@type\":\"ListItem\",\"position\":3,\"name\":\"Mathematikr\u00e4tsel: Addition und Subtraktion 1 \u2013 Educo\"}]},{\"@type\":\"WebSite\",\"@id\":\"https:\\\/\\\/teiaeducation.ch\\\/de\\\/#website\",\"url\":\"https:\\\/\\\/teiaeducation.ch\\\/de\\\/\",\"name\":\"Sustainable Educational Products &amp; Ecological Toys\u00a0\",\"description\":\"Specialised Swiss shop selling sustainable educational toys and games, AMI certified Montessori materials, handmade ecological wooden Waldorf toys and arts &amp; crafts supplies, school supplies, children&#039;s furniture and Montessori reference and parenting books.\",\"publisher\":{\"@id\":\"https:\\\/\\\/teiaeducation.ch\\\/de\\\/#organization\"},\"alternateName\":\"Teia Education & Play\",\"potentialAction\":[{\"@type\":\"SearchAction\",\"target\":{\"@type\":\"EntryPoint\",\"urlTemplate\":\"https:\\\/\\\/teiaeducation.ch\\\/de\\\/?s={search_term_string}\"},\"query-input\":{\"@type\":\"PropertyValueSpecification\",\"valueRequired\":true,\"valueName\":\"search_term_string\"}}],\"inLanguage\":\"de-CH\"},{\"@type\":\"Organization\",\"@id\":\"https:\\\/\\\/teiaeducation.ch\\\/de\\\/#organization\",\"name\":\"Teia Education & Play\",\"url\":\"https:\\\/\\\/teiaeducation.ch\\\/de\\\/\",\"logo\":{\"@type\":\"ImageObject\",\"inLanguage\":\"de-CH\",\"@id\":\"https:\\\/\\\/teiaeducation.ch\\\/de\\\/#\\\/schema\\\/logo\\\/image\\\/\",\"url\":\"https:\\\/\\\/teiaeducation.ch\\\/wp-content\\\/uploads\\\/2020\\\/11\\\/Teia-Education-Switzerland-e1620156442216.jpg\",\"contentUrl\":\"https:\\\/\\\/teiaeducation.ch\\\/wp-content\\\/uploads\\\/2020\\\/11\\\/Teia-Education-Switzerland-e1620156442216.jpg\",\"width\":166,\"height\":145,\"caption\":\"Teia Education & Play\"},\"image\":{\"@id\":\"https:\\\/\\\/teiaeducation.ch\\\/de\\\/#\\\/schema\\\/logo\\\/image\\\/\"},\"sameAs\":[\"https:\\\/\\\/www.facebook.com\\\/teiaeducation\\\/\",\"https:\\\/\\\/x.com\\\/EducationTeia\",\"https:\\\/\\\/www.instagram.com\\\/teia.education\\\/\",\"https:\\\/\\\/www.linkedin.com\\\/company\\\/35501660\",\"https:\\\/\\\/www.pinterest.ch\\\/TeiaEducation\\\/\"]}]}<\/script>\n<meta property=\"product:price:amount\" content=\"34.95\" \/>\n<meta property=\"product:price:currency\" content=\"CHF\" \/>\n<meta property=\"og:availability\" content=\"instock\" \/>\n<meta property=\"product:availability\" content=\"instock\" \/>\n<meta property=\"product:retailer_item_id\" content=\"00000000000000000000000000000000000000000000024368\" \/>\n<meta property=\"product:condition\" content=\"new\" \/>\n<!-- \/ Yoast SEO Premium plugin. -->","yoast_head_json":{"title":"Mathematikr\u00e4tsel: Addition und Subtraktion 2 \u2013 Educo","description":"Das Educo Mathematikr\u00e4tsel: Addition und Subtraktion 1 ist ein gro\u00dfes Puzzle, mit dem Kinder das Addieren und Subtrahieren bis 20 \u00fcben k\u00f6nnen.","robots":{"index":"index","follow":"follow","max-snippet":"max-snippet:-1","max-image-preview":"max-image-preview:large","max-video-preview":"max-video-preview:-1"},"canonical":"https:\/\/teiaeducation.ch\/de\/produkt\/mathematikraetsel-addition-und-subtraktion-1-educo\/","og_locale":"de_DE","og_type":"article","og_title":"Mathematikr\u00e4tsel: Addition und Subtraktion 1 \u2013 Educo","og_description":"Das Educo Mathematikr\u00e4tsel: Addition und Subtraktion 1 ist ein gro\u00dfes Puzzle, mit dem Kinder das Addieren und Subtrahieren bis 20 \u00fcben k\u00f6nnen.","og_url":"https:\/\/teiaeducation.ch\/de\/produkt\/mathematikraetsel-addition-und-subtraktion-1-educo\/","og_site_name":"Sustainable Educational Products &amp; Ecological Toys\u00a0","article_publisher":"https:\/\/www.facebook.com\/teiaeducation\/","article_modified_time":"2025-11-18T13:27:38+00:00","og_image":[{"width":2048,"height":1320,"url":"https:\/\/teiaeducation.ch\/wp-content\/uploads\/2020\/03\/Math-puzzle-addition-and-subtraction-1-Educo-scaled-scaled.jpg","type":"image\/jpeg"}],"schema":{"@context":"https:\/\/schema.org","@graph":[{"@type":"WebPage","@id":"https:\/\/teiaeducation.ch\/de\/produkt\/mathematikraetsel-addition-und-subtraktion-1-educo\/","url":"https:\/\/teiaeducation.ch\/de\/produkt\/mathematikraetsel-addition-und-subtraktion-1-educo\/","name":"Mathematikr\u00e4tsel: Addition und Subtraktion 2 \u2013 Educo","isPartOf":{"@id":"https:\/\/teiaeducation.ch\/de\/#website"},"primaryImageOfPage":{"@id":"https:\/\/teiaeducation.ch\/de\/produkt\/mathematikraetsel-addition-und-subtraktion-1-educo\/#primaryimage"},"image":{"@id":"https:\/\/teiaeducation.ch\/de\/produkt\/mathematikraetsel-addition-und-subtraktion-1-educo\/#primaryimage"},"thumbnailUrl":"https:\/\/teiaeducation.ch\/wp-content\/uploads\/2020\/03\/Math-puzzle-addition-and-subtraction-1-Educo-scaled-scaled.jpg","datePublished":"2020-03-29T12:00:08+00:00","dateModified":"2025-11-18T13:27:38+00:00","description":"Das Educo Mathematikr\u00e4tsel: Addition und Subtraktion 1 ist ein gro\u00dfes Puzzle, mit dem Kinder das Addieren und Subtrahieren bis 20 \u00fcben k\u00f6nnen.","breadcrumb":{"@id":"https:\/\/teiaeducation.ch\/de\/produkt\/mathematikraetsel-addition-und-subtraktion-1-educo\/#breadcrumb"},"inLanguage":"de-CH","potentialAction":[{"@type":"ReadAction","target":["https:\/\/teiaeducation.ch\/de\/produkt\/mathematikraetsel-addition-und-subtraktion-1-educo\/"]}]},{"@type":"ImageObject","inLanguage":"de-CH","@id":"https:\/\/teiaeducation.ch\/de\/produkt\/mathematikraetsel-addition-und-subtraktion-1-educo\/#primaryimage","url":"https:\/\/teiaeducation.ch\/wp-content\/uploads\/2020\/03\/Math-puzzle-addition-and-subtraction-1-Educo-scaled-scaled.jpg","contentUrl":"https:\/\/teiaeducation.ch\/wp-content\/uploads\/2020\/03\/Math-puzzle-addition-and-subtraction-1-Educo-scaled-scaled.jpg","width":2048,"height":1320,"caption":"Mathematikr\u00e4tsel: Addition und Subtraktion 1 \u2013 Educo"},{"@type":"BreadcrumbList","@id":"https:\/\/teiaeducation.ch\/de\/produkt\/mathematikraetsel-addition-und-subtraktion-1-educo\/#breadcrumb","itemListElement":[{"@type":"ListItem","position":1,"name":"Home","item":"https:\/\/teiaeducation.ch\/de\/"},{"@type":"ListItem","position":2,"name":"Laden","item":"https:\/\/teiaeducation.ch\/de\/shop\/"},{"@type":"ListItem","position":3,"name":"Mathematikr\u00e4tsel: Addition und Subtraktion 1 \u2013 Educo"}]},{"@type":"WebSite","@id":"https:\/\/teiaeducation.ch\/de\/#website","url":"https:\/\/teiaeducation.ch\/de\/","name":"Sustainable Educational Products &amp; Ecological Toys\u00a0","description":"Specialised Swiss shop selling sustainable educational toys and games, AMI certified Montessori materials, handmade ecological wooden Waldorf toys and arts &amp; crafts supplies, school supplies, children&#039;s furniture and Montessori reference and parenting books.","publisher":{"@id":"https:\/\/teiaeducation.ch\/de\/#organization"},"alternateName":"Teia Education & Play","potentialAction":[{"@type":"SearchAction","target":{"@type":"EntryPoint","urlTemplate":"https:\/\/teiaeducation.ch\/de\/?s={search_term_string}"},"query-input":{"@type":"PropertyValueSpecification","valueRequired":true,"valueName":"search_term_string"}}],"inLanguage":"de-CH"},{"@type":"Organization","@id":"https:\/\/teiaeducation.ch\/de\/#organization","name":"Teia Education & Play","url":"https:\/\/teiaeducation.ch\/de\/","logo":{"@type":"ImageObject","inLanguage":"de-CH","@id":"https:\/\/teiaeducation.ch\/de\/#\/schema\/logo\/image\/","url":"https:\/\/teiaeducation.ch\/wp-content\/uploads\/2020\/11\/Teia-Education-Switzerland-e1620156442216.jpg","contentUrl":"https:\/\/teiaeducation.ch\/wp-content\/uploads\/2020\/11\/Teia-Education-Switzerland-e1620156442216.jpg","width":166,"height":145,"caption":"Teia Education & Play"},"image":{"@id":"https:\/\/teiaeducation.ch\/de\/#\/schema\/logo\/image\/"},"sameAs":["https:\/\/www.facebook.com\/teiaeducation\/","https:\/\/x.com\/EducationTeia","https:\/\/www.instagram.com\/teia.education\/","https:\/\/www.linkedin.com\/company\/35501660","https:\/\/www.pinterest.ch\/TeiaEducation\/"]}]},"product_price_amount":"34.95","product_price_currency":"CHF","og_availability":"instock","product_availability":"instock","product_retailer_item_id":"00000000000000000000000000000000000000000000024368","product_condition":"new"},"_links":{"self":[{"href":"https:\/\/teiaeducation.ch\/de\/wp-json\/wp\/v2\/product\/71686","targetHints":{"allow":["GET"]}}],"collection":[{"href":"https:\/\/teiaeducation.ch\/de\/wp-json\/wp\/v2\/product"}],"about":[{"href":"https:\/\/teiaeducation.ch\/de\/wp-json\/wp\/v2\/types\/product"}],"replies":[{"embeddable":true,"href":"https:\/\/teiaeducation.ch\/de\/wp-json\/wp\/v2\/comments?post=71686"}],"wp:featuredmedia":[{"embeddable":true,"href":"https:\/\/teiaeducation.ch\/de\/wp-json\/wp\/v2\/media\/71687"}],"wp:attachment":[{"href":"https:\/\/teiaeducation.ch\/de\/wp-json\/wp\/v2\/media?parent=71686"}],"wp:term":[{"taxonomy":"product_brand","embeddable":true,"href":"https:\/\/teiaeducation.ch\/de\/wp-json\/wp\/v2\/product_brand?post=71686"},{"taxonomy":"product_cat","embeddable":true,"href":"https:\/\/teiaeducation.ch\/de\/wp-json\/wp\/v2\/product_cat?post=71686"},{"taxonomy":"product_tag","embeddable":true,"href":"https:\/\/teiaeducation.ch\/de\/wp-json\/wp\/v2\/product_tag?post=71686"}],"curies":[{"name":"wp","href":"https:\/\/api.w.org\/{rel}","templated":true}]}}