{"id":71820,"date":"2019-05-29T09:53:01","date_gmt":"2019-05-29T07:53:01","guid":{"rendered":"https:\/\/teiaeducation.ch\/product\/einkaufspuzzle-eisdiele-educo\/"},"modified":"2025-11-25T14:02:30","modified_gmt":"2025-11-25T13:02:30","slug":"einkaufspuzzle-eisdiele-educo","status":"publish","type":"product","link":"https:\/\/teiaeducation.ch\/de\/produkt\/einkaufspuzzle-eisdiele-educo\/","title":{"rendered":"Einkaufspuzzle: Eisdiele &#8211; Educo"},"content":{"rendered":"<p>Das Educo-Einkaufspuzzle mit dem Thema Eisdiele ist ein gro\u00dfes Puzzle, das vollst\u00e4ndig aus Holz gefertigt ist. Als Teil der vierteiligen Shopping-Serie \u2013 Supermarkt, Eisdiele, Spielzeugladen und B\u00e4ckerei \u2013 erm\u00f6glicht das Puzzle dem Kind, die Welt zu entdecken. <\/p>\n<p>Dieses gro\u00dfe und wundersch\u00f6n illustrierte Puzzle mit Eiscaf\u00e9-Motiv ist 40 x 40 Zentimeter gro\u00df und besteht aus 81 stabilen Holzpuzzleteilen, die in eine Einlegeplatte aus Buchenholz eingelassen sind. Die Arbeit mit diesem Puzzle regt zu Assoziations\u00fcbungen an, die sich auf Sehensw\u00fcrdigkeiten und Aktivit\u00e4ten im wirklichen Leben beziehen. Sie erm\u00f6glicht lebhafte Diskussionen, die \u00fcber das Klassenzimmer hinausgehen, und f\u00f6rdert das Bewusstsein und ein tieferes Verst\u00e4ndnis der Welt im Allgemeinen.<\/p>\n<p>Die Einkaufspuzzles f\u00f6rdern Kreativit\u00e4t, Vorstellungskraft sowie Sprach- und Lesef\u00e4higkeiten. Wie alle Puzzles aus dem Educo-Puzzlespielsortiment regt auch dieses hochwertige Puzzle spielerisch das kritische Denken und Probleml\u00f6sungstechniken an.<\/p>\n<p>Dieses Material ist f\u00fcr Kinder ab 4 Jahren geeignet.<\/p>\n<p>Inhalt:<\/p>\n<p>1 Holz-Einlegebrett (40 x 40 x 1 cm)81 Holzpuzzleteile aus 4 mm Birken-Sperrholz<\/p>\n<h2>\u00dcber Educo<\/h2>\n<p>Die Niederl\u00e4ndische Marke <a href=\"https:\/\/teiaeducation.ch\/de\/produkt-kategorie\/unsere-marken\/educo-de\/\">Educo<\/a> steht f\u00fcr eine bunte Welt des spielerischen <a href=\"https:\/\/teiaeducation.ch\/de\/produkt-kategorie\/lernthemen\/\">Lernens<\/a>, herausfordernde Lernspiele und Spielzeuge! Die qualitativ hochwertigen und langlebigen Educo-Produkte orientieren sich an allt\u00e4glichen Situationen und helfen Babys und Kindern, Spiele mit normalen Themen zu verbinden und den Lernprozess in eine Simulation ihrer nat\u00fcrlichen Umgebung zu verwandeln. <\/p>\n<p>Das Educo-Sortiment ist in drei Entwicklungsbereiche unterteilt: <a href=\"https:\/\/teiaeducation.ch\/de\/produkt-kategorie\/unsere-marken\/educo-de\/motorisches-spiel\/\">Motorik<\/a>, <a href=\"https:\/\/teiaeducation.ch\/de\/produkt-kategorie\/unsere-marken\/educo-de\/sprachspiel-educo\/\">Sprache<\/a> und <a href=\"https:\/\/teiaeducation.ch\/de\/produkt-kategorie\/unsere-marken\/educo-de\/mathematisches-spiel\/\">Mathematik<\/a>. Im Jahr 2023 wurde eine umfassende Reihe von <a href=\"https:\/\/teiaeducation.ch\/de\/produkt-kategorie\/unsere-marken\/educo-de\/montessori-spielzeug-0-3-jahre\/\">Montessori inspiriertem Spielzeug<\/a> f\u00fcr Kinder im Alter von 0-3 Jahren eingef\u00fchrt, um das Wachstum und die Entwicklung der kleinen Kinder bestm\u00f6glich zu f\u00f6rdern. <\/p>\n<p>Die aktiven, spielerischen Lernprodukte von Educo sind haupts\u00e4chlich aus Holz gefertigt und bestehen aus nachhaltigen Materialien wie Farben und Lacken auf Wasserbasis. Die <a href=\"https:\/\/teiaeducation.ch\/de\/produkt-kategorie\/kinder-spielzeug\/\">Spielzeuge<\/a> sind so konzipiert, dass sie \u00fcber viele Jahre hinweg robust verwendet werden k\u00f6nnen, spielerisches Lernen f\u00f6rdern und Kinder im Alter von 0-12 Jahren zu Wachstum und Erfolg inspirieren. Sie erf\u00fcllen die Anforderungen der verschiedenen europ\u00e4ischen und internationalen Sicherheitsvorschriften f\u00fcr Spielzeug und entsprechen der Richtlinie 2009\/48\/EG \u00fcber die Sicherheit von Spielzeug, einschlie\u00dflich EN81 und ASTM.<\/p>\n","protected":false},"excerpt":{"rendered":"<p>Artikelnummer: E522163<\/p>\n<p>Das Educo-Einkaufspuzzle mit dem Thema Eisdiele ist ein gro\u00dfes Puzzle, das vollst\u00e4ndig aus Holz gefertigt ist und es dem Kind erm\u00f6glicht, die Welt zu entdecken.<\/p>\n","protected":false},"featured_media":71821,"comment_status":"closed","ping_status":"closed","template":"","meta":[],"product_brand":[],"product_cat":[21445,21524,21479,21688,21599,21493,21484,21535,21707,21509,21559,21443,21615,22362,21557,23636,21678,21482,21564,21536],"product_tag":[27496,27393,27540,27392,32269,32271,23474,23473,24316,27472,27488],"class_list":{"0":"post-71820","1":"product","2":"type-product","3":"status-publish","4":"has-post-thumbnail","6":"product_cat-3-6-jahre-vorschule","7":"product_cat-alphabetisierung-sprache","8":"product_cat-lernmaterialien-spielzeug-montessori-waldorf-steiner-froebel","9":"product_cat-bunte-puzzlespiele","10":"product_cat-educo-de","11":"product_cat-geschenk-guide-holzpuzzles","12":"product_cat-geschenk-guides","13":"product_cat-geschichtenerzaehlen","14":"product_cat-holzpuzzles","15":"product_cat-lernthemen","16":"product_cat-motorische-fertigkeiten","17":"product_cat-nach-alter","18":"product_cat-puzzle-spiel","19":"product_cat-saisonale-kollektionen","20":"product_cat-sensorische-motorische-fertigkeiten","21":"product_cat-sommer-kollektion","22":"product_cat-kinder-spielzeug","23":"product_cat-traditionelle-bildung","24":"product_cat-unsere-marken","25":"product_cat-wortschatz","26":"product_tag-educo-holz-puzzle","27":"product_tag-educo-holzpuzzle","28":"product_tag-educo-puzzlespiel","29":"product_tag-educo-schweiz","30":"product_tag-einkaufspuzzle-aus-holz","31":"product_tag-eisdielenpuzzle-aus-holz","32":"product_tag-heutink-international-schweiz","33":"product_tag-lehrmittel-schweiz","34":"product_tag-lernspielzeug-schweiz","35":"product_tag-puzzle-spielen","36":"product_tag-spielen-und-ratsel-losen","38":"first","39":"instock","40":"taxable","41":"shipping-taxable","42":"purchasable","43":"product-type-simple"},"yoast_head":"<!-- This site is optimized with the Yoast SEO plugin v27.1.1 - https:\/\/yoast.com\/product\/yoast-seo-wordpress\/ -->\n<title>Einkaufspuzzle: Eisdiele - Educo<\/title>\n<meta name=\"description\" content=\"Das Educo-Einkaufspuzzle mit dem Thema Eisdiele ist ein gro\u00dfes Puzzle, das vollst\u00e4ndig aus Holz gefertigt ist und es dem Kind erm\u00f6glicht, die Welt zu entdecken.\" \/>\n<meta name=\"robots\" content=\"index, follow, max-snippet:-1, max-image-preview:large, max-video-preview:-1\" \/>\n<link rel=\"canonical\" href=\"https:\/\/teiaeducation.ch\/de\/produkt\/einkaufspuzzle-eisdiele-educo\/\" \/>\n<meta property=\"og:locale\" content=\"de_DE\" \/>\n<meta property=\"og:type\" content=\"article\" \/>\n<meta property=\"og:title\" content=\"Einkaufspuzzle: Eisdiele - Educo\" \/>\n<meta property=\"og:description\" content=\"Das Educo-Einkaufspuzzle mit dem Thema Eisdiele ist ein gro\u00dfes Puzzle, das vollst\u00e4ndig aus Holz gefertigt ist und es dem Kind erm\u00f6glicht, die Welt zu entdecken.\" \/>\n<meta property=\"og:url\" content=\"https:\/\/teiaeducation.ch\/de\/produkt\/einkaufspuzzle-eisdiele-educo\/\" \/>\n<meta property=\"og:site_name\" content=\"Sustainable Educational Products &amp; Ecological Toys\u00a0\" \/>\n<meta property=\"article:publisher\" content=\"https:\/\/www.facebook.com\/teiaeducation\/\" \/>\n<meta property=\"article:modified_time\" content=\"2025-11-25T13:02:30+00:00\" \/>\n<meta property=\"og:image\" content=\"https:\/\/teiaeducation.ch\/wp-content\/uploads\/2019\/05\/Shopping-puzzle-ice-cream-parlour-Educo.jpg\" \/>\n\t<meta property=\"og:image:width\" content=\"900\" \/>\n\t<meta property=\"og:image:height\" content=\"900\" \/>\n\t<meta property=\"og:image:type\" content=\"image\/jpeg\" \/>\n<script type=\"application\/ld+json\" class=\"yoast-schema-graph\">{\"@context\":\"https:\/\/schema.org\",\"@graph\":[{\"@type\":\"WebPage\",\"@id\":\"https:\/\/teiaeducation.ch\/de\/produkt\/einkaufspuzzle-eisdiele-educo\/\",\"url\":\"https:\/\/teiaeducation.ch\/de\/produkt\/einkaufspuzzle-eisdiele-educo\/\",\"name\":\"Einkaufspuzzle: Eisdiele - Educo\",\"isPartOf\":{\"@id\":\"https:\/\/teiaeducation.ch\/de\/#website\"},\"primaryImageOfPage\":{\"@id\":\"https:\/\/teiaeducation.ch\/de\/produkt\/einkaufspuzzle-eisdiele-educo\/#primaryimage\"},\"image\":{\"@id\":\"https:\/\/teiaeducation.ch\/de\/produkt\/einkaufspuzzle-eisdiele-educo\/#primaryimage\"},\"thumbnailUrl\":\"https:\/\/teiaeducation.ch\/wp-content\/uploads\/2019\/05\/Shopping-puzzle-ice-cream-parlour-Educo.jpg\",\"datePublished\":\"2019-05-29T07:53:01+00:00\",\"dateModified\":\"2025-11-25T13:02:30+00:00\",\"description\":\"Das Educo-Einkaufspuzzle mit dem Thema Eisdiele ist ein gro\u00dfes Puzzle, das vollst\u00e4ndig aus Holz gefertigt ist und es dem Kind erm\u00f6glicht, die Welt zu entdecken.\",\"breadcrumb\":{\"@id\":\"https:\/\/teiaeducation.ch\/de\/produkt\/einkaufspuzzle-eisdiele-educo\/#breadcrumb\"},\"inLanguage\":\"de-CH\",\"potentialAction\":[{\"@type\":\"ReadAction\",\"target\":[\"https:\/\/teiaeducation.ch\/de\/produkt\/einkaufspuzzle-eisdiele-educo\/\"]}]},{\"@type\":\"ImageObject\",\"inLanguage\":\"de-CH\",\"@id\":\"https:\/\/teiaeducation.ch\/de\/produkt\/einkaufspuzzle-eisdiele-educo\/#primaryimage\",\"url\":\"https:\/\/teiaeducation.ch\/wp-content\/uploads\/2019\/05\/Shopping-puzzle-ice-cream-parlour-Educo.jpg\",\"contentUrl\":\"https:\/\/teiaeducation.ch\/wp-content\/uploads\/2019\/05\/Shopping-puzzle-ice-cream-parlour-Educo.jpg\",\"width\":900,\"height\":900,\"caption\":\"Einkaufspuzzle: Eisdiele - Educo\"},{\"@type\":\"BreadcrumbList\",\"@id\":\"https:\/\/teiaeducation.ch\/de\/produkt\/einkaufspuzzle-eisdiele-educo\/#breadcrumb\",\"itemListElement\":[{\"@type\":\"ListItem\",\"position\":1,\"name\":\"Home\",\"item\":\"https:\/\/teiaeducation.ch\/de\/\"},{\"@type\":\"ListItem\",\"position\":2,\"name\":\"Laden\",\"item\":\"https:\/\/teiaeducation.ch\/de\/shop\/\"},{\"@type\":\"ListItem\",\"position\":3,\"name\":\"Einkaufspuzzle: Eisdiele &#8211; Educo\"}]},{\"@type\":\"WebSite\",\"@id\":\"https:\/\/teiaeducation.ch\/de\/#website\",\"url\":\"https:\/\/teiaeducation.ch\/de\/\",\"name\":\"Sustainable Educational Products &amp; Ecological Toys\u00a0\",\"description\":\"Specialised Swiss shop selling sustainable educational toys and games, AMI certified Montessori materials, handmade ecological wooden Waldorf toys and arts &amp; crafts supplies, school supplies, children&#039;s furniture and Montessori reference and parenting books.\",\"publisher\":{\"@id\":\"https:\/\/teiaeducation.ch\/de\/#organization\"},\"alternateName\":\"Teia Education & Play\",\"potentialAction\":[{\"@type\":\"SearchAction\",\"target\":{\"@type\":\"EntryPoint\",\"urlTemplate\":\"https:\/\/teiaeducation.ch\/de\/?s={search_term_string}\"},\"query-input\":{\"@type\":\"PropertyValueSpecification\",\"valueRequired\":true,\"valueName\":\"search_term_string\"}}],\"inLanguage\":\"de-CH\"},{\"@type\":\"Organization\",\"@id\":\"https:\/\/teiaeducation.ch\/de\/#organization\",\"name\":\"Teia Education & Play\",\"url\":\"https:\/\/teiaeducation.ch\/de\/\",\"logo\":{\"@type\":\"ImageObject\",\"inLanguage\":\"de-CH\",\"@id\":\"https:\/\/teiaeducation.ch\/de\/#\/schema\/logo\/image\/\",\"url\":\"https:\/\/teiaeducation.ch\/wp-content\/uploads\/2020\/11\/Teia-Education-Switzerland-e1620156442216.jpg\",\"contentUrl\":\"https:\/\/teiaeducation.ch\/wp-content\/uploads\/2020\/11\/Teia-Education-Switzerland-e1620156442216.jpg\",\"width\":166,\"height\":145,\"caption\":\"Teia Education & Play\"},\"image\":{\"@id\":\"https:\/\/teiaeducation.ch\/de\/#\/schema\/logo\/image\/\"},\"sameAs\":[\"https:\/\/www.facebook.com\/teiaeducation\/\",\"https:\/\/x.com\/EducationTeia\",\"https:\/\/www.instagram.com\/teia.education\/\",\"https:\/\/www.linkedin.com\/company\/35501660\",\"https:\/\/www.pinterest.ch\/TeiaEducation\/\"]}]}<\/script>\n<!-- \/ Yoast SEO plugin. -->","yoast_head_json":{"title":"Einkaufspuzzle: Eisdiele - Educo","description":"Das Educo-Einkaufspuzzle mit dem Thema Eisdiele ist ein gro\u00dfes Puzzle, das vollst\u00e4ndig aus Holz gefertigt ist und es dem Kind erm\u00f6glicht, die Welt zu entdecken.","robots":{"index":"index","follow":"follow","max-snippet":"max-snippet:-1","max-image-preview":"max-image-preview:large","max-video-preview":"max-video-preview:-1"},"canonical":"https:\/\/teiaeducation.ch\/de\/produkt\/einkaufspuzzle-eisdiele-educo\/","og_locale":"de_DE","og_type":"article","og_title":"Einkaufspuzzle: Eisdiele - Educo","og_description":"Das Educo-Einkaufspuzzle mit dem Thema Eisdiele ist ein gro\u00dfes Puzzle, das vollst\u00e4ndig aus Holz gefertigt ist und es dem Kind erm\u00f6glicht, die Welt zu entdecken.","og_url":"https:\/\/teiaeducation.ch\/de\/produkt\/einkaufspuzzle-eisdiele-educo\/","og_site_name":"Sustainable Educational Products &amp; Ecological Toys\u00a0","article_publisher":"https:\/\/www.facebook.com\/teiaeducation\/","article_modified_time":"2025-11-25T13:02:30+00:00","og_image":[{"width":900,"height":900,"url":"https:\/\/teiaeducation.ch\/wp-content\/uploads\/2019\/05\/Shopping-puzzle-ice-cream-parlour-Educo.jpg","type":"image\/jpeg"}],"schema":{"@context":"https:\/\/schema.org","@graph":[{"@type":"WebPage","@id":"https:\/\/teiaeducation.ch\/de\/produkt\/einkaufspuzzle-eisdiele-educo\/","url":"https:\/\/teiaeducation.ch\/de\/produkt\/einkaufspuzzle-eisdiele-educo\/","name":"Einkaufspuzzle: Eisdiele - Educo","isPartOf":{"@id":"https:\/\/teiaeducation.ch\/de\/#website"},"primaryImageOfPage":{"@id":"https:\/\/teiaeducation.ch\/de\/produkt\/einkaufspuzzle-eisdiele-educo\/#primaryimage"},"image":{"@id":"https:\/\/teiaeducation.ch\/de\/produkt\/einkaufspuzzle-eisdiele-educo\/#primaryimage"},"thumbnailUrl":"https:\/\/teiaeducation.ch\/wp-content\/uploads\/2019\/05\/Shopping-puzzle-ice-cream-parlour-Educo.jpg","datePublished":"2019-05-29T07:53:01+00:00","dateModified":"2025-11-25T13:02:30+00:00","description":"Das Educo-Einkaufspuzzle mit dem Thema Eisdiele ist ein gro\u00dfes Puzzle, das vollst\u00e4ndig aus Holz gefertigt ist und es dem Kind erm\u00f6glicht, die Welt zu entdecken.","breadcrumb":{"@id":"https:\/\/teiaeducation.ch\/de\/produkt\/einkaufspuzzle-eisdiele-educo\/#breadcrumb"},"inLanguage":"de-CH","potentialAction":[{"@type":"ReadAction","target":["https:\/\/teiaeducation.ch\/de\/produkt\/einkaufspuzzle-eisdiele-educo\/"]}]},{"@type":"ImageObject","inLanguage":"de-CH","@id":"https:\/\/teiaeducation.ch\/de\/produkt\/einkaufspuzzle-eisdiele-educo\/#primaryimage","url":"https:\/\/teiaeducation.ch\/wp-content\/uploads\/2019\/05\/Shopping-puzzle-ice-cream-parlour-Educo.jpg","contentUrl":"https:\/\/teiaeducation.ch\/wp-content\/uploads\/2019\/05\/Shopping-puzzle-ice-cream-parlour-Educo.jpg","width":900,"height":900,"caption":"Einkaufspuzzle: Eisdiele - Educo"},{"@type":"BreadcrumbList","@id":"https:\/\/teiaeducation.ch\/de\/produkt\/einkaufspuzzle-eisdiele-educo\/#breadcrumb","itemListElement":[{"@type":"ListItem","position":1,"name":"Home","item":"https:\/\/teiaeducation.ch\/de\/"},{"@type":"ListItem","position":2,"name":"Laden","item":"https:\/\/teiaeducation.ch\/de\/shop\/"},{"@type":"ListItem","position":3,"name":"Einkaufspuzzle: Eisdiele &#8211; Educo"}]},{"@type":"WebSite","@id":"https:\/\/teiaeducation.ch\/de\/#website","url":"https:\/\/teiaeducation.ch\/de\/","name":"Sustainable Educational Products &amp; Ecological Toys\u00a0","description":"Specialised Swiss shop selling sustainable educational toys and games, AMI certified Montessori materials, handmade ecological wooden Waldorf toys and arts &amp; crafts supplies, school supplies, children&#039;s furniture and Montessori reference and parenting books.","publisher":{"@id":"https:\/\/teiaeducation.ch\/de\/#organization"},"alternateName":"Teia Education & Play","potentialAction":[{"@type":"SearchAction","target":{"@type":"EntryPoint","urlTemplate":"https:\/\/teiaeducation.ch\/de\/?s={search_term_string}"},"query-input":{"@type":"PropertyValueSpecification","valueRequired":true,"valueName":"search_term_string"}}],"inLanguage":"de-CH"},{"@type":"Organization","@id":"https:\/\/teiaeducation.ch\/de\/#organization","name":"Teia Education & Play","url":"https:\/\/teiaeducation.ch\/de\/","logo":{"@type":"ImageObject","inLanguage":"de-CH","@id":"https:\/\/teiaeducation.ch\/de\/#\/schema\/logo\/image\/","url":"https:\/\/teiaeducation.ch\/wp-content\/uploads\/2020\/11\/Teia-Education-Switzerland-e1620156442216.jpg","contentUrl":"https:\/\/teiaeducation.ch\/wp-content\/uploads\/2020\/11\/Teia-Education-Switzerland-e1620156442216.jpg","width":166,"height":145,"caption":"Teia Education & Play"},"image":{"@id":"https:\/\/teiaeducation.ch\/de\/#\/schema\/logo\/image\/"},"sameAs":["https:\/\/www.facebook.com\/teiaeducation\/","https:\/\/x.com\/EducationTeia","https:\/\/www.instagram.com\/teia.education\/","https:\/\/www.linkedin.com\/company\/35501660","https:\/\/www.pinterest.ch\/TeiaEducation\/"]}]}},"_links":{"self":[{"href":"https:\/\/teiaeducation.ch\/de\/wp-json\/wp\/v2\/product\/71820","targetHints":{"allow":["GET"]}}],"collection":[{"href":"https:\/\/teiaeducation.ch\/de\/wp-json\/wp\/v2\/product"}],"about":[{"href":"https:\/\/teiaeducation.ch\/de\/wp-json\/wp\/v2\/types\/product"}],"replies":[{"embeddable":true,"href":"https:\/\/teiaeducation.ch\/de\/wp-json\/wp\/v2\/comments?post=71820"}],"wp:featuredmedia":[{"embeddable":true,"href":"https:\/\/teiaeducation.ch\/de\/wp-json\/wp\/v2\/media\/71821"}],"wp:attachment":[{"href":"https:\/\/teiaeducation.ch\/de\/wp-json\/wp\/v2\/media?parent=71820"}],"wp:term":[{"taxonomy":"product_brand","embeddable":true,"href":"https:\/\/teiaeducation.ch\/de\/wp-json\/wp\/v2\/product_brand?post=71820"},{"taxonomy":"product_cat","embeddable":true,"href":"https:\/\/teiaeducation.ch\/de\/wp-json\/wp\/v2\/product_cat?post=71820"},{"taxonomy":"product_tag","embeddable":true,"href":"https:\/\/teiaeducation.ch\/de\/wp-json\/wp\/v2\/product_tag?post=71820"}],"curies":[{"name":"wp","href":"https:\/\/api.w.org\/{rel}","templated":true}]}}