{"id":71822,"date":"2019-04-10T09:21:38","date_gmt":"2019-04-10T07:21:38","guid":{"rendered":"https:\/\/teiaeducation.ch\/product\/ueberraschungspuzzle-bauernhof-educo\/"},"modified":"2025-11-25T14:09:36","modified_gmt":"2025-11-25T13:09:36","slug":"ueberraschungspuzzle-bauernhof-educo","status":"publish","type":"product","link":"https:\/\/teiaeducation.ch\/de\/produkt\/ueberraschungspuzzle-bauernhof-educo\/","title":{"rendered":"\u00dcberraschungspuzzle: Bauernhof &#8211; Educo"},"content":{"rendered":"<p>Das Educo \u00dcberraschungspuzzle: <a href=\"https:\/\/teiaeducation.ch\/de\/produkt-kategorie\/kinder-spielzeug\/tiere-bauernhoefe\/\">Bauernhof<\/a> besteht vollst\u00e4ndig aus Holz und umfasst 25 Teile. Dieses anspruchsvolle Puzzle zeigt, was sich au\u00dferhalb des Bauernhofs abspielt. <\/p>\n<p>Das \u00dcberraschungspuzzle f\u00f6rdert Kreativit\u00e4t, Vorstellungskraft sowie <a href=\"https:\/\/teiaeducation.ch\/de\/produkt-kategorie\/lernthemen\/alphabetisierung-sprache\/\">Sprach<\/a>&#8211; und Lesef\u00e4higkeiten. Wie alle Puzzles aus dem Educo-Puzzlespielsortiment regt auch dieses hochwertige Puzzle spielerisch das kritische Denken und Probleml\u00f6sungstechniken an.<\/p>\n<p>Dieses Puzzle ist f\u00fcr Kinder ab 4 Jahren geeignet.<\/p>\n<p>Inhalt:<\/p>\n<p>25 Holzpuzzleteile aus 4 mm Birkenholz-Sperrholz<br \/>\n1 Aufbewahrungsbox aus Holz (15 x 40 x 7 cm)<\/p>\n<h2>\u00dcber Educo<\/h2>\n<p>Die Niederl\u00e4ndische Marke <a href=\"https:\/\/teiaeducation.ch\/de\/produkt-kategorie\/unsere-marken\/educo-de\/\">Educo<\/a> steht f\u00fcr eine bunte Welt des spielerischen <a href=\"https:\/\/teiaeducation.ch\/de\/produkt-kategorie\/lernthemen\/\">Lernens<\/a>, herausfordernde Lernspiele und Spielzeuge! Die qualitativ hochwertigen und langlebigen Educo-Produkte orientieren sich an allt\u00e4glichen Situationen und helfen Babys und Kindern, Spiele mit normalen Themen zu verbinden und den Lernprozess in eine Simulation ihrer nat\u00fcrlichen Umgebung zu verwandeln. <\/p>\n<p>Das Educo-Sortiment ist in drei Entwicklungsbereiche unterteilt: <a href=\"https:\/\/teiaeducation.ch\/de\/produkt-kategorie\/unsere-marken\/educo-de\/motorisches-spiel\/\">Motorik<\/a>, <a href=\"https:\/\/teiaeducation.ch\/de\/produkt-kategorie\/unsere-marken\/educo-de\/sprachspiel-educo\/\">Sprache<\/a> und <a href=\"https:\/\/teiaeducation.ch\/de\/produkt-kategorie\/unsere-marken\/educo-de\/mathematisches-spiel\/\">Mathematik<\/a>. Im Jahr 2023 wurde eine umfassende Reihe von <a href=\"https:\/\/teiaeducation.ch\/de\/produkt-kategorie\/unsere-marken\/educo-de\/montessori-spielzeug-0-3-jahre\/\">Montessori inspiriertem Spielzeug<\/a> f\u00fcr Kinder im Alter von 0-3 Jahren eingef\u00fchrt, um das Wachstum und die Entwicklung der kleinen Kinder bestm\u00f6glich zu f\u00f6rdern. <\/p>\n<p>Die aktiven, spielerischen Lernprodukte von Educo sind haupts\u00e4chlich aus Holz gefertigt und bestehen aus nachhaltigen Materialien wie Farben und Lacken auf Wasserbasis. Die <a href=\"https:\/\/teiaeducation.ch\/de\/produkt-kategorie\/kinder-spielzeug\/\">Spielzeuge<\/a> sind so konzipiert, dass sie \u00fcber viele Jahre hinweg robust verwendet werden k\u00f6nnen, spielerisches Lernen f\u00f6rdern und Kinder im Alter von 0-12 Jahren zu Wachstum und Erfolg inspirieren. Sie erf\u00fcllen die Anforderungen der verschiedenen europ\u00e4ischen und internationalen Sicherheitsvorschriften f\u00fcr Spielzeug und entsprechen der Richtlinie 2009\/48\/EG \u00fcber die Sicherheit von Spielzeug, einschlie\u00dflich EN81 und ASTM.<\/p>\n","protected":false},"excerpt":{"rendered":"<p>Artikelnummer: E532234<\/p>\n<p>Das Educo \u00dcberraschungspuzzle: Bauernhof ist vollst\u00e4ndig aus Holz gefertigt und f\u00f6rdert Kreativit\u00e4t, Fantasie sowie Sprach- und Lesef\u00e4higkeiten.<\/p>\n","protected":false},"featured_media":71823,"comment_status":"closed","ping_status":"closed","template":"","meta":[],"product_brand":[],"product_cat":[21445,21524,21671,21479,21688,21599,21535,21707,21509,21559,21443,21615,22362,21494,21495,21557,23636,21678,21482,21564,21536],"product_tag":[],"class_list":{"0":"post-71822","1":"product","2":"type-product","3":"status-publish","4":"has-post-thumbnail","6":"product_cat-3-6-jahre-vorschule","7":"product_cat-alphabetisierung-sprache","8":"product_cat-angebot","9":"product_cat-lernmaterialien-spielzeug-montessori-waldorf-steiner-froebel","10":"product_cat-bunte-puzzlespiele","11":"product_cat-educo-de","12":"product_cat-geschichtenerzaehlen","13":"product_cat-holzpuzzles","14":"product_cat-lernthemen","15":"product_cat-motorische-fertigkeiten","16":"product_cat-nach-alter","17":"product_cat-puzzle-spiel","18":"product_cat-saisonale-kollektionen","19":"product_cat-schulbedarf-fuer-zuhause","20":"product_cat-schulbedarf-fuer-zuhause-3-6-jahre","21":"product_cat-sensorische-motorische-fertigkeiten","22":"product_cat-sommer-kollektion","23":"product_cat-kinder-spielzeug","24":"product_cat-traditionelle-bildung","25":"product_cat-unsere-marken","26":"product_cat-wortschatz","28":"first","29":"instock","30":"sale","31":"taxable","32":"shipping-taxable","33":"purchasable","34":"product-type-simple"},"yoast_head":"<!-- This site is optimized with the Yoast SEO Premium plugin v25.8 (Yoast SEO v27.4) - https:\/\/yoast.com\/product\/yoast-seo-premium-wordpress\/ -->\n<title>\u00dcberraschungspuzzle: Bauernhof - Educo - Teia Education &amp; Play<\/title>\n<meta name=\"description\" content=\"Das Educo \u00dcberraschungspuzzle: Bauernhof ist vollst\u00e4ndig aus Holz gefertigt und f\u00f6rdert Kreativit\u00e4t, Fantasie sowie Sprach- und Lesef\u00e4higkeiten.\" \/>\n<meta name=\"robots\" content=\"index, follow, max-snippet:-1, max-image-preview:large, max-video-preview:-1\" \/>\n<link rel=\"canonical\" href=\"https:\/\/teiaeducation.ch\/de\/produkt\/ueberraschungspuzzle-bauernhof-educo\/\" \/>\n<meta property=\"og:locale\" content=\"de_DE\" \/>\n<meta property=\"og:type\" content=\"article\" \/>\n<meta property=\"og:title\" content=\"\u00dcberraschungspuzzle: Bauernhof - Educo\" \/>\n<meta property=\"og:description\" content=\"Das Educo \u00dcberraschungspuzzle: Bauernhof ist vollst\u00e4ndig aus Holz gefertigt und f\u00f6rdert Kreativit\u00e4t, Fantasie sowie Sprach- und Lesef\u00e4higkeiten.\" \/>\n<meta property=\"og:url\" content=\"https:\/\/teiaeducation.ch\/de\/produkt\/ueberraschungspuzzle-bauernhof-educo\/\" \/>\n<meta property=\"og:site_name\" content=\"Sustainable Educational Products &amp; Ecological Toys\u00a0\" \/>\n<meta property=\"article:publisher\" content=\"https:\/\/www.facebook.com\/teiaeducation\/\" \/>\n<meta property=\"article:modified_time\" content=\"2025-11-25T13:09:36+00:00\" \/>\n<meta property=\"og:image\" content=\"https:\/\/teiaeducation.ch\/wp-content\/uploads\/2019\/04\/surprise-puzzle-farm.jpg\" \/>\n\t<meta property=\"og:image:width\" content=\"800\" \/>\n\t<meta property=\"og:image:height\" content=\"800\" \/>\n\t<meta property=\"og:image:type\" content=\"image\/jpeg\" \/>\n<script type=\"application\/ld+json\" class=\"yoast-schema-graph\">{\"@context\":\"https:\\\/\\\/schema.org\",\"@graph\":[{\"@type\":\"WebPage\",\"@id\":\"https:\\\/\\\/teiaeducation.ch\\\/de\\\/produkt\\\/ueberraschungspuzzle-bauernhof-educo\\\/\",\"url\":\"https:\\\/\\\/teiaeducation.ch\\\/de\\\/produkt\\\/ueberraschungspuzzle-bauernhof-educo\\\/\",\"name\":\"\u00dcberraschungspuzzle: Bauernhof - Educo - Teia Education & Play\",\"isPartOf\":{\"@id\":\"https:\\\/\\\/teiaeducation.ch\\\/de\\\/#website\"},\"primaryImageOfPage\":{\"@id\":\"https:\\\/\\\/teiaeducation.ch\\\/de\\\/produkt\\\/ueberraschungspuzzle-bauernhof-educo\\\/#primaryimage\"},\"image\":{\"@id\":\"https:\\\/\\\/teiaeducation.ch\\\/de\\\/produkt\\\/ueberraschungspuzzle-bauernhof-educo\\\/#primaryimage\"},\"thumbnailUrl\":\"https:\\\/\\\/teiaeducation.ch\\\/wp-content\\\/uploads\\\/2019\\\/04\\\/surprise-puzzle-farm.jpg\",\"datePublished\":\"2019-04-10T07:21:38+00:00\",\"dateModified\":\"2025-11-25T13:09:36+00:00\",\"description\":\"Das Educo \u00dcberraschungspuzzle: Bauernhof ist vollst\u00e4ndig aus Holz gefertigt und f\u00f6rdert Kreativit\u00e4t, Fantasie sowie Sprach- und Lesef\u00e4higkeiten.\",\"breadcrumb\":{\"@id\":\"https:\\\/\\\/teiaeducation.ch\\\/de\\\/produkt\\\/ueberraschungspuzzle-bauernhof-educo\\\/#breadcrumb\"},\"inLanguage\":\"de-CH\",\"potentialAction\":[{\"@type\":\"ReadAction\",\"target\":[\"https:\\\/\\\/teiaeducation.ch\\\/de\\\/produkt\\\/ueberraschungspuzzle-bauernhof-educo\\\/\"]}]},{\"@type\":\"ImageObject\",\"inLanguage\":\"de-CH\",\"@id\":\"https:\\\/\\\/teiaeducation.ch\\\/de\\\/produkt\\\/ueberraschungspuzzle-bauernhof-educo\\\/#primaryimage\",\"url\":\"https:\\\/\\\/teiaeducation.ch\\\/wp-content\\\/uploads\\\/2019\\\/04\\\/surprise-puzzle-farm.jpg\",\"contentUrl\":\"https:\\\/\\\/teiaeducation.ch\\\/wp-content\\\/uploads\\\/2019\\\/04\\\/surprise-puzzle-farm.jpg\",\"width\":800,\"height\":800,\"caption\":\"\u00dcberraschungspuzzle: Bauernhof - Educo\"},{\"@type\":\"BreadcrumbList\",\"@id\":\"https:\\\/\\\/teiaeducation.ch\\\/de\\\/produkt\\\/ueberraschungspuzzle-bauernhof-educo\\\/#breadcrumb\",\"itemListElement\":[{\"@type\":\"ListItem\",\"position\":1,\"name\":\"Home\",\"item\":\"https:\\\/\\\/teiaeducation.ch\\\/de\\\/\"},{\"@type\":\"ListItem\",\"position\":2,\"name\":\"Laden\",\"item\":\"https:\\\/\\\/teiaeducation.ch\\\/de\\\/shop\\\/\"},{\"@type\":\"ListItem\",\"position\":3,\"name\":\"\u00dcberraschungspuzzle: Bauernhof &#8211; Educo\"}]},{\"@type\":\"WebSite\",\"@id\":\"https:\\\/\\\/teiaeducation.ch\\\/de\\\/#website\",\"url\":\"https:\\\/\\\/teiaeducation.ch\\\/de\\\/\",\"name\":\"Sustainable Educational Products &amp; Ecological Toys\u00a0\",\"description\":\"Specialised Swiss shop selling sustainable educational toys and games, AMI certified Montessori materials, handmade ecological wooden Waldorf toys and arts &amp; crafts supplies, school supplies, children&#039;s furniture and Montessori reference and parenting books.\",\"publisher\":{\"@id\":\"https:\\\/\\\/teiaeducation.ch\\\/de\\\/#organization\"},\"alternateName\":\"Teia Education & Play\",\"potentialAction\":[{\"@type\":\"SearchAction\",\"target\":{\"@type\":\"EntryPoint\",\"urlTemplate\":\"https:\\\/\\\/teiaeducation.ch\\\/de\\\/?s={search_term_string}\"},\"query-input\":{\"@type\":\"PropertyValueSpecification\",\"valueRequired\":true,\"valueName\":\"search_term_string\"}}],\"inLanguage\":\"de-CH\"},{\"@type\":\"Organization\",\"@id\":\"https:\\\/\\\/teiaeducation.ch\\\/de\\\/#organization\",\"name\":\"Teia Education & Play\",\"url\":\"https:\\\/\\\/teiaeducation.ch\\\/de\\\/\",\"logo\":{\"@type\":\"ImageObject\",\"inLanguage\":\"de-CH\",\"@id\":\"https:\\\/\\\/teiaeducation.ch\\\/de\\\/#\\\/schema\\\/logo\\\/image\\\/\",\"url\":\"https:\\\/\\\/teiaeducation.ch\\\/wp-content\\\/uploads\\\/2020\\\/11\\\/Teia-Education-Switzerland-e1620156442216.jpg\",\"contentUrl\":\"https:\\\/\\\/teiaeducation.ch\\\/wp-content\\\/uploads\\\/2020\\\/11\\\/Teia-Education-Switzerland-e1620156442216.jpg\",\"width\":166,\"height\":145,\"caption\":\"Teia Education & Play\"},\"image\":{\"@id\":\"https:\\\/\\\/teiaeducation.ch\\\/de\\\/#\\\/schema\\\/logo\\\/image\\\/\"},\"sameAs\":[\"https:\\\/\\\/www.facebook.com\\\/teiaeducation\\\/\",\"https:\\\/\\\/x.com\\\/EducationTeia\",\"https:\\\/\\\/www.instagram.com\\\/teia.education\\\/\",\"https:\\\/\\\/www.linkedin.com\\\/company\\\/35501660\",\"https:\\\/\\\/www.pinterest.ch\\\/TeiaEducation\\\/\"]}]}<\/script>\n<meta property=\"product:price:amount\" content=\"25.00\" \/>\n<meta property=\"product:price:currency\" content=\"CHF\" \/>\n<meta property=\"og:availability\" content=\"instock\" \/>\n<meta property=\"product:availability\" content=\"instock\" \/>\n<meta property=\"product:retailer_item_id\" content=\"00000000000000000000000000000000000000000000004832\" \/>\n<meta property=\"product:condition\" content=\"new\" \/>\n<!-- \/ Yoast SEO Premium plugin. -->","yoast_head_json":{"title":"\u00dcberraschungspuzzle: Bauernhof - Educo - Teia Education & Play","description":"Das Educo \u00dcberraschungspuzzle: Bauernhof ist vollst\u00e4ndig aus Holz gefertigt und f\u00f6rdert Kreativit\u00e4t, Fantasie sowie Sprach- und Lesef\u00e4higkeiten.","robots":{"index":"index","follow":"follow","max-snippet":"max-snippet:-1","max-image-preview":"max-image-preview:large","max-video-preview":"max-video-preview:-1"},"canonical":"https:\/\/teiaeducation.ch\/de\/produkt\/ueberraschungspuzzle-bauernhof-educo\/","og_locale":"de_DE","og_type":"article","og_title":"\u00dcberraschungspuzzle: Bauernhof - Educo","og_description":"Das Educo \u00dcberraschungspuzzle: Bauernhof ist vollst\u00e4ndig aus Holz gefertigt und f\u00f6rdert Kreativit\u00e4t, Fantasie sowie Sprach- und Lesef\u00e4higkeiten.","og_url":"https:\/\/teiaeducation.ch\/de\/produkt\/ueberraschungspuzzle-bauernhof-educo\/","og_site_name":"Sustainable Educational Products &amp; Ecological Toys\u00a0","article_publisher":"https:\/\/www.facebook.com\/teiaeducation\/","article_modified_time":"2025-11-25T13:09:36+00:00","og_image":[{"width":800,"height":800,"url":"https:\/\/teiaeducation.ch\/wp-content\/uploads\/2019\/04\/surprise-puzzle-farm.jpg","type":"image\/jpeg"}],"schema":{"@context":"https:\/\/schema.org","@graph":[{"@type":"WebPage","@id":"https:\/\/teiaeducation.ch\/de\/produkt\/ueberraschungspuzzle-bauernhof-educo\/","url":"https:\/\/teiaeducation.ch\/de\/produkt\/ueberraschungspuzzle-bauernhof-educo\/","name":"\u00dcberraschungspuzzle: Bauernhof - Educo - Teia Education & Play","isPartOf":{"@id":"https:\/\/teiaeducation.ch\/de\/#website"},"primaryImageOfPage":{"@id":"https:\/\/teiaeducation.ch\/de\/produkt\/ueberraschungspuzzle-bauernhof-educo\/#primaryimage"},"image":{"@id":"https:\/\/teiaeducation.ch\/de\/produkt\/ueberraschungspuzzle-bauernhof-educo\/#primaryimage"},"thumbnailUrl":"https:\/\/teiaeducation.ch\/wp-content\/uploads\/2019\/04\/surprise-puzzle-farm.jpg","datePublished":"2019-04-10T07:21:38+00:00","dateModified":"2025-11-25T13:09:36+00:00","description":"Das Educo \u00dcberraschungspuzzle: Bauernhof ist vollst\u00e4ndig aus Holz gefertigt und f\u00f6rdert Kreativit\u00e4t, Fantasie sowie Sprach- und Lesef\u00e4higkeiten.","breadcrumb":{"@id":"https:\/\/teiaeducation.ch\/de\/produkt\/ueberraschungspuzzle-bauernhof-educo\/#breadcrumb"},"inLanguage":"de-CH","potentialAction":[{"@type":"ReadAction","target":["https:\/\/teiaeducation.ch\/de\/produkt\/ueberraschungspuzzle-bauernhof-educo\/"]}]},{"@type":"ImageObject","inLanguage":"de-CH","@id":"https:\/\/teiaeducation.ch\/de\/produkt\/ueberraschungspuzzle-bauernhof-educo\/#primaryimage","url":"https:\/\/teiaeducation.ch\/wp-content\/uploads\/2019\/04\/surprise-puzzle-farm.jpg","contentUrl":"https:\/\/teiaeducation.ch\/wp-content\/uploads\/2019\/04\/surprise-puzzle-farm.jpg","width":800,"height":800,"caption":"\u00dcberraschungspuzzle: Bauernhof - Educo"},{"@type":"BreadcrumbList","@id":"https:\/\/teiaeducation.ch\/de\/produkt\/ueberraschungspuzzle-bauernhof-educo\/#breadcrumb","itemListElement":[{"@type":"ListItem","position":1,"name":"Home","item":"https:\/\/teiaeducation.ch\/de\/"},{"@type":"ListItem","position":2,"name":"Laden","item":"https:\/\/teiaeducation.ch\/de\/shop\/"},{"@type":"ListItem","position":3,"name":"\u00dcberraschungspuzzle: Bauernhof &#8211; Educo"}]},{"@type":"WebSite","@id":"https:\/\/teiaeducation.ch\/de\/#website","url":"https:\/\/teiaeducation.ch\/de\/","name":"Sustainable Educational Products &amp; Ecological Toys\u00a0","description":"Specialised Swiss shop selling sustainable educational toys and games, AMI certified Montessori materials, handmade ecological wooden Waldorf toys and arts &amp; crafts supplies, school supplies, children&#039;s furniture and Montessori reference and parenting books.","publisher":{"@id":"https:\/\/teiaeducation.ch\/de\/#organization"},"alternateName":"Teia Education & Play","potentialAction":[{"@type":"SearchAction","target":{"@type":"EntryPoint","urlTemplate":"https:\/\/teiaeducation.ch\/de\/?s={search_term_string}"},"query-input":{"@type":"PropertyValueSpecification","valueRequired":true,"valueName":"search_term_string"}}],"inLanguage":"de-CH"},{"@type":"Organization","@id":"https:\/\/teiaeducation.ch\/de\/#organization","name":"Teia Education & Play","url":"https:\/\/teiaeducation.ch\/de\/","logo":{"@type":"ImageObject","inLanguage":"de-CH","@id":"https:\/\/teiaeducation.ch\/de\/#\/schema\/logo\/image\/","url":"https:\/\/teiaeducation.ch\/wp-content\/uploads\/2020\/11\/Teia-Education-Switzerland-e1620156442216.jpg","contentUrl":"https:\/\/teiaeducation.ch\/wp-content\/uploads\/2020\/11\/Teia-Education-Switzerland-e1620156442216.jpg","width":166,"height":145,"caption":"Teia Education & Play"},"image":{"@id":"https:\/\/teiaeducation.ch\/de\/#\/schema\/logo\/image\/"},"sameAs":["https:\/\/www.facebook.com\/teiaeducation\/","https:\/\/x.com\/EducationTeia","https:\/\/www.instagram.com\/teia.education\/","https:\/\/www.linkedin.com\/company\/35501660","https:\/\/www.pinterest.ch\/TeiaEducation\/"]}]},"product_price_amount":"25.00","product_price_currency":"CHF","og_availability":"instock","product_availability":"instock","product_retailer_item_id":"00000000000000000000000000000000000000000000004832","product_condition":"new"},"_links":{"self":[{"href":"https:\/\/teiaeducation.ch\/de\/wp-json\/wp\/v2\/product\/71822","targetHints":{"allow":["GET"]}}],"collection":[{"href":"https:\/\/teiaeducation.ch\/de\/wp-json\/wp\/v2\/product"}],"about":[{"href":"https:\/\/teiaeducation.ch\/de\/wp-json\/wp\/v2\/types\/product"}],"replies":[{"embeddable":true,"href":"https:\/\/teiaeducation.ch\/de\/wp-json\/wp\/v2\/comments?post=71822"}],"wp:featuredmedia":[{"embeddable":true,"href":"https:\/\/teiaeducation.ch\/de\/wp-json\/wp\/v2\/media\/71823"}],"wp:attachment":[{"href":"https:\/\/teiaeducation.ch\/de\/wp-json\/wp\/v2\/media?parent=71822"}],"wp:term":[{"taxonomy":"product_brand","embeddable":true,"href":"https:\/\/teiaeducation.ch\/de\/wp-json\/wp\/v2\/product_brand?post=71822"},{"taxonomy":"product_cat","embeddable":true,"href":"https:\/\/teiaeducation.ch\/de\/wp-json\/wp\/v2\/product_cat?post=71822"},{"taxonomy":"product_tag","embeddable":true,"href":"https:\/\/teiaeducation.ch\/de\/wp-json\/wp\/v2\/product_tag?post=71822"}],"curies":[{"name":"wp","href":"https:\/\/api.w.org\/{rel}","templated":true}]}}