{"id":72065,"date":"2019-02-01T09:53:07","date_gmt":"2019-02-01T08:53:07","guid":{"rendered":"https:\/\/teiaeducation.ch\/product\/weltwunder-puzzle-pyramiden-educo\/"},"modified":"2025-12-02T14:06:21","modified_gmt":"2025-12-02T13:06:21","slug":"weltwunder-puzzle-pyramiden-educo","status":"publish","type":"product","link":"https:\/\/teiaeducation.ch\/de\/produkt\/weltwunder-puzzle-pyramiden-educo\/","title":{"rendered":"Weltwunder-Puzzle: Pyramiden \u2013 Educo"},"content":{"rendered":"<p>Das Educo-Puzzle \u201eWeltwunder \u2013 Pyramiden von Gizeh\u201c ist ein gro\u00dfes Puzzle, das vollst\u00e4ndig aus Holz gefertigt ist. Als Teil einer Serie \u00fcber die vier Weltwunder (das Kolosseum in Italien, das Taj Mahal in Indien, die Chinesische Mauer und die Pyramiden von Gizeh in \u00c4gypten) erm\u00f6glicht das Puzzle dem Kind, die Welt zu entdecken. <\/p>\n<p>Dieses gro\u00dfe und wundersch\u00f6n illustrierte Puzzle zum Thema Sehensw\u00fcrdigkeiten ist 40 x 40 cm gro\u00df und besteht aus 81 stabilen Holzpuzzleteilen, die in einem Einlegebrett aus Buchenholz eingelassen sind. Es zeigt die ber\u00fchmten Pyramiden von Gizeh in \u00c4gypten. Die Arbeit mit diesem Puzzle regt zu Assoziations\u00fcbungen an, die sich auf Sehensw\u00fcrdigkeiten und Aktivit\u00e4ten im wirklichen Leben beziehen. Sie erm\u00f6glicht lebhafte Diskussionen, die \u00fcber den Unterricht hinausgehen, und f\u00f6rdert das Bewusstsein und ein tieferes Verst\u00e4ndnis f\u00fcr andere Kulturen, das Erbe, die Lebensweise und die Welt im Allgemeinen.<\/p>\n<p>Die Weltwunder-Puzzles f\u00f6rdern Kreativit\u00e4t, Vorstellungskraft sowie Sprach- und Lesef\u00e4higkeiten. Wie alle Puzzles aus dem Educo-Puzzlespielsortiment regt auch dieses hochwertige Puzzle spielerisch das kritische Denken und Probleml\u00f6sungstechniken an.<\/p>\n<p>Dieses Puzzle ist f\u00fcr Kinder ab 4 Jahren geeignet.<\/p>\n<p>Inhalt:<\/p>\n<p>1 Holz-Einlegebrett (40 x 40 cm)<br \/>\n81 Holzpuzzleteile aus 4 mm starkem Birkensperrholz<\/p>\n<h2>\u00dcber Educo<\/h2>\n<p>Die Niederl\u00e4ndische Marke <a href=\"https:\/\/teiaeducation.ch\/de\/produkt-kategorie\/unsere-marken\/educo-de\/\">Educo<\/a> steht f\u00fcr eine bunte Welt des spielerischen <a href=\"https:\/\/teiaeducation.ch\/de\/produkt-kategorie\/lernthemen\/\">Lernens<\/a>, herausfordernde Lernspiele und Spielzeuge! Die qualitativ hochwertigen und langlebigen Educo-Produkte orientieren sich an allt\u00e4glichen Situationen und helfen Babys und Kindern, Spiele mit normalen Themen zu verbinden und den Lernprozess in eine Simulation ihrer nat\u00fcrlichen Umgebung zu verwandeln. <\/p>\n<p>Das Educo-Sortiment ist in drei Entwicklungsbereiche unterteilt: <a href=\"https:\/\/teiaeducation.ch\/de\/produkt-kategorie\/unsere-marken\/educo-de\/motorisches-spiel\/\">Motorik<\/a>, <a href=\"https:\/\/teiaeducation.ch\/de\/produkt-kategorie\/unsere-marken\/educo-de\/sprachspiel-educo\/\">Sprache<\/a> und <a href=\"https:\/\/teiaeducation.ch\/de\/produkt-kategorie\/unsere-marken\/educo-de\/mathematisches-spiel\/\">Mathematik<\/a>. Im Jahr 2023 wurde eine umfassende Reihe von <a href=\"https:\/\/teiaeducation.ch\/de\/produkt-kategorie\/unsere-marken\/educo-de\/montessori-spielzeug-0-3-jahre\/\">Montessori inspiriertem Spielzeug<\/a> f\u00fcr Kinder im Alter von 0-3 Jahren eingef\u00fchrt, um das Wachstum und die Entwicklung der kleinen Kinder bestm\u00f6glich zu f\u00f6rdern. <\/p>\n<p>Die aktiven, spielerischen Lernprodukte von Educo sind haupts\u00e4chlich aus Holz gefertigt und bestehen aus nachhaltigen Materialien wie Farben und Lacken auf Wasserbasis. Die <a href=\"https:\/\/teiaeducation.ch\/de\/produkt-kategorie\/kinder-spielzeug\/\">Spielzeuge<\/a> sind so konzipiert, dass sie \u00fcber viele Jahre hinweg robust verwendet werden k\u00f6nnen, spielerisches Lernen f\u00f6rdern und Kinder im Alter von 0-12 Jahren zu Wachstum und Erfolg inspirieren. Sie erf\u00fcllen die Anforderungen der verschiedenen europ\u00e4ischen und internationalen Sicherheitsvorschriften f\u00fcr Spielzeug und entsprechen der Richtlinie 2009\/48\/EG \u00fcber die Sicherheit von Spielzeug, einschlie\u00dflich EN81 und ASTM.<\/p>\n","protected":false},"excerpt":{"rendered":"<p>Artikelnummer: E523265<\/p>\n<p>Das Educo-Puzzle \u201eWeltwunder\u201c mit dem Thema \u201ePyramiden von Gizeh\u201c ist ein gro\u00dfes Holzpuzzle und Teil einer Serie \u00fcber die vier Wunder der Welt.<\/p>\n","protected":false},"featured_media":72066,"comment_status":"closed","ping_status":"closed","template":"","meta":[],"product_brand":[],"product_cat":[21445,21446,21524,21671,21479,21688,21599,21493,21484,21535,21517,21510,21509,21443,21615,21678,21482,21564,21536],"product_tag":[27496,27393,27584,27392,23474,23473,24316,32277],"class_list":{"0":"post-72065","1":"product","2":"type-product","3":"status-publish","4":"has-post-thumbnail","6":"product_cat-3-6-jahre-vorschule","7":"product_cat-6-12-jahre-grundschule","8":"product_cat-alphabetisierung-sprache","9":"product_cat-angebot","10":"product_cat-lernmaterialien-spielzeug-montessori-waldorf-steiner-froebel","11":"product_cat-bunte-puzzlespiele","12":"product_cat-educo-de","13":"product_cat-geschenk-guide-holzpuzzles","14":"product_cat-geschenk-guides","15":"product_cat-geschichtenerzaehlen","16":"product_cat-humangeographie-kultur","17":"product_cat-kultur-wissenschaft","18":"product_cat-lernthemen","19":"product_cat-nach-alter","20":"product_cat-puzzle-spiel","21":"product_cat-kinder-spielzeug","22":"product_cat-traditionelle-bildung","23":"product_cat-unsere-marken","24":"product_cat-wortschatz","25":"product_tag-educo-holz-puzzle","26":"product_tag-educo-holzpuzzle","27":"product_tag-educo-lehrmaterial-aus-holz","28":"product_tag-educo-schweiz","29":"product_tag-heutink-international-schweiz","30":"product_tag-lehrmittel-schweiz","31":"product_tag-lernspielzeug-schweiz","32":"product_tag-weltwunder-puzzle-pyramiden","34":"first","35":"instock","36":"sale","37":"taxable","38":"shipping-taxable","39":"purchasable","40":"product-type-simple"},"yoast_head":"<!-- This site is optimized with the Yoast SEO plugin v27.1.1 - https:\/\/yoast.com\/product\/yoast-seo-wordpress\/ -->\n<title>Weltwunder-Puzzle: Pyramiden \u2013 Educo<\/title>\n<meta name=\"description\" content=\"Das Educo-Puzzle \u201eWeltwunder\u201c mit dem Thema \u201ePyramiden von Gizeh\u201c ist ein gro\u00dfes Holzpuzzle und Teil einer Serie \u00fcber die vier Wunder der Welt.\" \/>\n<meta name=\"robots\" content=\"index, follow, max-snippet:-1, max-image-preview:large, max-video-preview:-1\" \/>\n<link rel=\"canonical\" href=\"https:\/\/teiaeducation.ch\/de\/produkt\/weltwunder-puzzle-pyramiden-educo\/\" \/>\n<meta property=\"og:locale\" content=\"de_DE\" \/>\n<meta property=\"og:type\" content=\"article\" \/>\n<meta property=\"og:title\" content=\"Weltwunder-Puzzle: Pyramiden \u2013 Educo\" \/>\n<meta property=\"og:description\" content=\"Das Educo-Puzzle \u201eWeltwunder\u201c mit dem Thema \u201ePyramiden von Gizeh\u201c ist ein gro\u00dfes Holzpuzzle und Teil einer Serie \u00fcber die vier Wunder der Welt.\" \/>\n<meta property=\"og:url\" content=\"https:\/\/teiaeducation.ch\/de\/produkt\/weltwunder-puzzle-pyramiden-educo\/\" \/>\n<meta property=\"og:site_name\" content=\"Sustainable Educational Products &amp; Ecological Toys\u00a0\" \/>\n<meta property=\"article:publisher\" content=\"https:\/\/www.facebook.com\/teiaeducation\/\" \/>\n<meta property=\"article:modified_time\" content=\"2025-12-02T13:06:21+00:00\" \/>\n<meta property=\"og:image\" content=\"https:\/\/teiaeducation.ch\/wp-content\/uploads\/2019\/01\/E523265.jpg\" \/>\n\t<meta property=\"og:image:width\" content=\"1316\" \/>\n\t<meta property=\"og:image:height\" content=\"1310\" \/>\n\t<meta property=\"og:image:type\" content=\"image\/jpeg\" \/>\n<script type=\"application\/ld+json\" class=\"yoast-schema-graph\">{\"@context\":\"https:\/\/schema.org\",\"@graph\":[{\"@type\":\"WebPage\",\"@id\":\"https:\/\/teiaeducation.ch\/de\/produkt\/weltwunder-puzzle-pyramiden-educo\/\",\"url\":\"https:\/\/teiaeducation.ch\/de\/produkt\/weltwunder-puzzle-pyramiden-educo\/\",\"name\":\"Weltwunder-Puzzle: Pyramiden \u2013 Educo\",\"isPartOf\":{\"@id\":\"https:\/\/teiaeducation.ch\/de\/#website\"},\"primaryImageOfPage\":{\"@id\":\"https:\/\/teiaeducation.ch\/de\/produkt\/weltwunder-puzzle-pyramiden-educo\/#primaryimage\"},\"image\":{\"@id\":\"https:\/\/teiaeducation.ch\/de\/produkt\/weltwunder-puzzle-pyramiden-educo\/#primaryimage\"},\"thumbnailUrl\":\"https:\/\/teiaeducation.ch\/wp-content\/uploads\/2019\/01\/E523265.jpg\",\"datePublished\":\"2019-02-01T08:53:07+00:00\",\"dateModified\":\"2025-12-02T13:06:21+00:00\",\"description\":\"Das Educo-Puzzle \u201eWeltwunder\u201c mit dem Thema \u201ePyramiden von Gizeh\u201c ist ein gro\u00dfes Holzpuzzle und Teil einer Serie \u00fcber die vier Wunder der Welt.\",\"breadcrumb\":{\"@id\":\"https:\/\/teiaeducation.ch\/de\/produkt\/weltwunder-puzzle-pyramiden-educo\/#breadcrumb\"},\"inLanguage\":\"de-CH\",\"potentialAction\":[{\"@type\":\"ReadAction\",\"target\":[\"https:\/\/teiaeducation.ch\/de\/produkt\/weltwunder-puzzle-pyramiden-educo\/\"]}]},{\"@type\":\"ImageObject\",\"inLanguage\":\"de-CH\",\"@id\":\"https:\/\/teiaeducation.ch\/de\/produkt\/weltwunder-puzzle-pyramiden-educo\/#primaryimage\",\"url\":\"https:\/\/teiaeducation.ch\/wp-content\/uploads\/2019\/01\/E523265.jpg\",\"contentUrl\":\"https:\/\/teiaeducation.ch\/wp-content\/uploads\/2019\/01\/E523265.jpg\",\"width\":1316,\"height\":1310,\"caption\":\"Weltwunder-Puzzle: Pyramiden \u2013 Educo\"},{\"@type\":\"BreadcrumbList\",\"@id\":\"https:\/\/teiaeducation.ch\/de\/produkt\/weltwunder-puzzle-pyramiden-educo\/#breadcrumb\",\"itemListElement\":[{\"@type\":\"ListItem\",\"position\":1,\"name\":\"Home\",\"item\":\"https:\/\/teiaeducation.ch\/de\/\"},{\"@type\":\"ListItem\",\"position\":2,\"name\":\"Laden\",\"item\":\"https:\/\/teiaeducation.ch\/de\/shop\/\"},{\"@type\":\"ListItem\",\"position\":3,\"name\":\"Weltwunder-Puzzle: Pyramiden \u2013 Educo\"}]},{\"@type\":\"WebSite\",\"@id\":\"https:\/\/teiaeducation.ch\/de\/#website\",\"url\":\"https:\/\/teiaeducation.ch\/de\/\",\"name\":\"Sustainable Educational Products &amp; Ecological Toys\u00a0\",\"description\":\"Specialised Swiss shop selling sustainable educational toys and games, AMI certified Montessori materials, handmade ecological wooden Waldorf toys and arts &amp; crafts supplies, school supplies, children&#039;s furniture and Montessori reference and parenting books.\",\"publisher\":{\"@id\":\"https:\/\/teiaeducation.ch\/de\/#organization\"},\"alternateName\":\"Teia Education & Play\",\"potentialAction\":[{\"@type\":\"SearchAction\",\"target\":{\"@type\":\"EntryPoint\",\"urlTemplate\":\"https:\/\/teiaeducation.ch\/de\/?s={search_term_string}\"},\"query-input\":{\"@type\":\"PropertyValueSpecification\",\"valueRequired\":true,\"valueName\":\"search_term_string\"}}],\"inLanguage\":\"de-CH\"},{\"@type\":\"Organization\",\"@id\":\"https:\/\/teiaeducation.ch\/de\/#organization\",\"name\":\"Teia Education & Play\",\"url\":\"https:\/\/teiaeducation.ch\/de\/\",\"logo\":{\"@type\":\"ImageObject\",\"inLanguage\":\"de-CH\",\"@id\":\"https:\/\/teiaeducation.ch\/de\/#\/schema\/logo\/image\/\",\"url\":\"https:\/\/teiaeducation.ch\/wp-content\/uploads\/2020\/11\/Teia-Education-Switzerland-e1620156442216.jpg\",\"contentUrl\":\"https:\/\/teiaeducation.ch\/wp-content\/uploads\/2020\/11\/Teia-Education-Switzerland-e1620156442216.jpg\",\"width\":166,\"height\":145,\"caption\":\"Teia Education & Play\"},\"image\":{\"@id\":\"https:\/\/teiaeducation.ch\/de\/#\/schema\/logo\/image\/\"},\"sameAs\":[\"https:\/\/www.facebook.com\/teiaeducation\/\",\"https:\/\/x.com\/EducationTeia\",\"https:\/\/www.instagram.com\/teia.education\/\",\"https:\/\/www.linkedin.com\/company\/35501660\",\"https:\/\/www.pinterest.ch\/TeiaEducation\/\"]}]}<\/script>\n<!-- \/ Yoast SEO plugin. -->","yoast_head_json":{"title":"Weltwunder-Puzzle: Pyramiden \u2013 Educo","description":"Das Educo-Puzzle \u201eWeltwunder\u201c mit dem Thema \u201ePyramiden von Gizeh\u201c ist ein gro\u00dfes Holzpuzzle und Teil einer Serie \u00fcber die vier Wunder der Welt.","robots":{"index":"index","follow":"follow","max-snippet":"max-snippet:-1","max-image-preview":"max-image-preview:large","max-video-preview":"max-video-preview:-1"},"canonical":"https:\/\/teiaeducation.ch\/de\/produkt\/weltwunder-puzzle-pyramiden-educo\/","og_locale":"de_DE","og_type":"article","og_title":"Weltwunder-Puzzle: Pyramiden \u2013 Educo","og_description":"Das Educo-Puzzle \u201eWeltwunder\u201c mit dem Thema \u201ePyramiden von Gizeh\u201c ist ein gro\u00dfes Holzpuzzle und Teil einer Serie \u00fcber die vier Wunder der Welt.","og_url":"https:\/\/teiaeducation.ch\/de\/produkt\/weltwunder-puzzle-pyramiden-educo\/","og_site_name":"Sustainable Educational Products &amp; Ecological Toys\u00a0","article_publisher":"https:\/\/www.facebook.com\/teiaeducation\/","article_modified_time":"2025-12-02T13:06:21+00:00","og_image":[{"width":1316,"height":1310,"url":"https:\/\/teiaeducation.ch\/wp-content\/uploads\/2019\/01\/E523265.jpg","type":"image\/jpeg"}],"schema":{"@context":"https:\/\/schema.org","@graph":[{"@type":"WebPage","@id":"https:\/\/teiaeducation.ch\/de\/produkt\/weltwunder-puzzle-pyramiden-educo\/","url":"https:\/\/teiaeducation.ch\/de\/produkt\/weltwunder-puzzle-pyramiden-educo\/","name":"Weltwunder-Puzzle: Pyramiden \u2013 Educo","isPartOf":{"@id":"https:\/\/teiaeducation.ch\/de\/#website"},"primaryImageOfPage":{"@id":"https:\/\/teiaeducation.ch\/de\/produkt\/weltwunder-puzzle-pyramiden-educo\/#primaryimage"},"image":{"@id":"https:\/\/teiaeducation.ch\/de\/produkt\/weltwunder-puzzle-pyramiden-educo\/#primaryimage"},"thumbnailUrl":"https:\/\/teiaeducation.ch\/wp-content\/uploads\/2019\/01\/E523265.jpg","datePublished":"2019-02-01T08:53:07+00:00","dateModified":"2025-12-02T13:06:21+00:00","description":"Das Educo-Puzzle \u201eWeltwunder\u201c mit dem Thema \u201ePyramiden von Gizeh\u201c ist ein gro\u00dfes Holzpuzzle und Teil einer Serie \u00fcber die vier Wunder der Welt.","breadcrumb":{"@id":"https:\/\/teiaeducation.ch\/de\/produkt\/weltwunder-puzzle-pyramiden-educo\/#breadcrumb"},"inLanguage":"de-CH","potentialAction":[{"@type":"ReadAction","target":["https:\/\/teiaeducation.ch\/de\/produkt\/weltwunder-puzzle-pyramiden-educo\/"]}]},{"@type":"ImageObject","inLanguage":"de-CH","@id":"https:\/\/teiaeducation.ch\/de\/produkt\/weltwunder-puzzle-pyramiden-educo\/#primaryimage","url":"https:\/\/teiaeducation.ch\/wp-content\/uploads\/2019\/01\/E523265.jpg","contentUrl":"https:\/\/teiaeducation.ch\/wp-content\/uploads\/2019\/01\/E523265.jpg","width":1316,"height":1310,"caption":"Weltwunder-Puzzle: Pyramiden \u2013 Educo"},{"@type":"BreadcrumbList","@id":"https:\/\/teiaeducation.ch\/de\/produkt\/weltwunder-puzzle-pyramiden-educo\/#breadcrumb","itemListElement":[{"@type":"ListItem","position":1,"name":"Home","item":"https:\/\/teiaeducation.ch\/de\/"},{"@type":"ListItem","position":2,"name":"Laden","item":"https:\/\/teiaeducation.ch\/de\/shop\/"},{"@type":"ListItem","position":3,"name":"Weltwunder-Puzzle: Pyramiden \u2013 Educo"}]},{"@type":"WebSite","@id":"https:\/\/teiaeducation.ch\/de\/#website","url":"https:\/\/teiaeducation.ch\/de\/","name":"Sustainable Educational Products &amp; Ecological Toys\u00a0","description":"Specialised Swiss shop selling sustainable educational toys and games, AMI certified Montessori materials, handmade ecological wooden Waldorf toys and arts &amp; crafts supplies, school supplies, children&#039;s furniture and Montessori reference and parenting books.","publisher":{"@id":"https:\/\/teiaeducation.ch\/de\/#organization"},"alternateName":"Teia Education & Play","potentialAction":[{"@type":"SearchAction","target":{"@type":"EntryPoint","urlTemplate":"https:\/\/teiaeducation.ch\/de\/?s={search_term_string}"},"query-input":{"@type":"PropertyValueSpecification","valueRequired":true,"valueName":"search_term_string"}}],"inLanguage":"de-CH"},{"@type":"Organization","@id":"https:\/\/teiaeducation.ch\/de\/#organization","name":"Teia Education & Play","url":"https:\/\/teiaeducation.ch\/de\/","logo":{"@type":"ImageObject","inLanguage":"de-CH","@id":"https:\/\/teiaeducation.ch\/de\/#\/schema\/logo\/image\/","url":"https:\/\/teiaeducation.ch\/wp-content\/uploads\/2020\/11\/Teia-Education-Switzerland-e1620156442216.jpg","contentUrl":"https:\/\/teiaeducation.ch\/wp-content\/uploads\/2020\/11\/Teia-Education-Switzerland-e1620156442216.jpg","width":166,"height":145,"caption":"Teia Education & Play"},"image":{"@id":"https:\/\/teiaeducation.ch\/de\/#\/schema\/logo\/image\/"},"sameAs":["https:\/\/www.facebook.com\/teiaeducation\/","https:\/\/x.com\/EducationTeia","https:\/\/www.instagram.com\/teia.education\/","https:\/\/www.linkedin.com\/company\/35501660","https:\/\/www.pinterest.ch\/TeiaEducation\/"]}]}},"_links":{"self":[{"href":"https:\/\/teiaeducation.ch\/de\/wp-json\/wp\/v2\/product\/72065","targetHints":{"allow":["GET"]}}],"collection":[{"href":"https:\/\/teiaeducation.ch\/de\/wp-json\/wp\/v2\/product"}],"about":[{"href":"https:\/\/teiaeducation.ch\/de\/wp-json\/wp\/v2\/types\/product"}],"replies":[{"embeddable":true,"href":"https:\/\/teiaeducation.ch\/de\/wp-json\/wp\/v2\/comments?post=72065"}],"wp:featuredmedia":[{"embeddable":true,"href":"https:\/\/teiaeducation.ch\/de\/wp-json\/wp\/v2\/media\/72066"}],"wp:attachment":[{"href":"https:\/\/teiaeducation.ch\/de\/wp-json\/wp\/v2\/media?parent=72065"}],"wp:term":[{"taxonomy":"product_brand","embeddable":true,"href":"https:\/\/teiaeducation.ch\/de\/wp-json\/wp\/v2\/product_brand?post=72065"},{"taxonomy":"product_cat","embeddable":true,"href":"https:\/\/teiaeducation.ch\/de\/wp-json\/wp\/v2\/product_cat?post=72065"},{"taxonomy":"product_tag","embeddable":true,"href":"https:\/\/teiaeducation.ch\/de\/wp-json\/wp\/v2\/product_tag?post=72065"}],"curies":[{"name":"wp","href":"https:\/\/api.w.org\/{rel}","templated":true}]}}