{"id":72091,"date":"2018-11-23T14:05:39","date_gmt":"2018-11-23T13:05:39","guid":{"rendered":"https:\/\/teiaeducation.ch\/product\/eisenbahn-nummernstempel-educo\/"},"modified":"2025-12-02T14:44:16","modified_gmt":"2025-12-02T13:44:16","slug":"eisenbahn-nummernstempel-educo","status":"publish","type":"product","link":"https:\/\/teiaeducation.ch\/de\/produkt\/eisenbahn-nummernstempel-educo\/","title":{"rendered":"Eisenbahn-nummernstempel &#8211; Educo"},"content":{"rendered":"<p>Das Educo-Stempelset mit <a href=\"https:\/\/teiaeducation.ch\/de\/produkt-kategorie\/lernthemen\/mathematik-rechnen\/ziffern\/\">Zahlen<\/a> und mathematischen Zeichen enth\u00e4lt zw\u00f6lf Gummistempel mit durchsichtiger Griffzone. Diese Stempel mit Zahlen helfen dabei, Zahlen zu visualisieren, wenn Kinder diese noch nicht schreiben k\u00f6nnen. <\/p>\n<p>Der Stempelabdruck hat eine \u00d6ffnung, sodass Kinder das Schreiben der Zahlenform \u00fcben k\u00f6nnen, indem sie die Zahl schlie\u00dfen oder nachzeichnen. Die Gr\u00f6\u00dfe der Stempelgriffe ist speziell f\u00fcr Kinderh\u00e4nde konzipiert, um einen guten Halt zu gew\u00e4hrleisten. Die H\u00f6he des Stempelabdrucks betr\u00e4gt 2,5 cm.  <\/p>\n<p>Die Educo-Eisenbahn-Zahlenstempel sind f\u00fcr Kinder im Alter von 3 bis 6 Jahren geeignet.<\/p>\n<p>Inhalt:<\/p>\n<p>9 Stempel: Zahlen 0\u20139<br \/>\n3 Stempel: mathematische Zeichen + und \u2013<br \/>\n1 rote Kunststoffbox (19,5 x 8 x 4 cm)<\/p>\n<h2>\u00dcber Educo<\/h2>\n<p>Die Niederl\u00e4ndische Marke <a href=\"https:\/\/teiaeducation.ch\/de\/produkt-kategorie\/unsere-marken\/educo-de\/\">Educo<\/a> steht f\u00fcr eine bunte Welt des spielerischen <a href=\"https:\/\/teiaeducation.ch\/de\/produkt-kategorie\/lernthemen\/\">Lernens<\/a>, herausfordernde Lernspiele und Spielzeuge! Die qualitativ hochwertigen und langlebigen Educo-Produkte orientieren sich an allt\u00e4glichen Situationen und helfen Babys und Kindern, Spiele mit normalen Themen zu verbinden und den Lernprozess in eine Simulation ihrer nat\u00fcrlichen Umgebung zu verwandeln. <\/p>\n<p>Das Educo-Sortiment ist in drei Entwicklungsbereiche unterteilt: <a href=\"https:\/\/teiaeducation.ch\/de\/produkt-kategorie\/unsere-marken\/educo-de\/motorisches-spiel\/\">Motorik<\/a>, <a href=\"https:\/\/teiaeducation.ch\/de\/produkt-kategorie\/unsere-marken\/educo-de\/sprachspiel-educo\/\">Sprache<\/a> und <a href=\"https:\/\/teiaeducation.ch\/de\/produkt-kategorie\/unsere-marken\/educo-de\/mathematisches-spiel\/\">Mathematik<\/a>. Im Jahr 2023 wurde eine umfassende Reihe von <a href=\"https:\/\/teiaeducation.ch\/de\/produkt-kategorie\/unsere-marken\/educo-de\/montessori-spielzeug-0-3-jahre\/\">Montessori inspiriertem Spielzeug<\/a> f\u00fcr Kinder im Alter von 0-3 Jahren eingef\u00fchrt, um das Wachstum und die Entwicklung der kleinen Kinder bestm\u00f6glich zu f\u00f6rdern. <\/p>\n<p>Die aktiven, spielerischen Lernprodukte von Educo sind haupts\u00e4chlich aus Holz gefertigt und bestehen aus nachhaltigen Materialien wie Farben und Lacken auf Wasserbasis. Die <a href=\"https:\/\/teiaeducation.ch\/de\/produkt-kategorie\/kinder-spielzeug\/\">Spielzeuge<\/a> sind so konzipiert, dass sie \u00fcber viele Jahre hinweg robust verwendet werden k\u00f6nnen, spielerisches Lernen f\u00f6rdern und Kinder im Alter von 0-12 Jahren zu Wachstum und Erfolg inspirieren. Sie erf\u00fcllen die Anforderungen der verschiedenen europ\u00e4ischen und internationalen Sicherheitsvorschriften f\u00fcr Spielzeug und entsprechen der Richtlinie 2009\/48\/EG \u00fcber die Sicherheit von Spielzeug, einschlie\u00dflich EN81 und ASTM.<\/p>\n","protected":false},"excerpt":{"rendered":"<p>Artikelnummer: 1843000<\/p>\n<p>Das Educo-Eisenbahn-Stempelset mit Zahlen, das speziell f\u00fcr Kinder entwickelt wurde, enth\u00e4lt zw\u00f6lf Stempel aus Gummi mit Zahlen und mathematischen Zeichen, die dabei helfen, Zahlen zu visualisieren.<\/p>\n","protected":false},"featured_media":72092,"comment_status":"closed","ping_status":"closed","template":"","meta":[],"product_brand":[],"product_cat":[21445,21479,21599,21509,21537,21605,21443,21494,21495,21482,21564,21540,21608,21547],"product_tag":[32279],"class_list":{"0":"post-72091","1":"product","2":"type-product","3":"status-publish","4":"has-post-thumbnail","6":"product_cat-3-6-jahre-vorschule","7":"product_cat-lernmaterialien-spielzeug-montessori-waldorf-steiner-froebel","8":"product_cat-educo-de","9":"product_cat-lernthemen","10":"product_cat-mathematik-rechnen","11":"product_cat-mathematisches-spiel","12":"product_cat-nach-alter","13":"product_cat-schulbedarf-fuer-zuhause","14":"product_cat-schulbedarf-fuer-zuhause-3-6-jahre","15":"product_cat-traditionelle-bildung","16":"product_cat-unsere-marken","17":"product_cat-zaehlen","18":"product_cat-zahlenverstaendnis","19":"product_cat-ziffern","20":"product_tag-educo-eisenbahn-nummernstempel","22":"first","23":"instock","24":"taxable","25":"shipping-taxable","26":"purchasable","27":"product-type-simple"},"yoast_head":"<!-- This site is optimized with the Yoast SEO plugin v27.3 - https:\/\/yoast.com\/product\/yoast-seo-wordpress\/ -->\n<title>Eisenbahn-nummernstempel - Educo<\/title>\n<meta name=\"description\" content=\"Das Educo-Eisenbahn-nummernstempelset f\u00fcr Kinder enth\u00e4lt zw\u00f6lf Stempel aus Gummi mit Zahlen und mathematischen Zeichen, die dabei helfen, Zahlen zu visualisieren.\" \/>\n<meta name=\"robots\" content=\"index, follow, max-snippet:-1, max-image-preview:large, max-video-preview:-1\" \/>\n<link rel=\"canonical\" href=\"https:\/\/teiaeducation.ch\/de\/produkt\/eisenbahn-nummernstempel-educo\/\" \/>\n<meta property=\"og:locale\" content=\"de_DE\" \/>\n<meta property=\"og:type\" content=\"article\" \/>\n<meta property=\"og:title\" content=\"Eisenbahn-nummernstempel - Educo\" \/>\n<meta property=\"og:description\" content=\"Das Educo-Eisenbahn-nummernstempelset f\u00fcr Kinder enth\u00e4lt zw\u00f6lf Stempel aus Gummi mit Zahlen und mathematischen Zeichen, die dabei helfen, Zahlen zu visualisieren.\" \/>\n<meta property=\"og:url\" content=\"https:\/\/teiaeducation.ch\/de\/produkt\/eisenbahn-nummernstempel-educo\/\" \/>\n<meta property=\"og:site_name\" content=\"Sustainable Educational Products &amp; Ecological Toys\u00a0\" \/>\n<meta property=\"article:publisher\" content=\"https:\/\/www.facebook.com\/teiaeducation\/\" \/>\n<meta property=\"article:modified_time\" content=\"2025-12-02T13:44:16+00:00\" \/>\n<meta property=\"og:image\" content=\"https:\/\/teiaeducation.ch\/wp-content\/uploads\/2018\/11\/1843000-1.jpg\" \/>\n\t<meta property=\"og:image:width\" content=\"900\" \/>\n\t<meta property=\"og:image:height\" content=\"900\" \/>\n\t<meta property=\"og:image:type\" content=\"image\/jpeg\" \/>\n<script type=\"application\/ld+json\" class=\"yoast-schema-graph\">{\"@context\":\"https:\\\/\\\/schema.org\",\"@graph\":[{\"@type\":\"WebPage\",\"@id\":\"https:\\\/\\\/teiaeducation.ch\\\/de\\\/produkt\\\/eisenbahn-nummernstempel-educo\\\/\",\"url\":\"https:\\\/\\\/teiaeducation.ch\\\/de\\\/produkt\\\/eisenbahn-nummernstempel-educo\\\/\",\"name\":\"Eisenbahn-nummernstempel - Educo\",\"isPartOf\":{\"@id\":\"https:\\\/\\\/teiaeducation.ch\\\/de\\\/#website\"},\"primaryImageOfPage\":{\"@id\":\"https:\\\/\\\/teiaeducation.ch\\\/de\\\/produkt\\\/eisenbahn-nummernstempel-educo\\\/#primaryimage\"},\"image\":{\"@id\":\"https:\\\/\\\/teiaeducation.ch\\\/de\\\/produkt\\\/eisenbahn-nummernstempel-educo\\\/#primaryimage\"},\"thumbnailUrl\":\"https:\\\/\\\/teiaeducation.ch\\\/wp-content\\\/uploads\\\/2018\\\/11\\\/1843000-1.jpg\",\"datePublished\":\"2018-11-23T13:05:39+00:00\",\"dateModified\":\"2025-12-02T13:44:16+00:00\",\"description\":\"Das Educo-Eisenbahn-nummernstempelset f\u00fcr Kinder enth\u00e4lt zw\u00f6lf Stempel aus Gummi mit Zahlen und mathematischen Zeichen, die dabei helfen, Zahlen zu visualisieren.\",\"breadcrumb\":{\"@id\":\"https:\\\/\\\/teiaeducation.ch\\\/de\\\/produkt\\\/eisenbahn-nummernstempel-educo\\\/#breadcrumb\"},\"inLanguage\":\"de-CH\",\"potentialAction\":[{\"@type\":\"ReadAction\",\"target\":[\"https:\\\/\\\/teiaeducation.ch\\\/de\\\/produkt\\\/eisenbahn-nummernstempel-educo\\\/\"]}]},{\"@type\":\"ImageObject\",\"inLanguage\":\"de-CH\",\"@id\":\"https:\\\/\\\/teiaeducation.ch\\\/de\\\/produkt\\\/eisenbahn-nummernstempel-educo\\\/#primaryimage\",\"url\":\"https:\\\/\\\/teiaeducation.ch\\\/wp-content\\\/uploads\\\/2018\\\/11\\\/1843000-1.jpg\",\"contentUrl\":\"https:\\\/\\\/teiaeducation.ch\\\/wp-content\\\/uploads\\\/2018\\\/11\\\/1843000-1.jpg\",\"width\":900,\"height\":900,\"caption\":\"Zahl mathematische Zeichen Eisenbahn-nummernstempel - Educo\"},{\"@type\":\"BreadcrumbList\",\"@id\":\"https:\\\/\\\/teiaeducation.ch\\\/de\\\/produkt\\\/eisenbahn-nummernstempel-educo\\\/#breadcrumb\",\"itemListElement\":[{\"@type\":\"ListItem\",\"position\":1,\"name\":\"Home\",\"item\":\"https:\\\/\\\/teiaeducation.ch\\\/de\\\/\"},{\"@type\":\"ListItem\",\"position\":2,\"name\":\"Laden\",\"item\":\"https:\\\/\\\/teiaeducation.ch\\\/de\\\/shop\\\/\"},{\"@type\":\"ListItem\",\"position\":3,\"name\":\"Eisenbahn-nummernstempel &#8211; Educo\"}]},{\"@type\":\"WebSite\",\"@id\":\"https:\\\/\\\/teiaeducation.ch\\\/de\\\/#website\",\"url\":\"https:\\\/\\\/teiaeducation.ch\\\/de\\\/\",\"name\":\"Sustainable Educational Products &amp; Ecological Toys\u00a0\",\"description\":\"Specialised Swiss shop selling sustainable educational toys and games, AMI certified Montessori materials, handmade ecological wooden Waldorf toys and arts &amp; crafts supplies, school supplies, children&#039;s furniture and Montessori reference and parenting books.\",\"publisher\":{\"@id\":\"https:\\\/\\\/teiaeducation.ch\\\/de\\\/#organization\"},\"alternateName\":\"Teia Education & Play\",\"potentialAction\":[{\"@type\":\"SearchAction\",\"target\":{\"@type\":\"EntryPoint\",\"urlTemplate\":\"https:\\\/\\\/teiaeducation.ch\\\/de\\\/?s={search_term_string}\"},\"query-input\":{\"@type\":\"PropertyValueSpecification\",\"valueRequired\":true,\"valueName\":\"search_term_string\"}}],\"inLanguage\":\"de-CH\"},{\"@type\":\"Organization\",\"@id\":\"https:\\\/\\\/teiaeducation.ch\\\/de\\\/#organization\",\"name\":\"Teia Education & Play\",\"url\":\"https:\\\/\\\/teiaeducation.ch\\\/de\\\/\",\"logo\":{\"@type\":\"ImageObject\",\"inLanguage\":\"de-CH\",\"@id\":\"https:\\\/\\\/teiaeducation.ch\\\/de\\\/#\\\/schema\\\/logo\\\/image\\\/\",\"url\":\"https:\\\/\\\/teiaeducation.ch\\\/wp-content\\\/uploads\\\/2020\\\/11\\\/Teia-Education-Switzerland-e1620156442216.jpg\",\"contentUrl\":\"https:\\\/\\\/teiaeducation.ch\\\/wp-content\\\/uploads\\\/2020\\\/11\\\/Teia-Education-Switzerland-e1620156442216.jpg\",\"width\":166,\"height\":145,\"caption\":\"Teia Education & Play\"},\"image\":{\"@id\":\"https:\\\/\\\/teiaeducation.ch\\\/de\\\/#\\\/schema\\\/logo\\\/image\\\/\"},\"sameAs\":[\"https:\\\/\\\/www.facebook.com\\\/teiaeducation\\\/\",\"https:\\\/\\\/x.com\\\/EducationTeia\",\"https:\\\/\\\/www.instagram.com\\\/teia.education\\\/\",\"https:\\\/\\\/www.linkedin.com\\\/company\\\/35501660\",\"https:\\\/\\\/www.pinterest.ch\\\/TeiaEducation\\\/\"]}]}<\/script>\n<!-- \/ Yoast SEO plugin. -->","yoast_head_json":{"title":"Eisenbahn-nummernstempel - Educo","description":"Das Educo-Eisenbahn-nummernstempelset f\u00fcr Kinder enth\u00e4lt zw\u00f6lf Stempel aus Gummi mit Zahlen und mathematischen Zeichen, die dabei helfen, Zahlen zu visualisieren.","robots":{"index":"index","follow":"follow","max-snippet":"max-snippet:-1","max-image-preview":"max-image-preview:large","max-video-preview":"max-video-preview:-1"},"canonical":"https:\/\/teiaeducation.ch\/de\/produkt\/eisenbahn-nummernstempel-educo\/","og_locale":"de_DE","og_type":"article","og_title":"Eisenbahn-nummernstempel - Educo","og_description":"Das Educo-Eisenbahn-nummernstempelset f\u00fcr Kinder enth\u00e4lt zw\u00f6lf Stempel aus Gummi mit Zahlen und mathematischen Zeichen, die dabei helfen, Zahlen zu visualisieren.","og_url":"https:\/\/teiaeducation.ch\/de\/produkt\/eisenbahn-nummernstempel-educo\/","og_site_name":"Sustainable Educational Products &amp; Ecological Toys\u00a0","article_publisher":"https:\/\/www.facebook.com\/teiaeducation\/","article_modified_time":"2025-12-02T13:44:16+00:00","og_image":[{"width":900,"height":900,"url":"https:\/\/teiaeducation.ch\/wp-content\/uploads\/2018\/11\/1843000-1.jpg","type":"image\/jpeg"}],"schema":{"@context":"https:\/\/schema.org","@graph":[{"@type":"WebPage","@id":"https:\/\/teiaeducation.ch\/de\/produkt\/eisenbahn-nummernstempel-educo\/","url":"https:\/\/teiaeducation.ch\/de\/produkt\/eisenbahn-nummernstempel-educo\/","name":"Eisenbahn-nummernstempel - Educo","isPartOf":{"@id":"https:\/\/teiaeducation.ch\/de\/#website"},"primaryImageOfPage":{"@id":"https:\/\/teiaeducation.ch\/de\/produkt\/eisenbahn-nummernstempel-educo\/#primaryimage"},"image":{"@id":"https:\/\/teiaeducation.ch\/de\/produkt\/eisenbahn-nummernstempel-educo\/#primaryimage"},"thumbnailUrl":"https:\/\/teiaeducation.ch\/wp-content\/uploads\/2018\/11\/1843000-1.jpg","datePublished":"2018-11-23T13:05:39+00:00","dateModified":"2025-12-02T13:44:16+00:00","description":"Das Educo-Eisenbahn-nummernstempelset f\u00fcr Kinder enth\u00e4lt zw\u00f6lf Stempel aus Gummi mit Zahlen und mathematischen Zeichen, die dabei helfen, Zahlen zu visualisieren.","breadcrumb":{"@id":"https:\/\/teiaeducation.ch\/de\/produkt\/eisenbahn-nummernstempel-educo\/#breadcrumb"},"inLanguage":"de-CH","potentialAction":[{"@type":"ReadAction","target":["https:\/\/teiaeducation.ch\/de\/produkt\/eisenbahn-nummernstempel-educo\/"]}]},{"@type":"ImageObject","inLanguage":"de-CH","@id":"https:\/\/teiaeducation.ch\/de\/produkt\/eisenbahn-nummernstempel-educo\/#primaryimage","url":"https:\/\/teiaeducation.ch\/wp-content\/uploads\/2018\/11\/1843000-1.jpg","contentUrl":"https:\/\/teiaeducation.ch\/wp-content\/uploads\/2018\/11\/1843000-1.jpg","width":900,"height":900,"caption":"Zahl mathematische Zeichen Eisenbahn-nummernstempel - Educo"},{"@type":"BreadcrumbList","@id":"https:\/\/teiaeducation.ch\/de\/produkt\/eisenbahn-nummernstempel-educo\/#breadcrumb","itemListElement":[{"@type":"ListItem","position":1,"name":"Home","item":"https:\/\/teiaeducation.ch\/de\/"},{"@type":"ListItem","position":2,"name":"Laden","item":"https:\/\/teiaeducation.ch\/de\/shop\/"},{"@type":"ListItem","position":3,"name":"Eisenbahn-nummernstempel &#8211; Educo"}]},{"@type":"WebSite","@id":"https:\/\/teiaeducation.ch\/de\/#website","url":"https:\/\/teiaeducation.ch\/de\/","name":"Sustainable Educational Products &amp; Ecological Toys\u00a0","description":"Specialised Swiss shop selling sustainable educational toys and games, AMI certified Montessori materials, handmade ecological wooden Waldorf toys and arts &amp; crafts supplies, school supplies, children&#039;s furniture and Montessori reference and parenting books.","publisher":{"@id":"https:\/\/teiaeducation.ch\/de\/#organization"},"alternateName":"Teia Education & Play","potentialAction":[{"@type":"SearchAction","target":{"@type":"EntryPoint","urlTemplate":"https:\/\/teiaeducation.ch\/de\/?s={search_term_string}"},"query-input":{"@type":"PropertyValueSpecification","valueRequired":true,"valueName":"search_term_string"}}],"inLanguage":"de-CH"},{"@type":"Organization","@id":"https:\/\/teiaeducation.ch\/de\/#organization","name":"Teia Education & Play","url":"https:\/\/teiaeducation.ch\/de\/","logo":{"@type":"ImageObject","inLanguage":"de-CH","@id":"https:\/\/teiaeducation.ch\/de\/#\/schema\/logo\/image\/","url":"https:\/\/teiaeducation.ch\/wp-content\/uploads\/2020\/11\/Teia-Education-Switzerland-e1620156442216.jpg","contentUrl":"https:\/\/teiaeducation.ch\/wp-content\/uploads\/2020\/11\/Teia-Education-Switzerland-e1620156442216.jpg","width":166,"height":145,"caption":"Teia Education & Play"},"image":{"@id":"https:\/\/teiaeducation.ch\/de\/#\/schema\/logo\/image\/"},"sameAs":["https:\/\/www.facebook.com\/teiaeducation\/","https:\/\/x.com\/EducationTeia","https:\/\/www.instagram.com\/teia.education\/","https:\/\/www.linkedin.com\/company\/35501660","https:\/\/www.pinterest.ch\/TeiaEducation\/"]}]}},"_links":{"self":[{"href":"https:\/\/teiaeducation.ch\/de\/wp-json\/wp\/v2\/product\/72091","targetHints":{"allow":["GET"]}}],"collection":[{"href":"https:\/\/teiaeducation.ch\/de\/wp-json\/wp\/v2\/product"}],"about":[{"href":"https:\/\/teiaeducation.ch\/de\/wp-json\/wp\/v2\/types\/product"}],"replies":[{"embeddable":true,"href":"https:\/\/teiaeducation.ch\/de\/wp-json\/wp\/v2\/comments?post=72091"}],"wp:featuredmedia":[{"embeddable":true,"href":"https:\/\/teiaeducation.ch\/de\/wp-json\/wp\/v2\/media\/72092"}],"wp:attachment":[{"href":"https:\/\/teiaeducation.ch\/de\/wp-json\/wp\/v2\/media?parent=72091"}],"wp:term":[{"taxonomy":"product_brand","embeddable":true,"href":"https:\/\/teiaeducation.ch\/de\/wp-json\/wp\/v2\/product_brand?post=72091"},{"taxonomy":"product_cat","embeddable":true,"href":"https:\/\/teiaeducation.ch\/de\/wp-json\/wp\/v2\/product_cat?post=72091"},{"taxonomy":"product_tag","embeddable":true,"href":"https:\/\/teiaeducation.ch\/de\/wp-json\/wp\/v2\/product_tag?post=72091"}],"curies":[{"name":"wp","href":"https:\/\/api.w.org\/{rel}","templated":true}]}}