{"id":72098,"date":"2021-06-21T15:05:58","date_gmt":"2021-06-21T13:05:58","guid":{"rendered":"https:\/\/teiaeducation.ch\/product\/wie-spaet-ist-es-toys-for-life\/"},"modified":"2025-12-02T15:00:30","modified_gmt":"2025-12-02T14:00:30","slug":"wie-spaet-ist-es-toys-for-life","status":"publish","type":"product","link":"https:\/\/teiaeducation.ch\/de\/produkt\/wie-spaet-ist-es-toys-for-life\/","title":{"rendered":"Wie sp\u00e4t ist es? &#8211; Toys for Life"},"content":{"rendered":"<p>Das Spiel \u201eWie sp\u00e4t ist es?\u201c von Toys for Life hilft Kindern dabei, auf spielerische Weise die <a href=\"https:\/\/teiaeducation.ch\/de\/produkt-kategorie\/lernthemen\/mathematik-rechnen\/die-zeit\/\">Uhrzeit<\/a> zu lernen! Mit diesem praktischen, visuellen Lernspiel k\u00f6nnen Kinder lernen, die Stunden- und Minutenzeiger einer Uhr zu erkennen und die Uhrzeit von 1, 20, 12 Uhr und 13 bis 24 Uhr zu bestimmen.  <\/p>\n<p>Dieses Lernset enth\u00e4lt eine nachhaltig hergestellte Holzuhr mit beweglichen Zeigern (14 x 14 cm) und 48 Zeitkarten aus Karton. Eine Gebrauchsanweisung liegt bei, und das Set wird in einer magnetischen Aufbewahrungsbox geliefert. Alles, was Sie brauchen, um zu Hause spielerisch das Uhrlesen und die Zeitbestimmung zu lernen!  <\/p>\n<p>Toys for Life Wie sp\u00e4t ist es? ist f\u00fcr Kinder ab 5 Jahren geeignet. <\/p>\n<p>Inhalt:<\/p>\n<p>1 Holzuhr (14 x 14 cm)<br \/>\n48 Kartonkarten (6 x 6 cm)<br \/>\nGebrauchsanweisung<br \/>\nEine magnetische Aufbewahrungsbox (23 x 21 x 6 cm)<\/p>\n<h2>Uber Toys for Life<\/h2>\n<p>Die niederl\u00e4ndische Bildungsmarke <a href=\"https:\/\/teiaeducation.ch\/de\/produkt-kategorie\/unsere-marken\/toys-for-life-von-educo\/\">Toys for Life<\/a> bietet eine Reihe erschwinglicher<a href=\"\/?product_cat=traditional\"> Lern<\/a>spiele und Spielzeuge f\u00fcr den Bereich der h<a href=\"https:\/\/teiaeducation.ch\/de\/produkt-kategorie\/schulbedarf-fuer-zuhause\/\">\u00e4uslichen Bildung<\/a> an. Die Produktpalette von Toys for Life ist in drei Lehrplanbereiche unterteilt: <a href=\"https:\/\/teiaeducation.ch\/de\/produkt-kategorie\/unsere-marken\/toys-for-life-von-educo\/mathematik-toys-for-life\/\">Mathematik<\/a>, <a href=\"https:\/\/teiaeducation.ch\/de\/produkt-kategorie\/unsere-marken\/toys-for-life-von-educo\/sprache-toys-for-life\/\">Sprache<\/a> und <a href=\"https:\/\/teiaeducation.ch\/de\/produkt-kategorie\/unsere-marken\/toys-for-life-von-educo\/motorische-entwicklung-toys-for-life\/\">motorische Entwicklung<\/a>. Die Produkte werden in enger Zusammenarbeit mit dem Team hinter der Marke <a href=\"https:\/\/teiaeducation.ch\/de\/produkt-kategorie\/unsere-marken\/educo-de\/\">Educo<\/a> von Heutink International entwickelt: einer bekannten Marke, deren Produkte in den meisten Grundschulen in den Niederlanden verwendet werden und die darauf abzielt, spielerisches Lernen durch aktive, praktische Materialien zu unterst\u00fctzen und so das Wachstum und den Erfolg von Kindern im Alter von 1 bis 6 Jahren zu f\u00f6rdern. <\/p>\n<p>Alle Produkte von Toys for Life erf\u00fcllen die Anforderungen verschiedener Spielzeugsicherheitsvorschriften und entsprechen der Europ\u00e4ischen Spielzeugsicherheitsrichtlinie 2009\/48\/EG sowie den Normen EN71, ASTM und GB.<\/p>\n","protected":false},"excerpt":{"rendered":"<p>Artikelnummer: 900000110<\/p>\n<p>Wie sp\u00e4t ist es? von Toys for Life ist ein visuelles Lernspiel f\u00fcr Kinder, mit dem sie lernen, die Uhrzeit zu bestimmen und die Stunden- und Minutenzeiger einer Uhr zu erkennen! <\/p>\n","protected":false},"featured_media":72101,"comment_status":"open","ping_status":"closed","template":"","meta":[],"product_brand":[],"product_cat":[21445,21446,21479,21554,21509,21537,21675,21443,21563,21673,21482,21564],"product_tag":[32284,29241,32286,32287,32280,32283,32281,32282,32285],"class_list":{"0":"post-72098","1":"product","2":"type-product","3":"status-publish","4":"has-post-thumbnail","6":"product_cat-3-6-jahre-vorschule","7":"product_cat-6-12-jahre-grundschule","8":"product_cat-lernmaterialien-spielzeug-montessori-waldorf-steiner-froebel","9":"product_cat-die-zeit","10":"product_cat-lernthemen","11":"product_cat-mathematik-rechnen","12":"product_cat-mathematik-toys-for-life","13":"product_cat-nach-alter","14":"product_cat-neuheiten","15":"product_cat-toys-for-life-von-educo","16":"product_cat-traditionelle-bildung","17":"product_cat-unsere-marken","18":"product_tag-die-uhrzeit-lesen-lernen","19":"product_tag-lernspiele","20":"product_tag-lernspiele-fur-zu-hause","21":"product_tag-lernzeit-zu-hause","22":"product_tag-mathematik-lernmaterialien-fur-zu-hause","23":"product_tag-spiel-zum-erlernen-der-uhrzeit","24":"product_tag-toy-for-life","25":"product_tag-toy-for-life-wie-spat-ist-es","26":"product_tag-zeit-lehrmaterialien","28":"first","29":"instock","30":"taxable","31":"shipping-taxable","32":"purchasable","33":"product-type-simple"},"yoast_head":"<!-- This site is optimized with the Yoast SEO plugin v27.1.1 - https:\/\/yoast.com\/product\/yoast-seo-wordpress\/ -->\n<title>Wie sp\u00e4t ist es? - Toys for Life<\/title>\n<meta name=\"description\" content=\"Wie sp\u00e4t ist es? von Toys for Life ist ein visuelles Lernspiel f\u00fcr Kinder, mit dem sie lernen, die Uhrzeit zu bestimmen und die Stunden- und Minutenzeiger einer Uhr zu erkennen.\" \/>\n<meta name=\"robots\" content=\"index, follow, max-snippet:-1, max-image-preview:large, max-video-preview:-1\" \/>\n<link rel=\"canonical\" href=\"https:\/\/teiaeducation.ch\/de\/produkt\/wie-spaet-ist-es-toys-for-life\/\" \/>\n<meta property=\"og:locale\" content=\"de_DE\" \/>\n<meta property=\"og:type\" content=\"article\" \/>\n<meta property=\"og:title\" content=\"Wie sp\u00e4t ist es? - Toys for Life\" \/>\n<meta property=\"og:description\" content=\"Wie sp\u00e4t ist es? von Toys for Life ist ein visuelles Lernspiel f\u00fcr Kinder, mit dem sie lernen, die Uhrzeit zu bestimmen und die Stunden- und Minutenzeiger einer Uhr zu erkennen.\" \/>\n<meta property=\"og:url\" content=\"https:\/\/teiaeducation.ch\/de\/produkt\/wie-spaet-ist-es-toys-for-life\/\" \/>\n<meta property=\"og:site_name\" content=\"Sustainable Educational Products &amp; Ecological Toys\u00a0\" \/>\n<meta property=\"article:publisher\" content=\"https:\/\/www.facebook.com\/teiaeducation\/\" \/>\n<meta property=\"article:modified_time\" content=\"2025-12-02T14:00:30+00:00\" \/>\n<meta property=\"og:image\" content=\"https:\/\/teiaeducation.ch\/wp-content\/uploads\/2021\/06\/What-time-is-it-Toys-for-Life2.jpeg\" \/>\n\t<meta property=\"og:image:width\" content=\"1500\" \/>\n\t<meta property=\"og:image:height\" content=\"1500\" \/>\n\t<meta property=\"og:image:type\" content=\"image\/jpeg\" \/>\n<script type=\"application\/ld+json\" class=\"yoast-schema-graph\">{\"@context\":\"https:\/\/schema.org\",\"@graph\":[{\"@type\":\"WebPage\",\"@id\":\"https:\/\/teiaeducation.ch\/de\/produkt\/wie-spaet-ist-es-toys-for-life\/\",\"url\":\"https:\/\/teiaeducation.ch\/de\/produkt\/wie-spaet-ist-es-toys-for-life\/\",\"name\":\"Wie sp\u00e4t ist es? - Toys for Life\",\"isPartOf\":{\"@id\":\"https:\/\/teiaeducation.ch\/de\/#website\"},\"primaryImageOfPage\":{\"@id\":\"https:\/\/teiaeducation.ch\/de\/produkt\/wie-spaet-ist-es-toys-for-life\/#primaryimage\"},\"image\":{\"@id\":\"https:\/\/teiaeducation.ch\/de\/produkt\/wie-spaet-ist-es-toys-for-life\/#primaryimage\"},\"thumbnailUrl\":\"https:\/\/teiaeducation.ch\/wp-content\/uploads\/2021\/06\/What-time-is-it-Toys-for-Life2.jpeg\",\"datePublished\":\"2021-06-21T13:05:58+00:00\",\"dateModified\":\"2025-12-02T14:00:30+00:00\",\"description\":\"Wie sp\u00e4t ist es? von Toys for Life ist ein visuelles Lernspiel f\u00fcr Kinder, mit dem sie lernen, die Uhrzeit zu bestimmen und die Stunden- und Minutenzeiger einer Uhr zu erkennen.\",\"breadcrumb\":{\"@id\":\"https:\/\/teiaeducation.ch\/de\/produkt\/wie-spaet-ist-es-toys-for-life\/#breadcrumb\"},\"inLanguage\":\"de-CH\",\"potentialAction\":[{\"@type\":\"ReadAction\",\"target\":[\"https:\/\/teiaeducation.ch\/de\/produkt\/wie-spaet-ist-es-toys-for-life\/\"]}]},{\"@type\":\"ImageObject\",\"inLanguage\":\"de-CH\",\"@id\":\"https:\/\/teiaeducation.ch\/de\/produkt\/wie-spaet-ist-es-toys-for-life\/#primaryimage\",\"url\":\"https:\/\/teiaeducation.ch\/wp-content\/uploads\/2021\/06\/What-time-is-it-Toys-for-Life2.jpeg\",\"contentUrl\":\"https:\/\/teiaeducation.ch\/wp-content\/uploads\/2021\/06\/What-time-is-it-Toys-for-Life2.jpeg\",\"width\":1500,\"height\":1500,\"caption\":\"Toys for Life\"},{\"@type\":\"BreadcrumbList\",\"@id\":\"https:\/\/teiaeducation.ch\/de\/produkt\/wie-spaet-ist-es-toys-for-life\/#breadcrumb\",\"itemListElement\":[{\"@type\":\"ListItem\",\"position\":1,\"name\":\"Home\",\"item\":\"https:\/\/teiaeducation.ch\/de\/\"},{\"@type\":\"ListItem\",\"position\":2,\"name\":\"Laden\",\"item\":\"https:\/\/teiaeducation.ch\/de\/shop\/\"},{\"@type\":\"ListItem\",\"position\":3,\"name\":\"Wie sp\u00e4t ist es? &#8211; Toys for Life\"}]},{\"@type\":\"WebSite\",\"@id\":\"https:\/\/teiaeducation.ch\/de\/#website\",\"url\":\"https:\/\/teiaeducation.ch\/de\/\",\"name\":\"Sustainable Educational Products &amp; Ecological Toys\u00a0\",\"description\":\"Specialised Swiss shop selling sustainable educational toys and games, AMI certified Montessori materials, handmade ecological wooden Waldorf toys and arts &amp; crafts supplies, school supplies, children&#039;s furniture and Montessori reference and parenting books.\",\"publisher\":{\"@id\":\"https:\/\/teiaeducation.ch\/de\/#organization\"},\"alternateName\":\"Teia Education & Play\",\"potentialAction\":[{\"@type\":\"SearchAction\",\"target\":{\"@type\":\"EntryPoint\",\"urlTemplate\":\"https:\/\/teiaeducation.ch\/de\/?s={search_term_string}\"},\"query-input\":{\"@type\":\"PropertyValueSpecification\",\"valueRequired\":true,\"valueName\":\"search_term_string\"}}],\"inLanguage\":\"de-CH\"},{\"@type\":\"Organization\",\"@id\":\"https:\/\/teiaeducation.ch\/de\/#organization\",\"name\":\"Teia Education & Play\",\"url\":\"https:\/\/teiaeducation.ch\/de\/\",\"logo\":{\"@type\":\"ImageObject\",\"inLanguage\":\"de-CH\",\"@id\":\"https:\/\/teiaeducation.ch\/de\/#\/schema\/logo\/image\/\",\"url\":\"https:\/\/teiaeducation.ch\/wp-content\/uploads\/2020\/11\/Teia-Education-Switzerland-e1620156442216.jpg\",\"contentUrl\":\"https:\/\/teiaeducation.ch\/wp-content\/uploads\/2020\/11\/Teia-Education-Switzerland-e1620156442216.jpg\",\"width\":166,\"height\":145,\"caption\":\"Teia Education & Play\"},\"image\":{\"@id\":\"https:\/\/teiaeducation.ch\/de\/#\/schema\/logo\/image\/\"},\"sameAs\":[\"https:\/\/www.facebook.com\/teiaeducation\/\",\"https:\/\/x.com\/EducationTeia\",\"https:\/\/www.instagram.com\/teia.education\/\",\"https:\/\/www.linkedin.com\/company\/35501660\",\"https:\/\/www.pinterest.ch\/TeiaEducation\/\"]}]}<\/script>\n<!-- \/ Yoast SEO plugin. -->","yoast_head_json":{"title":"Wie sp\u00e4t ist es? - Toys for Life","description":"Wie sp\u00e4t ist es? von Toys for Life ist ein visuelles Lernspiel f\u00fcr Kinder, mit dem sie lernen, die Uhrzeit zu bestimmen und die Stunden- und Minutenzeiger einer Uhr zu erkennen.","robots":{"index":"index","follow":"follow","max-snippet":"max-snippet:-1","max-image-preview":"max-image-preview:large","max-video-preview":"max-video-preview:-1"},"canonical":"https:\/\/teiaeducation.ch\/de\/produkt\/wie-spaet-ist-es-toys-for-life\/","og_locale":"de_DE","og_type":"article","og_title":"Wie sp\u00e4t ist es? - Toys for Life","og_description":"Wie sp\u00e4t ist es? von Toys for Life ist ein visuelles Lernspiel f\u00fcr Kinder, mit dem sie lernen, die Uhrzeit zu bestimmen und die Stunden- und Minutenzeiger einer Uhr zu erkennen.","og_url":"https:\/\/teiaeducation.ch\/de\/produkt\/wie-spaet-ist-es-toys-for-life\/","og_site_name":"Sustainable Educational Products &amp; Ecological Toys\u00a0","article_publisher":"https:\/\/www.facebook.com\/teiaeducation\/","article_modified_time":"2025-12-02T14:00:30+00:00","og_image":[{"width":1500,"height":1500,"url":"https:\/\/teiaeducation.ch\/wp-content\/uploads\/2021\/06\/What-time-is-it-Toys-for-Life2.jpeg","type":"image\/jpeg"}],"schema":{"@context":"https:\/\/schema.org","@graph":[{"@type":"WebPage","@id":"https:\/\/teiaeducation.ch\/de\/produkt\/wie-spaet-ist-es-toys-for-life\/","url":"https:\/\/teiaeducation.ch\/de\/produkt\/wie-spaet-ist-es-toys-for-life\/","name":"Wie sp\u00e4t ist es? - Toys for Life","isPartOf":{"@id":"https:\/\/teiaeducation.ch\/de\/#website"},"primaryImageOfPage":{"@id":"https:\/\/teiaeducation.ch\/de\/produkt\/wie-spaet-ist-es-toys-for-life\/#primaryimage"},"image":{"@id":"https:\/\/teiaeducation.ch\/de\/produkt\/wie-spaet-ist-es-toys-for-life\/#primaryimage"},"thumbnailUrl":"https:\/\/teiaeducation.ch\/wp-content\/uploads\/2021\/06\/What-time-is-it-Toys-for-Life2.jpeg","datePublished":"2021-06-21T13:05:58+00:00","dateModified":"2025-12-02T14:00:30+00:00","description":"Wie sp\u00e4t ist es? von Toys for Life ist ein visuelles Lernspiel f\u00fcr Kinder, mit dem sie lernen, die Uhrzeit zu bestimmen und die Stunden- und Minutenzeiger einer Uhr zu erkennen.","breadcrumb":{"@id":"https:\/\/teiaeducation.ch\/de\/produkt\/wie-spaet-ist-es-toys-for-life\/#breadcrumb"},"inLanguage":"de-CH","potentialAction":[{"@type":"ReadAction","target":["https:\/\/teiaeducation.ch\/de\/produkt\/wie-spaet-ist-es-toys-for-life\/"]}]},{"@type":"ImageObject","inLanguage":"de-CH","@id":"https:\/\/teiaeducation.ch\/de\/produkt\/wie-spaet-ist-es-toys-for-life\/#primaryimage","url":"https:\/\/teiaeducation.ch\/wp-content\/uploads\/2021\/06\/What-time-is-it-Toys-for-Life2.jpeg","contentUrl":"https:\/\/teiaeducation.ch\/wp-content\/uploads\/2021\/06\/What-time-is-it-Toys-for-Life2.jpeg","width":1500,"height":1500,"caption":"Toys for Life"},{"@type":"BreadcrumbList","@id":"https:\/\/teiaeducation.ch\/de\/produkt\/wie-spaet-ist-es-toys-for-life\/#breadcrumb","itemListElement":[{"@type":"ListItem","position":1,"name":"Home","item":"https:\/\/teiaeducation.ch\/de\/"},{"@type":"ListItem","position":2,"name":"Laden","item":"https:\/\/teiaeducation.ch\/de\/shop\/"},{"@type":"ListItem","position":3,"name":"Wie sp\u00e4t ist es? &#8211; Toys for Life"}]},{"@type":"WebSite","@id":"https:\/\/teiaeducation.ch\/de\/#website","url":"https:\/\/teiaeducation.ch\/de\/","name":"Sustainable Educational Products &amp; Ecological Toys\u00a0","description":"Specialised Swiss shop selling sustainable educational toys and games, AMI certified Montessori materials, handmade ecological wooden Waldorf toys and arts &amp; crafts supplies, school supplies, children&#039;s furniture and Montessori reference and parenting books.","publisher":{"@id":"https:\/\/teiaeducation.ch\/de\/#organization"},"alternateName":"Teia Education & Play","potentialAction":[{"@type":"SearchAction","target":{"@type":"EntryPoint","urlTemplate":"https:\/\/teiaeducation.ch\/de\/?s={search_term_string}"},"query-input":{"@type":"PropertyValueSpecification","valueRequired":true,"valueName":"search_term_string"}}],"inLanguage":"de-CH"},{"@type":"Organization","@id":"https:\/\/teiaeducation.ch\/de\/#organization","name":"Teia Education & Play","url":"https:\/\/teiaeducation.ch\/de\/","logo":{"@type":"ImageObject","inLanguage":"de-CH","@id":"https:\/\/teiaeducation.ch\/de\/#\/schema\/logo\/image\/","url":"https:\/\/teiaeducation.ch\/wp-content\/uploads\/2020\/11\/Teia-Education-Switzerland-e1620156442216.jpg","contentUrl":"https:\/\/teiaeducation.ch\/wp-content\/uploads\/2020\/11\/Teia-Education-Switzerland-e1620156442216.jpg","width":166,"height":145,"caption":"Teia Education & Play"},"image":{"@id":"https:\/\/teiaeducation.ch\/de\/#\/schema\/logo\/image\/"},"sameAs":["https:\/\/www.facebook.com\/teiaeducation\/","https:\/\/x.com\/EducationTeia","https:\/\/www.instagram.com\/teia.education\/","https:\/\/www.linkedin.com\/company\/35501660","https:\/\/www.pinterest.ch\/TeiaEducation\/"]}]}},"_links":{"self":[{"href":"https:\/\/teiaeducation.ch\/de\/wp-json\/wp\/v2\/product\/72098","targetHints":{"allow":["GET"]}}],"collection":[{"href":"https:\/\/teiaeducation.ch\/de\/wp-json\/wp\/v2\/product"}],"about":[{"href":"https:\/\/teiaeducation.ch\/de\/wp-json\/wp\/v2\/types\/product"}],"replies":[{"embeddable":true,"href":"https:\/\/teiaeducation.ch\/de\/wp-json\/wp\/v2\/comments?post=72098"}],"wp:featuredmedia":[{"embeddable":true,"href":"https:\/\/teiaeducation.ch\/de\/wp-json\/wp\/v2\/media\/72101"}],"wp:attachment":[{"href":"https:\/\/teiaeducation.ch\/de\/wp-json\/wp\/v2\/media?parent=72098"}],"wp:term":[{"taxonomy":"product_brand","embeddable":true,"href":"https:\/\/teiaeducation.ch\/de\/wp-json\/wp\/v2\/product_brand?post=72098"},{"taxonomy":"product_cat","embeddable":true,"href":"https:\/\/teiaeducation.ch\/de\/wp-json\/wp\/v2\/product_cat?post=72098"},{"taxonomy":"product_tag","embeddable":true,"href":"https:\/\/teiaeducation.ch\/de\/wp-json\/wp\/v2\/product_tag?post=72098"}],"curies":[{"name":"wp","href":"https:\/\/api.w.org\/{rel}","templated":true}]}}