{"id":72132,"date":"2023-09-25T09:23:25","date_gmt":"2023-09-25T07:23:25","guid":{"rendered":"https:\/\/teiaeducation.ch\/product\/sechseck-motiv-natur-toys-for-life\/"},"modified":"2025-12-08T12:52:56","modified_gmt":"2025-12-08T11:52:56","slug":"sechseck-motiv-natur-toys-for-life","status":"publish","type":"product","link":"https:\/\/teiaeducation.ch\/de\/produkt\/sechseck-motiv-natur-toys-for-life\/","title":{"rendered":"Sechseck-Motiv Natur \u2013 Toys for Life"},"content":{"rendered":"<p>Das Lernspiel \u201eSechseck-Motiv Natur\u201c von Toys for Life hilft Kindern, auf spielerische Weise etwas \u00fcber Tiere und die <a href=\"https:\/\/teiaeducation.ch\/de\/produkt-kategorie\/kinder-spielzeug\/naturspiel\/\">Natur<\/a> zu lernen! Dieses praktische, visuelle Lernspiel konzentriert sich darauf, die Namen von Tieren (Fauna), Blumen, Pflanzen und B\u00e4umen (Flora) im richtigen Kontext zu lernen. Das Spiel f\u00f6rdert au\u00dferdem die Konzentrationsf\u00e4higkeit und entwickelt die <a href=\"https:\/\/teiaeducation.ch\/de\/produkt-kategorie\/lernthemen\/sensorische-motorische-fertigkeiten\/motorische-fertigkeiten\/\">Feinmotorik<\/a>, die visuelle Unterscheidungsf\u00e4higkeit, die r\u00e4umliche Orientierung und den <a href=\"https:\/\/teiaeducation.ch\/de\/produkt-kategorie\/lernthemen\/alphabetisierung-sprache\/wortschatz\/\">Wortschatz<\/a>.  <\/p>\n<p>Das Ziel des Spiels ist es, durch das Zusammenf\u00fcgen von Bildern eine Figur zu erstellen.<\/p>\n<p>Um die F\u00e4higkeiten des gemeinsamen Spielens zu entwickeln, kann das Sechseck-Spiel zu zweit gespielt werden, indem man abwechselnd ein Sechseck legt, um gemeinsam eine gro\u00dfe Form zu erstellen.<\/p>\n<p>Das Spiel kann auch im Kinderkreis gespielt werden: Jedes Kind erh\u00e4lt eine Bildkarte. Ein Kind macht das Ger\u00e4usch eines Tieres. Wer hat eine Karte, auf der das Bild zu diesem Ger\u00e4usch passt? Benennen Sie das Tier.   <\/p>\n<p>Sechseck-Motiv Natur ist f\u00fcr Kinder im Alter von 4 bis 8 Jahren geeignet.<\/p>\n<p>Inhalt:<\/p>\n<p>30 Holzsechsecke mit Naturmotiven (9,5 x 9,5 cm)<br \/>\nEine Gebrauchsanweisung<br \/>\nEine magnetische Aufbewahrungsbox (21 x 12 x 6 cm)<\/p>\n<h2>Uber Toys for Life<\/h2>\n<p>Die niederl\u00e4ndische Bildungsmarke <a href=\"https:\/\/teiaeducation.ch\/de\/produkt-kategorie\/unsere-marken\/toys-for-life-von-educo\/\">Toys for Life<\/a> bietet eine Reihe erschwinglicher<a href=\"\/?product_cat=traditional\"> Lern<\/a>spiele und Spielzeuge f\u00fcr den Bereich der h<a href=\"https:\/\/teiaeducation.ch\/de\/produkt-kategorie\/schulbedarf-fuer-zuhause\/\">\u00e4uslichen Bildung<\/a> an. Die Produktpalette von Toys for Life ist in drei Lehrplanbereiche unterteilt: <a href=\"https:\/\/teiaeducation.ch\/de\/produkt-kategorie\/unsere-marken\/toys-for-life-von-educo\/mathematik-toys-for-life\/\">Mathematik<\/a>, <a href=\"https:\/\/teiaeducation.ch\/de\/produkt-kategorie\/unsere-marken\/toys-for-life-von-educo\/sprache-toys-for-life\/\">Sprache<\/a> und <a href=\"https:\/\/teiaeducation.ch\/de\/produkt-kategorie\/unsere-marken\/toys-for-life-von-educo\/motorische-entwicklung-toys-for-life\/\">motorische Entwicklung<\/a>. Die Produkte werden in enger Zusammenarbeit mit dem Team hinter der Marke <a href=\"https:\/\/teiaeducation.ch\/de\/produkt-kategorie\/unsere-marken\/educo-de\/\">Educo<\/a> von Heutink International entwickelt: einer bekannten Marke, deren Produkte in den meisten Grundschulen in den Niederlanden verwendet werden und die darauf abzielt, spielerisches Lernen durch aktive, praktische Materialien zu unterst\u00fctzen und so das Wachstum und den Erfolg von Kindern im Alter von 1 bis 6 Jahren zu f\u00f6rdern. <\/p>\n<p>Alle Produkte von Toys for Life erf\u00fcllen die Anforderungen verschiedener Spielzeugsicherheitsvorschriften und entsprechen der Europ\u00e4ischen Spielzeugsicherheitsrichtlinie 2009\/48\/EG sowie den Normen EN71, ASTM und GB.<\/p>\n","protected":false},"excerpt":{"rendered":"<p>Artikelnummer: 900000374<\/p>\n<p>Das Lernspiel \u201eSechseck-Motiv Natur\u201c von Toys for Life hilft dabei, auf spielerische Weise etwas \u00fcber die Natur, die Namen von Tieren, Pflanzen, B\u00e4umen und Blumen zu lernen!<\/p>\n","protected":false},"featured_media":56083,"comment_status":"open","ping_status":"closed","template":"","meta":[],"product_brand":[],"product_cat":[21445,21446,21524,21479,21512,26163,21491,21484,21510,21509,21559,21443,21563,21494,21495,21557,21511,21673,21482,21564,21536,21526],"product_tag":[32290,32303,32301,32297,32299,32298,32300,32293,32294,26515,32291,32292,32296,32295,32288,32289],"class_list":{"0":"post-72132","1":"product","2":"type-product","3":"status-publish","4":"has-post-thumbnail","6":"product_cat-3-6-jahre-vorschule","7":"product_cat-6-12-jahre-grundschule","8":"product_cat-alphabetisierung-sprache","9":"product_cat-lernmaterialien-spielzeug-montessori-waldorf-steiner-froebel","10":"product_cat-botanik","11":"product_cat-die-natur","12":"product_cat-geschenk-guide-lerngeschenke","13":"product_cat-geschenk-guides","14":"product_cat-kultur-wissenschaft","15":"product_cat-lernthemen","16":"product_cat-motorische-fertigkeiten","17":"product_cat-nach-alter","18":"product_cat-neuheiten","19":"product_cat-schulbedarf-fuer-zuhause","20":"product_cat-schulbedarf-fuer-zuhause-3-6-jahre","21":"product_cat-sensorische-motorische-fertigkeiten","22":"product_cat-tiergeographie-zoologie","23":"product_cat-toys-for-life-von-educo","24":"product_cat-traditionelle-bildung","25":"product_cat-unsere-marken","26":"product_cat-wortschatz","27":"product_cat-zusammenarbeit","28":"product_tag-holzspielzeug-fur-naturwissenschaften","29":"product_tag-lernspiel-uber-baume","30":"product_tag-lernspiel-uber-blumen","31":"product_tag-lernspiel-uber-die-natur","32":"product_tag-lernspiel-uber-die-tierwelt","33":"product_tag-lernspiel-uber-flora","34":"product_tag-lernspiel-uber-pflanzen","35":"product_tag-lernspiel-uber-tiere","36":"product_tag-lernspiel-zum-erlernen-von-tiernamen","37":"product_tag-lernspielzeug","38":"product_tag-motorik-lernspiel","39":"product_tag-motorrad-fahigkeiten-spielzeug","40":"product_tag-sechseck-motiv-natur-toys-for-life","41":"product_tag-sprachlernmaterialien-fur-zu-hause","42":"product_tag-toys-for-life","43":"product_tag-unterhaltsames-wissenschaftsspielzeug","45":"first","46":"outofstock","47":"taxable","48":"shipping-taxable","49":"purchasable","50":"product-type-simple"},"yoast_head":"<!-- This site is optimized with the Yoast SEO plugin v27.3 - https:\/\/yoast.com\/product\/yoast-seo-wordpress\/ -->\n<title>Sechseck-Motiv Natur \u2013 Toys for Life - Teia Education &amp; Play<\/title>\n<meta name=\"description\" content=\"Das Lernspiel \u201eSechseck-Motiv Natur\u201c von Toys for Life hilft dabei, auf spielerische Weise etwas \u00fcber die Natur, die Namen von Tieren, Pflanzen, B\u00e4umen und Blumen zu lernen!\" \/>\n<meta name=\"robots\" content=\"index, follow, max-snippet:-1, max-image-preview:large, max-video-preview:-1\" \/>\n<link rel=\"canonical\" href=\"https:\/\/teiaeducation.ch\/de\/produkt\/sechseck-motiv-natur-toys-for-life\/\" \/>\n<meta property=\"og:locale\" content=\"de_DE\" \/>\n<meta property=\"og:type\" content=\"article\" \/>\n<meta property=\"og:title\" content=\"Sechseck-Motiv Natur \u2013 Toys for Life - Teia Education &amp; Play\" \/>\n<meta property=\"og:description\" content=\"Das Lernspiel \u201eSechseck-Motiv Natur\u201c von Toys for Life hilft dabei, auf spielerische Weise etwas \u00fcber die Natur, die Namen von Tieren, Pflanzen, B\u00e4umen und Blumen zu lernen!\" \/>\n<meta property=\"og:url\" content=\"https:\/\/teiaeducation.ch\/de\/produkt\/sechseck-motiv-natur-toys-for-life\/\" \/>\n<meta property=\"og:site_name\" content=\"Sustainable Educational Products &amp; Ecological Toys\u00a0\" \/>\n<meta property=\"article:publisher\" content=\"https:\/\/www.facebook.com\/teiaeducation\/\" \/>\n<meta property=\"article:modified_time\" content=\"2025-12-08T11:52:56+00:00\" \/>\n<meta property=\"og:image\" content=\"https:\/\/teiaeducation.ch\/wp-content\/uploads\/2023\/09\/Hexagon-theme-nature-Toys-for-Life--scaled.jpg\" \/>\n\t<meta property=\"og:image:width\" content=\"2048\" \/>\n\t<meta property=\"og:image:height\" content=\"2048\" \/>\n\t<meta property=\"og:image:type\" content=\"image\/jpeg\" \/>\n<script type=\"application\/ld+json\" class=\"yoast-schema-graph\">{\"@context\":\"https:\\\/\\\/schema.org\",\"@graph\":[{\"@type\":\"WebPage\",\"@id\":\"https:\\\/\\\/teiaeducation.ch\\\/de\\\/produkt\\\/sechseck-motiv-natur-toys-for-life\\\/\",\"url\":\"https:\\\/\\\/teiaeducation.ch\\\/de\\\/produkt\\\/sechseck-motiv-natur-toys-for-life\\\/\",\"name\":\"Sechseck-Motiv Natur \u2013 Toys for Life - Teia Education & Play\",\"isPartOf\":{\"@id\":\"https:\\\/\\\/teiaeducation.ch\\\/de\\\/#website\"},\"primaryImageOfPage\":{\"@id\":\"https:\\\/\\\/teiaeducation.ch\\\/de\\\/produkt\\\/sechseck-motiv-natur-toys-for-life\\\/#primaryimage\"},\"image\":{\"@id\":\"https:\\\/\\\/teiaeducation.ch\\\/de\\\/produkt\\\/sechseck-motiv-natur-toys-for-life\\\/#primaryimage\"},\"thumbnailUrl\":\"https:\\\/\\\/teiaeducation.ch\\\/wp-content\\\/uploads\\\/2023\\\/09\\\/Hexagon-theme-nature-Toys-for-Life--scaled.jpg\",\"datePublished\":\"2023-09-25T07:23:25+00:00\",\"dateModified\":\"2025-12-08T11:52:56+00:00\",\"description\":\"Das Lernspiel \u201eSechseck-Motiv Natur\u201c von Toys for Life hilft dabei, auf spielerische Weise etwas \u00fcber die Natur, die Namen von Tieren, Pflanzen, B\u00e4umen und Blumen zu lernen!\",\"breadcrumb\":{\"@id\":\"https:\\\/\\\/teiaeducation.ch\\\/de\\\/produkt\\\/sechseck-motiv-natur-toys-for-life\\\/#breadcrumb\"},\"inLanguage\":\"de-CH\",\"potentialAction\":[{\"@type\":\"ReadAction\",\"target\":[\"https:\\\/\\\/teiaeducation.ch\\\/de\\\/produkt\\\/sechseck-motiv-natur-toys-for-life\\\/\"]}]},{\"@type\":\"ImageObject\",\"inLanguage\":\"de-CH\",\"@id\":\"https:\\\/\\\/teiaeducation.ch\\\/de\\\/produkt\\\/sechseck-motiv-natur-toys-for-life\\\/#primaryimage\",\"url\":\"https:\\\/\\\/teiaeducation.ch\\\/wp-content\\\/uploads\\\/2023\\\/09\\\/Hexagon-theme-nature-Toys-for-Life--scaled.jpg\",\"contentUrl\":\"https:\\\/\\\/teiaeducation.ch\\\/wp-content\\\/uploads\\\/2023\\\/09\\\/Hexagon-theme-nature-Toys-for-Life--scaled.jpg\",\"width\":2048,\"height\":2048,\"caption\":\"Sechseck-Motiv Natur Toys for Life Tiere Natur Lernspiel\"},{\"@type\":\"BreadcrumbList\",\"@id\":\"https:\\\/\\\/teiaeducation.ch\\\/de\\\/produkt\\\/sechseck-motiv-natur-toys-for-life\\\/#breadcrumb\",\"itemListElement\":[{\"@type\":\"ListItem\",\"position\":1,\"name\":\"Home\",\"item\":\"https:\\\/\\\/teiaeducation.ch\\\/de\\\/\"},{\"@type\":\"ListItem\",\"position\":2,\"name\":\"Laden\",\"item\":\"https:\\\/\\\/teiaeducation.ch\\\/de\\\/shop\\\/\"},{\"@type\":\"ListItem\",\"position\":3,\"name\":\"Sechseck-Motiv Natur \u2013 Toys for Life\"}]},{\"@type\":\"WebSite\",\"@id\":\"https:\\\/\\\/teiaeducation.ch\\\/de\\\/#website\",\"url\":\"https:\\\/\\\/teiaeducation.ch\\\/de\\\/\",\"name\":\"Sustainable Educational Products &amp; Ecological Toys\u00a0\",\"description\":\"Specialised Swiss shop selling sustainable educational toys and games, AMI certified Montessori materials, handmade ecological wooden Waldorf toys and arts &amp; crafts supplies, school supplies, children&#039;s furniture and Montessori reference and parenting books.\",\"publisher\":{\"@id\":\"https:\\\/\\\/teiaeducation.ch\\\/de\\\/#organization\"},\"alternateName\":\"Teia Education & Play\",\"potentialAction\":[{\"@type\":\"SearchAction\",\"target\":{\"@type\":\"EntryPoint\",\"urlTemplate\":\"https:\\\/\\\/teiaeducation.ch\\\/de\\\/?s={search_term_string}\"},\"query-input\":{\"@type\":\"PropertyValueSpecification\",\"valueRequired\":true,\"valueName\":\"search_term_string\"}}],\"inLanguage\":\"de-CH\"},{\"@type\":\"Organization\",\"@id\":\"https:\\\/\\\/teiaeducation.ch\\\/de\\\/#organization\",\"name\":\"Teia Education & Play\",\"url\":\"https:\\\/\\\/teiaeducation.ch\\\/de\\\/\",\"logo\":{\"@type\":\"ImageObject\",\"inLanguage\":\"de-CH\",\"@id\":\"https:\\\/\\\/teiaeducation.ch\\\/de\\\/#\\\/schema\\\/logo\\\/image\\\/\",\"url\":\"https:\\\/\\\/teiaeducation.ch\\\/wp-content\\\/uploads\\\/2020\\\/11\\\/Teia-Education-Switzerland-e1620156442216.jpg\",\"contentUrl\":\"https:\\\/\\\/teiaeducation.ch\\\/wp-content\\\/uploads\\\/2020\\\/11\\\/Teia-Education-Switzerland-e1620156442216.jpg\",\"width\":166,\"height\":145,\"caption\":\"Teia Education & Play\"},\"image\":{\"@id\":\"https:\\\/\\\/teiaeducation.ch\\\/de\\\/#\\\/schema\\\/logo\\\/image\\\/\"},\"sameAs\":[\"https:\\\/\\\/www.facebook.com\\\/teiaeducation\\\/\",\"https:\\\/\\\/x.com\\\/EducationTeia\",\"https:\\\/\\\/www.instagram.com\\\/teia.education\\\/\",\"https:\\\/\\\/www.linkedin.com\\\/company\\\/35501660\",\"https:\\\/\\\/www.pinterest.ch\\\/TeiaEducation\\\/\"]}]}<\/script>\n<!-- \/ Yoast SEO plugin. -->","yoast_head_json":{"title":"Sechseck-Motiv Natur \u2013 Toys for Life - Teia Education & Play","description":"Das Lernspiel \u201eSechseck-Motiv Natur\u201c von Toys for Life hilft dabei, auf spielerische Weise etwas \u00fcber die Natur, die Namen von Tieren, Pflanzen, B\u00e4umen und Blumen zu lernen!","robots":{"index":"index","follow":"follow","max-snippet":"max-snippet:-1","max-image-preview":"max-image-preview:large","max-video-preview":"max-video-preview:-1"},"canonical":"https:\/\/teiaeducation.ch\/de\/produkt\/sechseck-motiv-natur-toys-for-life\/","og_locale":"de_DE","og_type":"article","og_title":"Sechseck-Motiv Natur \u2013 Toys for Life - Teia Education & Play","og_description":"Das Lernspiel \u201eSechseck-Motiv Natur\u201c von Toys for Life hilft dabei, auf spielerische Weise etwas \u00fcber die Natur, die Namen von Tieren, Pflanzen, B\u00e4umen und Blumen zu lernen!","og_url":"https:\/\/teiaeducation.ch\/de\/produkt\/sechseck-motiv-natur-toys-for-life\/","og_site_name":"Sustainable Educational Products &amp; Ecological Toys\u00a0","article_publisher":"https:\/\/www.facebook.com\/teiaeducation\/","article_modified_time":"2025-12-08T11:52:56+00:00","og_image":[{"width":2048,"height":2048,"url":"https:\/\/teiaeducation.ch\/wp-content\/uploads\/2023\/09\/Hexagon-theme-nature-Toys-for-Life--scaled.jpg","type":"image\/jpeg"}],"schema":{"@context":"https:\/\/schema.org","@graph":[{"@type":"WebPage","@id":"https:\/\/teiaeducation.ch\/de\/produkt\/sechseck-motiv-natur-toys-for-life\/","url":"https:\/\/teiaeducation.ch\/de\/produkt\/sechseck-motiv-natur-toys-for-life\/","name":"Sechseck-Motiv Natur \u2013 Toys for Life - Teia Education & Play","isPartOf":{"@id":"https:\/\/teiaeducation.ch\/de\/#website"},"primaryImageOfPage":{"@id":"https:\/\/teiaeducation.ch\/de\/produkt\/sechseck-motiv-natur-toys-for-life\/#primaryimage"},"image":{"@id":"https:\/\/teiaeducation.ch\/de\/produkt\/sechseck-motiv-natur-toys-for-life\/#primaryimage"},"thumbnailUrl":"https:\/\/teiaeducation.ch\/wp-content\/uploads\/2023\/09\/Hexagon-theme-nature-Toys-for-Life--scaled.jpg","datePublished":"2023-09-25T07:23:25+00:00","dateModified":"2025-12-08T11:52:56+00:00","description":"Das Lernspiel \u201eSechseck-Motiv Natur\u201c von Toys for Life hilft dabei, auf spielerische Weise etwas \u00fcber die Natur, die Namen von Tieren, Pflanzen, B\u00e4umen und Blumen zu lernen!","breadcrumb":{"@id":"https:\/\/teiaeducation.ch\/de\/produkt\/sechseck-motiv-natur-toys-for-life\/#breadcrumb"},"inLanguage":"de-CH","potentialAction":[{"@type":"ReadAction","target":["https:\/\/teiaeducation.ch\/de\/produkt\/sechseck-motiv-natur-toys-for-life\/"]}]},{"@type":"ImageObject","inLanguage":"de-CH","@id":"https:\/\/teiaeducation.ch\/de\/produkt\/sechseck-motiv-natur-toys-for-life\/#primaryimage","url":"https:\/\/teiaeducation.ch\/wp-content\/uploads\/2023\/09\/Hexagon-theme-nature-Toys-for-Life--scaled.jpg","contentUrl":"https:\/\/teiaeducation.ch\/wp-content\/uploads\/2023\/09\/Hexagon-theme-nature-Toys-for-Life--scaled.jpg","width":2048,"height":2048,"caption":"Sechseck-Motiv Natur Toys for Life Tiere Natur Lernspiel"},{"@type":"BreadcrumbList","@id":"https:\/\/teiaeducation.ch\/de\/produkt\/sechseck-motiv-natur-toys-for-life\/#breadcrumb","itemListElement":[{"@type":"ListItem","position":1,"name":"Home","item":"https:\/\/teiaeducation.ch\/de\/"},{"@type":"ListItem","position":2,"name":"Laden","item":"https:\/\/teiaeducation.ch\/de\/shop\/"},{"@type":"ListItem","position":3,"name":"Sechseck-Motiv Natur \u2013 Toys for Life"}]},{"@type":"WebSite","@id":"https:\/\/teiaeducation.ch\/de\/#website","url":"https:\/\/teiaeducation.ch\/de\/","name":"Sustainable Educational Products &amp; Ecological Toys\u00a0","description":"Specialised Swiss shop selling sustainable educational toys and games, AMI certified Montessori materials, handmade ecological wooden Waldorf toys and arts &amp; crafts supplies, school supplies, children&#039;s furniture and Montessori reference and parenting books.","publisher":{"@id":"https:\/\/teiaeducation.ch\/de\/#organization"},"alternateName":"Teia Education & Play","potentialAction":[{"@type":"SearchAction","target":{"@type":"EntryPoint","urlTemplate":"https:\/\/teiaeducation.ch\/de\/?s={search_term_string}"},"query-input":{"@type":"PropertyValueSpecification","valueRequired":true,"valueName":"search_term_string"}}],"inLanguage":"de-CH"},{"@type":"Organization","@id":"https:\/\/teiaeducation.ch\/de\/#organization","name":"Teia Education & Play","url":"https:\/\/teiaeducation.ch\/de\/","logo":{"@type":"ImageObject","inLanguage":"de-CH","@id":"https:\/\/teiaeducation.ch\/de\/#\/schema\/logo\/image\/","url":"https:\/\/teiaeducation.ch\/wp-content\/uploads\/2020\/11\/Teia-Education-Switzerland-e1620156442216.jpg","contentUrl":"https:\/\/teiaeducation.ch\/wp-content\/uploads\/2020\/11\/Teia-Education-Switzerland-e1620156442216.jpg","width":166,"height":145,"caption":"Teia Education & Play"},"image":{"@id":"https:\/\/teiaeducation.ch\/de\/#\/schema\/logo\/image\/"},"sameAs":["https:\/\/www.facebook.com\/teiaeducation\/","https:\/\/x.com\/EducationTeia","https:\/\/www.instagram.com\/teia.education\/","https:\/\/www.linkedin.com\/company\/35501660","https:\/\/www.pinterest.ch\/TeiaEducation\/"]}]}},"_links":{"self":[{"href":"https:\/\/teiaeducation.ch\/de\/wp-json\/wp\/v2\/product\/72132","targetHints":{"allow":["GET"]}}],"collection":[{"href":"https:\/\/teiaeducation.ch\/de\/wp-json\/wp\/v2\/product"}],"about":[{"href":"https:\/\/teiaeducation.ch\/de\/wp-json\/wp\/v2\/types\/product"}],"replies":[{"embeddable":true,"href":"https:\/\/teiaeducation.ch\/de\/wp-json\/wp\/v2\/comments?post=72132"}],"wp:featuredmedia":[{"embeddable":true,"href":"https:\/\/teiaeducation.ch\/de\/wp-json\/wp\/v2\/media\/56083"}],"wp:attachment":[{"href":"https:\/\/teiaeducation.ch\/de\/wp-json\/wp\/v2\/media?parent=72132"}],"wp:term":[{"taxonomy":"product_brand","embeddable":true,"href":"https:\/\/teiaeducation.ch\/de\/wp-json\/wp\/v2\/product_brand?post=72132"},{"taxonomy":"product_cat","embeddable":true,"href":"https:\/\/teiaeducation.ch\/de\/wp-json\/wp\/v2\/product_cat?post=72132"},{"taxonomy":"product_tag","embeddable":true,"href":"https:\/\/teiaeducation.ch\/de\/wp-json\/wp\/v2\/product_tag?post=72132"}],"curies":[{"name":"wp","href":"https:\/\/api.w.org\/{rel}","templated":true}]}}