{"id":72134,"date":"2023-09-25T08:46:21","date_gmt":"2023-09-25T06:46:21","guid":{"rendered":"https:\/\/teiaeducation.ch\/product\/schrauben-und-muttern-toys-for-life\/"},"modified":"2025-12-08T13:16:24","modified_gmt":"2025-12-08T12:16:24","slug":"schrauben-und-muttern-toys-for-life","status":"publish","type":"product","link":"https:\/\/teiaeducation.ch\/de\/produkt\/schrauben-und-muttern-toys-for-life\/","title":{"rendered":"Schrauben und Muttern &#8211; Toys for Life"},"content":{"rendered":"<p>Das Lernspiel \u201eSchrauben und Muttern\u201c von Toys for Life hilft Kindern dabei, auf spielerische Weise Bewegungen des Ellenbogens und Handgelenks zu \u00fcben! Dieses praktische, visuelle Spiel hilft Kindern dabei, <a href=\"https:\/\/teiaeducation.ch\/de\/produkt-kategorie\/lernthemen\/mathematik-rechnen\/formen\/\">Formen<\/a> und 24 verschiedene <a href=\"https:\/\/teiaeducation.ch\/de\/produkt-kategorie\/lernthemen\/sensorische-motorische-fertigkeiten\/farbe-lernen\/\">Farben<\/a> kennenzulernen und gleichzeitig ihre Hand-Augen-Koordination und <a href=\"https:\/\/teiaeducation.ch\/de\/produkt-kategorie\/lernthemen\/sensorische-motorische-fertigkeiten\/motorische-fertigkeiten\/\">Feinmotorik<\/a> zu entwickeln <\/p>\n<p>Das Ziel des Spiels ist es, die Schrauben auf die Muttern zu schrauben, indem man entweder den Bildern auf den Auftragskarten folgt oder eigene Designs kreiert.<\/p>\n<p>Beim Spielen zu zweit h\u00e4lt ein Kind die Aufgabenkarte, das andere Kind die Schrauben und Muttern. Das Kind erkl\u00e4rt seinem Partner anhand der Aufgabenkarte, welche Konstruktion gebaut werden soll. Anschlie\u00dfend besprechen sie, ob es gut geklappt hat oder nicht.  <\/p>\n<p>Schrauben und Muttern ist f\u00fcr Kinder im Alter von 3 bis 6 Jahren geeignet.<\/p>\n<p>Inhalt:<\/p>\n<p>24 Muttern (3,5 x 3,5 cm)<br \/>\n8 Schrauben (3,5 x 6 cm)<br \/>\n8 Aufgabenkarten mit 16 \u00dcbungen (19 x 9 cm)<br \/>\nEine Gebrauchsanweisung<br \/>\nEine magnetische Aufbewahrungsbox (23 x 21 x 6 cm)<\/p>\n<h2>Uber Toys for Life<\/h2>\n<p>Die niederl\u00e4ndische Bildungsmarke <a href=\"https:\/\/teiaeducation.ch\/de\/produkt-kategorie\/unsere-marken\/toys-for-life-von-educo\/\">Toys for Life<\/a> bietet eine Reihe erschwinglicher<a href=\"\/?product_cat=traditional\"> Lern<\/a>spiele und Spielzeuge f\u00fcr den Bereich der h<a href=\"https:\/\/teiaeducation.ch\/de\/produkt-kategorie\/schulbedarf-fuer-zuhause\/\">\u00e4uslichen Bildung<\/a> an. Die Produktpalette von Toys for Life ist in drei Lehrplanbereiche unterteilt: <a href=\"https:\/\/teiaeducation.ch\/de\/produkt-kategorie\/unsere-marken\/toys-for-life-von-educo\/mathematik-toys-for-life\/\">Mathematik<\/a>, <a href=\"https:\/\/teiaeducation.ch\/de\/produkt-kategorie\/unsere-marken\/toys-for-life-von-educo\/sprache-toys-for-life\/\">Sprache<\/a> und <a href=\"https:\/\/teiaeducation.ch\/de\/produkt-kategorie\/unsere-marken\/toys-for-life-von-educo\/motorische-entwicklung-toys-for-life\/\">motorische Entwicklung<\/a>. Die Produkte werden in enger Zusammenarbeit mit dem Team hinter der Marke <a href=\"https:\/\/teiaeducation.ch\/de\/produkt-kategorie\/unsere-marken\/educo-de\/\">Educo<\/a> von Heutink International entwickelt: einer bekannten Marke, deren Produkte in den meisten Grundschulen in den Niederlanden verwendet werden und die darauf abzielt, spielerisches Lernen durch aktive, praktische Materialien zu unterst\u00fctzen und so das Wachstum und den Erfolg von Kindern im Alter von 1 bis 6 Jahren zu f\u00f6rdern. <\/p>\n<p>Alle Produkte von Toys for Life erf\u00fcllen die Anforderungen verschiedener Spielzeugsicherheitsvorschriften und entsprechen der Europ\u00e4ischen Spielzeugsicherheitsrichtlinie 2009\/48\/EG sowie den Normen EN71, ASTM und GB.<\/p>\n","protected":false},"excerpt":{"rendered":"<p>Artikelnummer: 900000329<\/p>\n<p>Das Lernspiel \u201eSchrauben und Muttern\u201c von Toys for Life hilft Kindern dabei, ihre Ellbogen- und Handgelenksbewegungen zu trainieren und gleichzeitig Formen und Farben kennenzulernen!<\/p>\n","protected":false},"featured_media":56048,"comment_status":"open","ping_status":"closed","template":"","meta":[],"product_brand":[32511],"product_cat":[21445,21524,21479,21558,21550,21487,21484,21509,21537,21676,21559,21443,21563,21494,21495,21557,21673,21482,21564,21526],"product_tag":[32305,32290,32308,32307,26515,32280,32291,32292,32309,32304,32288,32289],"class_list":{"0":"post-72134","1":"product","2":"type-product","3":"status-publish","4":"has-post-thumbnail","6":"product_brand-toys-for-life","7":"product_cat-3-6-jahre-vorschule","8":"product_cat-alphabetisierung-sprache","9":"product_cat-lernmaterialien-spielzeug-montessori-waldorf-steiner-froebel","10":"product_cat-farbe-lernen","11":"product_cat-formen","12":"product_cat-geschenk-guide-3-6-jahre-vorschule","13":"product_cat-geschenk-guides","14":"product_cat-lernthemen","15":"product_cat-mathematik-rechnen","16":"product_cat-motorische-entwicklung-toys-for-life","17":"product_cat-motorische-fertigkeiten","18":"product_cat-nach-alter","19":"product_cat-neuheiten","20":"product_cat-schulbedarf-fuer-zuhause","21":"product_cat-schulbedarf-fuer-zuhause-3-6-jahre","22":"product_cat-sensorische-motorische-fertigkeiten","23":"product_cat-toys-for-life-von-educo","24":"product_cat-traditionelle-bildung","25":"product_cat-unsere-marken","26":"product_cat-zusammenarbeit","27":"product_tag-holzformen-lernspiel","28":"product_tag-holzspielzeug-fur-naturwissenschaften","29":"product_tag-lerne-spielzeug-zu-bauen","30":"product_tag-lernspiel-zum-erlernen-von-formen","31":"product_tag-lernspielzeug","32":"product_tag-mathematik-lernmaterialien-fur-zu-hause","33":"product_tag-motorik-lernspiel","34":"product_tag-motorrad-fahigkeiten-spielzeug","35":"product_tag-schrauben-und-muttern-toys-for-life","36":"product_tag-spielzeug-aus-holzmatten","37":"product_tag-toys-for-life","38":"product_tag-unterhaltsames-wissenschaftsspielzeug","40":"first","41":"instock","42":"taxable","43":"shipping-taxable","44":"purchasable","45":"product-type-simple"},"yoast_head":"<!-- This site is optimized with the Yoast SEO Premium plugin v25.8 (Yoast SEO v27.4) - https:\/\/yoast.com\/product\/yoast-seo-premium-wordpress\/ -->\n<title>Schrauben und Muttern - Toys for Life - Teia Education &amp; Play<\/title>\n<meta name=\"description\" content=\"Das Lernspiel \u201eSchrauben und Muttern\u201c von Toys for Life hilft Kindern dabei, Ellbogen- und Handgelenksbewegungen zu \u00fcben und gleichzeitig Formen und Farben kennenzulernen.\" \/>\n<meta name=\"robots\" content=\"index, follow, max-snippet:-1, max-image-preview:large, max-video-preview:-1\" \/>\n<link rel=\"canonical\" href=\"https:\/\/teiaeducation.ch\/de\/produkt\/schrauben-und-muttern-toys-for-life\/\" \/>\n<meta property=\"og:locale\" content=\"de_DE\" \/>\n<meta property=\"og:type\" content=\"article\" \/>\n<meta property=\"og:title\" content=\"Schrauben und Muttern - Toys for Life\" \/>\n<meta property=\"og:description\" content=\"Das Lernspiel \u201eSchrauben und Muttern\u201c von Toys for Life hilft Kindern dabei, Ellbogen- und Handgelenksbewegungen zu \u00fcben und gleichzeitig Formen und Farben kennenzulernen.\" \/>\n<meta property=\"og:url\" content=\"https:\/\/teiaeducation.ch\/de\/produkt\/schrauben-und-muttern-toys-for-life\/\" \/>\n<meta property=\"og:site_name\" content=\"Sustainable Educational Products &amp; Ecological Toys\u00a0\" \/>\n<meta property=\"article:publisher\" content=\"https:\/\/www.facebook.com\/teiaeducation\/\" \/>\n<meta property=\"article:modified_time\" content=\"2025-12-08T12:16:24+00:00\" \/>\n<meta property=\"og:image\" content=\"https:\/\/teiaeducation.ch\/wp-content\/uploads\/2023\/09\/Nuts-and-bolts-Toys-for-Life--scaled.jpg\" \/>\n\t<meta property=\"og:image:width\" content=\"2048\" \/>\n\t<meta property=\"og:image:height\" content=\"2048\" \/>\n\t<meta property=\"og:image:type\" content=\"image\/jpeg\" \/>\n<script type=\"application\/ld+json\" class=\"yoast-schema-graph\">{\"@context\":\"https:\\\/\\\/schema.org\",\"@graph\":[{\"@type\":\"WebPage\",\"@id\":\"https:\\\/\\\/teiaeducation.ch\\\/de\\\/produkt\\\/schrauben-und-muttern-toys-for-life\\\/\",\"url\":\"https:\\\/\\\/teiaeducation.ch\\\/de\\\/produkt\\\/schrauben-und-muttern-toys-for-life\\\/\",\"name\":\"Schrauben und Muttern - Toys for Life - Teia Education & Play\",\"isPartOf\":{\"@id\":\"https:\\\/\\\/teiaeducation.ch\\\/de\\\/#website\"},\"primaryImageOfPage\":{\"@id\":\"https:\\\/\\\/teiaeducation.ch\\\/de\\\/produkt\\\/schrauben-und-muttern-toys-for-life\\\/#primaryimage\"},\"image\":{\"@id\":\"https:\\\/\\\/teiaeducation.ch\\\/de\\\/produkt\\\/schrauben-und-muttern-toys-for-life\\\/#primaryimage\"},\"thumbnailUrl\":\"https:\\\/\\\/teiaeducation.ch\\\/wp-content\\\/uploads\\\/2023\\\/09\\\/Nuts-and-bolts-Toys-for-Life--scaled.jpg\",\"datePublished\":\"2023-09-25T06:46:21+00:00\",\"dateModified\":\"2025-12-08T12:16:24+00:00\",\"description\":\"Das Lernspiel \u201eSchrauben und Muttern\u201c von Toys for Life hilft Kindern dabei, Ellbogen- und Handgelenksbewegungen zu \u00fcben und gleichzeitig Formen und Farben kennenzulernen.\",\"breadcrumb\":{\"@id\":\"https:\\\/\\\/teiaeducation.ch\\\/de\\\/produkt\\\/schrauben-und-muttern-toys-for-life\\\/#breadcrumb\"},\"inLanguage\":\"de-CH\",\"potentialAction\":[{\"@type\":\"ReadAction\",\"target\":[\"https:\\\/\\\/teiaeducation.ch\\\/de\\\/produkt\\\/schrauben-und-muttern-toys-for-life\\\/\"]}]},{\"@type\":\"ImageObject\",\"inLanguage\":\"de-CH\",\"@id\":\"https:\\\/\\\/teiaeducation.ch\\\/de\\\/produkt\\\/schrauben-und-muttern-toys-for-life\\\/#primaryimage\",\"url\":\"https:\\\/\\\/teiaeducation.ch\\\/wp-content\\\/uploads\\\/2023\\\/09\\\/Nuts-and-bolts-Toys-for-Life--scaled.jpg\",\"contentUrl\":\"https:\\\/\\\/teiaeducation.ch\\\/wp-content\\\/uploads\\\/2023\\\/09\\\/Nuts-and-bolts-Toys-for-Life--scaled.jpg\",\"width\":2048,\"height\":2048,\"caption\":\"Schrauben und Muttern Toys for Life Lernspiel zum Erlernen von Handgelenksbewegungen, Formen und Farben\"},{\"@type\":\"BreadcrumbList\",\"@id\":\"https:\\\/\\\/teiaeducation.ch\\\/de\\\/produkt\\\/schrauben-und-muttern-toys-for-life\\\/#breadcrumb\",\"itemListElement\":[{\"@type\":\"ListItem\",\"position\":1,\"name\":\"Home\",\"item\":\"https:\\\/\\\/teiaeducation.ch\\\/de\\\/\"},{\"@type\":\"ListItem\",\"position\":2,\"name\":\"Laden\",\"item\":\"https:\\\/\\\/teiaeducation.ch\\\/de\\\/shop\\\/\"},{\"@type\":\"ListItem\",\"position\":3,\"name\":\"Lernthemen\",\"item\":\"https:\\\/\\\/teiaeducation.ch\\\/de\\\/produkt-kategorie\\\/lernthemen\\\/\"},{\"@type\":\"ListItem\",\"position\":4,\"name\":\"Sensorische &amp; Motorische Fertigkeiten\",\"item\":\"https:\\\/\\\/teiaeducation.ch\\\/de\\\/produkt-kategorie\\\/lernthemen\\\/sensorische-motorische-fertigkeiten\\\/\"},{\"@type\":\"ListItem\",\"position\":5,\"name\":\"Farbe lernen\",\"item\":\"https:\\\/\\\/teiaeducation.ch\\\/de\\\/produkt-kategorie\\\/lernthemen\\\/sensorische-motorische-fertigkeiten\\\/farbe-lernen\\\/\"},{\"@type\":\"ListItem\",\"position\":6,\"name\":\"Schrauben und Muttern &#8211; Toys for Life\"}]},{\"@type\":\"WebSite\",\"@id\":\"https:\\\/\\\/teiaeducation.ch\\\/de\\\/#website\",\"url\":\"https:\\\/\\\/teiaeducation.ch\\\/de\\\/\",\"name\":\"Sustainable Educational Products &amp; Ecological Toys\u00a0\",\"description\":\"Specialised Swiss shop selling sustainable educational toys and games, AMI certified Montessori materials, handmade ecological wooden Waldorf toys and arts &amp; crafts supplies, school supplies, children&#039;s furniture and Montessori reference and parenting books.\",\"publisher\":{\"@id\":\"https:\\\/\\\/teiaeducation.ch\\\/de\\\/#organization\"},\"alternateName\":\"Teia Education & Play\",\"potentialAction\":[{\"@type\":\"SearchAction\",\"target\":{\"@type\":\"EntryPoint\",\"urlTemplate\":\"https:\\\/\\\/teiaeducation.ch\\\/de\\\/?s={search_term_string}\"},\"query-input\":{\"@type\":\"PropertyValueSpecification\",\"valueRequired\":true,\"valueName\":\"search_term_string\"}}],\"inLanguage\":\"de-CH\"},{\"@type\":\"Organization\",\"@id\":\"https:\\\/\\\/teiaeducation.ch\\\/de\\\/#organization\",\"name\":\"Teia Education & Play\",\"url\":\"https:\\\/\\\/teiaeducation.ch\\\/de\\\/\",\"logo\":{\"@type\":\"ImageObject\",\"inLanguage\":\"de-CH\",\"@id\":\"https:\\\/\\\/teiaeducation.ch\\\/de\\\/#\\\/schema\\\/logo\\\/image\\\/\",\"url\":\"https:\\\/\\\/teiaeducation.ch\\\/wp-content\\\/uploads\\\/2020\\\/11\\\/Teia-Education-Switzerland-e1620156442216.jpg\",\"contentUrl\":\"https:\\\/\\\/teiaeducation.ch\\\/wp-content\\\/uploads\\\/2020\\\/11\\\/Teia-Education-Switzerland-e1620156442216.jpg\",\"width\":166,\"height\":145,\"caption\":\"Teia Education & Play\"},\"image\":{\"@id\":\"https:\\\/\\\/teiaeducation.ch\\\/de\\\/#\\\/schema\\\/logo\\\/image\\\/\"},\"sameAs\":[\"https:\\\/\\\/www.facebook.com\\\/teiaeducation\\\/\",\"https:\\\/\\\/x.com\\\/EducationTeia\",\"https:\\\/\\\/www.instagram.com\\\/teia.education\\\/\",\"https:\\\/\\\/www.linkedin.com\\\/company\\\/35501660\",\"https:\\\/\\\/www.pinterest.ch\\\/TeiaEducation\\\/\"]}]}<\/script>\n<meta property=\"product:price:amount\" content=\"36.00\" \/>\n<meta property=\"product:price:currency\" content=\"CHF\" \/>\n<meta property=\"og:availability\" content=\"instock\" \/>\n<meta property=\"product:availability\" content=\"instock\" \/>\n<meta property=\"product:condition\" content=\"new\" \/>\n<!-- \/ Yoast SEO Premium plugin. -->","yoast_head_json":{"title":"Schrauben und Muttern - Toys for Life - Teia Education & Play","description":"Das Lernspiel \u201eSchrauben und Muttern\u201c von Toys for Life hilft Kindern dabei, Ellbogen- und Handgelenksbewegungen zu \u00fcben und gleichzeitig Formen und Farben kennenzulernen.","robots":{"index":"index","follow":"follow","max-snippet":"max-snippet:-1","max-image-preview":"max-image-preview:large","max-video-preview":"max-video-preview:-1"},"canonical":"https:\/\/teiaeducation.ch\/de\/produkt\/schrauben-und-muttern-toys-for-life\/","og_locale":"de_DE","og_type":"article","og_title":"Schrauben und Muttern - Toys for Life","og_description":"Das Lernspiel \u201eSchrauben und Muttern\u201c von Toys for Life hilft Kindern dabei, Ellbogen- und Handgelenksbewegungen zu \u00fcben und gleichzeitig Formen und Farben kennenzulernen.","og_url":"https:\/\/teiaeducation.ch\/de\/produkt\/schrauben-und-muttern-toys-for-life\/","og_site_name":"Sustainable Educational Products &amp; Ecological Toys\u00a0","article_publisher":"https:\/\/www.facebook.com\/teiaeducation\/","article_modified_time":"2025-12-08T12:16:24+00:00","og_image":[{"width":2048,"height":2048,"url":"https:\/\/teiaeducation.ch\/wp-content\/uploads\/2023\/09\/Nuts-and-bolts-Toys-for-Life--scaled.jpg","type":"image\/jpeg"}],"schema":{"@context":"https:\/\/schema.org","@graph":[{"@type":"WebPage","@id":"https:\/\/teiaeducation.ch\/de\/produkt\/schrauben-und-muttern-toys-for-life\/","url":"https:\/\/teiaeducation.ch\/de\/produkt\/schrauben-und-muttern-toys-for-life\/","name":"Schrauben und Muttern - Toys for Life - Teia Education & Play","isPartOf":{"@id":"https:\/\/teiaeducation.ch\/de\/#website"},"primaryImageOfPage":{"@id":"https:\/\/teiaeducation.ch\/de\/produkt\/schrauben-und-muttern-toys-for-life\/#primaryimage"},"image":{"@id":"https:\/\/teiaeducation.ch\/de\/produkt\/schrauben-und-muttern-toys-for-life\/#primaryimage"},"thumbnailUrl":"https:\/\/teiaeducation.ch\/wp-content\/uploads\/2023\/09\/Nuts-and-bolts-Toys-for-Life--scaled.jpg","datePublished":"2023-09-25T06:46:21+00:00","dateModified":"2025-12-08T12:16:24+00:00","description":"Das Lernspiel \u201eSchrauben und Muttern\u201c von Toys for Life hilft Kindern dabei, Ellbogen- und Handgelenksbewegungen zu \u00fcben und gleichzeitig Formen und Farben kennenzulernen.","breadcrumb":{"@id":"https:\/\/teiaeducation.ch\/de\/produkt\/schrauben-und-muttern-toys-for-life\/#breadcrumb"},"inLanguage":"de-CH","potentialAction":[{"@type":"ReadAction","target":["https:\/\/teiaeducation.ch\/de\/produkt\/schrauben-und-muttern-toys-for-life\/"]}]},{"@type":"ImageObject","inLanguage":"de-CH","@id":"https:\/\/teiaeducation.ch\/de\/produkt\/schrauben-und-muttern-toys-for-life\/#primaryimage","url":"https:\/\/teiaeducation.ch\/wp-content\/uploads\/2023\/09\/Nuts-and-bolts-Toys-for-Life--scaled.jpg","contentUrl":"https:\/\/teiaeducation.ch\/wp-content\/uploads\/2023\/09\/Nuts-and-bolts-Toys-for-Life--scaled.jpg","width":2048,"height":2048,"caption":"Schrauben und Muttern Toys for Life Lernspiel zum Erlernen von Handgelenksbewegungen, Formen und Farben"},{"@type":"BreadcrumbList","@id":"https:\/\/teiaeducation.ch\/de\/produkt\/schrauben-und-muttern-toys-for-life\/#breadcrumb","itemListElement":[{"@type":"ListItem","position":1,"name":"Home","item":"https:\/\/teiaeducation.ch\/de\/"},{"@type":"ListItem","position":2,"name":"Laden","item":"https:\/\/teiaeducation.ch\/de\/shop\/"},{"@type":"ListItem","position":3,"name":"Lernthemen","item":"https:\/\/teiaeducation.ch\/de\/produkt-kategorie\/lernthemen\/"},{"@type":"ListItem","position":4,"name":"Sensorische &amp; Motorische Fertigkeiten","item":"https:\/\/teiaeducation.ch\/de\/produkt-kategorie\/lernthemen\/sensorische-motorische-fertigkeiten\/"},{"@type":"ListItem","position":5,"name":"Farbe lernen","item":"https:\/\/teiaeducation.ch\/de\/produkt-kategorie\/lernthemen\/sensorische-motorische-fertigkeiten\/farbe-lernen\/"},{"@type":"ListItem","position":6,"name":"Schrauben und Muttern &#8211; Toys for Life"}]},{"@type":"WebSite","@id":"https:\/\/teiaeducation.ch\/de\/#website","url":"https:\/\/teiaeducation.ch\/de\/","name":"Sustainable Educational Products &amp; Ecological Toys\u00a0","description":"Specialised Swiss shop selling sustainable educational toys and games, AMI certified Montessori materials, handmade ecological wooden Waldorf toys and arts &amp; crafts supplies, school supplies, children&#039;s furniture and Montessori reference and parenting books.","publisher":{"@id":"https:\/\/teiaeducation.ch\/de\/#organization"},"alternateName":"Teia Education & Play","potentialAction":[{"@type":"SearchAction","target":{"@type":"EntryPoint","urlTemplate":"https:\/\/teiaeducation.ch\/de\/?s={search_term_string}"},"query-input":{"@type":"PropertyValueSpecification","valueRequired":true,"valueName":"search_term_string"}}],"inLanguage":"de-CH"},{"@type":"Organization","@id":"https:\/\/teiaeducation.ch\/de\/#organization","name":"Teia Education & Play","url":"https:\/\/teiaeducation.ch\/de\/","logo":{"@type":"ImageObject","inLanguage":"de-CH","@id":"https:\/\/teiaeducation.ch\/de\/#\/schema\/logo\/image\/","url":"https:\/\/teiaeducation.ch\/wp-content\/uploads\/2020\/11\/Teia-Education-Switzerland-e1620156442216.jpg","contentUrl":"https:\/\/teiaeducation.ch\/wp-content\/uploads\/2020\/11\/Teia-Education-Switzerland-e1620156442216.jpg","width":166,"height":145,"caption":"Teia Education & Play"},"image":{"@id":"https:\/\/teiaeducation.ch\/de\/#\/schema\/logo\/image\/"},"sameAs":["https:\/\/www.facebook.com\/teiaeducation\/","https:\/\/x.com\/EducationTeia","https:\/\/www.instagram.com\/teia.education\/","https:\/\/www.linkedin.com\/company\/35501660","https:\/\/www.pinterest.ch\/TeiaEducation\/"]}]},"product_price_amount":"36.00","product_price_currency":"CHF","og_availability":"instock","product_availability":"instock","product_condition":"new"},"_links":{"self":[{"href":"https:\/\/teiaeducation.ch\/de\/wp-json\/wp\/v2\/product\/72134","targetHints":{"allow":["GET"]}}],"collection":[{"href":"https:\/\/teiaeducation.ch\/de\/wp-json\/wp\/v2\/product"}],"about":[{"href":"https:\/\/teiaeducation.ch\/de\/wp-json\/wp\/v2\/types\/product"}],"replies":[{"embeddable":true,"href":"https:\/\/teiaeducation.ch\/de\/wp-json\/wp\/v2\/comments?post=72134"}],"wp:featuredmedia":[{"embeddable":true,"href":"https:\/\/teiaeducation.ch\/de\/wp-json\/wp\/v2\/media\/56048"}],"wp:attachment":[{"href":"https:\/\/teiaeducation.ch\/de\/wp-json\/wp\/v2\/media?parent=72134"}],"wp:term":[{"taxonomy":"product_brand","embeddable":true,"href":"https:\/\/teiaeducation.ch\/de\/wp-json\/wp\/v2\/product_brand?post=72134"},{"taxonomy":"product_cat","embeddable":true,"href":"https:\/\/teiaeducation.ch\/de\/wp-json\/wp\/v2\/product_cat?post=72134"},{"taxonomy":"product_tag","embeddable":true,"href":"https:\/\/teiaeducation.ch\/de\/wp-json\/wp\/v2\/product_tag?post=72134"}],"curies":[{"name":"wp","href":"https:\/\/api.w.org\/{rel}","templated":true}]}}