{"id":72174,"date":"2023-09-22T14:19:33","date_gmt":"2023-09-22T12:19:33","guid":{"rendered":"https:\/\/teiaeducation.ch\/product\/lebenszyklus-toys-for-life\/"},"modified":"2025-12-11T15:32:01","modified_gmt":"2025-12-11T14:32:01","slug":"lebenszyklus-toys-for-life","status":"publish","type":"product","link":"https:\/\/teiaeducation.ch\/de\/produkt\/lebenszyklus-toys-for-life\/","title":{"rendered":"Lebenszyklus &#8211; Toys for Life"},"content":{"rendered":"<p>Das Lernspiel \u201e<a href=\"https:\/\/teiaeducation.ch\/produkt-kategorie\/lernthemen\/kultur-wissenschaft\/lebenszyklen\/\">Lebenszyklus<\/a>\u201c von Toys for Life vermittelt Kindern auf spielerische Weise Wissen \u00fcber Lebenszyklen! Dieses praktische, visuelle Spiel sensibilisiert Kinder f\u00fcr die Entwicklung verschiedener Organismen von der Geburt bis zum Tod.  Au\u00dferdem werden die <a href=\"https:\/\/teiaeducation.ch\/produkt-kategorie\/lernthemen\/sensorische-motorische-fertigkeiten\/motorische-fertigkeiten\/\">Feinmotorik<\/a> des Kindes, das Erkennen von Zusammenh\u00e4ngen und die F\u00e4higkeit zu assoziieren und zu kombinieren gef\u00f6rdert.<\/p>\n<p>Das Ziel des Spiels ist es, den Lebenszyklus in der richtigen Reihenfolge auf den Holzst\u00e4nder zu legen. Das Set umfasst den Lebenszyklus von: Mensch, Hund, Wespe, Schmetterling, Frosch, Vogel, Blume, Karotte, Apfel und Reis. <\/p>\n<p>Das Spiel kann das Kind auch dazu inspirieren, seinen eigenen Lebenszyklus in f\u00fcnf Schritten zu zeichnen, indem es die Karten aus dem St\u00e4nder ausschneidet. Ein anderes Kind kann gebeten werden, die Reihenfolge richtig anzuordnen. <\/p>\n<p>Eine weitere unterhaltsame Aktivit\u00e4t besteht darin, dass das Kind seinen eigenen Lebenszyklus mit Fotos als Baby, Kleinkind und Vorschulkind sowie mit selbst gezeichneten Bildern von sich selbst in einem h\u00f6heren Alter gestaltet.<\/p>\n<p>Lebenszyklus ist f\u00fcr Kinder im Alter von 4 bis 7 Jahren geeignet.<\/p>\n<p>Inhalt:<\/p>\n<p>40 Bildkarten aus Holz<br \/>\n1 Holzst\u00e4nder<br \/>\nEine Gebrauchsanweisung<br \/>\nEine magnetische Aufbewahrungsbox (31 x 23 x 6 cm)<\/p>\n<div class=\"page\" title=\"Seite 1\">\n<div class=\"layoutArea\">\n<div class=\"column\"><\/div>\n<\/div>\n<\/div>\n<h2>Uber Toys for Life<\/h2>\n<p>Die niederl\u00e4ndische Bildungsmarke <a href=\"https:\/\/teiaeducation.ch\/produkt-kategorie\/unsere-marken\/toys-for-life-von-educo\/\">Toys for Life<\/a> bietet eine Reihe erschwinglicher<a href=\"\/?product_cat=traditional\"> Lern<\/a>spiele und Spielzeuge f\u00fcr den Bereich der h<a href=\"https:\/\/teiaeducation.ch\/produkt-kategorie\/schulbedarf-fuer-zuhause\/\">\u00e4uslichen Bildung<\/a> an. Die Produktpalette von Toys for Life ist in drei Lehrplanbereiche unterteilt: <a href=\"https:\/\/teiaeducation.ch\/produkt-kategorie\/unsere-marken\/toys-for-life-von-educo\/mathematik-toys-for-life\/\">Mathematik<\/a>, <a href=\"https:\/\/teiaeducation.ch\/produkt-kategorie\/unsere-marken\/toys-for-life-von-educo\/sprache-toys-for-life\/\">Sprache<\/a> und <a href=\"https:\/\/teiaeducation.ch\/produkt-kategorie\/unsere-marken\/toys-for-life-von-educo\/motorische-entwicklung-toys-for-life\/\">motorische Entwicklung<\/a>. Die Produkte werden in enger Zusammenarbeit mit dem Team hinter der Marke <a href=\"https:\/\/teiaeducation.ch\/produkt-kategorie\/unsere-marken\/educo-de\/\">Educo<\/a> von Heutink International entwickelt: einer bekannten Marke, deren Produkte in den meisten Grundschulen in den Niederlanden verwendet werden und die darauf abzielt, spielerisches Lernen durch aktive, praktische Materialien zu unterst\u00fctzen und so das Wachstum und den Erfolg von Kindern im Alter von 1 bis 6 Jahren zu f\u00f6rdern. <\/p>\n<p>Alle Produkte von Toys for Life erf\u00fcllen die Anforderungen verschiedener Spielzeugsicherheitsvorschriften und entsprechen der Europ\u00e4ischen Spielzeugsicherheitsrichtlinie 2009\/48\/EG sowie den Normen EN71, ASTM und GB.<\/p>\n","protected":false},"excerpt":{"rendered":"<p>Artikelnummer: 900000300<\/p>\n<p>Das Lernspiel \u201eLebenszyklus\u201c von Toys for Life hilft Kindern, etwas \u00fcber Lebenszyklen und das Wachstum verschiedener Organismen von der Geburt bis zum Tod zu lernen!<\/p>\n","protected":false},"featured_media":55993,"comment_status":"open","ping_status":"closed","template":"","meta":[],"product_brand":[],"product_cat":[21445,21446,21524,21479,26163,21525,21510,21518,21509,21443,21563,21494,21495,21673,21482,21564],"product_tag":[32290,32379,32378,32377,26515,32280,32376,32288,32289,29168],"class_list":{"0":"post-72174","1":"product","2":"type-product","3":"status-publish","4":"has-post-thumbnail","6":"product_cat-3-6-jahre-vorschule","7":"product_cat-6-12-jahre-grundschule","8":"product_cat-alphabetisierung-sprache","9":"product_cat-lernmaterialien-spielzeug-montessori-waldorf-steiner-froebel","10":"product_cat-die-natur","11":"product_cat-klassifizierung","12":"product_cat-kultur-wissenschaft","13":"product_cat-lebenszyklen","14":"product_cat-lernthemen","15":"product_cat-nach-alter","16":"product_cat-neuheiten","17":"product_cat-schulbedarf-fuer-zuhause","18":"product_cat-schulbedarf-fuer-zuhause-3-6-jahre","19":"product_cat-toys-for-life-von-educo","20":"product_cat-traditionelle-bildung","21":"product_cat-unsere-marken","22":"product_tag-holzspielzeug-fur-naturwissenschaften","23":"product_tag-lebenszyklus-toys-for-life","24":"product_tag-lernspiel-uber-das-leben","25":"product_tag-lernspiel-zum-thema-lebenszyklen","26":"product_tag-lernspielzeug","27":"product_tag-mathematik-lernmaterialien-fur-zu-hause","28":"product_tag-messen-und-vergleichen-toys-for-life","29":"product_tag-toys-for-life","30":"product_tag-unterhaltsames-wissenschaftsspielzeug","31":"product_tag-wachstumszyklen-des-lebens","33":"first","34":"instock","35":"taxable","36":"shipping-taxable","37":"purchasable","38":"product-type-simple"},"yoast_head":"<!-- This site is optimized with the Yoast SEO plugin v27.3 - https:\/\/yoast.com\/product\/yoast-seo-wordpress\/ -->\n<title>Lebenszyklus - Toys for Life - Teia Education &amp; Play<\/title>\n<meta name=\"description\" content=\"Das Lernspiel \u201eLebenszyklus\u201c von Toys for Life hilft Kindern, etwas \u00fcber Lebenszyklen und das Wachstum verschiedener Organismen von der Geburt bis zum Tod zu lernen.\" \/>\n<meta name=\"robots\" content=\"index, follow, max-snippet:-1, max-image-preview:large, max-video-preview:-1\" \/>\n<link rel=\"canonical\" href=\"https:\/\/teiaeducation.ch\/de\/produkt\/lebenszyklus-toys-for-life\/\" \/>\n<meta property=\"og:locale\" content=\"de_DE\" \/>\n<meta property=\"og:type\" content=\"article\" \/>\n<meta property=\"og:title\" content=\"Lebenszyklus - Toys for Life - Teia Education &amp; Play\" \/>\n<meta property=\"og:description\" content=\"Das Lernspiel \u201eLebenszyklus\u201c von Toys for Life hilft Kindern, etwas \u00fcber Lebenszyklen und das Wachstum verschiedener Organismen von der Geburt bis zum Tod zu lernen.\" \/>\n<meta property=\"og:url\" content=\"https:\/\/teiaeducation.ch\/de\/produkt\/lebenszyklus-toys-for-life\/\" \/>\n<meta property=\"og:site_name\" content=\"Sustainable Educational Products &amp; Ecological Toys\u00a0\" \/>\n<meta property=\"article:publisher\" content=\"https:\/\/www.facebook.com\/teiaeducation\/\" \/>\n<meta property=\"article:modified_time\" content=\"2025-12-11T14:32:01+00:00\" \/>\n<meta property=\"og:image\" content=\"https:\/\/teiaeducation.ch\/wp-content\/uploads\/2023\/09\/Life-cycle-Toys-for-Life-scaled.jpg\" \/>\n\t<meta property=\"og:image:width\" content=\"2048\" \/>\n\t<meta property=\"og:image:height\" content=\"2048\" \/>\n\t<meta property=\"og:image:type\" content=\"image\/jpeg\" \/>\n<script type=\"application\/ld+json\" class=\"yoast-schema-graph\">{\"@context\":\"https:\\\/\\\/schema.org\",\"@graph\":[{\"@type\":\"WebPage\",\"@id\":\"https:\\\/\\\/teiaeducation.ch\\\/de\\\/produkt\\\/lebenszyklus-toys-for-life\\\/\",\"url\":\"https:\\\/\\\/teiaeducation.ch\\\/de\\\/produkt\\\/lebenszyklus-toys-for-life\\\/\",\"name\":\"Lebenszyklus - Toys for Life - Teia Education & Play\",\"isPartOf\":{\"@id\":\"https:\\\/\\\/teiaeducation.ch\\\/de\\\/#website\"},\"primaryImageOfPage\":{\"@id\":\"https:\\\/\\\/teiaeducation.ch\\\/de\\\/produkt\\\/lebenszyklus-toys-for-life\\\/#primaryimage\"},\"image\":{\"@id\":\"https:\\\/\\\/teiaeducation.ch\\\/de\\\/produkt\\\/lebenszyklus-toys-for-life\\\/#primaryimage\"},\"thumbnailUrl\":\"https:\\\/\\\/teiaeducation.ch\\\/wp-content\\\/uploads\\\/2023\\\/09\\\/Life-cycle-Toys-for-Life-scaled.jpg\",\"datePublished\":\"2023-09-22T12:19:33+00:00\",\"dateModified\":\"2025-12-11T14:32:01+00:00\",\"description\":\"Das Lernspiel \u201eLebenszyklus\u201c von Toys for Life hilft Kindern, etwas \u00fcber Lebenszyklen und das Wachstum verschiedener Organismen von der Geburt bis zum Tod zu lernen.\",\"breadcrumb\":{\"@id\":\"https:\\\/\\\/teiaeducation.ch\\\/de\\\/produkt\\\/lebenszyklus-toys-for-life\\\/#breadcrumb\"},\"inLanguage\":\"de-CH\",\"potentialAction\":[{\"@type\":\"ReadAction\",\"target\":[\"https:\\\/\\\/teiaeducation.ch\\\/de\\\/produkt\\\/lebenszyklus-toys-for-life\\\/\"]}]},{\"@type\":\"ImageObject\",\"inLanguage\":\"de-CH\",\"@id\":\"https:\\\/\\\/teiaeducation.ch\\\/de\\\/produkt\\\/lebenszyklus-toys-for-life\\\/#primaryimage\",\"url\":\"https:\\\/\\\/teiaeducation.ch\\\/wp-content\\\/uploads\\\/2023\\\/09\\\/Life-cycle-Toys-for-Life-scaled.jpg\",\"contentUrl\":\"https:\\\/\\\/teiaeducation.ch\\\/wp-content\\\/uploads\\\/2023\\\/09\\\/Life-cycle-Toys-for-Life-scaled.jpg\",\"width\":2048,\"height\":2048,\"caption\":\"Lebenszyklus-Lernspielzeug Toys for Life\"},{\"@type\":\"BreadcrumbList\",\"@id\":\"https:\\\/\\\/teiaeducation.ch\\\/de\\\/produkt\\\/lebenszyklus-toys-for-life\\\/#breadcrumb\",\"itemListElement\":[{\"@type\":\"ListItem\",\"position\":1,\"name\":\"Home\",\"item\":\"https:\\\/\\\/teiaeducation.ch\\\/de\\\/\"},{\"@type\":\"ListItem\",\"position\":2,\"name\":\"Laden\",\"item\":\"https:\\\/\\\/teiaeducation.ch\\\/de\\\/shop\\\/\"},{\"@type\":\"ListItem\",\"position\":3,\"name\":\"Unsere Marken\",\"item\":\"https:\\\/\\\/teiaeducation.ch\\\/de\\\/produkt-kategorie\\\/unsere-marken\\\/\"},{\"@type\":\"ListItem\",\"position\":4,\"name\":\"Toys for Life von Educo\",\"item\":\"https:\\\/\\\/teiaeducation.ch\\\/de\\\/produkt-kategorie\\\/unsere-marken\\\/toys-for-life-von-educo\\\/\"},{\"@type\":\"ListItem\",\"position\":5,\"name\":\"Die Natur Toys for Life\",\"item\":\"https:\\\/\\\/teiaeducation.ch\\\/de\\\/produkt-kategorie\\\/unsere-marken\\\/toys-for-life-von-educo\\\/die-natur\\\/\"},{\"@type\":\"ListItem\",\"position\":6,\"name\":\"Lebenszyklus &#8211; Toys for Life\"}]},{\"@type\":\"WebSite\",\"@id\":\"https:\\\/\\\/teiaeducation.ch\\\/de\\\/#website\",\"url\":\"https:\\\/\\\/teiaeducation.ch\\\/de\\\/\",\"name\":\"Sustainable Educational Products &amp; Ecological Toys\u00a0\",\"description\":\"Specialised Swiss shop selling sustainable educational toys and games, AMI certified Montessori materials, handmade ecological wooden Waldorf toys and arts &amp; crafts supplies, school supplies, children&#039;s furniture and Montessori reference and parenting books.\",\"publisher\":{\"@id\":\"https:\\\/\\\/teiaeducation.ch\\\/de\\\/#organization\"},\"alternateName\":\"Teia Education & Play\",\"potentialAction\":[{\"@type\":\"SearchAction\",\"target\":{\"@type\":\"EntryPoint\",\"urlTemplate\":\"https:\\\/\\\/teiaeducation.ch\\\/de\\\/?s={search_term_string}\"},\"query-input\":{\"@type\":\"PropertyValueSpecification\",\"valueRequired\":true,\"valueName\":\"search_term_string\"}}],\"inLanguage\":\"de-CH\"},{\"@type\":\"Organization\",\"@id\":\"https:\\\/\\\/teiaeducation.ch\\\/de\\\/#organization\",\"name\":\"Teia Education & Play\",\"url\":\"https:\\\/\\\/teiaeducation.ch\\\/de\\\/\",\"logo\":{\"@type\":\"ImageObject\",\"inLanguage\":\"de-CH\",\"@id\":\"https:\\\/\\\/teiaeducation.ch\\\/de\\\/#\\\/schema\\\/logo\\\/image\\\/\",\"url\":\"https:\\\/\\\/teiaeducation.ch\\\/wp-content\\\/uploads\\\/2020\\\/11\\\/Teia-Education-Switzerland-e1620156442216.jpg\",\"contentUrl\":\"https:\\\/\\\/teiaeducation.ch\\\/wp-content\\\/uploads\\\/2020\\\/11\\\/Teia-Education-Switzerland-e1620156442216.jpg\",\"width\":166,\"height\":145,\"caption\":\"Teia Education & Play\"},\"image\":{\"@id\":\"https:\\\/\\\/teiaeducation.ch\\\/de\\\/#\\\/schema\\\/logo\\\/image\\\/\"},\"sameAs\":[\"https:\\\/\\\/www.facebook.com\\\/teiaeducation\\\/\",\"https:\\\/\\\/x.com\\\/EducationTeia\",\"https:\\\/\\\/www.instagram.com\\\/teia.education\\\/\",\"https:\\\/\\\/www.linkedin.com\\\/company\\\/35501660\",\"https:\\\/\\\/www.pinterest.ch\\\/TeiaEducation\\\/\"]}]}<\/script>\n<!-- \/ Yoast SEO plugin. -->","yoast_head_json":{"title":"Lebenszyklus - Toys for Life - Teia Education & Play","description":"Das Lernspiel \u201eLebenszyklus\u201c von Toys for Life hilft Kindern, etwas \u00fcber Lebenszyklen und das Wachstum verschiedener Organismen von der Geburt bis zum Tod zu lernen.","robots":{"index":"index","follow":"follow","max-snippet":"max-snippet:-1","max-image-preview":"max-image-preview:large","max-video-preview":"max-video-preview:-1"},"canonical":"https:\/\/teiaeducation.ch\/de\/produkt\/lebenszyklus-toys-for-life\/","og_locale":"de_DE","og_type":"article","og_title":"Lebenszyklus - Toys for Life - Teia Education & Play","og_description":"Das Lernspiel \u201eLebenszyklus\u201c von Toys for Life hilft Kindern, etwas \u00fcber Lebenszyklen und das Wachstum verschiedener Organismen von der Geburt bis zum Tod zu lernen.","og_url":"https:\/\/teiaeducation.ch\/de\/produkt\/lebenszyklus-toys-for-life\/","og_site_name":"Sustainable Educational Products &amp; Ecological Toys\u00a0","article_publisher":"https:\/\/www.facebook.com\/teiaeducation\/","article_modified_time":"2025-12-11T14:32:01+00:00","og_image":[{"width":2048,"height":2048,"url":"https:\/\/teiaeducation.ch\/wp-content\/uploads\/2023\/09\/Life-cycle-Toys-for-Life-scaled.jpg","type":"image\/jpeg"}],"schema":{"@context":"https:\/\/schema.org","@graph":[{"@type":"WebPage","@id":"https:\/\/teiaeducation.ch\/de\/produkt\/lebenszyklus-toys-for-life\/","url":"https:\/\/teiaeducation.ch\/de\/produkt\/lebenszyklus-toys-for-life\/","name":"Lebenszyklus - Toys for Life - Teia Education & Play","isPartOf":{"@id":"https:\/\/teiaeducation.ch\/de\/#website"},"primaryImageOfPage":{"@id":"https:\/\/teiaeducation.ch\/de\/produkt\/lebenszyklus-toys-for-life\/#primaryimage"},"image":{"@id":"https:\/\/teiaeducation.ch\/de\/produkt\/lebenszyklus-toys-for-life\/#primaryimage"},"thumbnailUrl":"https:\/\/teiaeducation.ch\/wp-content\/uploads\/2023\/09\/Life-cycle-Toys-for-Life-scaled.jpg","datePublished":"2023-09-22T12:19:33+00:00","dateModified":"2025-12-11T14:32:01+00:00","description":"Das Lernspiel \u201eLebenszyklus\u201c von Toys for Life hilft Kindern, etwas \u00fcber Lebenszyklen und das Wachstum verschiedener Organismen von der Geburt bis zum Tod zu lernen.","breadcrumb":{"@id":"https:\/\/teiaeducation.ch\/de\/produkt\/lebenszyklus-toys-for-life\/#breadcrumb"},"inLanguage":"de-CH","potentialAction":[{"@type":"ReadAction","target":["https:\/\/teiaeducation.ch\/de\/produkt\/lebenszyklus-toys-for-life\/"]}]},{"@type":"ImageObject","inLanguage":"de-CH","@id":"https:\/\/teiaeducation.ch\/de\/produkt\/lebenszyklus-toys-for-life\/#primaryimage","url":"https:\/\/teiaeducation.ch\/wp-content\/uploads\/2023\/09\/Life-cycle-Toys-for-Life-scaled.jpg","contentUrl":"https:\/\/teiaeducation.ch\/wp-content\/uploads\/2023\/09\/Life-cycle-Toys-for-Life-scaled.jpg","width":2048,"height":2048,"caption":"Lebenszyklus-Lernspielzeug Toys for Life"},{"@type":"BreadcrumbList","@id":"https:\/\/teiaeducation.ch\/de\/produkt\/lebenszyklus-toys-for-life\/#breadcrumb","itemListElement":[{"@type":"ListItem","position":1,"name":"Home","item":"https:\/\/teiaeducation.ch\/de\/"},{"@type":"ListItem","position":2,"name":"Laden","item":"https:\/\/teiaeducation.ch\/de\/shop\/"},{"@type":"ListItem","position":3,"name":"Unsere Marken","item":"https:\/\/teiaeducation.ch\/de\/produkt-kategorie\/unsere-marken\/"},{"@type":"ListItem","position":4,"name":"Toys for Life von Educo","item":"https:\/\/teiaeducation.ch\/de\/produkt-kategorie\/unsere-marken\/toys-for-life-von-educo\/"},{"@type":"ListItem","position":5,"name":"Die Natur Toys for Life","item":"https:\/\/teiaeducation.ch\/de\/produkt-kategorie\/unsere-marken\/toys-for-life-von-educo\/die-natur\/"},{"@type":"ListItem","position":6,"name":"Lebenszyklus &#8211; Toys for Life"}]},{"@type":"WebSite","@id":"https:\/\/teiaeducation.ch\/de\/#website","url":"https:\/\/teiaeducation.ch\/de\/","name":"Sustainable Educational Products &amp; Ecological Toys\u00a0","description":"Specialised Swiss shop selling sustainable educational toys and games, AMI certified Montessori materials, handmade ecological wooden Waldorf toys and arts &amp; crafts supplies, school supplies, children&#039;s furniture and Montessori reference and parenting books.","publisher":{"@id":"https:\/\/teiaeducation.ch\/de\/#organization"},"alternateName":"Teia Education & Play","potentialAction":[{"@type":"SearchAction","target":{"@type":"EntryPoint","urlTemplate":"https:\/\/teiaeducation.ch\/de\/?s={search_term_string}"},"query-input":{"@type":"PropertyValueSpecification","valueRequired":true,"valueName":"search_term_string"}}],"inLanguage":"de-CH"},{"@type":"Organization","@id":"https:\/\/teiaeducation.ch\/de\/#organization","name":"Teia Education & Play","url":"https:\/\/teiaeducation.ch\/de\/","logo":{"@type":"ImageObject","inLanguage":"de-CH","@id":"https:\/\/teiaeducation.ch\/de\/#\/schema\/logo\/image\/","url":"https:\/\/teiaeducation.ch\/wp-content\/uploads\/2020\/11\/Teia-Education-Switzerland-e1620156442216.jpg","contentUrl":"https:\/\/teiaeducation.ch\/wp-content\/uploads\/2020\/11\/Teia-Education-Switzerland-e1620156442216.jpg","width":166,"height":145,"caption":"Teia Education & Play"},"image":{"@id":"https:\/\/teiaeducation.ch\/de\/#\/schema\/logo\/image\/"},"sameAs":["https:\/\/www.facebook.com\/teiaeducation\/","https:\/\/x.com\/EducationTeia","https:\/\/www.instagram.com\/teia.education\/","https:\/\/www.linkedin.com\/company\/35501660","https:\/\/www.pinterest.ch\/TeiaEducation\/"]}]}},"_links":{"self":[{"href":"https:\/\/teiaeducation.ch\/de\/wp-json\/wp\/v2\/product\/72174","targetHints":{"allow":["GET"]}}],"collection":[{"href":"https:\/\/teiaeducation.ch\/de\/wp-json\/wp\/v2\/product"}],"about":[{"href":"https:\/\/teiaeducation.ch\/de\/wp-json\/wp\/v2\/types\/product"}],"replies":[{"embeddable":true,"href":"https:\/\/teiaeducation.ch\/de\/wp-json\/wp\/v2\/comments?post=72174"}],"wp:featuredmedia":[{"embeddable":true,"href":"https:\/\/teiaeducation.ch\/de\/wp-json\/wp\/v2\/media\/55993"}],"wp:attachment":[{"href":"https:\/\/teiaeducation.ch\/de\/wp-json\/wp\/v2\/media?parent=72174"}],"wp:term":[{"taxonomy":"product_brand","embeddable":true,"href":"https:\/\/teiaeducation.ch\/de\/wp-json\/wp\/v2\/product_brand?post=72174"},{"taxonomy":"product_cat","embeddable":true,"href":"https:\/\/teiaeducation.ch\/de\/wp-json\/wp\/v2\/product_cat?post=72174"},{"taxonomy":"product_tag","embeddable":true,"href":"https:\/\/teiaeducation.ch\/de\/wp-json\/wp\/v2\/product_tag?post=72174"}],"curies":[{"name":"wp","href":"https:\/\/api.w.org\/{rel}","templated":true}]}}