{"id":72175,"date":"2023-09-22T13:59:10","date_gmt":"2023-09-22T11:59:10","guid":{"rendered":"https:\/\/teiaeducation.ch\/product\/messen-und-vergleichen-toys-for-life\/"},"modified":"2025-12-11T15:40:45","modified_gmt":"2025-12-11T14:40:45","slug":"messen-und-vergleichen-toys-for-life","status":"publish","type":"product","link":"https:\/\/teiaeducation.ch\/de\/produkt\/messen-und-vergleichen-toys-for-life\/","title":{"rendered":"Messen und vergleichen &#8211; Toys for Life"},"content":{"rendered":"<p>Das Lernspiel \u201eMessen und Vergleichen\u201c von Toys for Life hilft Kindern dabei, auf spielerische Weise etwas \u00fcber <a href=\"https:\/\/teiaeducation.ch\/de\/produkt-kategorie\/lernthemen\/mathematik-rechnen\/groesse\/\">Gr\u00f6\u00dfen<\/a> und <a href=\"https:\/\/teiaeducation.ch\/de\/produkt-kategorie\/lernthemen\/sensorische-motorische-fertigkeiten\/farbe-lernen\/\">Farben<\/a> zu lernen! Mit diesem praktischen, visuellen Spiel entwickeln Kinder r\u00e4umliches Vorstellungsverm\u00f6gen und logisches Denkverm\u00f6gen, indem sie Bl\u00f6cke unterschiedlicher L\u00e4nge und Farbe <a href=\"https:\/\/teiaeducation.ch\/de\/produkt-kategorie\/lernthemen\/mathematik-rechnen\/gewicht-messung\/\">messen<\/a> und vergleichen. <\/p>\n<p>Das Ziel des Spiels ist es, die Holzkl\u00f6tze auf die Aufgabenkarten zu legen. Bei den \u00dcbungen mit nur Umrissen kann das Kind frei w\u00e4hlen, welche Farben und L\u00e4ngen es verwenden m\u00f6chte. <\/p>\n<p>Die Bl\u00f6cke werden von gro\u00df nach klein und von klein nach gro\u00df angeordnet, und die Kinder werden dazu angeregt, sie mit den Begriffen \u201ekurz\u201c, \u201elang\u201c, \u201ek\u00fcrzer\u201c, \u201el\u00e4nger\u201c, \u201eam k\u00fcrzesten\u201c und \u201eam l\u00e4ngsten\u201c zu benennen.<\/p>\n<p>Das Spiel kann auch in einer Gruppe gespielt werden. Ein Kind nimmt eine Aufgabenkarte, das andere nimmt die Bausteine. Anhand der Aufgabenkarte erkl\u00e4rt Kind 1 dem anderen Kind, wie die Bausteine platziert werden m\u00fcssen. Anschlie\u00dfend besprechen sie gemeinsam, ob die Aufgabe richtig ausgef\u00fchrt wurde.   <\/p>\n<p>Messen und vergleichen eignet sich f\u00fcr Kinder im Alter von 3 bis 6 Jahren.<\/p>\n<p>Inhalt:<\/p>\n<p>25 Holzkl\u00f6tze in 5 L\u00e4ngen und 5 Farben<br \/>\n4 \u00dcbungskarten aus Karton (= 8 Aufgaben)<br \/>\nGebrauchsanweisung<br \/>\nMagnetische Aufbewahrungsbox (31 x 23 x 6 cm)<\/p>\n<h2>Uber Toys for Life<\/h2>\n<p>Die niederl\u00e4ndische Bildungsmarke <a href=\"https:\/\/teiaeducation.ch\/de\/produkt-kategorie\/unsere-marken\/toys-for-life-von-educo\/\">Toys for Life<\/a> bietet eine Reihe erschwinglicher<a href=\"\/?product_cat=traditional\"> Lern<\/a>spiele und Spielzeuge f\u00fcr den Bereich der h<a href=\"https:\/\/teiaeducation.ch\/de\/produkt-kategorie\/schulbedarf-fuer-zuhause\/\">\u00e4uslichen Bildung<\/a> an. Die Produktpalette von Toys for Life ist in drei Lehrplanbereiche unterteilt: <a href=\"https:\/\/teiaeducation.ch\/de\/produkt-kategorie\/unsere-marken\/toys-for-life-von-educo\/mathematik-toys-for-life\/\">Mathematik<\/a>, <a href=\"https:\/\/teiaeducation.ch\/de\/produkt-kategorie\/unsere-marken\/toys-for-life-von-educo\/sprache-toys-for-life\/\">Sprache<\/a> und <a href=\"https:\/\/teiaeducation.ch\/de\/produkt-kategorie\/unsere-marken\/toys-for-life-von-educo\/motorische-entwicklung-toys-for-life\/\">motorische Entwicklung<\/a>. Die Produkte werden in enger Zusammenarbeit mit dem Team hinter der Marke <a href=\"https:\/\/teiaeducation.ch\/de\/produkt-kategorie\/unsere-marken\/educo-de\/\">Educo<\/a> von Heutink International entwickelt: einer bekannten Marke, deren Produkte in den meisten Grundschulen in den Niederlanden verwendet werden und die darauf abzielt, spielerisches Lernen durch aktive, praktische Materialien zu unterst\u00fctzen und so das Wachstum und den Erfolg von Kindern im Alter von 1 bis 6 Jahren zu f\u00f6rdern. <\/p>\n<p>Alle Produkte von Toys for Life erf\u00fcllen die Anforderungen verschiedener Spielzeugsicherheitsvorschriften und entsprechen der Europ\u00e4ischen Spielzeugsicherheitsrichtlinie 2009\/48\/EG sowie den Normen EN71, ASTM und GB.<\/p>\n","protected":false},"excerpt":{"rendered":"<p>Artikelnummer: 900000299<\/p>\n<p>Das Lernspiel \u201eMessen und Vergleichen\u201c von Toys for Life hilft Kindern auf spielerische Weise, etwas \u00fcber Gr\u00f6\u00dfen, Farben und logisches Denken zu lernen!<\/p>\n","protected":false},"featured_media":55983,"comment_status":"open","ping_status":"closed","template":"","meta":[],"product_brand":[],"product_cat":[21445,21479,21558,21551,21509,21537,21675,21545,21443,21563,21494,21495,21557,21673,21482,21564],"product_tag":[32380,32382,32383,26515,32381,25525,32280,32376,32288],"class_list":{"0":"post-72175","1":"product","2":"type-product","3":"status-publish","4":"has-post-thumbnail","6":"product_cat-3-6-jahre-vorschule","7":"product_cat-lernmaterialien-spielzeug-montessori-waldorf-steiner-froebel","8":"product_cat-farbe-lernen","9":"product_cat-groesse","10":"product_cat-lernthemen","11":"product_cat-mathematik-rechnen","12":"product_cat-mathematik-toys-for-life","13":"product_cat-messung","14":"product_cat-nach-alter","15":"product_cat-neuheiten","16":"product_cat-schulbedarf-fuer-zuhause","17":"product_cat-schulbedarf-fuer-zuhause-3-6-jahre","18":"product_cat-sensorische-motorische-fertigkeiten","19":"product_cat-toys-for-life-von-educo","20":"product_cat-traditionelle-bildung","21":"product_cat-unsere-marken","22":"product_tag-fruhe-mathematische-fahigkeiten","23":"product_tag-lernspiel-zum-thema-farben","24":"product_tag-lernspiel-zum-thema-grose","25":"product_tag-lernspielzeug","26":"product_tag-lustige-mathematikspielzeuge","27":"product_tag-mathe-spielzeug-aus-holz","28":"product_tag-mathematik-lernmaterialien-fur-zu-hause","29":"product_tag-messen-und-vergleichen-toys-for-life","30":"product_tag-toys-for-life","32":"first","33":"instock","34":"taxable","35":"shipping-taxable","36":"purchasable","37":"product-type-simple"},"yoast_head":"<!-- This site is optimized with the Yoast SEO plugin v27.1.1 - https:\/\/yoast.com\/product\/yoast-seo-wordpress\/ -->\n<title>Messen und vergleichen - Toys for Life - Teia Education &amp; Play<\/title>\n<meta name=\"description\" content=\"Das Lernspiel \u201eMessen und Vergleichen\u201c von Toys for Life hilft Kindern auf spielerische Weise, etwas \u00fcber Gr\u00f6\u00dfen, Farben und logisches Denken zu lernen!\" \/>\n<meta name=\"robots\" content=\"index, follow, max-snippet:-1, max-image-preview:large, max-video-preview:-1\" \/>\n<link rel=\"canonical\" href=\"https:\/\/teiaeducation.ch\/de\/produkt\/messen-und-vergleichen-toys-for-life\/\" \/>\n<meta property=\"og:locale\" content=\"de_DE\" \/>\n<meta property=\"og:type\" content=\"article\" \/>\n<meta property=\"og:title\" content=\"Messen und vergleichen - Toys for Life - Teia Education &amp; Play\" \/>\n<meta property=\"og:description\" content=\"Das Lernspiel \u201eMessen und Vergleichen\u201c von Toys for Life hilft Kindern auf spielerische Weise, etwas \u00fcber Gr\u00f6\u00dfen, Farben und logisches Denken zu lernen!\" \/>\n<meta property=\"og:url\" content=\"https:\/\/teiaeducation.ch\/de\/produkt\/messen-und-vergleichen-toys-for-life\/\" \/>\n<meta property=\"og:site_name\" content=\"Sustainable Educational Products &amp; Ecological Toys\u00a0\" \/>\n<meta property=\"article:publisher\" content=\"https:\/\/www.facebook.com\/teiaeducation\/\" \/>\n<meta property=\"article:modified_time\" content=\"2025-12-11T14:40:45+00:00\" \/>\n<meta property=\"og:image\" content=\"https:\/\/teiaeducation.ch\/wp-content\/uploads\/2023\/09\/Measure-and-compare-Toys-for-Life-scaled.jpg\" \/>\n\t<meta property=\"og:image:width\" content=\"2048\" \/>\n\t<meta property=\"og:image:height\" content=\"2048\" \/>\n\t<meta property=\"og:image:type\" content=\"image\/jpeg\" \/>\n<script type=\"application\/ld+json\" class=\"yoast-schema-graph\">{\"@context\":\"https:\/\/schema.org\",\"@graph\":[{\"@type\":\"WebPage\",\"@id\":\"https:\/\/teiaeducation.ch\/de\/produkt\/messen-und-vergleichen-toys-for-life\/\",\"url\":\"https:\/\/teiaeducation.ch\/de\/produkt\/messen-und-vergleichen-toys-for-life\/\",\"name\":\"Messen und vergleichen - Toys for Life - Teia Education & Play\",\"isPartOf\":{\"@id\":\"https:\/\/teiaeducation.ch\/de\/#website\"},\"primaryImageOfPage\":{\"@id\":\"https:\/\/teiaeducation.ch\/de\/produkt\/messen-und-vergleichen-toys-for-life\/#primaryimage\"},\"image\":{\"@id\":\"https:\/\/teiaeducation.ch\/de\/produkt\/messen-und-vergleichen-toys-for-life\/#primaryimage\"},\"thumbnailUrl\":\"https:\/\/teiaeducation.ch\/wp-content\/uploads\/2023\/09\/Measure-and-compare-Toys-for-Life-scaled.jpg\",\"datePublished\":\"2023-09-22T11:59:10+00:00\",\"dateModified\":\"2025-12-11T14:40:45+00:00\",\"description\":\"Das Lernspiel \u201eMessen und Vergleichen\u201c von Toys for Life hilft Kindern auf spielerische Weise, etwas \u00fcber Gr\u00f6\u00dfen, Farben und logisches Denken zu lernen!\",\"breadcrumb\":{\"@id\":\"https:\/\/teiaeducation.ch\/de\/produkt\/messen-und-vergleichen-toys-for-life\/#breadcrumb\"},\"inLanguage\":\"de-CH\",\"potentialAction\":[{\"@type\":\"ReadAction\",\"target\":[\"https:\/\/teiaeducation.ch\/de\/produkt\/messen-und-vergleichen-toys-for-life\/\"]}]},{\"@type\":\"ImageObject\",\"inLanguage\":\"de-CH\",\"@id\":\"https:\/\/teiaeducation.ch\/de\/produkt\/messen-und-vergleichen-toys-for-life\/#primaryimage\",\"url\":\"https:\/\/teiaeducation.ch\/wp-content\/uploads\/2023\/09\/Measure-and-compare-Toys-for-Life-scaled.jpg\",\"contentUrl\":\"https:\/\/teiaeducation.ch\/wp-content\/uploads\/2023\/09\/Measure-and-compare-Toys-for-Life-scaled.jpg\",\"width\":2048,\"height\":2048,\"caption\":\"Lernspiel zum Messen und Vergleichen Toys for Life Lernen \u00fcber Gr\u00f6\u00dfen Farben\"},{\"@type\":\"BreadcrumbList\",\"@id\":\"https:\/\/teiaeducation.ch\/de\/produkt\/messen-und-vergleichen-toys-for-life\/#breadcrumb\",\"itemListElement\":[{\"@type\":\"ListItem\",\"position\":1,\"name\":\"Home\",\"item\":\"https:\/\/teiaeducation.ch\/de\/\"},{\"@type\":\"ListItem\",\"position\":2,\"name\":\"Laden\",\"item\":\"https:\/\/teiaeducation.ch\/de\/shop\/\"},{\"@type\":\"ListItem\",\"position\":3,\"name\":\"Messen und vergleichen &#8211; Toys for Life\"}]},{\"@type\":\"WebSite\",\"@id\":\"https:\/\/teiaeducation.ch\/de\/#website\",\"url\":\"https:\/\/teiaeducation.ch\/de\/\",\"name\":\"Sustainable Educational Products &amp; Ecological Toys\u00a0\",\"description\":\"Specialised Swiss shop selling sustainable educational toys and games, AMI certified Montessori materials, handmade ecological wooden Waldorf toys and arts &amp; crafts supplies, school supplies, children&#039;s furniture and Montessori reference and parenting books.\",\"publisher\":{\"@id\":\"https:\/\/teiaeducation.ch\/de\/#organization\"},\"alternateName\":\"Teia Education & Play\",\"potentialAction\":[{\"@type\":\"SearchAction\",\"target\":{\"@type\":\"EntryPoint\",\"urlTemplate\":\"https:\/\/teiaeducation.ch\/de\/?s={search_term_string}\"},\"query-input\":{\"@type\":\"PropertyValueSpecification\",\"valueRequired\":true,\"valueName\":\"search_term_string\"}}],\"inLanguage\":\"de-CH\"},{\"@type\":\"Organization\",\"@id\":\"https:\/\/teiaeducation.ch\/de\/#organization\",\"name\":\"Teia Education & Play\",\"url\":\"https:\/\/teiaeducation.ch\/de\/\",\"logo\":{\"@type\":\"ImageObject\",\"inLanguage\":\"de-CH\",\"@id\":\"https:\/\/teiaeducation.ch\/de\/#\/schema\/logo\/image\/\",\"url\":\"https:\/\/teiaeducation.ch\/wp-content\/uploads\/2020\/11\/Teia-Education-Switzerland-e1620156442216.jpg\",\"contentUrl\":\"https:\/\/teiaeducation.ch\/wp-content\/uploads\/2020\/11\/Teia-Education-Switzerland-e1620156442216.jpg\",\"width\":166,\"height\":145,\"caption\":\"Teia Education & Play\"},\"image\":{\"@id\":\"https:\/\/teiaeducation.ch\/de\/#\/schema\/logo\/image\/\"},\"sameAs\":[\"https:\/\/www.facebook.com\/teiaeducation\/\",\"https:\/\/x.com\/EducationTeia\",\"https:\/\/www.instagram.com\/teia.education\/\",\"https:\/\/www.linkedin.com\/company\/35501660\",\"https:\/\/www.pinterest.ch\/TeiaEducation\/\"]}]}<\/script>\n<!-- \/ Yoast SEO plugin. -->","yoast_head_json":{"title":"Messen und vergleichen - Toys for Life - Teia Education & Play","description":"Das Lernspiel \u201eMessen und Vergleichen\u201c von Toys for Life hilft Kindern auf spielerische Weise, etwas \u00fcber Gr\u00f6\u00dfen, Farben und logisches Denken zu lernen!","robots":{"index":"index","follow":"follow","max-snippet":"max-snippet:-1","max-image-preview":"max-image-preview:large","max-video-preview":"max-video-preview:-1"},"canonical":"https:\/\/teiaeducation.ch\/de\/produkt\/messen-und-vergleichen-toys-for-life\/","og_locale":"de_DE","og_type":"article","og_title":"Messen und vergleichen - Toys for Life - Teia Education & Play","og_description":"Das Lernspiel \u201eMessen und Vergleichen\u201c von Toys for Life hilft Kindern auf spielerische Weise, etwas \u00fcber Gr\u00f6\u00dfen, Farben und logisches Denken zu lernen!","og_url":"https:\/\/teiaeducation.ch\/de\/produkt\/messen-und-vergleichen-toys-for-life\/","og_site_name":"Sustainable Educational Products &amp; Ecological Toys\u00a0","article_publisher":"https:\/\/www.facebook.com\/teiaeducation\/","article_modified_time":"2025-12-11T14:40:45+00:00","og_image":[{"width":2048,"height":2048,"url":"https:\/\/teiaeducation.ch\/wp-content\/uploads\/2023\/09\/Measure-and-compare-Toys-for-Life-scaled.jpg","type":"image\/jpeg"}],"schema":{"@context":"https:\/\/schema.org","@graph":[{"@type":"WebPage","@id":"https:\/\/teiaeducation.ch\/de\/produkt\/messen-und-vergleichen-toys-for-life\/","url":"https:\/\/teiaeducation.ch\/de\/produkt\/messen-und-vergleichen-toys-for-life\/","name":"Messen und vergleichen - Toys for Life - Teia Education & Play","isPartOf":{"@id":"https:\/\/teiaeducation.ch\/de\/#website"},"primaryImageOfPage":{"@id":"https:\/\/teiaeducation.ch\/de\/produkt\/messen-und-vergleichen-toys-for-life\/#primaryimage"},"image":{"@id":"https:\/\/teiaeducation.ch\/de\/produkt\/messen-und-vergleichen-toys-for-life\/#primaryimage"},"thumbnailUrl":"https:\/\/teiaeducation.ch\/wp-content\/uploads\/2023\/09\/Measure-and-compare-Toys-for-Life-scaled.jpg","datePublished":"2023-09-22T11:59:10+00:00","dateModified":"2025-12-11T14:40:45+00:00","description":"Das Lernspiel \u201eMessen und Vergleichen\u201c von Toys for Life hilft Kindern auf spielerische Weise, etwas \u00fcber Gr\u00f6\u00dfen, Farben und logisches Denken zu lernen!","breadcrumb":{"@id":"https:\/\/teiaeducation.ch\/de\/produkt\/messen-und-vergleichen-toys-for-life\/#breadcrumb"},"inLanguage":"de-CH","potentialAction":[{"@type":"ReadAction","target":["https:\/\/teiaeducation.ch\/de\/produkt\/messen-und-vergleichen-toys-for-life\/"]}]},{"@type":"ImageObject","inLanguage":"de-CH","@id":"https:\/\/teiaeducation.ch\/de\/produkt\/messen-und-vergleichen-toys-for-life\/#primaryimage","url":"https:\/\/teiaeducation.ch\/wp-content\/uploads\/2023\/09\/Measure-and-compare-Toys-for-Life-scaled.jpg","contentUrl":"https:\/\/teiaeducation.ch\/wp-content\/uploads\/2023\/09\/Measure-and-compare-Toys-for-Life-scaled.jpg","width":2048,"height":2048,"caption":"Lernspiel zum Messen und Vergleichen Toys for Life Lernen \u00fcber Gr\u00f6\u00dfen Farben"},{"@type":"BreadcrumbList","@id":"https:\/\/teiaeducation.ch\/de\/produkt\/messen-und-vergleichen-toys-for-life\/#breadcrumb","itemListElement":[{"@type":"ListItem","position":1,"name":"Home","item":"https:\/\/teiaeducation.ch\/de\/"},{"@type":"ListItem","position":2,"name":"Laden","item":"https:\/\/teiaeducation.ch\/de\/shop\/"},{"@type":"ListItem","position":3,"name":"Messen und vergleichen &#8211; Toys for Life"}]},{"@type":"WebSite","@id":"https:\/\/teiaeducation.ch\/de\/#website","url":"https:\/\/teiaeducation.ch\/de\/","name":"Sustainable Educational Products &amp; Ecological Toys\u00a0","description":"Specialised Swiss shop selling sustainable educational toys and games, AMI certified Montessori materials, handmade ecological wooden Waldorf toys and arts &amp; crafts supplies, school supplies, children&#039;s furniture and Montessori reference and parenting books.","publisher":{"@id":"https:\/\/teiaeducation.ch\/de\/#organization"},"alternateName":"Teia Education & Play","potentialAction":[{"@type":"SearchAction","target":{"@type":"EntryPoint","urlTemplate":"https:\/\/teiaeducation.ch\/de\/?s={search_term_string}"},"query-input":{"@type":"PropertyValueSpecification","valueRequired":true,"valueName":"search_term_string"}}],"inLanguage":"de-CH"},{"@type":"Organization","@id":"https:\/\/teiaeducation.ch\/de\/#organization","name":"Teia Education & Play","url":"https:\/\/teiaeducation.ch\/de\/","logo":{"@type":"ImageObject","inLanguage":"de-CH","@id":"https:\/\/teiaeducation.ch\/de\/#\/schema\/logo\/image\/","url":"https:\/\/teiaeducation.ch\/wp-content\/uploads\/2020\/11\/Teia-Education-Switzerland-e1620156442216.jpg","contentUrl":"https:\/\/teiaeducation.ch\/wp-content\/uploads\/2020\/11\/Teia-Education-Switzerland-e1620156442216.jpg","width":166,"height":145,"caption":"Teia Education & Play"},"image":{"@id":"https:\/\/teiaeducation.ch\/de\/#\/schema\/logo\/image\/"},"sameAs":["https:\/\/www.facebook.com\/teiaeducation\/","https:\/\/x.com\/EducationTeia","https:\/\/www.instagram.com\/teia.education\/","https:\/\/www.linkedin.com\/company\/35501660","https:\/\/www.pinterest.ch\/TeiaEducation\/"]}]}},"_links":{"self":[{"href":"https:\/\/teiaeducation.ch\/de\/wp-json\/wp\/v2\/product\/72175","targetHints":{"allow":["GET"]}}],"collection":[{"href":"https:\/\/teiaeducation.ch\/de\/wp-json\/wp\/v2\/product"}],"about":[{"href":"https:\/\/teiaeducation.ch\/de\/wp-json\/wp\/v2\/types\/product"}],"replies":[{"embeddable":true,"href":"https:\/\/teiaeducation.ch\/de\/wp-json\/wp\/v2\/comments?post=72175"}],"wp:featuredmedia":[{"embeddable":true,"href":"https:\/\/teiaeducation.ch\/de\/wp-json\/wp\/v2\/media\/55983"}],"wp:attachment":[{"href":"https:\/\/teiaeducation.ch\/de\/wp-json\/wp\/v2\/media?parent=72175"}],"wp:term":[{"taxonomy":"product_brand","embeddable":true,"href":"https:\/\/teiaeducation.ch\/de\/wp-json\/wp\/v2\/product_brand?post=72175"},{"taxonomy":"product_cat","embeddable":true,"href":"https:\/\/teiaeducation.ch\/de\/wp-json\/wp\/v2\/product_cat?post=72175"},{"taxonomy":"product_tag","embeddable":true,"href":"https:\/\/teiaeducation.ch\/de\/wp-json\/wp\/v2\/product_tag?post=72175"}],"curies":[{"name":"wp","href":"https:\/\/api.w.org\/{rel}","templated":true}]}}