{"id":72176,"date":"2021-06-21T14:54:58","date_gmt":"2021-06-21T12:54:58","guid":{"rendered":"https:\/\/teiaeducation.ch\/product\/mathematikbus-toys-for-life\/"},"modified":"2025-12-11T15:53:39","modified_gmt":"2025-12-11T14:53:39","slug":"mathematikbus-toys-for-life","status":"publish","type":"product","link":"https:\/\/teiaeducation.ch\/de\/produkt\/mathematikbus-toys-for-life\/","title":{"rendered":"Mathematikbus &#8211; Toys for Life"},"content":{"rendered":"<p>Der Mathematikbus von Toys for Life hilft Kindern auf spielerische Weise dabei, bis 10 zu <a href=\"https:\/\/teiaeducation.ch\/de\/produkt-kategorie\/lernthemen\/mathematik-rechnen\/zaehlen\/\">z\u00e4hlen<\/a>, zu <a href=\"https:\/\/teiaeducation.ch\/de\/produkt-kategorie\/lernthemen\/mathematik-rechnen\/ergaenzung\/\">addieren<\/a> und zu <a href=\"https:\/\/teiaeducation.ch\/de\/produkt-kategorie\/lernthemen\/mathematik-rechnen\/subtraktion\/\">subtrahieren<\/a>!<\/p>\n<p>\u00dcben Sie <a href=\"https:\/\/teiaeducation.ch\/de\/produkt-kategorie\/lernthemen\/mathematik-rechnen\/\">mathematische<\/a> F\u00e4higkeiten, indem Sie Passagiere in den Bus ein- oder aussteigen lassen. Wie viele Passagiere fahren mit dem Bus? <\/p>\n<p>Z\u00e4hlen Sie die Fahrg\u00e4ste im Bus und verwenden Sie die mitgelieferten Rechenw\u00fcrfel und Karten, um Fahrg\u00e4ste hinzuzuf\u00fcgen oder wegzunehmen. Dies ist ein gro\u00dfartiges Material f\u00fcr den spielerischen, praktischen und visuellen Vertiefung von mathematischen F\u00e4higkeiten. Kinder werden es lieben, mit dem Mathematikbus mathematische F\u00e4higkeiten zu lernen!  <\/p>\n<p>Das Mathematik-Bus-Set enth\u00e4lt einen nachhaltig hergestellten Holzbus mit den Ma\u00dfen 18 x 10 x 7 cm sowie 10 Holzfiguren, 3 Holzw\u00fcrfel und 22 Aufgabenkarten. Eine Gebrauchsanweisung ist enthalten und das Set wird in einer magnetischen Aufbewahrungsbox geliefert. Alles, was Sie f\u00fcr spielerisches Lernen zu Hause in den Bereichen Z\u00e4hlen, Addition und Subtraktion ben\u00f6tigen!  <\/p>\n<p>Der Mathematikbus von Toys for Life ist f\u00fcr Kinder ab 3 Jahren geeignet.<\/p>\n<p>Inhalt<\/p>\n<p>1 Holzbuss (18 x 10 x 7 cm)<br \/>\n5 rote Holzpassagiere<br \/>\n5 wei\u00dfe Holzpassagiere<br \/>\n22 Aufgabenkarten aus Karton (7,5 x 5 cm)<br \/>\n3 Holzw\u00fcrfel (2,5 cm)<br \/>\nGebrauchsanweisung<br \/>\nEine magnetische Aufbewahrungsbox (21 x 12 x 9,5 cm)<\/p>\n<h2>Uber Toys for Life<\/h2>\n<p>Die niederl\u00e4ndische Bildungsmarke <a href=\"https:\/\/teiaeducation.ch\/de\/produkt-kategorie\/unsere-marken\/toys-for-life-von-educo\/\">Toys for Life<\/a> bietet eine Reihe erschwinglicher<a href=\"\/?product_cat=traditional\"> Lern<\/a>spiele und Spielzeuge f\u00fcr den Bereich der h<a href=\"https:\/\/teiaeducation.ch\/de\/produkt-kategorie\/schulbedarf-fuer-zuhause\/\">\u00e4uslichen Bildung<\/a> an. Die Produktpalette von Toys for Life ist in drei Lehrplanbereiche unterteilt: <a href=\"https:\/\/teiaeducation.ch\/de\/produkt-kategorie\/unsere-marken\/toys-for-life-von-educo\/mathematik-toys-for-life\/\">Mathematik<\/a>, <a href=\"https:\/\/teiaeducation.ch\/de\/produkt-kategorie\/unsere-marken\/toys-for-life-von-educo\/sprache-toys-for-life\/\">Sprache<\/a> und <a href=\"https:\/\/teiaeducation.ch\/de\/produkt-kategorie\/unsere-marken\/toys-for-life-von-educo\/motorische-entwicklung-toys-for-life\/\">motorische Entwicklung<\/a>. Die Produkte werden in enger Zusammenarbeit mit dem Team hinter der Marke <a href=\"https:\/\/teiaeducation.ch\/de\/produkt-kategorie\/unsere-marken\/educo-de\/\">Educo<\/a> von Heutink International entwickelt: einer bekannten Marke, deren Produkte in den meisten Grundschulen in den Niederlanden verwendet werden und die darauf abzielt, spielerisches Lernen durch aktive, praktische Materialien zu unterst\u00fctzen und so das Wachstum und den Erfolg von Kindern im Alter von 1 bis 6 Jahren zu f\u00f6rdern. <\/p>\n<p>Alle Produkte von Toys for Life erf\u00fcllen die Anforderungen verschiedener Spielzeugsicherheitsvorschriften und entsprechen der Europ\u00e4ischen Spielzeugsicherheitsrichtlinie 2009\/48\/EG sowie den Normen EN71, ASTM und GB.<\/p>\n","protected":false},"excerpt":{"rendered":"<p>Artikelnummer: 900000108<\/p>\n<p>Der Toys for Life-Mathematikbus hilft Kindern dabei, zu Hause auf spielerische Weise mathematische F\u00e4higkeiten zu erlernen, bis 10 zu z\u00e4hlen, zu addieren und zu subtrahieren!<\/p>\n","protected":false},"featured_media":72179,"comment_status":"open","ping_status":"closed","template":"","meta":[],"product_brand":[32511],"product_cat":[21445,21479,21538,21509,21537,21675,21443,21563,21494,21495,21678,21702,21553,21673,21482,21564,21540],"product_tag":[32380,26515,32381,25525,32385,32280,32386,32387,32384,32288],"class_list":{"0":"post-72176","1":"product","2":"type-product","3":"status-publish","4":"has-post-thumbnail","6":"product_brand-toys-for-life","7":"product_cat-3-6-jahre-vorschule","8":"product_cat-lernmaterialien-spielzeug-montessori-waldorf-steiner-froebel","9":"product_cat-ergaenzung","10":"product_cat-lernthemen","11":"product_cat-mathematik-rechnen","12":"product_cat-mathematik-toys-for-life","13":"product_cat-nach-alter","14":"product_cat-neuheiten","15":"product_cat-schulbedarf-fuer-zuhause","16":"product_cat-schulbedarf-fuer-zuhause-3-6-jahre","17":"product_cat-kinder-spielzeug","18":"product_cat-spielzeugautos-fahrzeuge","19":"product_cat-subtraktion","20":"product_cat-toys-for-life-von-educo","21":"product_cat-traditionelle-bildung","22":"product_cat-unsere-marken","23":"product_cat-zaehlen","24":"product_tag-fruhe-mathematische-fahigkeiten","25":"product_tag-lernspielzeug","26":"product_tag-lustige-mathematikspielzeuge","27":"product_tag-mathe-spielzeug-aus-holz","28":"product_tag-mathematik-bus","29":"product_tag-mathematik-lernmaterialien-fur-zu-hause","30":"product_tag-mathematikbus","31":"product_tag-mathematikspiele","32":"product_tag-toy-for-life-mathematic-bus","33":"product_tag-toys-for-life","35":"first","36":"outofstock","37":"taxable","38":"shipping-taxable","39":"purchasable","40":"product-type-simple"},"yoast_head":"<!-- This site is optimized with the Yoast SEO Premium plugin v25.8 (Yoast SEO v27.4) - https:\/\/yoast.com\/product\/yoast-seo-premium-wordpress\/ -->\n<title>Mathematikbus - Toys for Life<\/title>\n<meta name=\"description\" content=\"Der Mathematikbus von Toys for Life hilft Kindern dabei, zu Hause auf spielerische Weise mathematische F\u00e4higkeiten zu erlernen, indem sie bis 10 z\u00e4hlen, addieren und subtrahieren.\" \/>\n<meta name=\"robots\" content=\"index, follow, max-snippet:-1, max-image-preview:large, max-video-preview:-1\" \/>\n<link rel=\"canonical\" href=\"https:\/\/teiaeducation.ch\/de\/produkt\/mathematikbus-toys-for-life\/\" \/>\n<meta property=\"og:locale\" content=\"de_DE\" \/>\n<meta property=\"og:type\" content=\"article\" \/>\n<meta property=\"og:title\" content=\"Mathematikbus - Toys for Life\" \/>\n<meta property=\"og:description\" content=\"Der Mathematikbus von Toys for Life hilft Kindern dabei, zu Hause auf spielerische Weise mathematische F\u00e4higkeiten zu erlernen, indem sie bis 10 z\u00e4hlen, addieren und subtrahieren.\" \/>\n<meta property=\"og:url\" content=\"https:\/\/teiaeducation.ch\/de\/produkt\/mathematikbus-toys-for-life\/\" \/>\n<meta property=\"og:site_name\" content=\"Sustainable Educational Products &amp; Ecological Toys\u00a0\" \/>\n<meta property=\"article:publisher\" content=\"https:\/\/www.facebook.com\/teiaeducation\/\" \/>\n<meta property=\"article:modified_time\" content=\"2025-12-11T14:53:39+00:00\" \/>\n<meta property=\"og:image\" content=\"https:\/\/teiaeducation.ch\/wp-content\/uploads\/2021\/06\/Mathematic-bus-Toys-for-Life2.jpeg\" \/>\n\t<meta property=\"og:image:width\" content=\"1500\" \/>\n\t<meta property=\"og:image:height\" content=\"1500\" \/>\n\t<meta property=\"og:image:type\" content=\"image\/jpeg\" \/>\n<script type=\"application\/ld+json\" class=\"yoast-schema-graph\">{\"@context\":\"https:\\\/\\\/schema.org\",\"@graph\":[{\"@type\":\"WebPage\",\"@id\":\"https:\\\/\\\/teiaeducation.ch\\\/de\\\/produkt\\\/mathematikbus-toys-for-life\\\/\",\"url\":\"https:\\\/\\\/teiaeducation.ch\\\/de\\\/produkt\\\/mathematikbus-toys-for-life\\\/\",\"name\":\"Mathematikbus - Toys for Life\",\"isPartOf\":{\"@id\":\"https:\\\/\\\/teiaeducation.ch\\\/de\\\/#website\"},\"primaryImageOfPage\":{\"@id\":\"https:\\\/\\\/teiaeducation.ch\\\/de\\\/produkt\\\/mathematikbus-toys-for-life\\\/#primaryimage\"},\"image\":{\"@id\":\"https:\\\/\\\/teiaeducation.ch\\\/de\\\/produkt\\\/mathematikbus-toys-for-life\\\/#primaryimage\"},\"thumbnailUrl\":\"https:\\\/\\\/teiaeducation.ch\\\/wp-content\\\/uploads\\\/2021\\\/06\\\/Mathematic-bus-Toys-for-Life2.jpeg\",\"datePublished\":\"2021-06-21T12:54:58+00:00\",\"dateModified\":\"2025-12-11T14:53:39+00:00\",\"description\":\"Der Mathematikbus von Toys for Life hilft Kindern dabei, zu Hause auf spielerische Weise mathematische F\u00e4higkeiten zu erlernen, indem sie bis 10 z\u00e4hlen, addieren und subtrahieren.\",\"breadcrumb\":{\"@id\":\"https:\\\/\\\/teiaeducation.ch\\\/de\\\/produkt\\\/mathematikbus-toys-for-life\\\/#breadcrumb\"},\"inLanguage\":\"de-CH\",\"potentialAction\":[{\"@type\":\"ReadAction\",\"target\":[\"https:\\\/\\\/teiaeducation.ch\\\/de\\\/produkt\\\/mathematikbus-toys-for-life\\\/\"]}]},{\"@type\":\"ImageObject\",\"inLanguage\":\"de-CH\",\"@id\":\"https:\\\/\\\/teiaeducation.ch\\\/de\\\/produkt\\\/mathematikbus-toys-for-life\\\/#primaryimage\",\"url\":\"https:\\\/\\\/teiaeducation.ch\\\/wp-content\\\/uploads\\\/2021\\\/06\\\/Mathematic-bus-Toys-for-Life2.jpeg\",\"contentUrl\":\"https:\\\/\\\/teiaeducation.ch\\\/wp-content\\\/uploads\\\/2021\\\/06\\\/Mathematic-bus-Toys-for-Life2.jpeg\",\"width\":1500,\"height\":1500,\"caption\":\"Mathematikbus \\\/ Z\u00e4hlen lernen bis 10 \u2013 Spielzeug f\u00fcrs Leben\"},{\"@type\":\"BreadcrumbList\",\"@id\":\"https:\\\/\\\/teiaeducation.ch\\\/de\\\/produkt\\\/mathematikbus-toys-for-life\\\/#breadcrumb\",\"itemListElement\":[{\"@type\":\"ListItem\",\"position\":1,\"name\":\"Home\",\"item\":\"https:\\\/\\\/teiaeducation.ch\\\/de\\\/\"},{\"@type\":\"ListItem\",\"position\":2,\"name\":\"Laden\",\"item\":\"https:\\\/\\\/teiaeducation.ch\\\/de\\\/shop\\\/\"},{\"@type\":\"ListItem\",\"position\":3,\"name\":\"Lernthemen\",\"item\":\"https:\\\/\\\/teiaeducation.ch\\\/de\\\/produkt-kategorie\\\/lernthemen\\\/\"},{\"@type\":\"ListItem\",\"position\":4,\"name\":\"Mathematik &amp; Rechnen\",\"item\":\"https:\\\/\\\/teiaeducation.ch\\\/de\\\/produkt-kategorie\\\/lernthemen\\\/mathematik-rechnen\\\/\"},{\"@type\":\"ListItem\",\"position\":5,\"name\":\"Erg\u00e4nzung\",\"item\":\"https:\\\/\\\/teiaeducation.ch\\\/de\\\/produkt-kategorie\\\/lernthemen\\\/mathematik-rechnen\\\/ergaenzung\\\/\"},{\"@type\":\"ListItem\",\"position\":6,\"name\":\"Mathematikbus &#8211; Toys for Life\"}]},{\"@type\":\"WebSite\",\"@id\":\"https:\\\/\\\/teiaeducation.ch\\\/de\\\/#website\",\"url\":\"https:\\\/\\\/teiaeducation.ch\\\/de\\\/\",\"name\":\"Sustainable Educational Products &amp; Ecological Toys\u00a0\",\"description\":\"Specialised Swiss shop selling sustainable educational toys and games, AMI certified Montessori materials, handmade ecological wooden Waldorf toys and arts &amp; crafts supplies, school supplies, children&#039;s furniture and Montessori reference and parenting books.\",\"publisher\":{\"@id\":\"https:\\\/\\\/teiaeducation.ch\\\/de\\\/#organization\"},\"alternateName\":\"Teia Education & Play\",\"potentialAction\":[{\"@type\":\"SearchAction\",\"target\":{\"@type\":\"EntryPoint\",\"urlTemplate\":\"https:\\\/\\\/teiaeducation.ch\\\/de\\\/?s={search_term_string}\"},\"query-input\":{\"@type\":\"PropertyValueSpecification\",\"valueRequired\":true,\"valueName\":\"search_term_string\"}}],\"inLanguage\":\"de-CH\"},{\"@type\":\"Organization\",\"@id\":\"https:\\\/\\\/teiaeducation.ch\\\/de\\\/#organization\",\"name\":\"Teia Education & Play\",\"url\":\"https:\\\/\\\/teiaeducation.ch\\\/de\\\/\",\"logo\":{\"@type\":\"ImageObject\",\"inLanguage\":\"de-CH\",\"@id\":\"https:\\\/\\\/teiaeducation.ch\\\/de\\\/#\\\/schema\\\/logo\\\/image\\\/\",\"url\":\"https:\\\/\\\/teiaeducation.ch\\\/wp-content\\\/uploads\\\/2020\\\/11\\\/Teia-Education-Switzerland-e1620156442216.jpg\",\"contentUrl\":\"https:\\\/\\\/teiaeducation.ch\\\/wp-content\\\/uploads\\\/2020\\\/11\\\/Teia-Education-Switzerland-e1620156442216.jpg\",\"width\":166,\"height\":145,\"caption\":\"Teia Education & Play\"},\"image\":{\"@id\":\"https:\\\/\\\/teiaeducation.ch\\\/de\\\/#\\\/schema\\\/logo\\\/image\\\/\"},\"sameAs\":[\"https:\\\/\\\/www.facebook.com\\\/teiaeducation\\\/\",\"https:\\\/\\\/x.com\\\/EducationTeia\",\"https:\\\/\\\/www.instagram.com\\\/teia.education\\\/\",\"https:\\\/\\\/www.linkedin.com\\\/company\\\/35501660\",\"https:\\\/\\\/www.pinterest.ch\\\/TeiaEducation\\\/\"]}]}<\/script>\n<meta property=\"product:price:amount\" content=\"46.00\" \/>\n<meta property=\"product:price:currency\" content=\"CHF\" \/>\n<meta property=\"og:availability\" content=\"out of stock\" \/>\n<meta property=\"product:availability\" content=\"out of stock\" \/>\n<meta property=\"product:retailer_item_id\" content=\"00000000000000000000000000000000000000000000037287\" \/>\n<meta property=\"product:condition\" content=\"new\" \/>\n<!-- \/ Yoast SEO Premium plugin. -->","yoast_head_json":{"title":"Mathematikbus - Toys for Life","description":"Der Mathematikbus von Toys for Life hilft Kindern dabei, zu Hause auf spielerische Weise mathematische F\u00e4higkeiten zu erlernen, indem sie bis 10 z\u00e4hlen, addieren und subtrahieren.","robots":{"index":"index","follow":"follow","max-snippet":"max-snippet:-1","max-image-preview":"max-image-preview:large","max-video-preview":"max-video-preview:-1"},"canonical":"https:\/\/teiaeducation.ch\/de\/produkt\/mathematikbus-toys-for-life\/","og_locale":"de_DE","og_type":"article","og_title":"Mathematikbus - Toys for Life","og_description":"Der Mathematikbus von Toys for Life hilft Kindern dabei, zu Hause auf spielerische Weise mathematische F\u00e4higkeiten zu erlernen, indem sie bis 10 z\u00e4hlen, addieren und subtrahieren.","og_url":"https:\/\/teiaeducation.ch\/de\/produkt\/mathematikbus-toys-for-life\/","og_site_name":"Sustainable Educational Products &amp; Ecological Toys\u00a0","article_publisher":"https:\/\/www.facebook.com\/teiaeducation\/","article_modified_time":"2025-12-11T14:53:39+00:00","og_image":[{"width":1500,"height":1500,"url":"https:\/\/teiaeducation.ch\/wp-content\/uploads\/2021\/06\/Mathematic-bus-Toys-for-Life2.jpeg","type":"image\/jpeg"}],"schema":{"@context":"https:\/\/schema.org","@graph":[{"@type":"WebPage","@id":"https:\/\/teiaeducation.ch\/de\/produkt\/mathematikbus-toys-for-life\/","url":"https:\/\/teiaeducation.ch\/de\/produkt\/mathematikbus-toys-for-life\/","name":"Mathematikbus - Toys for Life","isPartOf":{"@id":"https:\/\/teiaeducation.ch\/de\/#website"},"primaryImageOfPage":{"@id":"https:\/\/teiaeducation.ch\/de\/produkt\/mathematikbus-toys-for-life\/#primaryimage"},"image":{"@id":"https:\/\/teiaeducation.ch\/de\/produkt\/mathematikbus-toys-for-life\/#primaryimage"},"thumbnailUrl":"https:\/\/teiaeducation.ch\/wp-content\/uploads\/2021\/06\/Mathematic-bus-Toys-for-Life2.jpeg","datePublished":"2021-06-21T12:54:58+00:00","dateModified":"2025-12-11T14:53:39+00:00","description":"Der Mathematikbus von Toys for Life hilft Kindern dabei, zu Hause auf spielerische Weise mathematische F\u00e4higkeiten zu erlernen, indem sie bis 10 z\u00e4hlen, addieren und subtrahieren.","breadcrumb":{"@id":"https:\/\/teiaeducation.ch\/de\/produkt\/mathematikbus-toys-for-life\/#breadcrumb"},"inLanguage":"de-CH","potentialAction":[{"@type":"ReadAction","target":["https:\/\/teiaeducation.ch\/de\/produkt\/mathematikbus-toys-for-life\/"]}]},{"@type":"ImageObject","inLanguage":"de-CH","@id":"https:\/\/teiaeducation.ch\/de\/produkt\/mathematikbus-toys-for-life\/#primaryimage","url":"https:\/\/teiaeducation.ch\/wp-content\/uploads\/2021\/06\/Mathematic-bus-Toys-for-Life2.jpeg","contentUrl":"https:\/\/teiaeducation.ch\/wp-content\/uploads\/2021\/06\/Mathematic-bus-Toys-for-Life2.jpeg","width":1500,"height":1500,"caption":"Mathematikbus \/ Z\u00e4hlen lernen bis 10 \u2013 Spielzeug f\u00fcrs Leben"},{"@type":"BreadcrumbList","@id":"https:\/\/teiaeducation.ch\/de\/produkt\/mathematikbus-toys-for-life\/#breadcrumb","itemListElement":[{"@type":"ListItem","position":1,"name":"Home","item":"https:\/\/teiaeducation.ch\/de\/"},{"@type":"ListItem","position":2,"name":"Laden","item":"https:\/\/teiaeducation.ch\/de\/shop\/"},{"@type":"ListItem","position":3,"name":"Lernthemen","item":"https:\/\/teiaeducation.ch\/de\/produkt-kategorie\/lernthemen\/"},{"@type":"ListItem","position":4,"name":"Mathematik &amp; Rechnen","item":"https:\/\/teiaeducation.ch\/de\/produkt-kategorie\/lernthemen\/mathematik-rechnen\/"},{"@type":"ListItem","position":5,"name":"Erg\u00e4nzung","item":"https:\/\/teiaeducation.ch\/de\/produkt-kategorie\/lernthemen\/mathematik-rechnen\/ergaenzung\/"},{"@type":"ListItem","position":6,"name":"Mathematikbus &#8211; Toys for Life"}]},{"@type":"WebSite","@id":"https:\/\/teiaeducation.ch\/de\/#website","url":"https:\/\/teiaeducation.ch\/de\/","name":"Sustainable Educational Products &amp; Ecological Toys\u00a0","description":"Specialised Swiss shop selling sustainable educational toys and games, AMI certified Montessori materials, handmade ecological wooden Waldorf toys and arts &amp; crafts supplies, school supplies, children&#039;s furniture and Montessori reference and parenting books.","publisher":{"@id":"https:\/\/teiaeducation.ch\/de\/#organization"},"alternateName":"Teia Education & Play","potentialAction":[{"@type":"SearchAction","target":{"@type":"EntryPoint","urlTemplate":"https:\/\/teiaeducation.ch\/de\/?s={search_term_string}"},"query-input":{"@type":"PropertyValueSpecification","valueRequired":true,"valueName":"search_term_string"}}],"inLanguage":"de-CH"},{"@type":"Organization","@id":"https:\/\/teiaeducation.ch\/de\/#organization","name":"Teia Education & Play","url":"https:\/\/teiaeducation.ch\/de\/","logo":{"@type":"ImageObject","inLanguage":"de-CH","@id":"https:\/\/teiaeducation.ch\/de\/#\/schema\/logo\/image\/","url":"https:\/\/teiaeducation.ch\/wp-content\/uploads\/2020\/11\/Teia-Education-Switzerland-e1620156442216.jpg","contentUrl":"https:\/\/teiaeducation.ch\/wp-content\/uploads\/2020\/11\/Teia-Education-Switzerland-e1620156442216.jpg","width":166,"height":145,"caption":"Teia Education & Play"},"image":{"@id":"https:\/\/teiaeducation.ch\/de\/#\/schema\/logo\/image\/"},"sameAs":["https:\/\/www.facebook.com\/teiaeducation\/","https:\/\/x.com\/EducationTeia","https:\/\/www.instagram.com\/teia.education\/","https:\/\/www.linkedin.com\/company\/35501660","https:\/\/www.pinterest.ch\/TeiaEducation\/"]}]},"product_price_amount":"46.00","product_price_currency":"CHF","og_availability":"out of stock","product_availability":"out of stock","product_retailer_item_id":"00000000000000000000000000000000000000000000037287","product_condition":"new"},"_links":{"self":[{"href":"https:\/\/teiaeducation.ch\/de\/wp-json\/wp\/v2\/product\/72176","targetHints":{"allow":["GET"]}}],"collection":[{"href":"https:\/\/teiaeducation.ch\/de\/wp-json\/wp\/v2\/product"}],"about":[{"href":"https:\/\/teiaeducation.ch\/de\/wp-json\/wp\/v2\/types\/product"}],"replies":[{"embeddable":true,"href":"https:\/\/teiaeducation.ch\/de\/wp-json\/wp\/v2\/comments?post=72176"}],"wp:featuredmedia":[{"embeddable":true,"href":"https:\/\/teiaeducation.ch\/de\/wp-json\/wp\/v2\/media\/72179"}],"wp:attachment":[{"href":"https:\/\/teiaeducation.ch\/de\/wp-json\/wp\/v2\/media?parent=72176"}],"wp:term":[{"taxonomy":"product_brand","embeddable":true,"href":"https:\/\/teiaeducation.ch\/de\/wp-json\/wp\/v2\/product_brand?post=72176"},{"taxonomy":"product_cat","embeddable":true,"href":"https:\/\/teiaeducation.ch\/de\/wp-json\/wp\/v2\/product_cat?post=72176"},{"taxonomy":"product_tag","embeddable":true,"href":"https:\/\/teiaeducation.ch\/de\/wp-json\/wp\/v2\/product_tag?post=72176"}],"curies":[{"name":"wp","href":"https:\/\/api.w.org\/{rel}","templated":true}]}}