{"id":72275,"date":"2020-01-21T15:44:40","date_gmt":"2020-01-21T14:44:40","guid":{"rendered":"https:\/\/teiaeducation.ch\/product\/fuehle-den-brief-toys-for-life\/"},"modified":"2025-12-18T13:50:30","modified_gmt":"2025-12-18T12:50:30","slug":"fuehle-den-brief-toys-for-life","status":"publish","type":"product","link":"https:\/\/teiaeducation.ch\/de\/produkt\/fuehle-den-brief-toys-for-life\/","title":{"rendered":"F\u00fchle den Brief &#8211; Toys for Life"},"content":{"rendered":"<p>Durch das Spielen des Lernspiels F\u00fchle den Brief von Toys for Life lernen Kinder das <a href=\"https:\/\/teiaeducation.ch\/de\/produkt-kategorie\/lernthemen\/alphabetisierung-sprache\/buchstaben-das-alphabet\/\">Alphabet<\/a> anhand der Erkennung von Buchstabenformen. F\u00fchle den Brief verbessert au\u00dferdem ihre Vorl\u00e4uferf\u00e4higkeiten f\u00fcr das Schreiben und ihre<a href=\"https:\/\/teiaeducation.ch\/de\/produkt-kategorie\/lernthemen\/sensorische-motorische-fertigkeiten\/motorische-fertigkeiten\/\"> Feinmotorik<\/a>. <\/p>\n<p>Das Kind folgt den Buchstabenformen mit dem Zeigefinger oder mit dem mitgelieferten Holzstift.<\/p>\n<p>Die Toys for Life-Version von F\u00fchle den Brief ist eine kompakte Version von <a href=\"https:\/\/teiaeducation.ch\/de\/produkt\/taktile-buchstaben-educo\/\">Educo F\u00fchle den Brief<\/a><\/p>\n<p>F\u00fchle den Brief ist f\u00fcr Kinder ab 3 Jahren geeignet.<\/p>\n<p>Inhalt:<\/p>\n<p>26 Holztafeln mit eingravierten Buchstaben des Alphabets (8 x 10 cm)<br \/>\n2 Holzstifte<br \/>\nEine magnetische Aufbewahrungsbox (31 x 23 x 6 cm)<br \/>\nGebrauchsanweisung<\/p>\n<h2>Uber Toys for Life<\/h2>\n<p>Die niederl\u00e4ndische Bildungsmarke <a href=\"https:\/\/teiaeducation.ch\/de\/produkt-kategorie\/unsere-marken\/toys-for-life-von-educo\/\">Toys for Life<\/a> bietet eine Reihe erschwinglicher<a href=\"\/?product_cat=traditional\"> Lern<\/a>spiele und Spielzeuge f\u00fcr den Bereich der h<a href=\"https:\/\/teiaeducation.ch\/de\/produkt-kategorie\/schulbedarf-fuer-zuhause\/\">\u00e4uslichen Bildung<\/a> an. Die Produktpalette von Toys for Life ist in drei Lehrplanbereiche unterteilt: <a href=\"https:\/\/teiaeducation.ch\/de\/produkt-kategorie\/unsere-marken\/toys-for-life-von-educo\/mathematik-toys-for-life\/\">Mathematik<\/a>, <a href=\"https:\/\/teiaeducation.ch\/de\/produkt-kategorie\/unsere-marken\/toys-for-life-von-educo\/sprache-toys-for-life\/\">Sprache<\/a> und <a href=\"https:\/\/teiaeducation.ch\/de\/produkt-kategorie\/unsere-marken\/toys-for-life-von-educo\/motorische-entwicklung-toys-for-life\/\">motorische Entwicklung<\/a>. Die Produkte werden in enger Zusammenarbeit mit dem Team hinter der Marke <a href=\"https:\/\/teiaeducation.ch\/de\/produkt-kategorie\/unsere-marken\/educo-de\/\">Educo<\/a> von Heutink International entwickelt: einer bekannten Marke, deren Produkte in den meisten Grundschulen in den Niederlanden verwendet werden und die darauf abzielt, spielerisches Lernen durch aktive, praktische Materialien zu unterst\u00fctzen und so das Wachstum und den Erfolg von Kindern im Alter von 1 bis 6 Jahren zu f\u00f6rdern. <\/p>\n<p>Alle Produkte von Toys for Life erf\u00fcllen die Anforderungen verschiedener Spielzeugsicherheitsvorschriften und entsprechen der Europ\u00e4ischen Spielzeugsicherheitsrichtlinie 2009\/48\/EG sowie den Normen EN71, ASTM und GB.<\/p>\n","protected":false},"excerpt":{"rendered":"<p>Artikelnummer: 900000099<\/p>\n<p>Mit F\u00fchle den Brief von Toys for Life wird das Alphabet durch das Erkennen von Buchstabenformen gelernt. Au\u00dferdem werden die Vorl\u00e4uferf\u00e4higkeiten f\u00fcr das Schreiben und die Feinmotorik verbessert! <\/p>\n","protected":false},"featured_media":55936,"comment_status":"closed","ping_status":"closed","template":"","meta":[],"product_brand":[32511],"product_cat":[21445,21446,21524,23651,21479,21532,21509,21559,21443,21563,22362,21531,21494,21495,21557,21674,21673,21482,21564],"product_tag":[28200,23474,24315,26410,32288,32518],"class_list":{"0":"post-72275","1":"product","2":"type-product","3":"status-publish","4":"has-post-thumbnail","6":"product_brand-toys-for-life","7":"product_cat-3-6-jahre-vorschule","8":"product_cat-6-12-jahre-grundschule","9":"product_cat-alphabetisierung-sprache","10":"product_cat-back-to-school-de","11":"product_cat-lernmaterialien-spielzeug-montessori-waldorf-steiner-froebel","12":"product_cat-buchstaben-das-alphabet","13":"product_cat-lernthemen","14":"product_cat-motorische-fertigkeiten","15":"product_cat-nach-alter","16":"product_cat-neuheiten","17":"product_cat-saisonale-kollektionen","18":"product_cat-schreiben-lernen","19":"product_cat-schulbedarf-fuer-zuhause","20":"product_cat-schulbedarf-fuer-zuhause-3-6-jahre","21":"product_cat-sensorische-motorische-fertigkeiten","22":"product_cat-sprache-toys-for-life","23":"product_cat-toys-for-life-von-educo","24":"product_cat-traditionelle-bildung","25":"product_cat-unsere-marken","26":"product_tag-das-alphabet-lernen","27":"product_tag-heutink-international-schweiz","28":"product_tag-holzspielzeug","29":"product_tag-padagogisches-holzspielzeug-lernspielzeug-aus-holz","30":"product_tag-toys-for-life","31":"product_tag-toys-for-life-fuhle-den-brief","33":"first","34":"instock","35":"taxable","36":"shipping-taxable","37":"purchasable","38":"product-type-simple"},"yoast_head":"<!-- This site is optimized with the Yoast SEO plugin v27.1.1 - https:\/\/yoast.com\/product\/yoast-seo-wordpress\/ -->\n<title>F\u00fchle den Brief - Toys for Life<\/title>\n<meta name=\"description\" content=\"Mit F\u00fchle den Brief von Toys for Life wird das Alphabet durch das Erkennen von Buchstabenformen gelernt. Au\u00dferdem werden die Vorl\u00e4uferf\u00e4higkeiten f\u00fcr das Schreiben und die Feinmotorik verbessert.\" \/>\n<meta name=\"robots\" content=\"index, follow, max-snippet:-1, max-image-preview:large, max-video-preview:-1\" \/>\n<link rel=\"canonical\" href=\"https:\/\/teiaeducation.ch\/de\/produkt\/fuehle-den-brief-toys-for-life\/\" \/>\n<meta property=\"og:locale\" content=\"de_DE\" \/>\n<meta property=\"og:type\" content=\"article\" \/>\n<meta property=\"og:title\" content=\"F\u00fchle den Brief - Toys for Life\" \/>\n<meta property=\"og:description\" content=\"Mit F\u00fchle den Brief von Toys for Life wird das Alphabet durch das Erkennen von Buchstabenformen gelernt. Au\u00dferdem werden die Vorl\u00e4uferf\u00e4higkeiten f\u00fcr das Schreiben und die Feinmotorik verbessert.\" \/>\n<meta property=\"og:url\" content=\"https:\/\/teiaeducation.ch\/de\/produkt\/fuehle-den-brief-toys-for-life\/\" \/>\n<meta property=\"og:site_name\" content=\"Sustainable Educational Products &amp; Ecological Toys\u00a0\" \/>\n<meta property=\"article:publisher\" content=\"https:\/\/www.facebook.com\/teiaeducation\/\" \/>\n<meta property=\"article:modified_time\" content=\"2025-12-18T12:50:30+00:00\" \/>\n<meta property=\"og:image\" content=\"https:\/\/teiaeducation.ch\/wp-content\/uploads\/2020\/01\/Toys-for-Life_Language_Feel-the-letter_900000099_1.jpg\" \/>\n\t<meta property=\"og:image:width\" content=\"500\" \/>\n\t<meta property=\"og:image:height\" content=\"500\" \/>\n\t<meta property=\"og:image:type\" content=\"image\/jpeg\" \/>\n<script type=\"application\/ld+json\" class=\"yoast-schema-graph\">{\"@context\":\"https:\/\/schema.org\",\"@graph\":[{\"@type\":\"WebPage\",\"@id\":\"https:\/\/teiaeducation.ch\/de\/produkt\/fuehle-den-brief-toys-for-life\/\",\"url\":\"https:\/\/teiaeducation.ch\/de\/produkt\/fuehle-den-brief-toys-for-life\/\",\"name\":\"F\u00fchle den Brief - Toys for Life\",\"isPartOf\":{\"@id\":\"https:\/\/teiaeducation.ch\/de\/#website\"},\"primaryImageOfPage\":{\"@id\":\"https:\/\/teiaeducation.ch\/de\/produkt\/fuehle-den-brief-toys-for-life\/#primaryimage\"},\"image\":{\"@id\":\"https:\/\/teiaeducation.ch\/de\/produkt\/fuehle-den-brief-toys-for-life\/#primaryimage\"},\"thumbnailUrl\":\"https:\/\/teiaeducation.ch\/wp-content\/uploads\/2020\/01\/Toys-for-Life_Language_Feel-the-letter_900000099_1.jpg\",\"datePublished\":\"2020-01-21T14:44:40+00:00\",\"dateModified\":\"2025-12-18T12:50:30+00:00\",\"description\":\"Mit F\u00fchle den Brief von Toys for Life wird das Alphabet durch das Erkennen von Buchstabenformen gelernt. Au\u00dferdem werden die Vorl\u00e4uferf\u00e4higkeiten f\u00fcr das Schreiben und die Feinmotorik verbessert.\",\"breadcrumb\":{\"@id\":\"https:\/\/teiaeducation.ch\/de\/produkt\/fuehle-den-brief-toys-for-life\/#breadcrumb\"},\"inLanguage\":\"de-CH\",\"potentialAction\":[{\"@type\":\"ReadAction\",\"target\":[\"https:\/\/teiaeducation.ch\/de\/produkt\/fuehle-den-brief-toys-for-life\/\"]}]},{\"@type\":\"ImageObject\",\"inLanguage\":\"de-CH\",\"@id\":\"https:\/\/teiaeducation.ch\/de\/produkt\/fuehle-den-brief-toys-for-life\/#primaryimage\",\"url\":\"https:\/\/teiaeducation.ch\/wp-content\/uploads\/2020\/01\/Toys-for-Life_Language_Feel-the-letter_900000099_1.jpg\",\"contentUrl\":\"https:\/\/teiaeducation.ch\/wp-content\/uploads\/2020\/01\/Toys-for-Life_Language_Feel-the-letter_900000099_1.jpg\",\"width\":500,\"height\":500,\"caption\":\"Toys for Life Feel the letter\"},{\"@type\":\"BreadcrumbList\",\"@id\":\"https:\/\/teiaeducation.ch\/de\/produkt\/fuehle-den-brief-toys-for-life\/#breadcrumb\",\"itemListElement\":[{\"@type\":\"ListItem\",\"position\":1,\"name\":\"Home\",\"item\":\"https:\/\/teiaeducation.ch\/de\/\"},{\"@type\":\"ListItem\",\"position\":2,\"name\":\"Laden\",\"item\":\"https:\/\/teiaeducation.ch\/de\/shop\/\"},{\"@type\":\"ListItem\",\"position\":3,\"name\":\"F\u00fchle den Brief &#8211; Toys for Life\"}]},{\"@type\":\"WebSite\",\"@id\":\"https:\/\/teiaeducation.ch\/de\/#website\",\"url\":\"https:\/\/teiaeducation.ch\/de\/\",\"name\":\"Sustainable Educational Products &amp; Ecological Toys\u00a0\",\"description\":\"Specialised Swiss shop selling sustainable educational toys and games, AMI certified Montessori materials, handmade ecological wooden Waldorf toys and arts &amp; crafts supplies, school supplies, children&#039;s furniture and Montessori reference and parenting books.\",\"publisher\":{\"@id\":\"https:\/\/teiaeducation.ch\/de\/#organization\"},\"alternateName\":\"Teia Education & Play\",\"potentialAction\":[{\"@type\":\"SearchAction\",\"target\":{\"@type\":\"EntryPoint\",\"urlTemplate\":\"https:\/\/teiaeducation.ch\/de\/?s={search_term_string}\"},\"query-input\":{\"@type\":\"PropertyValueSpecification\",\"valueRequired\":true,\"valueName\":\"search_term_string\"}}],\"inLanguage\":\"de-CH\"},{\"@type\":\"Organization\",\"@id\":\"https:\/\/teiaeducation.ch\/de\/#organization\",\"name\":\"Teia Education & Play\",\"url\":\"https:\/\/teiaeducation.ch\/de\/\",\"logo\":{\"@type\":\"ImageObject\",\"inLanguage\":\"de-CH\",\"@id\":\"https:\/\/teiaeducation.ch\/de\/#\/schema\/logo\/image\/\",\"url\":\"https:\/\/teiaeducation.ch\/wp-content\/uploads\/2020\/11\/Teia-Education-Switzerland-e1620156442216.jpg\",\"contentUrl\":\"https:\/\/teiaeducation.ch\/wp-content\/uploads\/2020\/11\/Teia-Education-Switzerland-e1620156442216.jpg\",\"width\":166,\"height\":145,\"caption\":\"Teia Education & Play\"},\"image\":{\"@id\":\"https:\/\/teiaeducation.ch\/de\/#\/schema\/logo\/image\/\"},\"sameAs\":[\"https:\/\/www.facebook.com\/teiaeducation\/\",\"https:\/\/x.com\/EducationTeia\",\"https:\/\/www.instagram.com\/teia.education\/\",\"https:\/\/www.linkedin.com\/company\/35501660\",\"https:\/\/www.pinterest.ch\/TeiaEducation\/\"]}]}<\/script>\n<!-- \/ Yoast SEO plugin. -->","yoast_head_json":{"title":"F\u00fchle den Brief - Toys for Life","description":"Mit F\u00fchle den Brief von Toys for Life wird das Alphabet durch das Erkennen von Buchstabenformen gelernt. Au\u00dferdem werden die Vorl\u00e4uferf\u00e4higkeiten f\u00fcr das Schreiben und die Feinmotorik verbessert.","robots":{"index":"index","follow":"follow","max-snippet":"max-snippet:-1","max-image-preview":"max-image-preview:large","max-video-preview":"max-video-preview:-1"},"canonical":"https:\/\/teiaeducation.ch\/de\/produkt\/fuehle-den-brief-toys-for-life\/","og_locale":"de_DE","og_type":"article","og_title":"F\u00fchle den Brief - Toys for Life","og_description":"Mit F\u00fchle den Brief von Toys for Life wird das Alphabet durch das Erkennen von Buchstabenformen gelernt. Au\u00dferdem werden die Vorl\u00e4uferf\u00e4higkeiten f\u00fcr das Schreiben und die Feinmotorik verbessert.","og_url":"https:\/\/teiaeducation.ch\/de\/produkt\/fuehle-den-brief-toys-for-life\/","og_site_name":"Sustainable Educational Products &amp; Ecological Toys\u00a0","article_publisher":"https:\/\/www.facebook.com\/teiaeducation\/","article_modified_time":"2025-12-18T12:50:30+00:00","og_image":[{"width":500,"height":500,"url":"https:\/\/teiaeducation.ch\/wp-content\/uploads\/2020\/01\/Toys-for-Life_Language_Feel-the-letter_900000099_1.jpg","type":"image\/jpeg"}],"schema":{"@context":"https:\/\/schema.org","@graph":[{"@type":"WebPage","@id":"https:\/\/teiaeducation.ch\/de\/produkt\/fuehle-den-brief-toys-for-life\/","url":"https:\/\/teiaeducation.ch\/de\/produkt\/fuehle-den-brief-toys-for-life\/","name":"F\u00fchle den Brief - Toys for Life","isPartOf":{"@id":"https:\/\/teiaeducation.ch\/de\/#website"},"primaryImageOfPage":{"@id":"https:\/\/teiaeducation.ch\/de\/produkt\/fuehle-den-brief-toys-for-life\/#primaryimage"},"image":{"@id":"https:\/\/teiaeducation.ch\/de\/produkt\/fuehle-den-brief-toys-for-life\/#primaryimage"},"thumbnailUrl":"https:\/\/teiaeducation.ch\/wp-content\/uploads\/2020\/01\/Toys-for-Life_Language_Feel-the-letter_900000099_1.jpg","datePublished":"2020-01-21T14:44:40+00:00","dateModified":"2025-12-18T12:50:30+00:00","description":"Mit F\u00fchle den Brief von Toys for Life wird das Alphabet durch das Erkennen von Buchstabenformen gelernt. Au\u00dferdem werden die Vorl\u00e4uferf\u00e4higkeiten f\u00fcr das Schreiben und die Feinmotorik verbessert.","breadcrumb":{"@id":"https:\/\/teiaeducation.ch\/de\/produkt\/fuehle-den-brief-toys-for-life\/#breadcrumb"},"inLanguage":"de-CH","potentialAction":[{"@type":"ReadAction","target":["https:\/\/teiaeducation.ch\/de\/produkt\/fuehle-den-brief-toys-for-life\/"]}]},{"@type":"ImageObject","inLanguage":"de-CH","@id":"https:\/\/teiaeducation.ch\/de\/produkt\/fuehle-den-brief-toys-for-life\/#primaryimage","url":"https:\/\/teiaeducation.ch\/wp-content\/uploads\/2020\/01\/Toys-for-Life_Language_Feel-the-letter_900000099_1.jpg","contentUrl":"https:\/\/teiaeducation.ch\/wp-content\/uploads\/2020\/01\/Toys-for-Life_Language_Feel-the-letter_900000099_1.jpg","width":500,"height":500,"caption":"Toys for Life Feel the letter"},{"@type":"BreadcrumbList","@id":"https:\/\/teiaeducation.ch\/de\/produkt\/fuehle-den-brief-toys-for-life\/#breadcrumb","itemListElement":[{"@type":"ListItem","position":1,"name":"Home","item":"https:\/\/teiaeducation.ch\/de\/"},{"@type":"ListItem","position":2,"name":"Laden","item":"https:\/\/teiaeducation.ch\/de\/shop\/"},{"@type":"ListItem","position":3,"name":"F\u00fchle den Brief &#8211; Toys for Life"}]},{"@type":"WebSite","@id":"https:\/\/teiaeducation.ch\/de\/#website","url":"https:\/\/teiaeducation.ch\/de\/","name":"Sustainable Educational Products &amp; Ecological Toys\u00a0","description":"Specialised Swiss shop selling sustainable educational toys and games, AMI certified Montessori materials, handmade ecological wooden Waldorf toys and arts &amp; crafts supplies, school supplies, children&#039;s furniture and Montessori reference and parenting books.","publisher":{"@id":"https:\/\/teiaeducation.ch\/de\/#organization"},"alternateName":"Teia Education & Play","potentialAction":[{"@type":"SearchAction","target":{"@type":"EntryPoint","urlTemplate":"https:\/\/teiaeducation.ch\/de\/?s={search_term_string}"},"query-input":{"@type":"PropertyValueSpecification","valueRequired":true,"valueName":"search_term_string"}}],"inLanguage":"de-CH"},{"@type":"Organization","@id":"https:\/\/teiaeducation.ch\/de\/#organization","name":"Teia Education & Play","url":"https:\/\/teiaeducation.ch\/de\/","logo":{"@type":"ImageObject","inLanguage":"de-CH","@id":"https:\/\/teiaeducation.ch\/de\/#\/schema\/logo\/image\/","url":"https:\/\/teiaeducation.ch\/wp-content\/uploads\/2020\/11\/Teia-Education-Switzerland-e1620156442216.jpg","contentUrl":"https:\/\/teiaeducation.ch\/wp-content\/uploads\/2020\/11\/Teia-Education-Switzerland-e1620156442216.jpg","width":166,"height":145,"caption":"Teia Education & Play"},"image":{"@id":"https:\/\/teiaeducation.ch\/de\/#\/schema\/logo\/image\/"},"sameAs":["https:\/\/www.facebook.com\/teiaeducation\/","https:\/\/x.com\/EducationTeia","https:\/\/www.instagram.com\/teia.education\/","https:\/\/www.linkedin.com\/company\/35501660","https:\/\/www.pinterest.ch\/TeiaEducation\/"]}]}},"_links":{"self":[{"href":"https:\/\/teiaeducation.ch\/de\/wp-json\/wp\/v2\/product\/72275","targetHints":{"allow":["GET"]}}],"collection":[{"href":"https:\/\/teiaeducation.ch\/de\/wp-json\/wp\/v2\/product"}],"about":[{"href":"https:\/\/teiaeducation.ch\/de\/wp-json\/wp\/v2\/types\/product"}],"replies":[{"embeddable":true,"href":"https:\/\/teiaeducation.ch\/de\/wp-json\/wp\/v2\/comments?post=72275"}],"wp:featuredmedia":[{"embeddable":true,"href":"https:\/\/teiaeducation.ch\/de\/wp-json\/wp\/v2\/media\/55936"}],"wp:attachment":[{"href":"https:\/\/teiaeducation.ch\/de\/wp-json\/wp\/v2\/media?parent=72275"}],"wp:term":[{"taxonomy":"product_brand","embeddable":true,"href":"https:\/\/teiaeducation.ch\/de\/wp-json\/wp\/v2\/product_brand?post=72275"},{"taxonomy":"product_cat","embeddable":true,"href":"https:\/\/teiaeducation.ch\/de\/wp-json\/wp\/v2\/product_cat?post=72275"},{"taxonomy":"product_tag","embeddable":true,"href":"https:\/\/teiaeducation.ch\/de\/wp-json\/wp\/v2\/product_tag?post=72275"}],"curies":[{"name":"wp","href":"https:\/\/api.w.org\/{rel}","templated":true}]}}