{"id":72440,"date":"2020-01-17T21:34:56","date_gmt":"2020-01-17T20:34:56","guid":{"rendered":"https:\/\/teiaeducation.ch\/product\/die-form-aufkleben-toys-for-life\/"},"modified":"2026-01-05T15:35:39","modified_gmt":"2026-01-05T14:35:39","slug":"die-form-aufkleben-toys-for-life","status":"publish","type":"product","link":"https:\/\/teiaeducation.ch\/de\/produkt\/die-form-aufkleben-toys-for-life\/","title":{"rendered":"Die Form aufkleben &#8211; Toys for Life"},"content":{"rendered":"<p>Mit dem Lernspiel Die <a href=\"https:\/\/teiaeducation.ch\/de\/produkt-kategorie\/lernthemen\/mathematik-rechnen\/formen\/\">Form<\/a> aufkleben von Toys for Life lernen Kinder Formen und Farben kennen!<\/p>\n<p>Das Ziel des Spiels ist es, die verschiedenen <a href=\"https:\/\/teiaeducation.ch\/de\/produkt-kategorie\/lernthemen\/sensorische-motorische-fertigkeiten\/farbe-lernen\/\">Farben<\/a> und Formen zu kombinieren und die richtige, vom W\u00fcrfel angezeigte Formkarte so schnell wie m\u00f6glich mit dem Saugnapf vom Tisch zu nehmen. \u201eStick the shape\u201c kann von zwei Kindern gespielt werden und f\u00f6rdert au\u00dferdem Pr\u00e4zision, Schnelligkeit und <a href=\"https:\/\/teiaeducation.ch\/de\/produkt-kategorie\/lernthemen\/sensorische-motorische-fertigkeiten\/motorische-fertigkeiten\/\">Feinmotorik<\/a>. <\/p>\n<p>Die Toys for Life-Version des Spiels Die Form aufkleben ist eine kompakte 2-Spieler-Version des <a href=\"https:\/\/teiaeducation.ch\/de\/produkt\/druecke-die-form-educo\/\">Educo-Die Form aufklebensets<\/a>, das f\u00fcr Gruppen von bis zu sechs Spielern gedacht ist.<\/p>\n<p>Die Form zum Aufkleben ist f\u00fcr Kinder ab 3 Jahren geeignet.<\/p>\n<p>Inhalt:<\/p>\n<p>36 Holzkarten (5 x 5 cm) mit 6 Formen in 6 Farben<br \/>\n2 orangefarbene Saugn\u00e4pfe aus Gummi<br \/>\n1 Holzw\u00fcrfel mit 6 Farben (2,5 cm)<br \/>\n1 Holzw\u00fcrfel mit 6 Formen (2,5 cm)<br \/>\nEine magnetische Aufbewahrungsbox (23 x 21 x 6 cm)<br \/>\nGebrauchsanweisung<\/p>\n<h2>Uber Toys for Life<\/h2>\n<p>Die niederl\u00e4ndische Bildungsmarke <a href=\"https:\/\/teiaeducation.ch\/de\/produkt-kategorie\/unsere-marken\/toys-for-life-von-educo\/\">Toys for Life<\/a> bietet eine Reihe erschwinglicher<a href=\"\/?product_cat=traditional\"> Lern<\/a>spiele und Spielzeuge f\u00fcr den Bereich der h<a href=\"https:\/\/teiaeducation.ch\/de\/produkt-kategorie\/schulbedarf-fuer-zuhause\/\">\u00e4uslichen Bildung<\/a> an. Die Produktpalette von Toys for Life ist in drei Lehrplanbereiche unterteilt: <a href=\"https:\/\/teiaeducation.ch\/de\/produkt-kategorie\/unsere-marken\/toys-for-life-von-educo\/mathematik-toys-for-life\/\">Mathematik<\/a>, <a href=\"https:\/\/teiaeducation.ch\/de\/produkt-kategorie\/unsere-marken\/toys-for-life-von-educo\/sprache-toys-for-life\/\">Sprache<\/a> und <a href=\"https:\/\/teiaeducation.ch\/de\/produkt-kategorie\/unsere-marken\/toys-for-life-von-educo\/motorische-entwicklung-toys-for-life\/\">motorische Entwicklung<\/a>. Die Produkte werden in enger Zusammenarbeit mit dem Team hinter der Marke <a href=\"https:\/\/teiaeducation.ch\/de\/produkt-kategorie\/unsere-marken\/educo-de\/\">Educo<\/a> von Heutink International entwickelt: einer bekannten Marke, deren Produkte in den meisten Grundschulen in den Niederlanden verwendet werden und die darauf abzielt, spielerisches Lernen durch aktive, praktische Materialien zu unterst\u00fctzen und so das Wachstum und den Erfolg von Kindern im Alter von 1 bis 6 Jahren zu f\u00f6rdern. <\/p>\n<p>Alle Produkte von Toys for Life erf\u00fcllen die Anforderungen verschiedener Spielzeugsicherheitsvorschriften und entsprechen der Europ\u00e4ischen Spielzeugsicherheitsrichtlinie 2009\/48\/EG sowie den Normen EN71, ASTM und GB.<\/p>\n","protected":false},"excerpt":{"rendered":"<p>Artikelnummer: 900000082<\/p>\n<p>Mit dem Lernspiel Die Form aufkleben von Toys for Life lernen Kinder Formen und Farben kennen und entwickeln gleichzeitig Pr\u00e4zision, Schnelligkeit und Feinmotorik!<\/p>\n","protected":false},"featured_media":55924,"comment_status":"closed","ping_status":"closed","template":"","meta":[],"product_brand":[32511],"product_cat":[21445,21446,21479,21558,21550,21509,21537,21675,21559,21443,21563,21494,21495,21557,21673,21482,21564],"product_tag":[32568,27512,27571,23474,23473,32569,32571,32570,26515,32288],"class_list":{"0":"post-72440","1":"product","2":"type-product","3":"status-publish","4":"has-post-thumbnail","6":"product_brand-toys-for-life","7":"product_cat-3-6-jahre-vorschule","8":"product_cat-6-12-jahre-grundschule","9":"product_cat-lernmaterialien-spielzeug-montessori-waldorf-steiner-froebel","10":"product_cat-farbe-lernen","11":"product_cat-formen","12":"product_cat-lernthemen","13":"product_cat-mathematik-rechnen","14":"product_cat-mathematik-toys-for-life","15":"product_cat-motorische-fertigkeiten","16":"product_cat-nach-alter","17":"product_cat-neuheiten","18":"product_cat-schulbedarf-fuer-zuhause","19":"product_cat-schulbedarf-fuer-zuhause-3-6-jahre","20":"product_cat-sensorische-motorische-fertigkeiten","21":"product_cat-toys-for-life-von-educo","22":"product_cat-traditionelle-bildung","23":"product_cat-unsere-marken","24":"product_tag-die-form-aufkleben-toys-for-life","25":"product_tag-form-und-farbe","26":"product_tag-formen","27":"product_tag-heutink-international-schweiz","28":"product_tag-lehrmittel-schweiz","29":"product_tag-lernspiel-die-form-aufkleben","30":"product_tag-lernspiel-farben","31":"product_tag-lernspiel-formen","32":"product_tag-lernspielzeug","33":"product_tag-toys-for-life","35":"first","36":"instock","37":"taxable","38":"shipping-taxable","39":"purchasable","40":"product-type-simple"},"yoast_head":"<!-- This site is optimized with the Yoast SEO Premium plugin v25.8 (Yoast SEO v27.4) - https:\/\/yoast.com\/product\/yoast-seo-premium-wordpress\/ -->\n<title>Die Form aufkleben - Toys for Life - Teia Education &amp; Play<\/title>\n<meta name=\"description\" content=\"With the educational game Die Form aufkleben by Toys for Life children learn about shape and colour while developing precision, speed and fine motor skills.\" \/>\n<meta name=\"robots\" content=\"index, follow, max-snippet:-1, max-image-preview:large, max-video-preview:-1\" \/>\n<link rel=\"canonical\" href=\"https:\/\/teiaeducation.ch\/de\/produkt\/die-form-aufkleben-toys-for-life\/\" \/>\n<meta property=\"og:locale\" content=\"de_DE\" \/>\n<meta property=\"og:type\" content=\"article\" \/>\n<meta property=\"og:title\" content=\"Die Form aufkleben - Toys for Life\" \/>\n<meta property=\"og:description\" content=\"With the educational game Die Form aufkleben by Toys for Life children learn about shape and colour while developing precision, speed and fine motor skills.\" \/>\n<meta property=\"og:url\" content=\"https:\/\/teiaeducation.ch\/de\/produkt\/die-form-aufkleben-toys-for-life\/\" \/>\n<meta property=\"og:site_name\" content=\"Sustainable Educational Products &amp; Ecological Toys\u00a0\" \/>\n<meta property=\"article:publisher\" content=\"https:\/\/www.facebook.com\/teiaeducation\/\" \/>\n<meta property=\"article:modified_time\" content=\"2026-01-05T14:35:39+00:00\" \/>\n<meta property=\"og:image\" content=\"https:\/\/teiaeducation.ch\/wp-content\/uploads\/2020\/01\/Toys-for-Life_Mathematics_Stick-the-Shape_900000082_3.jpg\" \/>\n\t<meta property=\"og:image:width\" content=\"500\" \/>\n\t<meta property=\"og:image:height\" content=\"500\" \/>\n\t<meta property=\"og:image:type\" content=\"image\/jpeg\" \/>\n<script type=\"application\/ld+json\" class=\"yoast-schema-graph\">{\"@context\":\"https:\\\/\\\/schema.org\",\"@graph\":[{\"@type\":\"WebPage\",\"@id\":\"https:\\\/\\\/teiaeducation.ch\\\/de\\\/produkt\\\/die-form-aufkleben-toys-for-life\\\/\",\"url\":\"https:\\\/\\\/teiaeducation.ch\\\/de\\\/produkt\\\/die-form-aufkleben-toys-for-life\\\/\",\"name\":\"Die Form aufkleben - Toys for Life - Teia Education & Play\",\"isPartOf\":{\"@id\":\"https:\\\/\\\/teiaeducation.ch\\\/de\\\/#website\"},\"primaryImageOfPage\":{\"@id\":\"https:\\\/\\\/teiaeducation.ch\\\/de\\\/produkt\\\/die-form-aufkleben-toys-for-life\\\/#primaryimage\"},\"image\":{\"@id\":\"https:\\\/\\\/teiaeducation.ch\\\/de\\\/produkt\\\/die-form-aufkleben-toys-for-life\\\/#primaryimage\"},\"thumbnailUrl\":\"https:\\\/\\\/teiaeducation.ch\\\/wp-content\\\/uploads\\\/2020\\\/01\\\/Toys-for-Life_Mathematics_Stick-the-Shape_900000082_3.jpg\",\"datePublished\":\"2020-01-17T20:34:56+00:00\",\"dateModified\":\"2026-01-05T14:35:39+00:00\",\"description\":\"With the educational game Die Form aufkleben by Toys for Life children learn about shape and colour while developing precision, speed and fine motor skills.\",\"breadcrumb\":{\"@id\":\"https:\\\/\\\/teiaeducation.ch\\\/de\\\/produkt\\\/die-form-aufkleben-toys-for-life\\\/#breadcrumb\"},\"inLanguage\":\"de-CH\",\"potentialAction\":[{\"@type\":\"ReadAction\",\"target\":[\"https:\\\/\\\/teiaeducation.ch\\\/de\\\/produkt\\\/die-form-aufkleben-toys-for-life\\\/\"]}]},{\"@type\":\"ImageObject\",\"inLanguage\":\"de-CH\",\"@id\":\"https:\\\/\\\/teiaeducation.ch\\\/de\\\/produkt\\\/die-form-aufkleben-toys-for-life\\\/#primaryimage\",\"url\":\"https:\\\/\\\/teiaeducation.ch\\\/wp-content\\\/uploads\\\/2020\\\/01\\\/Toys-for-Life_Mathematics_Stick-the-Shape_900000082_3.jpg\",\"contentUrl\":\"https:\\\/\\\/teiaeducation.ch\\\/wp-content\\\/uploads\\\/2020\\\/01\\\/Toys-for-Life_Mathematics_Stick-the-Shape_900000082_3.jpg\",\"width\":500,\"height\":500,\"caption\":\"Die Form aufkleben Toys for Life Learning about shapes and colour\"},{\"@type\":\"BreadcrumbList\",\"@id\":\"https:\\\/\\\/teiaeducation.ch\\\/de\\\/produkt\\\/die-form-aufkleben-toys-for-life\\\/#breadcrumb\",\"itemListElement\":[{\"@type\":\"ListItem\",\"position\":1,\"name\":\"Home\",\"item\":\"https:\\\/\\\/teiaeducation.ch\\\/de\\\/\"},{\"@type\":\"ListItem\",\"position\":2,\"name\":\"Laden\",\"item\":\"https:\\\/\\\/teiaeducation.ch\\\/de\\\/shop\\\/\"},{\"@type\":\"ListItem\",\"position\":3,\"name\":\"Lernthemen\",\"item\":\"https:\\\/\\\/teiaeducation.ch\\\/de\\\/produkt-kategorie\\\/lernthemen\\\/\"},{\"@type\":\"ListItem\",\"position\":4,\"name\":\"Sensorische &amp; Motorische Fertigkeiten\",\"item\":\"https:\\\/\\\/teiaeducation.ch\\\/de\\\/produkt-kategorie\\\/lernthemen\\\/sensorische-motorische-fertigkeiten\\\/\"},{\"@type\":\"ListItem\",\"position\":5,\"name\":\"Farbe lernen\",\"item\":\"https:\\\/\\\/teiaeducation.ch\\\/de\\\/produkt-kategorie\\\/lernthemen\\\/sensorische-motorische-fertigkeiten\\\/farbe-lernen\\\/\"},{\"@type\":\"ListItem\",\"position\":6,\"name\":\"Die Form aufkleben &#8211; Toys for Life\"}]},{\"@type\":\"WebSite\",\"@id\":\"https:\\\/\\\/teiaeducation.ch\\\/de\\\/#website\",\"url\":\"https:\\\/\\\/teiaeducation.ch\\\/de\\\/\",\"name\":\"Sustainable Educational Products &amp; Ecological Toys\u00a0\",\"description\":\"Specialised Swiss shop selling sustainable educational toys and games, AMI certified Montessori materials, handmade ecological wooden Waldorf toys and arts &amp; crafts supplies, school supplies, children&#039;s furniture and Montessori reference and parenting books.\",\"publisher\":{\"@id\":\"https:\\\/\\\/teiaeducation.ch\\\/de\\\/#organization\"},\"alternateName\":\"Teia Education & Play\",\"potentialAction\":[{\"@type\":\"SearchAction\",\"target\":{\"@type\":\"EntryPoint\",\"urlTemplate\":\"https:\\\/\\\/teiaeducation.ch\\\/de\\\/?s={search_term_string}\"},\"query-input\":{\"@type\":\"PropertyValueSpecification\",\"valueRequired\":true,\"valueName\":\"search_term_string\"}}],\"inLanguage\":\"de-CH\"},{\"@type\":\"Organization\",\"@id\":\"https:\\\/\\\/teiaeducation.ch\\\/de\\\/#organization\",\"name\":\"Teia Education & Play\",\"url\":\"https:\\\/\\\/teiaeducation.ch\\\/de\\\/\",\"logo\":{\"@type\":\"ImageObject\",\"inLanguage\":\"de-CH\",\"@id\":\"https:\\\/\\\/teiaeducation.ch\\\/de\\\/#\\\/schema\\\/logo\\\/image\\\/\",\"url\":\"https:\\\/\\\/teiaeducation.ch\\\/wp-content\\\/uploads\\\/2020\\\/11\\\/Teia-Education-Switzerland-e1620156442216.jpg\",\"contentUrl\":\"https:\\\/\\\/teiaeducation.ch\\\/wp-content\\\/uploads\\\/2020\\\/11\\\/Teia-Education-Switzerland-e1620156442216.jpg\",\"width\":166,\"height\":145,\"caption\":\"Teia Education & Play\"},\"image\":{\"@id\":\"https:\\\/\\\/teiaeducation.ch\\\/de\\\/#\\\/schema\\\/logo\\\/image\\\/\"},\"sameAs\":[\"https:\\\/\\\/www.facebook.com\\\/teiaeducation\\\/\",\"https:\\\/\\\/x.com\\\/EducationTeia\",\"https:\\\/\\\/www.instagram.com\\\/teia.education\\\/\",\"https:\\\/\\\/www.linkedin.com\\\/company\\\/35501660\",\"https:\\\/\\\/www.pinterest.ch\\\/TeiaEducation\\\/\"]}]}<\/script>\n<meta property=\"product:price:amount\" content=\"30.00\" \/>\n<meta property=\"product:price:currency\" content=\"CHF\" \/>\n<meta property=\"og:availability\" content=\"instock\" \/>\n<meta property=\"product:availability\" content=\"instock\" \/>\n<meta property=\"product:retailer_item_id\" content=\"00000000000000000000000000000000000000000000021873\" \/>\n<meta property=\"product:condition\" content=\"new\" \/>\n<!-- \/ Yoast SEO Premium plugin. -->","yoast_head_json":{"title":"Die Form aufkleben - Toys for Life - Teia Education & Play","description":"With the educational game Die Form aufkleben by Toys for Life children learn about shape and colour while developing precision, speed and fine motor skills.","robots":{"index":"index","follow":"follow","max-snippet":"max-snippet:-1","max-image-preview":"max-image-preview:large","max-video-preview":"max-video-preview:-1"},"canonical":"https:\/\/teiaeducation.ch\/de\/produkt\/die-form-aufkleben-toys-for-life\/","og_locale":"de_DE","og_type":"article","og_title":"Die Form aufkleben - Toys for Life","og_description":"With the educational game Die Form aufkleben by Toys for Life children learn about shape and colour while developing precision, speed and fine motor skills.","og_url":"https:\/\/teiaeducation.ch\/de\/produkt\/die-form-aufkleben-toys-for-life\/","og_site_name":"Sustainable Educational Products &amp; Ecological Toys\u00a0","article_publisher":"https:\/\/www.facebook.com\/teiaeducation\/","article_modified_time":"2026-01-05T14:35:39+00:00","og_image":[{"width":500,"height":500,"url":"https:\/\/teiaeducation.ch\/wp-content\/uploads\/2020\/01\/Toys-for-Life_Mathematics_Stick-the-Shape_900000082_3.jpg","type":"image\/jpeg"}],"schema":{"@context":"https:\/\/schema.org","@graph":[{"@type":"WebPage","@id":"https:\/\/teiaeducation.ch\/de\/produkt\/die-form-aufkleben-toys-for-life\/","url":"https:\/\/teiaeducation.ch\/de\/produkt\/die-form-aufkleben-toys-for-life\/","name":"Die Form aufkleben - Toys for Life - Teia Education & Play","isPartOf":{"@id":"https:\/\/teiaeducation.ch\/de\/#website"},"primaryImageOfPage":{"@id":"https:\/\/teiaeducation.ch\/de\/produkt\/die-form-aufkleben-toys-for-life\/#primaryimage"},"image":{"@id":"https:\/\/teiaeducation.ch\/de\/produkt\/die-form-aufkleben-toys-for-life\/#primaryimage"},"thumbnailUrl":"https:\/\/teiaeducation.ch\/wp-content\/uploads\/2020\/01\/Toys-for-Life_Mathematics_Stick-the-Shape_900000082_3.jpg","datePublished":"2020-01-17T20:34:56+00:00","dateModified":"2026-01-05T14:35:39+00:00","description":"With the educational game Die Form aufkleben by Toys for Life children learn about shape and colour while developing precision, speed and fine motor skills.","breadcrumb":{"@id":"https:\/\/teiaeducation.ch\/de\/produkt\/die-form-aufkleben-toys-for-life\/#breadcrumb"},"inLanguage":"de-CH","potentialAction":[{"@type":"ReadAction","target":["https:\/\/teiaeducation.ch\/de\/produkt\/die-form-aufkleben-toys-for-life\/"]}]},{"@type":"ImageObject","inLanguage":"de-CH","@id":"https:\/\/teiaeducation.ch\/de\/produkt\/die-form-aufkleben-toys-for-life\/#primaryimage","url":"https:\/\/teiaeducation.ch\/wp-content\/uploads\/2020\/01\/Toys-for-Life_Mathematics_Stick-the-Shape_900000082_3.jpg","contentUrl":"https:\/\/teiaeducation.ch\/wp-content\/uploads\/2020\/01\/Toys-for-Life_Mathematics_Stick-the-Shape_900000082_3.jpg","width":500,"height":500,"caption":"Die Form aufkleben Toys for Life Learning about shapes and colour"},{"@type":"BreadcrumbList","@id":"https:\/\/teiaeducation.ch\/de\/produkt\/die-form-aufkleben-toys-for-life\/#breadcrumb","itemListElement":[{"@type":"ListItem","position":1,"name":"Home","item":"https:\/\/teiaeducation.ch\/de\/"},{"@type":"ListItem","position":2,"name":"Laden","item":"https:\/\/teiaeducation.ch\/de\/shop\/"},{"@type":"ListItem","position":3,"name":"Lernthemen","item":"https:\/\/teiaeducation.ch\/de\/produkt-kategorie\/lernthemen\/"},{"@type":"ListItem","position":4,"name":"Sensorische &amp; Motorische Fertigkeiten","item":"https:\/\/teiaeducation.ch\/de\/produkt-kategorie\/lernthemen\/sensorische-motorische-fertigkeiten\/"},{"@type":"ListItem","position":5,"name":"Farbe lernen","item":"https:\/\/teiaeducation.ch\/de\/produkt-kategorie\/lernthemen\/sensorische-motorische-fertigkeiten\/farbe-lernen\/"},{"@type":"ListItem","position":6,"name":"Die Form aufkleben &#8211; Toys for Life"}]},{"@type":"WebSite","@id":"https:\/\/teiaeducation.ch\/de\/#website","url":"https:\/\/teiaeducation.ch\/de\/","name":"Sustainable Educational Products &amp; Ecological Toys\u00a0","description":"Specialised Swiss shop selling sustainable educational toys and games, AMI certified Montessori materials, handmade ecological wooden Waldorf toys and arts &amp; crafts supplies, school supplies, children&#039;s furniture and Montessori reference and parenting books.","publisher":{"@id":"https:\/\/teiaeducation.ch\/de\/#organization"},"alternateName":"Teia Education & Play","potentialAction":[{"@type":"SearchAction","target":{"@type":"EntryPoint","urlTemplate":"https:\/\/teiaeducation.ch\/de\/?s={search_term_string}"},"query-input":{"@type":"PropertyValueSpecification","valueRequired":true,"valueName":"search_term_string"}}],"inLanguage":"de-CH"},{"@type":"Organization","@id":"https:\/\/teiaeducation.ch\/de\/#organization","name":"Teia Education & Play","url":"https:\/\/teiaeducation.ch\/de\/","logo":{"@type":"ImageObject","inLanguage":"de-CH","@id":"https:\/\/teiaeducation.ch\/de\/#\/schema\/logo\/image\/","url":"https:\/\/teiaeducation.ch\/wp-content\/uploads\/2020\/11\/Teia-Education-Switzerland-e1620156442216.jpg","contentUrl":"https:\/\/teiaeducation.ch\/wp-content\/uploads\/2020\/11\/Teia-Education-Switzerland-e1620156442216.jpg","width":166,"height":145,"caption":"Teia Education & Play"},"image":{"@id":"https:\/\/teiaeducation.ch\/de\/#\/schema\/logo\/image\/"},"sameAs":["https:\/\/www.facebook.com\/teiaeducation\/","https:\/\/x.com\/EducationTeia","https:\/\/www.instagram.com\/teia.education\/","https:\/\/www.linkedin.com\/company\/35501660","https:\/\/www.pinterest.ch\/TeiaEducation\/"]}]},"product_price_amount":"30.00","product_price_currency":"CHF","og_availability":"instock","product_availability":"instock","product_retailer_item_id":"00000000000000000000000000000000000000000000021873","product_condition":"new"},"_links":{"self":[{"href":"https:\/\/teiaeducation.ch\/de\/wp-json\/wp\/v2\/product\/72440","targetHints":{"allow":["GET"]}}],"collection":[{"href":"https:\/\/teiaeducation.ch\/de\/wp-json\/wp\/v2\/product"}],"about":[{"href":"https:\/\/teiaeducation.ch\/de\/wp-json\/wp\/v2\/types\/product"}],"replies":[{"embeddable":true,"href":"https:\/\/teiaeducation.ch\/de\/wp-json\/wp\/v2\/comments?post=72440"}],"wp:featuredmedia":[{"embeddable":true,"href":"https:\/\/teiaeducation.ch\/de\/wp-json\/wp\/v2\/media\/55924"}],"wp:attachment":[{"href":"https:\/\/teiaeducation.ch\/de\/wp-json\/wp\/v2\/media?parent=72440"}],"wp:term":[{"taxonomy":"product_brand","embeddable":true,"href":"https:\/\/teiaeducation.ch\/de\/wp-json\/wp\/v2\/product_brand?post=72440"},{"taxonomy":"product_cat","embeddable":true,"href":"https:\/\/teiaeducation.ch\/de\/wp-json\/wp\/v2\/product_cat?post=72440"},{"taxonomy":"product_tag","embeddable":true,"href":"https:\/\/teiaeducation.ch\/de\/wp-json\/wp\/v2\/product_tag?post=72440"}],"curies":[{"name":"wp","href":"https:\/\/api.w.org\/{rel}","templated":true}]}}