{"id":72540,"date":"2024-05-14T13:51:14","date_gmt":"2024-05-14T11:51:14","guid":{"rendered":"https:\/\/teiaeducation.ch\/product\/magnetisches-zahlenspielset-oioiooi\/"},"modified":"2026-01-12T12:15:38","modified_gmt":"2026-01-12T11:15:38","slug":"magnetisches-zahlenspielset-oioiooi","status":"publish","type":"product","link":"https:\/\/teiaeducation.ch\/de\/produkt\/magnetisches-zahlenspielset-oioiooi\/","title":{"rendered":"Magnetisches Zahlenspielset &#8211; Oioiooi"},"content":{"rendered":"<p>Das h\u00fcbsche Oioiooi Magnetisches Zahlenspielset mit modernen Illustrationen macht das Lernen von <a href=\"https:\/\/teiaeducation.ch\/de\/produkt-kategorie\/lernthemen\/mathematik-rechnen\/ziffern\/\">Zahlen<\/a> und das <a href=\"https:\/\/teiaeducation.ch\/de\/produkt-kategorie\/lernthemen\/mathematik-rechnen\/zaehlen\/\">Z\u00e4hlen<\/a> von 1 bis 10 f\u00fcr Kinder lebendig!<\/p>\n<p>Mit einem ausgekl\u00fcgelten System zum Erlernen von Zahlen k\u00f6nnen die 26 magnetisierten Zahlen und Symbole sowie die dazugeh\u00f6rigen Bildkarten mit den 10 Zahlenkarten kombiniert werden. Die magnetischen Teile k\u00f6nnen auch an Ihrem K\u00fchlschrank oder einer beliebigen metallischen Tafel angebracht werden. <\/p>\n<p>Die Magnetst\u00fccke sind 5 mm dick und robust \u2013 ganz anders als die \u00fcblichen d\u00fcnnen Magnetst\u00fccke in \u00e4hnlichen Produkten. Sie sind f\u00fcr kleine H\u00e4nde leicht zu greifen und langlebig. Die dazugeh\u00f6rigen Alphabetkarten sind 2 mm dick.  <\/p>\n<p>Dieses hochwertige Fr\u00fchf\u00f6rderungsset wird aus nachhaltigem Earth Pact-Papier hergestellt, f\u00fcr das Zuckerrohr anstelle von B\u00e4umen verwendet wird, und mit umweltfreundlicher Soja\u00f6l-Tinte bedruck<\/p>\n<p>Das Oioiooi Magnetisches Zahlenspielset ist f\u00fcr Kinder ab 3 Jahren geeignet.<\/p>\n<p>Inhalt:<\/p>\n<p>26 magnetisierte Zahlen und Symbole<br \/>\n26 magnetisierte Bildkarten<br \/>\n10 Zahlenkarten<br \/>\n1 Aufbewahrungsbox<\/p>\n<h2>Uber Oioiooi<\/h2>\n<p>Die koreanische Marke <a href=\"https:\/\/teiaeducation.ch\/de\/produkt-kategorie\/unsere-marken\/oioiooi-de-unsere-marken\/\">Oioiooi<\/a> ist ein Designstudio-Kollektiv von M\u00fcttern. Mit ihrem einfachen, durchdachten Design sorgen ihre <a href=\"https:\/\/teiaeducation.ch\/de\/produkt-kategorie\/kinder-spielzeug\/handgefertigtes-holzspielzeug\/\">handgefertigten Holzspielzeuge<\/a> f\u00fcr warme und fr\u00f6hliche Spielerlebnisse f\u00fcr Kinder. Die wundersch\u00f6n gestalteten und sehr nat\u00fcrlichen Spielzeuge von Oioiooi werden aus massivem Ahorn- und Walnussholz hergestellt und ausschlie\u00dflich mit nat\u00fcrlichem Bienenwachs behandelt, sodass sie frei von Chemikalien, umweltfreundlich und sicher f\u00fcr Babys und Kinder jeden Alters sind.  <\/p>\n<p>Die wundersch\u00f6nen <a href=\"https:\/\/teiaeducation.ch\/de\/produkt-kategorie\/kinderbuecher\/fruehfoerderung-buecher\/\">Fr\u00fchf\u00f6rderungsb\u00fccher<\/a>, Lernkarten und magnetischen Spielsets von Oioiooi sind formsch\u00f6n gestaltet, funktional, langlebig und sicher.<\/p>\n<p>Oioiooi setzt ausschlie\u00dflich auf gute, nachhaltige Materialien, die die umweltfreundlichste Option f\u00fcr die Produktion darstellen. Die Verpackungen bestehen aus Earth Pact-Papier, das aus Zuckerrohr statt aus B\u00e4umen hergestellt wird, und sind mit umweltfreundlicher Soja\u00f6l-Tinte bedruckt. <\/p>\n","protected":false},"excerpt":{"rendered":"<p>Artikelnummer: OIoooo7<\/p>\n<p>Das hochwertige Magnetisches Zahlenspielset von Oioiooi enth\u00e4lt gro\u00dfe magnetische Zahlen und Symbole, Bildkarten und Zahlenkarten. 100 % schadstofffrei. <\/p>\n","protected":false},"featured_media":60621,"comment_status":"open","ping_status":"closed","template":"","meta":[],"product_brand":[32582],"product_cat":[21445,21500,21479,21538,21491,21484,21466,21509,21499,21537,21443,21563,21656,21494,21495,21482,21564,21540,21547],"product_tag":[28213,32587,32589,32585,32588,26515,32586,22683,32583,32584],"class_list":{"0":"post-72540","1":"product","2":"type-product","3":"status-publish","4":"has-post-thumbnail","6":"product_brand-oioiooi","7":"product_cat-3-6-jahre-vorschule","8":"product_cat-aktivitaetssets","9":"product_cat-lernmaterialien-spielzeug-montessori-waldorf-steiner-froebel","10":"product_cat-ergaenzung","11":"product_cat-geschenk-guide-lerngeschenke","12":"product_cat-geschenk-guides","13":"product_cat-kinderbuecher","14":"product_cat-lernthemen","15":"product_cat-lernunterstuetzung","16":"product_cat-mathematik-rechnen","17":"product_cat-nach-alter","18":"product_cat-neuheiten","19":"product_cat-oioiooi-de-unsere-marken","20":"product_cat-schulbedarf-fuer-zuhause","21":"product_cat-schulbedarf-fuer-zuhause-3-6-jahre","22":"product_cat-traditionelle-bildung","23":"product_cat-unsere-marken","24":"product_cat-zaehlen","25":"product_cat-ziffern","26":"product_tag-alphabet-aus-holz","27":"product_tag-buchstaben-zuordnungsspiel","28":"product_tag-buchstabenbuch-oioiooi","29":"product_tag-koreanisches-designspielzeug","30":"product_tag-lernmaterialien-aus-holz","31":"product_tag-lernspielzeug","32":"product_tag-lustiges-alphabet-spielset","33":"product_tag-nachhaltiges-spielzeug","34":"product_tag-oioiooi","35":"product_tag-oioiooi-alphabet-spielklotze","37":"first","38":"instock","39":"taxable","40":"shipping-taxable","41":"purchasable","42":"product-type-simple"},"yoast_head":"<!-- This site is optimized with the Yoast SEO plugin v27.1.1 - https:\/\/yoast.com\/product\/yoast-seo-wordpress\/ -->\n<title>Magnetisches Zahlenspielset - Oioiooi<\/title>\n<meta name=\"description\" content=\"Das hochwertige Magnetisches Zahlenspielset von Oioiooi enth\u00e4lt gro\u00dfe magnetische Zahlen und Symbole, Bildkarten und Zahlenkarten. 100 % schadstofffrei.\" \/>\n<meta name=\"robots\" content=\"index, follow, max-snippet:-1, max-image-preview:large, max-video-preview:-1\" \/>\n<link rel=\"canonical\" href=\"https:\/\/teiaeducation.ch\/de\/produkt\/magnetisches-zahlenspielset-oioiooi\/\" \/>\n<meta property=\"og:locale\" content=\"de_DE\" \/>\n<meta property=\"og:type\" content=\"article\" \/>\n<meta property=\"og:title\" content=\"Magnetisches Zahlenspielset - Oioiooi\" \/>\n<meta property=\"og:description\" content=\"Das hochwertige Magnetisches Zahlenspielset von Oioiooi enth\u00e4lt gro\u00dfe magnetische Zahlen und Symbole, Bildkarten und Zahlenkarten. 100 % schadstofffrei.\" \/>\n<meta property=\"og:url\" content=\"https:\/\/teiaeducation.ch\/de\/produkt\/magnetisches-zahlenspielset-oioiooi\/\" \/>\n<meta property=\"og:site_name\" content=\"Sustainable Educational Products &amp; Ecological Toys\u00a0\" \/>\n<meta property=\"article:publisher\" content=\"https:\/\/www.facebook.com\/teiaeducation\/\" \/>\n<meta property=\"article:modified_time\" content=\"2026-01-12T11:15:38+00:00\" \/>\n<meta property=\"og:image\" content=\"https:\/\/teiaeducation.ch\/wp-content\/uploads\/2024\/05\/Magnetic-number-early-learning-numbers-play-set-Oioiooi.webp\" \/>\n\t<meta property=\"og:image:width\" content=\"1000\" \/>\n\t<meta property=\"og:image:height\" content=\"1000\" \/>\n\t<meta property=\"og:image:type\" content=\"image\/webp\" \/>\n<script type=\"application\/ld+json\" class=\"yoast-schema-graph\">{\"@context\":\"https:\/\/schema.org\",\"@graph\":[{\"@type\":\"WebPage\",\"@id\":\"https:\/\/teiaeducation.ch\/de\/produkt\/magnetisches-zahlenspielset-oioiooi\/\",\"url\":\"https:\/\/teiaeducation.ch\/de\/produkt\/magnetisches-zahlenspielset-oioiooi\/\",\"name\":\"Magnetisches Zahlenspielset - Oioiooi\",\"isPartOf\":{\"@id\":\"https:\/\/teiaeducation.ch\/de\/#website\"},\"primaryImageOfPage\":{\"@id\":\"https:\/\/teiaeducation.ch\/de\/produkt\/magnetisches-zahlenspielset-oioiooi\/#primaryimage\"},\"image\":{\"@id\":\"https:\/\/teiaeducation.ch\/de\/produkt\/magnetisches-zahlenspielset-oioiooi\/#primaryimage\"},\"thumbnailUrl\":\"https:\/\/teiaeducation.ch\/wp-content\/uploads\/2024\/05\/Magnetic-number-early-learning-numbers-play-set-Oioiooi.webp\",\"datePublished\":\"2024-05-14T11:51:14+00:00\",\"dateModified\":\"2026-01-12T11:15:38+00:00\",\"description\":\"Das hochwertige Magnetisches Zahlenspielset von Oioiooi enth\u00e4lt gro\u00dfe magnetische Zahlen und Symbole, Bildkarten und Zahlenkarten. 100 % schadstofffrei.\",\"breadcrumb\":{\"@id\":\"https:\/\/teiaeducation.ch\/de\/produkt\/magnetisches-zahlenspielset-oioiooi\/#breadcrumb\"},\"inLanguage\":\"de-CH\",\"potentialAction\":[{\"@type\":\"ReadAction\",\"target\":[\"https:\/\/teiaeducation.ch\/de\/produkt\/magnetisches-zahlenspielset-oioiooi\/\"]}]},{\"@type\":\"ImageObject\",\"inLanguage\":\"de-CH\",\"@id\":\"https:\/\/teiaeducation.ch\/de\/produkt\/magnetisches-zahlenspielset-oioiooi\/#primaryimage\",\"url\":\"https:\/\/teiaeducation.ch\/wp-content\/uploads\/2024\/05\/Magnetic-number-early-learning-numbers-play-set-Oioiooi.webp\",\"contentUrl\":\"https:\/\/teiaeducation.ch\/wp-content\/uploads\/2024\/05\/Magnetic-number-early-learning-numbers-play-set-Oioiooi.webp\",\"width\":1000,\"height\":1000,\"caption\":\"Magnetisches Zahlen-Spielset f\u00fcr fr\u00fchkindliches Lernen Oioiooi\"},{\"@type\":\"BreadcrumbList\",\"@id\":\"https:\/\/teiaeducation.ch\/de\/produkt\/magnetisches-zahlenspielset-oioiooi\/#breadcrumb\",\"itemListElement\":[{\"@type\":\"ListItem\",\"position\":1,\"name\":\"Home\",\"item\":\"https:\/\/teiaeducation.ch\/de\/\"},{\"@type\":\"ListItem\",\"position\":2,\"name\":\"Laden\",\"item\":\"https:\/\/teiaeducation.ch\/de\/shop\/\"},{\"@type\":\"ListItem\",\"position\":3,\"name\":\"Magnetisches Zahlenspielset &#8211; Oioiooi\"}]},{\"@type\":\"WebSite\",\"@id\":\"https:\/\/teiaeducation.ch\/de\/#website\",\"url\":\"https:\/\/teiaeducation.ch\/de\/\",\"name\":\"Sustainable Educational Products &amp; Ecological Toys\u00a0\",\"description\":\"Specialised Swiss shop selling sustainable educational toys and games, AMI certified Montessori materials, handmade ecological wooden Waldorf toys and arts &amp; crafts supplies, school supplies, children&#039;s furniture and Montessori reference and parenting books.\",\"publisher\":{\"@id\":\"https:\/\/teiaeducation.ch\/de\/#organization\"},\"alternateName\":\"Teia Education & Play\",\"potentialAction\":[{\"@type\":\"SearchAction\",\"target\":{\"@type\":\"EntryPoint\",\"urlTemplate\":\"https:\/\/teiaeducation.ch\/de\/?s={search_term_string}\"},\"query-input\":{\"@type\":\"PropertyValueSpecification\",\"valueRequired\":true,\"valueName\":\"search_term_string\"}}],\"inLanguage\":\"de-CH\"},{\"@type\":\"Organization\",\"@id\":\"https:\/\/teiaeducation.ch\/de\/#organization\",\"name\":\"Teia Education & Play\",\"url\":\"https:\/\/teiaeducation.ch\/de\/\",\"logo\":{\"@type\":\"ImageObject\",\"inLanguage\":\"de-CH\",\"@id\":\"https:\/\/teiaeducation.ch\/de\/#\/schema\/logo\/image\/\",\"url\":\"https:\/\/teiaeducation.ch\/wp-content\/uploads\/2020\/11\/Teia-Education-Switzerland-e1620156442216.jpg\",\"contentUrl\":\"https:\/\/teiaeducation.ch\/wp-content\/uploads\/2020\/11\/Teia-Education-Switzerland-e1620156442216.jpg\",\"width\":166,\"height\":145,\"caption\":\"Teia Education & Play\"},\"image\":{\"@id\":\"https:\/\/teiaeducation.ch\/de\/#\/schema\/logo\/image\/\"},\"sameAs\":[\"https:\/\/www.facebook.com\/teiaeducation\/\",\"https:\/\/x.com\/EducationTeia\",\"https:\/\/www.instagram.com\/teia.education\/\",\"https:\/\/www.linkedin.com\/company\/35501660\",\"https:\/\/www.pinterest.ch\/TeiaEducation\/\"]}]}<\/script>\n<!-- \/ Yoast SEO plugin. -->","yoast_head_json":{"title":"Magnetisches Zahlenspielset - Oioiooi","description":"Das hochwertige Magnetisches Zahlenspielset von Oioiooi enth\u00e4lt gro\u00dfe magnetische Zahlen und Symbole, Bildkarten und Zahlenkarten. 100 % schadstofffrei.","robots":{"index":"index","follow":"follow","max-snippet":"max-snippet:-1","max-image-preview":"max-image-preview:large","max-video-preview":"max-video-preview:-1"},"canonical":"https:\/\/teiaeducation.ch\/de\/produkt\/magnetisches-zahlenspielset-oioiooi\/","og_locale":"de_DE","og_type":"article","og_title":"Magnetisches Zahlenspielset - Oioiooi","og_description":"Das hochwertige Magnetisches Zahlenspielset von Oioiooi enth\u00e4lt gro\u00dfe magnetische Zahlen und Symbole, Bildkarten und Zahlenkarten. 100 % schadstofffrei.","og_url":"https:\/\/teiaeducation.ch\/de\/produkt\/magnetisches-zahlenspielset-oioiooi\/","og_site_name":"Sustainable Educational Products &amp; Ecological Toys\u00a0","article_publisher":"https:\/\/www.facebook.com\/teiaeducation\/","article_modified_time":"2026-01-12T11:15:38+00:00","og_image":[{"width":1000,"height":1000,"url":"https:\/\/teiaeducation.ch\/wp-content\/uploads\/2024\/05\/Magnetic-number-early-learning-numbers-play-set-Oioiooi.webp","type":"image\/webp"}],"schema":{"@context":"https:\/\/schema.org","@graph":[{"@type":"WebPage","@id":"https:\/\/teiaeducation.ch\/de\/produkt\/magnetisches-zahlenspielset-oioiooi\/","url":"https:\/\/teiaeducation.ch\/de\/produkt\/magnetisches-zahlenspielset-oioiooi\/","name":"Magnetisches Zahlenspielset - Oioiooi","isPartOf":{"@id":"https:\/\/teiaeducation.ch\/de\/#website"},"primaryImageOfPage":{"@id":"https:\/\/teiaeducation.ch\/de\/produkt\/magnetisches-zahlenspielset-oioiooi\/#primaryimage"},"image":{"@id":"https:\/\/teiaeducation.ch\/de\/produkt\/magnetisches-zahlenspielset-oioiooi\/#primaryimage"},"thumbnailUrl":"https:\/\/teiaeducation.ch\/wp-content\/uploads\/2024\/05\/Magnetic-number-early-learning-numbers-play-set-Oioiooi.webp","datePublished":"2024-05-14T11:51:14+00:00","dateModified":"2026-01-12T11:15:38+00:00","description":"Das hochwertige Magnetisches Zahlenspielset von Oioiooi enth\u00e4lt gro\u00dfe magnetische Zahlen und Symbole, Bildkarten und Zahlenkarten. 100 % schadstofffrei.","breadcrumb":{"@id":"https:\/\/teiaeducation.ch\/de\/produkt\/magnetisches-zahlenspielset-oioiooi\/#breadcrumb"},"inLanguage":"de-CH","potentialAction":[{"@type":"ReadAction","target":["https:\/\/teiaeducation.ch\/de\/produkt\/magnetisches-zahlenspielset-oioiooi\/"]}]},{"@type":"ImageObject","inLanguage":"de-CH","@id":"https:\/\/teiaeducation.ch\/de\/produkt\/magnetisches-zahlenspielset-oioiooi\/#primaryimage","url":"https:\/\/teiaeducation.ch\/wp-content\/uploads\/2024\/05\/Magnetic-number-early-learning-numbers-play-set-Oioiooi.webp","contentUrl":"https:\/\/teiaeducation.ch\/wp-content\/uploads\/2024\/05\/Magnetic-number-early-learning-numbers-play-set-Oioiooi.webp","width":1000,"height":1000,"caption":"Magnetisches Zahlen-Spielset f\u00fcr fr\u00fchkindliches Lernen Oioiooi"},{"@type":"BreadcrumbList","@id":"https:\/\/teiaeducation.ch\/de\/produkt\/magnetisches-zahlenspielset-oioiooi\/#breadcrumb","itemListElement":[{"@type":"ListItem","position":1,"name":"Home","item":"https:\/\/teiaeducation.ch\/de\/"},{"@type":"ListItem","position":2,"name":"Laden","item":"https:\/\/teiaeducation.ch\/de\/shop\/"},{"@type":"ListItem","position":3,"name":"Magnetisches Zahlenspielset &#8211; Oioiooi"}]},{"@type":"WebSite","@id":"https:\/\/teiaeducation.ch\/de\/#website","url":"https:\/\/teiaeducation.ch\/de\/","name":"Sustainable Educational Products &amp; Ecological Toys\u00a0","description":"Specialised Swiss shop selling sustainable educational toys and games, AMI certified Montessori materials, handmade ecological wooden Waldorf toys and arts &amp; crafts supplies, school supplies, children&#039;s furniture and Montessori reference and parenting books.","publisher":{"@id":"https:\/\/teiaeducation.ch\/de\/#organization"},"alternateName":"Teia Education & Play","potentialAction":[{"@type":"SearchAction","target":{"@type":"EntryPoint","urlTemplate":"https:\/\/teiaeducation.ch\/de\/?s={search_term_string}"},"query-input":{"@type":"PropertyValueSpecification","valueRequired":true,"valueName":"search_term_string"}}],"inLanguage":"de-CH"},{"@type":"Organization","@id":"https:\/\/teiaeducation.ch\/de\/#organization","name":"Teia Education & Play","url":"https:\/\/teiaeducation.ch\/de\/","logo":{"@type":"ImageObject","inLanguage":"de-CH","@id":"https:\/\/teiaeducation.ch\/de\/#\/schema\/logo\/image\/","url":"https:\/\/teiaeducation.ch\/wp-content\/uploads\/2020\/11\/Teia-Education-Switzerland-e1620156442216.jpg","contentUrl":"https:\/\/teiaeducation.ch\/wp-content\/uploads\/2020\/11\/Teia-Education-Switzerland-e1620156442216.jpg","width":166,"height":145,"caption":"Teia Education & Play"},"image":{"@id":"https:\/\/teiaeducation.ch\/de\/#\/schema\/logo\/image\/"},"sameAs":["https:\/\/www.facebook.com\/teiaeducation\/","https:\/\/x.com\/EducationTeia","https:\/\/www.instagram.com\/teia.education\/","https:\/\/www.linkedin.com\/company\/35501660","https:\/\/www.pinterest.ch\/TeiaEducation\/"]}]}},"_links":{"self":[{"href":"https:\/\/teiaeducation.ch\/de\/wp-json\/wp\/v2\/product\/72540","targetHints":{"allow":["GET"]}}],"collection":[{"href":"https:\/\/teiaeducation.ch\/de\/wp-json\/wp\/v2\/product"}],"about":[{"href":"https:\/\/teiaeducation.ch\/de\/wp-json\/wp\/v2\/types\/product"}],"replies":[{"embeddable":true,"href":"https:\/\/teiaeducation.ch\/de\/wp-json\/wp\/v2\/comments?post=72540"}],"wp:featuredmedia":[{"embeddable":true,"href":"https:\/\/teiaeducation.ch\/de\/wp-json\/wp\/v2\/media\/60621"}],"wp:attachment":[{"href":"https:\/\/teiaeducation.ch\/de\/wp-json\/wp\/v2\/media?parent=72540"}],"wp:term":[{"taxonomy":"product_brand","embeddable":true,"href":"https:\/\/teiaeducation.ch\/de\/wp-json\/wp\/v2\/product_brand?post=72540"},{"taxonomy":"product_cat","embeddable":true,"href":"https:\/\/teiaeducation.ch\/de\/wp-json\/wp\/v2\/product_cat?post=72540"},{"taxonomy":"product_tag","embeddable":true,"href":"https:\/\/teiaeducation.ch\/de\/wp-json\/wp\/v2\/product_tag?post=72540"}],"curies":[{"name":"wp","href":"https:\/\/api.w.org\/{rel}","templated":true}]}}