{"id":72544,"date":"2024-05-14T10:40:48","date_gmt":"2024-05-14T08:40:48","guid":{"rendered":"https:\/\/teiaeducation.ch\/product\/buchstaben-bilderbuch-oioiooi\/"},"modified":"2026-01-12T16:20:22","modified_gmt":"2026-01-12T15:20:22","slug":"buchstaben-bilderbuch-oioiooi","status":"publish","type":"product","link":"https:\/\/teiaeducation.ch\/de\/produkt\/buchstaben-bilderbuch-oioiooi\/","title":{"rendered":"Buchstaben-Bilderbuch &#8211; Oioiooi"},"content":{"rendered":"<p>Das sch\u00f6ne Oioiooi Buchstaben-Bilderbuch mit zeitgen\u00f6ssischen Illustrationen macht das Lernen des <a href=\"https:\/\/teiaeducation.ch\/de\/produkt-kategorie\/lernthemen\/alphabetisierung-sprache\/buchstaben-das-alphabet\/\">Alphabets<\/a> und der Buchstaben f\u00fcr Kinder lebendig.<\/p>\n<p>In Kombination mit den handgefertigten <a href=\"https:\/\/teiaeducation.ch\/produkt\/alphabet-play-blocks-oioiooi\/\">Holzspielkl\u00f6tzen mit Buchstaben<\/a> von Oioiooi bietet das Buch ein einzigartiges System zum Lernen und Spielen mit Buchstaben, das aber auch f\u00fcr sich allein genommen viel Spa\u00df macht!<\/p>\n<p>Dieses hochwertige Fr\u00fchf\u00f6rderungsbuch wird aus nachhaltigem Earth Pact-Papier hergestellt, f\u00fcr das Zuckerrohr anstelle von B\u00e4umen verwendet wird, und mit umweltfreundlicher Soja\u00f6l-Tinte gedruckt. Das Buch hat eine Gr\u00f6\u00dfe von 20 x 20 cm und wird in S\u00fcdkorea gedruckt. <\/p>\n<p>Das Oioiooi Buchstaben-Bilderbuch ist f\u00fcr Kinder ab 3 Jahren geeignet.<\/p>\n<p>Inhalt:<\/p>\n<p>1 gebundenes Buch, 60 Seiten<\/p>\n<h2>Uber Oioiooi<\/h2>\n<p>Die koreanische Marke <a href=\"https:\/\/teiaeducation.ch\/de\/produkt-kategorie\/unsere-marken\/oioiooi-de-unsere-marken\/\">Oioiooi<\/a> ist ein Designstudio-Kollektiv von M\u00fcttern. Mit ihrem einfachen, durchdachten Design sorgen ihre <a href=\"https:\/\/teiaeducation.ch\/de\/produkt-kategorie\/kinder-spielzeug\/handgefertigtes-holzspielzeug\/\">handgefertigten Holzspielzeuge<\/a> f\u00fcr warme und fr\u00f6hliche Spielerlebnisse f\u00fcr Kinder. Die wundersch\u00f6n gestalteten und sehr nat\u00fcrlichen Spielzeuge von Oioiooi werden aus massivem Ahorn- und Walnussholz hergestellt und ausschlie\u00dflich mit nat\u00fcrlichem Bienenwachs behandelt, sodass sie frei von Chemikalien, umweltfreundlich und sicher f\u00fcr Babys und Kinder jeden Alters sind.  <\/p>\n<p>Die wundersch\u00f6nen <a href=\"https:\/\/teiaeducation.ch\/de\/produkt-kategorie\/kinderbuecher\/fruehfoerderung-buecher\/\">Fr\u00fchf\u00f6rderungsb\u00fccher<\/a>, Lernkarten und magnetischen Spielsets von Oioiooi sind formsch\u00f6n gestaltet, funktional, langlebig und sicher.<\/p>\n<p>Oioiooi setzt ausschlie\u00dflich auf gute, nachhaltige Materialien, die die umweltfreundlichste Option f\u00fcr die Produktion darstellen. Die Verpackungen bestehen aus Earth Pact-Papier, das aus Zuckerrohr statt aus B\u00e4umen hergestellt wird, und sind mit umweltfreundlicher Soja\u00f6l-Tinte bedruckt. <\/p>\n","protected":false},"excerpt":{"rendered":"<p>Artikelnummer: OIoooo3<\/p>\n<p>Das Oioiooi-Buchstaben-Bilderbuch mit zeitgen\u00f6ssischen Illustrationen erweckt das Alphabet f\u00fcr Kinder zum Leben und bietet ein ausgekl\u00fcgeltes System zum Erlernen der Buchstaben!<\/p>\n","protected":false},"featured_media":65145,"comment_status":"open","ping_status":"closed","template":"","meta":[],"product_brand":[32582],"product_cat":[21445,21524,21479,21532,21469,21489,21484,21466,21509,21530,21443,21563,21656,21531,21494,21495,21482,21564],"product_tag":[28213,32587,32589,32585,32588,26515,32586,22683,32583,32584],"class_list":{"0":"post-72544","1":"product","2":"type-product","3":"status-publish","4":"has-post-thumbnail","6":"product_brand-oioiooi","7":"product_cat-3-6-jahre-vorschule","8":"product_cat-alphabetisierung-sprache","9":"product_cat-lernmaterialien-spielzeug-montessori-waldorf-steiner-froebel","10":"product_cat-buchstaben-das-alphabet","11":"product_cat-fruehfoerderung-buecher","12":"product_cat-geschenk-guide-buecher","13":"product_cat-geschenk-guides","14":"product_cat-kinderbuecher","15":"product_cat-lernthemen","16":"product_cat-lesen-lernen","17":"product_cat-nach-alter","18":"product_cat-neuheiten","19":"product_cat-oioiooi-de-unsere-marken","20":"product_cat-schreiben-lernen","21":"product_cat-schulbedarf-fuer-zuhause","22":"product_cat-schulbedarf-fuer-zuhause-3-6-jahre","23":"product_cat-traditionelle-bildung","24":"product_cat-unsere-marken","25":"product_tag-alphabet-aus-holz","26":"product_tag-buchstaben-zuordnungsspiel","27":"product_tag-buchstabenbuch-oioiooi","28":"product_tag-koreanisches-designspielzeug","29":"product_tag-lernmaterialien-aus-holz","30":"product_tag-lernspielzeug","31":"product_tag-lustiges-alphabet-spielset","32":"product_tag-nachhaltiges-spielzeug","33":"product_tag-oioiooi","34":"product_tag-oioiooi-alphabet-spielklotze","36":"first","37":"instock","38":"taxable","39":"shipping-taxable","40":"purchasable","41":"product-type-simple"},"yoast_head":"<!-- This site is optimized with the Yoast SEO plugin v27.1.1 - https:\/\/yoast.com\/product\/yoast-seo-wordpress\/ -->\n<title>Buchstaben-Bilderbuch - Oioiooi<\/title>\n<meta name=\"description\" content=\"Das Oioiooi Buchstaben-Bilderbuch mit zeitgen\u00f6ssischen Illustrationen erweckt das Alphabet f\u00fcr Kinder zum Leben und bietet ein ausgekl\u00fcgeltes System zum Erlernen der Buchstaben.\" \/>\n<meta name=\"robots\" content=\"index, follow, max-snippet:-1, max-image-preview:large, max-video-preview:-1\" \/>\n<link rel=\"canonical\" href=\"https:\/\/teiaeducation.ch\/de\/produkt\/buchstaben-bilderbuch-oioiooi\/\" \/>\n<meta property=\"og:locale\" content=\"de_DE\" \/>\n<meta property=\"og:type\" content=\"article\" \/>\n<meta property=\"og:title\" content=\"Buchstaben-Bilderbuch - Oioiooi\" \/>\n<meta property=\"og:description\" content=\"Das Oioiooi Buchstaben-Bilderbuch mit zeitgen\u00f6ssischen Illustrationen erweckt das Alphabet f\u00fcr Kinder zum Leben und bietet ein ausgekl\u00fcgeltes System zum Erlernen der Buchstaben.\" \/>\n<meta property=\"og:url\" content=\"https:\/\/teiaeducation.ch\/de\/produkt\/buchstaben-bilderbuch-oioiooi\/\" \/>\n<meta property=\"og:site_name\" content=\"Sustainable Educational Products &amp; Ecological Toys\u00a0\" \/>\n<meta property=\"article:publisher\" content=\"https:\/\/www.facebook.com\/teiaeducation\/\" \/>\n<meta property=\"article:modified_time\" content=\"2026-01-12T15:20:22+00:00\" \/>\n<meta property=\"og:image\" content=\"https:\/\/teiaeducation.ch\/wp-content\/uploads\/2024\/05\/Oioiooi-alphabet-picture-book-1-scaled.jpg\" \/>\n\t<meta property=\"og:image:width\" content=\"2048\" \/>\n\t<meta property=\"og:image:height\" content=\"2027\" \/>\n\t<meta property=\"og:image:type\" content=\"image\/jpeg\" \/>\n<script type=\"application\/ld+json\" class=\"yoast-schema-graph\">{\"@context\":\"https:\/\/schema.org\",\"@graph\":[{\"@type\":\"WebPage\",\"@id\":\"https:\/\/teiaeducation.ch\/de\/produkt\/buchstaben-bilderbuch-oioiooi\/\",\"url\":\"https:\/\/teiaeducation.ch\/de\/produkt\/buchstaben-bilderbuch-oioiooi\/\",\"name\":\"Buchstaben-Bilderbuch - Oioiooi\",\"isPartOf\":{\"@id\":\"https:\/\/teiaeducation.ch\/de\/#website\"},\"primaryImageOfPage\":{\"@id\":\"https:\/\/teiaeducation.ch\/de\/produkt\/buchstaben-bilderbuch-oioiooi\/#primaryimage\"},\"image\":{\"@id\":\"https:\/\/teiaeducation.ch\/de\/produkt\/buchstaben-bilderbuch-oioiooi\/#primaryimage\"},\"thumbnailUrl\":\"https:\/\/teiaeducation.ch\/wp-content\/uploads\/2024\/05\/Oioiooi-alphabet-picture-book-1-scaled.jpg\",\"datePublished\":\"2024-05-14T08:40:48+00:00\",\"dateModified\":\"2026-01-12T15:20:22+00:00\",\"description\":\"Das Oioiooi Buchstaben-Bilderbuch mit zeitgen\u00f6ssischen Illustrationen erweckt das Alphabet f\u00fcr Kinder zum Leben und bietet ein ausgekl\u00fcgeltes System zum Erlernen der Buchstaben.\",\"breadcrumb\":{\"@id\":\"https:\/\/teiaeducation.ch\/de\/produkt\/buchstaben-bilderbuch-oioiooi\/#breadcrumb\"},\"inLanguage\":\"de-CH\",\"potentialAction\":[{\"@type\":\"ReadAction\",\"target\":[\"https:\/\/teiaeducation.ch\/de\/produkt\/buchstaben-bilderbuch-oioiooi\/\"]}]},{\"@type\":\"ImageObject\",\"inLanguage\":\"de-CH\",\"@id\":\"https:\/\/teiaeducation.ch\/de\/produkt\/buchstaben-bilderbuch-oioiooi\/#primaryimage\",\"url\":\"https:\/\/teiaeducation.ch\/wp-content\/uploads\/2024\/05\/Oioiooi-alphabet-picture-book-1-scaled.jpg\",\"contentUrl\":\"https:\/\/teiaeducation.ch\/wp-content\/uploads\/2024\/05\/Oioiooi-alphabet-picture-book-1-scaled.jpg\",\"width\":2048,\"height\":2027,\"caption\":\"Oioiooi Buchstaben-Bilderbuch\"},{\"@type\":\"BreadcrumbList\",\"@id\":\"https:\/\/teiaeducation.ch\/de\/produkt\/buchstaben-bilderbuch-oioiooi\/#breadcrumb\",\"itemListElement\":[{\"@type\":\"ListItem\",\"position\":1,\"name\":\"Home\",\"item\":\"https:\/\/teiaeducation.ch\/de\/\"},{\"@type\":\"ListItem\",\"position\":2,\"name\":\"Laden\",\"item\":\"https:\/\/teiaeducation.ch\/de\/shop\/\"},{\"@type\":\"ListItem\",\"position\":3,\"name\":\"Buchstaben-Bilderbuch &#8211; Oioiooi\"}]},{\"@type\":\"WebSite\",\"@id\":\"https:\/\/teiaeducation.ch\/de\/#website\",\"url\":\"https:\/\/teiaeducation.ch\/de\/\",\"name\":\"Sustainable Educational Products &amp; Ecological Toys\u00a0\",\"description\":\"Specialised Swiss shop selling sustainable educational toys and games, AMI certified Montessori materials, handmade ecological wooden Waldorf toys and arts &amp; crafts supplies, school supplies, children&#039;s furniture and Montessori reference and parenting books.\",\"publisher\":{\"@id\":\"https:\/\/teiaeducation.ch\/de\/#organization\"},\"alternateName\":\"Teia Education & Play\",\"potentialAction\":[{\"@type\":\"SearchAction\",\"target\":{\"@type\":\"EntryPoint\",\"urlTemplate\":\"https:\/\/teiaeducation.ch\/de\/?s={search_term_string}\"},\"query-input\":{\"@type\":\"PropertyValueSpecification\",\"valueRequired\":true,\"valueName\":\"search_term_string\"}}],\"inLanguage\":\"de-CH\"},{\"@type\":\"Organization\",\"@id\":\"https:\/\/teiaeducation.ch\/de\/#organization\",\"name\":\"Teia Education & Play\",\"url\":\"https:\/\/teiaeducation.ch\/de\/\",\"logo\":{\"@type\":\"ImageObject\",\"inLanguage\":\"de-CH\",\"@id\":\"https:\/\/teiaeducation.ch\/de\/#\/schema\/logo\/image\/\",\"url\":\"https:\/\/teiaeducation.ch\/wp-content\/uploads\/2020\/11\/Teia-Education-Switzerland-e1620156442216.jpg\",\"contentUrl\":\"https:\/\/teiaeducation.ch\/wp-content\/uploads\/2020\/11\/Teia-Education-Switzerland-e1620156442216.jpg\",\"width\":166,\"height\":145,\"caption\":\"Teia Education & Play\"},\"image\":{\"@id\":\"https:\/\/teiaeducation.ch\/de\/#\/schema\/logo\/image\/\"},\"sameAs\":[\"https:\/\/www.facebook.com\/teiaeducation\/\",\"https:\/\/x.com\/EducationTeia\",\"https:\/\/www.instagram.com\/teia.education\/\",\"https:\/\/www.linkedin.com\/company\/35501660\",\"https:\/\/www.pinterest.ch\/TeiaEducation\/\"]}]}<\/script>\n<!-- \/ Yoast SEO plugin. -->","yoast_head_json":{"title":"Buchstaben-Bilderbuch - Oioiooi","description":"Das Oioiooi Buchstaben-Bilderbuch mit zeitgen\u00f6ssischen Illustrationen erweckt das Alphabet f\u00fcr Kinder zum Leben und bietet ein ausgekl\u00fcgeltes System zum Erlernen der Buchstaben.","robots":{"index":"index","follow":"follow","max-snippet":"max-snippet:-1","max-image-preview":"max-image-preview:large","max-video-preview":"max-video-preview:-1"},"canonical":"https:\/\/teiaeducation.ch\/de\/produkt\/buchstaben-bilderbuch-oioiooi\/","og_locale":"de_DE","og_type":"article","og_title":"Buchstaben-Bilderbuch - Oioiooi","og_description":"Das Oioiooi Buchstaben-Bilderbuch mit zeitgen\u00f6ssischen Illustrationen erweckt das Alphabet f\u00fcr Kinder zum Leben und bietet ein ausgekl\u00fcgeltes System zum Erlernen der Buchstaben.","og_url":"https:\/\/teiaeducation.ch\/de\/produkt\/buchstaben-bilderbuch-oioiooi\/","og_site_name":"Sustainable Educational Products &amp; Ecological Toys\u00a0","article_publisher":"https:\/\/www.facebook.com\/teiaeducation\/","article_modified_time":"2026-01-12T15:20:22+00:00","og_image":[{"width":2048,"height":2027,"url":"https:\/\/teiaeducation.ch\/wp-content\/uploads\/2024\/05\/Oioiooi-alphabet-picture-book-1-scaled.jpg","type":"image\/jpeg"}],"schema":{"@context":"https:\/\/schema.org","@graph":[{"@type":"WebPage","@id":"https:\/\/teiaeducation.ch\/de\/produkt\/buchstaben-bilderbuch-oioiooi\/","url":"https:\/\/teiaeducation.ch\/de\/produkt\/buchstaben-bilderbuch-oioiooi\/","name":"Buchstaben-Bilderbuch - Oioiooi","isPartOf":{"@id":"https:\/\/teiaeducation.ch\/de\/#website"},"primaryImageOfPage":{"@id":"https:\/\/teiaeducation.ch\/de\/produkt\/buchstaben-bilderbuch-oioiooi\/#primaryimage"},"image":{"@id":"https:\/\/teiaeducation.ch\/de\/produkt\/buchstaben-bilderbuch-oioiooi\/#primaryimage"},"thumbnailUrl":"https:\/\/teiaeducation.ch\/wp-content\/uploads\/2024\/05\/Oioiooi-alphabet-picture-book-1-scaled.jpg","datePublished":"2024-05-14T08:40:48+00:00","dateModified":"2026-01-12T15:20:22+00:00","description":"Das Oioiooi Buchstaben-Bilderbuch mit zeitgen\u00f6ssischen Illustrationen erweckt das Alphabet f\u00fcr Kinder zum Leben und bietet ein ausgekl\u00fcgeltes System zum Erlernen der Buchstaben.","breadcrumb":{"@id":"https:\/\/teiaeducation.ch\/de\/produkt\/buchstaben-bilderbuch-oioiooi\/#breadcrumb"},"inLanguage":"de-CH","potentialAction":[{"@type":"ReadAction","target":["https:\/\/teiaeducation.ch\/de\/produkt\/buchstaben-bilderbuch-oioiooi\/"]}]},{"@type":"ImageObject","inLanguage":"de-CH","@id":"https:\/\/teiaeducation.ch\/de\/produkt\/buchstaben-bilderbuch-oioiooi\/#primaryimage","url":"https:\/\/teiaeducation.ch\/wp-content\/uploads\/2024\/05\/Oioiooi-alphabet-picture-book-1-scaled.jpg","contentUrl":"https:\/\/teiaeducation.ch\/wp-content\/uploads\/2024\/05\/Oioiooi-alphabet-picture-book-1-scaled.jpg","width":2048,"height":2027,"caption":"Oioiooi Buchstaben-Bilderbuch"},{"@type":"BreadcrumbList","@id":"https:\/\/teiaeducation.ch\/de\/produkt\/buchstaben-bilderbuch-oioiooi\/#breadcrumb","itemListElement":[{"@type":"ListItem","position":1,"name":"Home","item":"https:\/\/teiaeducation.ch\/de\/"},{"@type":"ListItem","position":2,"name":"Laden","item":"https:\/\/teiaeducation.ch\/de\/shop\/"},{"@type":"ListItem","position":3,"name":"Buchstaben-Bilderbuch &#8211; Oioiooi"}]},{"@type":"WebSite","@id":"https:\/\/teiaeducation.ch\/de\/#website","url":"https:\/\/teiaeducation.ch\/de\/","name":"Sustainable Educational Products &amp; Ecological Toys\u00a0","description":"Specialised Swiss shop selling sustainable educational toys and games, AMI certified Montessori materials, handmade ecological wooden Waldorf toys and arts &amp; crafts supplies, school supplies, children&#039;s furniture and Montessori reference and parenting books.","publisher":{"@id":"https:\/\/teiaeducation.ch\/de\/#organization"},"alternateName":"Teia Education & Play","potentialAction":[{"@type":"SearchAction","target":{"@type":"EntryPoint","urlTemplate":"https:\/\/teiaeducation.ch\/de\/?s={search_term_string}"},"query-input":{"@type":"PropertyValueSpecification","valueRequired":true,"valueName":"search_term_string"}}],"inLanguage":"de-CH"},{"@type":"Organization","@id":"https:\/\/teiaeducation.ch\/de\/#organization","name":"Teia Education & Play","url":"https:\/\/teiaeducation.ch\/de\/","logo":{"@type":"ImageObject","inLanguage":"de-CH","@id":"https:\/\/teiaeducation.ch\/de\/#\/schema\/logo\/image\/","url":"https:\/\/teiaeducation.ch\/wp-content\/uploads\/2020\/11\/Teia-Education-Switzerland-e1620156442216.jpg","contentUrl":"https:\/\/teiaeducation.ch\/wp-content\/uploads\/2020\/11\/Teia-Education-Switzerland-e1620156442216.jpg","width":166,"height":145,"caption":"Teia Education & Play"},"image":{"@id":"https:\/\/teiaeducation.ch\/de\/#\/schema\/logo\/image\/"},"sameAs":["https:\/\/www.facebook.com\/teiaeducation\/","https:\/\/x.com\/EducationTeia","https:\/\/www.instagram.com\/teia.education\/","https:\/\/www.linkedin.com\/company\/35501660","https:\/\/www.pinterest.ch\/TeiaEducation\/"]}]}},"_links":{"self":[{"href":"https:\/\/teiaeducation.ch\/de\/wp-json\/wp\/v2\/product\/72544","targetHints":{"allow":["GET"]}}],"collection":[{"href":"https:\/\/teiaeducation.ch\/de\/wp-json\/wp\/v2\/product"}],"about":[{"href":"https:\/\/teiaeducation.ch\/de\/wp-json\/wp\/v2\/types\/product"}],"replies":[{"embeddable":true,"href":"https:\/\/teiaeducation.ch\/de\/wp-json\/wp\/v2\/comments?post=72544"}],"wp:featuredmedia":[{"embeddable":true,"href":"https:\/\/teiaeducation.ch\/de\/wp-json\/wp\/v2\/media\/65145"}],"wp:attachment":[{"href":"https:\/\/teiaeducation.ch\/de\/wp-json\/wp\/v2\/media?parent=72544"}],"wp:term":[{"taxonomy":"product_brand","embeddable":true,"href":"https:\/\/teiaeducation.ch\/de\/wp-json\/wp\/v2\/product_brand?post=72544"},{"taxonomy":"product_cat","embeddable":true,"href":"https:\/\/teiaeducation.ch\/de\/wp-json\/wp\/v2\/product_cat?post=72544"},{"taxonomy":"product_tag","embeddable":true,"href":"https:\/\/teiaeducation.ch\/de\/wp-json\/wp\/v2\/product_tag?post=72544"}],"curies":[{"name":"wp","href":"https:\/\/api.w.org\/{rel}","templated":true}]}}