{"id":72554,"date":"2021-04-19T13:34:35","date_gmt":"2021-04-19T11:34:35","guid":{"rendered":"https:\/\/teiaeducation.ch\/product\/schoen-zu-michu-babyrassel-oioiooi\/"},"modified":"2026-01-13T11:19:03","modified_gmt":"2026-01-13T10:19:03","slug":"schoen-zu-michu-babyrassel-oioiooi","status":"publish","type":"product","link":"https:\/\/teiaeducation.ch\/de\/produkt\/schoen-zu-michu-babyrassel-oioiooi\/","title":{"rendered":"Sch\u00f6n zu Michu Babyrassel &#8211; Oioiooi"},"content":{"rendered":"<p>Die Sch\u00f6n zu Michu <a href=\"https:\/\/teiaeducation.ch\/de\/produkt-kategorie\/kinder-spielzeug\/baby-rasseln\/\">Babyrassel<\/a> von Oioiooi wird Ihr Baby mit ihrem entz\u00fcckenden B\u00e4rengesicht begeistern \u2013 sie vereint den unverwechselbaren und niedlichen Charme koreanischen Designs in einem hochwertigen, nat\u00fcrlichen und sicheren ersten <a href=\"https:\/\/teiaeducation.ch\/de\/produkt-kategorie\/kinder-spielzeug\/handgefertigtes-holzspielzeug\/\">Holzspielzeug<\/a> f\u00fcr Babys!<\/p>\n<p>Das warme und glatte Holz f\u00fchlt sich in Babys Hand wunderbar an und l\u00e4dt zum taktilen Spielen und zur Interaktion ein. Die Rassel hat zwei Holzringe, die beim Sch\u00fctteln ein angenehmes Klirren erzeugen und so die grob<a href=\"https:\/\/teiaeducation.ch\/de\/produkt-kategorie\/lernthemen\/sensorische-motorische-fertigkeiten\/motorische-fertigkeiten\/\">motorischen F\u00e4higkeiten<\/a> und die Koordination des Babys f\u00f6rdern. <\/p>\n<p>Dieses Spielzeug aus massivem Ahorn- und Walnussholz mit Bienenwachs-Finish ist das perfekte nat\u00fcrliche Babyspielzeug. Die beiden Holzt\u00f6ne bieten einen ansprechenden visuellen Kontrast f\u00fcr die Augen des Babys und regen die Gehirnentwicklung an. <\/p>\n<p>Die Oioiooi Sch\u00f6n zu Michu Babyrassel ist frei von Chemikalien, von unabh\u00e4ngiger Stelle gem\u00e4\u00df ASTM und EN71 auf Sicherheit gepr\u00fcft und f\u00fcr Babys jeden Alters ab der Geburt geeignet. Sie wird in Vietnam hergestellt. <\/p>\n<p>Die attraktive Geschenkbox besteht aus Earth Pact-Papier, das mit umweltfreundlicher Soja\u00f6l-Tinte bedruckt ist, und misst 15,5 x 8,5 cm.<\/p>\n<p>Inhalt:<\/p>\n<p>1 Holzrassel f\u00fcr Babys in einer nachhaltigen Verpackung aus Erdpakt-Papier<\/p>\n<h2>Uber Oioiooi<\/h2>\n<p>Die koreanische Marke <a href=\"https:\/\/teiaeducation.ch\/de\/produkt-kategorie\/unsere-marken\/oioiooi-de-unsere-marken\/\">Oioiooi<\/a> ist ein Designstudio-Kollektiv von M\u00fcttern. Mit ihrem einfachen, durchdachten Design sorgen ihre <a href=\"https:\/\/teiaeducation.ch\/de\/produkt-kategorie\/kinder-spielzeug\/handgefertigtes-holzspielzeug\/\">handgefertigten Holzspielzeuge<\/a> f\u00fcr warme und fr\u00f6hliche Spielerlebnisse f\u00fcr Kinder. Die wundersch\u00f6n gestalteten und sehr nat\u00fcrlichen Spielzeuge von Oioiooi werden aus massivem Ahorn- und Walnussholz hergestellt und ausschlie\u00dflich mit nat\u00fcrlichem Bienenwachs behandelt, sodass sie frei von Chemikalien, umweltfreundlich und sicher f\u00fcr Babys und Kinder jeden Alters sind.  <\/p>\n<p>Die wundersch\u00f6nen <a href=\"https:\/\/teiaeducation.ch\/de\/produkt-kategorie\/kinderbuecher\/fruehfoerderung-buecher\/\">Fr\u00fchf\u00f6rderungsb\u00fccher<\/a>, Lernkarten und magnetischen Spielsets von Oioiooi sind formsch\u00f6n gestaltet, funktional, langlebig und sicher.<\/p>\n<p>Oioiooi setzt ausschlie\u00dflich auf gute, nachhaltige Materialien, die die umweltfreundlichste Option f\u00fcr die Produktion darstellen. Die Verpackungen bestehen aus Earth Pact-Papier, das aus Zuckerrohr statt aus B\u00e4umen hergestellt wird, und sind mit umweltfreundlicher Soja\u00f6l-Tinte bedruckt. <\/p>\n","protected":false},"excerpt":{"rendered":"<p>Artikelnummer: OI0002<\/p>\n<p>Die Oioiooi Sch\u00f6n zu Michu Babyrassel ist das perfekte erste nat\u00fcrliche und sichere Babyspielzeug aus Holz. Es ist frei von Chemikalien, umweltfreundlich und von Geburt an sicher. <\/p>\n","protected":false},"featured_media":72545,"comment_status":"open","ping_status":"closed","template":"","meta":[],"product_brand":[32582],"product_cat":[25967,22033,21681,21485,21484,23075,21509,21559,21443,21563,21656,21557,21562,21678,21564],"product_tag":[25861,32596,32601,32593,32598,32597,32583,32594,32602,32603,32595,32592,32599,32600],"class_list":{"0":"post-72554","1":"product","2":"type-product","3":"status-publish","4":"has-post-thumbnail","6":"product_brand-oioiooi","7":"product_cat-0-12-monate-baby","8":"product_cat-adventskalender-geschenke-strumpffueller","9":"product_cat-baby-rasseln","10":"product_cat-geschenk-guide-0-12-monate-baby","11":"product_cat-geschenk-guides","12":"product_cat-handgefertigtes-holzspielzeug","13":"product_cat-lernthemen","14":"product_cat-motorische-fertigkeiten","15":"product_cat-nach-alter","16":"product_cat-neuheiten","17":"product_cat-oioiooi-de-unsere-marken","18":"product_cat-sensorische-motorische-fertigkeiten","19":"product_cat-sinne","20":"product_cat-kinder-spielzeug","21":"product_cat-unsere-marken","22":"product_tag-babyspielzeug-aus-holz-schweiz","23":"product_tag-babyspielzeug-aus-naturholz","24":"product_tag-chemiefreies-babyspielzeug","25":"product_tag-holzrassel-fur-babys","26":"product_tag-koreanisches-design-fur-babyspielzeug","27":"product_tag-nachhaltige-babyprodukte","28":"product_tag-oioiooi","29":"product_tag-oioiooi-schon-zu-michu-babyrassel","30":"product_tag-plastikfreies-babyspielzeug","31":"product_tag-rassel-aus-holz","32":"product_tag-schon-zu-michu-babyrassel","33":"product_tag-sichere-babyspielzeuge","34":"product_tag-umweltfreundliche-babyprodukte","35":"product_tag-umweltfreundliche-babyspielzeuge","37":"first","38":"instock","39":"taxable","40":"shipping-taxable","41":"purchasable","42":"product-type-simple"},"yoast_head":"<!-- This site is optimized with the Yoast SEO plugin v27.1.1 - https:\/\/yoast.com\/product\/yoast-seo-wordpress\/ -->\n<title>Sch\u00f6n zu Michu Babyrassel - Oioiooi<\/title>\n<meta name=\"description\" content=\"Die Oioiooi Sch\u00f6n zu Michu Babyrassel ist das perfekte erste nat\u00fcrliche und nachhaltige Babyspielzeug aus Holz \u2013 frei von Chemikalien, umweltfreundlich und sicher ab der Geburt.\" \/>\n<meta name=\"robots\" content=\"index, follow, max-snippet:-1, max-image-preview:large, max-video-preview:-1\" \/>\n<link rel=\"canonical\" href=\"https:\/\/teiaeducation.ch\/de\/produkt\/schoen-zu-michu-babyrassel-oioiooi\/\" \/>\n<meta property=\"og:locale\" content=\"de_DE\" \/>\n<meta property=\"og:type\" content=\"article\" \/>\n<meta property=\"og:title\" content=\"Sch\u00f6n zu Michu Babyrassel - Oioiooi\" \/>\n<meta property=\"og:description\" content=\"Die Oioiooi Sch\u00f6n zu Michu Babyrassel ist das perfekte erste nat\u00fcrliche und nachhaltige Babyspielzeug aus Holz \u2013 frei von Chemikalien, umweltfreundlich und sicher ab der Geburt.\" \/>\n<meta property=\"og:url\" content=\"https:\/\/teiaeducation.ch\/de\/produkt\/schoen-zu-michu-babyrassel-oioiooi\/\" \/>\n<meta property=\"og:site_name\" content=\"Sustainable Educational Products &amp; Ecological Toys\u00a0\" \/>\n<meta property=\"article:publisher\" content=\"https:\/\/www.facebook.com\/teiaeducation\/\" \/>\n<meta property=\"article:modified_time\" content=\"2026-01-13T10:19:03+00:00\" \/>\n<meta property=\"og:image\" content=\"https:\/\/teiaeducation.ch\/wp-content\/uploads\/2021\/04\/Nice-to-Michu-baby-rattle-Oioiooi.jpg\" \/>\n\t<meta property=\"og:image:width\" content=\"768\" \/>\n\t<meta property=\"og:image:height\" content=\"1024\" \/>\n\t<meta property=\"og:image:type\" content=\"image\/jpeg\" \/>\n<script type=\"application\/ld+json\" class=\"yoast-schema-graph\">{\"@context\":\"https:\/\/schema.org\",\"@graph\":[{\"@type\":\"WebPage\",\"@id\":\"https:\/\/teiaeducation.ch\/de\/produkt\/schoen-zu-michu-babyrassel-oioiooi\/\",\"url\":\"https:\/\/teiaeducation.ch\/de\/produkt\/schoen-zu-michu-babyrassel-oioiooi\/\",\"name\":\"Sch\u00f6n zu Michu Babyrassel - Oioiooi\",\"isPartOf\":{\"@id\":\"https:\/\/teiaeducation.ch\/de\/#website\"},\"primaryImageOfPage\":{\"@id\":\"https:\/\/teiaeducation.ch\/de\/produkt\/schoen-zu-michu-babyrassel-oioiooi\/#primaryimage\"},\"image\":{\"@id\":\"https:\/\/teiaeducation.ch\/de\/produkt\/schoen-zu-michu-babyrassel-oioiooi\/#primaryimage\"},\"thumbnailUrl\":\"https:\/\/teiaeducation.ch\/wp-content\/uploads\/2021\/04\/Nice-to-Michu-baby-rattle-Oioiooi.jpg\",\"datePublished\":\"2021-04-19T11:34:35+00:00\",\"dateModified\":\"2026-01-13T10:19:03+00:00\",\"description\":\"Die Oioiooi Sch\u00f6n zu Michu Babyrassel ist das perfekte erste nat\u00fcrliche und nachhaltige Babyspielzeug aus Holz \u2013 frei von Chemikalien, umweltfreundlich und sicher ab der Geburt.\",\"breadcrumb\":{\"@id\":\"https:\/\/teiaeducation.ch\/de\/produkt\/schoen-zu-michu-babyrassel-oioiooi\/#breadcrumb\"},\"inLanguage\":\"de-CH\",\"potentialAction\":[{\"@type\":\"ReadAction\",\"target\":[\"https:\/\/teiaeducation.ch\/de\/produkt\/schoen-zu-michu-babyrassel-oioiooi\/\"]}]},{\"@type\":\"ImageObject\",\"inLanguage\":\"de-CH\",\"@id\":\"https:\/\/teiaeducation.ch\/de\/produkt\/schoen-zu-michu-babyrassel-oioiooi\/#primaryimage\",\"url\":\"https:\/\/teiaeducation.ch\/wp-content\/uploads\/2021\/04\/Nice-to-Michu-baby-rattle-Oioiooi.jpg\",\"contentUrl\":\"https:\/\/teiaeducation.ch\/wp-content\/uploads\/2021\/04\/Nice-to-Michu-baby-rattle-Oioiooi.jpg\",\"width\":768,\"height\":1024,\"caption\":\"Nachhaltiges Babyspielzeug aus Holz Sch\u00f6n zu Michu Babyrassel - Oioiooi\"},{\"@type\":\"BreadcrumbList\",\"@id\":\"https:\/\/teiaeducation.ch\/de\/produkt\/schoen-zu-michu-babyrassel-oioiooi\/#breadcrumb\",\"itemListElement\":[{\"@type\":\"ListItem\",\"position\":1,\"name\":\"Home\",\"item\":\"https:\/\/teiaeducation.ch\/de\/\"},{\"@type\":\"ListItem\",\"position\":2,\"name\":\"Laden\",\"item\":\"https:\/\/teiaeducation.ch\/de\/shop\/\"},{\"@type\":\"ListItem\",\"position\":3,\"name\":\"Sch\u00f6n zu Michu Babyrassel &#8211; Oioiooi\"}]},{\"@type\":\"WebSite\",\"@id\":\"https:\/\/teiaeducation.ch\/de\/#website\",\"url\":\"https:\/\/teiaeducation.ch\/de\/\",\"name\":\"Sustainable Educational Products &amp; Ecological Toys\u00a0\",\"description\":\"Specialised Swiss shop selling sustainable educational toys and games, AMI certified Montessori materials, handmade ecological wooden Waldorf toys and arts &amp; crafts supplies, school supplies, children&#039;s furniture and Montessori reference and parenting books.\",\"publisher\":{\"@id\":\"https:\/\/teiaeducation.ch\/de\/#organization\"},\"alternateName\":\"Teia Education & Play\",\"potentialAction\":[{\"@type\":\"SearchAction\",\"target\":{\"@type\":\"EntryPoint\",\"urlTemplate\":\"https:\/\/teiaeducation.ch\/de\/?s={search_term_string}\"},\"query-input\":{\"@type\":\"PropertyValueSpecification\",\"valueRequired\":true,\"valueName\":\"search_term_string\"}}],\"inLanguage\":\"de-CH\"},{\"@type\":\"Organization\",\"@id\":\"https:\/\/teiaeducation.ch\/de\/#organization\",\"name\":\"Teia Education & Play\",\"url\":\"https:\/\/teiaeducation.ch\/de\/\",\"logo\":{\"@type\":\"ImageObject\",\"inLanguage\":\"de-CH\",\"@id\":\"https:\/\/teiaeducation.ch\/de\/#\/schema\/logo\/image\/\",\"url\":\"https:\/\/teiaeducation.ch\/wp-content\/uploads\/2020\/11\/Teia-Education-Switzerland-e1620156442216.jpg\",\"contentUrl\":\"https:\/\/teiaeducation.ch\/wp-content\/uploads\/2020\/11\/Teia-Education-Switzerland-e1620156442216.jpg\",\"width\":166,\"height\":145,\"caption\":\"Teia Education & Play\"},\"image\":{\"@id\":\"https:\/\/teiaeducation.ch\/de\/#\/schema\/logo\/image\/\"},\"sameAs\":[\"https:\/\/www.facebook.com\/teiaeducation\/\",\"https:\/\/x.com\/EducationTeia\",\"https:\/\/www.instagram.com\/teia.education\/\",\"https:\/\/www.linkedin.com\/company\/35501660\",\"https:\/\/www.pinterest.ch\/TeiaEducation\/\"]}]}<\/script>\n<!-- \/ Yoast SEO plugin. -->","yoast_head_json":{"title":"Sch\u00f6n zu Michu Babyrassel - Oioiooi","description":"Die Oioiooi Sch\u00f6n zu Michu Babyrassel ist das perfekte erste nat\u00fcrliche und nachhaltige Babyspielzeug aus Holz \u2013 frei von Chemikalien, umweltfreundlich und sicher ab der Geburt.","robots":{"index":"index","follow":"follow","max-snippet":"max-snippet:-1","max-image-preview":"max-image-preview:large","max-video-preview":"max-video-preview:-1"},"canonical":"https:\/\/teiaeducation.ch\/de\/produkt\/schoen-zu-michu-babyrassel-oioiooi\/","og_locale":"de_DE","og_type":"article","og_title":"Sch\u00f6n zu Michu Babyrassel - Oioiooi","og_description":"Die Oioiooi Sch\u00f6n zu Michu Babyrassel ist das perfekte erste nat\u00fcrliche und nachhaltige Babyspielzeug aus Holz \u2013 frei von Chemikalien, umweltfreundlich und sicher ab der Geburt.","og_url":"https:\/\/teiaeducation.ch\/de\/produkt\/schoen-zu-michu-babyrassel-oioiooi\/","og_site_name":"Sustainable Educational Products &amp; Ecological Toys\u00a0","article_publisher":"https:\/\/www.facebook.com\/teiaeducation\/","article_modified_time":"2026-01-13T10:19:03+00:00","og_image":[{"width":768,"height":1024,"url":"https:\/\/teiaeducation.ch\/wp-content\/uploads\/2021\/04\/Nice-to-Michu-baby-rattle-Oioiooi.jpg","type":"image\/jpeg"}],"schema":{"@context":"https:\/\/schema.org","@graph":[{"@type":"WebPage","@id":"https:\/\/teiaeducation.ch\/de\/produkt\/schoen-zu-michu-babyrassel-oioiooi\/","url":"https:\/\/teiaeducation.ch\/de\/produkt\/schoen-zu-michu-babyrassel-oioiooi\/","name":"Sch\u00f6n zu Michu Babyrassel - Oioiooi","isPartOf":{"@id":"https:\/\/teiaeducation.ch\/de\/#website"},"primaryImageOfPage":{"@id":"https:\/\/teiaeducation.ch\/de\/produkt\/schoen-zu-michu-babyrassel-oioiooi\/#primaryimage"},"image":{"@id":"https:\/\/teiaeducation.ch\/de\/produkt\/schoen-zu-michu-babyrassel-oioiooi\/#primaryimage"},"thumbnailUrl":"https:\/\/teiaeducation.ch\/wp-content\/uploads\/2021\/04\/Nice-to-Michu-baby-rattle-Oioiooi.jpg","datePublished":"2021-04-19T11:34:35+00:00","dateModified":"2026-01-13T10:19:03+00:00","description":"Die Oioiooi Sch\u00f6n zu Michu Babyrassel ist das perfekte erste nat\u00fcrliche und nachhaltige Babyspielzeug aus Holz \u2013 frei von Chemikalien, umweltfreundlich und sicher ab der Geburt.","breadcrumb":{"@id":"https:\/\/teiaeducation.ch\/de\/produkt\/schoen-zu-michu-babyrassel-oioiooi\/#breadcrumb"},"inLanguage":"de-CH","potentialAction":[{"@type":"ReadAction","target":["https:\/\/teiaeducation.ch\/de\/produkt\/schoen-zu-michu-babyrassel-oioiooi\/"]}]},{"@type":"ImageObject","inLanguage":"de-CH","@id":"https:\/\/teiaeducation.ch\/de\/produkt\/schoen-zu-michu-babyrassel-oioiooi\/#primaryimage","url":"https:\/\/teiaeducation.ch\/wp-content\/uploads\/2021\/04\/Nice-to-Michu-baby-rattle-Oioiooi.jpg","contentUrl":"https:\/\/teiaeducation.ch\/wp-content\/uploads\/2021\/04\/Nice-to-Michu-baby-rattle-Oioiooi.jpg","width":768,"height":1024,"caption":"Nachhaltiges Babyspielzeug aus Holz Sch\u00f6n zu Michu Babyrassel - Oioiooi"},{"@type":"BreadcrumbList","@id":"https:\/\/teiaeducation.ch\/de\/produkt\/schoen-zu-michu-babyrassel-oioiooi\/#breadcrumb","itemListElement":[{"@type":"ListItem","position":1,"name":"Home","item":"https:\/\/teiaeducation.ch\/de\/"},{"@type":"ListItem","position":2,"name":"Laden","item":"https:\/\/teiaeducation.ch\/de\/shop\/"},{"@type":"ListItem","position":3,"name":"Sch\u00f6n zu Michu Babyrassel &#8211; Oioiooi"}]},{"@type":"WebSite","@id":"https:\/\/teiaeducation.ch\/de\/#website","url":"https:\/\/teiaeducation.ch\/de\/","name":"Sustainable Educational Products &amp; Ecological Toys\u00a0","description":"Specialised Swiss shop selling sustainable educational toys and games, AMI certified Montessori materials, handmade ecological wooden Waldorf toys and arts &amp; crafts supplies, school supplies, children&#039;s furniture and Montessori reference and parenting books.","publisher":{"@id":"https:\/\/teiaeducation.ch\/de\/#organization"},"alternateName":"Teia Education & Play","potentialAction":[{"@type":"SearchAction","target":{"@type":"EntryPoint","urlTemplate":"https:\/\/teiaeducation.ch\/de\/?s={search_term_string}"},"query-input":{"@type":"PropertyValueSpecification","valueRequired":true,"valueName":"search_term_string"}}],"inLanguage":"de-CH"},{"@type":"Organization","@id":"https:\/\/teiaeducation.ch\/de\/#organization","name":"Teia Education & Play","url":"https:\/\/teiaeducation.ch\/de\/","logo":{"@type":"ImageObject","inLanguage":"de-CH","@id":"https:\/\/teiaeducation.ch\/de\/#\/schema\/logo\/image\/","url":"https:\/\/teiaeducation.ch\/wp-content\/uploads\/2020\/11\/Teia-Education-Switzerland-e1620156442216.jpg","contentUrl":"https:\/\/teiaeducation.ch\/wp-content\/uploads\/2020\/11\/Teia-Education-Switzerland-e1620156442216.jpg","width":166,"height":145,"caption":"Teia Education & Play"},"image":{"@id":"https:\/\/teiaeducation.ch\/de\/#\/schema\/logo\/image\/"},"sameAs":["https:\/\/www.facebook.com\/teiaeducation\/","https:\/\/x.com\/EducationTeia","https:\/\/www.instagram.com\/teia.education\/","https:\/\/www.linkedin.com\/company\/35501660","https:\/\/www.pinterest.ch\/TeiaEducation\/"]}]}},"_links":{"self":[{"href":"https:\/\/teiaeducation.ch\/de\/wp-json\/wp\/v2\/product\/72554","targetHints":{"allow":["GET"]}}],"collection":[{"href":"https:\/\/teiaeducation.ch\/de\/wp-json\/wp\/v2\/product"}],"about":[{"href":"https:\/\/teiaeducation.ch\/de\/wp-json\/wp\/v2\/types\/product"}],"replies":[{"embeddable":true,"href":"https:\/\/teiaeducation.ch\/de\/wp-json\/wp\/v2\/comments?post=72554"}],"wp:featuredmedia":[{"embeddable":true,"href":"https:\/\/teiaeducation.ch\/de\/wp-json\/wp\/v2\/media\/72545"}],"wp:attachment":[{"href":"https:\/\/teiaeducation.ch\/de\/wp-json\/wp\/v2\/media?parent=72554"}],"wp:term":[{"taxonomy":"product_brand","embeddable":true,"href":"https:\/\/teiaeducation.ch\/de\/wp-json\/wp\/v2\/product_brand?post=72554"},{"taxonomy":"product_cat","embeddable":true,"href":"https:\/\/teiaeducation.ch\/de\/wp-json\/wp\/v2\/product_cat?post=72554"},{"taxonomy":"product_tag","embeddable":true,"href":"https:\/\/teiaeducation.ch\/de\/wp-json\/wp\/v2\/product_tag?post=72554"}],"curies":[{"name":"wp","href":"https:\/\/api.w.org\/{rel}","templated":true}]}}