{"id":72555,"date":"2021-04-19T13:20:03","date_gmt":"2021-04-19T11:20:03","guid":{"rendered":"https:\/\/teiaeducation.ch\/product\/buchstaben-spielkloetze-oioiooi\/"},"modified":"2026-01-13T11:19:34","modified_gmt":"2026-01-13T10:19:34","slug":"buchstaben-spielkloetze-oioiooi","status":"publish","type":"product","link":"https:\/\/teiaeducation.ch\/de\/produkt\/buchstaben-spielkloetze-oioiooi\/","title":{"rendered":"Buchstaben-Spielkl\u00f6tze &#8211; Oioiooi"},"content":{"rendered":"<p>Die handgefertigten Buchstaben-Spiel<a href=\"https:\/\/teiaeducation.ch\/de\/produkt-kategorie\/kinder-spielzeug\/baukloetze-aus-holz\/\">kl\u00f6tze<\/a> von Oioiooi bieten ein einzigartiges System zum Lernen und Spielen mit Buchstaben und k\u00f6nnen mit dem Oioiooi-<a href=\"https:\/\/teiaeducation.ch\/de\/produkt\/buchstaben-bilderbuch-oioiooi\/\">Alphabetbuch<\/a> kombiniert werden!<\/p>\n<p>In diesem hochwertigen und kreativ gestalteten Set aus 60 Holzkl\u00f6tzen hat jeder Buchstabe ein entsprechendes Objekt, das mit diesem Buchstaben beginnt und wie Puzzleteile zusammenpasst. Kinder werden viel Spa\u00df beim spielerischen Lernen haben, wenn sie das T in den LKW laden und das Haus auf das H stapeln. Jedes Teil hat ein unverwechselbares und sehr niedliches koreanisches Design. <\/p>\n<p>Mit vielen unterhaltsamen M\u00f6glichkeiten zum Bauen, <a href=\"https:\/\/teiaeducation.ch\/de\/produkt-kategorie\/kinder-spielzeug\/stapelspielzeug\/\">Stapeln<\/a> und Spielen von Zuordnungs- und Buchstabierspielen eignet sich dieses <a href=\"https:\/\/teiaeducation.ch\/de\/produkt-kategorie\/lernthemen\/alphabetisierung-sprache\/\">Lernmaterial<\/a> auch hervorragend zum Aufbau von Wortschatz und zum <a href=\"https:\/\/teiaeducation.ch\/de\/produkt-kategorie\/lernthemen\/alphabetisierung-sprache\/geschichtenerzaehlen\/\">Erz\u00e4hlen von Geschichten<\/a>. Sie k\u00f6nnen sogar das Spielzimmer mit lustigen W\u00f6rtern dekorieren oder Themen auf Ihrem <a href=\"https:\/\/teiaeducation.ch\/de\/produkt-kategorie\/feier-festlichkeiten\/natur-saisonale-tische-de\/\">Naturtisch<\/a> buchstabieren. <\/p>\n<p>Diese warmen und griffigen Holzbuchstaben und -formen machen das Lernen des <a href=\"https:\/\/teiaeducation.ch\/de\/produkt-kategorie\/lernthemen\/alphabetisierung-sprache\/buchstaben-das-alphabet\/\">Alphabets<\/a> f\u00fcr Kinder lebendig! Sie sind aus massivem Buchen- und Walnussholz gefertigt und mit einem sch\u00f6nen nat\u00fcrlichen Bienenwachs-Finish versehen. Sie sind wundersch\u00f6n nat\u00fcrlich und frei von Chemikalien. Einige Teile haben sicher eingebaute Magnete, damit sie sich gut verbinden lassen.  <\/p>\n<p>Dieses entz\u00fcckende Lernspielzeugset enth\u00e4lt ein wundersch\u00f6nes Alphabetbild und eine tolle Aufbewahrungstasche aus Baumwolle. Es wird in einer stabilen Schublade aus nachhaltigem Earth Pact-Papier geliefert, das aus Zuckerrohr statt aus B\u00e4umen hergestellt und mit umweltfreundlicher Soja\u00f6l-Tinte bedruckt wurde. Es wird in Vietnam hergestellt.  <\/p>\n<p>Das Oioiooi Buchstaben-Spielkl\u00f6tzeset ist f\u00fcr Kinder ab 3 Jahren geeignet.<\/p>\n<p>Warnung: Kleine Teile, nur f\u00fcr Kinder ab 3 Jahren.<\/p>\n<p>Inhalt:<\/p>\n<p>60 Holzkl\u00f6tze<br \/>\n1 Buch<br \/>\n1 Aufbewahrungstasche aus Baumwolle<br \/>\n1 Schubladenkasten<\/p>\n<h2>Uber Oioiooi<\/h2>\n<p>Die koreanische Marke <a href=\"https:\/\/teiaeducation.ch\/de\/produkt-kategorie\/unsere-marken\/oioiooi-de-unsere-marken\/\">Oioiooi<\/a> ist ein Designstudio-Kollektiv von M\u00fcttern. Mit ihrem einfachen, durchdachten Design sorgen ihre <a href=\"https:\/\/teiaeducation.ch\/de\/produkt-kategorie\/kinder-spielzeug\/handgefertigtes-holzspielzeug\/\">handgefertigten Holzspielzeuge<\/a> f\u00fcr warme und fr\u00f6hliche Spielerlebnisse f\u00fcr Kinder. Die wundersch\u00f6n gestalteten und sehr nat\u00fcrlichen Spielzeuge von Oioiooi werden aus massivem Ahorn- und Walnussholz hergestellt und ausschlie\u00dflich mit nat\u00fcrlichem Bienenwachs behandelt, sodass sie frei von Chemikalien, umweltfreundlich und sicher f\u00fcr Babys und Kinder jeden Alters sind.  <\/p>\n<p>Die wundersch\u00f6nen <a href=\"https:\/\/teiaeducation.ch\/de\/produkt-kategorie\/kinderbuecher\/fruehfoerderung-buecher\/\">Fr\u00fchf\u00f6rderungsb\u00fccher<\/a>, Lernkarten und magnetischen Spielsets von Oioiooi sind formsch\u00f6n gestaltet, funktional, langlebig und sicher.<\/p>\n<p>Oioiooi setzt ausschlie\u00dflich auf gute, nachhaltige Materialien, die die umweltfreundlichste Option f\u00fcr die Produktion darstellen. Die Verpackungen bestehen aus Earth Pact-Papier, das aus Zuckerrohr statt aus B\u00e4umen hergestellt wird, und sind mit umweltfreundlicher Soja\u00f6l-Tinte bedruckt. <\/p>\n","protected":false},"excerpt":{"rendered":"<p>Artikelnummer: OIoooo1<\/p>\n<p>Die handgefertigten Buchstaben-Spielkl\u00f6tze von Oioiooi bieten eine unterhaltsame M\u00f6glichkeit, Buchstaben zu lernen, indem man die Holzbuchstaben und Gegenst\u00e4nde miteinander kombiniert!<\/p>\n","protected":false},"featured_media":72547,"comment_status":"open","ping_status":"closed","template":"","meta":[],"product_brand":[32582],"product_cat":[21445,21524,23651,21479,21532,21487,23075,21705,21707,21509,21559,21443,21563,21656,22362,21494,21495,21557,21678,21699,21482,21564],"product_tag":[28213,32587,32585,32588,26515,32586,22683,32583,32584],"class_list":{"0":"post-72555","1":"product","2":"type-product","3":"status-publish","4":"has-post-thumbnail","6":"product_brand-oioiooi","7":"product_cat-3-6-jahre-vorschule","8":"product_cat-alphabetisierung-sprache","9":"product_cat-back-to-school-de","10":"product_cat-lernmaterialien-spielzeug-montessori-waldorf-steiner-froebel","11":"product_cat-buchstaben-das-alphabet","12":"product_cat-geschenk-guide-3-6-jahre-vorschule","13":"product_cat-handgefertigtes-holzspielzeug","14":"product_cat-holzfiguren","15":"product_cat-holzpuzzles","16":"product_cat-lernthemen","17":"product_cat-motorische-fertigkeiten","18":"product_cat-nach-alter","19":"product_cat-neuheiten","20":"product_cat-oioiooi-de-unsere-marken","21":"product_cat-saisonale-kollektionen","22":"product_cat-schulbedarf-fuer-zuhause","23":"product_cat-schulbedarf-fuer-zuhause-3-6-jahre","24":"product_cat-sensorische-motorische-fertigkeiten","25":"product_cat-kinder-spielzeug","26":"product_cat-stapelspielzeug","27":"product_cat-traditionelle-bildung","28":"product_cat-unsere-marken","29":"product_tag-alphabet-aus-holz","30":"product_tag-buchstaben-zuordnungsspiel","31":"product_tag-koreanisches-designspielzeug","32":"product_tag-lernmaterialien-aus-holz","33":"product_tag-lernspielzeug","34":"product_tag-lustiges-alphabet-spielset","35":"product_tag-nachhaltiges-spielzeug","36":"product_tag-oioiooi","37":"product_tag-oioiooi-alphabet-spielklotze","39":"first","40":"instock","41":"taxable","42":"shipping-taxable","43":"purchasable","44":"product-type-simple"},"yoast_head":"<!-- This site is optimized with the Yoast SEO plugin v27.1.1 - https:\/\/yoast.com\/product\/yoast-seo-wordpress\/ -->\n<title>Buchstaben-Spielkl\u00f6tze - Oioiooi<\/title>\n<meta name=\"description\" content=\"Die handgefertigten Holzspiel- und Lernkl\u00f6tze mit Buchstaben von Oioiooi bieten eine unterhaltsame M\u00f6glichkeit, Buchstaben zu lernen, indem man sie den entsprechenden Gegenst\u00e4nden zuordnet.\" \/>\n<meta name=\"robots\" content=\"index, follow, max-snippet:-1, max-image-preview:large, max-video-preview:-1\" \/>\n<link rel=\"canonical\" href=\"https:\/\/teiaeducation.ch\/de\/produkt\/buchstaben-spielkloetze-oioiooi\/\" \/>\n<meta property=\"og:locale\" content=\"de_DE\" \/>\n<meta property=\"og:type\" content=\"article\" \/>\n<meta property=\"og:title\" content=\"Buchstaben-Spielkl\u00f6tze - Oioiooi\" \/>\n<meta property=\"og:description\" content=\"Die handgefertigten Holzspiel- und Lernkl\u00f6tze mit Buchstaben von Oioiooi bieten eine unterhaltsame M\u00f6glichkeit, Buchstaben zu lernen, indem man sie den entsprechenden Gegenst\u00e4nden zuordnet.\" \/>\n<meta property=\"og:url\" content=\"https:\/\/teiaeducation.ch\/de\/produkt\/buchstaben-spielkloetze-oioiooi\/\" \/>\n<meta property=\"og:site_name\" content=\"Sustainable Educational Products &amp; Ecological Toys\u00a0\" \/>\n<meta property=\"article:publisher\" content=\"https:\/\/www.facebook.com\/teiaeducation\/\" \/>\n<meta property=\"article:modified_time\" content=\"2026-01-13T10:19:34+00:00\" \/>\n<meta property=\"og:image\" content=\"https:\/\/teiaeducation.ch\/wp-content\/uploads\/2021\/04\/Alphabet-play-blocks-Oioiooi3.jpg\" \/>\n\t<meta property=\"og:image:width\" content=\"1200\" \/>\n\t<meta property=\"og:image:height\" content=\"854\" \/>\n\t<meta property=\"og:image:type\" content=\"image\/jpeg\" \/>\n<script type=\"application\/ld+json\" class=\"yoast-schema-graph\">{\"@context\":\"https:\/\/schema.org\",\"@graph\":[{\"@type\":\"WebPage\",\"@id\":\"https:\/\/teiaeducation.ch\/de\/produkt\/buchstaben-spielkloetze-oioiooi\/\",\"url\":\"https:\/\/teiaeducation.ch\/de\/produkt\/buchstaben-spielkloetze-oioiooi\/\",\"name\":\"Buchstaben-Spielkl\u00f6tze - Oioiooi\",\"isPartOf\":{\"@id\":\"https:\/\/teiaeducation.ch\/de\/#website\"},\"primaryImageOfPage\":{\"@id\":\"https:\/\/teiaeducation.ch\/de\/produkt\/buchstaben-spielkloetze-oioiooi\/#primaryimage\"},\"image\":{\"@id\":\"https:\/\/teiaeducation.ch\/de\/produkt\/buchstaben-spielkloetze-oioiooi\/#primaryimage\"},\"thumbnailUrl\":\"https:\/\/teiaeducation.ch\/wp-content\/uploads\/2021\/04\/Alphabet-play-blocks-Oioiooi3.jpg\",\"datePublished\":\"2021-04-19T11:20:03+00:00\",\"dateModified\":\"2026-01-13T10:19:34+00:00\",\"description\":\"Die handgefertigten Holzspiel- und Lernkl\u00f6tze mit Buchstaben von Oioiooi bieten eine unterhaltsame M\u00f6glichkeit, Buchstaben zu lernen, indem man sie den entsprechenden Gegenst\u00e4nden zuordnet.\",\"breadcrumb\":{\"@id\":\"https:\/\/teiaeducation.ch\/de\/produkt\/buchstaben-spielkloetze-oioiooi\/#breadcrumb\"},\"inLanguage\":\"de-CH\",\"potentialAction\":[{\"@type\":\"ReadAction\",\"target\":[\"https:\/\/teiaeducation.ch\/de\/produkt\/buchstaben-spielkloetze-oioiooi\/\"]}]},{\"@type\":\"ImageObject\",\"inLanguage\":\"de-CH\",\"@id\":\"https:\/\/teiaeducation.ch\/de\/produkt\/buchstaben-spielkloetze-oioiooi\/#primaryimage\",\"url\":\"https:\/\/teiaeducation.ch\/wp-content\/uploads\/2021\/04\/Alphabet-play-blocks-Oioiooi3.jpg\",\"contentUrl\":\"https:\/\/teiaeducation.ch\/wp-content\/uploads\/2021\/04\/Alphabet-play-blocks-Oioiooi3.jpg\",\"width\":1200,\"height\":854,\"caption\":\"Handgefertigte Lernkl\u00f6tze aus Holz Buchstaben-Spielkl\u00f6tze - Oioiooi\"},{\"@type\":\"BreadcrumbList\",\"@id\":\"https:\/\/teiaeducation.ch\/de\/produkt\/buchstaben-spielkloetze-oioiooi\/#breadcrumb\",\"itemListElement\":[{\"@type\":\"ListItem\",\"position\":1,\"name\":\"Home\",\"item\":\"https:\/\/teiaeducation.ch\/de\/\"},{\"@type\":\"ListItem\",\"position\":2,\"name\":\"Laden\",\"item\":\"https:\/\/teiaeducation.ch\/de\/shop\/\"},{\"@type\":\"ListItem\",\"position\":3,\"name\":\"Buchstaben-Spielkl\u00f6tze &#8211; Oioiooi\"}]},{\"@type\":\"WebSite\",\"@id\":\"https:\/\/teiaeducation.ch\/de\/#website\",\"url\":\"https:\/\/teiaeducation.ch\/de\/\",\"name\":\"Sustainable Educational Products &amp; Ecological Toys\u00a0\",\"description\":\"Specialised Swiss shop selling sustainable educational toys and games, AMI certified Montessori materials, handmade ecological wooden Waldorf toys and arts &amp; crafts supplies, school supplies, children&#039;s furniture and Montessori reference and parenting books.\",\"publisher\":{\"@id\":\"https:\/\/teiaeducation.ch\/de\/#organization\"},\"alternateName\":\"Teia Education & Play\",\"potentialAction\":[{\"@type\":\"SearchAction\",\"target\":{\"@type\":\"EntryPoint\",\"urlTemplate\":\"https:\/\/teiaeducation.ch\/de\/?s={search_term_string}\"},\"query-input\":{\"@type\":\"PropertyValueSpecification\",\"valueRequired\":true,\"valueName\":\"search_term_string\"}}],\"inLanguage\":\"de-CH\"},{\"@type\":\"Organization\",\"@id\":\"https:\/\/teiaeducation.ch\/de\/#organization\",\"name\":\"Teia Education & Play\",\"url\":\"https:\/\/teiaeducation.ch\/de\/\",\"logo\":{\"@type\":\"ImageObject\",\"inLanguage\":\"de-CH\",\"@id\":\"https:\/\/teiaeducation.ch\/de\/#\/schema\/logo\/image\/\",\"url\":\"https:\/\/teiaeducation.ch\/wp-content\/uploads\/2020\/11\/Teia-Education-Switzerland-e1620156442216.jpg\",\"contentUrl\":\"https:\/\/teiaeducation.ch\/wp-content\/uploads\/2020\/11\/Teia-Education-Switzerland-e1620156442216.jpg\",\"width\":166,\"height\":145,\"caption\":\"Teia Education & Play\"},\"image\":{\"@id\":\"https:\/\/teiaeducation.ch\/de\/#\/schema\/logo\/image\/\"},\"sameAs\":[\"https:\/\/www.facebook.com\/teiaeducation\/\",\"https:\/\/x.com\/EducationTeia\",\"https:\/\/www.instagram.com\/teia.education\/\",\"https:\/\/www.linkedin.com\/company\/35501660\",\"https:\/\/www.pinterest.ch\/TeiaEducation\/\"]}]}<\/script>\n<!-- \/ Yoast SEO plugin. -->","yoast_head_json":{"title":"Buchstaben-Spielkl\u00f6tze - Oioiooi","description":"Die handgefertigten Holzspiel- und Lernkl\u00f6tze mit Buchstaben von Oioiooi bieten eine unterhaltsame M\u00f6glichkeit, Buchstaben zu lernen, indem man sie den entsprechenden Gegenst\u00e4nden zuordnet.","robots":{"index":"index","follow":"follow","max-snippet":"max-snippet:-1","max-image-preview":"max-image-preview:large","max-video-preview":"max-video-preview:-1"},"canonical":"https:\/\/teiaeducation.ch\/de\/produkt\/buchstaben-spielkloetze-oioiooi\/","og_locale":"de_DE","og_type":"article","og_title":"Buchstaben-Spielkl\u00f6tze - Oioiooi","og_description":"Die handgefertigten Holzspiel- und Lernkl\u00f6tze mit Buchstaben von Oioiooi bieten eine unterhaltsame M\u00f6glichkeit, Buchstaben zu lernen, indem man sie den entsprechenden Gegenst\u00e4nden zuordnet.","og_url":"https:\/\/teiaeducation.ch\/de\/produkt\/buchstaben-spielkloetze-oioiooi\/","og_site_name":"Sustainable Educational Products &amp; Ecological Toys\u00a0","article_publisher":"https:\/\/www.facebook.com\/teiaeducation\/","article_modified_time":"2026-01-13T10:19:34+00:00","og_image":[{"width":1200,"height":854,"url":"https:\/\/teiaeducation.ch\/wp-content\/uploads\/2021\/04\/Alphabet-play-blocks-Oioiooi3.jpg","type":"image\/jpeg"}],"schema":{"@context":"https:\/\/schema.org","@graph":[{"@type":"WebPage","@id":"https:\/\/teiaeducation.ch\/de\/produkt\/buchstaben-spielkloetze-oioiooi\/","url":"https:\/\/teiaeducation.ch\/de\/produkt\/buchstaben-spielkloetze-oioiooi\/","name":"Buchstaben-Spielkl\u00f6tze - Oioiooi","isPartOf":{"@id":"https:\/\/teiaeducation.ch\/de\/#website"},"primaryImageOfPage":{"@id":"https:\/\/teiaeducation.ch\/de\/produkt\/buchstaben-spielkloetze-oioiooi\/#primaryimage"},"image":{"@id":"https:\/\/teiaeducation.ch\/de\/produkt\/buchstaben-spielkloetze-oioiooi\/#primaryimage"},"thumbnailUrl":"https:\/\/teiaeducation.ch\/wp-content\/uploads\/2021\/04\/Alphabet-play-blocks-Oioiooi3.jpg","datePublished":"2021-04-19T11:20:03+00:00","dateModified":"2026-01-13T10:19:34+00:00","description":"Die handgefertigten Holzspiel- und Lernkl\u00f6tze mit Buchstaben von Oioiooi bieten eine unterhaltsame M\u00f6glichkeit, Buchstaben zu lernen, indem man sie den entsprechenden Gegenst\u00e4nden zuordnet.","breadcrumb":{"@id":"https:\/\/teiaeducation.ch\/de\/produkt\/buchstaben-spielkloetze-oioiooi\/#breadcrumb"},"inLanguage":"de-CH","potentialAction":[{"@type":"ReadAction","target":["https:\/\/teiaeducation.ch\/de\/produkt\/buchstaben-spielkloetze-oioiooi\/"]}]},{"@type":"ImageObject","inLanguage":"de-CH","@id":"https:\/\/teiaeducation.ch\/de\/produkt\/buchstaben-spielkloetze-oioiooi\/#primaryimage","url":"https:\/\/teiaeducation.ch\/wp-content\/uploads\/2021\/04\/Alphabet-play-blocks-Oioiooi3.jpg","contentUrl":"https:\/\/teiaeducation.ch\/wp-content\/uploads\/2021\/04\/Alphabet-play-blocks-Oioiooi3.jpg","width":1200,"height":854,"caption":"Handgefertigte Lernkl\u00f6tze aus Holz Buchstaben-Spielkl\u00f6tze - Oioiooi"},{"@type":"BreadcrumbList","@id":"https:\/\/teiaeducation.ch\/de\/produkt\/buchstaben-spielkloetze-oioiooi\/#breadcrumb","itemListElement":[{"@type":"ListItem","position":1,"name":"Home","item":"https:\/\/teiaeducation.ch\/de\/"},{"@type":"ListItem","position":2,"name":"Laden","item":"https:\/\/teiaeducation.ch\/de\/shop\/"},{"@type":"ListItem","position":3,"name":"Buchstaben-Spielkl\u00f6tze &#8211; Oioiooi"}]},{"@type":"WebSite","@id":"https:\/\/teiaeducation.ch\/de\/#website","url":"https:\/\/teiaeducation.ch\/de\/","name":"Sustainable Educational Products &amp; Ecological Toys\u00a0","description":"Specialised Swiss shop selling sustainable educational toys and games, AMI certified Montessori materials, handmade ecological wooden Waldorf toys and arts &amp; crafts supplies, school supplies, children&#039;s furniture and Montessori reference and parenting books.","publisher":{"@id":"https:\/\/teiaeducation.ch\/de\/#organization"},"alternateName":"Teia Education & Play","potentialAction":[{"@type":"SearchAction","target":{"@type":"EntryPoint","urlTemplate":"https:\/\/teiaeducation.ch\/de\/?s={search_term_string}"},"query-input":{"@type":"PropertyValueSpecification","valueRequired":true,"valueName":"search_term_string"}}],"inLanguage":"de-CH"},{"@type":"Organization","@id":"https:\/\/teiaeducation.ch\/de\/#organization","name":"Teia Education & Play","url":"https:\/\/teiaeducation.ch\/de\/","logo":{"@type":"ImageObject","inLanguage":"de-CH","@id":"https:\/\/teiaeducation.ch\/de\/#\/schema\/logo\/image\/","url":"https:\/\/teiaeducation.ch\/wp-content\/uploads\/2020\/11\/Teia-Education-Switzerland-e1620156442216.jpg","contentUrl":"https:\/\/teiaeducation.ch\/wp-content\/uploads\/2020\/11\/Teia-Education-Switzerland-e1620156442216.jpg","width":166,"height":145,"caption":"Teia Education & Play"},"image":{"@id":"https:\/\/teiaeducation.ch\/de\/#\/schema\/logo\/image\/"},"sameAs":["https:\/\/www.facebook.com\/teiaeducation\/","https:\/\/x.com\/EducationTeia","https:\/\/www.instagram.com\/teia.education\/","https:\/\/www.linkedin.com\/company\/35501660","https:\/\/www.pinterest.ch\/TeiaEducation\/"]}]}},"_links":{"self":[{"href":"https:\/\/teiaeducation.ch\/de\/wp-json\/wp\/v2\/product\/72555","targetHints":{"allow":["GET"]}}],"collection":[{"href":"https:\/\/teiaeducation.ch\/de\/wp-json\/wp\/v2\/product"}],"about":[{"href":"https:\/\/teiaeducation.ch\/de\/wp-json\/wp\/v2\/types\/product"}],"replies":[{"embeddable":true,"href":"https:\/\/teiaeducation.ch\/de\/wp-json\/wp\/v2\/comments?post=72555"}],"wp:featuredmedia":[{"embeddable":true,"href":"https:\/\/teiaeducation.ch\/de\/wp-json\/wp\/v2\/media\/72547"}],"wp:attachment":[{"href":"https:\/\/teiaeducation.ch\/de\/wp-json\/wp\/v2\/media?parent=72555"}],"wp:term":[{"taxonomy":"product_brand","embeddable":true,"href":"https:\/\/teiaeducation.ch\/de\/wp-json\/wp\/v2\/product_brand?post=72555"},{"taxonomy":"product_cat","embeddable":true,"href":"https:\/\/teiaeducation.ch\/de\/wp-json\/wp\/v2\/product_cat?post=72555"},{"taxonomy":"product_tag","embeddable":true,"href":"https:\/\/teiaeducation.ch\/de\/wp-json\/wp\/v2\/product_tag?post=72555"}],"curies":[{"name":"wp","href":"https:\/\/api.w.org\/{rel}","templated":true}]}}