{"id":72599,"date":"2026-01-07T12:48:33","date_gmt":"2026-01-07T11:48:33","guid":{"rendered":"https:\/\/teiaeducation.ch\/product\/seidenumhang-krone-mit-violettem-stern-im-set-sarahs-silks\/"},"modified":"2026-01-19T15:02:00","modified_gmt":"2026-01-19T14:02:00","slug":"seidenumhang-krone-mit-violettem-stern-im-set-sarahs-silks","status":"publish","type":"product","link":"https:\/\/teiaeducation.ch\/de\/produkt\/seidenumhang-krone-mit-violettem-stern-im-set-sarahs-silks\/","title":{"rendered":"Seidenumhang &amp; Krone mit violettem Stern im Set &#8211; Sarah&#8217;s Silks"},"content":{"rendered":"<p>Dieses wundersch\u00f6ne Set von Sarah&#8217;s Silks mit einem von Waldorf inspirierten, schweren Umhang aus Naturseide und einer wendbaren Krone eignet sich perfekt f\u00fcr Geburtstagsfeiern und zum Verkleiden! Sowohl der Umhang als auch die Krone sind in leuchtendem Lila <a href=\"https:\/\/teiaeducation.ch\/de\/produkt-kategorie\/lernthemen\/sensorische-motorische-fertigkeiten\/farbe-lernen\/\">Farbe<\/a> mit gelben Sternen gehalten. Das Set enth\u00e4lt au\u00dferdem eine Mal- und Kunstkarte.  <\/p>\n<p>Das Umhang passt den meisten Kindern im Alter von 3 bis 7 Jahren. Die weiche, bequeme Geburtstagskrone hat einen Umfang von 53 cm \u2013 sie ist in Einheitsgr\u00f6\u00dfe erh\u00e4ltlich, da sich der elastische R\u00fccken an die meisten Kopfgr\u00f6\u00dfen von Kindern im Alter von 3 bis 12 Jahren anpasst. <\/p>\n<p>Sowohl das Umhang als auch die Krone bestehen zu 100 % aus fair gehandelter Seide, sind von Hand ges\u00e4umt und mit ungiftigen, umweltfreundlichen Farbstoffen gef\u00e4rbt. Das Umhang hat einen Klettverschluss am Halsausschnitt, sodass es leicht an- und ausgezogen werden kann. <\/p>\n<p><span class=\"a-list-item\">Als unverzichtbares Accessoire f\u00fcr Geburtstage, kombiniert mit der wundersch\u00f6nen Wende-<a href=\"https:\/\/teiaeducation.ch\/produkt\/reversible-silk-birthday-crown-sea-sarahs-silks\/\">Krone<\/a>, zum Verkleiden und f\u00fcr Ausfl\u00fcge in die Welt der <a href=\"https:\/\/teiaeducation.ch\/de\/produkt-kategorie\/kinder-spielzeug\/waldorfspielzeug\/\">Waldorf<\/a>-Fantasie und des fantasievollen Spiels, verwandelt das Umhang das Kind in eine Fee, Prinzessin oder alles, was seine Fantasie sich ausdenkt. Diese robuste Krone und das weiche, flie\u00dfende Seidenumhang werden noch viele Jahre lang in der Verkleidungskiste Ihres Kindes zu finden sein!<\/span> <\/p>\n<p>Inhalt:<\/p>\n<p>1 Seidenumhang aus 100 % Seide<br \/>\n1 Seidenkrone<br \/>\n1 Kunstkarte<br \/>\n1 Malvorlage<\/p>\n<h2>Pflegehinweise<\/h2>\n<p>Waschen mit der Hand, trocknen es auf der Leine und b\u00fcgeln es auf mittlerer Stufe, um den nat\u00fcrlichen Glanz der Seide wiederherzustellen \u2013 bitte beachten Sie die Schritt-f\u00fcr-Schritt-<a href=\"https:\/\/www.sarahssilks.com\/blogs\/journal\/how-to-wash-playsilks\">Anleitung<\/a> von Sarah\u2019s Silks um Ihre Seidenartikel zu waschen.<\/p>\n<h2>R\u00fcckgabepolitik<\/h2>\n<p>Alle zur\u00fcckgesandten Artikel m\u00fcssen sich in ihrem Originalzustand befinden und die Originalverpackung sowie die Etiketten m\u00fcssen angebracht und intakt sein. Gebrauchte oder gewaschene Artikel k\u00f6nnen nicht zur\u00fcckgegeben werden.<\/p>\n<h2>\u00dcber Sarah&#8217;s Silks<\/h2>\n<p><a href=\"https:\/\/teiaeducation.ch\/de\/produkt-kategorie\/unsere-marken\/sarahs-silks-de\/\">Sarah&#8217;s Silks<\/a> ist ein Familienunternehmen mit Sitz in den USA, das sich auf von <a href=\"https:\/\/teiaeducation.ch\/produktkategorie\/erziehungsmethode\/waldorf-steiner-spielzeug-bastelmaterialen\/\">Waldorf<\/a> inspiriertes, <a href=\"https:\/\/teiaeducation.ch\/de\/produkt-kategorie\/kinder-spielzeug\/naturspiel\/\">nat\u00fcrliches<\/a> und nachhaltiges Spielzeug spezialisiert hat, das die <a href=\"https:\/\/teiaeducation.ch\/de\/produkt-kategorie\/kinder-spielzeug\/phantasievoll-rollenspiel\/\">Fantasie<\/a> von Babys und Kindern anregt. Die Mission von Sarah&#8217;s Silks ist es, nachhaltiges, offenes und freies Spielzeug herzustellen, das unsere Kinder lehrt Mutter Erde zu lieben und zu pflegen. Die wundersch\u00f6nen Spielt\u00fccher, Baumwollt\u00fccher, Umh\u00e4nge, Feenkleider, Schleier, Fl\u00fcgel, Kronen, R\u00f6cke, Kleider, Schwerter, Schilde, Skytails und Luftschlangen von Sarah&#8217;s Silks eignen sich perfekt f\u00fcr freies Spielen, Verkleiden und Rollenspiele in Waldorf-Haushalten, Kindertagesst\u00e4tten und <a href=\"https:\/\/teiaeducation.ch\/waldorf-steiner-schulen-lieferungen\/\">Steiner-Schulen<\/a>.<\/p>\n<p>Alle <a href=\"https:\/\/teiaeducation.ch\/de\/produkt-kategorie\/unsere-marken\/sarahs-silks-de\/verkleidungen\/\">Seiden<\/a>kost\u00fcme, <a href=\"https:\/\/teiaeducation.ch\/de\/produkt-kategorie\/unsere-marken\/sarahs-silks-de\/spielzeuge-aus-seide\/\">Holzspielzeuge<\/a> und <a href=\"https:\/\/teiaeducation.ch\/de\/produkt-kategorie\/unsere-marken\/sarahs-silks-de\/spielzeuge-aus-holz\/\">Spielt\u00fccher<\/a> von Sarah&#8217;s <a href=\"https:\/\/teiaeducation.ch\/de\/produkt-kategorie\/unsere-marken\/sarahs-silks-de\/seidenspieltuecher-einfarbig\/\">Silks<\/a> werden aus hochwertiger, nachhaltiger chinesischer Seide hergestellt. Jedes Seidenprodukt wird von N\u00e4herinnen gewebt, gef\u00e4rbt und von Hand ges\u00e4umt, die in einem kleinen Dorf in der N\u00e4he von Suzhou, China, arbeiten. Anschlie\u00dfend werden sie im Hauptsitz von Sarah&#8217;s Silks im kalifornischen Sonoma County von Hand bemalt und fertiggestellt.<\/p>\n<p>Die Spielt\u00fccher von Sarah&#8217;s Silks eignen sich auch perfekt zum Verpacken von Geschenken, als h\u00fcbsche Dekoration f\u00fcr <a href=\"https:\/\/teiaeducation.ch\/de\/produkt-kategorie\/feier-festlichkeiten\/natur-saisonale-tische-de\/\">Natur- und Jahreszeitentische<\/a>, als Dekoration f\u00fcr <a href=\"https:\/\/teiaeducation.ch\/de\/produkt-kategorie\/feier-festlichkeiten\/geburtstage\/\">Geburtstag<\/a>sfeiern oder f\u00fcr den Einsatz in Rhythmikunterricht.<\/p>\n<p>Kinder lieben die leuchtenden, wundersch\u00f6n aufeinander abgestimmten Farben und die weiche Haptik der Spielt\u00fccher, <a href=\"https:\/\/teiaeducation.ch\/de\/produkt-kategorie\/unsere-marken\/sarahs-silks-de\/baumwolltuecher\/\">Baumwollspielt\u00fccher<\/a> und Seidenkleidung. Sie werden mit ungiftigen, umweltfreundlichen Farbstoffen und nat\u00fcrlichen Fasern aus 100% echter Seide und 100% Baumwolle hergestellt und haben strenge amerikanische und europ\u00e4ische Sicherheitstests bestanden und sind f\u00fcr Kinder jeden Alters geeignet.<\/p>\n","protected":false},"excerpt":{"rendered":"<p>Artikelnummer: SS5035<\/p>\n<p>Ein wundersch\u00f6nes, von Waldorf inspiriertes, schweres Umhang und eine Krone aus nat\u00fcrlicher Seide von Sarah&#8217;s Silks f\u00fcr Geburtstagsfeiern und zum Verkleiden in leuchtendem Lila mit Sternen!<\/p>\n","protected":false},"featured_media":72595,"comment_status":"open","ping_status":"closed","template":"","meta":[],"product_brand":[32610],"product_cat":[21445,21446,21479,21465,22347,21492,21484,21443,21563,21687,21666,21678,21685,21564,25826,21483,22919],"product_tag":[32638,32630,32636,32633,32628,32629,32637,22927,32652,32640,32639,22921,23738,32644,22920,32642,32641,32851,32643,32627,32655,32653,32654,32645,32651,32646,32634,32635,32632,22928,32648,32650,22932,32647,32631,32649],"class_list":{"0":"post-72599","1":"product","2":"type-product","3":"status-publish","4":"has-post-thumbnail","6":"product_brand-sarahs-silks","7":"product_cat-3-6-jahre-vorschule","8":"product_cat-6-12-jahre-grundschule","9":"product_cat-lernmaterialien-spielzeug-montessori-waldorf-steiner-froebel","10":"product_cat-feier-festlichkeiten","11":"product_cat-geburtstage","12":"product_cat-geschenk-guide-stoffspielzeug","13":"product_cat-geschenk-guides","14":"product_cat-nach-alter","15":"product_cat-neuheiten","16":"product_cat-phantasievoll-rollenspiel","17":"product_cat-sarahs-silks-de","18":"product_cat-kinder-spielzeug","19":"product_cat-stoffspielzeug","20":"product_cat-unsere-marken","21":"product_cat-verkleidungen","22":"product_cat-waldorf-steiner-paedagogik","23":"product_cat-waldorfspielzeug","24":"product_tag-fantasievolles-spielumhang","25":"product_tag-fantasievolles-spielzeug","26":"product_tag-geburtstagsumhang","27":"product_tag-geburtstagsumhang-seide","28":"product_tag-hochwertige-accessoires-aus-seide-zum-verkleiden","29":"product_tag-hochwertige-verkleidung","30":"product_tag-hochwertiger-umhang-zum-verkleiden","31":"product_tag-hochwertiges-verkleidungszubehor","32":"product_tag-mays-playsilk-per-post","33":"product_tag-regenbogen-geburtstagsumhang","34":"product_tag-regenbogenfarbene-seidenumhang","35":"product_tag-sarahs-silks-de","36":"product_tag-sarahs-silks-geburtstagsumhang","37":"product_tag-sarahs-silks-geburtstagsumhang-2","38":"product_tag-sarahs-silks-schweiz-de","39":"product_tag-sarahs-silks-seidenumhang","40":"product_tag-sarahs-silks-umhang","41":"product_tag-sarahs-silks-umhang-meer-2","42":"product_tag-sarahs-silks-umhang-meer","43":"product_tag-sarahs-silks-waldorf-spielzeuge","44":"product_tag-sarahs-seidenkrone-mit-violetten-sternen","45":"product_tag-sarahs-seidenstoffe-mays-playsilk-per-post","46":"product_tag-sarahs-seidenumhang-mit-violetten-sternen","47":"product_tag-seidenumhang","48":"product_tag-seidenumhang-verzaubertes-meer-von-sarahs-silks","49":"product_tag-seidenumhang-hellblau","50":"product_tag-stoffumhang-aus-seide","51":"product_tag-stoffumhang-fur-kinder","52":"product_tag-verkleiden-waldorf","53":"product_tag-waldorf-geburtstagskrone","54":"product_tag-waldorf-geburtstagsumhang","55":"product_tag-waldorf-geburtstagsumhang-seide","56":"product_tag-waldorf-krone","57":"product_tag-waldorf-umhang","58":"product_tag-waldorf-kronengeburtstag","59":"product_tag-waldorf-spielumhang","61":"first","62":"instock","63":"taxable","64":"shipping-taxable","65":"purchasable","66":"product-type-simple"},"yoast_head":"<!-- This site is optimized with the Yoast SEO Premium plugin v25.8 (Yoast SEO v27.4) - https:\/\/yoast.com\/product\/yoast-seo-premium-wordpress\/ -->\n<title>Seidenumhang &amp; Krone mit violettem Stern im Set - Sarah&#039;s Silks - Teia Education &amp; Play<\/title>\n<meta name=\"description\" content=\"Ein wundersch\u00f6nes, von Waldorf inspiriertes, schweres Umhang und eine Krone aus nat\u00fcrlicher Seide von Sarah&#039;s Silks f\u00fcr Geburtstagsfeiern und zum Verkleiden in leuchtendem Lila mit Sternen.\" \/>\n<meta name=\"robots\" content=\"index, follow, max-snippet:-1, max-image-preview:large, max-video-preview:-1\" \/>\n<link rel=\"canonical\" href=\"https:\/\/teiaeducation.ch\/de\/produkt\/seidenumhang-krone-mit-violettem-stern-im-set-sarahs-silks\/\" \/>\n<meta property=\"og:locale\" content=\"de_DE\" \/>\n<meta property=\"og:type\" content=\"article\" \/>\n<meta property=\"og:title\" content=\"Seidenumhang &amp; Krone mit violettem Stern im Set - Sarah&#039;s Silks\" \/>\n<meta property=\"og:description\" content=\"Ein wundersch\u00f6nes, von Waldorf inspiriertes, schweres Umhang und eine Krone aus nat\u00fcrlicher Seide von Sarah&#039;s Silks f\u00fcr Geburtstagsfeiern und zum Verkleiden in leuchtendem Lila mit Sternen.\" \/>\n<meta property=\"og:url\" content=\"https:\/\/teiaeducation.ch\/de\/produkt\/seidenumhang-krone-mit-violettem-stern-im-set-sarahs-silks\/\" \/>\n<meta property=\"og:site_name\" content=\"Sustainable Educational Products &amp; Ecological Toys\u00a0\" \/>\n<meta property=\"article:publisher\" content=\"https:\/\/www.facebook.com\/teiaeducation\/\" \/>\n<meta property=\"article:modified_time\" content=\"2026-01-19T14:02:00+00:00\" \/>\n<meta property=\"og:image\" content=\"https:\/\/teiaeducation.ch\/wp-content\/uploads\/2026\/01\/Waldorf-inspired-natural-silk-cape-crown-purple-with-stars-Sarahs-2.webp\" \/>\n\t<meta property=\"og:image:width\" content=\"1080\" \/>\n\t<meta property=\"og:image:height\" content=\"1080\" \/>\n\t<meta property=\"og:image:type\" content=\"image\/webp\" \/>\n<script type=\"application\/ld+json\" class=\"yoast-schema-graph\">{\"@context\":\"https:\\\/\\\/schema.org\",\"@graph\":[{\"@type\":\"WebPage\",\"@id\":\"https:\\\/\\\/teiaeducation.ch\\\/de\\\/produkt\\\/seidenumhang-krone-mit-violettem-stern-im-set-sarahs-silks\\\/\",\"url\":\"https:\\\/\\\/teiaeducation.ch\\\/de\\\/produkt\\\/seidenumhang-krone-mit-violettem-stern-im-set-sarahs-silks\\\/\",\"name\":\"Seidenumhang &amp; Krone mit violettem Stern im Set - Sarah's Silks - Teia Education & Play\",\"isPartOf\":{\"@id\":\"https:\\\/\\\/teiaeducation.ch\\\/de\\\/#website\"},\"primaryImageOfPage\":{\"@id\":\"https:\\\/\\\/teiaeducation.ch\\\/de\\\/produkt\\\/seidenumhang-krone-mit-violettem-stern-im-set-sarahs-silks\\\/#primaryimage\"},\"image\":{\"@id\":\"https:\\\/\\\/teiaeducation.ch\\\/de\\\/produkt\\\/seidenumhang-krone-mit-violettem-stern-im-set-sarahs-silks\\\/#primaryimage\"},\"thumbnailUrl\":\"https:\\\/\\\/teiaeducation.ch\\\/wp-content\\\/uploads\\\/2026\\\/01\\\/Waldorf-inspired-natural-silk-cape-crown-purple-with-stars-Sarahs-2.webp\",\"datePublished\":\"2026-01-07T11:48:33+00:00\",\"dateModified\":\"2026-01-19T14:02:00+00:00\",\"description\":\"Ein wundersch\u00f6nes, von Waldorf inspiriertes, schweres Umhang und eine Krone aus nat\u00fcrlicher Seide von Sarah's Silks f\u00fcr Geburtstagsfeiern und zum Verkleiden in leuchtendem Lila mit Sternen.\",\"breadcrumb\":{\"@id\":\"https:\\\/\\\/teiaeducation.ch\\\/de\\\/produkt\\\/seidenumhang-krone-mit-violettem-stern-im-set-sarahs-silks\\\/#breadcrumb\"},\"inLanguage\":\"de-CH\",\"potentialAction\":[{\"@type\":\"ReadAction\",\"target\":[\"https:\\\/\\\/teiaeducation.ch\\\/de\\\/produkt\\\/seidenumhang-krone-mit-violettem-stern-im-set-sarahs-silks\\\/\"]}]},{\"@type\":\"ImageObject\",\"inLanguage\":\"de-CH\",\"@id\":\"https:\\\/\\\/teiaeducation.ch\\\/de\\\/produkt\\\/seidenumhang-krone-mit-violettem-stern-im-set-sarahs-silks\\\/#primaryimage\",\"url\":\"https:\\\/\\\/teiaeducation.ch\\\/wp-content\\\/uploads\\\/2026\\\/01\\\/Waldorf-inspired-natural-silk-cape-crown-purple-with-stars-Sarahs-2.webp\",\"contentUrl\":\"https:\\\/\\\/teiaeducation.ch\\\/wp-content\\\/uploads\\\/2026\\\/01\\\/Waldorf-inspired-natural-silk-cape-crown-purple-with-stars-Sarahs-2.webp\",\"width\":1080,\"height\":1080,\"caption\":\"Waldorf-inspirierte Krone aus nat\u00fcrlicher Seide in Lila mit Sternen von Sarah's\"},{\"@type\":\"BreadcrumbList\",\"@id\":\"https:\\\/\\\/teiaeducation.ch\\\/de\\\/produkt\\\/seidenumhang-krone-mit-violettem-stern-im-set-sarahs-silks\\\/#breadcrumb\",\"itemListElement\":[{\"@type\":\"ListItem\",\"position\":1,\"name\":\"Home\",\"item\":\"https:\\\/\\\/teiaeducation.ch\\\/de\\\/\"},{\"@type\":\"ListItem\",\"position\":2,\"name\":\"Laden\",\"item\":\"https:\\\/\\\/teiaeducation.ch\\\/de\\\/shop\\\/\"},{\"@type\":\"ListItem\",\"position\":3,\"name\":\"Seidenumhang &amp; Krone mit violettem Stern im Set &#8211; Sarah&#8217;s Silks\"}]},{\"@type\":\"WebSite\",\"@id\":\"https:\\\/\\\/teiaeducation.ch\\\/de\\\/#website\",\"url\":\"https:\\\/\\\/teiaeducation.ch\\\/de\\\/\",\"name\":\"Sustainable Educational Products &amp; Ecological Toys\u00a0\",\"description\":\"Specialised Swiss shop selling sustainable educational toys and games, AMI certified Montessori materials, handmade ecological wooden Waldorf toys and arts &amp; crafts supplies, school supplies, children&#039;s furniture and Montessori reference and parenting books.\",\"publisher\":{\"@id\":\"https:\\\/\\\/teiaeducation.ch\\\/de\\\/#organization\"},\"alternateName\":\"Teia Education & Play\",\"potentialAction\":[{\"@type\":\"SearchAction\",\"target\":{\"@type\":\"EntryPoint\",\"urlTemplate\":\"https:\\\/\\\/teiaeducation.ch\\\/de\\\/?s={search_term_string}\"},\"query-input\":{\"@type\":\"PropertyValueSpecification\",\"valueRequired\":true,\"valueName\":\"search_term_string\"}}],\"inLanguage\":\"de-CH\"},{\"@type\":\"Organization\",\"@id\":\"https:\\\/\\\/teiaeducation.ch\\\/de\\\/#organization\",\"name\":\"Teia Education & Play\",\"url\":\"https:\\\/\\\/teiaeducation.ch\\\/de\\\/\",\"logo\":{\"@type\":\"ImageObject\",\"inLanguage\":\"de-CH\",\"@id\":\"https:\\\/\\\/teiaeducation.ch\\\/de\\\/#\\\/schema\\\/logo\\\/image\\\/\",\"url\":\"https:\\\/\\\/teiaeducation.ch\\\/wp-content\\\/uploads\\\/2020\\\/11\\\/Teia-Education-Switzerland-e1620156442216.jpg\",\"contentUrl\":\"https:\\\/\\\/teiaeducation.ch\\\/wp-content\\\/uploads\\\/2020\\\/11\\\/Teia-Education-Switzerland-e1620156442216.jpg\",\"width\":166,\"height\":145,\"caption\":\"Teia Education & Play\"},\"image\":{\"@id\":\"https:\\\/\\\/teiaeducation.ch\\\/de\\\/#\\\/schema\\\/logo\\\/image\\\/\"},\"sameAs\":[\"https:\\\/\\\/www.facebook.com\\\/teiaeducation\\\/\",\"https:\\\/\\\/x.com\\\/EducationTeia\",\"https:\\\/\\\/www.instagram.com\\\/teia.education\\\/\",\"https:\\\/\\\/www.linkedin.com\\\/company\\\/35501660\",\"https:\\\/\\\/www.pinterest.ch\\\/TeiaEducation\\\/\"]}]}<\/script>\n<meta property=\"product:price:amount\" content=\"43.90\" \/>\n<meta property=\"product:price:currency\" content=\"CHF\" \/>\n<meta property=\"og:availability\" content=\"instock\" \/>\n<meta property=\"product:availability\" content=\"instock\" \/>\n<meta property=\"product:condition\" content=\"new\" \/>\n<!-- \/ Yoast SEO Premium plugin. -->","yoast_head_json":{"title":"Seidenumhang &amp; Krone mit violettem Stern im Set - Sarah's Silks - Teia Education & Play","description":"Ein wundersch\u00f6nes, von Waldorf inspiriertes, schweres Umhang und eine Krone aus nat\u00fcrlicher Seide von Sarah's Silks f\u00fcr Geburtstagsfeiern und zum Verkleiden in leuchtendem Lila mit Sternen.","robots":{"index":"index","follow":"follow","max-snippet":"max-snippet:-1","max-image-preview":"max-image-preview:large","max-video-preview":"max-video-preview:-1"},"canonical":"https:\/\/teiaeducation.ch\/de\/produkt\/seidenumhang-krone-mit-violettem-stern-im-set-sarahs-silks\/","og_locale":"de_DE","og_type":"article","og_title":"Seidenumhang &amp; Krone mit violettem Stern im Set - Sarah's Silks","og_description":"Ein wundersch\u00f6nes, von Waldorf inspiriertes, schweres Umhang und eine Krone aus nat\u00fcrlicher Seide von Sarah's Silks f\u00fcr Geburtstagsfeiern und zum Verkleiden in leuchtendem Lila mit Sternen.","og_url":"https:\/\/teiaeducation.ch\/de\/produkt\/seidenumhang-krone-mit-violettem-stern-im-set-sarahs-silks\/","og_site_name":"Sustainable Educational Products &amp; Ecological Toys\u00a0","article_publisher":"https:\/\/www.facebook.com\/teiaeducation\/","article_modified_time":"2026-01-19T14:02:00+00:00","og_image":[{"width":1080,"height":1080,"url":"https:\/\/teiaeducation.ch\/wp-content\/uploads\/2026\/01\/Waldorf-inspired-natural-silk-cape-crown-purple-with-stars-Sarahs-2.webp","type":"image\/webp"}],"schema":{"@context":"https:\/\/schema.org","@graph":[{"@type":"WebPage","@id":"https:\/\/teiaeducation.ch\/de\/produkt\/seidenumhang-krone-mit-violettem-stern-im-set-sarahs-silks\/","url":"https:\/\/teiaeducation.ch\/de\/produkt\/seidenumhang-krone-mit-violettem-stern-im-set-sarahs-silks\/","name":"Seidenumhang &amp; Krone mit violettem Stern im Set - Sarah's Silks - Teia Education & Play","isPartOf":{"@id":"https:\/\/teiaeducation.ch\/de\/#website"},"primaryImageOfPage":{"@id":"https:\/\/teiaeducation.ch\/de\/produkt\/seidenumhang-krone-mit-violettem-stern-im-set-sarahs-silks\/#primaryimage"},"image":{"@id":"https:\/\/teiaeducation.ch\/de\/produkt\/seidenumhang-krone-mit-violettem-stern-im-set-sarahs-silks\/#primaryimage"},"thumbnailUrl":"https:\/\/teiaeducation.ch\/wp-content\/uploads\/2026\/01\/Waldorf-inspired-natural-silk-cape-crown-purple-with-stars-Sarahs-2.webp","datePublished":"2026-01-07T11:48:33+00:00","dateModified":"2026-01-19T14:02:00+00:00","description":"Ein wundersch\u00f6nes, von Waldorf inspiriertes, schweres Umhang und eine Krone aus nat\u00fcrlicher Seide von Sarah's Silks f\u00fcr Geburtstagsfeiern und zum Verkleiden in leuchtendem Lila mit Sternen.","breadcrumb":{"@id":"https:\/\/teiaeducation.ch\/de\/produkt\/seidenumhang-krone-mit-violettem-stern-im-set-sarahs-silks\/#breadcrumb"},"inLanguage":"de-CH","potentialAction":[{"@type":"ReadAction","target":["https:\/\/teiaeducation.ch\/de\/produkt\/seidenumhang-krone-mit-violettem-stern-im-set-sarahs-silks\/"]}]},{"@type":"ImageObject","inLanguage":"de-CH","@id":"https:\/\/teiaeducation.ch\/de\/produkt\/seidenumhang-krone-mit-violettem-stern-im-set-sarahs-silks\/#primaryimage","url":"https:\/\/teiaeducation.ch\/wp-content\/uploads\/2026\/01\/Waldorf-inspired-natural-silk-cape-crown-purple-with-stars-Sarahs-2.webp","contentUrl":"https:\/\/teiaeducation.ch\/wp-content\/uploads\/2026\/01\/Waldorf-inspired-natural-silk-cape-crown-purple-with-stars-Sarahs-2.webp","width":1080,"height":1080,"caption":"Waldorf-inspirierte Krone aus nat\u00fcrlicher Seide in Lila mit Sternen von Sarah's"},{"@type":"BreadcrumbList","@id":"https:\/\/teiaeducation.ch\/de\/produkt\/seidenumhang-krone-mit-violettem-stern-im-set-sarahs-silks\/#breadcrumb","itemListElement":[{"@type":"ListItem","position":1,"name":"Home","item":"https:\/\/teiaeducation.ch\/de\/"},{"@type":"ListItem","position":2,"name":"Laden","item":"https:\/\/teiaeducation.ch\/de\/shop\/"},{"@type":"ListItem","position":3,"name":"Seidenumhang &amp; Krone mit violettem Stern im Set &#8211; Sarah&#8217;s Silks"}]},{"@type":"WebSite","@id":"https:\/\/teiaeducation.ch\/de\/#website","url":"https:\/\/teiaeducation.ch\/de\/","name":"Sustainable Educational Products &amp; Ecological Toys\u00a0","description":"Specialised Swiss shop selling sustainable educational toys and games, AMI certified Montessori materials, handmade ecological wooden Waldorf toys and arts &amp; crafts supplies, school supplies, children&#039;s furniture and Montessori reference and parenting books.","publisher":{"@id":"https:\/\/teiaeducation.ch\/de\/#organization"},"alternateName":"Teia Education & Play","potentialAction":[{"@type":"SearchAction","target":{"@type":"EntryPoint","urlTemplate":"https:\/\/teiaeducation.ch\/de\/?s={search_term_string}"},"query-input":{"@type":"PropertyValueSpecification","valueRequired":true,"valueName":"search_term_string"}}],"inLanguage":"de-CH"},{"@type":"Organization","@id":"https:\/\/teiaeducation.ch\/de\/#organization","name":"Teia Education & Play","url":"https:\/\/teiaeducation.ch\/de\/","logo":{"@type":"ImageObject","inLanguage":"de-CH","@id":"https:\/\/teiaeducation.ch\/de\/#\/schema\/logo\/image\/","url":"https:\/\/teiaeducation.ch\/wp-content\/uploads\/2020\/11\/Teia-Education-Switzerland-e1620156442216.jpg","contentUrl":"https:\/\/teiaeducation.ch\/wp-content\/uploads\/2020\/11\/Teia-Education-Switzerland-e1620156442216.jpg","width":166,"height":145,"caption":"Teia Education & Play"},"image":{"@id":"https:\/\/teiaeducation.ch\/de\/#\/schema\/logo\/image\/"},"sameAs":["https:\/\/www.facebook.com\/teiaeducation\/","https:\/\/x.com\/EducationTeia","https:\/\/www.instagram.com\/teia.education\/","https:\/\/www.linkedin.com\/company\/35501660","https:\/\/www.pinterest.ch\/TeiaEducation\/"]}]},"product_price_amount":"43.90","product_price_currency":"CHF","og_availability":"instock","product_availability":"instock","product_condition":"new"},"_links":{"self":[{"href":"https:\/\/teiaeducation.ch\/de\/wp-json\/wp\/v2\/product\/72599","targetHints":{"allow":["GET"]}}],"collection":[{"href":"https:\/\/teiaeducation.ch\/de\/wp-json\/wp\/v2\/product"}],"about":[{"href":"https:\/\/teiaeducation.ch\/de\/wp-json\/wp\/v2\/types\/product"}],"replies":[{"embeddable":true,"href":"https:\/\/teiaeducation.ch\/de\/wp-json\/wp\/v2\/comments?post=72599"}],"wp:featuredmedia":[{"embeddable":true,"href":"https:\/\/teiaeducation.ch\/de\/wp-json\/wp\/v2\/media\/72595"}],"wp:attachment":[{"href":"https:\/\/teiaeducation.ch\/de\/wp-json\/wp\/v2\/media?parent=72599"}],"wp:term":[{"taxonomy":"product_brand","embeddable":true,"href":"https:\/\/teiaeducation.ch\/de\/wp-json\/wp\/v2\/product_brand?post=72599"},{"taxonomy":"product_cat","embeddable":true,"href":"https:\/\/teiaeducation.ch\/de\/wp-json\/wp\/v2\/product_cat?post=72599"},{"taxonomy":"product_tag","embeddable":true,"href":"https:\/\/teiaeducation.ch\/de\/wp-json\/wp\/v2\/product_tag?post=72599"}],"curies":[{"name":"wp","href":"https:\/\/api.w.org\/{rel}","templated":true}]}}