{"id":72771,"date":"2024-08-29T15:07:55","date_gmt":"2024-08-29T13:07:55","guid":{"rendered":"https:\/\/teiaeducation.ch\/product\/spielseide-rosa-einhorn-limitierte-auflage-90-x-90cm-sarahs-silks\/"},"modified":"2024-08-29T15:07:55","modified_gmt":"2024-08-29T13:07:55","slug":"spielseide-rosa-einhorn-limitierte-auflage-90-x-90cm-sarahs-silks","status":"publish","type":"product","link":"https:\/\/teiaeducation.ch\/de\/produkt\/spielseide-rosa-einhorn-limitierte-auflage-90-x-90cm-sarahs-silks\/","title":{"rendered":"Spielseide rosa Einhorn limitierte Auflage 90 x 90cm &#8211; Sarah&#8217;s Silks"},"content":{"rendered":"<p>Ein wundersch\u00f6nes, von Waldorf inspiriertes Spieltuch aus Naturseide in limitierter Auflage in der lebhaften Farbvariante Rosa Einhorn von Sarah&#8217;s Silks. Das Spieltuch misst 90 x 90 Zentimeter und besteht aus 100 % fair gehandelter reiner Maulbeerseide, die von Hand ges\u00e4umt und mit ungiftigen, umweltfreundlichen Farbstoffen gef\u00e4rbt wurde. <\/p>\n<p>Das typische <a href=\"https:\/\/teiaeducation.ch\/de\/produkt-kategorie\/kinder-spielzeug\/stoffspielzeug\/\">Stoffspielzeug<\/a> f\u00fcr die Welt der <a href=\"https:\/\/teiaeducation.ch\/de\/produkt-kategorie\/kinder-spielzeug\/waldorfspielzeug\/\">Waldorf<\/a>-Fantasie und des fantasievollen Spiels. Ein Spieltuch kann zum Verkleiden verwendet werden, um einen Umhang, einen Rock oder Fl\u00fcgel zu basteln, zu einem Puppentragetuch gefaltet werden, an einen provisorischen Stab gebunden werden, um als Flagge zu wehen, \u00fcber St\u00fchle drapiert werden, um ein Zelt oder eine Festung zu bauen, ein Puppenhaus als Teppich oder Decke schm\u00fccken oder zum Versteckspielen verwendet werden. Auf den Boden gelegt, kann ein Spielseidentuch in Gr\u00fcn f\u00fcr Gras, Rot f\u00fcr Lava, Gelb f\u00fcr Sand oder Blau als See oder Meer zum Bootfahren verwendet werden. Ein Spielzimmer verwandelt sich mit den schwebenden Spielseident\u00fccher in ein magisches M\u00e4rchenland zum Tanzen und Ausdr\u00fccken!<\/p>\n<p>Die Mini Spielseident\u00fccher von Sarah\u2019s Silks gibt es in verschiedenen, perfekt gef\u00e4rbten Varianten in leuchtenden Schmuck- und Pastellt\u00f6nen. Sie sind vielseitig einsetzbar und eignen sich nicht nur f\u00fcr das kreative Spiel, sondern auch f\u00fcr Waldorf Naturtisch, f\u00fcr die farbliche Gestaltung einer <a href=\"https:\/\/teiaeducation.ch\/de\/produkt-kategorie\/feier-festlichkeiten\/natur-saisonale-tische-de\/\">Jahreszeitentisch<\/a>, als Dekoration f\u00fcr Regenbogengeburtstage oder zum Einpacken von Geschenken.<\/p>\n<p>Sarah&#8217;s Silks Spielseident\u00fccher sind inspirierende, magische Spielzeuge, mit denen Kinder immer wieder gerne spielen! Die Einfachheit und <a href=\"https:\/\/teiaeducation.ch\/de\/produkt-kategorie\/kinder-spielzeug\/spiele-mit-offenem-ende\/\">freie<\/a> Gestaltung der Spielseident\u00fccher zapfen direkt das <a href=\"https:\/\/teiaeducation.ch\/de\/produkt-kategorie\/malen-basteln\/\">kreative<\/a> Potenzial des Kindes an und erm\u00f6glichen es ihm, seine Fantasie auszudr\u00fccken und seine Unabh\u00e4ngigkeit zu f\u00f6rdern.<\/p>\n<p>Inhalt:<\/p>\n<p>1 Spielseide rosa Einhorn limitierte Auflage vom 100% Seide (90 x 90cm)<\/p>\n<h2>Pflegehinweise<\/h2>\n<p>Waschen mit der Hand, trocknen es auf der Leine und b\u00fcgeln es auf mittlerer Stufe, um den nat\u00fcrlichen Glanz der Seide wiederherzustellen \u2013 bitte beachten Sie die Schritt-f\u00fcr-Schritt-<a href=\"https:\/\/www.sarahssilks.com\/blogs\/journal\/how-to-wash-playsilks\">Anleitung<\/a> von Sarah\u2019s Silks um Ihre Seidenartikel zu waschen.<\/p>\n<h2>R\u00fcckgabepolitik<\/h2>\n<p>Alle zur\u00fcckgesandten Artikel m\u00fcssen sich in ihrem Originalzustand befinden und die Originalverpackung sowie die Etiketten m\u00fcssen angebracht und intakt sein. Gebrauchte oder gewaschene Artikel k\u00f6nnen nicht zur\u00fcckgegeben werden.<\/p>\n<h2>\u00dcber Sarah&#8217;s Silks<\/h2>\n<p><a href=\"https:\/\/teiaeducation.ch\/de\/produkt-kategorie\/unsere-marken\/sarahs-silks-de\/\">Sarah&#8217;s Silks<\/a> ist ein Familienunternehmen mit Sitz in den USA, das sich auf von <a href=\"https:\/\/teiaeducation.ch\/produktkategorie\/erziehungsmethode\/waldorf-steiner-spielzeug-bastelmaterialen\/\">Waldorf<\/a> inspiriertes, <a href=\"https:\/\/teiaeducation.ch\/de\/produkt-kategorie\/kinder-spielzeug\/naturspiel\/\">nat\u00fcrliches<\/a> und nachhaltiges Spielzeug spezialisiert hat, das die <a href=\"https:\/\/teiaeducation.ch\/de\/produkt-kategorie\/kinder-spielzeug\/phantasievoll-rollenspiel\/\">Fantasie<\/a> von Babys und Kindern anregt. Die Mission von Sarah&#8217;s Silks ist es, nachhaltiges, offenes und freies Spielzeug herzustellen, das unsere Kinder lehrt Mutter Erde zu lieben und zu pflegen. Die wundersch\u00f6nen Spielt\u00fccher, Baumwollt\u00fccher, Umh\u00e4nge, Feenkleider, Schleier, Fl\u00fcgel, Kronen, R\u00f6cke, Kleider, Schwerter, Schilde, Skytails und Luftschlangen von Sarah&#8217;s Silks eignen sich perfekt f\u00fcr freies Spielen, Verkleiden und Rollenspiele in Waldorf-Haushalten, Kindertagesst\u00e4tten und <a href=\"https:\/\/teiaeducation.ch\/waldorf-steiner-schulen-lieferungen\/\">Steiner-Schulen<\/a>.<\/p>\n<p>Alle <a href=\"https:\/\/teiaeducation.ch\/de\/produkt-kategorie\/unsere-marken\/sarahs-silks-de\/verkleidungen\/\">Seiden<\/a>kost\u00fcme, <a href=\"https:\/\/teiaeducation.ch\/de\/produkt-kategorie\/unsere-marken\/sarahs-silks-de\/spielzeuge-aus-seide\/\">Holzspielzeuge<\/a> und <a href=\"https:\/\/teiaeducation.ch\/de\/produkt-kategorie\/unsere-marken\/sarahs-silks-de\/spielzeuge-aus-holz\/\">Spielt\u00fccher<\/a> von Sarah&#8217;s <a href=\"https:\/\/teiaeducation.ch\/de\/produkt-kategorie\/unsere-marken\/sarahs-silks-de\/seidenspieltuecher-einfarbig\/\">Silks<\/a> werden aus hochwertiger, nachhaltiger chinesischer Seide hergestellt. Jedes Seidenprodukt wird von N\u00e4herinnen gewebt, gef\u00e4rbt und von Hand ges\u00e4umt, die in einem kleinen Dorf in der N\u00e4he von Suzhou, China, arbeiten. Anschlie\u00dfend werden sie im Hauptsitz von Sarah&#8217;s Silks im kalifornischen Sonoma County von Hand bemalt und fertiggestellt.<\/p>\n<p>Die Spielt\u00fccher von Sarah&#8217;s Silks eignen sich auch perfekt zum Verpacken von Geschenken, als h\u00fcbsche Dekoration f\u00fcr <a href=\"https:\/\/teiaeducation.ch\/de\/produkt-kategorie\/feier-festlichkeiten\/natur-saisonale-tische-de\/\">Natur- und Jahreszeitentische<\/a>, als Dekoration f\u00fcr <a href=\"https:\/\/teiaeducation.ch\/de\/produkt-kategorie\/feier-festlichkeiten\/geburtstage\/\">Geburtstag<\/a>sfeiern oder f\u00fcr den Einsatz in Rhythmikunterricht.<\/p>\n<p>Kinder lieben die leuchtenden, wundersch\u00f6n aufeinander abgestimmten Farben und die weiche Haptik der Spielt\u00fccher, <a href=\"https:\/\/teiaeducation.ch\/de\/produkt-kategorie\/unsere-marken\/sarahs-silks-de\/baumwolltuecher\/\">Baumwollspielt\u00fccher<\/a> und Seidenkleidung. Sie werden mit ungiftigen, umweltfreundlichen Farbstoffen und nat\u00fcrlichen Fasern aus 100% echter Seide und 100% Baumwolle hergestellt und haben strenge amerikanische und europ\u00e4ische Sicherheitstests bestanden und sind f\u00fcr Kinder jeden Alters geeignet.<\/p>\n","protected":false},"excerpt":{"rendered":"<p>Artikelnummer: SS502243<\/p>\n<p>Ein wundersch\u00f6nes, von Waldorf inspiriertes Spieltuch in limitierter Auflage in der lebhaften Variante Rosa Einhorn von Sarah&#8217;s Silks \u2013 hergestellt aus 100 % fair gehandelter Maulbeerseide.<\/p>\n","protected":false},"featured_media":62414,"comment_status":"open","ping_status":"closed","template":"","meta":[],"product_brand":[32610],"product_cat":[21444,21445,21446,21479,21690,21484,22422,21443,21563,21687,21666,29595,21695,21678,21685,21564,21483,22919],"product_tag":[32780,32785,32786,32765],"class_list":{"0":"post-72771","1":"product","2":"type-product","3":"status-publish","4":"has-post-thumbnail","6":"product_brand-sarahs-silks","7":"product_cat-1-3-jahre-kleinkind","8":"product_cat-3-6-jahre-vorschule","9":"product_cat-6-12-jahre-grundschule","10":"product_cat-lernmaterialien-spielzeug-montessori-waldorf-steiner-froebel","11":"product_cat-spiele-mit-offenem-ende","12":"product_cat-geschenk-guides","13":"product_cat-geschenke-fuer-das-osterkoerbchen","14":"product_cat-nach-alter","15":"product_cat-neuheiten","16":"product_cat-phantasievoll-rollenspiel","17":"product_cat-sarahs-silks-de","18":"product_cat-seidenspieltuecher-bedruckt","19":"product_cat-sinnliches-spiel","20":"product_cat-kinder-spielzeug","21":"product_cat-stoffspielzeug","22":"product_cat-unsere-marken","23":"product_cat-waldorf-steiner-paedagogik","24":"product_cat-waldorfspielzeug","25":"product_tag-limitierte-auflage-spielseide-sarahs-silks","26":"product_tag-rosa-einhorn-spielseide-sarahs-silks","27":"product_tag-spielseide-rosa-einhorn-limitierte-auflage-sarahs-silks","28":"product_tag-spielseide-sarahs-silks","30":"first","31":"outofstock","32":"taxable","33":"shipping-taxable","34":"purchasable","35":"product-type-simple"},"yoast_head":"<!-- This site is optimized with the Yoast SEO plugin v27.3 - https:\/\/yoast.com\/product\/yoast-seo-wordpress\/ -->\n<title>Spielseide Rosa-Einhorn Limitierte Auflage 90 x 90cm Sarah&#039;s Silks<\/title>\n<meta name=\"description\" content=\"Ein wundersch\u00f6nes, von Waldorf inspiriertes Spieltuch in limitierter Auflage in der Variante Rosa Einhorn von Sarah&#039;s Silks \u2013 hergestellt aus 100 % fair gehandelter Maulbeerseide.\" \/>\n<meta name=\"robots\" content=\"index, follow, max-snippet:-1, max-image-preview:large, max-video-preview:-1\" \/>\n<link rel=\"canonical\" href=\"https:\/\/teiaeducation.ch\/de\/produkt\/spielseide-rosa-einhorn-limitierte-auflage-90-x-90cm-sarahs-silks\/\" \/>\n<meta property=\"og:locale\" content=\"de_DE\" \/>\n<meta property=\"og:type\" content=\"article\" \/>\n<meta property=\"og:title\" content=\"Spielseide Rosa-Einhorn Limitierte Auflage 90 x 90cm Sarah&#039;s Silks\" \/>\n<meta property=\"og:description\" content=\"Ein wundersch\u00f6nes, von Waldorf inspiriertes Spieltuch in limitierter Auflage in der Variante Rosa Einhorn von Sarah&#039;s Silks \u2013 hergestellt aus 100 % fair gehandelter Maulbeerseide.\" \/>\n<meta property=\"og:url\" content=\"https:\/\/teiaeducation.ch\/de\/produkt\/spielseide-rosa-einhorn-limitierte-auflage-90-x-90cm-sarahs-silks\/\" \/>\n<meta property=\"og:site_name\" content=\"Sustainable Educational Products &amp; Ecological Toys\u00a0\" \/>\n<meta property=\"article:publisher\" content=\"https:\/\/www.facebook.com\/teiaeducation\/\" \/>\n<meta property=\"og:image\" content=\"https:\/\/teiaeducation.ch\/wp-content\/uploads\/2024\/08\/Playsilk-pink-unicorn-limited-edition-90-x-90cm-Sarahs-Silks-1.webp\" \/>\n\t<meta property=\"og:image:width\" content=\"1080\" \/>\n\t<meta property=\"og:image:height\" content=\"1080\" \/>\n\t<meta property=\"og:image:type\" content=\"image\/webp\" \/>\n<script type=\"application\/ld+json\" class=\"yoast-schema-graph\">{\"@context\":\"https:\\\/\\\/schema.org\",\"@graph\":[{\"@type\":\"WebPage\",\"@id\":\"https:\\\/\\\/teiaeducation.ch\\\/de\\\/produkt\\\/spielseide-rosa-einhorn-limitierte-auflage-90-x-90cm-sarahs-silks\\\/\",\"url\":\"https:\\\/\\\/teiaeducation.ch\\\/de\\\/produkt\\\/spielseide-rosa-einhorn-limitierte-auflage-90-x-90cm-sarahs-silks\\\/\",\"name\":\"Spielseide Rosa-Einhorn Limitierte Auflage 90 x 90cm Sarah's Silks\",\"isPartOf\":{\"@id\":\"https:\\\/\\\/teiaeducation.ch\\\/de\\\/#website\"},\"primaryImageOfPage\":{\"@id\":\"https:\\\/\\\/teiaeducation.ch\\\/de\\\/produkt\\\/spielseide-rosa-einhorn-limitierte-auflage-90-x-90cm-sarahs-silks\\\/#primaryimage\"},\"image\":{\"@id\":\"https:\\\/\\\/teiaeducation.ch\\\/de\\\/produkt\\\/spielseide-rosa-einhorn-limitierte-auflage-90-x-90cm-sarahs-silks\\\/#primaryimage\"},\"thumbnailUrl\":\"https:\\\/\\\/teiaeducation.ch\\\/wp-content\\\/uploads\\\/2024\\\/08\\\/Playsilk-pink-unicorn-limited-edition-90-x-90cm-Sarahs-Silks-1.webp\",\"datePublished\":\"2024-08-29T13:07:55+00:00\",\"description\":\"Ein wundersch\u00f6nes, von Waldorf inspiriertes Spieltuch in limitierter Auflage in der Variante Rosa Einhorn von Sarah's Silks \u2013 hergestellt aus 100 % fair gehandelter Maulbeerseide.\",\"breadcrumb\":{\"@id\":\"https:\\\/\\\/teiaeducation.ch\\\/de\\\/produkt\\\/spielseide-rosa-einhorn-limitierte-auflage-90-x-90cm-sarahs-silks\\\/#breadcrumb\"},\"inLanguage\":\"de-CH\",\"potentialAction\":[{\"@type\":\"ReadAction\",\"target\":[\"https:\\\/\\\/teiaeducation.ch\\\/de\\\/produkt\\\/spielseide-rosa-einhorn-limitierte-auflage-90-x-90cm-sarahs-silks\\\/\"]}]},{\"@type\":\"ImageObject\",\"inLanguage\":\"de-CH\",\"@id\":\"https:\\\/\\\/teiaeducation.ch\\\/de\\\/produkt\\\/spielseide-rosa-einhorn-limitierte-auflage-90-x-90cm-sarahs-silks\\\/#primaryimage\",\"url\":\"https:\\\/\\\/teiaeducation.ch\\\/wp-content\\\/uploads\\\/2024\\\/08\\\/Playsilk-pink-unicorn-limited-edition-90-x-90cm-Sarahs-Silks-1.webp\",\"contentUrl\":\"https:\\\/\\\/teiaeducation.ch\\\/wp-content\\\/uploads\\\/2024\\\/08\\\/Playsilk-pink-unicorn-limited-edition-90-x-90cm-Sarahs-Silks-1.webp\",\"width\":1080,\"height\":1080,\"caption\":\"Spielseide Rosa-Einhorn Limitierte Auflage 90 x 90cm Sarah's Silks\"},{\"@type\":\"BreadcrumbList\",\"@id\":\"https:\\\/\\\/teiaeducation.ch\\\/de\\\/produkt\\\/spielseide-rosa-einhorn-limitierte-auflage-90-x-90cm-sarahs-silks\\\/#breadcrumb\",\"itemListElement\":[{\"@type\":\"ListItem\",\"position\":1,\"name\":\"Home\",\"item\":\"https:\\\/\\\/teiaeducation.ch\\\/de\\\/\"},{\"@type\":\"ListItem\",\"position\":2,\"name\":\"Laden\",\"item\":\"https:\\\/\\\/teiaeducation.ch\\\/de\\\/shop\\\/\"},{\"@type\":\"ListItem\",\"position\":3,\"name\":\"Spielseide rosa Einhorn limitierte Auflage 90 x 90cm &#8211; Sarah&#8217;s Silks\"}]},{\"@type\":\"WebSite\",\"@id\":\"https:\\\/\\\/teiaeducation.ch\\\/de\\\/#website\",\"url\":\"https:\\\/\\\/teiaeducation.ch\\\/de\\\/\",\"name\":\"Sustainable Educational Products &amp; Ecological Toys\u00a0\",\"description\":\"Specialised Swiss shop selling sustainable educational toys and games, AMI certified Montessori materials, handmade ecological wooden Waldorf toys and arts &amp; crafts supplies, school supplies, children&#039;s furniture and Montessori reference and parenting books.\",\"publisher\":{\"@id\":\"https:\\\/\\\/teiaeducation.ch\\\/de\\\/#organization\"},\"alternateName\":\"Teia Education & Play\",\"potentialAction\":[{\"@type\":\"SearchAction\",\"target\":{\"@type\":\"EntryPoint\",\"urlTemplate\":\"https:\\\/\\\/teiaeducation.ch\\\/de\\\/?s={search_term_string}\"},\"query-input\":{\"@type\":\"PropertyValueSpecification\",\"valueRequired\":true,\"valueName\":\"search_term_string\"}}],\"inLanguage\":\"de-CH\"},{\"@type\":\"Organization\",\"@id\":\"https:\\\/\\\/teiaeducation.ch\\\/de\\\/#organization\",\"name\":\"Teia Education & Play\",\"url\":\"https:\\\/\\\/teiaeducation.ch\\\/de\\\/\",\"logo\":{\"@type\":\"ImageObject\",\"inLanguage\":\"de-CH\",\"@id\":\"https:\\\/\\\/teiaeducation.ch\\\/de\\\/#\\\/schema\\\/logo\\\/image\\\/\",\"url\":\"https:\\\/\\\/teiaeducation.ch\\\/wp-content\\\/uploads\\\/2020\\\/11\\\/Teia-Education-Switzerland-e1620156442216.jpg\",\"contentUrl\":\"https:\\\/\\\/teiaeducation.ch\\\/wp-content\\\/uploads\\\/2020\\\/11\\\/Teia-Education-Switzerland-e1620156442216.jpg\",\"width\":166,\"height\":145,\"caption\":\"Teia Education & Play\"},\"image\":{\"@id\":\"https:\\\/\\\/teiaeducation.ch\\\/de\\\/#\\\/schema\\\/logo\\\/image\\\/\"},\"sameAs\":[\"https:\\\/\\\/www.facebook.com\\\/teiaeducation\\\/\",\"https:\\\/\\\/x.com\\\/EducationTeia\",\"https:\\\/\\\/www.instagram.com\\\/teia.education\\\/\",\"https:\\\/\\\/www.linkedin.com\\\/company\\\/35501660\",\"https:\\\/\\\/www.pinterest.ch\\\/TeiaEducation\\\/\"]}]}<\/script>\n<!-- \/ Yoast SEO plugin. -->","yoast_head_json":{"title":"Spielseide Rosa-Einhorn Limitierte Auflage 90 x 90cm Sarah's Silks","description":"Ein wundersch\u00f6nes, von Waldorf inspiriertes Spieltuch in limitierter Auflage in der Variante Rosa Einhorn von Sarah's Silks \u2013 hergestellt aus 100 % fair gehandelter Maulbeerseide.","robots":{"index":"index","follow":"follow","max-snippet":"max-snippet:-1","max-image-preview":"max-image-preview:large","max-video-preview":"max-video-preview:-1"},"canonical":"https:\/\/teiaeducation.ch\/de\/produkt\/spielseide-rosa-einhorn-limitierte-auflage-90-x-90cm-sarahs-silks\/","og_locale":"de_DE","og_type":"article","og_title":"Spielseide Rosa-Einhorn Limitierte Auflage 90 x 90cm Sarah's Silks","og_description":"Ein wundersch\u00f6nes, von Waldorf inspiriertes Spieltuch in limitierter Auflage in der Variante Rosa Einhorn von Sarah's Silks \u2013 hergestellt aus 100 % fair gehandelter Maulbeerseide.","og_url":"https:\/\/teiaeducation.ch\/de\/produkt\/spielseide-rosa-einhorn-limitierte-auflage-90-x-90cm-sarahs-silks\/","og_site_name":"Sustainable Educational Products &amp; Ecological Toys\u00a0","article_publisher":"https:\/\/www.facebook.com\/teiaeducation\/","og_image":[{"width":1080,"height":1080,"url":"https:\/\/teiaeducation.ch\/wp-content\/uploads\/2024\/08\/Playsilk-pink-unicorn-limited-edition-90-x-90cm-Sarahs-Silks-1.webp","type":"image\/webp"}],"schema":{"@context":"https:\/\/schema.org","@graph":[{"@type":"WebPage","@id":"https:\/\/teiaeducation.ch\/de\/produkt\/spielseide-rosa-einhorn-limitierte-auflage-90-x-90cm-sarahs-silks\/","url":"https:\/\/teiaeducation.ch\/de\/produkt\/spielseide-rosa-einhorn-limitierte-auflage-90-x-90cm-sarahs-silks\/","name":"Spielseide Rosa-Einhorn Limitierte Auflage 90 x 90cm Sarah's Silks","isPartOf":{"@id":"https:\/\/teiaeducation.ch\/de\/#website"},"primaryImageOfPage":{"@id":"https:\/\/teiaeducation.ch\/de\/produkt\/spielseide-rosa-einhorn-limitierte-auflage-90-x-90cm-sarahs-silks\/#primaryimage"},"image":{"@id":"https:\/\/teiaeducation.ch\/de\/produkt\/spielseide-rosa-einhorn-limitierte-auflage-90-x-90cm-sarahs-silks\/#primaryimage"},"thumbnailUrl":"https:\/\/teiaeducation.ch\/wp-content\/uploads\/2024\/08\/Playsilk-pink-unicorn-limited-edition-90-x-90cm-Sarahs-Silks-1.webp","datePublished":"2024-08-29T13:07:55+00:00","description":"Ein wundersch\u00f6nes, von Waldorf inspiriertes Spieltuch in limitierter Auflage in der Variante Rosa Einhorn von Sarah's Silks \u2013 hergestellt aus 100 % fair gehandelter Maulbeerseide.","breadcrumb":{"@id":"https:\/\/teiaeducation.ch\/de\/produkt\/spielseide-rosa-einhorn-limitierte-auflage-90-x-90cm-sarahs-silks\/#breadcrumb"},"inLanguage":"de-CH","potentialAction":[{"@type":"ReadAction","target":["https:\/\/teiaeducation.ch\/de\/produkt\/spielseide-rosa-einhorn-limitierte-auflage-90-x-90cm-sarahs-silks\/"]}]},{"@type":"ImageObject","inLanguage":"de-CH","@id":"https:\/\/teiaeducation.ch\/de\/produkt\/spielseide-rosa-einhorn-limitierte-auflage-90-x-90cm-sarahs-silks\/#primaryimage","url":"https:\/\/teiaeducation.ch\/wp-content\/uploads\/2024\/08\/Playsilk-pink-unicorn-limited-edition-90-x-90cm-Sarahs-Silks-1.webp","contentUrl":"https:\/\/teiaeducation.ch\/wp-content\/uploads\/2024\/08\/Playsilk-pink-unicorn-limited-edition-90-x-90cm-Sarahs-Silks-1.webp","width":1080,"height":1080,"caption":"Spielseide Rosa-Einhorn Limitierte Auflage 90 x 90cm Sarah's Silks"},{"@type":"BreadcrumbList","@id":"https:\/\/teiaeducation.ch\/de\/produkt\/spielseide-rosa-einhorn-limitierte-auflage-90-x-90cm-sarahs-silks\/#breadcrumb","itemListElement":[{"@type":"ListItem","position":1,"name":"Home","item":"https:\/\/teiaeducation.ch\/de\/"},{"@type":"ListItem","position":2,"name":"Laden","item":"https:\/\/teiaeducation.ch\/de\/shop\/"},{"@type":"ListItem","position":3,"name":"Spielseide rosa Einhorn limitierte Auflage 90 x 90cm &#8211; Sarah&#8217;s Silks"}]},{"@type":"WebSite","@id":"https:\/\/teiaeducation.ch\/de\/#website","url":"https:\/\/teiaeducation.ch\/de\/","name":"Sustainable Educational Products &amp; Ecological Toys\u00a0","description":"Specialised Swiss shop selling sustainable educational toys and games, AMI certified Montessori materials, handmade ecological wooden Waldorf toys and arts &amp; crafts supplies, school supplies, children&#039;s furniture and Montessori reference and parenting books.","publisher":{"@id":"https:\/\/teiaeducation.ch\/de\/#organization"},"alternateName":"Teia Education & Play","potentialAction":[{"@type":"SearchAction","target":{"@type":"EntryPoint","urlTemplate":"https:\/\/teiaeducation.ch\/de\/?s={search_term_string}"},"query-input":{"@type":"PropertyValueSpecification","valueRequired":true,"valueName":"search_term_string"}}],"inLanguage":"de-CH"},{"@type":"Organization","@id":"https:\/\/teiaeducation.ch\/de\/#organization","name":"Teia Education & Play","url":"https:\/\/teiaeducation.ch\/de\/","logo":{"@type":"ImageObject","inLanguage":"de-CH","@id":"https:\/\/teiaeducation.ch\/de\/#\/schema\/logo\/image\/","url":"https:\/\/teiaeducation.ch\/wp-content\/uploads\/2020\/11\/Teia-Education-Switzerland-e1620156442216.jpg","contentUrl":"https:\/\/teiaeducation.ch\/wp-content\/uploads\/2020\/11\/Teia-Education-Switzerland-e1620156442216.jpg","width":166,"height":145,"caption":"Teia Education & Play"},"image":{"@id":"https:\/\/teiaeducation.ch\/de\/#\/schema\/logo\/image\/"},"sameAs":["https:\/\/www.facebook.com\/teiaeducation\/","https:\/\/x.com\/EducationTeia","https:\/\/www.instagram.com\/teia.education\/","https:\/\/www.linkedin.com\/company\/35501660","https:\/\/www.pinterest.ch\/TeiaEducation\/"]}]}},"_links":{"self":[{"href":"https:\/\/teiaeducation.ch\/de\/wp-json\/wp\/v2\/product\/72771","targetHints":{"allow":["GET"]}}],"collection":[{"href":"https:\/\/teiaeducation.ch\/de\/wp-json\/wp\/v2\/product"}],"about":[{"href":"https:\/\/teiaeducation.ch\/de\/wp-json\/wp\/v2\/types\/product"}],"replies":[{"embeddable":true,"href":"https:\/\/teiaeducation.ch\/de\/wp-json\/wp\/v2\/comments?post=72771"}],"wp:featuredmedia":[{"embeddable":true,"href":"https:\/\/teiaeducation.ch\/de\/wp-json\/wp\/v2\/media\/62414"}],"wp:attachment":[{"href":"https:\/\/teiaeducation.ch\/de\/wp-json\/wp\/v2\/media?parent=72771"}],"wp:term":[{"taxonomy":"product_brand","embeddable":true,"href":"https:\/\/teiaeducation.ch\/de\/wp-json\/wp\/v2\/product_brand?post=72771"},{"taxonomy":"product_cat","embeddable":true,"href":"https:\/\/teiaeducation.ch\/de\/wp-json\/wp\/v2\/product_cat?post=72771"},{"taxonomy":"product_tag","embeddable":true,"href":"https:\/\/teiaeducation.ch\/de\/wp-json\/wp\/v2\/product_tag?post=72771"}],"curies":[{"name":"wp","href":"https:\/\/api.w.org\/{rel}","templated":true}]}}