{"id":72790,"date":"2025-10-02T15:22:58","date_gmt":"2025-10-02T13:22:58","guid":{"rendered":"https:\/\/teiaeducation.ch\/product\/wendbare-seidengeburtstagskrone-blumenkraft-sarahs-silks\/"},"modified":"2025-10-02T15:22:58","modified_gmt":"2025-10-02T13:22:58","slug":"wendbare-seidengeburtstagskrone-blumenkraft-sarahs-silks","status":"publish","type":"product","link":"https:\/\/teiaeducation.ch\/de\/produkt\/wendbare-seidengeburtstagskrone-blumenkraft-sarahs-silks\/","title":{"rendered":"Wendbare Seidengeburtstagskrone Blumenkraft &#8211; Sarah&#8217;s Silks"},"content":{"rendered":"<p>Die wendbare Seidenkrone von Sarah&#8217;s Silks im <a href=\"https:\/\/teiaeducation.ch\/de\/produkt-kategorie\/kinder-spielzeug\/waldorfspielzeug\/\">Waldorf<\/a>-Stil in der lebhaften Farbvariante Blumenkraft ist ein wundersch\u00f6nes, hochwertiges und bequemes Accessoire f\u00fcr Verkleidungen, Geburtstage, <a href=\"https:\/\/teiaeducation.ch\/feiern\/\">Feiern<\/a> und fantasievolles Spielen im Alltag!<\/p>\n<p>Handbemalt auf leuchtend strukturierter Jacquard-Seide im Flower-Power-Stil, einer neuen Farbvariante von Sarah&#8217;s Silks zum Thema <a href=\"https:\/\/teiaeducation.ch\/de\/produkt-kategorie\/geschenk-guides\/geschenke-fuer-das-osterkoerbchen\/\">Ostern<\/a>, ist diese Geburtstagskrone mit ihren schimmernden, zarten <a href=\"https:\/\/teiaeducation.ch\/de\/produkt-kategorie\/lernthemen\/sensorische-motorische-fertigkeiten\/farbe-lernen\/\">Farb<\/a>t\u00f6nen in sanftem Blau und Lila einfach umwerfend.<\/p>\n<p>Diese weiche, bequeme Geburtstagskrone hat einen Umfang von 53 cm \u2013 sie ist in Einheitsgr\u00f6\u00dfe erh\u00e4ltlich, da sich der elastische Hinterkopfbereich an die meisten Kopfgr\u00f6\u00dfen von Kindern im Alter von 3 bis 12 Jahren anpassen l\u00e4sst.<\/p>\n<p>Inhalt:<\/p>\n<p>1 Wendbare Seidengeburtstagskrone Blumenkraft aus 100% Seide<\/p>\n<h2>Pflegehinweise<\/h2>\n<p>Waschen mit der Hand, trocknen es auf der Leine und b\u00fcgeln es auf mittlerer Stufe, um den nat\u00fcrlichen Glanz der Seide wiederherzustellen \u2013 bitte beachten Sie die Schritt-f\u00fcr-Schritt-<a href=\"https:\/\/www.sarahssilks.com\/blogs\/journal\/how-to-wash-playsilks\">Anleitung<\/a> von Sarah\u2019s Silks um Ihre Seidenartikel zu waschen.<\/p>\n<h2>R\u00fcckgabepolitik<\/h2>\n<p>Alle zur\u00fcckgesandten Artikel m\u00fcssen sich in ihrem Originalzustand befinden und die Originalverpackung sowie die Etiketten m\u00fcssen angebracht und intakt sein. Gebrauchte oder gewaschene Artikel k\u00f6nnen nicht zur\u00fcckgegeben werden.<\/p>\n<h2>\u00dcber Sarah&#8217;s Silks<\/h2>\n<p><a href=\"https:\/\/teiaeducation.ch\/de\/produkt-kategorie\/unsere-marken\/sarahs-silks-de\/\">Sarah&#8217;s Silks<\/a> ist ein Familienunternehmen mit Sitz in den USA, das sich auf von <a href=\"https:\/\/teiaeducation.ch\/produktkategorie\/erziehungsmethode\/waldorf-steiner-spielzeug-bastelmaterialen\/\">Waldorf<\/a> inspiriertes, <a href=\"https:\/\/teiaeducation.ch\/de\/produkt-kategorie\/kinder-spielzeug\/naturspiel\/\">nat\u00fcrliches<\/a> und nachhaltiges Spielzeug spezialisiert hat, das die <a href=\"https:\/\/teiaeducation.ch\/de\/produkt-kategorie\/kinder-spielzeug\/phantasievoll-rollenspiel\/\">Fantasie<\/a> von Babys und Kindern anregt. Die Mission von Sarah&#8217;s Silks ist es, nachhaltiges, offenes und freies Spielzeug herzustellen, das unsere Kinder lehrt Mutter Erde zu lieben und zu pflegen. Die wundersch\u00f6nen Spielt\u00fccher, Baumwollt\u00fccher, Umh\u00e4nge, Feenkleider, Schleier, Fl\u00fcgel, Kronen, R\u00f6cke, Kleider, Schwerter, Schilde, Skytails und Luftschlangen von Sarah&#8217;s Silks eignen sich perfekt f\u00fcr freies Spielen, Verkleiden und Rollenspiele in Waldorf-Haushalten, Kindertagesst\u00e4tten und <a href=\"https:\/\/teiaeducation.ch\/waldorf-steiner-schulen-lieferungen\/\">Steiner-Schulen<\/a>.<\/p>\n<p>Alle <a href=\"https:\/\/teiaeducation.ch\/de\/produkt-kategorie\/unsere-marken\/sarahs-silks-de\/verkleidungen\/\">Seiden<\/a>kost\u00fcme, <a href=\"https:\/\/teiaeducation.ch\/de\/produkt-kategorie\/unsere-marken\/sarahs-silks-de\/spielzeuge-aus-seide\/\">Holzspielzeuge<\/a> und <a href=\"https:\/\/teiaeducation.ch\/de\/produkt-kategorie\/unsere-marken\/sarahs-silks-de\/spielzeuge-aus-holz\/\">Spielt\u00fccher<\/a> von Sarah&#8217;s <a href=\"https:\/\/teiaeducation.ch\/de\/produkt-kategorie\/unsere-marken\/sarahs-silks-de\/seidenspieltuecher-einfarbig\/\">Silks<\/a> werden aus hochwertiger, nachhaltiger chinesischer Seide hergestellt. Jedes Seidenprodukt wird von N\u00e4herinnen gewebt, gef\u00e4rbt und von Hand ges\u00e4umt, die in einem kleinen Dorf in der N\u00e4he von Suzhou, China, arbeiten. Anschlie\u00dfend werden sie im Hauptsitz von Sarah&#8217;s Silks im kalifornischen Sonoma County von Hand bemalt und fertiggestellt.<\/p>\n<p>Die Spielt\u00fccher von Sarah&#8217;s Silks eignen sich auch perfekt zum Verpacken von Geschenken, als h\u00fcbsche Dekoration f\u00fcr <a href=\"https:\/\/teiaeducation.ch\/de\/produkt-kategorie\/feier-festlichkeiten\/natur-saisonale-tische-de\/\">Natur- und Jahreszeitentische<\/a>, als Dekoration f\u00fcr <a href=\"https:\/\/teiaeducation.ch\/de\/produkt-kategorie\/feier-festlichkeiten\/geburtstage\/\">Geburtstag<\/a>sfeiern oder f\u00fcr den Einsatz in Rhythmikunterricht.<\/p>\n<p>Kinder lieben die leuchtenden, wundersch\u00f6n aufeinander abgestimmten Farben und die weiche Haptik der Spielt\u00fccher, <a href=\"https:\/\/teiaeducation.ch\/de\/produkt-kategorie\/unsere-marken\/sarahs-silks-de\/baumwolltuecher\/\">Baumwollspielt\u00fccher<\/a> und Seidenkleidung. Sie werden mit ungiftigen, umweltfreundlichen Farbstoffen und nat\u00fcrlichen Fasern aus 100% echter Seide und 100% Baumwolle hergestellt und haben strenge amerikanische und europ\u00e4ische Sicherheitstests bestanden und sind f\u00fcr Kinder jeden Alters geeignet.<\/p>\n","protected":false},"excerpt":{"rendered":"<p>Artikelnummer: 35393069<\/p>\n<p>Die wendbare Seidenkrone von Sarah&#8217;s Silks im Blumenkraft-Design, inspiriert von der Waldorfp\u00e4dagogik, ist von hoher Qualit\u00e4t und eignet sich perfekt zum Verkleiden, f\u00fcr Feiern und fantasievolles Spielen!<\/p>\n","protected":false},"featured_media":71394,"comment_status":"open","ping_status":"closed","template":"","meta":[],"product_brand":[32610],"product_cat":[21444,21445,21446,22033,21479,21465,21690,22347,21492,21484,22422,21443,21563,21687,21666,21678,21685,21564,25826,21483,22919],"product_tag":[22931,32630,22930,22925,32740,32739,32628,22926,32629,22927,32743,32742,22921,22922,32745,32789,22920,32744,32627,22929,32747,32746,32748,32741,32788,22928,32749,22932,32631,32750,32751],"class_list":{"0":"post-72790","1":"product","2":"type-product","3":"status-publish","4":"has-post-thumbnail","6":"product_brand-sarahs-silks","7":"product_cat-1-3-jahre-kleinkind","8":"product_cat-3-6-jahre-vorschule","9":"product_cat-6-12-jahre-grundschule","10":"product_cat-adventskalender-geschenke-strumpffueller","11":"product_cat-lernmaterialien-spielzeug-montessori-waldorf-steiner-froebel","12":"product_cat-feier-festlichkeiten","13":"product_cat-spiele-mit-offenem-ende","14":"product_cat-geburtstage","15":"product_cat-geschenk-guide-stoffspielzeug","16":"product_cat-geschenk-guides","17":"product_cat-geschenke-fuer-das-osterkoerbchen","18":"product_cat-nach-alter","19":"product_cat-neuheiten","20":"product_cat-phantasievoll-rollenspiel","21":"product_cat-sarahs-silks-de","22":"product_cat-kinder-spielzeug","23":"product_cat-stoffspielzeug","24":"product_cat-unsere-marken","25":"product_cat-verkleidungen","26":"product_cat-waldorf-steiner-paedagogik","27":"product_cat-waldorfspielzeug","28":"product_tag-fantasievolle-spielkrone","29":"product_tag-fantasievolles-spielzeug","30":"product_tag-geburtstagskrone","31":"product_tag-geburtstagskrone-aus-seide","32":"product_tag-geburtstagskrone-aus-seide-2","33":"product_tag-geburtstagskrone-waldorf","34":"product_tag-hochwertige-accessoires-aus-seide-zum-verkleiden","35":"product_tag-hochwertige-krone-kinder","36":"product_tag-hochwertige-verkleidung","37":"product_tag-hochwertiges-verkleidungszubehor","38":"product_tag-regenbogen-geburtstagskrone-2","39":"product_tag-regenbogenfarbene-seidenkrone","40":"product_tag-sarahs-silks-de","41":"product_tag-sarahs-silks-geburtstagskrone","42":"product_tag-sarahs-silks-kronenmeer","43":"product_tag-sarahs-silks-kronenmeer-2","44":"product_tag-sarahs-silks-schweiz-de","45":"product_tag-sarahs-silks-seidekrone","46":"product_tag-sarahs-silks-waldorf-spielzeuge","47":"product_tag-sarahs-silks-wendbare-geburtstagskrone","48":"product_tag-sarahs-silks-wendbare-krone-zum-geburtstag","49":"product_tag-sarahs-seidengeburtstagskrone","50":"product_tag-seidenkrone-hellblau","51":"product_tag-stoffkrone-fur-kinder","52":"product_tag-stoffkrone-fur-kinder-2","53":"product_tag-waldorf-geburtstagskrone","54":"product_tag-waldorf-geburtstagskrone-aus-seide","55":"product_tag-waldorf-krone","56":"product_tag-waldorf-kronengeburtstag","57":"product_tag-wendbare-seiden-geburtstagskrone-sea-von-sarahs-silks","58":"product_tag-wendbare-seidengeburtstagskrone-flower-power-sarahs-silks","60":"first","61":"outofstock","62":"taxable","63":"shipping-taxable","64":"purchasable","65":"product-type-simple"},"yoast_head":"<!-- This site is optimized with the Yoast SEO plugin v27.1.1 - https:\/\/yoast.com\/product\/yoast-seo-wordpress\/ -->\n<title>Wendbare Seidengeburtstagskrone Blumenkraft Sarah&#039;s Silks<\/title>\n<meta name=\"description\" content=\"Sarah&#039;s Silks&#039; reversible silk Waldorf-inspired birthday crown in flower power is high quality and perfect for dressing up, celebrations &amp; imaginative play!\" \/>\n<meta name=\"robots\" content=\"index, follow, max-snippet:-1, max-image-preview:large, max-video-preview:-1\" \/>\n<link rel=\"canonical\" href=\"https:\/\/teiaeducation.ch\/de\/produkt\/wendbare-seidengeburtstagskrone-blumenkraft-sarahs-silks\/\" \/>\n<meta property=\"og:locale\" content=\"de_DE\" \/>\n<meta property=\"og:type\" content=\"article\" \/>\n<meta property=\"og:title\" content=\"Wendbare Seidengeburtstagskrone Blumenkraft Sarah&#039;s Silks\" \/>\n<meta property=\"og:description\" content=\"Sarah&#039;s Silks&#039; reversible silk Waldorf-inspired birthday crown in flower power is high quality and perfect for dressing up, celebrations &amp; imaginative play!\" \/>\n<meta property=\"og:url\" content=\"https:\/\/teiaeducation.ch\/de\/produkt\/wendbare-seidengeburtstagskrone-blumenkraft-sarahs-silks\/\" \/>\n<meta property=\"og:site_name\" content=\"Sustainable Educational Products &amp; Ecological Toys\u00a0\" \/>\n<meta property=\"article:publisher\" content=\"https:\/\/www.facebook.com\/teiaeducation\/\" \/>\n<meta property=\"og:image\" content=\"https:\/\/teiaeducation.ch\/wp-content\/uploads\/2025\/10\/Flower-Power-Silk-Birthday-Crown-Sarahs-Silks-2.jpg\" \/>\n\t<meta property=\"og:image:width\" content=\"1080\" \/>\n\t<meta property=\"og:image:height\" content=\"1080\" \/>\n\t<meta property=\"og:image:type\" content=\"image\/jpeg\" \/>\n<script type=\"application\/ld+json\" class=\"yoast-schema-graph\">{\"@context\":\"https:\/\/schema.org\",\"@graph\":[{\"@type\":\"WebPage\",\"@id\":\"https:\/\/teiaeducation.ch\/de\/produkt\/wendbare-seidengeburtstagskrone-blumenkraft-sarahs-silks\/\",\"url\":\"https:\/\/teiaeducation.ch\/de\/produkt\/wendbare-seidengeburtstagskrone-blumenkraft-sarahs-silks\/\",\"name\":\"Wendbare Seidengeburtstagskrone Blumenkraft Sarah's Silks\",\"isPartOf\":{\"@id\":\"https:\/\/teiaeducation.ch\/de\/#website\"},\"primaryImageOfPage\":{\"@id\":\"https:\/\/teiaeducation.ch\/de\/produkt\/wendbare-seidengeburtstagskrone-blumenkraft-sarahs-silks\/#primaryimage\"},\"image\":{\"@id\":\"https:\/\/teiaeducation.ch\/de\/produkt\/wendbare-seidengeburtstagskrone-blumenkraft-sarahs-silks\/#primaryimage\"},\"thumbnailUrl\":\"https:\/\/teiaeducation.ch\/wp-content\/uploads\/2025\/10\/Flower-Power-Silk-Birthday-Crown-Sarahs-Silks-2.jpg\",\"datePublished\":\"2025-10-02T13:22:58+00:00\",\"description\":\"Sarah's Silks' reversible silk Waldorf-inspired birthday crown in flower power is high quality and perfect for dressing up, celebrations & imaginative play!\",\"breadcrumb\":{\"@id\":\"https:\/\/teiaeducation.ch\/de\/produkt\/wendbare-seidengeburtstagskrone-blumenkraft-sarahs-silks\/#breadcrumb\"},\"inLanguage\":\"de-CH\",\"potentialAction\":[{\"@type\":\"ReadAction\",\"target\":[\"https:\/\/teiaeducation.ch\/de\/produkt\/wendbare-seidengeburtstagskrone-blumenkraft-sarahs-silks\/\"]}]},{\"@type\":\"ImageObject\",\"inLanguage\":\"de-CH\",\"@id\":\"https:\/\/teiaeducation.ch\/de\/produkt\/wendbare-seidengeburtstagskrone-blumenkraft-sarahs-silks\/#primaryimage\",\"url\":\"https:\/\/teiaeducation.ch\/wp-content\/uploads\/2025\/10\/Flower-Power-Silk-Birthday-Crown-Sarahs-Silks-2.jpg\",\"contentUrl\":\"https:\/\/teiaeducation.ch\/wp-content\/uploads\/2025\/10\/Flower-Power-Silk-Birthday-Crown-Sarahs-Silks-2.jpg\",\"width\":1080,\"height\":1080,\"caption\":\"Wendbare Seidengeburtstagskrone Blumenkraft Sarah's Silks\"},{\"@type\":\"BreadcrumbList\",\"@id\":\"https:\/\/teiaeducation.ch\/de\/produkt\/wendbare-seidengeburtstagskrone-blumenkraft-sarahs-silks\/#breadcrumb\",\"itemListElement\":[{\"@type\":\"ListItem\",\"position\":1,\"name\":\"Home\",\"item\":\"https:\/\/teiaeducation.ch\/de\/\"},{\"@type\":\"ListItem\",\"position\":2,\"name\":\"Laden\",\"item\":\"https:\/\/teiaeducation.ch\/de\/shop\/\"},{\"@type\":\"ListItem\",\"position\":3,\"name\":\"Wendbare Seidengeburtstagskrone Blumenkraft &#8211; Sarah&#8217;s Silks\"}]},{\"@type\":\"WebSite\",\"@id\":\"https:\/\/teiaeducation.ch\/de\/#website\",\"url\":\"https:\/\/teiaeducation.ch\/de\/\",\"name\":\"Sustainable Educational Products &amp; Ecological Toys\u00a0\",\"description\":\"Specialised Swiss shop selling sustainable educational toys and games, AMI certified Montessori materials, handmade ecological wooden Waldorf toys and arts &amp; crafts supplies, school supplies, children&#039;s furniture and Montessori reference and parenting books.\",\"publisher\":{\"@id\":\"https:\/\/teiaeducation.ch\/de\/#organization\"},\"alternateName\":\"Teia Education & Play\",\"potentialAction\":[{\"@type\":\"SearchAction\",\"target\":{\"@type\":\"EntryPoint\",\"urlTemplate\":\"https:\/\/teiaeducation.ch\/de\/?s={search_term_string}\"},\"query-input\":{\"@type\":\"PropertyValueSpecification\",\"valueRequired\":true,\"valueName\":\"search_term_string\"}}],\"inLanguage\":\"de-CH\"},{\"@type\":\"Organization\",\"@id\":\"https:\/\/teiaeducation.ch\/de\/#organization\",\"name\":\"Teia Education & Play\",\"url\":\"https:\/\/teiaeducation.ch\/de\/\",\"logo\":{\"@type\":\"ImageObject\",\"inLanguage\":\"de-CH\",\"@id\":\"https:\/\/teiaeducation.ch\/de\/#\/schema\/logo\/image\/\",\"url\":\"https:\/\/teiaeducation.ch\/wp-content\/uploads\/2020\/11\/Teia-Education-Switzerland-e1620156442216.jpg\",\"contentUrl\":\"https:\/\/teiaeducation.ch\/wp-content\/uploads\/2020\/11\/Teia-Education-Switzerland-e1620156442216.jpg\",\"width\":166,\"height\":145,\"caption\":\"Teia Education & Play\"},\"image\":{\"@id\":\"https:\/\/teiaeducation.ch\/de\/#\/schema\/logo\/image\/\"},\"sameAs\":[\"https:\/\/www.facebook.com\/teiaeducation\/\",\"https:\/\/x.com\/EducationTeia\",\"https:\/\/www.instagram.com\/teia.education\/\",\"https:\/\/www.linkedin.com\/company\/35501660\",\"https:\/\/www.pinterest.ch\/TeiaEducation\/\"]}]}<\/script>\n<!-- \/ Yoast SEO plugin. -->","yoast_head_json":{"title":"Wendbare Seidengeburtstagskrone Blumenkraft Sarah's Silks","description":"Sarah's Silks' reversible silk Waldorf-inspired birthday crown in flower power is high quality and perfect for dressing up, celebrations & imaginative play!","robots":{"index":"index","follow":"follow","max-snippet":"max-snippet:-1","max-image-preview":"max-image-preview:large","max-video-preview":"max-video-preview:-1"},"canonical":"https:\/\/teiaeducation.ch\/de\/produkt\/wendbare-seidengeburtstagskrone-blumenkraft-sarahs-silks\/","og_locale":"de_DE","og_type":"article","og_title":"Wendbare Seidengeburtstagskrone Blumenkraft Sarah's Silks","og_description":"Sarah's Silks' reversible silk Waldorf-inspired birthday crown in flower power is high quality and perfect for dressing up, celebrations & imaginative play!","og_url":"https:\/\/teiaeducation.ch\/de\/produkt\/wendbare-seidengeburtstagskrone-blumenkraft-sarahs-silks\/","og_site_name":"Sustainable Educational Products &amp; Ecological Toys\u00a0","article_publisher":"https:\/\/www.facebook.com\/teiaeducation\/","og_image":[{"width":1080,"height":1080,"url":"https:\/\/teiaeducation.ch\/wp-content\/uploads\/2025\/10\/Flower-Power-Silk-Birthday-Crown-Sarahs-Silks-2.jpg","type":"image\/jpeg"}],"schema":{"@context":"https:\/\/schema.org","@graph":[{"@type":"WebPage","@id":"https:\/\/teiaeducation.ch\/de\/produkt\/wendbare-seidengeburtstagskrone-blumenkraft-sarahs-silks\/","url":"https:\/\/teiaeducation.ch\/de\/produkt\/wendbare-seidengeburtstagskrone-blumenkraft-sarahs-silks\/","name":"Wendbare Seidengeburtstagskrone Blumenkraft Sarah's Silks","isPartOf":{"@id":"https:\/\/teiaeducation.ch\/de\/#website"},"primaryImageOfPage":{"@id":"https:\/\/teiaeducation.ch\/de\/produkt\/wendbare-seidengeburtstagskrone-blumenkraft-sarahs-silks\/#primaryimage"},"image":{"@id":"https:\/\/teiaeducation.ch\/de\/produkt\/wendbare-seidengeburtstagskrone-blumenkraft-sarahs-silks\/#primaryimage"},"thumbnailUrl":"https:\/\/teiaeducation.ch\/wp-content\/uploads\/2025\/10\/Flower-Power-Silk-Birthday-Crown-Sarahs-Silks-2.jpg","datePublished":"2025-10-02T13:22:58+00:00","description":"Sarah's Silks' reversible silk Waldorf-inspired birthday crown in flower power is high quality and perfect for dressing up, celebrations & imaginative play!","breadcrumb":{"@id":"https:\/\/teiaeducation.ch\/de\/produkt\/wendbare-seidengeburtstagskrone-blumenkraft-sarahs-silks\/#breadcrumb"},"inLanguage":"de-CH","potentialAction":[{"@type":"ReadAction","target":["https:\/\/teiaeducation.ch\/de\/produkt\/wendbare-seidengeburtstagskrone-blumenkraft-sarahs-silks\/"]}]},{"@type":"ImageObject","inLanguage":"de-CH","@id":"https:\/\/teiaeducation.ch\/de\/produkt\/wendbare-seidengeburtstagskrone-blumenkraft-sarahs-silks\/#primaryimage","url":"https:\/\/teiaeducation.ch\/wp-content\/uploads\/2025\/10\/Flower-Power-Silk-Birthday-Crown-Sarahs-Silks-2.jpg","contentUrl":"https:\/\/teiaeducation.ch\/wp-content\/uploads\/2025\/10\/Flower-Power-Silk-Birthday-Crown-Sarahs-Silks-2.jpg","width":1080,"height":1080,"caption":"Wendbare Seidengeburtstagskrone Blumenkraft Sarah's Silks"},{"@type":"BreadcrumbList","@id":"https:\/\/teiaeducation.ch\/de\/produkt\/wendbare-seidengeburtstagskrone-blumenkraft-sarahs-silks\/#breadcrumb","itemListElement":[{"@type":"ListItem","position":1,"name":"Home","item":"https:\/\/teiaeducation.ch\/de\/"},{"@type":"ListItem","position":2,"name":"Laden","item":"https:\/\/teiaeducation.ch\/de\/shop\/"},{"@type":"ListItem","position":3,"name":"Wendbare Seidengeburtstagskrone Blumenkraft &#8211; Sarah&#8217;s Silks"}]},{"@type":"WebSite","@id":"https:\/\/teiaeducation.ch\/de\/#website","url":"https:\/\/teiaeducation.ch\/de\/","name":"Sustainable Educational Products &amp; Ecological Toys\u00a0","description":"Specialised Swiss shop selling sustainable educational toys and games, AMI certified Montessori materials, handmade ecological wooden Waldorf toys and arts &amp; crafts supplies, school supplies, children&#039;s furniture and Montessori reference and parenting books.","publisher":{"@id":"https:\/\/teiaeducation.ch\/de\/#organization"},"alternateName":"Teia Education & Play","potentialAction":[{"@type":"SearchAction","target":{"@type":"EntryPoint","urlTemplate":"https:\/\/teiaeducation.ch\/de\/?s={search_term_string}"},"query-input":{"@type":"PropertyValueSpecification","valueRequired":true,"valueName":"search_term_string"}}],"inLanguage":"de-CH"},{"@type":"Organization","@id":"https:\/\/teiaeducation.ch\/de\/#organization","name":"Teia Education & Play","url":"https:\/\/teiaeducation.ch\/de\/","logo":{"@type":"ImageObject","inLanguage":"de-CH","@id":"https:\/\/teiaeducation.ch\/de\/#\/schema\/logo\/image\/","url":"https:\/\/teiaeducation.ch\/wp-content\/uploads\/2020\/11\/Teia-Education-Switzerland-e1620156442216.jpg","contentUrl":"https:\/\/teiaeducation.ch\/wp-content\/uploads\/2020\/11\/Teia-Education-Switzerland-e1620156442216.jpg","width":166,"height":145,"caption":"Teia Education & Play"},"image":{"@id":"https:\/\/teiaeducation.ch\/de\/#\/schema\/logo\/image\/"},"sameAs":["https:\/\/www.facebook.com\/teiaeducation\/","https:\/\/x.com\/EducationTeia","https:\/\/www.instagram.com\/teia.education\/","https:\/\/www.linkedin.com\/company\/35501660","https:\/\/www.pinterest.ch\/TeiaEducation\/"]}]}},"_links":{"self":[{"href":"https:\/\/teiaeducation.ch\/de\/wp-json\/wp\/v2\/product\/72790","targetHints":{"allow":["GET"]}}],"collection":[{"href":"https:\/\/teiaeducation.ch\/de\/wp-json\/wp\/v2\/product"}],"about":[{"href":"https:\/\/teiaeducation.ch\/de\/wp-json\/wp\/v2\/types\/product"}],"replies":[{"embeddable":true,"href":"https:\/\/teiaeducation.ch\/de\/wp-json\/wp\/v2\/comments?post=72790"}],"wp:featuredmedia":[{"embeddable":true,"href":"https:\/\/teiaeducation.ch\/de\/wp-json\/wp\/v2\/media\/71394"}],"wp:attachment":[{"href":"https:\/\/teiaeducation.ch\/de\/wp-json\/wp\/v2\/media?parent=72790"}],"wp:term":[{"taxonomy":"product_brand","embeddable":true,"href":"https:\/\/teiaeducation.ch\/de\/wp-json\/wp\/v2\/product_brand?post=72790"},{"taxonomy":"product_cat","embeddable":true,"href":"https:\/\/teiaeducation.ch\/de\/wp-json\/wp\/v2\/product_cat?post=72790"},{"taxonomy":"product_tag","embeddable":true,"href":"https:\/\/teiaeducation.ch\/de\/wp-json\/wp\/v2\/product_tag?post=72790"}],"curies":[{"name":"wp","href":"https:\/\/api.w.org\/{rel}","templated":true}]}}